{"id":287130,"date":"2023-07-11T15:43:57","date_gmt":"2023-07-11T13:43:57","guid":{"rendered":"https:\/\/miomiorun.com\/prodotto\/high-point-long-sleeve-donna\/"},"modified":"2026-05-06T18:43:16","modified_gmt":"2026-05-06T16:43:16","slug":"high-point-long-sleeve-mujer","status":"publish","type":"product","link":"https:\/\/www.miomiorun.com\/es\/producto\/high-point-long-sleeve-mujer\/","title":{"rendered":"High Point Long Sleeve mujer"},"content":{"rendered":"<h3>Descubre la ropa t\u00e9cnica dise\u00f1ada para el trail.<\/h3>\n<p>Esta camiseta para mujer, de calidad superior, se caracteriza por un tejido transpirable dise\u00f1ado para la termorregulaci\u00f3n, lo que permite mantenerse fresco cuando hace calor y abrigado cuando hace fr\u00edo, mientras que su corte ajustado facilita la combinaci\u00f3n con otras capas.<\/p>\n<p><strong>CARACTER\u00cdSTICAS:<\/strong><\/p>\n<ul>\n<li>Comodidad fresca\/c\u00e1lida<\/li>\n<li>Elimina el sudor<\/li>\n<li>Ajuste para trail<\/li>\n<li>Compatible con mochila y chaleco<\/li>\n<\/ul>\n<h3>\u00bfFr\u00edo? \u00bfCalor? Est\u00e1s preparado.<\/h3>\n<h2>Regulaci\u00f3n de la temperatura<\/h2>\n<p>El tejido de mezcla de lana merina se autorregula durante la carrera, manteniendo la temperatura fresca cuando hace calor y c\u00e1lida cuando hace fr\u00edo.<\/p>\n<p>&nbsp;<\/p>\n<h3>\u00bfUn recorrido dif\u00edcil? No hay problema.<\/h3>\n<h2>Transpiraci\u00f3n del sudor y secado r\u00e1pido.<\/h2>\n<p>El tejido DriLayer\u00ae elimina el sudor y se seca r\u00e1pidamente para garantizar la m\u00e1xima comodidad durante la carrera.<\/p>\n<h3>Realza cada uno de tus movimientos<\/h3>\n<h2>Silueta ajustada<\/h2>\n<p>Este maillot se ajusta al cuerpo, ideal para llevar en capas, mientras que el cuello m\u00e1s alto ayuda a protegerte de las rozaduras de la mochila o la chaqueta.<\/p>\n<p>&nbsp;<\/p>\n","protected":false},"excerpt":{"rendered":"<p>Descubre la ropa t\u00e9cnica dise\u00f1ada para el trail. Esta camiseta para mujer, de calidad superior, se caracteriza por un tejido transpirable dise\u00f1ado para la termorregulaci\u00f3n, lo que permite mantenerse fresco cuando hace calor y abrigado cuando hace fr\u00edo, mientras que su corte ajustado facilita la combinaci\u00f3n con otras capas. CARACTER\u00cdSTICAS: Comodidad fresca\/c\u00e1lida Elimina el sudor &hellip; <a href=\"https:\/\/www.miomiorun.com\/es\/producto\/high-point-long-sleeve-mujer\/\">Continued<\/a><\/p>\n","protected":false},"featured_media":242067,"template":"","meta":{"_acf_changed":false,"inline_featured_image":false},"product_brand":[],"product_cat":[24396,24401,24402],"product_tag":[23463,23664],"class_list":{"0":"post-287130","1":"product","2":"type-product","3":"status-publish","4":"has-post-thumbnail","6":"product_cat-camisetas","7":"product_cat-ropa-de-mujer","8":"product_cat-mujer","9":"product_tag-brooks-es","10":"product_tag-brooks-mujer","11":"pa_attivita-caminar","12":"pa_attivita-outdoor-es","13":"pa_attivita-running-es","14":"pa_attivita-trail-es","15":"pa_colore-high-point-long-sleeve-w-black-es-2","16":"pa_colore-high-point-long-sleeve-w-lemon-chrome-es","17":"pa_marca-brooks-es","18":"pa_sesso-mujer","19":"pa_size-extra-small-es","20":"pa_size-small-es","21":"pa_size-medium-es","23":"first","24":"instock","25":"sale","26":"taxable","27":"shipping-taxable","28":"purchasable","29":"product-type-variable","30":"wvs-archive-product-wrapper"},"acf":[],"yoast_head":"<!-- This site is optimized with the Yoast SEO plugin v26.8 - https:\/\/yoast.com\/product\/yoast-seo-wordpress\/ -->\n<title>BrooksHigh Point Long Sleeve mujer - jersey - MioMioRun<\/title>\n<meta name=\"description\" content=\"Esta camiseta para mujer, de primera calidad, se caracteriza por un tejido transpirable dise\u00f1ado para regular la temperatura corporal\" \/>\n<meta name=\"robots\" content=\"index, follow, max-snippet:-1, max-image-preview:large, max-video-preview:-1\" \/>\n<link rel=\"canonical\" href=\"https:\/\/www.miomiorun.com\/es\/producto\/high-point-long-sleeve-mujer\/\" \/>\n<meta property=\"og:locale\" content=\"es_ES\" \/>\n<meta property=\"og:type\" content=\"article\" \/>\n<meta property=\"og:title\" content=\"BrooksHigh Point Long Sleeve mujer - jersey - MioMioRun\" \/>\n<meta property=\"og:description\" content=\"Esta camiseta para mujer, de primera calidad, se caracteriza por un tejido transpirable dise\u00f1ado para regular la temperatura corporal\" \/>\n<meta property=\"og:url\" content=\"https:\/\/www.miomiorun.com\/es\/producto\/high-point-long-sleeve-mujer\/\" \/>\n<meta property=\"og:site_name\" content=\"MioMioRun\" \/>\n<meta property=\"article:publisher\" content=\"https:\/\/www.facebook.com\/miomiorun\/\" \/>\n<meta property=\"article:modified_time\" content=\"2026-05-06T16:43:16+00:00\" \/>\n<meta property=\"og:image\" content=\"https:\/\/www.miomiorun.com\/app\/uploads\/2023\/07\/brooks-high-point-long-sleeve-W-bright-purple-221637558.jpg\" \/>\n\t<meta property=\"og:image:width\" content=\"600\" \/>\n\t<meta property=\"og:image:height\" content=\"600\" \/>\n\t<meta property=\"og:image:type\" content=\"image\/jpeg\" \/>\n<meta name=\"twitter:card\" content=\"summary_large_image\" \/>\n<meta name=\"twitter:label1\" content=\"Est. reading time\" \/>\n\t<meta name=\"twitter:data1\" content=\"1 minute\" \/>\n<script type=\"application\/ld+json\" class=\"yoast-schema-graph\">{\"@context\":\"https:\/\/schema.org\",\"@graph\":[{\"@type\":\"WebPage\",\"@id\":\"https:\/\/www.miomiorun.com\/es\/producto\/high-point-long-sleeve-mujer\/\",\"url\":\"https:\/\/www.miomiorun.com\/es\/producto\/high-point-long-sleeve-mujer\/\",\"name\":\"BrooksHigh Point Long Sleeve mujer - jersey - MioMioRun\",\"isPartOf\":{\"@id\":\"https:\/\/www.miomiorun.com\/es\/#website\"},\"primaryImageOfPage\":{\"@id\":\"https:\/\/www.miomiorun.com\/es\/producto\/high-point-long-sleeve-mujer\/#primaryimage\"},\"image\":{\"@id\":\"https:\/\/www.miomiorun.com\/es\/producto\/high-point-long-sleeve-mujer\/#primaryimage\"},\"thumbnailUrl\":\"https:\/\/www.miomiorun.com\/app\/uploads\/2023\/07\/brooks-high-point-long-sleeve-W-bright-purple-221637558.jpg\",\"datePublished\":\"2023-07-11T13:43:57+00:00\",\"dateModified\":\"2026-05-06T16:43:16+00:00\",\"description\":\"Esta camiseta para mujer, de primera calidad, se caracteriza por un tejido transpirable dise\u00f1ado para regular la temperatura corporal\",\"breadcrumb\":{\"@id\":\"https:\/\/www.miomiorun.com\/es\/producto\/high-point-long-sleeve-mujer\/#breadcrumb\"},\"inLanguage\":\"es-ES\",\"potentialAction\":[{\"@type\":\"ReadAction\",\"target\":[\"https:\/\/www.miomiorun.com\/es\/producto\/high-point-long-sleeve-mujer\/\"]}]},{\"@type\":\"ImageObject\",\"inLanguage\":\"es-ES\",\"@id\":\"https:\/\/www.miomiorun.com\/es\/producto\/high-point-long-sleeve-mujer\/#primaryimage\",\"url\":\"https:\/\/www.miomiorun.com\/app\/uploads\/2023\/07\/brooks-high-point-long-sleeve-W-bright-purple-221637558.jpg\",\"contentUrl\":\"https:\/\/www.miomiorun.com\/app\/uploads\/2023\/07\/brooks-high-point-long-sleeve-W-bright-purple-221637558.jpg\",\"width\":600,\"height\":600,\"caption\":\"brooks-high-point-long-sleeve-W-bright-purple-221637558\"},{\"@type\":\"BreadcrumbList\",\"@id\":\"https:\/\/www.miomiorun.com\/es\/producto\/high-point-long-sleeve-mujer\/#breadcrumb\",\"itemListElement\":[{\"@type\":\"ListItem\",\"position\":1,\"name\":\"Home\",\"item\":\"https:\/\/www.miomiorun.com\/es\/\"},{\"@type\":\"ListItem\",\"position\":2,\"name\":\"Shop\",\"item\":\"https:\/\/www.miomiorun.com\/shop\/\"},{\"@type\":\"ListItem\",\"position\":3,\"name\":\"High Point Long Sleeve mujer\"}]},{\"@type\":\"WebSite\",\"@id\":\"https:\/\/www.miomiorun.com\/es\/#website\",\"url\":\"https:\/\/www.miomiorun.com\/es\/\",\"name\":\"MioMioRun\",\"description\":\"Tienda 100% running y trail\",\"publisher\":{\"@id\":\"https:\/\/www.miomiorun.com\/es\/#organization\"},\"potentialAction\":[{\"@type\":\"SearchAction\",\"target\":{\"@type\":\"EntryPoint\",\"urlTemplate\":\"https:\/\/www.miomiorun.com\/es\/?s={search_term_string}\"},\"query-input\":{\"@type\":\"PropertyValueSpecification\",\"valueRequired\":true,\"valueName\":\"search_term_string\"}}],\"inLanguage\":\"es-ES\"},{\"@type\":\"Organization\",\"@id\":\"https:\/\/www.miomiorun.com\/es\/#organization\",\"name\":\"MioMio Run\",\"url\":\"https:\/\/www.miomiorun.com\/es\/\",\"logo\":{\"@type\":\"ImageObject\",\"inLanguage\":\"es-ES\",\"@id\":\"https:\/\/www.miomiorun.com\/es\/#\/schema\/logo\/image\/\",\"url\":\"https:\/\/www.miomiorun.com\/app\/uploads\/2019\/12\/logomio.png\",\"contentUrl\":\"https:\/\/www.miomiorun.com\/app\/uploads\/2019\/12\/logomio.png\",\"width\":115,\"height\":82,\"caption\":\"MioMio Run\"},\"image\":{\"@id\":\"https:\/\/www.miomiorun.com\/es\/#\/schema\/logo\/image\/\"},\"sameAs\":[\"https:\/\/www.facebook.com\/miomiorun\/\",\"https:\/\/www.instagram.com\/miomiorun\/\"]}]}<\/script>\n<!-- \/ Yoast SEO plugin. -->","yoast_head_json":{"title":"BrooksHigh Point Long Sleeve mujer - jersey - MioMioRun","description":"Esta camiseta para mujer, de primera calidad, se caracteriza por un tejido transpirable dise\u00f1ado para regular la temperatura corporal","robots":{"index":"index","follow":"follow","max-snippet":"max-snippet:-1","max-image-preview":"max-image-preview:large","max-video-preview":"max-video-preview:-1"},"canonical":"https:\/\/www.miomiorun.com\/es\/producto\/high-point-long-sleeve-mujer\/","og_locale":"es_ES","og_type":"article","og_title":"BrooksHigh Point Long Sleeve mujer - jersey - MioMioRun","og_description":"Esta camiseta para mujer, de primera calidad, se caracteriza por un tejido transpirable dise\u00f1ado para regular la temperatura corporal","og_url":"https:\/\/www.miomiorun.com\/es\/producto\/high-point-long-sleeve-mujer\/","og_site_name":"MioMioRun","article_publisher":"https:\/\/www.facebook.com\/miomiorun\/","article_modified_time":"2026-05-06T16:43:16+00:00","og_image":[{"width":600,"height":600,"url":"https:\/\/www.miomiorun.com\/app\/uploads\/2023\/07\/brooks-high-point-long-sleeve-W-bright-purple-221637558.jpg","type":"image\/jpeg"}],"twitter_card":"summary_large_image","twitter_misc":{"Est. reading time":"1 minute"},"schema":{"@context":"https:\/\/schema.org","@graph":[{"@type":"WebPage","@id":"https:\/\/www.miomiorun.com\/es\/producto\/high-point-long-sleeve-mujer\/","url":"https:\/\/www.miomiorun.com\/es\/producto\/high-point-long-sleeve-mujer\/","name":"BrooksHigh Point Long Sleeve mujer - jersey - MioMioRun","isPartOf":{"@id":"https:\/\/www.miomiorun.com\/es\/#website"},"primaryImageOfPage":{"@id":"https:\/\/www.miomiorun.com\/es\/producto\/high-point-long-sleeve-mujer\/#primaryimage"},"image":{"@id":"https:\/\/www.miomiorun.com\/es\/producto\/high-point-long-sleeve-mujer\/#primaryimage"},"thumbnailUrl":"https:\/\/www.miomiorun.com\/app\/uploads\/2023\/07\/brooks-high-point-long-sleeve-W-bright-purple-221637558.jpg","datePublished":"2023-07-11T13:43:57+00:00","dateModified":"2026-05-06T16:43:16+00:00","description":"Esta camiseta para mujer, de primera calidad, se caracteriza por un tejido transpirable dise\u00f1ado para regular la temperatura corporal","breadcrumb":{"@id":"https:\/\/www.miomiorun.com\/es\/producto\/high-point-long-sleeve-mujer\/#breadcrumb"},"inLanguage":"es-ES","potentialAction":[{"@type":"ReadAction","target":["https:\/\/www.miomiorun.com\/es\/producto\/high-point-long-sleeve-mujer\/"]}]},{"@type":"ImageObject","inLanguage":"es-ES","@id":"https:\/\/www.miomiorun.com\/es\/producto\/high-point-long-sleeve-mujer\/#primaryimage","url":"https:\/\/www.miomiorun.com\/app\/uploads\/2023\/07\/brooks-high-point-long-sleeve-W-bright-purple-221637558.jpg","contentUrl":"https:\/\/www.miomiorun.com\/app\/uploads\/2023\/07\/brooks-high-point-long-sleeve-W-bright-purple-221637558.jpg","width":600,"height":600,"caption":"brooks-high-point-long-sleeve-W-bright-purple-221637558"},{"@type":"BreadcrumbList","@id":"https:\/\/www.miomiorun.com\/es\/producto\/high-point-long-sleeve-mujer\/#breadcrumb","itemListElement":[{"@type":"ListItem","position":1,"name":"Home","item":"https:\/\/www.miomiorun.com\/es\/"},{"@type":"ListItem","position":2,"name":"Shop","item":"https:\/\/www.miomiorun.com\/shop\/"},{"@type":"ListItem","position":3,"name":"High Point Long Sleeve mujer"}]},{"@type":"WebSite","@id":"https:\/\/www.miomiorun.com\/es\/#website","url":"https:\/\/www.miomiorun.com\/es\/","name":"MioMioRun","description":"Tienda 100% running y trail","publisher":{"@id":"https:\/\/www.miomiorun.com\/es\/#organization"},"potentialAction":[{"@type":"SearchAction","target":{"@type":"EntryPoint","urlTemplate":"https:\/\/www.miomiorun.com\/es\/?s={search_term_string}"},"query-input":{"@type":"PropertyValueSpecification","valueRequired":true,"valueName":"search_term_string"}}],"inLanguage":"es-ES"},{"@type":"Organization","@id":"https:\/\/www.miomiorun.com\/es\/#organization","name":"MioMio Run","url":"https:\/\/www.miomiorun.com\/es\/","logo":{"@type":"ImageObject","inLanguage":"es-ES","@id":"https:\/\/www.miomiorun.com\/es\/#\/schema\/logo\/image\/","url":"https:\/\/www.miomiorun.com\/app\/uploads\/2019\/12\/logomio.png","contentUrl":"https:\/\/www.miomiorun.com\/app\/uploads\/2019\/12\/logomio.png","width":115,"height":82,"caption":"MioMio Run"},"image":{"@id":"https:\/\/www.miomiorun.com\/es\/#\/schema\/logo\/image\/"},"sameAs":["https:\/\/www.facebook.com\/miomiorun\/","https:\/\/www.instagram.com\/miomiorun\/"]}]}},"_links":{"self":[{"href":"https:\/\/www.miomiorun.com\/es\/wp-json\/wp\/v2\/product\/287130","targetHints":{"allow":["GET"]}}],"collection":[{"href":"https:\/\/www.miomiorun.com\/es\/wp-json\/wp\/v2\/product"}],"about":[{"href":"https:\/\/www.miomiorun.com\/es\/wp-json\/wp\/v2\/types\/product"}],"wp:featuredmedia":[{"embeddable":true,"href":"https:\/\/www.miomiorun.com\/es\/wp-json\/wp\/v2\/media\/242067"}],"wp:attachment":[{"href":"https:\/\/www.miomiorun.com\/es\/wp-json\/wp\/v2\/media?parent=287130"}],"wp:term":[{"taxonomy":"product_brand","embeddable":true,"href":"https:\/\/www.miomiorun.com\/es\/wp-json\/wp\/v2\/product_brand?post=287130"},{"taxonomy":"product_cat","embeddable":true,"href":"https:\/\/www.miomiorun.com\/es\/wp-json\/wp\/v2\/product_cat?post=287130"},{"taxonomy":"product_tag","embeddable":true,"href":"https:\/\/www.miomiorun.com\/es\/wp-json\/wp\/v2\/product_tag?post=287130"}],"curies":[{"name":"wp","href":"https:\/\/api.w.org\/{rel}","templated":true}]}}