{"id":287122,"date":"2023-07-11T15:25:15","date_gmt":"2023-07-11T13:25:15","guid":{"rendered":"https:\/\/miomiorun.com\/prodotto\/distance-long-sleeve-2-0-donna\/"},"modified":"2025-12-02T19:09:23","modified_gmt":"2025-12-02T18:09:23","slug":"distance-long-sleeve-2-0-mujer","status":"publish","type":"product","link":"https:\/\/www.miomiorun.com\/es\/producto\/distance-long-sleeve-2-0-mujer\/","title":{"rendered":"Distance Long Sleeve 2.0 mujer"},"content":{"rendered":"<h3>Incluso una camiseta b\u00e1sica para correr no deber\u00eda ser&#8230; demasiado b\u00e1sica.<\/h3>\n<p>Renueva tus productos favoritos con esta camiseta ligera para correr para mujer. El tejido suave y de secado r\u00e1pido aleja el sudor, mientras que el ajuste dise\u00f1ado para correr ofrece comodidad sin distracciones.<\/p>\n<p><strong>CARACTER\u00cdSTICAS:<\/strong><\/p>\n<ul class=\"m-long-description__features\">\n<li class=\"m-long-description__feature\">Secado r\u00e1pido<\/li>\n<li class=\"m-long-description__feature\">Ultra suave<\/li>\n<li class=\"m-long-description__feature\">Ajuste ideal para correr<\/li>\n<\/ul>\n<h3>\u00bfCarrera dif\u00edcil? Sin sudor.<\/h3>\n<h2>Transpiraci\u00f3n del sudor<\/h2>\n<p>El suave tejido DriLayer\u00ae aleja el sudor para ayudarte a mantenerte c\u00f3modo y seco. Protecci\u00f3n solar UPF 50+.<\/p>\n<h3>Tejido agradable al tacto<\/h3>\n<h2>S\u00faper suave<\/h2>\n<p>El tejido de mezcla de algod\u00f3n y las costuras lisas crean una sensaci\u00f3n de comodidad en el cuerpo.<\/p>\n<h3>Libertad de movimiento<\/h3>\n<h2>Ajuste para correr<\/h2>\n<ul>\n<li>El ajuste sin distracciones se mueve con el cuerpo durante la carrera.<\/li>\n<li>Los orificios para los pulgares mantienen las mangas en su sitio.<\/li>\n<\/ul>\n<p>&nbsp;<\/p>\n<p>&nbsp;<\/p>\n<p>&nbsp;<\/p>\n","protected":false},"excerpt":{"rendered":"<ul class=\"m-long-description__features\">\n<li class=\"m-long-description__feature\">Malla que te protege del sol<\/li>\n<li>Secado ultrarr\u00e1pido<\/li>\n<\/ul>\n","protected":false},"featured_media":242059,"template":"","meta":{"_acf_changed":false,"inline_featured_image":false},"product_brand":[],"product_cat":[24396,24401,24402],"product_tag":[23463,23664],"class_list":{"0":"post-287122","1":"product","2":"type-product","3":"status-publish","4":"has-post-thumbnail","6":"product_cat-camisetas","7":"product_cat-ropa-de-mujer","8":"product_cat-mujer","9":"product_tag-brooks-es","10":"product_tag-brooks-mujer","11":"pa_attivita-caminar","12":"pa_attivita-running-es","13":"pa_colore-distance-long-sleeve-2-0-w-htr-frosted-es","14":"pa_marca-brooks-es","15":"pa_sesso-mujer","16":"pa_size-extra-small-es","17":"pa_size-small-es","18":"pa_size-medium-es","20":"first","21":"instock","22":"sale","23":"taxable","24":"shipping-taxable","25":"purchasable","26":"product-type-variable","27":"wvs-archive-product-wrapper"},"acf":[],"yoast_head":"<!-- This site is optimized with the Yoast SEO plugin v26.8 - https:\/\/yoast.com\/product\/yoast-seo-wordpress\/ -->\n<title>BrooksDistance Long Sleeve 2.0 mujer - Jersey de mujer - MioMioRun<\/title>\n<meta name=\"description\" content=\"Incluso una camiseta b\u00e1sica para correr no deber\u00eda ser... demasiado b\u00e1sica. Renueva tus productos favoritos con esta camiseta ligera para correr para mujer.\" \/>\n<meta name=\"robots\" content=\"index, follow, max-snippet:-1, max-image-preview:large, max-video-preview:-1\" \/>\n<link rel=\"canonical\" href=\"https:\/\/www.miomiorun.com\/es\/producto\/distance-long-sleeve-2-0-mujer\/\" \/>\n<meta property=\"og:locale\" content=\"es_ES\" \/>\n<meta property=\"og:type\" content=\"article\" \/>\n<meta property=\"og:title\" content=\"BrooksDistance Long Sleeve 2.0 mujer - Jersey de mujer - MioMioRun\" \/>\n<meta property=\"og:description\" content=\"Incluso una camiseta b\u00e1sica para correr no deber\u00eda ser... demasiado b\u00e1sica. Renueva tus productos favoritos con esta camiseta ligera para correr para mujer.\" \/>\n<meta property=\"og:url\" content=\"https:\/\/www.miomiorun.com\/es\/producto\/distance-long-sleeve-2-0-mujer\/\" \/>\n<meta property=\"og:site_name\" content=\"MioMioRun\" \/>\n<meta property=\"article:publisher\" content=\"https:\/\/www.facebook.com\/miomiorun\/\" \/>\n<meta property=\"article:modified_time\" content=\"2025-12-02T18:09:23+00:00\" \/>\n<meta property=\"og:image\" content=\"https:\/\/www.miomiorun.com\/app\/uploads\/2023\/07\/brooks-distance-long-sleeve-2.0-W-htr-frosted-221610603.jpg\" \/>\n\t<meta property=\"og:image:width\" content=\"600\" \/>\n\t<meta property=\"og:image:height\" content=\"600\" \/>\n\t<meta property=\"og:image:type\" content=\"image\/jpeg\" \/>\n<meta name=\"twitter:card\" content=\"summary_large_image\" \/>\n<meta name=\"twitter:label1\" content=\"Est. reading time\" \/>\n\t<meta name=\"twitter:data1\" content=\"1 minute\" \/>\n<script type=\"application\/ld+json\" class=\"yoast-schema-graph\">{\"@context\":\"https:\/\/schema.org\",\"@graph\":[{\"@type\":\"WebPage\",\"@id\":\"https:\/\/www.miomiorun.com\/es\/producto\/distance-long-sleeve-2-0-mujer\/\",\"url\":\"https:\/\/www.miomiorun.com\/es\/producto\/distance-long-sleeve-2-0-mujer\/\",\"name\":\"BrooksDistance Long Sleeve 2.0 mujer - Jersey de mujer - MioMioRun\",\"isPartOf\":{\"@id\":\"https:\/\/www.miomiorun.com\/es\/#website\"},\"primaryImageOfPage\":{\"@id\":\"https:\/\/www.miomiorun.com\/es\/producto\/distance-long-sleeve-2-0-mujer\/#primaryimage\"},\"image\":{\"@id\":\"https:\/\/www.miomiorun.com\/es\/producto\/distance-long-sleeve-2-0-mujer\/#primaryimage\"},\"thumbnailUrl\":\"https:\/\/www.miomiorun.com\/app\/uploads\/2023\/07\/brooks-distance-long-sleeve-2.0-W-htr-frosted-221610603.jpg\",\"datePublished\":\"2023-07-11T13:25:15+00:00\",\"dateModified\":\"2025-12-02T18:09:23+00:00\",\"description\":\"Incluso una camiseta b\u00e1sica para correr no deber\u00eda ser... demasiado b\u00e1sica. Renueva tus productos favoritos con esta camiseta ligera para correr para mujer.\",\"breadcrumb\":{\"@id\":\"https:\/\/www.miomiorun.com\/es\/producto\/distance-long-sleeve-2-0-mujer\/#breadcrumb\"},\"inLanguage\":\"es-ES\",\"potentialAction\":[{\"@type\":\"ReadAction\",\"target\":[\"https:\/\/www.miomiorun.com\/es\/producto\/distance-long-sleeve-2-0-mujer\/\"]}]},{\"@type\":\"ImageObject\",\"inLanguage\":\"es-ES\",\"@id\":\"https:\/\/www.miomiorun.com\/es\/producto\/distance-long-sleeve-2-0-mujer\/#primaryimage\",\"url\":\"https:\/\/www.miomiorun.com\/app\/uploads\/2023\/07\/brooks-distance-long-sleeve-2.0-W-htr-frosted-221610603.jpg\",\"contentUrl\":\"https:\/\/www.miomiorun.com\/app\/uploads\/2023\/07\/brooks-distance-long-sleeve-2.0-W-htr-frosted-221610603.jpg\",\"width\":600,\"height\":600,\"caption\":\"brooks-distance-long-sleeve-2.0-W-htr-frosted-221610603\"},{\"@type\":\"BreadcrumbList\",\"@id\":\"https:\/\/www.miomiorun.com\/es\/producto\/distance-long-sleeve-2-0-mujer\/#breadcrumb\",\"itemListElement\":[{\"@type\":\"ListItem\",\"position\":1,\"name\":\"Home\",\"item\":\"https:\/\/www.miomiorun.com\/es\/\"},{\"@type\":\"ListItem\",\"position\":2,\"name\":\"Shop\",\"item\":\"https:\/\/www.miomiorun.com\/shop\/\"},{\"@type\":\"ListItem\",\"position\":3,\"name\":\"Distance Long Sleeve 2.0 mujer\"}]},{\"@type\":\"WebSite\",\"@id\":\"https:\/\/www.miomiorun.com\/es\/#website\",\"url\":\"https:\/\/www.miomiorun.com\/es\/\",\"name\":\"MioMioRun\",\"description\":\"Tienda 100% running y trail\",\"publisher\":{\"@id\":\"https:\/\/www.miomiorun.com\/es\/#organization\"},\"potentialAction\":[{\"@type\":\"SearchAction\",\"target\":{\"@type\":\"EntryPoint\",\"urlTemplate\":\"https:\/\/www.miomiorun.com\/es\/?s={search_term_string}\"},\"query-input\":{\"@type\":\"PropertyValueSpecification\",\"valueRequired\":true,\"valueName\":\"search_term_string\"}}],\"inLanguage\":\"es-ES\"},{\"@type\":\"Organization\",\"@id\":\"https:\/\/www.miomiorun.com\/es\/#organization\",\"name\":\"MioMio Run\",\"url\":\"https:\/\/www.miomiorun.com\/es\/\",\"logo\":{\"@type\":\"ImageObject\",\"inLanguage\":\"es-ES\",\"@id\":\"https:\/\/www.miomiorun.com\/es\/#\/schema\/logo\/image\/\",\"url\":\"https:\/\/www.miomiorun.com\/app\/uploads\/2019\/12\/logomio.png\",\"contentUrl\":\"https:\/\/www.miomiorun.com\/app\/uploads\/2019\/12\/logomio.png\",\"width\":115,\"height\":82,\"caption\":\"MioMio Run\"},\"image\":{\"@id\":\"https:\/\/www.miomiorun.com\/es\/#\/schema\/logo\/image\/\"},\"sameAs\":[\"https:\/\/www.facebook.com\/miomiorun\/\",\"https:\/\/www.instagram.com\/miomiorun\/\"]}]}<\/script>\n<!-- \/ Yoast SEO plugin. -->","yoast_head_json":{"title":"BrooksDistance Long Sleeve 2.0 mujer - Jersey de mujer - MioMioRun","description":"Incluso una camiseta b\u00e1sica para correr no deber\u00eda ser... demasiado b\u00e1sica. Renueva tus productos favoritos con esta camiseta ligera para correr para mujer.","robots":{"index":"index","follow":"follow","max-snippet":"max-snippet:-1","max-image-preview":"max-image-preview:large","max-video-preview":"max-video-preview:-1"},"canonical":"https:\/\/www.miomiorun.com\/es\/producto\/distance-long-sleeve-2-0-mujer\/","og_locale":"es_ES","og_type":"article","og_title":"BrooksDistance Long Sleeve 2.0 mujer - Jersey de mujer - MioMioRun","og_description":"Incluso una camiseta b\u00e1sica para correr no deber\u00eda ser... demasiado b\u00e1sica. Renueva tus productos favoritos con esta camiseta ligera para correr para mujer.","og_url":"https:\/\/www.miomiorun.com\/es\/producto\/distance-long-sleeve-2-0-mujer\/","og_site_name":"MioMioRun","article_publisher":"https:\/\/www.facebook.com\/miomiorun\/","article_modified_time":"2025-12-02T18:09:23+00:00","og_image":[{"width":600,"height":600,"url":"https:\/\/www.miomiorun.com\/app\/uploads\/2023\/07\/brooks-distance-long-sleeve-2.0-W-htr-frosted-221610603.jpg","type":"image\/jpeg"}],"twitter_card":"summary_large_image","twitter_misc":{"Est. reading time":"1 minute"},"schema":{"@context":"https:\/\/schema.org","@graph":[{"@type":"WebPage","@id":"https:\/\/www.miomiorun.com\/es\/producto\/distance-long-sleeve-2-0-mujer\/","url":"https:\/\/www.miomiorun.com\/es\/producto\/distance-long-sleeve-2-0-mujer\/","name":"BrooksDistance Long Sleeve 2.0 mujer - Jersey de mujer - MioMioRun","isPartOf":{"@id":"https:\/\/www.miomiorun.com\/es\/#website"},"primaryImageOfPage":{"@id":"https:\/\/www.miomiorun.com\/es\/producto\/distance-long-sleeve-2-0-mujer\/#primaryimage"},"image":{"@id":"https:\/\/www.miomiorun.com\/es\/producto\/distance-long-sleeve-2-0-mujer\/#primaryimage"},"thumbnailUrl":"https:\/\/www.miomiorun.com\/app\/uploads\/2023\/07\/brooks-distance-long-sleeve-2.0-W-htr-frosted-221610603.jpg","datePublished":"2023-07-11T13:25:15+00:00","dateModified":"2025-12-02T18:09:23+00:00","description":"Incluso una camiseta b\u00e1sica para correr no deber\u00eda ser... demasiado b\u00e1sica. Renueva tus productos favoritos con esta camiseta ligera para correr para mujer.","breadcrumb":{"@id":"https:\/\/www.miomiorun.com\/es\/producto\/distance-long-sleeve-2-0-mujer\/#breadcrumb"},"inLanguage":"es-ES","potentialAction":[{"@type":"ReadAction","target":["https:\/\/www.miomiorun.com\/es\/producto\/distance-long-sleeve-2-0-mujer\/"]}]},{"@type":"ImageObject","inLanguage":"es-ES","@id":"https:\/\/www.miomiorun.com\/es\/producto\/distance-long-sleeve-2-0-mujer\/#primaryimage","url":"https:\/\/www.miomiorun.com\/app\/uploads\/2023\/07\/brooks-distance-long-sleeve-2.0-W-htr-frosted-221610603.jpg","contentUrl":"https:\/\/www.miomiorun.com\/app\/uploads\/2023\/07\/brooks-distance-long-sleeve-2.0-W-htr-frosted-221610603.jpg","width":600,"height":600,"caption":"brooks-distance-long-sleeve-2.0-W-htr-frosted-221610603"},{"@type":"BreadcrumbList","@id":"https:\/\/www.miomiorun.com\/es\/producto\/distance-long-sleeve-2-0-mujer\/#breadcrumb","itemListElement":[{"@type":"ListItem","position":1,"name":"Home","item":"https:\/\/www.miomiorun.com\/es\/"},{"@type":"ListItem","position":2,"name":"Shop","item":"https:\/\/www.miomiorun.com\/shop\/"},{"@type":"ListItem","position":3,"name":"Distance Long Sleeve 2.0 mujer"}]},{"@type":"WebSite","@id":"https:\/\/www.miomiorun.com\/es\/#website","url":"https:\/\/www.miomiorun.com\/es\/","name":"MioMioRun","description":"Tienda 100% running y trail","publisher":{"@id":"https:\/\/www.miomiorun.com\/es\/#organization"},"potentialAction":[{"@type":"SearchAction","target":{"@type":"EntryPoint","urlTemplate":"https:\/\/www.miomiorun.com\/es\/?s={search_term_string}"},"query-input":{"@type":"PropertyValueSpecification","valueRequired":true,"valueName":"search_term_string"}}],"inLanguage":"es-ES"},{"@type":"Organization","@id":"https:\/\/www.miomiorun.com\/es\/#organization","name":"MioMio Run","url":"https:\/\/www.miomiorun.com\/es\/","logo":{"@type":"ImageObject","inLanguage":"es-ES","@id":"https:\/\/www.miomiorun.com\/es\/#\/schema\/logo\/image\/","url":"https:\/\/www.miomiorun.com\/app\/uploads\/2019\/12\/logomio.png","contentUrl":"https:\/\/www.miomiorun.com\/app\/uploads\/2019\/12\/logomio.png","width":115,"height":82,"caption":"MioMio Run"},"image":{"@id":"https:\/\/www.miomiorun.com\/es\/#\/schema\/logo\/image\/"},"sameAs":["https:\/\/www.facebook.com\/miomiorun\/","https:\/\/www.instagram.com\/miomiorun\/"]}]}},"_links":{"self":[{"href":"https:\/\/www.miomiorun.com\/es\/wp-json\/wp\/v2\/product\/287122","targetHints":{"allow":["GET"]}}],"collection":[{"href":"https:\/\/www.miomiorun.com\/es\/wp-json\/wp\/v2\/product"}],"about":[{"href":"https:\/\/www.miomiorun.com\/es\/wp-json\/wp\/v2\/types\/product"}],"wp:featuredmedia":[{"embeddable":true,"href":"https:\/\/www.miomiorun.com\/es\/wp-json\/wp\/v2\/media\/242059"}],"wp:attachment":[{"href":"https:\/\/www.miomiorun.com\/es\/wp-json\/wp\/v2\/media?parent=287122"}],"wp:term":[{"taxonomy":"product_brand","embeddable":true,"href":"https:\/\/www.miomiorun.com\/es\/wp-json\/wp\/v2\/product_brand?post=287122"},{"taxonomy":"product_cat","embeddable":true,"href":"https:\/\/www.miomiorun.com\/es\/wp-json\/wp\/v2\/product_cat?post=287122"},{"taxonomy":"product_tag","embeddable":true,"href":"https:\/\/www.miomiorun.com\/es\/wp-json\/wp\/v2\/product_tag?post=287122"}],"curies":[{"name":"wp","href":"https:\/\/api.w.org\/{rel}","templated":true}]}}