{"id":287063,"date":"2023-07-13T15:10:10","date_gmt":"2023-07-13T13:10:10","guid":{"rendered":"https:\/\/miomiorun.com\/prodotto\/marathon-ow-pants-short-uomo\/"},"modified":"2026-05-06T18:45:45","modified_gmt":"2026-05-06T16:45:45","slug":"marathon-ow-pants-short-hombre","status":"publish","type":"product","link":"https:\/\/www.miomiorun.com\/es\/producto\/marathon-ow-pants-short-hombre\/","title":{"rendered":"Marathon OW Pants Short hombre"},"content":{"rendered":"<div id=\"tab-description\" class=\"tab-pane active\" role=\"tabpanel\">\n<div class=\"tab-custom\">\n<div class=\"tab-content\">\n<div id=\"tab-description\" class=\"tab-pane active\" role=\"tabpanel\">\n<div class=\"tab-custom\">\n<div class=\"tab-custom-inner-max content-wysiwyg\">\n<p><strong>Marathon<\/strong> para hombre es un culote de running ultraligero (pesa menos de 70 gramos) fabricado con el exclusivo sistema Zero-Friction, que elimina los puntos de roce entre la piel y el tejido. El dise\u00f1o sin costuras en la zona de las piernas, con una sola costura en el centro del pantal\u00f3n, evita las rozaduras y aumenta la comodidad en largas distancias. La cintura ergon\u00f3mica y el\u00e1stica permite que el pantal\u00f3n se mantenga siempre en la posici\u00f3n correcta, mientras que el tejido 3D garantiza un ajuste perfecto.<\/p>\n<\/div>\n<\/div>\n<\/div>\n<\/div>\n<\/div>\n<\/div>\n<p class=\"uppercase mb-2 text-black\"><span class=\"text-gray-400\">Material: 100 % POLIAMIDA<\/span><\/p>\n<div class=\"py-2\">\n<h3 class=\"uppercase my-1 text-black\">SISTEMA ZERO-FRICTION<\/h3>\n<div>Dise\u00f1ado para evitar cualquier distracci\u00f3n y disfrutar de una libertad de movimiento absoluta. Al eliminar las costuras en el interior y el exterior de la pierna, la piel queda protegida contra las rozaduras. Una vez que lo pruebes, no querr\u00e1s prescindir del sistema Zero-Friction.<\/div>\n<\/div>\n<div class=\"py-2\">\n<h3 class=\"uppercase my-1 text-black\">3D MOTION LINES<\/h3>\n<div>Las l\u00edneas tridimensionales est\u00e1n integradas en la estructura del material para crear una mayor libertad de movimiento. Esta tecnolog\u00eda de fabricaci\u00f3n especial aumenta la elasticidad y garantiza un ajuste perfecto.<\/div>\n<\/div>\n<div class=\"py-2\">\n<h3 class=\"uppercase my-1 text-black\">ERGONOMIC ELASTIC<\/h3>\n<div>No se necesitan cordones, la cintura el\u00e1stica ergon\u00f3mica est\u00e1 optimizada para ofrecer una sujeci\u00f3n firme sin opresi\u00f3n. Los pantalones son f\u00e1ciles de poner y est\u00e1n listos para salir a correr al instante.<\/div>\n<\/div>\n<div class=\"tab-custom-inner-max content-wysiwyg\">\n<div class=\"product-line\">\n<div id=\"tab-technology\" class=\"tab-pane active\" role=\"tabpanel\">\n<div class=\"tab-custom\">\n<div class=\"tab-items\">\n<div class=\"row\">\n<div class=\"col-xs-12 col-sm-4\">\n<div class=\"tab-item\">\n<div class=\"media media-md\">\n<div class=\"media-left\"><\/div>\n<\/div>\n<\/div>\n<\/div>\n<\/div>\n<\/div>\n<\/div>\n<\/div>\n<\/div>\n<\/div>\n","protected":false},"excerpt":{"rendered":"<ul>\n<li>Pantalones cortos resistentes al roce<\/li>\n<li>Suaves y el\u00e1sticos<\/li>\n<li>Se secan r\u00e1pidamente<\/li>\n<\/ul>\n","protected":false},"featured_media":242161,"template":"","meta":{"_acf_changed":false,"inline_featured_image":false},"product_brand":[],"product_cat":[24472,24410],"product_tag":[23525,23572],"class_list":{"0":"post-287063","1":"product","2":"type-product","3":"status-publish","4":"has-post-thumbnail","6":"product_cat-pantalones-cortos-es-3","7":"product_cat-ropa-de-hombre","8":"product_tag-uyn-es","9":"product_tag-uyn-hombre","10":"pa_attivita-running-es","11":"pa_marca-uyn-es","12":"pa_sesso-hombre","13":"pa_size-large-es","15":"first","16":"instock","17":"sale","18":"taxable","19":"shipping-taxable","20":"purchasable","21":"product-type-variable","22":"wvs-archive-product-wrapper"},"acf":[],"yoast_head":"<!-- This site is optimized with the Yoast SEO plugin v26.8 - https:\/\/yoast.com\/product\/yoast-seo-wordpress\/ -->\n<title>UynMarathon OW Pants Short hombre - Short Uomo - MioMioRun<\/title>\n<meta name=\"description\" content=\"Marathon para hombre son unos pantalones cortos de running ultraligeros (peso inferior a 70 gramos) fabricados con el exclusivo sistema Zero-Friction\" \/>\n<meta name=\"robots\" content=\"index, follow, max-snippet:-1, max-image-preview:large, max-video-preview:-1\" \/>\n<link rel=\"canonical\" href=\"https:\/\/www.miomiorun.com\/es\/producto\/marathon-ow-pants-short-hombre\/\" \/>\n<meta property=\"og:locale\" content=\"es_ES\" \/>\n<meta property=\"og:type\" content=\"article\" \/>\n<meta property=\"og:title\" content=\"UynMarathon OW Pants Short hombre - Short Uomo - MioMioRun\" \/>\n<meta property=\"og:description\" content=\"Marathon para hombre son unos pantalones cortos de running ultraligeros (peso inferior a 70 gramos) fabricados con el exclusivo sistema Zero-Friction\" \/>\n<meta property=\"og:url\" content=\"https:\/\/www.miomiorun.com\/es\/producto\/marathon-ow-pants-short-hombre\/\" \/>\n<meta property=\"og:site_name\" content=\"MioMioRun\" \/>\n<meta property=\"article:publisher\" content=\"https:\/\/www.facebook.com\/miomiorun\/\" \/>\n<meta property=\"article:modified_time\" content=\"2026-05-06T16:45:45+00:00\" \/>\n<meta property=\"og:image\" content=\"https:\/\/www.miomiorun.com\/app\/uploads\/2023\/07\/Uyn-Marathon-OW-pants-M-O101659.jpg\" \/>\n\t<meta property=\"og:image:width\" content=\"600\" \/>\n\t<meta property=\"og:image:height\" content=\"600\" \/>\n\t<meta property=\"og:image:type\" content=\"image\/jpeg\" \/>\n<meta name=\"twitter:card\" content=\"summary_large_image\" \/>\n<meta name=\"twitter:label1\" content=\"Est. reading time\" \/>\n\t<meta name=\"twitter:data1\" content=\"1 minute\" \/>\n<script type=\"application\/ld+json\" class=\"yoast-schema-graph\">{\"@context\":\"https:\/\/schema.org\",\"@graph\":[{\"@type\":\"WebPage\",\"@id\":\"https:\/\/www.miomiorun.com\/es\/producto\/marathon-ow-pants-short-hombre\/\",\"url\":\"https:\/\/www.miomiorun.com\/es\/producto\/marathon-ow-pants-short-hombre\/\",\"name\":\"UynMarathon OW Pants Short hombre - Short Uomo - MioMioRun\",\"isPartOf\":{\"@id\":\"https:\/\/www.miomiorun.com\/es\/#website\"},\"primaryImageOfPage\":{\"@id\":\"https:\/\/www.miomiorun.com\/es\/producto\/marathon-ow-pants-short-hombre\/#primaryimage\"},\"image\":{\"@id\":\"https:\/\/www.miomiorun.com\/es\/producto\/marathon-ow-pants-short-hombre\/#primaryimage\"},\"thumbnailUrl\":\"https:\/\/www.miomiorun.com\/app\/uploads\/2023\/07\/Uyn-Marathon-OW-pants-M-O101659.jpg\",\"datePublished\":\"2023-07-13T13:10:10+00:00\",\"dateModified\":\"2026-05-06T16:45:45+00:00\",\"description\":\"Marathon para hombre son unos pantalones cortos de running ultraligeros (peso inferior a 70 gramos) fabricados con el exclusivo sistema Zero-Friction\",\"breadcrumb\":{\"@id\":\"https:\/\/www.miomiorun.com\/es\/producto\/marathon-ow-pants-short-hombre\/#breadcrumb\"},\"inLanguage\":\"es-ES\",\"potentialAction\":[{\"@type\":\"ReadAction\",\"target\":[\"https:\/\/www.miomiorun.com\/es\/producto\/marathon-ow-pants-short-hombre\/\"]}]},{\"@type\":\"ImageObject\",\"inLanguage\":\"es-ES\",\"@id\":\"https:\/\/www.miomiorun.com\/es\/producto\/marathon-ow-pants-short-hombre\/#primaryimage\",\"url\":\"https:\/\/www.miomiorun.com\/app\/uploads\/2023\/07\/Uyn-Marathon-OW-pants-M-O101659.jpg\",\"contentUrl\":\"https:\/\/www.miomiorun.com\/app\/uploads\/2023\/07\/Uyn-Marathon-OW-pants-M-O101659.jpg\",\"width\":600,\"height\":600,\"caption\":\"Uyn-Marathon-OW-pants-M-O101659\"},{\"@type\":\"BreadcrumbList\",\"@id\":\"https:\/\/www.miomiorun.com\/es\/producto\/marathon-ow-pants-short-hombre\/#breadcrumb\",\"itemListElement\":[{\"@type\":\"ListItem\",\"position\":1,\"name\":\"Home\",\"item\":\"https:\/\/www.miomiorun.com\/es\/\"},{\"@type\":\"ListItem\",\"position\":2,\"name\":\"Shop\",\"item\":\"https:\/\/www.miomiorun.com\/shop\/\"},{\"@type\":\"ListItem\",\"position\":3,\"name\":\"Marathon OW Pants Short hombre\"}]},{\"@type\":\"WebSite\",\"@id\":\"https:\/\/www.miomiorun.com\/es\/#website\",\"url\":\"https:\/\/www.miomiorun.com\/es\/\",\"name\":\"MioMioRun\",\"description\":\"Tienda 100% running y trail\",\"publisher\":{\"@id\":\"https:\/\/www.miomiorun.com\/es\/#organization\"},\"potentialAction\":[{\"@type\":\"SearchAction\",\"target\":{\"@type\":\"EntryPoint\",\"urlTemplate\":\"https:\/\/www.miomiorun.com\/es\/?s={search_term_string}\"},\"query-input\":{\"@type\":\"PropertyValueSpecification\",\"valueRequired\":true,\"valueName\":\"search_term_string\"}}],\"inLanguage\":\"es-ES\"},{\"@type\":\"Organization\",\"@id\":\"https:\/\/www.miomiorun.com\/es\/#organization\",\"name\":\"MioMio Run\",\"url\":\"https:\/\/www.miomiorun.com\/es\/\",\"logo\":{\"@type\":\"ImageObject\",\"inLanguage\":\"es-ES\",\"@id\":\"https:\/\/www.miomiorun.com\/es\/#\/schema\/logo\/image\/\",\"url\":\"https:\/\/www.miomiorun.com\/app\/uploads\/2019\/12\/logomio.png\",\"contentUrl\":\"https:\/\/www.miomiorun.com\/app\/uploads\/2019\/12\/logomio.png\",\"width\":115,\"height\":82,\"caption\":\"MioMio Run\"},\"image\":{\"@id\":\"https:\/\/www.miomiorun.com\/es\/#\/schema\/logo\/image\/\"},\"sameAs\":[\"https:\/\/www.facebook.com\/miomiorun\/\",\"https:\/\/www.instagram.com\/miomiorun\/\"]}]}<\/script>\n<!-- \/ Yoast SEO plugin. -->","yoast_head_json":{"title":"UynMarathon OW Pants Short hombre - Short Uomo - MioMioRun","description":"Marathon para hombre son unos pantalones cortos de running ultraligeros (peso inferior a 70 gramos) fabricados con el exclusivo sistema Zero-Friction","robots":{"index":"index","follow":"follow","max-snippet":"max-snippet:-1","max-image-preview":"max-image-preview:large","max-video-preview":"max-video-preview:-1"},"canonical":"https:\/\/www.miomiorun.com\/es\/producto\/marathon-ow-pants-short-hombre\/","og_locale":"es_ES","og_type":"article","og_title":"UynMarathon OW Pants Short hombre - Short Uomo - MioMioRun","og_description":"Marathon para hombre son unos pantalones cortos de running ultraligeros (peso inferior a 70 gramos) fabricados con el exclusivo sistema Zero-Friction","og_url":"https:\/\/www.miomiorun.com\/es\/producto\/marathon-ow-pants-short-hombre\/","og_site_name":"MioMioRun","article_publisher":"https:\/\/www.facebook.com\/miomiorun\/","article_modified_time":"2026-05-06T16:45:45+00:00","og_image":[{"width":600,"height":600,"url":"https:\/\/www.miomiorun.com\/app\/uploads\/2023\/07\/Uyn-Marathon-OW-pants-M-O101659.jpg","type":"image\/jpeg"}],"twitter_card":"summary_large_image","twitter_misc":{"Est. reading time":"1 minute"},"schema":{"@context":"https:\/\/schema.org","@graph":[{"@type":"WebPage","@id":"https:\/\/www.miomiorun.com\/es\/producto\/marathon-ow-pants-short-hombre\/","url":"https:\/\/www.miomiorun.com\/es\/producto\/marathon-ow-pants-short-hombre\/","name":"UynMarathon OW Pants Short hombre - Short Uomo - MioMioRun","isPartOf":{"@id":"https:\/\/www.miomiorun.com\/es\/#website"},"primaryImageOfPage":{"@id":"https:\/\/www.miomiorun.com\/es\/producto\/marathon-ow-pants-short-hombre\/#primaryimage"},"image":{"@id":"https:\/\/www.miomiorun.com\/es\/producto\/marathon-ow-pants-short-hombre\/#primaryimage"},"thumbnailUrl":"https:\/\/www.miomiorun.com\/app\/uploads\/2023\/07\/Uyn-Marathon-OW-pants-M-O101659.jpg","datePublished":"2023-07-13T13:10:10+00:00","dateModified":"2026-05-06T16:45:45+00:00","description":"Marathon para hombre son unos pantalones cortos de running ultraligeros (peso inferior a 70 gramos) fabricados con el exclusivo sistema Zero-Friction","breadcrumb":{"@id":"https:\/\/www.miomiorun.com\/es\/producto\/marathon-ow-pants-short-hombre\/#breadcrumb"},"inLanguage":"es-ES","potentialAction":[{"@type":"ReadAction","target":["https:\/\/www.miomiorun.com\/es\/producto\/marathon-ow-pants-short-hombre\/"]}]},{"@type":"ImageObject","inLanguage":"es-ES","@id":"https:\/\/www.miomiorun.com\/es\/producto\/marathon-ow-pants-short-hombre\/#primaryimage","url":"https:\/\/www.miomiorun.com\/app\/uploads\/2023\/07\/Uyn-Marathon-OW-pants-M-O101659.jpg","contentUrl":"https:\/\/www.miomiorun.com\/app\/uploads\/2023\/07\/Uyn-Marathon-OW-pants-M-O101659.jpg","width":600,"height":600,"caption":"Uyn-Marathon-OW-pants-M-O101659"},{"@type":"BreadcrumbList","@id":"https:\/\/www.miomiorun.com\/es\/producto\/marathon-ow-pants-short-hombre\/#breadcrumb","itemListElement":[{"@type":"ListItem","position":1,"name":"Home","item":"https:\/\/www.miomiorun.com\/es\/"},{"@type":"ListItem","position":2,"name":"Shop","item":"https:\/\/www.miomiorun.com\/shop\/"},{"@type":"ListItem","position":3,"name":"Marathon OW Pants Short hombre"}]},{"@type":"WebSite","@id":"https:\/\/www.miomiorun.com\/es\/#website","url":"https:\/\/www.miomiorun.com\/es\/","name":"MioMioRun","description":"Tienda 100% running y trail","publisher":{"@id":"https:\/\/www.miomiorun.com\/es\/#organization"},"potentialAction":[{"@type":"SearchAction","target":{"@type":"EntryPoint","urlTemplate":"https:\/\/www.miomiorun.com\/es\/?s={search_term_string}"},"query-input":{"@type":"PropertyValueSpecification","valueRequired":true,"valueName":"search_term_string"}}],"inLanguage":"es-ES"},{"@type":"Organization","@id":"https:\/\/www.miomiorun.com\/es\/#organization","name":"MioMio Run","url":"https:\/\/www.miomiorun.com\/es\/","logo":{"@type":"ImageObject","inLanguage":"es-ES","@id":"https:\/\/www.miomiorun.com\/es\/#\/schema\/logo\/image\/","url":"https:\/\/www.miomiorun.com\/app\/uploads\/2019\/12\/logomio.png","contentUrl":"https:\/\/www.miomiorun.com\/app\/uploads\/2019\/12\/logomio.png","width":115,"height":82,"caption":"MioMio Run"},"image":{"@id":"https:\/\/www.miomiorun.com\/es\/#\/schema\/logo\/image\/"},"sameAs":["https:\/\/www.facebook.com\/miomiorun\/","https:\/\/www.instagram.com\/miomiorun\/"]}]}},"_links":{"self":[{"href":"https:\/\/www.miomiorun.com\/es\/wp-json\/wp\/v2\/product\/287063","targetHints":{"allow":["GET"]}}],"collection":[{"href":"https:\/\/www.miomiorun.com\/es\/wp-json\/wp\/v2\/product"}],"about":[{"href":"https:\/\/www.miomiorun.com\/es\/wp-json\/wp\/v2\/types\/product"}],"wp:featuredmedia":[{"embeddable":true,"href":"https:\/\/www.miomiorun.com\/es\/wp-json\/wp\/v2\/media\/242161"}],"wp:attachment":[{"href":"https:\/\/www.miomiorun.com\/es\/wp-json\/wp\/v2\/media?parent=287063"}],"wp:term":[{"taxonomy":"product_brand","embeddable":true,"href":"https:\/\/www.miomiorun.com\/es\/wp-json\/wp\/v2\/product_brand?post=287063"},{"taxonomy":"product_cat","embeddable":true,"href":"https:\/\/www.miomiorun.com\/es\/wp-json\/wp\/v2\/product_cat?post=287063"},{"taxonomy":"product_tag","embeddable":true,"href":"https:\/\/www.miomiorun.com\/es\/wp-json\/wp\/v2\/product_tag?post=287063"}],"curies":[{"name":"wp","href":"https:\/\/api.w.org\/{rel}","templated":true}]}}