{"id":286987,"date":"2023-07-19T11:49:13","date_gmt":"2023-07-19T09:49:13","guid":{"rendered":"https:\/\/miomiorun.com\/prodotto\/high-point-short-sleeve-donna\/"},"modified":"2026-05-06T18:54:00","modified_gmt":"2026-05-06T16:54:00","slug":"high-point-short-sleeve-mujer","status":"publish","type":"product","link":"https:\/\/www.miomiorun.com\/es\/producto\/high-point-short-sleeve-mujer\/","title":{"rendered":"High Point Short Sleeve mujer"},"content":{"rendered":"<h3>Descubre la ropa t\u00e9cnica dise\u00f1ada para el trail.<\/h3>\n<p>Esta camiseta para mujer, de calidad superior, est\u00e1 confeccionada con un tejido transpirable dise\u00f1ado para regular la temperatura, de modo que te mantenga fresca cuando hace calor y abrigada cuando hace fr\u00edo, mientras que su corte ajustado facilita la combinaci\u00f3n con otras prendas.<\/p>\n<p><strong>CARACTER\u00cdSTICAS:<\/strong><\/p>\n<ul>\n<li>Confort: fr\u00edo\/calor<\/li>\n<li>Elimina el sudor<\/li>\n<li>Ajuste para trail<\/li>\n<li>Compatible con mochilas y chalecos<\/li>\n<\/ul>\n<h3>\u00bfHace fr\u00edo? \u00bfHace calor? Est\u00e1is listos.<\/h3>\n<h2>Regulaci\u00f3n de la temperatura<\/h2>\n<p>El tejido de mezcla de lana merina regula la temperatura durante la carrera, manteniendo el cuerpo fresco cuando hace calor y abrigado cuando hace fr\u00edo.<\/p>\n<p>&nbsp;<\/p>\n<h3>\u00bfUn camino dif\u00edcil? No hay problema.<\/h3>\n<h2>Transpiraci\u00f3n y secado r\u00e1pido.<\/h2>\n<p>El tejido DriLayer\u00ae elimina el sudor y se seca r\u00e1pidamente para garantizar la m\u00e1xima comodidad durante la carrera.<\/p>\n<h3>Te sigue a todas partes<\/h3>\n<h2>Corte ajustado<\/h2>\n<p>Este jersey es ajustado, ideal para llevar en capas, mientras que el cuello m\u00e1s alto ayuda a proteger de las rozaduras de la mochila o la chaqueta.<\/p>\n<p>&nbsp;<\/p>\n","protected":false},"excerpt":{"rendered":"<p>Descubre la ropa t\u00e9cnica dise\u00f1ada para el trail. Esta camiseta para mujer, de calidad superior, est\u00e1 confeccionada con un tejido transpirable dise\u00f1ado para regular la temperatura, de modo que te mantenga fresca cuando hace calor y abrigada cuando hace fr\u00edo, mientras que su corte ajustado facilita la combinaci\u00f3n con otras prendas. CARACTER\u00cdSTICAS: Confort: fr\u00edo\/calor Elimina &hellip; <a href=\"https:\/\/www.miomiorun.com\/es\/producto\/high-point-short-sleeve-mujer\/\">Continued<\/a><\/p>\n","protected":false},"featured_media":242075,"template":"","meta":{"_acf_changed":false,"inline_featured_image":false},"product_brand":[],"product_cat":[24416,24420],"product_tag":[23463,23664],"class_list":{"0":"post-286987","1":"product","2":"type-product","3":"status-publish","4":"has-post-thumbnail","6":"product_cat-camiseta-es","7":"product_cat-ropa-de-mujer-es","8":"product_tag-brooks-es","9":"product_tag-brooks-mujer","10":"pa_attivita-caminar","11":"pa_attivita-outdoor-es","12":"pa_attivita-running-es","13":"pa_attivita-trail-es","14":"pa_colore-high-point-short-sleeve-w-black-es","15":"pa_colore-high-point-short-sleeve-w-bright-purple-es","16":"pa_colore-high-point-short-sleeve-w-hyper-green-es","17":"pa_colore-high-point-short-sleeve-w-neo-pink-es","18":"pa_marca-brooks-es","19":"pa_sesso-mujer","20":"pa_size-extra-small-es","21":"pa_size-small-es","22":"pa_size-medium-es","24":"first","25":"instock","26":"sale","27":"taxable","28":"shipping-taxable","29":"purchasable","30":"product-type-variable","31":"wvs-archive-product-wrapper"},"acf":[],"yoast_head":"<!-- This site is optimized with the Yoast SEO plugin v26.8 - https:\/\/yoast.com\/product\/yoast-seo-wordpress\/ -->\n<title>BrooksHigh Point Short Sleeve mujer - jersey - MioMioRun<\/title>\n<meta name=\"description\" content=\"Esta camiseta para mujer, de primera calidad, destaca por su tejido transpirable dise\u00f1ado para regular la temperatura corporal\" \/>\n<meta name=\"robots\" content=\"index, follow, max-snippet:-1, max-image-preview:large, max-video-preview:-1\" \/>\n<link rel=\"canonical\" href=\"https:\/\/www.miomiorun.com\/es\/producto\/high-point-short-sleeve-mujer\/\" \/>\n<meta property=\"og:locale\" content=\"es_ES\" \/>\n<meta property=\"og:type\" content=\"article\" \/>\n<meta property=\"og:title\" content=\"BrooksHigh Point Short Sleeve mujer - jersey - MioMioRun\" \/>\n<meta property=\"og:description\" content=\"Esta camiseta para mujer, de primera calidad, destaca por su tejido transpirable dise\u00f1ado para regular la temperatura corporal\" \/>\n<meta property=\"og:url\" content=\"https:\/\/www.miomiorun.com\/es\/producto\/high-point-short-sleeve-mujer\/\" \/>\n<meta property=\"og:site_name\" content=\"MioMioRun\" \/>\n<meta property=\"article:publisher\" content=\"https:\/\/www.facebook.com\/miomiorun\/\" \/>\n<meta property=\"article:modified_time\" content=\"2026-05-06T16:54:00+00:00\" \/>\n<meta property=\"og:image\" content=\"https:\/\/www.miomiorun.com\/app\/uploads\/2023\/07\/brooks-high-point-short-sleeve-W-bright-purple-221638558.jpg\" \/>\n\t<meta property=\"og:image:width\" content=\"600\" \/>\n\t<meta property=\"og:image:height\" content=\"600\" \/>\n\t<meta property=\"og:image:type\" content=\"image\/jpeg\" \/>\n<meta name=\"twitter:card\" content=\"summary_large_image\" \/>\n<meta name=\"twitter:label1\" content=\"Est. reading time\" \/>\n\t<meta name=\"twitter:data1\" content=\"1 minute\" \/>\n<script type=\"application\/ld+json\" class=\"yoast-schema-graph\">{\"@context\":\"https:\/\/schema.org\",\"@graph\":[{\"@type\":\"WebPage\",\"@id\":\"https:\/\/www.miomiorun.com\/es\/producto\/high-point-short-sleeve-mujer\/\",\"url\":\"https:\/\/www.miomiorun.com\/es\/producto\/high-point-short-sleeve-mujer\/\",\"name\":\"BrooksHigh Point Short Sleeve mujer - jersey - MioMioRun\",\"isPartOf\":{\"@id\":\"https:\/\/www.miomiorun.com\/es\/#website\"},\"primaryImageOfPage\":{\"@id\":\"https:\/\/www.miomiorun.com\/es\/producto\/high-point-short-sleeve-mujer\/#primaryimage\"},\"image\":{\"@id\":\"https:\/\/www.miomiorun.com\/es\/producto\/high-point-short-sleeve-mujer\/#primaryimage\"},\"thumbnailUrl\":\"https:\/\/www.miomiorun.com\/app\/uploads\/2023\/07\/brooks-high-point-short-sleeve-W-bright-purple-221638558.jpg\",\"datePublished\":\"2023-07-19T09:49:13+00:00\",\"dateModified\":\"2026-05-06T16:54:00+00:00\",\"description\":\"Esta camiseta para mujer, de primera calidad, destaca por su tejido transpirable dise\u00f1ado para regular la temperatura corporal\",\"breadcrumb\":{\"@id\":\"https:\/\/www.miomiorun.com\/es\/producto\/high-point-short-sleeve-mujer\/#breadcrumb\"},\"inLanguage\":\"es-ES\",\"potentialAction\":[{\"@type\":\"ReadAction\",\"target\":[\"https:\/\/www.miomiorun.com\/es\/producto\/high-point-short-sleeve-mujer\/\"]}]},{\"@type\":\"ImageObject\",\"inLanguage\":\"es-ES\",\"@id\":\"https:\/\/www.miomiorun.com\/es\/producto\/high-point-short-sleeve-mujer\/#primaryimage\",\"url\":\"https:\/\/www.miomiorun.com\/app\/uploads\/2023\/07\/brooks-high-point-short-sleeve-W-bright-purple-221638558.jpg\",\"contentUrl\":\"https:\/\/www.miomiorun.com\/app\/uploads\/2023\/07\/brooks-high-point-short-sleeve-W-bright-purple-221638558.jpg\",\"width\":600,\"height\":600,\"caption\":\"brooks-high-point-short-sleeve-W-bright-purple-221638558\"},{\"@type\":\"BreadcrumbList\",\"@id\":\"https:\/\/www.miomiorun.com\/es\/producto\/high-point-short-sleeve-mujer\/#breadcrumb\",\"itemListElement\":[{\"@type\":\"ListItem\",\"position\":1,\"name\":\"Home\",\"item\":\"https:\/\/www.miomiorun.com\/es\/\"},{\"@type\":\"ListItem\",\"position\":2,\"name\":\"Shop\",\"item\":\"https:\/\/www.miomiorun.com\/shop\/\"},{\"@type\":\"ListItem\",\"position\":3,\"name\":\"High Point Short Sleeve mujer\"}]},{\"@type\":\"WebSite\",\"@id\":\"https:\/\/www.miomiorun.com\/es\/#website\",\"url\":\"https:\/\/www.miomiorun.com\/es\/\",\"name\":\"MioMioRun\",\"description\":\"Tienda 100% running y trail\",\"publisher\":{\"@id\":\"https:\/\/www.miomiorun.com\/es\/#organization\"},\"potentialAction\":[{\"@type\":\"SearchAction\",\"target\":{\"@type\":\"EntryPoint\",\"urlTemplate\":\"https:\/\/www.miomiorun.com\/es\/?s={search_term_string}\"},\"query-input\":{\"@type\":\"PropertyValueSpecification\",\"valueRequired\":true,\"valueName\":\"search_term_string\"}}],\"inLanguage\":\"es-ES\"},{\"@type\":\"Organization\",\"@id\":\"https:\/\/www.miomiorun.com\/es\/#organization\",\"name\":\"MioMio Run\",\"url\":\"https:\/\/www.miomiorun.com\/es\/\",\"logo\":{\"@type\":\"ImageObject\",\"inLanguage\":\"es-ES\",\"@id\":\"https:\/\/www.miomiorun.com\/es\/#\/schema\/logo\/image\/\",\"url\":\"https:\/\/www.miomiorun.com\/app\/uploads\/2019\/12\/logomio.png\",\"contentUrl\":\"https:\/\/www.miomiorun.com\/app\/uploads\/2019\/12\/logomio.png\",\"width\":115,\"height\":82,\"caption\":\"MioMio Run\"},\"image\":{\"@id\":\"https:\/\/www.miomiorun.com\/es\/#\/schema\/logo\/image\/\"},\"sameAs\":[\"https:\/\/www.facebook.com\/miomiorun\/\",\"https:\/\/www.instagram.com\/miomiorun\/\"]}]}<\/script>\n<!-- \/ Yoast SEO plugin. -->","yoast_head_json":{"title":"BrooksHigh Point Short Sleeve mujer - jersey - MioMioRun","description":"Esta camiseta para mujer, de primera calidad, destaca por su tejido transpirable dise\u00f1ado para regular la temperatura corporal","robots":{"index":"index","follow":"follow","max-snippet":"max-snippet:-1","max-image-preview":"max-image-preview:large","max-video-preview":"max-video-preview:-1"},"canonical":"https:\/\/www.miomiorun.com\/es\/producto\/high-point-short-sleeve-mujer\/","og_locale":"es_ES","og_type":"article","og_title":"BrooksHigh Point Short Sleeve mujer - jersey - MioMioRun","og_description":"Esta camiseta para mujer, de primera calidad, destaca por su tejido transpirable dise\u00f1ado para regular la temperatura corporal","og_url":"https:\/\/www.miomiorun.com\/es\/producto\/high-point-short-sleeve-mujer\/","og_site_name":"MioMioRun","article_publisher":"https:\/\/www.facebook.com\/miomiorun\/","article_modified_time":"2026-05-06T16:54:00+00:00","og_image":[{"width":600,"height":600,"url":"https:\/\/www.miomiorun.com\/app\/uploads\/2023\/07\/brooks-high-point-short-sleeve-W-bright-purple-221638558.jpg","type":"image\/jpeg"}],"twitter_card":"summary_large_image","twitter_misc":{"Est. reading time":"1 minute"},"schema":{"@context":"https:\/\/schema.org","@graph":[{"@type":"WebPage","@id":"https:\/\/www.miomiorun.com\/es\/producto\/high-point-short-sleeve-mujer\/","url":"https:\/\/www.miomiorun.com\/es\/producto\/high-point-short-sleeve-mujer\/","name":"BrooksHigh Point Short Sleeve mujer - jersey - MioMioRun","isPartOf":{"@id":"https:\/\/www.miomiorun.com\/es\/#website"},"primaryImageOfPage":{"@id":"https:\/\/www.miomiorun.com\/es\/producto\/high-point-short-sleeve-mujer\/#primaryimage"},"image":{"@id":"https:\/\/www.miomiorun.com\/es\/producto\/high-point-short-sleeve-mujer\/#primaryimage"},"thumbnailUrl":"https:\/\/www.miomiorun.com\/app\/uploads\/2023\/07\/brooks-high-point-short-sleeve-W-bright-purple-221638558.jpg","datePublished":"2023-07-19T09:49:13+00:00","dateModified":"2026-05-06T16:54:00+00:00","description":"Esta camiseta para mujer, de primera calidad, destaca por su tejido transpirable dise\u00f1ado para regular la temperatura corporal","breadcrumb":{"@id":"https:\/\/www.miomiorun.com\/es\/producto\/high-point-short-sleeve-mujer\/#breadcrumb"},"inLanguage":"es-ES","potentialAction":[{"@type":"ReadAction","target":["https:\/\/www.miomiorun.com\/es\/producto\/high-point-short-sleeve-mujer\/"]}]},{"@type":"ImageObject","inLanguage":"es-ES","@id":"https:\/\/www.miomiorun.com\/es\/producto\/high-point-short-sleeve-mujer\/#primaryimage","url":"https:\/\/www.miomiorun.com\/app\/uploads\/2023\/07\/brooks-high-point-short-sleeve-W-bright-purple-221638558.jpg","contentUrl":"https:\/\/www.miomiorun.com\/app\/uploads\/2023\/07\/brooks-high-point-short-sleeve-W-bright-purple-221638558.jpg","width":600,"height":600,"caption":"brooks-high-point-short-sleeve-W-bright-purple-221638558"},{"@type":"BreadcrumbList","@id":"https:\/\/www.miomiorun.com\/es\/producto\/high-point-short-sleeve-mujer\/#breadcrumb","itemListElement":[{"@type":"ListItem","position":1,"name":"Home","item":"https:\/\/www.miomiorun.com\/es\/"},{"@type":"ListItem","position":2,"name":"Shop","item":"https:\/\/www.miomiorun.com\/shop\/"},{"@type":"ListItem","position":3,"name":"High Point Short Sleeve mujer"}]},{"@type":"WebSite","@id":"https:\/\/www.miomiorun.com\/es\/#website","url":"https:\/\/www.miomiorun.com\/es\/","name":"MioMioRun","description":"Tienda 100% running y trail","publisher":{"@id":"https:\/\/www.miomiorun.com\/es\/#organization"},"potentialAction":[{"@type":"SearchAction","target":{"@type":"EntryPoint","urlTemplate":"https:\/\/www.miomiorun.com\/es\/?s={search_term_string}"},"query-input":{"@type":"PropertyValueSpecification","valueRequired":true,"valueName":"search_term_string"}}],"inLanguage":"es-ES"},{"@type":"Organization","@id":"https:\/\/www.miomiorun.com\/es\/#organization","name":"MioMio Run","url":"https:\/\/www.miomiorun.com\/es\/","logo":{"@type":"ImageObject","inLanguage":"es-ES","@id":"https:\/\/www.miomiorun.com\/es\/#\/schema\/logo\/image\/","url":"https:\/\/www.miomiorun.com\/app\/uploads\/2019\/12\/logomio.png","contentUrl":"https:\/\/www.miomiorun.com\/app\/uploads\/2019\/12\/logomio.png","width":115,"height":82,"caption":"MioMio Run"},"image":{"@id":"https:\/\/www.miomiorun.com\/es\/#\/schema\/logo\/image\/"},"sameAs":["https:\/\/www.facebook.com\/miomiorun\/","https:\/\/www.instagram.com\/miomiorun\/"]}]}},"_links":{"self":[{"href":"https:\/\/www.miomiorun.com\/es\/wp-json\/wp\/v2\/product\/286987","targetHints":{"allow":["GET"]}}],"collection":[{"href":"https:\/\/www.miomiorun.com\/es\/wp-json\/wp\/v2\/product"}],"about":[{"href":"https:\/\/www.miomiorun.com\/es\/wp-json\/wp\/v2\/types\/product"}],"wp:featuredmedia":[{"embeddable":true,"href":"https:\/\/www.miomiorun.com\/es\/wp-json\/wp\/v2\/media\/242075"}],"wp:attachment":[{"href":"https:\/\/www.miomiorun.com\/es\/wp-json\/wp\/v2\/media?parent=286987"}],"wp:term":[{"taxonomy":"product_brand","embeddable":true,"href":"https:\/\/www.miomiorun.com\/es\/wp-json\/wp\/v2\/product_brand?post=286987"},{"taxonomy":"product_cat","embeddable":true,"href":"https:\/\/www.miomiorun.com\/es\/wp-json\/wp\/v2\/product_cat?post=286987"},{"taxonomy":"product_tag","embeddable":true,"href":"https:\/\/www.miomiorun.com\/es\/wp-json\/wp\/v2\/product_tag?post=286987"}],"curies":[{"name":"wp","href":"https:\/\/api.w.org\/{rel}","templated":true}]}}