{"id":286736,"date":"2023-04-11T15:04:41","date_gmt":"2023-04-11T13:04:41","guid":{"rendered":"https:\/\/miomiorun.com\/prodotto\/pro-trail-wind-ls-tee-uomo\/"},"modified":"2026-05-06T18:12:53","modified_gmt":"2026-05-06T16:12:53","slug":"pro-trail-wind-ls-tee-hombre","status":"publish","type":"product","link":"https:\/\/www.miomiorun.com\/es\/producto\/pro-trail-wind-ls-tee-hombre\/","title":{"rendered":"PRO Trail Wind LS Tee hombre"},"content":{"rendered":"<p>La <strong>PRO Trail Wind LS Tee<\/strong> para hombre es una camiseta fina de manga larga con protecci\u00f3n cortavientos, dise\u00f1ada para el trail running de alta intensidad en los d\u00edas ventosos de primavera y verano.<\/p>\n<p>Esta prenda de calidad profesional se caracteriza por un tejido ripstop el\u00e1stico y cortavientos en la parte delantera y un jersey jacquard transpirable en la espalda y las mangas. La camiseta de manga larga tambi\u00e9n cuenta con mangas ragl\u00e1n para una mayor libertad de movimiento, una cremallera corta en la parte delantera para una mejor ventilaci\u00f3n del exceso de calor, pr\u00e1cticos bolsillos y un cuello ribeteado para evitar rozaduras. Adem\u00e1s, la prenda cuenta con un estampado de silicona en los hombros para un agarre seguro al llevar una mochila o un sistema de hidrataci\u00f3n durante las carreras largas.<\/p>\n<h3>Caracter\u00edsticas:<\/h3>\n<ul>\n<li>Tejido ripstop el\u00e1stico fino y cortavientos en la parte delantera<\/li>\n<li>Tejido jacquard suave y transpirable en la espalda y las mangas<\/li>\n<li>Cuello ribeteado<\/li>\n<li>Mangas ragl\u00e1n<\/li>\n<li>Cremallera corta en la parte delantera<\/li>\n<li>Peque\u00f1o bolsillo de malla el\u00e1stica en la parte inferior izquierda<\/li>\n<li>Peque\u00f1o bolsillo con cremallera en la parte inferior derecha<\/li>\n<li>Estampado de silicona en los hombros<\/li>\n<li>Corte recto<\/li>\n<\/ul>\n<p>&nbsp;<\/p>\n","protected":false},"excerpt":{"rendered":"<ul>\n<li>Tejido ripstop el\u00e1stico, fino y cortavientos en la parte delantera<\/li>\n<li>Tejido jacquard suave y transpirable en la espalda y las mangas<\/li>\n<li>Cuello ribeteado<\/li>\n<\/ul>\n","protected":false},"featured_media":240004,"template":"","meta":{"_acf_changed":false,"inline_featured_image":false},"product_brand":[],"product_cat":[24458,24463,24464],"product_tag":[23553,23663],"class_list":{"0":"post-286736","1":"product","2":"type-product","3":"status-publish","4":"has-post-thumbnail","6":"product_cat-camisetas-es-2","7":"product_cat-ropa-de-hombre-es","8":"product_cat-hombre","9":"product_tag-craft-es","10":"product_tag-craft-hombre","11":"pa_attivita-caminar","12":"pa_attivita-outdoor-es","13":"pa_attivita-trail-es","14":"pa_colore-pro-trail-wind-ls-tee-rock-es","15":"pa_marca-craft-es","16":"pa_sesso-hombre","17":"pa_size-large-es","18":"pa_size-extra-large-es","20":"first","21":"instock","22":"sale","23":"taxable","24":"shipping-taxable","25":"purchasable","26":"product-type-variable","27":"wvs-archive-product-wrapper"},"acf":[],"yoast_head":"<!-- This site is optimized with the Yoast SEO plugin v26.8 - https:\/\/yoast.com\/product\/yoast-seo-wordpress\/ -->\n<title>CraftPRO Trail Wind LS Tee hombre - Camiseta para correr - MioMioRun<\/title>\n<meta name=\"description\" content=\"La camiseta PRO Trail Wind LS para hombre es una camiseta fina de manga larga con protecci\u00f3n cortavientos, dise\u00f1ada para el trail running de alta intensidad\" \/>\n<meta name=\"robots\" content=\"index, follow, max-snippet:-1, max-image-preview:large, max-video-preview:-1\" \/>\n<link rel=\"canonical\" href=\"https:\/\/www.miomiorun.com\/es\/producto\/pro-trail-wind-ls-tee-hombre\/\" \/>\n<meta property=\"og:locale\" content=\"es_ES\" \/>\n<meta property=\"og:type\" content=\"article\" \/>\n<meta property=\"og:title\" content=\"CraftPRO Trail Wind LS Tee hombre - Camiseta para correr - MioMioRun\" \/>\n<meta property=\"og:description\" content=\"La camiseta PRO Trail Wind LS para hombre es una camiseta fina de manga larga con protecci\u00f3n cortavientos, dise\u00f1ada para el trail running de alta intensidad\" \/>\n<meta property=\"og:url\" content=\"https:\/\/www.miomiorun.com\/es\/producto\/pro-trail-wind-ls-tee-hombre\/\" \/>\n<meta property=\"og:site_name\" content=\"MioMioRun\" \/>\n<meta property=\"article:publisher\" content=\"https:\/\/www.facebook.com\/miomiorun\/\" \/>\n<meta property=\"article:modified_time\" content=\"2026-05-06T16:12:53+00:00\" \/>\n<meta property=\"og:image\" content=\"https:\/\/www.miomiorun.com\/app\/uploads\/2023\/04\/craft-pro-trail-wind-ls-tee-rock-1913155-954000.jpg\" \/>\n\t<meta property=\"og:image:width\" content=\"600\" \/>\n\t<meta property=\"og:image:height\" content=\"600\" \/>\n\t<meta property=\"og:image:type\" content=\"image\/jpeg\" \/>\n<meta name=\"twitter:card\" content=\"summary_large_image\" \/>\n<meta name=\"twitter:label1\" content=\"Est. reading time\" \/>\n\t<meta name=\"twitter:data1\" content=\"1 minute\" \/>\n<script type=\"application\/ld+json\" class=\"yoast-schema-graph\">{\"@context\":\"https:\/\/schema.org\",\"@graph\":[{\"@type\":\"WebPage\",\"@id\":\"https:\/\/www.miomiorun.com\/es\/producto\/pro-trail-wind-ls-tee-hombre\/\",\"url\":\"https:\/\/www.miomiorun.com\/es\/producto\/pro-trail-wind-ls-tee-hombre\/\",\"name\":\"CraftPRO Trail Wind LS Tee hombre - Camiseta para correr - MioMioRun\",\"isPartOf\":{\"@id\":\"https:\/\/www.miomiorun.com\/es\/#website\"},\"primaryImageOfPage\":{\"@id\":\"https:\/\/www.miomiorun.com\/es\/producto\/pro-trail-wind-ls-tee-hombre\/#primaryimage\"},\"image\":{\"@id\":\"https:\/\/www.miomiorun.com\/es\/producto\/pro-trail-wind-ls-tee-hombre\/#primaryimage\"},\"thumbnailUrl\":\"https:\/\/www.miomiorun.com\/app\/uploads\/2023\/04\/craft-pro-trail-wind-ls-tee-rock-1913155-954000.jpg\",\"datePublished\":\"2023-04-11T13:04:41+00:00\",\"dateModified\":\"2026-05-06T16:12:53+00:00\",\"description\":\"La camiseta PRO Trail Wind LS para hombre es una camiseta fina de manga larga con protecci\u00f3n cortavientos, dise\u00f1ada para el trail running de alta intensidad\",\"breadcrumb\":{\"@id\":\"https:\/\/www.miomiorun.com\/es\/producto\/pro-trail-wind-ls-tee-hombre\/#breadcrumb\"},\"inLanguage\":\"es-ES\",\"potentialAction\":[{\"@type\":\"ReadAction\",\"target\":[\"https:\/\/www.miomiorun.com\/es\/producto\/pro-trail-wind-ls-tee-hombre\/\"]}]},{\"@type\":\"ImageObject\",\"inLanguage\":\"es-ES\",\"@id\":\"https:\/\/www.miomiorun.com\/es\/producto\/pro-trail-wind-ls-tee-hombre\/#primaryimage\",\"url\":\"https:\/\/www.miomiorun.com\/app\/uploads\/2023\/04\/craft-pro-trail-wind-ls-tee-rock-1913155-954000.jpg\",\"contentUrl\":\"https:\/\/www.miomiorun.com\/app\/uploads\/2023\/04\/craft-pro-trail-wind-ls-tee-rock-1913155-954000.jpg\",\"width\":600,\"height\":600,\"caption\":\"craft-pro-trail-wind-ls-tee-rock-1913155-954000\"},{\"@type\":\"BreadcrumbList\",\"@id\":\"https:\/\/www.miomiorun.com\/es\/producto\/pro-trail-wind-ls-tee-hombre\/#breadcrumb\",\"itemListElement\":[{\"@type\":\"ListItem\",\"position\":1,\"name\":\"Home\",\"item\":\"https:\/\/www.miomiorun.com\/es\/\"},{\"@type\":\"ListItem\",\"position\":2,\"name\":\"Shop\",\"item\":\"https:\/\/www.miomiorun.com\/shop\/\"},{\"@type\":\"ListItem\",\"position\":3,\"name\":\"PRO Trail Wind LS Tee hombre\"}]},{\"@type\":\"WebSite\",\"@id\":\"https:\/\/www.miomiorun.com\/es\/#website\",\"url\":\"https:\/\/www.miomiorun.com\/es\/\",\"name\":\"MioMioRun\",\"description\":\"Tienda 100% running y trail\",\"publisher\":{\"@id\":\"https:\/\/www.miomiorun.com\/es\/#organization\"},\"potentialAction\":[{\"@type\":\"SearchAction\",\"target\":{\"@type\":\"EntryPoint\",\"urlTemplate\":\"https:\/\/www.miomiorun.com\/es\/?s={search_term_string}\"},\"query-input\":{\"@type\":\"PropertyValueSpecification\",\"valueRequired\":true,\"valueName\":\"search_term_string\"}}],\"inLanguage\":\"es-ES\"},{\"@type\":\"Organization\",\"@id\":\"https:\/\/www.miomiorun.com\/es\/#organization\",\"name\":\"MioMio Run\",\"url\":\"https:\/\/www.miomiorun.com\/es\/\",\"logo\":{\"@type\":\"ImageObject\",\"inLanguage\":\"es-ES\",\"@id\":\"https:\/\/www.miomiorun.com\/es\/#\/schema\/logo\/image\/\",\"url\":\"https:\/\/www.miomiorun.com\/app\/uploads\/2019\/12\/logomio.png\",\"contentUrl\":\"https:\/\/www.miomiorun.com\/app\/uploads\/2019\/12\/logomio.png\",\"width\":115,\"height\":82,\"caption\":\"MioMio Run\"},\"image\":{\"@id\":\"https:\/\/www.miomiorun.com\/es\/#\/schema\/logo\/image\/\"},\"sameAs\":[\"https:\/\/www.facebook.com\/miomiorun\/\",\"https:\/\/www.instagram.com\/miomiorun\/\"]}]}<\/script>\n<!-- \/ Yoast SEO plugin. -->","yoast_head_json":{"title":"CraftPRO Trail Wind LS Tee hombre - Camiseta para correr - MioMioRun","description":"La camiseta PRO Trail Wind LS para hombre es una camiseta fina de manga larga con protecci\u00f3n cortavientos, dise\u00f1ada para el trail running de alta intensidad","robots":{"index":"index","follow":"follow","max-snippet":"max-snippet:-1","max-image-preview":"max-image-preview:large","max-video-preview":"max-video-preview:-1"},"canonical":"https:\/\/www.miomiorun.com\/es\/producto\/pro-trail-wind-ls-tee-hombre\/","og_locale":"es_ES","og_type":"article","og_title":"CraftPRO Trail Wind LS Tee hombre - Camiseta para correr - MioMioRun","og_description":"La camiseta PRO Trail Wind LS para hombre es una camiseta fina de manga larga con protecci\u00f3n cortavientos, dise\u00f1ada para el trail running de alta intensidad","og_url":"https:\/\/www.miomiorun.com\/es\/producto\/pro-trail-wind-ls-tee-hombre\/","og_site_name":"MioMioRun","article_publisher":"https:\/\/www.facebook.com\/miomiorun\/","article_modified_time":"2026-05-06T16:12:53+00:00","og_image":[{"width":600,"height":600,"url":"https:\/\/www.miomiorun.com\/app\/uploads\/2023\/04\/craft-pro-trail-wind-ls-tee-rock-1913155-954000.jpg","type":"image\/jpeg"}],"twitter_card":"summary_large_image","twitter_misc":{"Est. reading time":"1 minute"},"schema":{"@context":"https:\/\/schema.org","@graph":[{"@type":"WebPage","@id":"https:\/\/www.miomiorun.com\/es\/producto\/pro-trail-wind-ls-tee-hombre\/","url":"https:\/\/www.miomiorun.com\/es\/producto\/pro-trail-wind-ls-tee-hombre\/","name":"CraftPRO Trail Wind LS Tee hombre - Camiseta para correr - MioMioRun","isPartOf":{"@id":"https:\/\/www.miomiorun.com\/es\/#website"},"primaryImageOfPage":{"@id":"https:\/\/www.miomiorun.com\/es\/producto\/pro-trail-wind-ls-tee-hombre\/#primaryimage"},"image":{"@id":"https:\/\/www.miomiorun.com\/es\/producto\/pro-trail-wind-ls-tee-hombre\/#primaryimage"},"thumbnailUrl":"https:\/\/www.miomiorun.com\/app\/uploads\/2023\/04\/craft-pro-trail-wind-ls-tee-rock-1913155-954000.jpg","datePublished":"2023-04-11T13:04:41+00:00","dateModified":"2026-05-06T16:12:53+00:00","description":"La camiseta PRO Trail Wind LS para hombre es una camiseta fina de manga larga con protecci\u00f3n cortavientos, dise\u00f1ada para el trail running de alta intensidad","breadcrumb":{"@id":"https:\/\/www.miomiorun.com\/es\/producto\/pro-trail-wind-ls-tee-hombre\/#breadcrumb"},"inLanguage":"es-ES","potentialAction":[{"@type":"ReadAction","target":["https:\/\/www.miomiorun.com\/es\/producto\/pro-trail-wind-ls-tee-hombre\/"]}]},{"@type":"ImageObject","inLanguage":"es-ES","@id":"https:\/\/www.miomiorun.com\/es\/producto\/pro-trail-wind-ls-tee-hombre\/#primaryimage","url":"https:\/\/www.miomiorun.com\/app\/uploads\/2023\/04\/craft-pro-trail-wind-ls-tee-rock-1913155-954000.jpg","contentUrl":"https:\/\/www.miomiorun.com\/app\/uploads\/2023\/04\/craft-pro-trail-wind-ls-tee-rock-1913155-954000.jpg","width":600,"height":600,"caption":"craft-pro-trail-wind-ls-tee-rock-1913155-954000"},{"@type":"BreadcrumbList","@id":"https:\/\/www.miomiorun.com\/es\/producto\/pro-trail-wind-ls-tee-hombre\/#breadcrumb","itemListElement":[{"@type":"ListItem","position":1,"name":"Home","item":"https:\/\/www.miomiorun.com\/es\/"},{"@type":"ListItem","position":2,"name":"Shop","item":"https:\/\/www.miomiorun.com\/shop\/"},{"@type":"ListItem","position":3,"name":"PRO Trail Wind LS Tee hombre"}]},{"@type":"WebSite","@id":"https:\/\/www.miomiorun.com\/es\/#website","url":"https:\/\/www.miomiorun.com\/es\/","name":"MioMioRun","description":"Tienda 100% running y trail","publisher":{"@id":"https:\/\/www.miomiorun.com\/es\/#organization"},"potentialAction":[{"@type":"SearchAction","target":{"@type":"EntryPoint","urlTemplate":"https:\/\/www.miomiorun.com\/es\/?s={search_term_string}"},"query-input":{"@type":"PropertyValueSpecification","valueRequired":true,"valueName":"search_term_string"}}],"inLanguage":"es-ES"},{"@type":"Organization","@id":"https:\/\/www.miomiorun.com\/es\/#organization","name":"MioMio Run","url":"https:\/\/www.miomiorun.com\/es\/","logo":{"@type":"ImageObject","inLanguage":"es-ES","@id":"https:\/\/www.miomiorun.com\/es\/#\/schema\/logo\/image\/","url":"https:\/\/www.miomiorun.com\/app\/uploads\/2019\/12\/logomio.png","contentUrl":"https:\/\/www.miomiorun.com\/app\/uploads\/2019\/12\/logomio.png","width":115,"height":82,"caption":"MioMio Run"},"image":{"@id":"https:\/\/www.miomiorun.com\/es\/#\/schema\/logo\/image\/"},"sameAs":["https:\/\/www.facebook.com\/miomiorun\/","https:\/\/www.instagram.com\/miomiorun\/"]}]}},"_links":{"self":[{"href":"https:\/\/www.miomiorun.com\/es\/wp-json\/wp\/v2\/product\/286736","targetHints":{"allow":["GET"]}}],"collection":[{"href":"https:\/\/www.miomiorun.com\/es\/wp-json\/wp\/v2\/product"}],"about":[{"href":"https:\/\/www.miomiorun.com\/es\/wp-json\/wp\/v2\/types\/product"}],"wp:featuredmedia":[{"embeddable":true,"href":"https:\/\/www.miomiorun.com\/es\/wp-json\/wp\/v2\/media\/240004"}],"wp:attachment":[{"href":"https:\/\/www.miomiorun.com\/es\/wp-json\/wp\/v2\/media?parent=286736"}],"wp:term":[{"taxonomy":"product_brand","embeddable":true,"href":"https:\/\/www.miomiorun.com\/es\/wp-json\/wp\/v2\/product_brand?post=286736"},{"taxonomy":"product_cat","embeddable":true,"href":"https:\/\/www.miomiorun.com\/es\/wp-json\/wp\/v2\/product_cat?post=286736"},{"taxonomy":"product_tag","embeddable":true,"href":"https:\/\/www.miomiorun.com\/es\/wp-json\/wp\/v2\/product_tag?post=286736"}],"curies":[{"name":"wp","href":"https:\/\/api.w.org\/{rel}","templated":true}]}}