{"id":286731,"date":"2023-09-19T08:45:32","date_gmt":"2023-09-19T06:45:32","guid":{"rendered":"https:\/\/miomiorun.com\/prodotto\/aura-tr-donna\/"},"modified":"2026-03-05T18:31:09","modified_gmt":"2026-03-05T17:31:09","slug":"aura-tr-mujer","status":"publish","type":"product","link":"https:\/\/www.miomiorun.com\/es\/producto\/aura-tr-mujer\/","title":{"rendered":"Aura TR mujer"},"content":{"rendered":"<div class=\"vc-row container\"><div class=\"vc-column\"><div class=\"vc-column-text\"><\/p>\n<p><strong>Especificaciones t\u00e9cnicas<\/strong><\/p>\n<p>Categor\u00eda: buena amortiguaci\u00f3n.<br \/>\nOffset: 8 mm.<br \/>\nPeso: 249 g.<br \/>\nIdeal para: quienes buscan un calzado para excursiones y caminatas, robusto y con un excelente agarre, que les acompa\u00f1e en senderos y rutas al aire libre.<br \/>\nPeso del atleta: 60-70 kg.<br \/>\nRitmo de carrera: medio-lento (a partir de 5&#8217;\/km)<br \/>\n<a href=\"https:\/\/miomiorun.com\/es\/guia-especifica\/\">Gu\u00eda de especificaciones t\u00e9cnicas<\/a><\/p>\n<p><\/div><\/div><div class=\"vc-column\"><div class=\"vc-column-text\"><strong>Esta es tu se\u00f1al para salir.<\/strong><\/p>\n<p>Cualquier aficionado a las actividades al aire libre puede beneficiarse de las <strong>Aura TR <\/strong>para mujer. Una zapatilla de trail adaptable que domina el ajuste, la comodidad y el rendimiento para ser la compa\u00f1era perfecta para correr. Con la amortiguaci\u00f3n VERSARUN y las leng\u00fcetas ajustadas, estar\u00e1s listo para tu pr\u00f3xima aventura en muy poco tiempo.<\/p>\n<h3>Caracter\u00edsticas:<\/h3>\n<ul>\n<li>La amortiguaci\u00f3n VERSARUN te permite moverte c\u00f3modamente durante todo el d\u00eda<\/li>\n<li>Los tacos adherentes XT-600 ofrecen tracci\u00f3n independientemente del terreno<\/li>\n<li>La parte superior elegante y aerodin\u00e1mica incluye una malla de dos capas resistente y transpirable y detalles protectores para la cena donde m\u00e1s los necesitas<\/li>\n<\/ul>\n<p><\/div><\/div><\/div>\n","protected":false},"excerpt":{"rendered":"<ul>\n<li>m\u00e1xima comodidad en cada movimiento<\/li>\n<li>suela resistente<\/li>\n<li>parte superior aerodin\u00e1mica<\/li>\n<\/ul>\n","protected":false},"featured_media":242873,"template":"","meta":{"_acf_changed":false,"inline_featured_image":false},"product_brand":[],"product_cat":[24227,24230,24402],"product_tag":[23578,23617],"class_list":{"0":"post-286731","1":"product","2":"type-product","3":"status-publish","4":"has-post-thumbnail","6":"product_cat-calzado-femenino","7":"product_cat-trail-es","8":"product_cat-mujer","9":"product_tag-saucony-es","10":"product_tag-saucony-mujer","11":"pa_attivita-caminar","12":"pa_attivita-trail-es","13":"pa_colore-aura-tr-w-fog-lotus-es","14":"pa_colore-aura-tr-w-fossil-grape-es","15":"pa_marca-saucony-es","16":"pa_sesso-mujer","17":"pa_size-38-5-es","19":"first","20":"instock","21":"sale","22":"taxable","23":"shipping-taxable","24":"purchasable","25":"product-type-variable","26":"wvs-archive-product-wrapper"},"acf":[],"yoast_head":"<!-- This site is optimized with the Yoast SEO plugin v26.8 - https:\/\/yoast.com\/product\/yoast-seo-wordpress\/ -->\n<title>Saucony Aura TR mujer - zapatilla de trail running - MioMioRun<\/title>\n<meta name=\"description\" content=\"Aura TR para mujer. Una zapatilla de trail adaptable que domina el ajuste, la comodidad y el rendimiento para ser la compa\u00f1era perfecta para correr.\" \/>\n<meta name=\"robots\" content=\"index, follow, max-snippet:-1, max-image-preview:large, max-video-preview:-1\" \/>\n<link rel=\"canonical\" href=\"https:\/\/www.miomiorun.com\/es\/producto\/aura-tr-mujer\/\" \/>\n<meta property=\"og:locale\" content=\"es_ES\" \/>\n<meta property=\"og:type\" content=\"article\" \/>\n<meta property=\"og:title\" content=\"Saucony Aura TR mujer - zapatilla de trail running - MioMioRun\" \/>\n<meta property=\"og:description\" content=\"Aura TR para mujer. Una zapatilla de trail adaptable que domina el ajuste, la comodidad y el rendimiento para ser la compa\u00f1era perfecta para correr.\" \/>\n<meta property=\"og:url\" content=\"https:\/\/www.miomiorun.com\/es\/producto\/aura-tr-mujer\/\" \/>\n<meta property=\"og:site_name\" content=\"MioMioRun\" \/>\n<meta property=\"article:publisher\" content=\"https:\/\/www.facebook.com\/miomiorun\/\" \/>\n<meta property=\"article:modified_time\" content=\"2026-03-05T17:31:09+00:00\" \/>\n<meta property=\"og:image\" content=\"https:\/\/www.miomiorun.com\/app\/uploads\/2023\/09\/saucony-aura-tr-W-fossil-grape-S10862-12.jpg\" \/>\n\t<meta property=\"og:image:width\" content=\"600\" \/>\n\t<meta property=\"og:image:height\" content=\"600\" \/>\n\t<meta property=\"og:image:type\" content=\"image\/jpeg\" \/>\n<meta name=\"twitter:card\" content=\"summary_large_image\" \/>\n<meta name=\"twitter:label1\" content=\"Est. reading time\" \/>\n\t<meta name=\"twitter:data1\" content=\"1 minute\" \/>\n<script type=\"application\/ld+json\" class=\"yoast-schema-graph\">{\"@context\":\"https:\/\/schema.org\",\"@graph\":[{\"@type\":\"WebPage\",\"@id\":\"https:\/\/www.miomiorun.com\/es\/producto\/aura-tr-mujer\/\",\"url\":\"https:\/\/www.miomiorun.com\/es\/producto\/aura-tr-mujer\/\",\"name\":\"Saucony Aura TR mujer - zapatilla de trail running - MioMioRun\",\"isPartOf\":{\"@id\":\"https:\/\/www.miomiorun.com\/es\/#website\"},\"primaryImageOfPage\":{\"@id\":\"https:\/\/www.miomiorun.com\/es\/producto\/aura-tr-mujer\/#primaryimage\"},\"image\":{\"@id\":\"https:\/\/www.miomiorun.com\/es\/producto\/aura-tr-mujer\/#primaryimage\"},\"thumbnailUrl\":\"https:\/\/www.miomiorun.com\/app\/uploads\/2023\/09\/saucony-aura-tr-W-fossil-grape-S10862-12.jpg\",\"datePublished\":\"2023-09-19T06:45:32+00:00\",\"dateModified\":\"2026-03-05T17:31:09+00:00\",\"description\":\"Aura TR para mujer. Una zapatilla de trail adaptable que domina el ajuste, la comodidad y el rendimiento para ser la compa\u00f1era perfecta para correr.\",\"breadcrumb\":{\"@id\":\"https:\/\/www.miomiorun.com\/es\/producto\/aura-tr-mujer\/#breadcrumb\"},\"inLanguage\":\"es-ES\",\"potentialAction\":[{\"@type\":\"ReadAction\",\"target\":[\"https:\/\/www.miomiorun.com\/es\/producto\/aura-tr-mujer\/\"]}]},{\"@type\":\"ImageObject\",\"inLanguage\":\"es-ES\",\"@id\":\"https:\/\/www.miomiorun.com\/es\/producto\/aura-tr-mujer\/#primaryimage\",\"url\":\"https:\/\/www.miomiorun.com\/app\/uploads\/2023\/09\/saucony-aura-tr-W-fossil-grape-S10862-12.jpg\",\"contentUrl\":\"https:\/\/www.miomiorun.com\/app\/uploads\/2023\/09\/saucony-aura-tr-W-fossil-grape-S10862-12.jpg\",\"width\":600,\"height\":600,\"caption\":\"saucony-aura-tr-W-fossil-grape-S10862-12\"},{\"@type\":\"BreadcrumbList\",\"@id\":\"https:\/\/www.miomiorun.com\/es\/producto\/aura-tr-mujer\/#breadcrumb\",\"itemListElement\":[{\"@type\":\"ListItem\",\"position\":1,\"name\":\"Home\",\"item\":\"https:\/\/www.miomiorun.com\/es\/\"},{\"@type\":\"ListItem\",\"position\":2,\"name\":\"Shop\",\"item\":\"https:\/\/www.miomiorun.com\/shop\/\"},{\"@type\":\"ListItem\",\"position\":3,\"name\":\"Aura TR mujer\"}]},{\"@type\":\"WebSite\",\"@id\":\"https:\/\/www.miomiorun.com\/es\/#website\",\"url\":\"https:\/\/www.miomiorun.com\/es\/\",\"name\":\"MioMioRun\",\"description\":\"Tienda 100% running y trail\",\"publisher\":{\"@id\":\"https:\/\/www.miomiorun.com\/es\/#organization\"},\"potentialAction\":[{\"@type\":\"SearchAction\",\"target\":{\"@type\":\"EntryPoint\",\"urlTemplate\":\"https:\/\/www.miomiorun.com\/es\/?s={search_term_string}\"},\"query-input\":{\"@type\":\"PropertyValueSpecification\",\"valueRequired\":true,\"valueName\":\"search_term_string\"}}],\"inLanguage\":\"es-ES\"},{\"@type\":\"Organization\",\"@id\":\"https:\/\/www.miomiorun.com\/es\/#organization\",\"name\":\"MioMio Run\",\"url\":\"https:\/\/www.miomiorun.com\/es\/\",\"logo\":{\"@type\":\"ImageObject\",\"inLanguage\":\"es-ES\",\"@id\":\"https:\/\/www.miomiorun.com\/es\/#\/schema\/logo\/image\/\",\"url\":\"https:\/\/www.miomiorun.com\/app\/uploads\/2019\/12\/logomio.png\",\"contentUrl\":\"https:\/\/www.miomiorun.com\/app\/uploads\/2019\/12\/logomio.png\",\"width\":115,\"height\":82,\"caption\":\"MioMio Run\"},\"image\":{\"@id\":\"https:\/\/www.miomiorun.com\/es\/#\/schema\/logo\/image\/\"},\"sameAs\":[\"https:\/\/www.facebook.com\/miomiorun\/\",\"https:\/\/www.instagram.com\/miomiorun\/\"]}]}<\/script>\n<!-- \/ Yoast SEO plugin. -->","yoast_head_json":{"title":"Saucony Aura TR mujer - zapatilla de trail running - MioMioRun","description":"Aura TR para mujer. Una zapatilla de trail adaptable que domina el ajuste, la comodidad y el rendimiento para ser la compa\u00f1era perfecta para correr.","robots":{"index":"index","follow":"follow","max-snippet":"max-snippet:-1","max-image-preview":"max-image-preview:large","max-video-preview":"max-video-preview:-1"},"canonical":"https:\/\/www.miomiorun.com\/es\/producto\/aura-tr-mujer\/","og_locale":"es_ES","og_type":"article","og_title":"Saucony Aura TR mujer - zapatilla de trail running - MioMioRun","og_description":"Aura TR para mujer. Una zapatilla de trail adaptable que domina el ajuste, la comodidad y el rendimiento para ser la compa\u00f1era perfecta para correr.","og_url":"https:\/\/www.miomiorun.com\/es\/producto\/aura-tr-mujer\/","og_site_name":"MioMioRun","article_publisher":"https:\/\/www.facebook.com\/miomiorun\/","article_modified_time":"2026-03-05T17:31:09+00:00","og_image":[{"width":600,"height":600,"url":"https:\/\/www.miomiorun.com\/app\/uploads\/2023\/09\/saucony-aura-tr-W-fossil-grape-S10862-12.jpg","type":"image\/jpeg"}],"twitter_card":"summary_large_image","twitter_misc":{"Est. reading time":"1 minute"},"schema":{"@context":"https:\/\/schema.org","@graph":[{"@type":"WebPage","@id":"https:\/\/www.miomiorun.com\/es\/producto\/aura-tr-mujer\/","url":"https:\/\/www.miomiorun.com\/es\/producto\/aura-tr-mujer\/","name":"Saucony Aura TR mujer - zapatilla de trail running - MioMioRun","isPartOf":{"@id":"https:\/\/www.miomiorun.com\/es\/#website"},"primaryImageOfPage":{"@id":"https:\/\/www.miomiorun.com\/es\/producto\/aura-tr-mujer\/#primaryimage"},"image":{"@id":"https:\/\/www.miomiorun.com\/es\/producto\/aura-tr-mujer\/#primaryimage"},"thumbnailUrl":"https:\/\/www.miomiorun.com\/app\/uploads\/2023\/09\/saucony-aura-tr-W-fossil-grape-S10862-12.jpg","datePublished":"2023-09-19T06:45:32+00:00","dateModified":"2026-03-05T17:31:09+00:00","description":"Aura TR para mujer. Una zapatilla de trail adaptable que domina el ajuste, la comodidad y el rendimiento para ser la compa\u00f1era perfecta para correr.","breadcrumb":{"@id":"https:\/\/www.miomiorun.com\/es\/producto\/aura-tr-mujer\/#breadcrumb"},"inLanguage":"es-ES","potentialAction":[{"@type":"ReadAction","target":["https:\/\/www.miomiorun.com\/es\/producto\/aura-tr-mujer\/"]}]},{"@type":"ImageObject","inLanguage":"es-ES","@id":"https:\/\/www.miomiorun.com\/es\/producto\/aura-tr-mujer\/#primaryimage","url":"https:\/\/www.miomiorun.com\/app\/uploads\/2023\/09\/saucony-aura-tr-W-fossil-grape-S10862-12.jpg","contentUrl":"https:\/\/www.miomiorun.com\/app\/uploads\/2023\/09\/saucony-aura-tr-W-fossil-grape-S10862-12.jpg","width":600,"height":600,"caption":"saucony-aura-tr-W-fossil-grape-S10862-12"},{"@type":"BreadcrumbList","@id":"https:\/\/www.miomiorun.com\/es\/producto\/aura-tr-mujer\/#breadcrumb","itemListElement":[{"@type":"ListItem","position":1,"name":"Home","item":"https:\/\/www.miomiorun.com\/es\/"},{"@type":"ListItem","position":2,"name":"Shop","item":"https:\/\/www.miomiorun.com\/shop\/"},{"@type":"ListItem","position":3,"name":"Aura TR mujer"}]},{"@type":"WebSite","@id":"https:\/\/www.miomiorun.com\/es\/#website","url":"https:\/\/www.miomiorun.com\/es\/","name":"MioMioRun","description":"Tienda 100% running y trail","publisher":{"@id":"https:\/\/www.miomiorun.com\/es\/#organization"},"potentialAction":[{"@type":"SearchAction","target":{"@type":"EntryPoint","urlTemplate":"https:\/\/www.miomiorun.com\/es\/?s={search_term_string}"},"query-input":{"@type":"PropertyValueSpecification","valueRequired":true,"valueName":"search_term_string"}}],"inLanguage":"es-ES"},{"@type":"Organization","@id":"https:\/\/www.miomiorun.com\/es\/#organization","name":"MioMio Run","url":"https:\/\/www.miomiorun.com\/es\/","logo":{"@type":"ImageObject","inLanguage":"es-ES","@id":"https:\/\/www.miomiorun.com\/es\/#\/schema\/logo\/image\/","url":"https:\/\/www.miomiorun.com\/app\/uploads\/2019\/12\/logomio.png","contentUrl":"https:\/\/www.miomiorun.com\/app\/uploads\/2019\/12\/logomio.png","width":115,"height":82,"caption":"MioMio Run"},"image":{"@id":"https:\/\/www.miomiorun.com\/es\/#\/schema\/logo\/image\/"},"sameAs":["https:\/\/www.facebook.com\/miomiorun\/","https:\/\/www.instagram.com\/miomiorun\/"]}]}},"_links":{"self":[{"href":"https:\/\/www.miomiorun.com\/es\/wp-json\/wp\/v2\/product\/286731","targetHints":{"allow":["GET"]}}],"collection":[{"href":"https:\/\/www.miomiorun.com\/es\/wp-json\/wp\/v2\/product"}],"about":[{"href":"https:\/\/www.miomiorun.com\/es\/wp-json\/wp\/v2\/types\/product"}],"wp:featuredmedia":[{"embeddable":true,"href":"https:\/\/www.miomiorun.com\/es\/wp-json\/wp\/v2\/media\/242873"}],"wp:attachment":[{"href":"https:\/\/www.miomiorun.com\/es\/wp-json\/wp\/v2\/media?parent=286731"}],"wp:term":[{"taxonomy":"product_brand","embeddable":true,"href":"https:\/\/www.miomiorun.com\/es\/wp-json\/wp\/v2\/product_brand?post=286731"},{"taxonomy":"product_cat","embeddable":true,"href":"https:\/\/www.miomiorun.com\/es\/wp-json\/wp\/v2\/product_cat?post=286731"},{"taxonomy":"product_tag","embeddable":true,"href":"https:\/\/www.miomiorun.com\/es\/wp-json\/wp\/v2\/product_tag?post=286731"}],"curies":[{"name":"wp","href":"https:\/\/api.w.org\/{rel}","templated":true}]}}