{"id":286629,"date":"2023-04-11T15:00:35","date_gmt":"2023-04-11T13:00:35","guid":{"rendered":"https:\/\/miomiorun.com\/prodotto\/pro-trail-singlet-uomo\/"},"modified":"2026-05-06T18:11:55","modified_gmt":"2026-05-06T16:11:55","slug":"pro-trail-singlet-hombre","status":"publish","type":"product","link":"https:\/\/www.miomiorun.com\/es\/producto\/pro-trail-singlet-hombre\/","title":{"rendered":"Pro Trail Singlet hombre"},"content":{"rendered":"<p><strong>La camiseta sin mangas PRO Trail Singlet<\/strong> para hombre es una camiseta de running de nivel profesional dise\u00f1ada para el trail running de alta intensidad.<\/p>\n<p>Esta camiseta de alto rendimiento se caracteriza por un tejido <strong>jersey jacquard-knit<\/strong> con estructura ripstop en la parte delantera y malla el\u00e1stica entretejida en la parte trasera para una mayor ventilaci\u00f3n y protecci\u00f3n contra el desgaste y las rozaduras causadas por el uso de la mochila.<\/p>\n<p>La camiseta cuenta adem\u00e1s con aberturas laterales para una mayor libertad de movimiento, un peque\u00f1o bolsillo de malla el\u00e1stica en la parte superior de la espalda y un ribete en el cuello para evitar rozaduras. Adem\u00e1s, la prenda presenta un estampado de silicona en los hombros para un agarre seguro al llevar una mochila o un sistema de hidrataci\u00f3n durante las carreras largas.<\/p>\n<h3>Caracter\u00edsticas:<\/h3>\n<ul>\n<li>Tejido de jersey jacquard con estructura ripstop en la parte delantera y en las mangas<\/li>\n<li>Malla el\u00e1stica tejida en la espalda<\/li>\n<li>Borde ribeteado en el cuello<\/li>\n<li>Peque\u00f1o bolsillo de malla el\u00e1stica en la parte superior de la espalda<\/li>\n<li>Aberturas laterales<\/li>\n<li>Estampado de silicona en los hombros<\/li>\n<li>Corte recto<\/li>\n<\/ul>\n","protected":false},"excerpt":{"rendered":"<ul>\n<li>Tejido de jersey jacquard con estructura ripstop en la parte delantera y en las mangas<\/li>\n<li>Malla el\u00e1stica tejida en la parte trasera<\/li>\n<li>Borde ribeteado en el cuello<\/li>\n<\/ul>\n","protected":false},"featured_media":239928,"template":"","meta":{"_acf_changed":false,"inline_featured_image":false},"product_brand":[],"product_cat":[24461,24463],"product_tag":[23553,23663],"class_list":{"0":"post-286629","1":"product","2":"type-product","3":"status-publish","4":"has-post-thumbnail","6":"product_cat-chalecos-es-2","7":"product_cat-ropa-de-hombre-es","8":"product_tag-craft-es","9":"product_tag-craft-hombre","10":"pa_attivita-caminar","11":"pa_attivita-trail-es","12":"pa_marca-craft-es","13":"pa_sesso-hombre","14":"pa_size-medium-es","16":"first","17":"instock","18":"sale","19":"taxable","20":"shipping-taxable","21":"purchasable","22":"product-type-variable","23":"wvs-archive-product-wrapper"},"acf":[],"yoast_head":"<!-- This site is optimized with the Yoast SEO plugin v26.8 - https:\/\/yoast.com\/product\/yoast-seo-wordpress\/ -->\n<title>Craft Pro Trail Singlet hombre - camiseta sin mangas para correr -<\/title>\n<meta name=\"description\" content=\"La camiseta sin mangas PRO Trail Singlet para hombre es una camiseta de running de nivel profesional dise\u00f1ada para el trail running de alta intensidad.\" \/>\n<meta name=\"robots\" content=\"index, follow, max-snippet:-1, max-image-preview:large, max-video-preview:-1\" \/>\n<link rel=\"canonical\" href=\"https:\/\/www.miomiorun.com\/es\/producto\/pro-trail-singlet-hombre\/\" \/>\n<meta property=\"og:locale\" content=\"es_ES\" \/>\n<meta property=\"og:type\" content=\"article\" \/>\n<meta property=\"og:title\" content=\"Craft Pro Trail Singlet hombre - camiseta sin mangas para correr -\" \/>\n<meta property=\"og:description\" content=\"La camiseta sin mangas PRO Trail Singlet para hombre es una camiseta de running de nivel profesional dise\u00f1ada para el trail running de alta intensidad.\" \/>\n<meta property=\"og:url\" content=\"https:\/\/www.miomiorun.com\/es\/producto\/pro-trail-singlet-hombre\/\" \/>\n<meta property=\"og:site_name\" content=\"MioMioRun\" \/>\n<meta property=\"article:publisher\" content=\"https:\/\/www.facebook.com\/miomiorun\/\" \/>\n<meta property=\"article:modified_time\" content=\"2026-05-06T16:11:55+00:00\" \/>\n<meta property=\"og:image\" content=\"https:\/\/www.miomiorun.com\/app\/uploads\/2023\/04\/craft-pro-trail-singlet-desert-1913153-574000.jpg\" \/>\n\t<meta property=\"og:image:width\" content=\"600\" \/>\n\t<meta property=\"og:image:height\" content=\"600\" \/>\n\t<meta property=\"og:image:type\" content=\"image\/jpeg\" \/>\n<meta name=\"twitter:card\" content=\"summary_large_image\" \/>\n<meta name=\"twitter:label1\" content=\"Est. reading time\" \/>\n\t<meta name=\"twitter:data1\" content=\"1 minute\" \/>\n<script type=\"application\/ld+json\" class=\"yoast-schema-graph\">{\"@context\":\"https:\/\/schema.org\",\"@graph\":[{\"@type\":\"WebPage\",\"@id\":\"https:\/\/www.miomiorun.com\/es\/producto\/pro-trail-singlet-hombre\/\",\"url\":\"https:\/\/www.miomiorun.com\/es\/producto\/pro-trail-singlet-hombre\/\",\"name\":\"Craft Pro Trail Singlet hombre - camiseta sin mangas para correr -\",\"isPartOf\":{\"@id\":\"https:\/\/www.miomiorun.com\/es\/#website\"},\"primaryImageOfPage\":{\"@id\":\"https:\/\/www.miomiorun.com\/es\/producto\/pro-trail-singlet-hombre\/#primaryimage\"},\"image\":{\"@id\":\"https:\/\/www.miomiorun.com\/es\/producto\/pro-trail-singlet-hombre\/#primaryimage\"},\"thumbnailUrl\":\"https:\/\/www.miomiorun.com\/app\/uploads\/2023\/04\/craft-pro-trail-singlet-desert-1913153-574000.jpg\",\"datePublished\":\"2023-04-11T13:00:35+00:00\",\"dateModified\":\"2026-05-06T16:11:55+00:00\",\"description\":\"La camiseta sin mangas PRO Trail Singlet para hombre es una camiseta de running de nivel profesional dise\u00f1ada para el trail running de alta intensidad.\",\"breadcrumb\":{\"@id\":\"https:\/\/www.miomiorun.com\/es\/producto\/pro-trail-singlet-hombre\/#breadcrumb\"},\"inLanguage\":\"es-ES\",\"potentialAction\":[{\"@type\":\"ReadAction\",\"target\":[\"https:\/\/www.miomiorun.com\/es\/producto\/pro-trail-singlet-hombre\/\"]}]},{\"@type\":\"ImageObject\",\"inLanguage\":\"es-ES\",\"@id\":\"https:\/\/www.miomiorun.com\/es\/producto\/pro-trail-singlet-hombre\/#primaryimage\",\"url\":\"https:\/\/www.miomiorun.com\/app\/uploads\/2023\/04\/craft-pro-trail-singlet-desert-1913153-574000.jpg\",\"contentUrl\":\"https:\/\/www.miomiorun.com\/app\/uploads\/2023\/04\/craft-pro-trail-singlet-desert-1913153-574000.jpg\",\"width\":600,\"height\":600,\"caption\":\"craft-pro-trail--singlet-desert-1913153-574000\"},{\"@type\":\"BreadcrumbList\",\"@id\":\"https:\/\/www.miomiorun.com\/es\/producto\/pro-trail-singlet-hombre\/#breadcrumb\",\"itemListElement\":[{\"@type\":\"ListItem\",\"position\":1,\"name\":\"Home\",\"item\":\"https:\/\/www.miomiorun.com\/es\/\"},{\"@type\":\"ListItem\",\"position\":2,\"name\":\"Shop\",\"item\":\"https:\/\/www.miomiorun.com\/shop\/\"},{\"@type\":\"ListItem\",\"position\":3,\"name\":\"Pro Trail Singlet hombre\"}]},{\"@type\":\"WebSite\",\"@id\":\"https:\/\/www.miomiorun.com\/es\/#website\",\"url\":\"https:\/\/www.miomiorun.com\/es\/\",\"name\":\"MioMioRun\",\"description\":\"Tienda 100% running y trail\",\"publisher\":{\"@id\":\"https:\/\/www.miomiorun.com\/es\/#organization\"},\"potentialAction\":[{\"@type\":\"SearchAction\",\"target\":{\"@type\":\"EntryPoint\",\"urlTemplate\":\"https:\/\/www.miomiorun.com\/es\/?s={search_term_string}\"},\"query-input\":{\"@type\":\"PropertyValueSpecification\",\"valueRequired\":true,\"valueName\":\"search_term_string\"}}],\"inLanguage\":\"es-ES\"},{\"@type\":\"Organization\",\"@id\":\"https:\/\/www.miomiorun.com\/es\/#organization\",\"name\":\"MioMio Run\",\"url\":\"https:\/\/www.miomiorun.com\/es\/\",\"logo\":{\"@type\":\"ImageObject\",\"inLanguage\":\"es-ES\",\"@id\":\"https:\/\/www.miomiorun.com\/es\/#\/schema\/logo\/image\/\",\"url\":\"https:\/\/www.miomiorun.com\/app\/uploads\/2019\/12\/logomio.png\",\"contentUrl\":\"https:\/\/www.miomiorun.com\/app\/uploads\/2019\/12\/logomio.png\",\"width\":115,\"height\":82,\"caption\":\"MioMio Run\"},\"image\":{\"@id\":\"https:\/\/www.miomiorun.com\/es\/#\/schema\/logo\/image\/\"},\"sameAs\":[\"https:\/\/www.facebook.com\/miomiorun\/\",\"https:\/\/www.instagram.com\/miomiorun\/\"]}]}<\/script>\n<!-- \/ Yoast SEO plugin. -->","yoast_head_json":{"title":"Craft Pro Trail Singlet hombre - camiseta sin mangas para correr -","description":"La camiseta sin mangas PRO Trail Singlet para hombre es una camiseta de running de nivel profesional dise\u00f1ada para el trail running de alta intensidad.","robots":{"index":"index","follow":"follow","max-snippet":"max-snippet:-1","max-image-preview":"max-image-preview:large","max-video-preview":"max-video-preview:-1"},"canonical":"https:\/\/www.miomiorun.com\/es\/producto\/pro-trail-singlet-hombre\/","og_locale":"es_ES","og_type":"article","og_title":"Craft Pro Trail Singlet hombre - camiseta sin mangas para correr -","og_description":"La camiseta sin mangas PRO Trail Singlet para hombre es una camiseta de running de nivel profesional dise\u00f1ada para el trail running de alta intensidad.","og_url":"https:\/\/www.miomiorun.com\/es\/producto\/pro-trail-singlet-hombre\/","og_site_name":"MioMioRun","article_publisher":"https:\/\/www.facebook.com\/miomiorun\/","article_modified_time":"2026-05-06T16:11:55+00:00","og_image":[{"width":600,"height":600,"url":"https:\/\/www.miomiorun.com\/app\/uploads\/2023\/04\/craft-pro-trail-singlet-desert-1913153-574000.jpg","type":"image\/jpeg"}],"twitter_card":"summary_large_image","twitter_misc":{"Est. reading time":"1 minute"},"schema":{"@context":"https:\/\/schema.org","@graph":[{"@type":"WebPage","@id":"https:\/\/www.miomiorun.com\/es\/producto\/pro-trail-singlet-hombre\/","url":"https:\/\/www.miomiorun.com\/es\/producto\/pro-trail-singlet-hombre\/","name":"Craft Pro Trail Singlet hombre - camiseta sin mangas para correr -","isPartOf":{"@id":"https:\/\/www.miomiorun.com\/es\/#website"},"primaryImageOfPage":{"@id":"https:\/\/www.miomiorun.com\/es\/producto\/pro-trail-singlet-hombre\/#primaryimage"},"image":{"@id":"https:\/\/www.miomiorun.com\/es\/producto\/pro-trail-singlet-hombre\/#primaryimage"},"thumbnailUrl":"https:\/\/www.miomiorun.com\/app\/uploads\/2023\/04\/craft-pro-trail-singlet-desert-1913153-574000.jpg","datePublished":"2023-04-11T13:00:35+00:00","dateModified":"2026-05-06T16:11:55+00:00","description":"La camiseta sin mangas PRO Trail Singlet para hombre es una camiseta de running de nivel profesional dise\u00f1ada para el trail running de alta intensidad.","breadcrumb":{"@id":"https:\/\/www.miomiorun.com\/es\/producto\/pro-trail-singlet-hombre\/#breadcrumb"},"inLanguage":"es-ES","potentialAction":[{"@type":"ReadAction","target":["https:\/\/www.miomiorun.com\/es\/producto\/pro-trail-singlet-hombre\/"]}]},{"@type":"ImageObject","inLanguage":"es-ES","@id":"https:\/\/www.miomiorun.com\/es\/producto\/pro-trail-singlet-hombre\/#primaryimage","url":"https:\/\/www.miomiorun.com\/app\/uploads\/2023\/04\/craft-pro-trail-singlet-desert-1913153-574000.jpg","contentUrl":"https:\/\/www.miomiorun.com\/app\/uploads\/2023\/04\/craft-pro-trail-singlet-desert-1913153-574000.jpg","width":600,"height":600,"caption":"craft-pro-trail--singlet-desert-1913153-574000"},{"@type":"BreadcrumbList","@id":"https:\/\/www.miomiorun.com\/es\/producto\/pro-trail-singlet-hombre\/#breadcrumb","itemListElement":[{"@type":"ListItem","position":1,"name":"Home","item":"https:\/\/www.miomiorun.com\/es\/"},{"@type":"ListItem","position":2,"name":"Shop","item":"https:\/\/www.miomiorun.com\/shop\/"},{"@type":"ListItem","position":3,"name":"Pro Trail Singlet hombre"}]},{"@type":"WebSite","@id":"https:\/\/www.miomiorun.com\/es\/#website","url":"https:\/\/www.miomiorun.com\/es\/","name":"MioMioRun","description":"Tienda 100% running y trail","publisher":{"@id":"https:\/\/www.miomiorun.com\/es\/#organization"},"potentialAction":[{"@type":"SearchAction","target":{"@type":"EntryPoint","urlTemplate":"https:\/\/www.miomiorun.com\/es\/?s={search_term_string}"},"query-input":{"@type":"PropertyValueSpecification","valueRequired":true,"valueName":"search_term_string"}}],"inLanguage":"es-ES"},{"@type":"Organization","@id":"https:\/\/www.miomiorun.com\/es\/#organization","name":"MioMio Run","url":"https:\/\/www.miomiorun.com\/es\/","logo":{"@type":"ImageObject","inLanguage":"es-ES","@id":"https:\/\/www.miomiorun.com\/es\/#\/schema\/logo\/image\/","url":"https:\/\/www.miomiorun.com\/app\/uploads\/2019\/12\/logomio.png","contentUrl":"https:\/\/www.miomiorun.com\/app\/uploads\/2019\/12\/logomio.png","width":115,"height":82,"caption":"MioMio Run"},"image":{"@id":"https:\/\/www.miomiorun.com\/es\/#\/schema\/logo\/image\/"},"sameAs":["https:\/\/www.facebook.com\/miomiorun\/","https:\/\/www.instagram.com\/miomiorun\/"]}]}},"_links":{"self":[{"href":"https:\/\/www.miomiorun.com\/es\/wp-json\/wp\/v2\/product\/286629","targetHints":{"allow":["GET"]}}],"collection":[{"href":"https:\/\/www.miomiorun.com\/es\/wp-json\/wp\/v2\/product"}],"about":[{"href":"https:\/\/www.miomiorun.com\/es\/wp-json\/wp\/v2\/types\/product"}],"wp:featuredmedia":[{"embeddable":true,"href":"https:\/\/www.miomiorun.com\/es\/wp-json\/wp\/v2\/media\/239928"}],"wp:attachment":[{"href":"https:\/\/www.miomiorun.com\/es\/wp-json\/wp\/v2\/media?parent=286629"}],"wp:term":[{"taxonomy":"product_brand","embeddable":true,"href":"https:\/\/www.miomiorun.com\/es\/wp-json\/wp\/v2\/product_brand?post=286629"},{"taxonomy":"product_cat","embeddable":true,"href":"https:\/\/www.miomiorun.com\/es\/wp-json\/wp\/v2\/product_cat?post=286629"},{"taxonomy":"product_tag","embeddable":true,"href":"https:\/\/www.miomiorun.com\/es\/wp-json\/wp\/v2\/product_tag?post=286629"}],"curies":[{"name":"wp","href":"https:\/\/api.w.org\/{rel}","templated":true}]}}