{"id":286536,"date":"2023-04-20T12:18:38","date_gmt":"2023-04-20T10:18:38","guid":{"rendered":"https:\/\/miomiorun.com\/prodotto\/double-poliammide-evo\/"},"modified":"2025-12-02T19:18:32","modified_gmt":"2025-12-02T18:18:32","slug":"double-poliammide-evo","status":"publish","type":"product","link":"https:\/\/www.miomiorun.com\/es\/producto\/double-poliammide-evo\/","title":{"rendered":"Double Poliammide Evo"},"content":{"rendered":"<p><div class=\"vc-row container\"><div class=\"vc-column\"><div class=\"vc-column-text\">El calcet\u00edn alto <strong>Double poliammide EVO<\/strong> de <strong>Bv Sport<\/strong> es un calcet\u00edn de trekking ultraligero e hiperventilado. Est\u00e1 compuesta por dos capas, la primera se adhiere al pie y la segunda al calzado. Esta t\u00e9cnica de fabricaci\u00f3n evita la fricci\u00f3n y limita el calentamiento durante tus excursiones.<\/p>\n<p>El calcet\u00edn alto <strong>DOUBLE POLIAMMIDE EVO <\/strong>est\u00e1 compuesto por dos capas de calcetines ultraligeros y resistentes.<\/p>\n<p>El primer calcet\u00edn se adhiere al pie y el segundo al calzado para reducir la fricci\u00f3n durante la pr\u00e1ctica deportiva.<\/p>\n<h3>Caracter\u00edsticas:<\/h3>\n<ul>\n<li>Las zonas de punto ligero, <strong>AIRGON<\/strong>, y la fibra <strong>SENSIL AQUARIUS<\/strong> permiten eliminar el sudor durante la pr\u00e1ctica deportiva.<\/li>\n<li>La puntera y el tal\u00f3n se han reforzado con Friction Free para ofrecer una comodidad \u00f3ptima y limitar la aparici\u00f3n de ampollas.<\/li>\n<li>El calcet\u00edn cuenta con zonas de refuerzo en la parte delantera del pie y debajo del tal\u00f3n para proteger eficazmente el pie durante el esfuerzo.<\/li>\n<li>El sistema<strong>&nbsp;Y-SPORT<\/strong> combinado con&nbsp;STABIL EFFECT&nbsp;proporciona un&nbsp;excelente soporte&nbsp;para el calcet\u00edn dentro del zapato.<\/li>\n<li><strong>El&nbsp;BORDO A COSTA LARGA<\/strong>,&nbsp;sin costuras, evita el efecto torniquete.<\/li>\n<\/ul>\n<div class=\"o-feature-callout__feature-copy\">\n<div class=\"o-feature-callout__feature-copy\">\n<div class=\"o-feature-callout__feature-copy\">\n<p>&nbsp;<\/p>\n<\/div>\n<\/div>\n<\/div>\n<p><\/div><\/div><\/div><div class=\"vc-row container\"><div class=\"vc-column\"><div class=\"vc-column-text\"><a href=\"https:\/\/miomiorun.com\/wp-content\/uploads\/2023\/04\/bv-sport-double-poliammide-evo.jpg\"><img loading=\"lazy\" decoding=\"async\" class=\"aligncenter wp-image-127924 size-full\" src=\"https:\/\/miomiorun.com\/wp-content\/uploads\/2023\/04\/bv-sport-double-poliammide-evo.jpg\" alt=\"\" width=\"568\" height=\"456\" srcset=\"https:\/\/www.miomiorun.com\/app\/uploads\/2023\/04\/bv-sport-double-poliammide-evo.jpg 568w, https:\/\/www.miomiorun.com\/app\/uploads\/2023\/04\/bv-sport-double-poliammide-evo-300x241.jpg 300w, https:\/\/www.miomiorun.com\/app\/uploads\/2023\/04\/bv-sport-double-poliammide-evo-400x321.jpg 400w, https:\/\/www.miomiorun.com\/app\/uploads\/2023\/04\/bv-sport-double-poliammide-evo-480x385.jpg 480w\" sizes=\"auto, (max-width: 568px) 100vw, 568px\" \/><\/a><\/div><\/div><div class=\"vc-column\"> <div class=\"vc-column-text\"><\/p>\n<h3>Tecnolog\u00edas:<\/h3>\n<div class=\"o-feature-callout__feature-copy\">\n<div class=\"o-feature-callout__feature-copy\">\n<div class=\"o-feature-callout__feature-copy\">\n<p class=\"title\"><strong>Y-Sport System<\/strong><\/p>\n<p>Combinaci\u00f3n de malla estabilizadora y malla aligerada en el punto de flexi\u00f3n de la articulaci\u00f3n del tobillo. Esta t\u00e9cnica permite un ajuste \u00f3ptimo de la posici\u00f3n del calcet\u00edn y facilita el movimiento del pie a nivel de la articulaci\u00f3n del tobillo.<\/p>\n<p class=\"title\"><strong>Borde de canal\u00e9 ancho<\/strong><\/p>\n<p>Sujeta eficazmente el calcet\u00edn sin efecto torniquete durante el esfuerzo.<\/p>\n<p class=\"title\"><strong>Refuerzo en el tal\u00f3n y la puntera<\/strong><\/p>\n<p>Evita el sobrecalentamiento y la fricci\u00f3n.<\/p>\n<p class=\"title\"><strong>Costura plana<\/strong><\/p>\n<p>Limita la fricci\u00f3n y la irritaci\u00f3n plantar. Favorece la comodidad durante el esfuerzo.<\/p>\n<p class=\"title\"><strong>Malla Airgon<\/strong><\/p>\n<p>Malla aireada en la parte superior del pie. Acelera la regulaci\u00f3n t\u00e9rmica. Regula la temperatura del pie durante<\/p>\n<\/div>\n<\/div>\n<\/div>\n<p><\/div><\/div><\/div><\/p>\n","protected":false},"excerpt":{"rendered":"<ul>\n<li>Las zonas de malla ligera, <strong>AIRGON<\/strong>, y la fibra <strong>SENSIL AQUARIUS<\/strong> permiten eliminar el sudor durante la pr\u00e1ctica deportiva.<\/li>\n<li>La puntera y el tal\u00f3n se han reforzado con Friction Free para ofrecer una comodidad \u00f3ptima y limitar la aparici\u00f3n de ampollas.<\/li>\n<li>El calcet\u00edn cuenta con zonas de refuerzo en la parte delantera del pie y debajo del tal\u00f3n para proteger eficazmente el pie durante el esfuerzo.<\/li>\n<\/ul>\n","protected":false},"featured_media":241587,"template":"","meta":{"_acf_changed":false,"inline_featured_image":false},"product_brand":[],"product_cat":[24462,24400,24463,24401,24402],"product_tag":[23561,24176,23622],"class_list":{"0":"post-286536","1":"product","2":"type-product","3":"status-publish","4":"has-post-thumbnail","6":"product_cat-calcetines-es-2","7":"product_cat-calcetines","8":"product_cat-ropa-de-hombre-es","9":"product_cat-ropa-de-mujer","10":"product_cat-mujer","11":"product_tag-bv-sport-es","12":"product_tag-bv-sport-hombre","13":"product_tag-bv-sport-mujer","14":"pa_attivita-caminar","15":"pa_attivita-outdoor-es","16":"pa_colore-double-poliammide-evo-nero-grigio-es","17":"pa_colore-double-poliammide-evo-nero-verde-es","18":"pa_marca-bv-sport-es","19":"pa_sesso-hombre","20":"pa_sesso-mujer","21":"pa_size-36-38-es","22":"pa_size-42-44-es","24":"first","25":"instock","26":"sale","27":"taxable","28":"shipping-taxable","29":"purchasable","30":"product-type-variable","31":"wvs-archive-product-wrapper"},"acf":[],"yoast_head":"<!-- This site is optimized with the Yoast SEO plugin v26.8 - https:\/\/yoast.com\/product\/yoast-seo-wordpress\/ -->\n<title>BvsportDouble Poliammide Evo - Calcetines para correr - MioMioRun<\/title>\n<meta name=\"description\" content=\"Double poliammide EVO de Bv Sport es un calcet\u00edn de trekking ultraligero e hiperventilado. Est\u00e1 compuesto por dos capas, la primera se adhiere al pie\" \/>\n<meta name=\"robots\" content=\"index, follow, max-snippet:-1, max-image-preview:large, max-video-preview:-1\" \/>\n<link rel=\"canonical\" href=\"https:\/\/www.miomiorun.com\/es\/producto\/double-poliammide-evo\/\" \/>\n<meta property=\"og:locale\" content=\"es_ES\" \/>\n<meta property=\"og:type\" content=\"article\" \/>\n<meta property=\"og:title\" content=\"BvsportDouble Poliammide Evo - Calcetines para correr - MioMioRun\" \/>\n<meta property=\"og:description\" content=\"Double poliammide EVO de Bv Sport es un calcet\u00edn de trekking ultraligero e hiperventilado. Est\u00e1 compuesto por dos capas, la primera se adhiere al pie\" \/>\n<meta property=\"og:url\" content=\"https:\/\/www.miomiorun.com\/es\/producto\/double-poliammide-evo\/\" \/>\n<meta property=\"og:site_name\" content=\"MioMioRun\" \/>\n<meta property=\"article:publisher\" content=\"https:\/\/www.facebook.com\/miomiorun\/\" \/>\n<meta property=\"article:modified_time\" content=\"2025-12-02T18:18:32+00:00\" \/>\n<meta property=\"og:image\" content=\"https:\/\/www.miomiorun.com\/app\/uploads\/2023\/06\/bv-sport-double-poliammide-evo-nero-verde-243-004.jpg\" \/>\n\t<meta property=\"og:image:width\" content=\"600\" \/>\n\t<meta property=\"og:image:height\" content=\"600\" \/>\n\t<meta property=\"og:image:type\" content=\"image\/jpeg\" \/>\n<meta name=\"twitter:card\" content=\"summary_large_image\" \/>\n<meta name=\"twitter:label1\" content=\"Est. reading time\" \/>\n\t<meta name=\"twitter:data1\" content=\"2 minutes\" \/>\n<script type=\"application\/ld+json\" class=\"yoast-schema-graph\">{\"@context\":\"https:\/\/schema.org\",\"@graph\":[{\"@type\":\"WebPage\",\"@id\":\"https:\/\/www.miomiorun.com\/es\/producto\/double-poliammide-evo\/\",\"url\":\"https:\/\/www.miomiorun.com\/es\/producto\/double-poliammide-evo\/\",\"name\":\"BvsportDouble Poliammide Evo - Calcetines para correr - MioMioRun\",\"isPartOf\":{\"@id\":\"https:\/\/www.miomiorun.com\/es\/#website\"},\"primaryImageOfPage\":{\"@id\":\"https:\/\/www.miomiorun.com\/es\/producto\/double-poliammide-evo\/#primaryimage\"},\"image\":{\"@id\":\"https:\/\/www.miomiorun.com\/es\/producto\/double-poliammide-evo\/#primaryimage\"},\"thumbnailUrl\":\"https:\/\/www.miomiorun.com\/app\/uploads\/2023\/06\/bv-sport-double-poliammide-evo-nero-verde-243-004.jpg\",\"datePublished\":\"2023-04-20T10:18:38+00:00\",\"dateModified\":\"2025-12-02T18:18:32+00:00\",\"description\":\"Double poliammide EVO de Bv Sport es un calcet\u00edn de trekking ultraligero e hiperventilado. Est\u00e1 compuesto por dos capas, la primera se adhiere al pie\",\"breadcrumb\":{\"@id\":\"https:\/\/www.miomiorun.com\/es\/producto\/double-poliammide-evo\/#breadcrumb\"},\"inLanguage\":\"es-ES\",\"potentialAction\":[{\"@type\":\"ReadAction\",\"target\":[\"https:\/\/www.miomiorun.com\/es\/producto\/double-poliammide-evo\/\"]}]},{\"@type\":\"ImageObject\",\"inLanguage\":\"es-ES\",\"@id\":\"https:\/\/www.miomiorun.com\/es\/producto\/double-poliammide-evo\/#primaryimage\",\"url\":\"https:\/\/www.miomiorun.com\/app\/uploads\/2023\/06\/bv-sport-double-poliammide-evo-nero-verde-243-004.jpg\",\"contentUrl\":\"https:\/\/www.miomiorun.com\/app\/uploads\/2023\/06\/bv-sport-double-poliammide-evo-nero-verde-243-004.jpg\",\"width\":600,\"height\":600,\"caption\":\"bv-sport-double-poliammide-evo-nero-verde-243-004\"},{\"@type\":\"BreadcrumbList\",\"@id\":\"https:\/\/www.miomiorun.com\/es\/producto\/double-poliammide-evo\/#breadcrumb\",\"itemListElement\":[{\"@type\":\"ListItem\",\"position\":1,\"name\":\"Home\",\"item\":\"https:\/\/www.miomiorun.com\/es\/\"},{\"@type\":\"ListItem\",\"position\":2,\"name\":\"Shop\",\"item\":\"https:\/\/www.miomiorun.com\/shop\/\"},{\"@type\":\"ListItem\",\"position\":3,\"name\":\"Double Poliammide Evo\"}]},{\"@type\":\"WebSite\",\"@id\":\"https:\/\/www.miomiorun.com\/es\/#website\",\"url\":\"https:\/\/www.miomiorun.com\/es\/\",\"name\":\"MioMioRun\",\"description\":\"Tienda 100% running y trail\",\"publisher\":{\"@id\":\"https:\/\/www.miomiorun.com\/es\/#organization\"},\"potentialAction\":[{\"@type\":\"SearchAction\",\"target\":{\"@type\":\"EntryPoint\",\"urlTemplate\":\"https:\/\/www.miomiorun.com\/es\/?s={search_term_string}\"},\"query-input\":{\"@type\":\"PropertyValueSpecification\",\"valueRequired\":true,\"valueName\":\"search_term_string\"}}],\"inLanguage\":\"es-ES\"},{\"@type\":\"Organization\",\"@id\":\"https:\/\/www.miomiorun.com\/es\/#organization\",\"name\":\"MioMio Run\",\"url\":\"https:\/\/www.miomiorun.com\/es\/\",\"logo\":{\"@type\":\"ImageObject\",\"inLanguage\":\"es-ES\",\"@id\":\"https:\/\/www.miomiorun.com\/es\/#\/schema\/logo\/image\/\",\"url\":\"https:\/\/www.miomiorun.com\/app\/uploads\/2019\/12\/logomio.png\",\"contentUrl\":\"https:\/\/www.miomiorun.com\/app\/uploads\/2019\/12\/logomio.png\",\"width\":115,\"height\":82,\"caption\":\"MioMio Run\"},\"image\":{\"@id\":\"https:\/\/www.miomiorun.com\/es\/#\/schema\/logo\/image\/\"},\"sameAs\":[\"https:\/\/www.facebook.com\/miomiorun\/\",\"https:\/\/www.instagram.com\/miomiorun\/\"]}]}<\/script>\n<!-- \/ Yoast SEO plugin. -->","yoast_head_json":{"title":"BvsportDouble Poliammide Evo - Calcetines para correr - MioMioRun","description":"Double poliammide EVO de Bv Sport es un calcet\u00edn de trekking ultraligero e hiperventilado. Est\u00e1 compuesto por dos capas, la primera se adhiere al pie","robots":{"index":"index","follow":"follow","max-snippet":"max-snippet:-1","max-image-preview":"max-image-preview:large","max-video-preview":"max-video-preview:-1"},"canonical":"https:\/\/www.miomiorun.com\/es\/producto\/double-poliammide-evo\/","og_locale":"es_ES","og_type":"article","og_title":"BvsportDouble Poliammide Evo - Calcetines para correr - MioMioRun","og_description":"Double poliammide EVO de Bv Sport es un calcet\u00edn de trekking ultraligero e hiperventilado. Est\u00e1 compuesto por dos capas, la primera se adhiere al pie","og_url":"https:\/\/www.miomiorun.com\/es\/producto\/double-poliammide-evo\/","og_site_name":"MioMioRun","article_publisher":"https:\/\/www.facebook.com\/miomiorun\/","article_modified_time":"2025-12-02T18:18:32+00:00","og_image":[{"width":600,"height":600,"url":"https:\/\/www.miomiorun.com\/app\/uploads\/2023\/06\/bv-sport-double-poliammide-evo-nero-verde-243-004.jpg","type":"image\/jpeg"}],"twitter_card":"summary_large_image","twitter_misc":{"Est. reading time":"2 minutes"},"schema":{"@context":"https:\/\/schema.org","@graph":[{"@type":"WebPage","@id":"https:\/\/www.miomiorun.com\/es\/producto\/double-poliammide-evo\/","url":"https:\/\/www.miomiorun.com\/es\/producto\/double-poliammide-evo\/","name":"BvsportDouble Poliammide Evo - Calcetines para correr - MioMioRun","isPartOf":{"@id":"https:\/\/www.miomiorun.com\/es\/#website"},"primaryImageOfPage":{"@id":"https:\/\/www.miomiorun.com\/es\/producto\/double-poliammide-evo\/#primaryimage"},"image":{"@id":"https:\/\/www.miomiorun.com\/es\/producto\/double-poliammide-evo\/#primaryimage"},"thumbnailUrl":"https:\/\/www.miomiorun.com\/app\/uploads\/2023\/06\/bv-sport-double-poliammide-evo-nero-verde-243-004.jpg","datePublished":"2023-04-20T10:18:38+00:00","dateModified":"2025-12-02T18:18:32+00:00","description":"Double poliammide EVO de Bv Sport es un calcet\u00edn de trekking ultraligero e hiperventilado. Est\u00e1 compuesto por dos capas, la primera se adhiere al pie","breadcrumb":{"@id":"https:\/\/www.miomiorun.com\/es\/producto\/double-poliammide-evo\/#breadcrumb"},"inLanguage":"es-ES","potentialAction":[{"@type":"ReadAction","target":["https:\/\/www.miomiorun.com\/es\/producto\/double-poliammide-evo\/"]}]},{"@type":"ImageObject","inLanguage":"es-ES","@id":"https:\/\/www.miomiorun.com\/es\/producto\/double-poliammide-evo\/#primaryimage","url":"https:\/\/www.miomiorun.com\/app\/uploads\/2023\/06\/bv-sport-double-poliammide-evo-nero-verde-243-004.jpg","contentUrl":"https:\/\/www.miomiorun.com\/app\/uploads\/2023\/06\/bv-sport-double-poliammide-evo-nero-verde-243-004.jpg","width":600,"height":600,"caption":"bv-sport-double-poliammide-evo-nero-verde-243-004"},{"@type":"BreadcrumbList","@id":"https:\/\/www.miomiorun.com\/es\/producto\/double-poliammide-evo\/#breadcrumb","itemListElement":[{"@type":"ListItem","position":1,"name":"Home","item":"https:\/\/www.miomiorun.com\/es\/"},{"@type":"ListItem","position":2,"name":"Shop","item":"https:\/\/www.miomiorun.com\/shop\/"},{"@type":"ListItem","position":3,"name":"Double Poliammide Evo"}]},{"@type":"WebSite","@id":"https:\/\/www.miomiorun.com\/es\/#website","url":"https:\/\/www.miomiorun.com\/es\/","name":"MioMioRun","description":"Tienda 100% running y trail","publisher":{"@id":"https:\/\/www.miomiorun.com\/es\/#organization"},"potentialAction":[{"@type":"SearchAction","target":{"@type":"EntryPoint","urlTemplate":"https:\/\/www.miomiorun.com\/es\/?s={search_term_string}"},"query-input":{"@type":"PropertyValueSpecification","valueRequired":true,"valueName":"search_term_string"}}],"inLanguage":"es-ES"},{"@type":"Organization","@id":"https:\/\/www.miomiorun.com\/es\/#organization","name":"MioMio Run","url":"https:\/\/www.miomiorun.com\/es\/","logo":{"@type":"ImageObject","inLanguage":"es-ES","@id":"https:\/\/www.miomiorun.com\/es\/#\/schema\/logo\/image\/","url":"https:\/\/www.miomiorun.com\/app\/uploads\/2019\/12\/logomio.png","contentUrl":"https:\/\/www.miomiorun.com\/app\/uploads\/2019\/12\/logomio.png","width":115,"height":82,"caption":"MioMio Run"},"image":{"@id":"https:\/\/www.miomiorun.com\/es\/#\/schema\/logo\/image\/"},"sameAs":["https:\/\/www.facebook.com\/miomiorun\/","https:\/\/www.instagram.com\/miomiorun\/"]}]}},"_links":{"self":[{"href":"https:\/\/www.miomiorun.com\/es\/wp-json\/wp\/v2\/product\/286536","targetHints":{"allow":["GET"]}}],"collection":[{"href":"https:\/\/www.miomiorun.com\/es\/wp-json\/wp\/v2\/product"}],"about":[{"href":"https:\/\/www.miomiorun.com\/es\/wp-json\/wp\/v2\/types\/product"}],"wp:featuredmedia":[{"embeddable":true,"href":"https:\/\/www.miomiorun.com\/es\/wp-json\/wp\/v2\/media\/241587"}],"wp:attachment":[{"href":"https:\/\/www.miomiorun.com\/es\/wp-json\/wp\/v2\/media?parent=286536"}],"wp:term":[{"taxonomy":"product_brand","embeddable":true,"href":"https:\/\/www.miomiorun.com\/es\/wp-json\/wp\/v2\/product_brand?post=286536"},{"taxonomy":"product_cat","embeddable":true,"href":"https:\/\/www.miomiorun.com\/es\/wp-json\/wp\/v2\/product_cat?post=286536"},{"taxonomy":"product_tag","embeddable":true,"href":"https:\/\/www.miomiorun.com\/es\/wp-json\/wp\/v2\/product_tag?post=286536"}],"curies":[{"name":"wp","href":"https:\/\/api.w.org\/{rel}","templated":true}]}}