{"id":286523,"date":"2023-04-20T16:37:35","date_gmt":"2023-04-20T14:37:35","guid":{"rendered":"https:\/\/miomiorun.com\/prodotto\/scr-one-evo\/"},"modified":"2026-04-23T11:16:56","modified_gmt":"2026-04-23T09:16:56","slug":"scr-one-evo","status":"publish","type":"product","link":"https:\/\/www.miomiorun.com\/es\/producto\/scr-one-evo\/","title":{"rendered":"Scr One Evo"},"content":{"rendered":"<p>El calcet\u00edn corto de <strong>Bv Sport SCR ONE EVO<\/strong> es ultraligero y cuenta con un tejido transpirable <strong>AIRGON<\/strong>, cuenta con una&nbsp;plantilla anat\u00f3mica reforzada, refuerzos en el&nbsp;tal\u00f3n&nbsp;y la&nbsp;punta&nbsp;del pie y una&nbsp;costura plana.<\/p>\n<h3>Caracter\u00edsticas:<\/h3>\n<ul>\n<li>El calcet\u00edn corto SCR ONE EVO es ultraligero y cuenta con un tejido ligero y transpirable AIRGON en la parte superior del pie, para una mejor transpiraci\u00f3n durante las sesiones deportivas y un secado ultrarr\u00e1pido.<\/li>\n<li>La planta del pie es anat\u00f3mica y est\u00e1 reforzada para proporcionar una sensaci\u00f3n de comodidad y sujeci\u00f3n a la aponeurosis plantar.<\/li>\n<li>El tal\u00f3n y la puntera est\u00e1n reforzados, lo que permite una mejor amortiguaci\u00f3n, limita el posible sobrecalentamiento y previene la formaci\u00f3n de ampollas. &nbsp;La costura plana en la puntera aporta un confort adicional a este calcet\u00edn.<\/li>\n<li>El SCR ONE EVO cuenta con una estructura asim\u00e9trica (pie derecho y pie izquierdo) para adaptarse a la anatom\u00eda y ofrecer la m\u00e1xima comodidad.<\/li>\n<\/ul>\n<p>&nbsp;<\/p>\n","protected":false},"excerpt":{"rendered":"<ul>\n<li>Los calcetines cortos SCR ONE EVO son ultraligeros y cuentan con un tejido ligero y transpirable AIRGON.<\/li>\n<li>La planta del pie tiene un dise\u00f1o anat\u00f3mico.<\/li>\n<li>El tal\u00f3n y la puntera est\u00e1n reforzados.<\/li>\n<\/ul>\n","protected":false},"featured_media":241605,"template":"","meta":{"_acf_changed":false,"inline_featured_image":false},"product_brand":[],"product_cat":[24425,24476,24410,24420],"product_tag":[23561,24176,23622],"class_list":{"0":"post-286523","1":"product","2":"type-product","3":"status-publish","4":"has-post-thumbnail","6":"product_cat-calcetines-es","7":"product_cat-calcetines-es-3","8":"product_cat-ropa-de-hombre","9":"product_cat-ropa-de-mujer-es","10":"product_tag-bv-sport-es","11":"product_tag-bv-sport-hombre","12":"product_tag-bv-sport-mujer","13":"pa_attivita-caminar","14":"pa_attivita-fitness-es","15":"pa_attivita-running-es","16":"pa_colore-scr-one-blu-es","17":"pa_colore-scr-one-nero-verde-es","18":"pa_marca-bv-sport-es","19":"pa_sesso-hombre","20":"pa_sesso-mujer","21":"pa_size-36-38-es","23":"first","24":"instock","25":"sale","26":"taxable","27":"shipping-taxable","28":"purchasable","29":"product-type-variable","30":"wvs-archive-product-wrapper"},"acf":[],"yoast_head":"<!-- This site is optimized with the Yoast SEO plugin v26.8 - https:\/\/yoast.com\/product\/yoast-seo-wordpress\/ -->\n<title>Bv SportScr One Evo - Calcetines para correr - MioMioRun.com<\/title>\n<meta name=\"description\" content=\"Los calcetines cortos SCR ONE EVO de Bv Sport son ultraligeros y est\u00e1n fabricados con un tejido transpirable AIRGON; adem\u00e1s, cuentan con una plantilla anat\u00f3mica reforzada.\" \/>\n<meta name=\"robots\" content=\"index, follow, max-snippet:-1, max-image-preview:large, max-video-preview:-1\" \/>\n<link rel=\"canonical\" href=\"https:\/\/www.miomiorun.com\/es\/producto\/scr-one-evo\/\" \/>\n<meta property=\"og:locale\" content=\"es_ES\" \/>\n<meta property=\"og:type\" content=\"article\" \/>\n<meta property=\"og:title\" content=\"Bv SportScr One Evo - Calcetines para correr - MioMioRun.com\" \/>\n<meta property=\"og:description\" content=\"Los calcetines cortos SCR ONE EVO de Bv Sport son ultraligeros y est\u00e1n fabricados con un tejido transpirable AIRGON; adem\u00e1s, cuentan con una plantilla anat\u00f3mica reforzada.\" \/>\n<meta property=\"og:url\" content=\"https:\/\/www.miomiorun.com\/es\/producto\/scr-one-evo\/\" \/>\n<meta property=\"og:site_name\" content=\"MioMioRun\" \/>\n<meta property=\"article:publisher\" content=\"https:\/\/www.facebook.com\/miomiorun\/\" \/>\n<meta property=\"article:modified_time\" content=\"2026-04-23T09:16:56+00:00\" \/>\n<meta property=\"og:image\" content=\"https:\/\/www.miomiorun.com\/app\/uploads\/2023\/06\/bv-sport-scr-one-nero-verde-208-006.jpg\" \/>\n\t<meta property=\"og:image:width\" content=\"600\" \/>\n\t<meta property=\"og:image:height\" content=\"600\" \/>\n\t<meta property=\"og:image:type\" content=\"image\/jpeg\" \/>\n<meta name=\"twitter:card\" content=\"summary_large_image\" \/>\n<meta name=\"twitter:label1\" content=\"Est. reading time\" \/>\n\t<meta name=\"twitter:data1\" content=\"1 minute\" \/>\n<script type=\"application\/ld+json\" class=\"yoast-schema-graph\">{\"@context\":\"https:\/\/schema.org\",\"@graph\":[{\"@type\":\"WebPage\",\"@id\":\"https:\/\/www.miomiorun.com\/es\/producto\/scr-one-evo\/\",\"url\":\"https:\/\/www.miomiorun.com\/es\/producto\/scr-one-evo\/\",\"name\":\"Bv SportScr One Evo - Calcetines para correr - MioMioRun.com\",\"isPartOf\":{\"@id\":\"https:\/\/www.miomiorun.com\/es\/#website\"},\"primaryImageOfPage\":{\"@id\":\"https:\/\/www.miomiorun.com\/es\/producto\/scr-one-evo\/#primaryimage\"},\"image\":{\"@id\":\"https:\/\/www.miomiorun.com\/es\/producto\/scr-one-evo\/#primaryimage\"},\"thumbnailUrl\":\"https:\/\/www.miomiorun.com\/app\/uploads\/2023\/06\/bv-sport-scr-one-nero-verde-208-006.jpg\",\"datePublished\":\"2023-04-20T14:37:35+00:00\",\"dateModified\":\"2026-04-23T09:16:56+00:00\",\"description\":\"Los calcetines cortos SCR ONE EVO de Bv Sport son ultraligeros y est\u00e1n fabricados con un tejido transpirable AIRGON; adem\u00e1s, cuentan con una plantilla anat\u00f3mica reforzada.\",\"breadcrumb\":{\"@id\":\"https:\/\/www.miomiorun.com\/es\/producto\/scr-one-evo\/#breadcrumb\"},\"inLanguage\":\"es-ES\",\"potentialAction\":[{\"@type\":\"ReadAction\",\"target\":[\"https:\/\/www.miomiorun.com\/es\/producto\/scr-one-evo\/\"]}]},{\"@type\":\"ImageObject\",\"inLanguage\":\"es-ES\",\"@id\":\"https:\/\/www.miomiorun.com\/es\/producto\/scr-one-evo\/#primaryimage\",\"url\":\"https:\/\/www.miomiorun.com\/app\/uploads\/2023\/06\/bv-sport-scr-one-nero-verde-208-006.jpg\",\"contentUrl\":\"https:\/\/www.miomiorun.com\/app\/uploads\/2023\/06\/bv-sport-scr-one-nero-verde-208-006.jpg\",\"width\":600,\"height\":600,\"caption\":\"bv-sport-scr-one-nero-verde-208-006\"},{\"@type\":\"BreadcrumbList\",\"@id\":\"https:\/\/www.miomiorun.com\/es\/producto\/scr-one-evo\/#breadcrumb\",\"itemListElement\":[{\"@type\":\"ListItem\",\"position\":1,\"name\":\"Home\",\"item\":\"https:\/\/www.miomiorun.com\/es\/\"},{\"@type\":\"ListItem\",\"position\":2,\"name\":\"Shop\",\"item\":\"https:\/\/www.miomiorun.com\/shop\/\"},{\"@type\":\"ListItem\",\"position\":3,\"name\":\"Scr One Evo\"}]},{\"@type\":\"WebSite\",\"@id\":\"https:\/\/www.miomiorun.com\/es\/#website\",\"url\":\"https:\/\/www.miomiorun.com\/es\/\",\"name\":\"MioMioRun\",\"description\":\"Tienda 100% running y trail\",\"publisher\":{\"@id\":\"https:\/\/www.miomiorun.com\/es\/#organization\"},\"potentialAction\":[{\"@type\":\"SearchAction\",\"target\":{\"@type\":\"EntryPoint\",\"urlTemplate\":\"https:\/\/www.miomiorun.com\/es\/?s={search_term_string}\"},\"query-input\":{\"@type\":\"PropertyValueSpecification\",\"valueRequired\":true,\"valueName\":\"search_term_string\"}}],\"inLanguage\":\"es-ES\"},{\"@type\":\"Organization\",\"@id\":\"https:\/\/www.miomiorun.com\/es\/#organization\",\"name\":\"MioMio Run\",\"url\":\"https:\/\/www.miomiorun.com\/es\/\",\"logo\":{\"@type\":\"ImageObject\",\"inLanguage\":\"es-ES\",\"@id\":\"https:\/\/www.miomiorun.com\/es\/#\/schema\/logo\/image\/\",\"url\":\"https:\/\/www.miomiorun.com\/app\/uploads\/2019\/12\/logomio.png\",\"contentUrl\":\"https:\/\/www.miomiorun.com\/app\/uploads\/2019\/12\/logomio.png\",\"width\":115,\"height\":82,\"caption\":\"MioMio Run\"},\"image\":{\"@id\":\"https:\/\/www.miomiorun.com\/es\/#\/schema\/logo\/image\/\"},\"sameAs\":[\"https:\/\/www.facebook.com\/miomiorun\/\",\"https:\/\/www.instagram.com\/miomiorun\/\"]}]}<\/script>\n<!-- \/ Yoast SEO plugin. -->","yoast_head_json":{"title":"Bv SportScr One Evo - Calcetines para correr - MioMioRun.com","description":"Los calcetines cortos SCR ONE EVO de Bv Sport son ultraligeros y est\u00e1n fabricados con un tejido transpirable AIRGON; adem\u00e1s, cuentan con una plantilla anat\u00f3mica reforzada.","robots":{"index":"index","follow":"follow","max-snippet":"max-snippet:-1","max-image-preview":"max-image-preview:large","max-video-preview":"max-video-preview:-1"},"canonical":"https:\/\/www.miomiorun.com\/es\/producto\/scr-one-evo\/","og_locale":"es_ES","og_type":"article","og_title":"Bv SportScr One Evo - Calcetines para correr - MioMioRun.com","og_description":"Los calcetines cortos SCR ONE EVO de Bv Sport son ultraligeros y est\u00e1n fabricados con un tejido transpirable AIRGON; adem\u00e1s, cuentan con una plantilla anat\u00f3mica reforzada.","og_url":"https:\/\/www.miomiorun.com\/es\/producto\/scr-one-evo\/","og_site_name":"MioMioRun","article_publisher":"https:\/\/www.facebook.com\/miomiorun\/","article_modified_time":"2026-04-23T09:16:56+00:00","og_image":[{"width":600,"height":600,"url":"https:\/\/www.miomiorun.com\/app\/uploads\/2023\/06\/bv-sport-scr-one-nero-verde-208-006.jpg","type":"image\/jpeg"}],"twitter_card":"summary_large_image","twitter_misc":{"Est. reading time":"1 minute"},"schema":{"@context":"https:\/\/schema.org","@graph":[{"@type":"WebPage","@id":"https:\/\/www.miomiorun.com\/es\/producto\/scr-one-evo\/","url":"https:\/\/www.miomiorun.com\/es\/producto\/scr-one-evo\/","name":"Bv SportScr One Evo - Calcetines para correr - MioMioRun.com","isPartOf":{"@id":"https:\/\/www.miomiorun.com\/es\/#website"},"primaryImageOfPage":{"@id":"https:\/\/www.miomiorun.com\/es\/producto\/scr-one-evo\/#primaryimage"},"image":{"@id":"https:\/\/www.miomiorun.com\/es\/producto\/scr-one-evo\/#primaryimage"},"thumbnailUrl":"https:\/\/www.miomiorun.com\/app\/uploads\/2023\/06\/bv-sport-scr-one-nero-verde-208-006.jpg","datePublished":"2023-04-20T14:37:35+00:00","dateModified":"2026-04-23T09:16:56+00:00","description":"Los calcetines cortos SCR ONE EVO de Bv Sport son ultraligeros y est\u00e1n fabricados con un tejido transpirable AIRGON; adem\u00e1s, cuentan con una plantilla anat\u00f3mica reforzada.","breadcrumb":{"@id":"https:\/\/www.miomiorun.com\/es\/producto\/scr-one-evo\/#breadcrumb"},"inLanguage":"es-ES","potentialAction":[{"@type":"ReadAction","target":["https:\/\/www.miomiorun.com\/es\/producto\/scr-one-evo\/"]}]},{"@type":"ImageObject","inLanguage":"es-ES","@id":"https:\/\/www.miomiorun.com\/es\/producto\/scr-one-evo\/#primaryimage","url":"https:\/\/www.miomiorun.com\/app\/uploads\/2023\/06\/bv-sport-scr-one-nero-verde-208-006.jpg","contentUrl":"https:\/\/www.miomiorun.com\/app\/uploads\/2023\/06\/bv-sport-scr-one-nero-verde-208-006.jpg","width":600,"height":600,"caption":"bv-sport-scr-one-nero-verde-208-006"},{"@type":"BreadcrumbList","@id":"https:\/\/www.miomiorun.com\/es\/producto\/scr-one-evo\/#breadcrumb","itemListElement":[{"@type":"ListItem","position":1,"name":"Home","item":"https:\/\/www.miomiorun.com\/es\/"},{"@type":"ListItem","position":2,"name":"Shop","item":"https:\/\/www.miomiorun.com\/shop\/"},{"@type":"ListItem","position":3,"name":"Scr One Evo"}]},{"@type":"WebSite","@id":"https:\/\/www.miomiorun.com\/es\/#website","url":"https:\/\/www.miomiorun.com\/es\/","name":"MioMioRun","description":"Tienda 100% running y trail","publisher":{"@id":"https:\/\/www.miomiorun.com\/es\/#organization"},"potentialAction":[{"@type":"SearchAction","target":{"@type":"EntryPoint","urlTemplate":"https:\/\/www.miomiorun.com\/es\/?s={search_term_string}"},"query-input":{"@type":"PropertyValueSpecification","valueRequired":true,"valueName":"search_term_string"}}],"inLanguage":"es-ES"},{"@type":"Organization","@id":"https:\/\/www.miomiorun.com\/es\/#organization","name":"MioMio Run","url":"https:\/\/www.miomiorun.com\/es\/","logo":{"@type":"ImageObject","inLanguage":"es-ES","@id":"https:\/\/www.miomiorun.com\/es\/#\/schema\/logo\/image\/","url":"https:\/\/www.miomiorun.com\/app\/uploads\/2019\/12\/logomio.png","contentUrl":"https:\/\/www.miomiorun.com\/app\/uploads\/2019\/12\/logomio.png","width":115,"height":82,"caption":"MioMio Run"},"image":{"@id":"https:\/\/www.miomiorun.com\/es\/#\/schema\/logo\/image\/"},"sameAs":["https:\/\/www.facebook.com\/miomiorun\/","https:\/\/www.instagram.com\/miomiorun\/"]}]}},"_links":{"self":[{"href":"https:\/\/www.miomiorun.com\/es\/wp-json\/wp\/v2\/product\/286523","targetHints":{"allow":["GET"]}}],"collection":[{"href":"https:\/\/www.miomiorun.com\/es\/wp-json\/wp\/v2\/product"}],"about":[{"href":"https:\/\/www.miomiorun.com\/es\/wp-json\/wp\/v2\/types\/product"}],"wp:featuredmedia":[{"embeddable":true,"href":"https:\/\/www.miomiorun.com\/es\/wp-json\/wp\/v2\/media\/241605"}],"wp:attachment":[{"href":"https:\/\/www.miomiorun.com\/es\/wp-json\/wp\/v2\/media?parent=286523"}],"wp:term":[{"taxonomy":"product_brand","embeddable":true,"href":"https:\/\/www.miomiorun.com\/es\/wp-json\/wp\/v2\/product_brand?post=286523"},{"taxonomy":"product_cat","embeddable":true,"href":"https:\/\/www.miomiorun.com\/es\/wp-json\/wp\/v2\/product_cat?post=286523"},{"taxonomy":"product_tag","embeddable":true,"href":"https:\/\/www.miomiorun.com\/es\/wp-json\/wp\/v2\/product_tag?post=286523"}],"curies":[{"name":"wp","href":"https:\/\/api.w.org\/{rel}","templated":true}]}}