{"id":286498,"date":"2023-04-20T16:25:50","date_gmt":"2023-04-20T14:25:50","guid":{"rendered":"https:\/\/miomiorun.com\/prodotto\/run-elite\/"},"modified":"2026-05-06T18:19:36","modified_gmt":"2026-05-06T16:19:36","slug":"run-elite","status":"publish","type":"product","link":"https:\/\/www.miomiorun.com\/es\/producto\/run-elite\/","title":{"rendered":"Run Elite"},"content":{"rendered":"<p><div class=\"vc-row container\"><div class=\"vc-column\"><div class=\"vc-column-text\">Fabricados en Francia, los calcetines de running de <strong>Bv Sport RUN ELITE&nbsp;<\/strong> son&nbsp;t\u00e9cnicos,&nbsp;resistentes,&nbsp;c\u00f3modos&nbsp;y&nbsp;reforzados. Dise\u00f1ados y adaptados espec\u00edficamente para correr en todas las distancias, estos calcetines de media-baja altura cuentan con una malla transpirable que permite evacuar r\u00e1pidamente el sudor para mantener los pies frescos y secos durante las salidas.<\/p>\n<p>Cuentan con una&nbsp;<strong>suela t\u00e9cnica anat\u00f3mica 3D,<\/strong> refuerzos espec\u00edficos en los puntos estrat\u00e9gicos del pie y una&nbsp;malla estabilizadora&nbsp;en el tobillo para ofrecerte una&nbsp;comodidad \u00f3ptima&nbsp;durante tus salidas.<\/p>\n<p>Dise\u00f1ados para correr en todas las distancias, los calcetines cortos de running fabricados en Francia RUN ELITE son c\u00f3modos, resistentes, t\u00e9cnicos y ultrarrefuerzados.<\/p>\n<h3>Caracter\u00edsticas:<\/h3>\n<ul>\n<li>Cuentan con una suela t\u00e9cnica 3D anat\u00f3mica inspirada en los neum\u00e1ticos de los coches. Esta suela espec\u00edfica mejora la estabilidad del pie dentro de la zapatilla, protegi\u00e9ndolo de los golpes durante los impactos con el suelo.<\/li>\n<li>El soporte y la estabilizaci\u00f3n de 360\u00b0 del pie y el tobillo permiten mantener el tobillo y estabilizar el pie dentro del calzado.<\/li>\n<li>RUN ELITE cuenta con refuerzos espec\u00edficos en las zonas de mayor tensi\u00f3n o puntos de contacto estrat\u00e9gicos que sufren un gran esfuerzo en carreteras o senderos: el tend\u00f3n de Aquiles, la zona de los cordones, el tal\u00f3n y la puntera.<\/li>\n<li>La ligera malla de nido de abeja permite evacuar el sudor durante todo el esfuerzo para mantenerse seco el mayor tiempo posible.<\/li>\n<li>El borde acanalado ancho evita el efecto de ligadura hemost\u00e1tica, al tiempo que mantiene eficazmente el calcet\u00edn en su sitio.<\/li>\n<li>Los&nbsp;calcetines bajos&nbsp;RUN ELITE tienen&nbsp;costuras planas&nbsp;para limitar la fricci\u00f3n y la irritaci\u00f3n plantar. Adem\u00e1s, son&nbsp;asim\u00e9tricos&nbsp;para adaptarse perfectamente a la anatom\u00eda del pie.<\/li>\n<\/ul>\n<p><\/div><\/div><\/div><div class=\"vc-row container\"><div class=\"vc-column\"><div class=\"vc-column-text\"><a href=\"https:\/\/miomiorun.com\/wp-content\/uploads\/2023\/04\/bv-sport-run-elite.jpg\"><img loading=\"lazy\" decoding=\"async\" class=\"size-full wp-image-127940 aligncenter\" src=\"https:\/\/miomiorun.com\/wp-content\/uploads\/2023\/04\/bv-sport-run-elite.jpg\" alt=\"\" width=\"568\" height=\"456\" srcset=\"https:\/\/www.miomiorun.com\/app\/uploads\/2023\/04\/bv-sport-run-elite.jpg 568w, https:\/\/www.miomiorun.com\/app\/uploads\/2023\/04\/bv-sport-run-elite-300x241.jpg 300w, https:\/\/www.miomiorun.com\/app\/uploads\/2023\/04\/bv-sport-run-elite-400x321.jpg 400w, https:\/\/www.miomiorun.com\/app\/uploads\/2023\/04\/bv-sport-run-elite-480x385.jpg 480w\" sizes=\"auto, (max-width: 568px) 100vw, 568px\" \/><\/a><\/div><\/div><div class=\"vc-column\"><div class=\"vc-column-text\"><\/p>\n<h3>Tecnolog\u00edas:<\/h3>\n<p class=\"title\"><strong>Planta anat\u00f3mica 3D reforzada<\/strong><\/p>\n<p>T\u00e9cnica: Combinaci\u00f3n de 2 tipos de malla (gruesa y fina) con tejido rizado integrado.<\/p>\n<p>Acci\u00f3n: Protege las zonas de contacto, optimiza la propiocepci\u00f3n y mejora la estabilizaci\u00f3n del pie.<\/p>\n<p>Beneficios: Reducci\u00f3n de la fricci\u00f3n y de la acumulaci\u00f3n de calor en la suela.<\/p>\n<p class=\"title\"><strong>Soporte y estabilizaci\u00f3n de 360\u00b0 del pie y el tobillo<\/strong><\/p>\n<p>T\u00e9cnica: Malla acanalada situada a la altura de la articulaci\u00f3n del tobillo.<\/p>\n<p>Acci\u00f3n: Mantiene y estabiliza el tobillo sin oprimirlo.<\/p>\n<p>Beneficios: Sujeci\u00f3n \u00f3ptima del tobillo durante la zancada.<\/p>\n<p class=\"title\"><strong>Protecci\u00f3n del tend\u00f3n de Aquiles<\/strong><\/p>\n<p>T\u00e9cnica: Malla en forma de anillo situada a la altura del tend\u00f3n de Aquiles.<\/p>\n<p>Acci\u00f3n: Protege las estructuras sensibles y absorbe los impactos.<\/p>\n<p>Beneficios: Proporciona una protecci\u00f3n espec\u00edfica.<\/p>\n<p class=\"title\"><strong>Malla ventilada<\/strong><\/p>\n<p>T\u00e9cnica: Ligera malla de nido de abeja en la parte superior del pie.<\/p>\n<p>Acci\u00f3n: Acelera la regulaci\u00f3n t\u00e9rmica. Ventilaci\u00f3n \u00f3ptima.<\/p>\n<p>Beneficios: Evacua eficazmente el sudor.<\/p>\n<p class=\"title\"><strong>Refuerzo en tal\u00f3n y puntera<\/strong><\/p>\n<p>T\u00e9cnica: Malla sin fricci\u00f3n en puntera y tal\u00f3n.<\/p>\n<p>Acci\u00f3n: Limita la acumulaci\u00f3n de calor y la fricci\u00f3n en las extremidades del pie.<\/p>\n<p>Beneficios: Mejora el confort y limita la aparici\u00f3n de ampollas.<\/p>\n<p class=\"title\"><strong>Refuerzo en la zona de los cordones<\/strong><\/p>\n<p>T\u00e9cnica: Tejido rizado.<\/p>\n<p>Acci\u00f3n: Limita la acumulaci\u00f3n de calor en la parte superior del pie en contacto con la zona de los cordones y la leng\u00fceta del calzado.<\/p>\n<p>Beneficios: Mejora la comodidad y limita la presi\u00f3n debida a los cordones.<\/p>\n<p class=\"title\"><strong>Borde acanalado ancho<\/strong><\/p>\n<p>T\u00e9cnica: Banda de descarga en el borde superior del calcet\u00edn.<\/p>\n<p>Acci\u00f3n: Sujeta eficazmente el calcet\u00edn sin efecto de ligadura hemost\u00e1tica.<\/p>\n<p>Beneficios: Mejora la sujeci\u00f3n de la ca\u00f1a.<\/div><\/div><\/div><\/p>\n","protected":false},"excerpt":{"rendered":"<ul>\n<li>Cuentan con una suela t\u00e9cnica 3D anat\u00f3mica inspirada en los neum\u00e1ticos de los coches. Esta suela espec\u00edfica mejora la estabilidad del pie dentro del calzado, protegi\u00e9ndolo de los golpes durante los impactos con el suelo.<\/li>\n<li>El soporte y la estabilizaci\u00f3n de 360\u00b0 del pie y el tobillo permiten mantener el tobillo y estabilizar el pie dentro del calzado.<\/li>\n<li>RUN ELITE cuenta con refuerzos espec\u00edficos en las zonas de mayor tensi\u00f3n o puntos de contacto estrat\u00e9gicos que sufren un gran esfuerzo en carreteras o senderos: el tend\u00f3n de Aquiles, el punto de atado, el tal\u00f3n y la puntera del pie.<\/li>\n<\/ul>\n","protected":false},"featured_media":241595,"template":"","meta":{"_acf_changed":false,"inline_featured_image":false},"product_brand":[],"product_cat":[24400,24462,24463,24401],"product_tag":[23561,24176,23622],"class_list":{"0":"post-286498","1":"product","2":"type-product","3":"status-publish","4":"has-post-thumbnail","6":"product_cat-calcetines","7":"product_cat-calcetines-es-2","8":"product_cat-ropa-de-hombre-es","9":"product_cat-ropa-de-mujer","10":"product_tag-bv-sport-es","11":"product_tag-bv-sport-hombre","12":"product_tag-bv-sport-mujer","13":"pa_attivita-caminar","14":"pa_attivita-running-es","15":"pa_colore-run-elite-blu-giallo-es","16":"pa_colore-run-elite-indigo-es","17":"pa_colore-run-elite-nero-grigio-es","18":"pa_colore-run-elite-verde-grigio-es","19":"pa_marca-bv-sport-es","20":"pa_sesso-hombre","21":"pa_sesso-mujer","22":"pa_size-36-38-es","23":"pa_size-39-41-es","24":"pa_size-42-44-es","25":"pa_size-45-47-es","27":"first","28":"instock","29":"sale","30":"taxable","31":"shipping-taxable","32":"purchasable","33":"product-type-variable","34":"wvs-archive-product-wrapper"},"acf":[],"yoast_head":"<!-- This site is optimized with the Yoast SEO plugin v26.8 - https:\/\/yoast.com\/product\/yoast-seo-wordpress\/ -->\n<title>Bv SportRun Elite - Calcetines para correr - MioMioRun.com<\/title>\n<meta name=\"description\" content=\"Los calcetines de running Bv Sport RUN ELITE son t\u00e9cnicos, resistentes, c\u00f3modos y reforzados. Dise\u00f1ados y adaptados espec\u00edficamente para correr\" \/>\n<meta name=\"robots\" content=\"index, follow, max-snippet:-1, max-image-preview:large, max-video-preview:-1\" \/>\n<link rel=\"canonical\" href=\"https:\/\/www.miomiorun.com\/es\/producto\/run-elite\/\" \/>\n<meta property=\"og:locale\" content=\"es_ES\" \/>\n<meta property=\"og:type\" content=\"article\" \/>\n<meta property=\"og:title\" content=\"Bv SportRun Elite - Calcetines para correr - MioMioRun.com\" \/>\n<meta property=\"og:description\" content=\"Los calcetines de running Bv Sport RUN ELITE son t\u00e9cnicos, resistentes, c\u00f3modos y reforzados. Dise\u00f1ados y adaptados espec\u00edficamente para correr\" \/>\n<meta property=\"og:url\" content=\"https:\/\/www.miomiorun.com\/es\/producto\/run-elite\/\" \/>\n<meta property=\"og:site_name\" content=\"MioMioRun\" \/>\n<meta property=\"article:publisher\" content=\"https:\/\/www.facebook.com\/miomiorun\/\" \/>\n<meta property=\"article:modified_time\" content=\"2026-05-06T16:19:36+00:00\" \/>\n<meta property=\"og:image\" content=\"https:\/\/www.miomiorun.com\/app\/uploads\/2023\/06\/bv-sport-run-elite-verde-grigio-293-008.jpg\" \/>\n\t<meta property=\"og:image:width\" content=\"600\" \/>\n\t<meta property=\"og:image:height\" content=\"600\" \/>\n\t<meta property=\"og:image:type\" content=\"image\/jpeg\" \/>\n<meta name=\"twitter:card\" content=\"summary_large_image\" \/>\n<meta name=\"twitter:label1\" content=\"Est. reading time\" \/>\n\t<meta name=\"twitter:data1\" content=\"3 minutes\" \/>\n<script type=\"application\/ld+json\" class=\"yoast-schema-graph\">{\"@context\":\"https:\/\/schema.org\",\"@graph\":[{\"@type\":\"WebPage\",\"@id\":\"https:\/\/www.miomiorun.com\/es\/producto\/run-elite\/\",\"url\":\"https:\/\/www.miomiorun.com\/es\/producto\/run-elite\/\",\"name\":\"Bv SportRun Elite - Calcetines para correr - MioMioRun.com\",\"isPartOf\":{\"@id\":\"https:\/\/www.miomiorun.com\/es\/#website\"},\"primaryImageOfPage\":{\"@id\":\"https:\/\/www.miomiorun.com\/es\/producto\/run-elite\/#primaryimage\"},\"image\":{\"@id\":\"https:\/\/www.miomiorun.com\/es\/producto\/run-elite\/#primaryimage\"},\"thumbnailUrl\":\"https:\/\/www.miomiorun.com\/app\/uploads\/2023\/06\/bv-sport-run-elite-verde-grigio-293-008.jpg\",\"datePublished\":\"2023-04-20T14:25:50+00:00\",\"dateModified\":\"2026-05-06T16:19:36+00:00\",\"description\":\"Los calcetines de running Bv Sport RUN ELITE son t\u00e9cnicos, resistentes, c\u00f3modos y reforzados. Dise\u00f1ados y adaptados espec\u00edficamente para correr\",\"breadcrumb\":{\"@id\":\"https:\/\/www.miomiorun.com\/es\/producto\/run-elite\/#breadcrumb\"},\"inLanguage\":\"es-ES\",\"potentialAction\":[{\"@type\":\"ReadAction\",\"target\":[\"https:\/\/www.miomiorun.com\/es\/producto\/run-elite\/\"]}]},{\"@type\":\"ImageObject\",\"inLanguage\":\"es-ES\",\"@id\":\"https:\/\/www.miomiorun.com\/es\/producto\/run-elite\/#primaryimage\",\"url\":\"https:\/\/www.miomiorun.com\/app\/uploads\/2023\/06\/bv-sport-run-elite-verde-grigio-293-008.jpg\",\"contentUrl\":\"https:\/\/www.miomiorun.com\/app\/uploads\/2023\/06\/bv-sport-run-elite-verde-grigio-293-008.jpg\",\"width\":600,\"height\":600,\"caption\":\"bv-sport-run-elite-verde-grigio-293-008\"},{\"@type\":\"BreadcrumbList\",\"@id\":\"https:\/\/www.miomiorun.com\/es\/producto\/run-elite\/#breadcrumb\",\"itemListElement\":[{\"@type\":\"ListItem\",\"position\":1,\"name\":\"Home\",\"item\":\"https:\/\/www.miomiorun.com\/es\/\"},{\"@type\":\"ListItem\",\"position\":2,\"name\":\"Shop\",\"item\":\"https:\/\/www.miomiorun.com\/shop\/\"},{\"@type\":\"ListItem\",\"position\":3,\"name\":\"Run Elite\"}]},{\"@type\":\"WebSite\",\"@id\":\"https:\/\/www.miomiorun.com\/es\/#website\",\"url\":\"https:\/\/www.miomiorun.com\/es\/\",\"name\":\"MioMioRun\",\"description\":\"Tienda 100% running y trail\",\"publisher\":{\"@id\":\"https:\/\/www.miomiorun.com\/es\/#organization\"},\"potentialAction\":[{\"@type\":\"SearchAction\",\"target\":{\"@type\":\"EntryPoint\",\"urlTemplate\":\"https:\/\/www.miomiorun.com\/es\/?s={search_term_string}\"},\"query-input\":{\"@type\":\"PropertyValueSpecification\",\"valueRequired\":true,\"valueName\":\"search_term_string\"}}],\"inLanguage\":\"es-ES\"},{\"@type\":\"Organization\",\"@id\":\"https:\/\/www.miomiorun.com\/es\/#organization\",\"name\":\"MioMio Run\",\"url\":\"https:\/\/www.miomiorun.com\/es\/\",\"logo\":{\"@type\":\"ImageObject\",\"inLanguage\":\"es-ES\",\"@id\":\"https:\/\/www.miomiorun.com\/es\/#\/schema\/logo\/image\/\",\"url\":\"https:\/\/www.miomiorun.com\/app\/uploads\/2019\/12\/logomio.png\",\"contentUrl\":\"https:\/\/www.miomiorun.com\/app\/uploads\/2019\/12\/logomio.png\",\"width\":115,\"height\":82,\"caption\":\"MioMio Run\"},\"image\":{\"@id\":\"https:\/\/www.miomiorun.com\/es\/#\/schema\/logo\/image\/\"},\"sameAs\":[\"https:\/\/www.facebook.com\/miomiorun\/\",\"https:\/\/www.instagram.com\/miomiorun\/\"]}]}<\/script>\n<!-- \/ Yoast SEO plugin. -->","yoast_head_json":{"title":"Bv SportRun Elite - Calcetines para correr - MioMioRun.com","description":"Los calcetines de running Bv Sport RUN ELITE son t\u00e9cnicos, resistentes, c\u00f3modos y reforzados. Dise\u00f1ados y adaptados espec\u00edficamente para correr","robots":{"index":"index","follow":"follow","max-snippet":"max-snippet:-1","max-image-preview":"max-image-preview:large","max-video-preview":"max-video-preview:-1"},"canonical":"https:\/\/www.miomiorun.com\/es\/producto\/run-elite\/","og_locale":"es_ES","og_type":"article","og_title":"Bv SportRun Elite - Calcetines para correr - MioMioRun.com","og_description":"Los calcetines de running Bv Sport RUN ELITE son t\u00e9cnicos, resistentes, c\u00f3modos y reforzados. Dise\u00f1ados y adaptados espec\u00edficamente para correr","og_url":"https:\/\/www.miomiorun.com\/es\/producto\/run-elite\/","og_site_name":"MioMioRun","article_publisher":"https:\/\/www.facebook.com\/miomiorun\/","article_modified_time":"2026-05-06T16:19:36+00:00","og_image":[{"width":600,"height":600,"url":"https:\/\/www.miomiorun.com\/app\/uploads\/2023\/06\/bv-sport-run-elite-verde-grigio-293-008.jpg","type":"image\/jpeg"}],"twitter_card":"summary_large_image","twitter_misc":{"Est. reading time":"3 minutes"},"schema":{"@context":"https:\/\/schema.org","@graph":[{"@type":"WebPage","@id":"https:\/\/www.miomiorun.com\/es\/producto\/run-elite\/","url":"https:\/\/www.miomiorun.com\/es\/producto\/run-elite\/","name":"Bv SportRun Elite - Calcetines para correr - MioMioRun.com","isPartOf":{"@id":"https:\/\/www.miomiorun.com\/es\/#website"},"primaryImageOfPage":{"@id":"https:\/\/www.miomiorun.com\/es\/producto\/run-elite\/#primaryimage"},"image":{"@id":"https:\/\/www.miomiorun.com\/es\/producto\/run-elite\/#primaryimage"},"thumbnailUrl":"https:\/\/www.miomiorun.com\/app\/uploads\/2023\/06\/bv-sport-run-elite-verde-grigio-293-008.jpg","datePublished":"2023-04-20T14:25:50+00:00","dateModified":"2026-05-06T16:19:36+00:00","description":"Los calcetines de running Bv Sport RUN ELITE son t\u00e9cnicos, resistentes, c\u00f3modos y reforzados. Dise\u00f1ados y adaptados espec\u00edficamente para correr","breadcrumb":{"@id":"https:\/\/www.miomiorun.com\/es\/producto\/run-elite\/#breadcrumb"},"inLanguage":"es-ES","potentialAction":[{"@type":"ReadAction","target":["https:\/\/www.miomiorun.com\/es\/producto\/run-elite\/"]}]},{"@type":"ImageObject","inLanguage":"es-ES","@id":"https:\/\/www.miomiorun.com\/es\/producto\/run-elite\/#primaryimage","url":"https:\/\/www.miomiorun.com\/app\/uploads\/2023\/06\/bv-sport-run-elite-verde-grigio-293-008.jpg","contentUrl":"https:\/\/www.miomiorun.com\/app\/uploads\/2023\/06\/bv-sport-run-elite-verde-grigio-293-008.jpg","width":600,"height":600,"caption":"bv-sport-run-elite-verde-grigio-293-008"},{"@type":"BreadcrumbList","@id":"https:\/\/www.miomiorun.com\/es\/producto\/run-elite\/#breadcrumb","itemListElement":[{"@type":"ListItem","position":1,"name":"Home","item":"https:\/\/www.miomiorun.com\/es\/"},{"@type":"ListItem","position":2,"name":"Shop","item":"https:\/\/www.miomiorun.com\/shop\/"},{"@type":"ListItem","position":3,"name":"Run Elite"}]},{"@type":"WebSite","@id":"https:\/\/www.miomiorun.com\/es\/#website","url":"https:\/\/www.miomiorun.com\/es\/","name":"MioMioRun","description":"Tienda 100% running y trail","publisher":{"@id":"https:\/\/www.miomiorun.com\/es\/#organization"},"potentialAction":[{"@type":"SearchAction","target":{"@type":"EntryPoint","urlTemplate":"https:\/\/www.miomiorun.com\/es\/?s={search_term_string}"},"query-input":{"@type":"PropertyValueSpecification","valueRequired":true,"valueName":"search_term_string"}}],"inLanguage":"es-ES"},{"@type":"Organization","@id":"https:\/\/www.miomiorun.com\/es\/#organization","name":"MioMio Run","url":"https:\/\/www.miomiorun.com\/es\/","logo":{"@type":"ImageObject","inLanguage":"es-ES","@id":"https:\/\/www.miomiorun.com\/es\/#\/schema\/logo\/image\/","url":"https:\/\/www.miomiorun.com\/app\/uploads\/2019\/12\/logomio.png","contentUrl":"https:\/\/www.miomiorun.com\/app\/uploads\/2019\/12\/logomio.png","width":115,"height":82,"caption":"MioMio Run"},"image":{"@id":"https:\/\/www.miomiorun.com\/es\/#\/schema\/logo\/image\/"},"sameAs":["https:\/\/www.facebook.com\/miomiorun\/","https:\/\/www.instagram.com\/miomiorun\/"]}]}},"_links":{"self":[{"href":"https:\/\/www.miomiorun.com\/es\/wp-json\/wp\/v2\/product\/286498","targetHints":{"allow":["GET"]}}],"collection":[{"href":"https:\/\/www.miomiorun.com\/es\/wp-json\/wp\/v2\/product"}],"about":[{"href":"https:\/\/www.miomiorun.com\/es\/wp-json\/wp\/v2\/types\/product"}],"wp:featuredmedia":[{"embeddable":true,"href":"https:\/\/www.miomiorun.com\/es\/wp-json\/wp\/v2\/media\/241595"}],"wp:attachment":[{"href":"https:\/\/www.miomiorun.com\/es\/wp-json\/wp\/v2\/media?parent=286498"}],"wp:term":[{"taxonomy":"product_brand","embeddable":true,"href":"https:\/\/www.miomiorun.com\/es\/wp-json\/wp\/v2\/product_brand?post=286498"},{"taxonomy":"product_cat","embeddable":true,"href":"https:\/\/www.miomiorun.com\/es\/wp-json\/wp\/v2\/product_cat?post=286498"},{"taxonomy":"product_tag","embeddable":true,"href":"https:\/\/www.miomiorun.com\/es\/wp-json\/wp\/v2\/product_tag?post=286498"}],"curies":[{"name":"wp","href":"https:\/\/api.w.org\/{rel}","templated":true}]}}