{"id":286486,"date":"2023-04-13T18:49:21","date_gmt":"2023-04-13T16:49:21","guid":{"rendered":"https:\/\/miomiorun.com\/prodotto\/pro-hit-blocked-tights-donna\/"},"modified":"2026-05-06T18:17:22","modified_gmt":"2026-05-06T16:17:22","slug":"pro-hit-blocked-tights-mujer","status":"publish","type":"product","link":"https:\/\/www.miomiorun.com\/es\/producto\/pro-hit-blocked-tights-mujer\/","title":{"rendered":"Pro Hit Blocked Tights mujer"},"content":{"rendered":"<div id=\"tw-target-text-container\" class=\"tw-ta-container F0azHf tw-nfl\">\n<p dir=\"ltr\" data-placeholder=\"Traduzione\"><strong>Las mallas PRO Charge Blocked<\/strong> para mujer son unas mallas de entrenamiento de nivel profesional con cintura alta que ofrecen una comodidad \u00f3ptima durante los entrenamientos de alta intensidad. Est\u00e1n confeccionadas en un suave tejido de punto de poli\u00e9ster reciclado y elast\u00e1n con gran capacidad de recuperaci\u00f3n.<\/p>\n<h3 dir=\"ltr\" data-placeholder=\"Traduzione\">Concepto de entrenamiento m\u00faltiple<\/h3>\n<p dir=\"ltr\" data-placeholder=\"Traduzione\">Charge es un concepto de entrenamiento m\u00faltiple que fusiona los entrenamientos de alta intensidad con la moda urbana para marcar un estilo atrevido en el gimnasio, en el entorno urbano y en cualquier otro lugar.<\/p>\n<p dir=\"ltr\" data-placeholder=\"Traduzione\"><strong>Caracter\u00edsticas:<\/strong><\/p>\n<ul>\n<li>Tejido de jersey suave y altamente funcional de poli\u00e9ster reciclado y elast\u00e1n<\/li>\n<li>Cintura alta con banda ancha<\/li>\n<li>Detalles de dise\u00f1o calados<\/li>\n<\/ul>\n<\/div>\n","protected":false},"excerpt":{"rendered":"<ul>\n<li>Tejido jersey suave y muy funcional de poli\u00e9ster reciclado y elast\u00e1n<\/li>\n<li>Cintura alta con una amplia banda en la cintura<\/li>\n<li>Detalles de dise\u00f1o calados<\/li>\n<\/ul>\n","protected":false},"featured_media":240010,"template":"","meta":{"_acf_changed":false,"inline_featured_image":false},"product_brand":[],"product_cat":[24225,24401,24402],"product_tag":[23553,23659],"class_list":{"0":"post-286486","1":"product","2":"type-product","3":"status-publish","4":"has-post-thumbnail","6":"product_cat-pantalones-largos","7":"product_cat-ropa-de-mujer","8":"product_cat-mujer","9":"product_tag-craft-es","10":"product_tag-craft-mujer","11":"pa_attivita-caminar","12":"pa_attivita-fitness-es","13":"pa_attivita-running-es","14":"pa_colore-pro-hit-blocked-tights-w-blaze-cliff-es","15":"pa_marca-craft-es","16":"pa_sesso-mujer","17":"pa_size-extra-small-es","18":"pa_size-small-es","19":"pa_size-medium-es","21":"first","22":"instock","23":"sale","24":"taxable","25":"shipping-taxable","26":"purchasable","27":"product-type-variable","28":"wvs-archive-product-wrapper"},"acf":[],"yoast_head":"<!-- This site is optimized with the Yoast SEO plugin v26.8 - https:\/\/yoast.com\/product\/yoast-seo-wordpress\/ -->\n<title>Craft Pro Hit Blocked Tights mujer - Pantalones para correr MioMioRun<\/title>\n<meta name=\"description\" content=\"Las mallas PRO Charge Blocked para mujer son unas mallas de entrenamiento de nivel profesional con cintura alta que garantizan una comodidad \u00f3ptima.\" \/>\n<meta name=\"robots\" content=\"index, follow, max-snippet:-1, max-image-preview:large, max-video-preview:-1\" \/>\n<link rel=\"canonical\" href=\"https:\/\/www.miomiorun.com\/es\/producto\/pro-hit-blocked-tights-mujer\/\" \/>\n<meta property=\"og:locale\" content=\"es_ES\" \/>\n<meta property=\"og:type\" content=\"article\" \/>\n<meta property=\"og:title\" content=\"Craft Pro Hit Blocked Tights mujer - Pantalones para correr MioMioRun\" \/>\n<meta property=\"og:description\" content=\"Las mallas PRO Charge Blocked para mujer son unas mallas de entrenamiento de nivel profesional con cintura alta que garantizan una comodidad \u00f3ptima.\" \/>\n<meta property=\"og:url\" content=\"https:\/\/www.miomiorun.com\/es\/producto\/pro-hit-blocked-tights-mujer\/\" \/>\n<meta property=\"og:site_name\" content=\"MioMioRun\" \/>\n<meta property=\"article:publisher\" content=\"https:\/\/www.facebook.com\/miomiorun\/\" \/>\n<meta property=\"article:modified_time\" content=\"2026-05-06T16:17:22+00:00\" \/>\n<meta property=\"og:image\" content=\"https:\/\/www.miomiorun.com\/app\/uploads\/2023\/04\/craft-pro-hit-blocked-tights-W-blaze-cliff-1911913-396791.jpg\" \/>\n\t<meta property=\"og:image:width\" content=\"600\" \/>\n\t<meta property=\"og:image:height\" content=\"600\" \/>\n\t<meta property=\"og:image:type\" content=\"image\/jpeg\" \/>\n<meta name=\"twitter:card\" content=\"summary_large_image\" \/>\n<meta name=\"twitter:label1\" content=\"Est. reading time\" \/>\n\t<meta name=\"twitter:data1\" content=\"1 minute\" \/>\n<script type=\"application\/ld+json\" class=\"yoast-schema-graph\">{\"@context\":\"https:\/\/schema.org\",\"@graph\":[{\"@type\":\"WebPage\",\"@id\":\"https:\/\/www.miomiorun.com\/es\/producto\/pro-hit-blocked-tights-mujer\/\",\"url\":\"https:\/\/www.miomiorun.com\/es\/producto\/pro-hit-blocked-tights-mujer\/\",\"name\":\"Craft Pro Hit Blocked Tights mujer - Pantalones para correr MioMioRun\",\"isPartOf\":{\"@id\":\"https:\/\/www.miomiorun.com\/es\/#website\"},\"primaryImageOfPage\":{\"@id\":\"https:\/\/www.miomiorun.com\/es\/producto\/pro-hit-blocked-tights-mujer\/#primaryimage\"},\"image\":{\"@id\":\"https:\/\/www.miomiorun.com\/es\/producto\/pro-hit-blocked-tights-mujer\/#primaryimage\"},\"thumbnailUrl\":\"https:\/\/www.miomiorun.com\/app\/uploads\/2023\/04\/craft-pro-hit-blocked-tights-W-blaze-cliff-1911913-396791.jpg\",\"datePublished\":\"2023-04-13T16:49:21+00:00\",\"dateModified\":\"2026-05-06T16:17:22+00:00\",\"description\":\"Las mallas PRO Charge Blocked para mujer son unas mallas de entrenamiento de nivel profesional con cintura alta que garantizan una comodidad \u00f3ptima.\",\"breadcrumb\":{\"@id\":\"https:\/\/www.miomiorun.com\/es\/producto\/pro-hit-blocked-tights-mujer\/#breadcrumb\"},\"inLanguage\":\"es-ES\",\"potentialAction\":[{\"@type\":\"ReadAction\",\"target\":[\"https:\/\/www.miomiorun.com\/es\/producto\/pro-hit-blocked-tights-mujer\/\"]}]},{\"@type\":\"ImageObject\",\"inLanguage\":\"es-ES\",\"@id\":\"https:\/\/www.miomiorun.com\/es\/producto\/pro-hit-blocked-tights-mujer\/#primaryimage\",\"url\":\"https:\/\/www.miomiorun.com\/app\/uploads\/2023\/04\/craft-pro-hit-blocked-tights-W-blaze-cliff-1911913-396791.jpg\",\"contentUrl\":\"https:\/\/www.miomiorun.com\/app\/uploads\/2023\/04\/craft-pro-hit-blocked-tights-W-blaze-cliff-1911913-396791.jpg\",\"width\":600,\"height\":600,\"caption\":\"craft-pro-hit-blocked-tights-W-blaze-cliff-1911913-396791\"},{\"@type\":\"BreadcrumbList\",\"@id\":\"https:\/\/www.miomiorun.com\/es\/producto\/pro-hit-blocked-tights-mujer\/#breadcrumb\",\"itemListElement\":[{\"@type\":\"ListItem\",\"position\":1,\"name\":\"Home\",\"item\":\"https:\/\/www.miomiorun.com\/es\/\"},{\"@type\":\"ListItem\",\"position\":2,\"name\":\"Shop\",\"item\":\"https:\/\/www.miomiorun.com\/shop\/\"},{\"@type\":\"ListItem\",\"position\":3,\"name\":\"Pro Hit Blocked Tights mujer\"}]},{\"@type\":\"WebSite\",\"@id\":\"https:\/\/www.miomiorun.com\/es\/#website\",\"url\":\"https:\/\/www.miomiorun.com\/es\/\",\"name\":\"MioMioRun\",\"description\":\"Tienda 100% running y trail\",\"publisher\":{\"@id\":\"https:\/\/www.miomiorun.com\/es\/#organization\"},\"potentialAction\":[{\"@type\":\"SearchAction\",\"target\":{\"@type\":\"EntryPoint\",\"urlTemplate\":\"https:\/\/www.miomiorun.com\/es\/?s={search_term_string}\"},\"query-input\":{\"@type\":\"PropertyValueSpecification\",\"valueRequired\":true,\"valueName\":\"search_term_string\"}}],\"inLanguage\":\"es-ES\"},{\"@type\":\"Organization\",\"@id\":\"https:\/\/www.miomiorun.com\/es\/#organization\",\"name\":\"MioMio Run\",\"url\":\"https:\/\/www.miomiorun.com\/es\/\",\"logo\":{\"@type\":\"ImageObject\",\"inLanguage\":\"es-ES\",\"@id\":\"https:\/\/www.miomiorun.com\/es\/#\/schema\/logo\/image\/\",\"url\":\"https:\/\/www.miomiorun.com\/app\/uploads\/2019\/12\/logomio.png\",\"contentUrl\":\"https:\/\/www.miomiorun.com\/app\/uploads\/2019\/12\/logomio.png\",\"width\":115,\"height\":82,\"caption\":\"MioMio Run\"},\"image\":{\"@id\":\"https:\/\/www.miomiorun.com\/es\/#\/schema\/logo\/image\/\"},\"sameAs\":[\"https:\/\/www.facebook.com\/miomiorun\/\",\"https:\/\/www.instagram.com\/miomiorun\/\"]}]}<\/script>\n<!-- \/ Yoast SEO plugin. -->","yoast_head_json":{"title":"Craft Pro Hit Blocked Tights mujer - Pantalones para correr MioMioRun","description":"Las mallas PRO Charge Blocked para mujer son unas mallas de entrenamiento de nivel profesional con cintura alta que garantizan una comodidad \u00f3ptima.","robots":{"index":"index","follow":"follow","max-snippet":"max-snippet:-1","max-image-preview":"max-image-preview:large","max-video-preview":"max-video-preview:-1"},"canonical":"https:\/\/www.miomiorun.com\/es\/producto\/pro-hit-blocked-tights-mujer\/","og_locale":"es_ES","og_type":"article","og_title":"Craft Pro Hit Blocked Tights mujer - Pantalones para correr MioMioRun","og_description":"Las mallas PRO Charge Blocked para mujer son unas mallas de entrenamiento de nivel profesional con cintura alta que garantizan una comodidad \u00f3ptima.","og_url":"https:\/\/www.miomiorun.com\/es\/producto\/pro-hit-blocked-tights-mujer\/","og_site_name":"MioMioRun","article_publisher":"https:\/\/www.facebook.com\/miomiorun\/","article_modified_time":"2026-05-06T16:17:22+00:00","og_image":[{"width":600,"height":600,"url":"https:\/\/www.miomiorun.com\/app\/uploads\/2023\/04\/craft-pro-hit-blocked-tights-W-blaze-cliff-1911913-396791.jpg","type":"image\/jpeg"}],"twitter_card":"summary_large_image","twitter_misc":{"Est. reading time":"1 minute"},"schema":{"@context":"https:\/\/schema.org","@graph":[{"@type":"WebPage","@id":"https:\/\/www.miomiorun.com\/es\/producto\/pro-hit-blocked-tights-mujer\/","url":"https:\/\/www.miomiorun.com\/es\/producto\/pro-hit-blocked-tights-mujer\/","name":"Craft Pro Hit Blocked Tights mujer - Pantalones para correr MioMioRun","isPartOf":{"@id":"https:\/\/www.miomiorun.com\/es\/#website"},"primaryImageOfPage":{"@id":"https:\/\/www.miomiorun.com\/es\/producto\/pro-hit-blocked-tights-mujer\/#primaryimage"},"image":{"@id":"https:\/\/www.miomiorun.com\/es\/producto\/pro-hit-blocked-tights-mujer\/#primaryimage"},"thumbnailUrl":"https:\/\/www.miomiorun.com\/app\/uploads\/2023\/04\/craft-pro-hit-blocked-tights-W-blaze-cliff-1911913-396791.jpg","datePublished":"2023-04-13T16:49:21+00:00","dateModified":"2026-05-06T16:17:22+00:00","description":"Las mallas PRO Charge Blocked para mujer son unas mallas de entrenamiento de nivel profesional con cintura alta que garantizan una comodidad \u00f3ptima.","breadcrumb":{"@id":"https:\/\/www.miomiorun.com\/es\/producto\/pro-hit-blocked-tights-mujer\/#breadcrumb"},"inLanguage":"es-ES","potentialAction":[{"@type":"ReadAction","target":["https:\/\/www.miomiorun.com\/es\/producto\/pro-hit-blocked-tights-mujer\/"]}]},{"@type":"ImageObject","inLanguage":"es-ES","@id":"https:\/\/www.miomiorun.com\/es\/producto\/pro-hit-blocked-tights-mujer\/#primaryimage","url":"https:\/\/www.miomiorun.com\/app\/uploads\/2023\/04\/craft-pro-hit-blocked-tights-W-blaze-cliff-1911913-396791.jpg","contentUrl":"https:\/\/www.miomiorun.com\/app\/uploads\/2023\/04\/craft-pro-hit-blocked-tights-W-blaze-cliff-1911913-396791.jpg","width":600,"height":600,"caption":"craft-pro-hit-blocked-tights-W-blaze-cliff-1911913-396791"},{"@type":"BreadcrumbList","@id":"https:\/\/www.miomiorun.com\/es\/producto\/pro-hit-blocked-tights-mujer\/#breadcrumb","itemListElement":[{"@type":"ListItem","position":1,"name":"Home","item":"https:\/\/www.miomiorun.com\/es\/"},{"@type":"ListItem","position":2,"name":"Shop","item":"https:\/\/www.miomiorun.com\/shop\/"},{"@type":"ListItem","position":3,"name":"Pro Hit Blocked Tights mujer"}]},{"@type":"WebSite","@id":"https:\/\/www.miomiorun.com\/es\/#website","url":"https:\/\/www.miomiorun.com\/es\/","name":"MioMioRun","description":"Tienda 100% running y trail","publisher":{"@id":"https:\/\/www.miomiorun.com\/es\/#organization"},"potentialAction":[{"@type":"SearchAction","target":{"@type":"EntryPoint","urlTemplate":"https:\/\/www.miomiorun.com\/es\/?s={search_term_string}"},"query-input":{"@type":"PropertyValueSpecification","valueRequired":true,"valueName":"search_term_string"}}],"inLanguage":"es-ES"},{"@type":"Organization","@id":"https:\/\/www.miomiorun.com\/es\/#organization","name":"MioMio Run","url":"https:\/\/www.miomiorun.com\/es\/","logo":{"@type":"ImageObject","inLanguage":"es-ES","@id":"https:\/\/www.miomiorun.com\/es\/#\/schema\/logo\/image\/","url":"https:\/\/www.miomiorun.com\/app\/uploads\/2019\/12\/logomio.png","contentUrl":"https:\/\/www.miomiorun.com\/app\/uploads\/2019\/12\/logomio.png","width":115,"height":82,"caption":"MioMio Run"},"image":{"@id":"https:\/\/www.miomiorun.com\/es\/#\/schema\/logo\/image\/"},"sameAs":["https:\/\/www.facebook.com\/miomiorun\/","https:\/\/www.instagram.com\/miomiorun\/"]}]}},"_links":{"self":[{"href":"https:\/\/www.miomiorun.com\/es\/wp-json\/wp\/v2\/product\/286486","targetHints":{"allow":["GET"]}}],"collection":[{"href":"https:\/\/www.miomiorun.com\/es\/wp-json\/wp\/v2\/product"}],"about":[{"href":"https:\/\/www.miomiorun.com\/es\/wp-json\/wp\/v2\/types\/product"}],"wp:featuredmedia":[{"embeddable":true,"href":"https:\/\/www.miomiorun.com\/es\/wp-json\/wp\/v2\/media\/240010"}],"wp:attachment":[{"href":"https:\/\/www.miomiorun.com\/es\/wp-json\/wp\/v2\/media?parent=286486"}],"wp:term":[{"taxonomy":"product_brand","embeddable":true,"href":"https:\/\/www.miomiorun.com\/es\/wp-json\/wp\/v2\/product_brand?post=286486"},{"taxonomy":"product_cat","embeddable":true,"href":"https:\/\/www.miomiorun.com\/es\/wp-json\/wp\/v2\/product_cat?post=286486"},{"taxonomy":"product_tag","embeddable":true,"href":"https:\/\/www.miomiorun.com\/es\/wp-json\/wp\/v2\/product_tag?post=286486"}],"curies":[{"name":"wp","href":"https:\/\/api.w.org\/{rel}","templated":true}]}}