{"id":286460,"date":"2023-04-13T18:54:34","date_gmt":"2023-04-13T16:54:34","guid":{"rendered":"https:\/\/miomiorun.com\/prodotto\/core-essence-shorts-uomo\/"},"modified":"2026-04-23T16:43:23","modified_gmt":"2026-04-23T14:43:23","slug":"core-essence-shorts-hombre","status":"publish","type":"product","link":"https:\/\/www.miomiorun.com\/es\/producto\/core-essence-shorts-hombre\/","title":{"rendered":"Core Essence Shorts hombre"},"content":{"rendered":"<p>Los pantalones cortos <strong>Core Essencee<\/strong> para hombre son unos pantalones cortos de entrenamiento holgados que constituyen una excelente opci\u00f3n para la mayor\u00eda de los tipos de entrenamiento. Estos pantalones cortos vers\u00e1tiles cuentan con una cintura ajustable con cord\u00f3n y dos bolsillos laterales en diagonal.<\/p>\n<h3>Concepto de entrenamiento m\u00faltiple<\/h3>\n<p>Essencee es un concepto de entrenamiento multifuncional que combina sesiones de alta intensidad con la moda urbana para marcar un estilo atrevido en el gimnasio, en el entorno urbano y en cualquier otro lugar.<\/p>\n<p><strong>Caracter\u00edsticas:<\/strong><\/p>\n<ul>\n<li>Cintura ajustable con cord\u00f3n<\/li>\n<li>Dos bolsillos laterales en diagonal<\/li>\n<li>Corte holgado<\/li>\n<\/ul>\n<p>&nbsp;<\/p>\n","protected":false},"excerpt":{"rendered":"<ul>\n<li>Cintura ajustable con cord\u00f3n<\/li>\n<li>Dos bolsillos laterales en diagonal<\/li>\n<li>Corte holgado<\/li>\n<\/ul>\n","protected":false},"featured_media":240014,"template":"","meta":{"_acf_changed":false,"inline_featured_image":false},"product_brand":[],"product_cat":[24457,24463],"product_tag":[23553,23663],"class_list":{"0":"post-286460","1":"product","2":"type-product","3":"status-publish","4":"has-post-thumbnail","6":"product_cat-pantalones-cortos-es-2","7":"product_cat-ropa-de-hombre-es","8":"product_tag-craft-es","9":"product_tag-craft-hombre","10":"pa_attivita-caminar","11":"pa_attivita-fitness-es","12":"pa_attivita-running-es","13":"pa_colore-core-essence-shorts-blaze-blaze-es","14":"pa_marca-craft-es","15":"pa_sesso-hombre","16":"pa_size-medium-es","18":"first","19":"instock","20":"sale","21":"taxable","22":"shipping-taxable","23":"purchasable","24":"product-type-variable","25":"wvs-archive-product-wrapper"},"acf":[],"yoast_head":"<!-- This site is optimized with the Yoast SEO plugin v26.8 - https:\/\/yoast.com\/product\/yoast-seo-wordpress\/ -->\n<title>Craft Core Essence Shorts hombre - Pantalones cortos hombre- MioMioRun<\/title>\n<meta name=\"description\" content=\"Los pantalones cortos Core Essence para hombre son unos pantalones cortos de entrenamiento holgados que constituyen una excelente opci\u00f3n para la mayor\u00eda de los tipos de entrenamiento.\" \/>\n<meta name=\"robots\" content=\"index, follow, max-snippet:-1, max-image-preview:large, max-video-preview:-1\" \/>\n<link rel=\"canonical\" href=\"https:\/\/www.miomiorun.com\/es\/producto\/core-essence-shorts-hombre\/\" \/>\n<meta property=\"og:locale\" content=\"es_ES\" \/>\n<meta property=\"og:type\" content=\"article\" \/>\n<meta property=\"og:title\" content=\"Craft Core Essence Shorts hombre - Pantalones cortos hombre- MioMioRun\" \/>\n<meta property=\"og:description\" content=\"Los pantalones cortos Core Essence para hombre son unos pantalones cortos de entrenamiento holgados que constituyen una excelente opci\u00f3n para la mayor\u00eda de los tipos de entrenamiento.\" \/>\n<meta property=\"og:url\" content=\"https:\/\/www.miomiorun.com\/es\/producto\/core-essence-shorts-hombre\/\" \/>\n<meta property=\"og:site_name\" content=\"MioMioRun\" \/>\n<meta property=\"article:publisher\" content=\"https:\/\/www.facebook.com\/miomiorun\/\" \/>\n<meta property=\"article:modified_time\" content=\"2026-04-23T14:43:23+00:00\" \/>\n<meta property=\"og:image\" content=\"https:\/\/www.miomiorun.com\/app\/uploads\/2023\/04\/craft-core-essence-shorts-black-1910262-999999.jpg\" \/>\n\t<meta property=\"og:image:width\" content=\"600\" \/>\n\t<meta property=\"og:image:height\" content=\"600\" \/>\n\t<meta property=\"og:image:type\" content=\"image\/jpeg\" \/>\n<meta name=\"twitter:card\" content=\"summary_large_image\" \/>\n<meta name=\"twitter:label1\" content=\"Est. reading time\" \/>\n\t<meta name=\"twitter:data1\" content=\"1 minute\" \/>\n<script type=\"application\/ld+json\" class=\"yoast-schema-graph\">{\"@context\":\"https:\/\/schema.org\",\"@graph\":[{\"@type\":\"WebPage\",\"@id\":\"https:\/\/www.miomiorun.com\/es\/producto\/core-essence-shorts-hombre\/\",\"url\":\"https:\/\/www.miomiorun.com\/es\/producto\/core-essence-shorts-hombre\/\",\"name\":\"Craft Core Essence Shorts hombre - Pantalones cortos hombre- MioMioRun\",\"isPartOf\":{\"@id\":\"https:\/\/www.miomiorun.com\/es\/#website\"},\"primaryImageOfPage\":{\"@id\":\"https:\/\/www.miomiorun.com\/es\/producto\/core-essence-shorts-hombre\/#primaryimage\"},\"image\":{\"@id\":\"https:\/\/www.miomiorun.com\/es\/producto\/core-essence-shorts-hombre\/#primaryimage\"},\"thumbnailUrl\":\"https:\/\/www.miomiorun.com\/app\/uploads\/2023\/04\/craft-core-essence-shorts-black-1910262-999999.jpg\",\"datePublished\":\"2023-04-13T16:54:34+00:00\",\"dateModified\":\"2026-04-23T14:43:23+00:00\",\"description\":\"Los pantalones cortos Core Essence para hombre son unos pantalones cortos de entrenamiento holgados que constituyen una excelente opci\u00f3n para la mayor\u00eda de los tipos de entrenamiento.\",\"breadcrumb\":{\"@id\":\"https:\/\/www.miomiorun.com\/es\/producto\/core-essence-shorts-hombre\/#breadcrumb\"},\"inLanguage\":\"es-ES\",\"potentialAction\":[{\"@type\":\"ReadAction\",\"target\":[\"https:\/\/www.miomiorun.com\/es\/producto\/core-essence-shorts-hombre\/\"]}]},{\"@type\":\"ImageObject\",\"inLanguage\":\"es-ES\",\"@id\":\"https:\/\/www.miomiorun.com\/es\/producto\/core-essence-shorts-hombre\/#primaryimage\",\"url\":\"https:\/\/www.miomiorun.com\/app\/uploads\/2023\/04\/craft-core-essence-shorts-black-1910262-999999.jpg\",\"contentUrl\":\"https:\/\/www.miomiorun.com\/app\/uploads\/2023\/04\/craft-core-essence-shorts-black-1910262-999999.jpg\",\"width\":600,\"height\":600,\"caption\":\"craft-core-essence-shorts-black-1910262-999999\"},{\"@type\":\"BreadcrumbList\",\"@id\":\"https:\/\/www.miomiorun.com\/es\/producto\/core-essence-shorts-hombre\/#breadcrumb\",\"itemListElement\":[{\"@type\":\"ListItem\",\"position\":1,\"name\":\"Home\",\"item\":\"https:\/\/www.miomiorun.com\/es\/\"},{\"@type\":\"ListItem\",\"position\":2,\"name\":\"Shop\",\"item\":\"https:\/\/www.miomiorun.com\/shop\/\"},{\"@type\":\"ListItem\",\"position\":3,\"name\":\"Core Essence Shorts hombre\"}]},{\"@type\":\"WebSite\",\"@id\":\"https:\/\/www.miomiorun.com\/es\/#website\",\"url\":\"https:\/\/www.miomiorun.com\/es\/\",\"name\":\"MioMioRun\",\"description\":\"Tienda 100% running y trail\",\"publisher\":{\"@id\":\"https:\/\/www.miomiorun.com\/es\/#organization\"},\"potentialAction\":[{\"@type\":\"SearchAction\",\"target\":{\"@type\":\"EntryPoint\",\"urlTemplate\":\"https:\/\/www.miomiorun.com\/es\/?s={search_term_string}\"},\"query-input\":{\"@type\":\"PropertyValueSpecification\",\"valueRequired\":true,\"valueName\":\"search_term_string\"}}],\"inLanguage\":\"es-ES\"},{\"@type\":\"Organization\",\"@id\":\"https:\/\/www.miomiorun.com\/es\/#organization\",\"name\":\"MioMio Run\",\"url\":\"https:\/\/www.miomiorun.com\/es\/\",\"logo\":{\"@type\":\"ImageObject\",\"inLanguage\":\"es-ES\",\"@id\":\"https:\/\/www.miomiorun.com\/es\/#\/schema\/logo\/image\/\",\"url\":\"https:\/\/www.miomiorun.com\/app\/uploads\/2019\/12\/logomio.png\",\"contentUrl\":\"https:\/\/www.miomiorun.com\/app\/uploads\/2019\/12\/logomio.png\",\"width\":115,\"height\":82,\"caption\":\"MioMio Run\"},\"image\":{\"@id\":\"https:\/\/www.miomiorun.com\/es\/#\/schema\/logo\/image\/\"},\"sameAs\":[\"https:\/\/www.facebook.com\/miomiorun\/\",\"https:\/\/www.instagram.com\/miomiorun\/\"]}]}<\/script>\n<!-- \/ Yoast SEO plugin. -->","yoast_head_json":{"title":"Craft Core Essence Shorts hombre - Pantalones cortos hombre- MioMioRun","description":"Los pantalones cortos Core Essence para hombre son unos pantalones cortos de entrenamiento holgados que constituyen una excelente opci\u00f3n para la mayor\u00eda de los tipos de entrenamiento.","robots":{"index":"index","follow":"follow","max-snippet":"max-snippet:-1","max-image-preview":"max-image-preview:large","max-video-preview":"max-video-preview:-1"},"canonical":"https:\/\/www.miomiorun.com\/es\/producto\/core-essence-shorts-hombre\/","og_locale":"es_ES","og_type":"article","og_title":"Craft Core Essence Shorts hombre - Pantalones cortos hombre- MioMioRun","og_description":"Los pantalones cortos Core Essence para hombre son unos pantalones cortos de entrenamiento holgados que constituyen una excelente opci\u00f3n para la mayor\u00eda de los tipos de entrenamiento.","og_url":"https:\/\/www.miomiorun.com\/es\/producto\/core-essence-shorts-hombre\/","og_site_name":"MioMioRun","article_publisher":"https:\/\/www.facebook.com\/miomiorun\/","article_modified_time":"2026-04-23T14:43:23+00:00","og_image":[{"width":600,"height":600,"url":"https:\/\/www.miomiorun.com\/app\/uploads\/2023\/04\/craft-core-essence-shorts-black-1910262-999999.jpg","type":"image\/jpeg"}],"twitter_card":"summary_large_image","twitter_misc":{"Est. reading time":"1 minute"},"schema":{"@context":"https:\/\/schema.org","@graph":[{"@type":"WebPage","@id":"https:\/\/www.miomiorun.com\/es\/producto\/core-essence-shorts-hombre\/","url":"https:\/\/www.miomiorun.com\/es\/producto\/core-essence-shorts-hombre\/","name":"Craft Core Essence Shorts hombre - Pantalones cortos hombre- MioMioRun","isPartOf":{"@id":"https:\/\/www.miomiorun.com\/es\/#website"},"primaryImageOfPage":{"@id":"https:\/\/www.miomiorun.com\/es\/producto\/core-essence-shorts-hombre\/#primaryimage"},"image":{"@id":"https:\/\/www.miomiorun.com\/es\/producto\/core-essence-shorts-hombre\/#primaryimage"},"thumbnailUrl":"https:\/\/www.miomiorun.com\/app\/uploads\/2023\/04\/craft-core-essence-shorts-black-1910262-999999.jpg","datePublished":"2023-04-13T16:54:34+00:00","dateModified":"2026-04-23T14:43:23+00:00","description":"Los pantalones cortos Core Essence para hombre son unos pantalones cortos de entrenamiento holgados que constituyen una excelente opci\u00f3n para la mayor\u00eda de los tipos de entrenamiento.","breadcrumb":{"@id":"https:\/\/www.miomiorun.com\/es\/producto\/core-essence-shorts-hombre\/#breadcrumb"},"inLanguage":"es-ES","potentialAction":[{"@type":"ReadAction","target":["https:\/\/www.miomiorun.com\/es\/producto\/core-essence-shorts-hombre\/"]}]},{"@type":"ImageObject","inLanguage":"es-ES","@id":"https:\/\/www.miomiorun.com\/es\/producto\/core-essence-shorts-hombre\/#primaryimage","url":"https:\/\/www.miomiorun.com\/app\/uploads\/2023\/04\/craft-core-essence-shorts-black-1910262-999999.jpg","contentUrl":"https:\/\/www.miomiorun.com\/app\/uploads\/2023\/04\/craft-core-essence-shorts-black-1910262-999999.jpg","width":600,"height":600,"caption":"craft-core-essence-shorts-black-1910262-999999"},{"@type":"BreadcrumbList","@id":"https:\/\/www.miomiorun.com\/es\/producto\/core-essence-shorts-hombre\/#breadcrumb","itemListElement":[{"@type":"ListItem","position":1,"name":"Home","item":"https:\/\/www.miomiorun.com\/es\/"},{"@type":"ListItem","position":2,"name":"Shop","item":"https:\/\/www.miomiorun.com\/shop\/"},{"@type":"ListItem","position":3,"name":"Core Essence Shorts hombre"}]},{"@type":"WebSite","@id":"https:\/\/www.miomiorun.com\/es\/#website","url":"https:\/\/www.miomiorun.com\/es\/","name":"MioMioRun","description":"Tienda 100% running y trail","publisher":{"@id":"https:\/\/www.miomiorun.com\/es\/#organization"},"potentialAction":[{"@type":"SearchAction","target":{"@type":"EntryPoint","urlTemplate":"https:\/\/www.miomiorun.com\/es\/?s={search_term_string}"},"query-input":{"@type":"PropertyValueSpecification","valueRequired":true,"valueName":"search_term_string"}}],"inLanguage":"es-ES"},{"@type":"Organization","@id":"https:\/\/www.miomiorun.com\/es\/#organization","name":"MioMio Run","url":"https:\/\/www.miomiorun.com\/es\/","logo":{"@type":"ImageObject","inLanguage":"es-ES","@id":"https:\/\/www.miomiorun.com\/es\/#\/schema\/logo\/image\/","url":"https:\/\/www.miomiorun.com\/app\/uploads\/2019\/12\/logomio.png","contentUrl":"https:\/\/www.miomiorun.com\/app\/uploads\/2019\/12\/logomio.png","width":115,"height":82,"caption":"MioMio Run"},"image":{"@id":"https:\/\/www.miomiorun.com\/es\/#\/schema\/logo\/image\/"},"sameAs":["https:\/\/www.facebook.com\/miomiorun\/","https:\/\/www.instagram.com\/miomiorun\/"]}]}},"_links":{"self":[{"href":"https:\/\/www.miomiorun.com\/es\/wp-json\/wp\/v2\/product\/286460","targetHints":{"allow":["GET"]}}],"collection":[{"href":"https:\/\/www.miomiorun.com\/es\/wp-json\/wp\/v2\/product"}],"about":[{"href":"https:\/\/www.miomiorun.com\/es\/wp-json\/wp\/v2\/types\/product"}],"wp:featuredmedia":[{"embeddable":true,"href":"https:\/\/www.miomiorun.com\/es\/wp-json\/wp\/v2\/media\/240014"}],"wp:attachment":[{"href":"https:\/\/www.miomiorun.com\/es\/wp-json\/wp\/v2\/media?parent=286460"}],"wp:term":[{"taxonomy":"product_brand","embeddable":true,"href":"https:\/\/www.miomiorun.com\/es\/wp-json\/wp\/v2\/product_brand?post=286460"},{"taxonomy":"product_cat","embeddable":true,"href":"https:\/\/www.miomiorun.com\/es\/wp-json\/wp\/v2\/product_cat?post=286460"},{"taxonomy":"product_tag","embeddable":true,"href":"https:\/\/www.miomiorun.com\/es\/wp-json\/wp\/v2\/product_tag?post=286460"}],"curies":[{"name":"wp","href":"https:\/\/api.w.org\/{rel}","templated":true}]}}