{"id":286418,"date":"2023-04-20T17:18:14","date_gmt":"2023-04-20T15:18:14","guid":{"rendered":"https:\/\/miomiorun.com\/prodotto\/booster-elite-evo-2\/"},"modified":"2026-05-06T18:21:08","modified_gmt":"2026-05-06T16:21:08","slug":"booster-elite-evo-2","status":"publish","type":"product","link":"https:\/\/www.miomiorun.com\/es\/producto\/booster-elite-evo-2\/","title":{"rendered":"Booster Elite Evo 2"},"content":{"rendered":"<p>Esta media de compresi\u00f3n <strong>Booster EVO2<\/strong> se ha dise\u00f1ado a partir de la combinaci\u00f3n de diferentes tipos de tejidos de&nbsp;rigidez variable&nbsp; (ultraligera\/ligera\/semirr\u00edgida\/r\u00edgida) que ejercen&nbsp;presiones espec\u00edficas&nbsp;en&nbsp;la&nbsp;pantorrilla, la&nbsp;tibia&nbsp;y el&nbsp;tobillo.<\/p>\n<p><strong>El EFECTO SHOCKWAVE<\/strong>, la principal innovaci\u00f3n presente en todo el&nbsp;BOOSTER Elite EVO2, reduce hasta un 42 %&nbsp;las vibraciones y las oscilaciones musculares que se producen durante el impacto de los pies contra el suelo y&nbsp;en un 39 % los dolores musculares&nbsp;posteriores al esfuerzo.<\/p>\n<p>Si se lleva puesto de forma constante, el <strong>BOOSTER Elite Evo2<\/strong> combate la sensaci\u00f3n de pesadez en las piernas, retrasa el umbral de fatiga, disminuye los dolores, reduce considerablemente el riesgo de lesiones y preparar\u00e1 al deportista para una recuperaci\u00f3n \u00f3ptima tras la actividad deportiva.<\/p>\n<h3>Uso:<\/h3>\n<ul>\n<li>BOOSTER ELITE es asim\u00e9trico. Aseg\u00farese de colocar el logotipo de BVSPORT delante, debajo de la r\u00f3tula, y el logotipo de BOOSTER en el lado externo de la pantorrilla.<\/li>\n<li>Lavar a mano o a m\u00e1quina a 30 \u00b0C como m\u00e1ximo. Secar al aire. No secar sobre radiadores ni en secadoras<\/li>\n<li>En caso de enfermedades venosas, consulte a su m\u00e9dico.<\/li>\n<li>No utilizar mientras se est\u00e1 acostado<\/li>\n<\/ul>\n<h3><strong>Tecnolog\u00edas:<\/strong><\/h3>\n<p class=\"title\"><strong>Malla de ruptura \u00abSHOCKWAVE EFFECT\u00bb<\/strong><\/p>\n<p>T\u00e9cnica: La alternancia de mallas ultraflexibles y r\u00edgidas favorece la amortiguaci\u00f3n y la absorci\u00f3n de impactos.<\/p>\n<p>Acci\u00f3n: Esta nueva t\u00e9cnica de confecci\u00f3n, presente en la gama BOOSTER X, dispersa las ondas de choque transmitidas en el momento del impacto transitorio del pie contra el suelo.<\/p>\n<p>Beneficios: Reducci\u00f3n significativa de las vibraciones y oscilaciones par\u00e1sitas que causan lesiones y da\u00f1os musculares (periostitis, fracturas tibiales, DOMS).<\/p>\n<p class=\"title\"><strong>Soporte para la pantorrilla<\/strong><\/p>\n<p>T\u00e9cnica: Presi\u00f3n espec\u00edfica y mallas r\u00edgidas a la altura de la pantorrilla.<\/p>\n<p>Acci\u00f3n: Mejora el retorno venoso y acelera la eliminaci\u00f3n de toxinas (CO2, radicales libres) que se acumulan en la pantorrilla.<\/p>\n<p>Beneficios: Combate la sensaci\u00f3n de piernas pesadas y retrasa el umbral de fatiga. Reduce la posible aparici\u00f3n de periostitis y DOMS.<\/p>\n","protected":false},"excerpt":{"rendered":"<ul>\n<li>BOOSTER ELITE es asim\u00e9trico.<\/li>\n<li>Lavar a mano o a m\u00e1quina a una temperatura m\u00e1xima de 30 \u00b0C.<\/li>\n<li>En caso de padecer enfermedades venosas, consulte a su m\u00e9dico.<\/li>\n<\/ul>\n","protected":false},"featured_media":241631,"template":"","meta":{"_acf_changed":false,"inline_featured_image":false},"product_brand":[],"product_cat":[24400,24462,24463,24401],"product_tag":[23561,24176,23622],"class_list":{"0":"post-286418","1":"product","2":"type-product","3":"status-publish","4":"has-post-thumbnail","6":"product_cat-calcetines","7":"product_cat-calcetines-es-2","8":"product_cat-ropa-de-hombre-es","9":"product_cat-ropa-de-mujer","10":"product_tag-bv-sport-es","11":"product_tag-bv-sport-hombre","12":"product_tag-bv-sport-mujer","13":"pa_attivita-outdoor-es","14":"pa_attivita-running-es","15":"pa_attivita-trail-es","16":"pa_colore-booster-elite-evo-2-nero-es","17":"pa_marca-bv-sport-es","18":"pa_sesso-hombre","19":"pa_sesso-mujer","20":"pa_size-l-es","21":"pa_size-medium-es","22":"pa_size-large-es","24":"first","25":"instock","26":"sale","27":"taxable","28":"shipping-taxable","29":"purchasable","30":"product-type-variable","31":"wvs-archive-product-wrapper"},"acf":[],"yoast_head":"<!-- This site is optimized with the Yoast SEO plugin v26.8 - https:\/\/yoast.com\/product\/yoast-seo-wordpress\/ -->\n<title>Bv SportBooster Elite Evo 2 - Calcetines de running para hombre - MioMioRun<\/title>\n<meta name=\"description\" content=\"Estas medias de compresi\u00f3n Booster EVO2 se han dise\u00f1ado a partir de la combinaci\u00f3n de diferentes tipos de tejidos de rigidez variable que ejercen una presi\u00f3n\" \/>\n<meta name=\"robots\" content=\"index, follow, max-snippet:-1, max-image-preview:large, max-video-preview:-1\" \/>\n<link rel=\"canonical\" href=\"https:\/\/www.miomiorun.com\/es\/producto\/booster-elite-evo-2\/\" \/>\n<meta property=\"og:locale\" content=\"es_ES\" \/>\n<meta property=\"og:type\" content=\"article\" \/>\n<meta property=\"og:title\" content=\"Bv SportBooster Elite Evo 2 - Calcetines de running para hombre - MioMioRun\" \/>\n<meta property=\"og:description\" content=\"Estas medias de compresi\u00f3n Booster EVO2 se han dise\u00f1ado a partir de la combinaci\u00f3n de diferentes tipos de tejidos de rigidez variable que ejercen una presi\u00f3n\" \/>\n<meta property=\"og:url\" content=\"https:\/\/www.miomiorun.com\/es\/producto\/booster-elite-evo-2\/\" \/>\n<meta property=\"og:site_name\" content=\"MioMioRun\" \/>\n<meta property=\"article:publisher\" content=\"https:\/\/www.facebook.com\/miomiorun\/\" \/>\n<meta property=\"article:modified_time\" content=\"2026-05-06T16:21:08+00:00\" \/>\n<meta property=\"og:image\" content=\"https:\/\/www.miomiorun.com\/app\/uploads\/2023\/06\/bv-sport-booster-elite-evo-2-nero-114-001.jpg\" \/>\n\t<meta property=\"og:image:width\" content=\"600\" \/>\n\t<meta property=\"og:image:height\" content=\"600\" \/>\n\t<meta property=\"og:image:type\" content=\"image\/jpeg\" \/>\n<meta name=\"twitter:card\" content=\"summary_large_image\" \/>\n<meta name=\"twitter:label1\" content=\"Est. reading time\" \/>\n\t<meta name=\"twitter:data1\" content=\"2 minutes\" \/>\n<script type=\"application\/ld+json\" class=\"yoast-schema-graph\">{\"@context\":\"https:\/\/schema.org\",\"@graph\":[{\"@type\":\"WebPage\",\"@id\":\"https:\/\/www.miomiorun.com\/es\/producto\/booster-elite-evo-2\/\",\"url\":\"https:\/\/www.miomiorun.com\/es\/producto\/booster-elite-evo-2\/\",\"name\":\"Bv SportBooster Elite Evo 2 - Calcetines de running para hombre - MioMioRun\",\"isPartOf\":{\"@id\":\"https:\/\/www.miomiorun.com\/es\/#website\"},\"primaryImageOfPage\":{\"@id\":\"https:\/\/www.miomiorun.com\/es\/producto\/booster-elite-evo-2\/#primaryimage\"},\"image\":{\"@id\":\"https:\/\/www.miomiorun.com\/es\/producto\/booster-elite-evo-2\/#primaryimage\"},\"thumbnailUrl\":\"https:\/\/www.miomiorun.com\/app\/uploads\/2023\/06\/bv-sport-booster-elite-evo-2-nero-114-001.jpg\",\"datePublished\":\"2023-04-20T15:18:14+00:00\",\"dateModified\":\"2026-05-06T16:21:08+00:00\",\"description\":\"Estas medias de compresi\u00f3n Booster EVO2 se han dise\u00f1ado a partir de la combinaci\u00f3n de diferentes tipos de tejidos de rigidez variable que ejercen una presi\u00f3n\",\"breadcrumb\":{\"@id\":\"https:\/\/www.miomiorun.com\/es\/producto\/booster-elite-evo-2\/#breadcrumb\"},\"inLanguage\":\"es-ES\",\"potentialAction\":[{\"@type\":\"ReadAction\",\"target\":[\"https:\/\/www.miomiorun.com\/es\/producto\/booster-elite-evo-2\/\"]}]},{\"@type\":\"ImageObject\",\"inLanguage\":\"es-ES\",\"@id\":\"https:\/\/www.miomiorun.com\/es\/producto\/booster-elite-evo-2\/#primaryimage\",\"url\":\"https:\/\/www.miomiorun.com\/app\/uploads\/2023\/06\/bv-sport-booster-elite-evo-2-nero-114-001.jpg\",\"contentUrl\":\"https:\/\/www.miomiorun.com\/app\/uploads\/2023\/06\/bv-sport-booster-elite-evo-2-nero-114-001.jpg\",\"width\":600,\"height\":600,\"caption\":\"bv-sport-booster-elite-evo-2-nero-114-001\"},{\"@type\":\"BreadcrumbList\",\"@id\":\"https:\/\/www.miomiorun.com\/es\/producto\/booster-elite-evo-2\/#breadcrumb\",\"itemListElement\":[{\"@type\":\"ListItem\",\"position\":1,\"name\":\"Home\",\"item\":\"https:\/\/www.miomiorun.com\/es\/\"},{\"@type\":\"ListItem\",\"position\":2,\"name\":\"Shop\",\"item\":\"https:\/\/www.miomiorun.com\/shop\/\"},{\"@type\":\"ListItem\",\"position\":3,\"name\":\"Booster Elite Evo 2\"}]},{\"@type\":\"WebSite\",\"@id\":\"https:\/\/www.miomiorun.com\/es\/#website\",\"url\":\"https:\/\/www.miomiorun.com\/es\/\",\"name\":\"MioMioRun\",\"description\":\"Tienda 100% running y trail\",\"publisher\":{\"@id\":\"https:\/\/www.miomiorun.com\/es\/#organization\"},\"potentialAction\":[{\"@type\":\"SearchAction\",\"target\":{\"@type\":\"EntryPoint\",\"urlTemplate\":\"https:\/\/www.miomiorun.com\/es\/?s={search_term_string}\"},\"query-input\":{\"@type\":\"PropertyValueSpecification\",\"valueRequired\":true,\"valueName\":\"search_term_string\"}}],\"inLanguage\":\"es-ES\"},{\"@type\":\"Organization\",\"@id\":\"https:\/\/www.miomiorun.com\/es\/#organization\",\"name\":\"MioMio Run\",\"url\":\"https:\/\/www.miomiorun.com\/es\/\",\"logo\":{\"@type\":\"ImageObject\",\"inLanguage\":\"es-ES\",\"@id\":\"https:\/\/www.miomiorun.com\/es\/#\/schema\/logo\/image\/\",\"url\":\"https:\/\/www.miomiorun.com\/app\/uploads\/2019\/12\/logomio.png\",\"contentUrl\":\"https:\/\/www.miomiorun.com\/app\/uploads\/2019\/12\/logomio.png\",\"width\":115,\"height\":82,\"caption\":\"MioMio Run\"},\"image\":{\"@id\":\"https:\/\/www.miomiorun.com\/es\/#\/schema\/logo\/image\/\"},\"sameAs\":[\"https:\/\/www.facebook.com\/miomiorun\/\",\"https:\/\/www.instagram.com\/miomiorun\/\"]}]}<\/script>\n<!-- \/ Yoast SEO plugin. -->","yoast_head_json":{"title":"Bv SportBooster Elite Evo 2 - Calcetines de running para hombre - MioMioRun","description":"Estas medias de compresi\u00f3n Booster EVO2 se han dise\u00f1ado a partir de la combinaci\u00f3n de diferentes tipos de tejidos de rigidez variable que ejercen una presi\u00f3n","robots":{"index":"index","follow":"follow","max-snippet":"max-snippet:-1","max-image-preview":"max-image-preview:large","max-video-preview":"max-video-preview:-1"},"canonical":"https:\/\/www.miomiorun.com\/es\/producto\/booster-elite-evo-2\/","og_locale":"es_ES","og_type":"article","og_title":"Bv SportBooster Elite Evo 2 - Calcetines de running para hombre - MioMioRun","og_description":"Estas medias de compresi\u00f3n Booster EVO2 se han dise\u00f1ado a partir de la combinaci\u00f3n de diferentes tipos de tejidos de rigidez variable que ejercen una presi\u00f3n","og_url":"https:\/\/www.miomiorun.com\/es\/producto\/booster-elite-evo-2\/","og_site_name":"MioMioRun","article_publisher":"https:\/\/www.facebook.com\/miomiorun\/","article_modified_time":"2026-05-06T16:21:08+00:00","og_image":[{"width":600,"height":600,"url":"https:\/\/www.miomiorun.com\/app\/uploads\/2023\/06\/bv-sport-booster-elite-evo-2-nero-114-001.jpg","type":"image\/jpeg"}],"twitter_card":"summary_large_image","twitter_misc":{"Est. reading time":"2 minutes"},"schema":{"@context":"https:\/\/schema.org","@graph":[{"@type":"WebPage","@id":"https:\/\/www.miomiorun.com\/es\/producto\/booster-elite-evo-2\/","url":"https:\/\/www.miomiorun.com\/es\/producto\/booster-elite-evo-2\/","name":"Bv SportBooster Elite Evo 2 - Calcetines de running para hombre - MioMioRun","isPartOf":{"@id":"https:\/\/www.miomiorun.com\/es\/#website"},"primaryImageOfPage":{"@id":"https:\/\/www.miomiorun.com\/es\/producto\/booster-elite-evo-2\/#primaryimage"},"image":{"@id":"https:\/\/www.miomiorun.com\/es\/producto\/booster-elite-evo-2\/#primaryimage"},"thumbnailUrl":"https:\/\/www.miomiorun.com\/app\/uploads\/2023\/06\/bv-sport-booster-elite-evo-2-nero-114-001.jpg","datePublished":"2023-04-20T15:18:14+00:00","dateModified":"2026-05-06T16:21:08+00:00","description":"Estas medias de compresi\u00f3n Booster EVO2 se han dise\u00f1ado a partir de la combinaci\u00f3n de diferentes tipos de tejidos de rigidez variable que ejercen una presi\u00f3n","breadcrumb":{"@id":"https:\/\/www.miomiorun.com\/es\/producto\/booster-elite-evo-2\/#breadcrumb"},"inLanguage":"es-ES","potentialAction":[{"@type":"ReadAction","target":["https:\/\/www.miomiorun.com\/es\/producto\/booster-elite-evo-2\/"]}]},{"@type":"ImageObject","inLanguage":"es-ES","@id":"https:\/\/www.miomiorun.com\/es\/producto\/booster-elite-evo-2\/#primaryimage","url":"https:\/\/www.miomiorun.com\/app\/uploads\/2023\/06\/bv-sport-booster-elite-evo-2-nero-114-001.jpg","contentUrl":"https:\/\/www.miomiorun.com\/app\/uploads\/2023\/06\/bv-sport-booster-elite-evo-2-nero-114-001.jpg","width":600,"height":600,"caption":"bv-sport-booster-elite-evo-2-nero-114-001"},{"@type":"BreadcrumbList","@id":"https:\/\/www.miomiorun.com\/es\/producto\/booster-elite-evo-2\/#breadcrumb","itemListElement":[{"@type":"ListItem","position":1,"name":"Home","item":"https:\/\/www.miomiorun.com\/es\/"},{"@type":"ListItem","position":2,"name":"Shop","item":"https:\/\/www.miomiorun.com\/shop\/"},{"@type":"ListItem","position":3,"name":"Booster Elite Evo 2"}]},{"@type":"WebSite","@id":"https:\/\/www.miomiorun.com\/es\/#website","url":"https:\/\/www.miomiorun.com\/es\/","name":"MioMioRun","description":"Tienda 100% running y trail","publisher":{"@id":"https:\/\/www.miomiorun.com\/es\/#organization"},"potentialAction":[{"@type":"SearchAction","target":{"@type":"EntryPoint","urlTemplate":"https:\/\/www.miomiorun.com\/es\/?s={search_term_string}"},"query-input":{"@type":"PropertyValueSpecification","valueRequired":true,"valueName":"search_term_string"}}],"inLanguage":"es-ES"},{"@type":"Organization","@id":"https:\/\/www.miomiorun.com\/es\/#organization","name":"MioMio Run","url":"https:\/\/www.miomiorun.com\/es\/","logo":{"@type":"ImageObject","inLanguage":"es-ES","@id":"https:\/\/www.miomiorun.com\/es\/#\/schema\/logo\/image\/","url":"https:\/\/www.miomiorun.com\/app\/uploads\/2019\/12\/logomio.png","contentUrl":"https:\/\/www.miomiorun.com\/app\/uploads\/2019\/12\/logomio.png","width":115,"height":82,"caption":"MioMio Run"},"image":{"@id":"https:\/\/www.miomiorun.com\/es\/#\/schema\/logo\/image\/"},"sameAs":["https:\/\/www.facebook.com\/miomiorun\/","https:\/\/www.instagram.com\/miomiorun\/"]}]}},"_links":{"self":[{"href":"https:\/\/www.miomiorun.com\/es\/wp-json\/wp\/v2\/product\/286418","targetHints":{"allow":["GET"]}}],"collection":[{"href":"https:\/\/www.miomiorun.com\/es\/wp-json\/wp\/v2\/product"}],"about":[{"href":"https:\/\/www.miomiorun.com\/es\/wp-json\/wp\/v2\/types\/product"}],"wp:featuredmedia":[{"embeddable":true,"href":"https:\/\/www.miomiorun.com\/es\/wp-json\/wp\/v2\/media\/241631"}],"wp:attachment":[{"href":"https:\/\/www.miomiorun.com\/es\/wp-json\/wp\/v2\/media?parent=286418"}],"wp:term":[{"taxonomy":"product_brand","embeddable":true,"href":"https:\/\/www.miomiorun.com\/es\/wp-json\/wp\/v2\/product_brand?post=286418"},{"taxonomy":"product_cat","embeddable":true,"href":"https:\/\/www.miomiorun.com\/es\/wp-json\/wp\/v2\/product_cat?post=286418"},{"taxonomy":"product_tag","embeddable":true,"href":"https:\/\/www.miomiorun.com\/es\/wp-json\/wp\/v2\/product_tag?post=286418"}],"curies":[{"name":"wp","href":"https:\/\/api.w.org\/{rel}","templated":true}]}}