{"id":286342,"date":"2023-04-29T16:14:32","date_gmt":"2023-04-29T14:14:32","guid":{"rendered":"https:\/\/miomiorun.com\/prodotto\/t-shirt-alpinstar-donna\/"},"modified":"2026-05-06T18:26:47","modified_gmt":"2026-05-06T16:26:47","slug":"t-shirt-alpinstar-mujer","status":"publish","type":"product","link":"https:\/\/www.miomiorun.com\/es\/producto\/t-shirt-alpinstar-mujer\/","title":{"rendered":"T-Shirt Alpinstar mujer"},"content":{"rendered":"<div class=\"single-product-description\">\n<div class=\"descProdotto\">\n<p>Camiseta con un corte m\u00e1s \u00absuelto\u00bb que el resto de modelos de la colecci\u00f3n, que destaca por su corte \u00abtwist\u00bb y la combinaci\u00f3n de mangas en colores contrastantes. Las variantes de color o los insertos estampados se fabrican con un poli\u00e9ster de tejido alveolar discontinuo, mientras que para las variantes o los insertos \u00aba rayas\u00bb se utiliza la microfibra J2, ligera, fresca y de secado r\u00e1pido. El ribete del cuello es suave y ligero, adecuado para un uso m\u00e1s t\u00e9cnico.<\/p>\n<\/div>\n<p><strong>Caracter\u00edsticas:<\/strong><\/p>\n<ul>\n<li>Construcci\u00f3n \u00abtwist\u00bb<\/li>\n<\/ul>\n<\/div>\n","protected":false},"excerpt":{"rendered":"<p>Camiseta con un corte m\u00e1s \u00absuelto\u00bb que el resto de modelos de la colecci\u00f3n, que destaca por su corte \u00abtwist\u00bb y la combinaci\u00f3n de mangas en colores contrastantes. Las variantes de color o los insertos estampados se fabrican con un poli\u00e9ster de tejido alveolar discontinuo, mientras que para las variantes o los insertos \u00aba rayas\u00bb &hellip; <a href=\"https:\/\/www.miomiorun.com\/es\/producto\/t-shirt-alpinstar-mujer\/\">Continued<\/a><\/p>\n","protected":false},"featured_media":419198,"template":"","meta":{"_acf_changed":false,"inline_featured_image":false},"product_brand":[],"product_cat":[24226,24401],"product_tag":[23488,23646],"class_list":{"0":"post-286342","1":"product","2":"type-product","3":"status-publish","4":"has-post-thumbnail","6":"product_cat-camiseta","7":"product_cat-ropa-de-mujer","8":"product_tag-crazy-idea-es","9":"product_tag-crazy-idea-mujer","10":"pa_attivita-caminar","11":"pa_attivita-outdoor-es","12":"pa_attivita-trail-es","13":"pa_colore-shirt-alpinstar-w-black-zebra-es","14":"pa_colore-shirt-alpinstar-w-lake","15":"pa_colore-shirt-alpinstar-w-night-flower","16":"pa_colore-shirt-alpinstar-w-pop-es","17":"pa_colore-shirt-alpinstar-w-print-alpin-flower","18":"pa_colore-t-shirt-alpinstar-mountain-flower-w-es","19":"pa_colore-t-shirt-alpinstar-w-pop-es","20":"pa_marca-crazy-idea-es","21":"pa_sesso-mujer","22":"pa_size-extra-small-es","23":"pa_size-small-es","24":"pa_size-medium-es","25":"pa_size-large-es","27":"first","28":"instock","29":"sale","30":"taxable","31":"shipping-taxable","32":"purchasable","33":"product-type-variable","34":"wvs-archive-product-wrapper"},"acf":[],"yoast_head":"<!-- This site is optimized with the Yoast SEO plugin v26.8 - https:\/\/yoast.com\/product\/yoast-seo-wordpress\/ -->\n<title>Crazy Idea T-Shirt Alpinstar mujer - Camiseta para correr - MioMioRun<\/title>\n<meta name=\"description\" content=\"Camiseta con un corte m\u00e1s \u00abholgado\u00bb que los dem\u00e1s modelos, que destaca por su corte \u00abtwist\u00bb y la combinaci\u00f3n de mangas en colores contrastantes.\" \/>\n<meta name=\"robots\" content=\"index, follow, max-snippet:-1, max-image-preview:large, max-video-preview:-1\" \/>\n<link rel=\"canonical\" href=\"https:\/\/www.miomiorun.com\/es\/producto\/t-shirt-alpinstar-mujer\/\" \/>\n<meta property=\"og:locale\" content=\"es_ES\" \/>\n<meta property=\"og:type\" content=\"article\" \/>\n<meta property=\"og:title\" content=\"Crazy Idea T-Shirt Alpinstar mujer - Camiseta para correr - MioMioRun\" \/>\n<meta property=\"og:description\" content=\"Camiseta con un corte m\u00e1s \u00abholgado\u00bb que los dem\u00e1s modelos, que destaca por su corte \u00abtwist\u00bb y la combinaci\u00f3n de mangas en colores contrastantes.\" \/>\n<meta property=\"og:url\" content=\"https:\/\/www.miomiorun.com\/es\/producto\/t-shirt-alpinstar-mujer\/\" \/>\n<meta property=\"og:site_name\" content=\"MioMioRun\" \/>\n<meta property=\"article:publisher\" content=\"https:\/\/www.facebook.com\/miomiorun\/\" \/>\n<meta property=\"article:modified_time\" content=\"2026-05-06T16:26:47+00:00\" \/>\n<meta property=\"og:image\" content=\"https:\/\/www.miomiorun.com\/app\/uploads\/2026\/03\/crazy-Shirt-alpinstar-W-print-alpin-flower-S26095130D-X017.webp\" \/>\n\t<meta property=\"og:image:width\" content=\"720\" \/>\n\t<meta property=\"og:image:height\" content=\"720\" \/>\n\t<meta property=\"og:image:type\" content=\"image\/webp\" \/>\n<meta name=\"twitter:card\" content=\"summary_large_image\" \/>\n<script type=\"application\/ld+json\" class=\"yoast-schema-graph\">{\"@context\":\"https:\/\/schema.org\",\"@graph\":[{\"@type\":\"WebPage\",\"@id\":\"https:\/\/www.miomiorun.com\/es\/producto\/t-shirt-alpinstar-mujer\/\",\"url\":\"https:\/\/www.miomiorun.com\/es\/producto\/t-shirt-alpinstar-mujer\/\",\"name\":\"Crazy Idea T-Shirt Alpinstar mujer - Camiseta para correr - MioMioRun\",\"isPartOf\":{\"@id\":\"https:\/\/www.miomiorun.com\/es\/#website\"},\"primaryImageOfPage\":{\"@id\":\"https:\/\/www.miomiorun.com\/es\/producto\/t-shirt-alpinstar-mujer\/#primaryimage\"},\"image\":{\"@id\":\"https:\/\/www.miomiorun.com\/es\/producto\/t-shirt-alpinstar-mujer\/#primaryimage\"},\"thumbnailUrl\":\"https:\/\/www.miomiorun.com\/app\/uploads\/2026\/03\/crazy-Shirt-alpinstar-W-print-alpin-flower-S26095130D-X017.webp\",\"datePublished\":\"2023-04-29T14:14:32+00:00\",\"dateModified\":\"2026-05-06T16:26:47+00:00\",\"description\":\"Camiseta con un corte m\u00e1s \u00abholgado\u00bb que los dem\u00e1s modelos, que destaca por su corte \u00abtwist\u00bb y la combinaci\u00f3n de mangas en colores contrastantes.\",\"breadcrumb\":{\"@id\":\"https:\/\/www.miomiorun.com\/es\/producto\/t-shirt-alpinstar-mujer\/#breadcrumb\"},\"inLanguage\":\"es-ES\",\"potentialAction\":[{\"@type\":\"ReadAction\",\"target\":[\"https:\/\/www.miomiorun.com\/es\/producto\/t-shirt-alpinstar-mujer\/\"]}]},{\"@type\":\"ImageObject\",\"inLanguage\":\"es-ES\",\"@id\":\"https:\/\/www.miomiorun.com\/es\/producto\/t-shirt-alpinstar-mujer\/#primaryimage\",\"url\":\"https:\/\/www.miomiorun.com\/app\/uploads\/2026\/03\/crazy-Shirt-alpinstar-W-print-alpin-flower-S26095130D-X017.webp\",\"contentUrl\":\"https:\/\/www.miomiorun.com\/app\/uploads\/2026\/03\/crazy-Shirt-alpinstar-W-print-alpin-flower-S26095130D-X017.webp\",\"width\":720,\"height\":720,\"caption\":\"crazy Shirt alpinstar W print alpin flower S26095130D-X017\"},{\"@type\":\"BreadcrumbList\",\"@id\":\"https:\/\/www.miomiorun.com\/es\/producto\/t-shirt-alpinstar-mujer\/#breadcrumb\",\"itemListElement\":[{\"@type\":\"ListItem\",\"position\":1,\"name\":\"Home\",\"item\":\"https:\/\/www.miomiorun.com\/es\/\"},{\"@type\":\"ListItem\",\"position\":2,\"name\":\"Shop\",\"item\":\"https:\/\/www.miomiorun.com\/shop\/\"},{\"@type\":\"ListItem\",\"position\":3,\"name\":\"T-Shirt Alpinstar mujer\"}]},{\"@type\":\"WebSite\",\"@id\":\"https:\/\/www.miomiorun.com\/es\/#website\",\"url\":\"https:\/\/www.miomiorun.com\/es\/\",\"name\":\"MioMioRun\",\"description\":\"Tienda 100% running y trail\",\"publisher\":{\"@id\":\"https:\/\/www.miomiorun.com\/es\/#organization\"},\"potentialAction\":[{\"@type\":\"SearchAction\",\"target\":{\"@type\":\"EntryPoint\",\"urlTemplate\":\"https:\/\/www.miomiorun.com\/es\/?s={search_term_string}\"},\"query-input\":{\"@type\":\"PropertyValueSpecification\",\"valueRequired\":true,\"valueName\":\"search_term_string\"}}],\"inLanguage\":\"es-ES\"},{\"@type\":\"Organization\",\"@id\":\"https:\/\/www.miomiorun.com\/es\/#organization\",\"name\":\"MioMio Run\",\"url\":\"https:\/\/www.miomiorun.com\/es\/\",\"logo\":{\"@type\":\"ImageObject\",\"inLanguage\":\"es-ES\",\"@id\":\"https:\/\/www.miomiorun.com\/es\/#\/schema\/logo\/image\/\",\"url\":\"https:\/\/www.miomiorun.com\/app\/uploads\/2019\/12\/logomio.png\",\"contentUrl\":\"https:\/\/www.miomiorun.com\/app\/uploads\/2019\/12\/logomio.png\",\"width\":115,\"height\":82,\"caption\":\"MioMio Run\"},\"image\":{\"@id\":\"https:\/\/www.miomiorun.com\/es\/#\/schema\/logo\/image\/\"},\"sameAs\":[\"https:\/\/www.facebook.com\/miomiorun\/\",\"https:\/\/www.instagram.com\/miomiorun\/\"]}]}<\/script>\n<!-- \/ Yoast SEO plugin. -->","yoast_head_json":{"title":"Crazy Idea T-Shirt Alpinstar mujer - Camiseta para correr - MioMioRun","description":"Camiseta con un corte m\u00e1s \u00abholgado\u00bb que los dem\u00e1s modelos, que destaca por su corte \u00abtwist\u00bb y la combinaci\u00f3n de mangas en colores contrastantes.","robots":{"index":"index","follow":"follow","max-snippet":"max-snippet:-1","max-image-preview":"max-image-preview:large","max-video-preview":"max-video-preview:-1"},"canonical":"https:\/\/www.miomiorun.com\/es\/producto\/t-shirt-alpinstar-mujer\/","og_locale":"es_ES","og_type":"article","og_title":"Crazy Idea T-Shirt Alpinstar mujer - Camiseta para correr - MioMioRun","og_description":"Camiseta con un corte m\u00e1s \u00abholgado\u00bb que los dem\u00e1s modelos, que destaca por su corte \u00abtwist\u00bb y la combinaci\u00f3n de mangas en colores contrastantes.","og_url":"https:\/\/www.miomiorun.com\/es\/producto\/t-shirt-alpinstar-mujer\/","og_site_name":"MioMioRun","article_publisher":"https:\/\/www.facebook.com\/miomiorun\/","article_modified_time":"2026-05-06T16:26:47+00:00","og_image":[{"width":720,"height":720,"url":"https:\/\/www.miomiorun.com\/app\/uploads\/2026\/03\/crazy-Shirt-alpinstar-W-print-alpin-flower-S26095130D-X017.webp","type":"image\/webp"}],"twitter_card":"summary_large_image","schema":{"@context":"https:\/\/schema.org","@graph":[{"@type":"WebPage","@id":"https:\/\/www.miomiorun.com\/es\/producto\/t-shirt-alpinstar-mujer\/","url":"https:\/\/www.miomiorun.com\/es\/producto\/t-shirt-alpinstar-mujer\/","name":"Crazy Idea T-Shirt Alpinstar mujer - Camiseta para correr - MioMioRun","isPartOf":{"@id":"https:\/\/www.miomiorun.com\/es\/#website"},"primaryImageOfPage":{"@id":"https:\/\/www.miomiorun.com\/es\/producto\/t-shirt-alpinstar-mujer\/#primaryimage"},"image":{"@id":"https:\/\/www.miomiorun.com\/es\/producto\/t-shirt-alpinstar-mujer\/#primaryimage"},"thumbnailUrl":"https:\/\/www.miomiorun.com\/app\/uploads\/2026\/03\/crazy-Shirt-alpinstar-W-print-alpin-flower-S26095130D-X017.webp","datePublished":"2023-04-29T14:14:32+00:00","dateModified":"2026-05-06T16:26:47+00:00","description":"Camiseta con un corte m\u00e1s \u00abholgado\u00bb que los dem\u00e1s modelos, que destaca por su corte \u00abtwist\u00bb y la combinaci\u00f3n de mangas en colores contrastantes.","breadcrumb":{"@id":"https:\/\/www.miomiorun.com\/es\/producto\/t-shirt-alpinstar-mujer\/#breadcrumb"},"inLanguage":"es-ES","potentialAction":[{"@type":"ReadAction","target":["https:\/\/www.miomiorun.com\/es\/producto\/t-shirt-alpinstar-mujer\/"]}]},{"@type":"ImageObject","inLanguage":"es-ES","@id":"https:\/\/www.miomiorun.com\/es\/producto\/t-shirt-alpinstar-mujer\/#primaryimage","url":"https:\/\/www.miomiorun.com\/app\/uploads\/2026\/03\/crazy-Shirt-alpinstar-W-print-alpin-flower-S26095130D-X017.webp","contentUrl":"https:\/\/www.miomiorun.com\/app\/uploads\/2026\/03\/crazy-Shirt-alpinstar-W-print-alpin-flower-S26095130D-X017.webp","width":720,"height":720,"caption":"crazy Shirt alpinstar W print alpin flower S26095130D-X017"},{"@type":"BreadcrumbList","@id":"https:\/\/www.miomiorun.com\/es\/producto\/t-shirt-alpinstar-mujer\/#breadcrumb","itemListElement":[{"@type":"ListItem","position":1,"name":"Home","item":"https:\/\/www.miomiorun.com\/es\/"},{"@type":"ListItem","position":2,"name":"Shop","item":"https:\/\/www.miomiorun.com\/shop\/"},{"@type":"ListItem","position":3,"name":"T-Shirt Alpinstar mujer"}]},{"@type":"WebSite","@id":"https:\/\/www.miomiorun.com\/es\/#website","url":"https:\/\/www.miomiorun.com\/es\/","name":"MioMioRun","description":"Tienda 100% running y trail","publisher":{"@id":"https:\/\/www.miomiorun.com\/es\/#organization"},"potentialAction":[{"@type":"SearchAction","target":{"@type":"EntryPoint","urlTemplate":"https:\/\/www.miomiorun.com\/es\/?s={search_term_string}"},"query-input":{"@type":"PropertyValueSpecification","valueRequired":true,"valueName":"search_term_string"}}],"inLanguage":"es-ES"},{"@type":"Organization","@id":"https:\/\/www.miomiorun.com\/es\/#organization","name":"MioMio Run","url":"https:\/\/www.miomiorun.com\/es\/","logo":{"@type":"ImageObject","inLanguage":"es-ES","@id":"https:\/\/www.miomiorun.com\/es\/#\/schema\/logo\/image\/","url":"https:\/\/www.miomiorun.com\/app\/uploads\/2019\/12\/logomio.png","contentUrl":"https:\/\/www.miomiorun.com\/app\/uploads\/2019\/12\/logomio.png","width":115,"height":82,"caption":"MioMio Run"},"image":{"@id":"https:\/\/www.miomiorun.com\/es\/#\/schema\/logo\/image\/"},"sameAs":["https:\/\/www.facebook.com\/miomiorun\/","https:\/\/www.instagram.com\/miomiorun\/"]}]}},"_links":{"self":[{"href":"https:\/\/www.miomiorun.com\/es\/wp-json\/wp\/v2\/product\/286342","targetHints":{"allow":["GET"]}}],"collection":[{"href":"https:\/\/www.miomiorun.com\/es\/wp-json\/wp\/v2\/product"}],"about":[{"href":"https:\/\/www.miomiorun.com\/es\/wp-json\/wp\/v2\/types\/product"}],"wp:featuredmedia":[{"embeddable":true,"href":"https:\/\/www.miomiorun.com\/es\/wp-json\/wp\/v2\/media\/419198"}],"wp:attachment":[{"href":"https:\/\/www.miomiorun.com\/es\/wp-json\/wp\/v2\/media?parent=286342"}],"wp:term":[{"taxonomy":"product_brand","embeddable":true,"href":"https:\/\/www.miomiorun.com\/es\/wp-json\/wp\/v2\/product_brand?post=286342"},{"taxonomy":"product_cat","embeddable":true,"href":"https:\/\/www.miomiorun.com\/es\/wp-json\/wp\/v2\/product_cat?post=286342"},{"taxonomy":"product_tag","embeddable":true,"href":"https:\/\/www.miomiorun.com\/es\/wp-json\/wp\/v2\/product_tag?post=286342"}],"curies":[{"name":"wp","href":"https:\/\/api.w.org\/{rel}","templated":true}]}}