{"id":286231,"date":"2023-05-06T18:24:55","date_gmt":"2023-05-06T16:24:55","guid":{"rendered":"https:\/\/miomiorun.com\/prodotto\/hero-nano-optics-nordic-light\/"},"modified":"2026-05-06T18:31:58","modified_gmt":"2026-05-06T16:31:58","slug":"hero-nano-optics-nordic-light","status":"publish","type":"product","link":"https:\/\/www.miomiorun.com\/es\/producto\/hero-nano-optics-nordic-light\/","title":{"rendered":"Hero Nano Optics Nordic Light"},"content":{"rendered":"<p><div class=\"vc-row container\"><div class=\"vc-column\"><div class=\"vc-column-text\">Hero es el resultado de nuestros conocimientos combinados: nuestro modelo m\u00e1s avanzado hasta la fecha. Un dise\u00f1o futurista combinado con tecnolog\u00eda de vanguardia. Una montura ultraligera que pesa solo 30 gramos. La tecnolog\u00eda Nano Optics re\u00fane un sinf\u00edn de caracter\u00edsticas en una sola lente. Las patillas y el puente son ajustables para un ajuste s\u00faper c\u00f3modo, mientras que las lentes intercambiables te permiten estar preparado para todo. Tambi\u00e9n es posible utilizar un adaptador \u00f3ptico para ajustarlas a tu graduaci\u00f3n (se vende por separado). Sois personas que os esforz\u00e1is al m\u00e1ximo, independientemente de la actividad que realic\u00e9is. Entonces, Hero es la elecci\u00f3n perfecta para vosotros.<\/p>\n<p>&nbsp;<\/p>\n<p><strong>Caracter\u00edsticas generales<\/strong><\/p>\n<p>As\u00ed es el aspecto del progreso. Hero es 0 % retro y 100 % futuro. La combinaci\u00f3n de las lentes Nano Optics de alta tecnolog\u00eda y la montura ultraligera con fibra de carbono integrada es lo m\u00e1s cercano a la perfecci\u00f3n que se puede conseguir. En total, Hero pesa solo 30 gramos. Todas estas posibilidades de ajuste, una comodidad de primera clase y un rendimiento que te da libertad. Hero es el modelo ideal para ti si prefieres derribar la puerta antes que esperar a que se abra.<\/p>\n<p><strong>Propiedades de las lentes<\/strong><\/p>\n<p>Las lentes Nano Optics son todo lo que siempre has so\u00f1ado, \u00a1y mucho m\u00e1s! La m\u00ednima distorsi\u00f3n \u00f3ptica te permite ver las cosas tal y como son. El triple revestimiento antivaho hace que las lentes empa\u00f1adas sean cosa del pasado. El revestimiento hidr\u00f3fobo mantiene las lentes secas en cualquier condici\u00f3n meteorol\u00f3gica, mientras que el revestimiento antiara\u00f1azos las mantiene bonitas y transparentes. Adem\u00e1s, un revestimiento oleof\u00f3bico mantiene la lente libre de suciedad. La lente est\u00e1 fabricada en X-PC irrompible, por supuesto con protecci\u00f3n UV total. \u00a1Pero eso no es todo! Nano Optics est\u00e1 disponible con dos lentes adicionales. Una lente fotocrom\u00e1tica que se oscurece o se aclara autom\u00e1ticamente seg\u00fan las condiciones meteorol\u00f3gicas y una versi\u00f3n Nordic Light que ofrece contrastes n\u00edtidos.<\/p>\n<p><strong>Materiales<\/strong><\/p>\n<p>Hero cuenta con un armaz\u00f3n interior de Grilamid TR90, reforzado con fibra de carbono ultrar\u00edgida y ligera, el mismo material que se utiliza en los aviones de combate y en los coches de F\u00f3rmula 1. \u00abCompromiso\u00bb no es una palabra que encaje en este caso. Hero tiene una montura robusta, ligera y, en todos los sentidos, fant\u00e1stica.<\/p>\n<p><strong>Posibilidad de ajuste<\/strong><\/p>\n<p>Las Hero se han dise\u00f1ado teniendo en cuenta todos los aspectos relacionados con el rendimiento, incluida la comodidad. Su ligereza \u2014peso de tan solo 30 gramos\u2014 hace que sean muy c\u00f3modas de llevar puestas. Tanto las patillas como el puente nasal son ajustables. Otra ventaja de las Hero es la posibilidad de acoplarles un adaptador \u00f3ptico. Este se adquiere por separado y permite incorporar la graduaci\u00f3n personal de las gafas.<\/div> <\/div><\/div><div class=\"vc-row container\"><div class=\"vc-column\"><div class=\"vc-column-text\"><\/p>\n<div class=\"col-20 col-m-33 col-s-100\">\n<div class=\"tech-item\">\n<div class=\"col-20 col-m-33 col-s-100\">\n<div class=\"tech-item\">\n<h3><img loading=\"lazy\" decoding=\"async\" class=\"lazyloaded\" src=\"https:\/\/www.bliz.com\/media\/2249\/100-uv.png\" width=\"75\" height=\"75\" data-src=\"\/media\/2249\/100-uv.png\" \/><strong>Protecci\u00f3n 100 % contra los rayos UV<\/strong><\/h3>\n<p>Las gafas Bliz Active protegen eficazmente tus ojos de los da\u00f1inos rayos UVA y UVB.<\/p>\n<\/div>\n<\/div>\n<\/div>\n<\/div>\n<p><\/div><\/div><div class=\"vc-column\"><div class=\"vc-column-text\"><\/p>\n<div class=\"col-20 col-m-33 col-s-100\">\n<div class=\"tech-item\">\n<p><img decoding=\"async\" class=\"lazyloaded\" src=\"https:\/\/www.bliz.com\/media\/2251\/ce-standard.png\" data-src=\"https:\/\/www.bliz.com\/media\/2251\/ce-standard.png\" \/><\/p>\n<h3>Norma CE<\/h3>\n<p>Todos los productos Bliz Active cuentan con el marcado CE, lo que significa que cumplimos los requisitos b\u00e1sicos de salud y seguridad establecidos en las directivas de la UE aplicables a esta gama de productos.<\/p>\n<\/div>\n<\/div>\n<p><\/div><\/div><div class=\"vc-column\"><div class=\"vc-column-text\"><img decoding=\"async\" class=\"lazyloaded\" src=\"https:\/\/www.bliz.com\/media\/2243\/unbreakable-xpc-lens.png\" data-src=\"\/media\/2243\/unbreakable-xpc-lens.png\" \/><\/p>\n<h3 id=\"tw-target-text\" class=\"tw-data-text tw-text-large tw-ta\" dir=\"ltr\" data-placeholder=\"Traduzione\"><span class=\"Y2IQFc\" lang=\"it\">Lentes irrompibles de policarbonato <\/span><\/h3>\n<p class=\"tw-data-text tw-text-large tw-ta\" dir=\"ltr\" data-placeholder=\"Traduzione\"><span class=\"Y2IQFc\" lang=\"it\">Las lentes est\u00e1n fabricadas en policarbonato irrompible, que es 10 veces m\u00e1s resistente a los golpes que las lentes de pl\u00e1stico o cristal, y ofrecen el m\u00e1ximo nivel de protecci\u00f3n.<\/span><\/p>\n<p><\/div><\/div><div class=\"vc-column\"><div class=\"vc-column-text\"><\/p>\n<h3><img decoding=\"async\" class=\"lazyloaded\" src=\"https:\/\/www.bliz.com\/media\/2259\/g_tr90.png\" data-src=\"\/media\/2259\/g_tr90.png\" \/><\/h3>\n<h3><strong>Grilamid TR90<\/strong><\/h3>\n<p>Este material de alta tecnolog\u00eda, extremadamente flexible, destaca por su ligereza y ofrece un rendimiento excelente en cualquier condici\u00f3n meteorol\u00f3gica.<\/p>\n<p><\/div><\/div><\/div><div class=\"vc-row container\"><div class=\"vc-column\"><div class=\"vc-column-text\"><\/p>\n<h3><img decoding=\"async\" class=\"lazyloaded\" src=\"https:\/\/www.bliz.com\/media\/2265\/optical-adapter.png\" data-src=\"\/media\/2265\/optical-adapter.png\" \/><\/h3>\n<h3>Compatible con el adaptador \u00f3ptico<\/h3>\n<p>El adaptador \u00f3ptico te permite incorporar lentes graduadas para disfrutar de una visi\u00f3n \u00f3ptima mientras practicas deporte. Disponible como accesorio.<\/p>\n<p><\/div><\/div><div class=\"vc-column\"><div class=\"vc-column-text\"><img decoding=\"async\" class=\"lazyloaded\" src=\"https:\/\/www.bliz.com\/media\/2257\/friction_rubber_nosepad.png\" data-src=\"\/media\/2257\/friction_rubber_nosepad.png\" \/><\/p>\n<h3><span class=\"VIiyi\" lang=\"it\"><span class=\"JLqJ4b ChMk0b\" data-language-for-alternatives=\"it\" data-language-to-translate-into=\"en\" data-phrase-index=\"0\" data-number-of-phrases=\"3\"><span class=\"Q4iAWc\">Taco de goma de fricci\u00f3n<\/span><\/span> <\/span><\/h3>\n<p><span class=\"VIiyi\" lang=\"it\"><span class=\"JLqJ4b ChMk0b\" data-language-for-alternatives=\"it\" data-language-to-translate-into=\"en\" data-phrase-index=\"2\" data-number-of-phrases=\"3\"><span class=\"Q4iAWc\">Puente nasal de goma blanda para una comodidad extrema y un ajuste \u00f3ptimo alrededor de la nariz.<\/span><\/span><\/span><\/div><\/div><div class=\"vc-column\"><div class=\"vc-column-text\"><img decoding=\"async\" class=\"lazyloaded\" src=\"https:\/\/www.bliz.com\/media\/2239\/temple-tips.png\" data-src=\"\/media\/2239\/temple-tips.png\" \/><\/p>\n<h3>Puntas de goma de fricci\u00f3n para el cepillo<\/h3>\n<p>Estas gafas tienen las puntas de las patillas de goma antideslizante<\/div><\/div><\/div><\/p>\n","protected":false},"excerpt":{"rendered":"<h6 class=\"section-head gray-color nm\">Included products<\/h6>\n<p><img decoding=\"async\" title=\"Hard Case or Box\" src=\"https:\/\/www.bliz.com\/media\/7655\/bliz_sunglasses_case.jpg?width=100\" alt=\"Hard Case or Box\" \/><img decoding=\"async\" title=\"Microfiber Pouch\" src=\"https:\/\/www.bliz.com\/media\/7654\/soft-microfiber-pouch-bliz.jpg?width=100\" alt=\"Microfiber Pouch\" \/><\/p>\n","protected":false},"featured_media":240474,"template":"","meta":{"_acf_changed":false,"inline_featured_image":false},"product_brand":[],"product_cat":[24205,24219],"product_tag":[23460],"class_list":{"0":"post-286231","1":"product","2":"type-product","3":"status-publish","4":"has-post-thumbnail","6":"product_cat-accesorios","7":"product_cat-gafas","8":"product_tag-bliz-es","9":"pa_attivita-caminar","10":"pa_attivita-outdoor-es","11":"pa_attivita-running-es","12":"pa_attivita-trail-es","13":"pa_colore-hero-nano-optics-nordic-light-es","14":"pa_marca-bliz-es","15":"pa_sesso-hombre","16":"pa_sesso-mujer","18":"first","19":"instock","20":"sale","21":"taxable","22":"shipping-taxable","23":"purchasable","24":"product-type-variable","25":"wvs-archive-product-wrapper"},"acf":[],"yoast_head":"<!-- This site is optimized with the Yoast SEO plugin v26.8 - https:\/\/yoast.com\/product\/yoast-seo-wordpress\/ -->\n<title>Bliz Hero Nano Optics Nordic Light - Gafas para correr - MioMioRun.com<\/title>\n<meta name=\"description\" content=\"Hero est\u00e1 fabricado en Grilamid TR90. Esto te ofrece una flexibilidad inigualable junto con un peso reducido. Un material perfecto.\" \/>\n<meta name=\"robots\" content=\"index, follow, max-snippet:-1, max-image-preview:large, max-video-preview:-1\" \/>\n<link rel=\"canonical\" href=\"https:\/\/www.miomiorun.com\/es\/producto\/hero-nano-optics-nordic-light\/\" \/>\n<meta property=\"og:locale\" content=\"es_ES\" \/>\n<meta property=\"og:type\" content=\"article\" \/>\n<meta property=\"og:title\" content=\"Bliz Hero Nano Optics Nordic Light - Gafas para correr - MioMioRun.com\" \/>\n<meta property=\"og:description\" content=\"Hero est\u00e1 fabricado en Grilamid TR90. Esto te ofrece una flexibilidad inigualable junto con un peso reducido. Un material perfecto.\" \/>\n<meta property=\"og:url\" content=\"https:\/\/www.miomiorun.com\/es\/producto\/hero-nano-optics-nordic-light\/\" \/>\n<meta property=\"og:site_name\" content=\"MioMioRun\" \/>\n<meta property=\"article:publisher\" content=\"https:\/\/www.facebook.com\/miomiorun\/\" \/>\n<meta property=\"article:modified_time\" content=\"2026-05-06T16:31:58+00:00\" \/>\n<meta property=\"og:image\" content=\"https:\/\/www.miomiorun.com\/app\/uploads\/2023\/05\/bliz-Hero-Nano-Optics-Nordic-Light-52210-14N.jpg\" \/>\n\t<meta property=\"og:image:width\" content=\"600\" \/>\n\t<meta property=\"og:image:height\" content=\"600\" \/>\n\t<meta property=\"og:image:type\" content=\"image\/jpeg\" \/>\n<meta name=\"twitter:card\" content=\"summary_large_image\" \/>\n<meta name=\"twitter:label1\" content=\"Est. reading time\" \/>\n\t<meta name=\"twitter:data1\" content=\"4 minutes\" \/>\n<script type=\"application\/ld+json\" class=\"yoast-schema-graph\">{\"@context\":\"https:\/\/schema.org\",\"@graph\":[{\"@type\":\"WebPage\",\"@id\":\"https:\/\/www.miomiorun.com\/es\/producto\/hero-nano-optics-nordic-light\/\",\"url\":\"https:\/\/www.miomiorun.com\/es\/producto\/hero-nano-optics-nordic-light\/\",\"name\":\"Bliz Hero Nano Optics Nordic Light - Gafas para correr - MioMioRun.com\",\"isPartOf\":{\"@id\":\"https:\/\/www.miomiorun.com\/es\/#website\"},\"primaryImageOfPage\":{\"@id\":\"https:\/\/www.miomiorun.com\/es\/producto\/hero-nano-optics-nordic-light\/#primaryimage\"},\"image\":{\"@id\":\"https:\/\/www.miomiorun.com\/es\/producto\/hero-nano-optics-nordic-light\/#primaryimage\"},\"thumbnailUrl\":\"https:\/\/www.miomiorun.com\/app\/uploads\/2023\/05\/bliz-Hero-Nano-Optics-Nordic-Light-52210-14N.jpg\",\"datePublished\":\"2023-05-06T16:24:55+00:00\",\"dateModified\":\"2026-05-06T16:31:58+00:00\",\"description\":\"Hero est\u00e1 fabricado en Grilamid TR90. Esto te ofrece una flexibilidad inigualable junto con un peso reducido. Un material perfecto.\",\"breadcrumb\":{\"@id\":\"https:\/\/www.miomiorun.com\/es\/producto\/hero-nano-optics-nordic-light\/#breadcrumb\"},\"inLanguage\":\"es-ES\",\"potentialAction\":[{\"@type\":\"ReadAction\",\"target\":[\"https:\/\/www.miomiorun.com\/es\/producto\/hero-nano-optics-nordic-light\/\"]}]},{\"@type\":\"ImageObject\",\"inLanguage\":\"es-ES\",\"@id\":\"https:\/\/www.miomiorun.com\/es\/producto\/hero-nano-optics-nordic-light\/#primaryimage\",\"url\":\"https:\/\/www.miomiorun.com\/app\/uploads\/2023\/05\/bliz-Hero-Nano-Optics-Nordic-Light-52210-14N.jpg\",\"contentUrl\":\"https:\/\/www.miomiorun.com\/app\/uploads\/2023\/05\/bliz-Hero-Nano-Optics-Nordic-Light-52210-14N.jpg\",\"width\":600,\"height\":600,\"caption\":\"bliz-Hero-Nano-Optics-Nordic-Light-52210-14N\"},{\"@type\":\"BreadcrumbList\",\"@id\":\"https:\/\/www.miomiorun.com\/es\/producto\/hero-nano-optics-nordic-light\/#breadcrumb\",\"itemListElement\":[{\"@type\":\"ListItem\",\"position\":1,\"name\":\"Home\",\"item\":\"https:\/\/www.miomiorun.com\/es\/\"},{\"@type\":\"ListItem\",\"position\":2,\"name\":\"Shop\",\"item\":\"https:\/\/www.miomiorun.com\/shop\/\"},{\"@type\":\"ListItem\",\"position\":3,\"name\":\"Hero Nano Optics Nordic Light\"}]},{\"@type\":\"WebSite\",\"@id\":\"https:\/\/www.miomiorun.com\/es\/#website\",\"url\":\"https:\/\/www.miomiorun.com\/es\/\",\"name\":\"MioMioRun\",\"description\":\"Tienda 100% running y trail\",\"publisher\":{\"@id\":\"https:\/\/www.miomiorun.com\/es\/#organization\"},\"potentialAction\":[{\"@type\":\"SearchAction\",\"target\":{\"@type\":\"EntryPoint\",\"urlTemplate\":\"https:\/\/www.miomiorun.com\/es\/?s={search_term_string}\"},\"query-input\":{\"@type\":\"PropertyValueSpecification\",\"valueRequired\":true,\"valueName\":\"search_term_string\"}}],\"inLanguage\":\"es-ES\"},{\"@type\":\"Organization\",\"@id\":\"https:\/\/www.miomiorun.com\/es\/#organization\",\"name\":\"MioMio Run\",\"url\":\"https:\/\/www.miomiorun.com\/es\/\",\"logo\":{\"@type\":\"ImageObject\",\"inLanguage\":\"es-ES\",\"@id\":\"https:\/\/www.miomiorun.com\/es\/#\/schema\/logo\/image\/\",\"url\":\"https:\/\/www.miomiorun.com\/app\/uploads\/2019\/12\/logomio.png\",\"contentUrl\":\"https:\/\/www.miomiorun.com\/app\/uploads\/2019\/12\/logomio.png\",\"width\":115,\"height\":82,\"caption\":\"MioMio Run\"},\"image\":{\"@id\":\"https:\/\/www.miomiorun.com\/es\/#\/schema\/logo\/image\/\"},\"sameAs\":[\"https:\/\/www.facebook.com\/miomiorun\/\",\"https:\/\/www.instagram.com\/miomiorun\/\"]}]}<\/script>\n<!-- \/ Yoast SEO plugin. -->","yoast_head_json":{"title":"Bliz Hero Nano Optics Nordic Light - Gafas para correr - MioMioRun.com","description":"Hero est\u00e1 fabricado en Grilamid TR90. Esto te ofrece una flexibilidad inigualable junto con un peso reducido. Un material perfecto.","robots":{"index":"index","follow":"follow","max-snippet":"max-snippet:-1","max-image-preview":"max-image-preview:large","max-video-preview":"max-video-preview:-1"},"canonical":"https:\/\/www.miomiorun.com\/es\/producto\/hero-nano-optics-nordic-light\/","og_locale":"es_ES","og_type":"article","og_title":"Bliz Hero Nano Optics Nordic Light - Gafas para correr - MioMioRun.com","og_description":"Hero est\u00e1 fabricado en Grilamid TR90. Esto te ofrece una flexibilidad inigualable junto con un peso reducido. Un material perfecto.","og_url":"https:\/\/www.miomiorun.com\/es\/producto\/hero-nano-optics-nordic-light\/","og_site_name":"MioMioRun","article_publisher":"https:\/\/www.facebook.com\/miomiorun\/","article_modified_time":"2026-05-06T16:31:58+00:00","og_image":[{"width":600,"height":600,"url":"https:\/\/www.miomiorun.com\/app\/uploads\/2023\/05\/bliz-Hero-Nano-Optics-Nordic-Light-52210-14N.jpg","type":"image\/jpeg"}],"twitter_card":"summary_large_image","twitter_misc":{"Est. reading time":"4 minutes"},"schema":{"@context":"https:\/\/schema.org","@graph":[{"@type":"WebPage","@id":"https:\/\/www.miomiorun.com\/es\/producto\/hero-nano-optics-nordic-light\/","url":"https:\/\/www.miomiorun.com\/es\/producto\/hero-nano-optics-nordic-light\/","name":"Bliz Hero Nano Optics Nordic Light - Gafas para correr - MioMioRun.com","isPartOf":{"@id":"https:\/\/www.miomiorun.com\/es\/#website"},"primaryImageOfPage":{"@id":"https:\/\/www.miomiorun.com\/es\/producto\/hero-nano-optics-nordic-light\/#primaryimage"},"image":{"@id":"https:\/\/www.miomiorun.com\/es\/producto\/hero-nano-optics-nordic-light\/#primaryimage"},"thumbnailUrl":"https:\/\/www.miomiorun.com\/app\/uploads\/2023\/05\/bliz-Hero-Nano-Optics-Nordic-Light-52210-14N.jpg","datePublished":"2023-05-06T16:24:55+00:00","dateModified":"2026-05-06T16:31:58+00:00","description":"Hero est\u00e1 fabricado en Grilamid TR90. Esto te ofrece una flexibilidad inigualable junto con un peso reducido. Un material perfecto.","breadcrumb":{"@id":"https:\/\/www.miomiorun.com\/es\/producto\/hero-nano-optics-nordic-light\/#breadcrumb"},"inLanguage":"es-ES","potentialAction":[{"@type":"ReadAction","target":["https:\/\/www.miomiorun.com\/es\/producto\/hero-nano-optics-nordic-light\/"]}]},{"@type":"ImageObject","inLanguage":"es-ES","@id":"https:\/\/www.miomiorun.com\/es\/producto\/hero-nano-optics-nordic-light\/#primaryimage","url":"https:\/\/www.miomiorun.com\/app\/uploads\/2023\/05\/bliz-Hero-Nano-Optics-Nordic-Light-52210-14N.jpg","contentUrl":"https:\/\/www.miomiorun.com\/app\/uploads\/2023\/05\/bliz-Hero-Nano-Optics-Nordic-Light-52210-14N.jpg","width":600,"height":600,"caption":"bliz-Hero-Nano-Optics-Nordic-Light-52210-14N"},{"@type":"BreadcrumbList","@id":"https:\/\/www.miomiorun.com\/es\/producto\/hero-nano-optics-nordic-light\/#breadcrumb","itemListElement":[{"@type":"ListItem","position":1,"name":"Home","item":"https:\/\/www.miomiorun.com\/es\/"},{"@type":"ListItem","position":2,"name":"Shop","item":"https:\/\/www.miomiorun.com\/shop\/"},{"@type":"ListItem","position":3,"name":"Hero Nano Optics Nordic Light"}]},{"@type":"WebSite","@id":"https:\/\/www.miomiorun.com\/es\/#website","url":"https:\/\/www.miomiorun.com\/es\/","name":"MioMioRun","description":"Tienda 100% running y trail","publisher":{"@id":"https:\/\/www.miomiorun.com\/es\/#organization"},"potentialAction":[{"@type":"SearchAction","target":{"@type":"EntryPoint","urlTemplate":"https:\/\/www.miomiorun.com\/es\/?s={search_term_string}"},"query-input":{"@type":"PropertyValueSpecification","valueRequired":true,"valueName":"search_term_string"}}],"inLanguage":"es-ES"},{"@type":"Organization","@id":"https:\/\/www.miomiorun.com\/es\/#organization","name":"MioMio Run","url":"https:\/\/www.miomiorun.com\/es\/","logo":{"@type":"ImageObject","inLanguage":"es-ES","@id":"https:\/\/www.miomiorun.com\/es\/#\/schema\/logo\/image\/","url":"https:\/\/www.miomiorun.com\/app\/uploads\/2019\/12\/logomio.png","contentUrl":"https:\/\/www.miomiorun.com\/app\/uploads\/2019\/12\/logomio.png","width":115,"height":82,"caption":"MioMio Run"},"image":{"@id":"https:\/\/www.miomiorun.com\/es\/#\/schema\/logo\/image\/"},"sameAs":["https:\/\/www.facebook.com\/miomiorun\/","https:\/\/www.instagram.com\/miomiorun\/"]}]}},"_links":{"self":[{"href":"https:\/\/www.miomiorun.com\/es\/wp-json\/wp\/v2\/product\/286231","targetHints":{"allow":["GET"]}}],"collection":[{"href":"https:\/\/www.miomiorun.com\/es\/wp-json\/wp\/v2\/product"}],"about":[{"href":"https:\/\/www.miomiorun.com\/es\/wp-json\/wp\/v2\/types\/product"}],"wp:featuredmedia":[{"embeddable":true,"href":"https:\/\/www.miomiorun.com\/es\/wp-json\/wp\/v2\/media\/240474"}],"wp:attachment":[{"href":"https:\/\/www.miomiorun.com\/es\/wp-json\/wp\/v2\/media?parent=286231"}],"wp:term":[{"taxonomy":"product_brand","embeddable":true,"href":"https:\/\/www.miomiorun.com\/es\/wp-json\/wp\/v2\/product_brand?post=286231"},{"taxonomy":"product_cat","embeddable":true,"href":"https:\/\/www.miomiorun.com\/es\/wp-json\/wp\/v2\/product_cat?post=286231"},{"taxonomy":"product_tag","embeddable":true,"href":"https:\/\/www.miomiorun.com\/es\/wp-json\/wp\/v2\/product_tag?post=286231"}],"curies":[{"name":"wp","href":"https:\/\/api.w.org\/{rel}","templated":true}]}}