{"id":286211,"date":"2023-05-09T13:49:57","date_gmt":"2023-05-09T11:49:57","guid":{"rendered":"https:\/\/miomiorun.com\/prodotto\/trail-running-pole-belt\/"},"modified":"2026-05-06T18:32:52","modified_gmt":"2026-05-06T16:32:52","slug":"trail-running-pole-belt","status":"publish","type":"product","link":"https:\/\/www.miomiorun.com\/es\/producto\/trail-running-pole-belt\/","title":{"rendered":"Trail Running Pole Belt"},"content":{"rendered":"<p><strong>Trail Running Pole Belt<\/strong> es un cintur\u00f3n el\u00e1stico para trail running dise\u00f1ado para guardar los bastones. Cuenta con un bolsillo con cremallera en la parte delantera para guardar objetos peque\u00f1os.<\/p>\n<p><b>Composici\u00f3n:<\/b>78 % poli\u00e9ster, 22 % elastano<\/p>\n","protected":false},"excerpt":{"rendered":"<ul>\n<li>Cintur\u00f3n el\u00e1stico<\/li>\n<li>Ideal para transportar bastones.<\/li>\n<li>Incluye un bolsillo frontal con cremallera.<\/li>\n<\/ul>\n","protected":false},"featured_media":241639,"template":"","meta":{"_acf_changed":false,"inline_featured_image":false},"product_brand":[],"product_cat":[24205,24409,24426],"product_tag":[23595],"class_list":{"0":"post-286211","1":"product","2":"type-product","3":"status-publish","4":"has-post-thumbnail","6":"product_cat-accesorios","7":"product_cat-cinturones-es","8":"product_cat-mochilas-y-cinturones-es","9":"product_tag-leki-es","10":"pa_attivita-trail-es","11":"pa_marca-leki-es","12":"pa_sesso-hombre","13":"pa_sesso-mujer","14":"pa_size-s-m-es","15":"pa_size-m-l-es","17":"first","18":"instock","19":"sale","20":"taxable","21":"shipping-taxable","22":"purchasable","23":"product-type-variable","24":"wvs-archive-product-wrapper"},"acf":[],"yoast_head":"<!-- This site is optimized with the Yoast SEO plugin v26.8 - https:\/\/yoast.com\/product\/yoast-seo-wordpress\/ -->\n<title>leki Trail Running Pole Belt - Accesorios para correr - MioMioRun<\/title>\n<meta name=\"description\" content=\"El Trail Running Pole Belt es un cintur\u00f3n el\u00e1stico para trail running dise\u00f1ado para guardar los bastones. Cuenta con un bolsillo con cremallera en la parte delantera.\" \/>\n<meta name=\"robots\" content=\"index, follow, max-snippet:-1, max-image-preview:large, max-video-preview:-1\" \/>\n<link rel=\"canonical\" href=\"https:\/\/www.miomiorun.com\/es\/producto\/trail-running-pole-belt\/\" \/>\n<meta property=\"og:locale\" content=\"es_ES\" \/>\n<meta property=\"og:type\" content=\"article\" \/>\n<meta property=\"og:title\" content=\"leki Trail Running Pole Belt - Accesorios para correr - MioMioRun\" \/>\n<meta property=\"og:description\" content=\"El Trail Running Pole Belt es un cintur\u00f3n el\u00e1stico para trail running dise\u00f1ado para guardar los bastones. Cuenta con un bolsillo con cremallera en la parte delantera.\" \/>\n<meta property=\"og:url\" content=\"https:\/\/www.miomiorun.com\/es\/producto\/trail-running-pole-belt\/\" \/>\n<meta property=\"og:site_name\" content=\"MioMioRun\" \/>\n<meta property=\"article:publisher\" content=\"https:\/\/www.facebook.com\/miomiorun\/\" \/>\n<meta property=\"article:modified_time\" content=\"2026-05-06T16:32:52+00:00\" \/>\n<meta property=\"og:image\" content=\"https:\/\/www.miomiorun.com\/app\/uploads\/2023\/05\/leki-trail-running-pole-belt-368322001.jpg\" \/>\n\t<meta property=\"og:image:width\" content=\"600\" \/>\n\t<meta property=\"og:image:height\" content=\"600\" \/>\n\t<meta property=\"og:image:type\" content=\"image\/jpeg\" \/>\n<meta name=\"twitter:card\" content=\"summary_large_image\" \/>\n<script type=\"application\/ld+json\" class=\"yoast-schema-graph\">{\"@context\":\"https:\/\/schema.org\",\"@graph\":[{\"@type\":\"WebPage\",\"@id\":\"https:\/\/www.miomiorun.com\/es\/producto\/trail-running-pole-belt\/\",\"url\":\"https:\/\/www.miomiorun.com\/es\/producto\/trail-running-pole-belt\/\",\"name\":\"leki Trail Running Pole Belt - Accesorios para correr - MioMioRun\",\"isPartOf\":{\"@id\":\"https:\/\/www.miomiorun.com\/es\/#website\"},\"primaryImageOfPage\":{\"@id\":\"https:\/\/www.miomiorun.com\/es\/producto\/trail-running-pole-belt\/#primaryimage\"},\"image\":{\"@id\":\"https:\/\/www.miomiorun.com\/es\/producto\/trail-running-pole-belt\/#primaryimage\"},\"thumbnailUrl\":\"https:\/\/www.miomiorun.com\/app\/uploads\/2023\/05\/leki-trail-running-pole-belt-368322001.jpg\",\"datePublished\":\"2023-05-09T11:49:57+00:00\",\"dateModified\":\"2026-05-06T16:32:52+00:00\",\"description\":\"El Trail Running Pole Belt es un cintur\u00f3n el\u00e1stico para trail running dise\u00f1ado para guardar los bastones. Cuenta con un bolsillo con cremallera en la parte delantera.\",\"breadcrumb\":{\"@id\":\"https:\/\/www.miomiorun.com\/es\/producto\/trail-running-pole-belt\/#breadcrumb\"},\"inLanguage\":\"es-ES\",\"potentialAction\":[{\"@type\":\"ReadAction\",\"target\":[\"https:\/\/www.miomiorun.com\/es\/producto\/trail-running-pole-belt\/\"]}]},{\"@type\":\"ImageObject\",\"inLanguage\":\"es-ES\",\"@id\":\"https:\/\/www.miomiorun.com\/es\/producto\/trail-running-pole-belt\/#primaryimage\",\"url\":\"https:\/\/www.miomiorun.com\/app\/uploads\/2023\/05\/leki-trail-running-pole-belt-368322001.jpg\",\"contentUrl\":\"https:\/\/www.miomiorun.com\/app\/uploads\/2023\/05\/leki-trail-running-pole-belt-368322001.jpg\",\"width\":600,\"height\":600,\"caption\":\"leki-trail-running-pole-belt-368322001\"},{\"@type\":\"BreadcrumbList\",\"@id\":\"https:\/\/www.miomiorun.com\/es\/producto\/trail-running-pole-belt\/#breadcrumb\",\"itemListElement\":[{\"@type\":\"ListItem\",\"position\":1,\"name\":\"Home\",\"item\":\"https:\/\/www.miomiorun.com\/es\/\"},{\"@type\":\"ListItem\",\"position\":2,\"name\":\"Shop\",\"item\":\"https:\/\/www.miomiorun.com\/shop\/\"},{\"@type\":\"ListItem\",\"position\":3,\"name\":\"Trail Running Pole Belt\"}]},{\"@type\":\"WebSite\",\"@id\":\"https:\/\/www.miomiorun.com\/es\/#website\",\"url\":\"https:\/\/www.miomiorun.com\/es\/\",\"name\":\"MioMioRun\",\"description\":\"Tienda 100% running y trail\",\"publisher\":{\"@id\":\"https:\/\/www.miomiorun.com\/es\/#organization\"},\"potentialAction\":[{\"@type\":\"SearchAction\",\"target\":{\"@type\":\"EntryPoint\",\"urlTemplate\":\"https:\/\/www.miomiorun.com\/es\/?s={search_term_string}\"},\"query-input\":{\"@type\":\"PropertyValueSpecification\",\"valueRequired\":true,\"valueName\":\"search_term_string\"}}],\"inLanguage\":\"es-ES\"},{\"@type\":\"Organization\",\"@id\":\"https:\/\/www.miomiorun.com\/es\/#organization\",\"name\":\"MioMio Run\",\"url\":\"https:\/\/www.miomiorun.com\/es\/\",\"logo\":{\"@type\":\"ImageObject\",\"inLanguage\":\"es-ES\",\"@id\":\"https:\/\/www.miomiorun.com\/es\/#\/schema\/logo\/image\/\",\"url\":\"https:\/\/www.miomiorun.com\/app\/uploads\/2019\/12\/logomio.png\",\"contentUrl\":\"https:\/\/www.miomiorun.com\/app\/uploads\/2019\/12\/logomio.png\",\"width\":115,\"height\":82,\"caption\":\"MioMio Run\"},\"image\":{\"@id\":\"https:\/\/www.miomiorun.com\/es\/#\/schema\/logo\/image\/\"},\"sameAs\":[\"https:\/\/www.facebook.com\/miomiorun\/\",\"https:\/\/www.instagram.com\/miomiorun\/\"]}]}<\/script>\n<!-- \/ Yoast SEO plugin. -->","yoast_head_json":{"title":"leki Trail Running Pole Belt - Accesorios para correr - MioMioRun","description":"El Trail Running Pole Belt es un cintur\u00f3n el\u00e1stico para trail running dise\u00f1ado para guardar los bastones. Cuenta con un bolsillo con cremallera en la parte delantera.","robots":{"index":"index","follow":"follow","max-snippet":"max-snippet:-1","max-image-preview":"max-image-preview:large","max-video-preview":"max-video-preview:-1"},"canonical":"https:\/\/www.miomiorun.com\/es\/producto\/trail-running-pole-belt\/","og_locale":"es_ES","og_type":"article","og_title":"leki Trail Running Pole Belt - Accesorios para correr - MioMioRun","og_description":"El Trail Running Pole Belt es un cintur\u00f3n el\u00e1stico para trail running dise\u00f1ado para guardar los bastones. Cuenta con un bolsillo con cremallera en la parte delantera.","og_url":"https:\/\/www.miomiorun.com\/es\/producto\/trail-running-pole-belt\/","og_site_name":"MioMioRun","article_publisher":"https:\/\/www.facebook.com\/miomiorun\/","article_modified_time":"2026-05-06T16:32:52+00:00","og_image":[{"width":600,"height":600,"url":"https:\/\/www.miomiorun.com\/app\/uploads\/2023\/05\/leki-trail-running-pole-belt-368322001.jpg","type":"image\/jpeg"}],"twitter_card":"summary_large_image","schema":{"@context":"https:\/\/schema.org","@graph":[{"@type":"WebPage","@id":"https:\/\/www.miomiorun.com\/es\/producto\/trail-running-pole-belt\/","url":"https:\/\/www.miomiorun.com\/es\/producto\/trail-running-pole-belt\/","name":"leki Trail Running Pole Belt - Accesorios para correr - MioMioRun","isPartOf":{"@id":"https:\/\/www.miomiorun.com\/es\/#website"},"primaryImageOfPage":{"@id":"https:\/\/www.miomiorun.com\/es\/producto\/trail-running-pole-belt\/#primaryimage"},"image":{"@id":"https:\/\/www.miomiorun.com\/es\/producto\/trail-running-pole-belt\/#primaryimage"},"thumbnailUrl":"https:\/\/www.miomiorun.com\/app\/uploads\/2023\/05\/leki-trail-running-pole-belt-368322001.jpg","datePublished":"2023-05-09T11:49:57+00:00","dateModified":"2026-05-06T16:32:52+00:00","description":"El Trail Running Pole Belt es un cintur\u00f3n el\u00e1stico para trail running dise\u00f1ado para guardar los bastones. Cuenta con un bolsillo con cremallera en la parte delantera.","breadcrumb":{"@id":"https:\/\/www.miomiorun.com\/es\/producto\/trail-running-pole-belt\/#breadcrumb"},"inLanguage":"es-ES","potentialAction":[{"@type":"ReadAction","target":["https:\/\/www.miomiorun.com\/es\/producto\/trail-running-pole-belt\/"]}]},{"@type":"ImageObject","inLanguage":"es-ES","@id":"https:\/\/www.miomiorun.com\/es\/producto\/trail-running-pole-belt\/#primaryimage","url":"https:\/\/www.miomiorun.com\/app\/uploads\/2023\/05\/leki-trail-running-pole-belt-368322001.jpg","contentUrl":"https:\/\/www.miomiorun.com\/app\/uploads\/2023\/05\/leki-trail-running-pole-belt-368322001.jpg","width":600,"height":600,"caption":"leki-trail-running-pole-belt-368322001"},{"@type":"BreadcrumbList","@id":"https:\/\/www.miomiorun.com\/es\/producto\/trail-running-pole-belt\/#breadcrumb","itemListElement":[{"@type":"ListItem","position":1,"name":"Home","item":"https:\/\/www.miomiorun.com\/es\/"},{"@type":"ListItem","position":2,"name":"Shop","item":"https:\/\/www.miomiorun.com\/shop\/"},{"@type":"ListItem","position":3,"name":"Trail Running Pole Belt"}]},{"@type":"WebSite","@id":"https:\/\/www.miomiorun.com\/es\/#website","url":"https:\/\/www.miomiorun.com\/es\/","name":"MioMioRun","description":"Tienda 100% running y trail","publisher":{"@id":"https:\/\/www.miomiorun.com\/es\/#organization"},"potentialAction":[{"@type":"SearchAction","target":{"@type":"EntryPoint","urlTemplate":"https:\/\/www.miomiorun.com\/es\/?s={search_term_string}"},"query-input":{"@type":"PropertyValueSpecification","valueRequired":true,"valueName":"search_term_string"}}],"inLanguage":"es-ES"},{"@type":"Organization","@id":"https:\/\/www.miomiorun.com\/es\/#organization","name":"MioMio Run","url":"https:\/\/www.miomiorun.com\/es\/","logo":{"@type":"ImageObject","inLanguage":"es-ES","@id":"https:\/\/www.miomiorun.com\/es\/#\/schema\/logo\/image\/","url":"https:\/\/www.miomiorun.com\/app\/uploads\/2019\/12\/logomio.png","contentUrl":"https:\/\/www.miomiorun.com\/app\/uploads\/2019\/12\/logomio.png","width":115,"height":82,"caption":"MioMio Run"},"image":{"@id":"https:\/\/www.miomiorun.com\/es\/#\/schema\/logo\/image\/"},"sameAs":["https:\/\/www.facebook.com\/miomiorun\/","https:\/\/www.instagram.com\/miomiorun\/"]}]}},"_links":{"self":[{"href":"https:\/\/www.miomiorun.com\/es\/wp-json\/wp\/v2\/product\/286211","targetHints":{"allow":["GET"]}}],"collection":[{"href":"https:\/\/www.miomiorun.com\/es\/wp-json\/wp\/v2\/product"}],"about":[{"href":"https:\/\/www.miomiorun.com\/es\/wp-json\/wp\/v2\/types\/product"}],"wp:featuredmedia":[{"embeddable":true,"href":"https:\/\/www.miomiorun.com\/es\/wp-json\/wp\/v2\/media\/241639"}],"wp:attachment":[{"href":"https:\/\/www.miomiorun.com\/es\/wp-json\/wp\/v2\/media?parent=286211"}],"wp:term":[{"taxonomy":"product_brand","embeddable":true,"href":"https:\/\/www.miomiorun.com\/es\/wp-json\/wp\/v2\/product_brand?post=286211"},{"taxonomy":"product_cat","embeddable":true,"href":"https:\/\/www.miomiorun.com\/es\/wp-json\/wp\/v2\/product_cat?post=286211"},{"taxonomy":"product_tag","embeddable":true,"href":"https:\/\/www.miomiorun.com\/es\/wp-json\/wp\/v2\/product_tag?post=286211"}],"curies":[{"name":"wp","href":"https:\/\/api.w.org\/{rel}","templated":true}]}}