{"id":286160,"date":"2023-05-18T13:53:44","date_gmt":"2023-05-18T11:53:44","guid":{"rendered":"https:\/\/miomiorun.com\/prodotto\/blaze-tr-donna\/"},"modified":"2026-05-08T21:42:23","modified_gmt":"2026-05-08T19:42:23","slug":"blaze-tr-mujer","status":"publish","type":"product","link":"https:\/\/www.miomiorun.com\/es\/producto\/blaze-tr-mujer\/","title":{"rendered":"Blaze TR mujer"},"content":{"rendered":"<div class=\"vc-row container\"><div class=\"vc-column\"><div class=\"vc-column-text\"><\/p>\n<p><strong>Especificaciones t\u00e9cnicas<\/strong><\/p>\n<p>Categor\u00eda: buena amortiguaci\u00f3n<br \/>\nDiferencial: 8 mm (35,5 mm en el tal\u00f3n\/27,5 mm)<br \/>\nPeso: 224 g<br \/>\nIdeal para: corredores que buscan una zapatilla vers\u00e1til que les permita pasar de la carretera al terreno irregular y viceversa con naturalidad y seguridad.<br \/>\nPeso del atleta: 60 &#8211; 70 kg<br \/>\nRitmo de carrera: medio &#8211; lento (a partir de 5&#8217;\/km)<br \/>\n<a href=\"https:\/\/miomiorun.com\/guida-alle-specifiche-tecniche\/\">Gu\u00eda de especificaciones t\u00e9cnicas<\/a><\/p>\n<p><\/div><\/div><div class=\"vc-column\"><div class=\"vc-column-text\"><\/p>\n<h3>Las <strong>Blaze TR<\/strong> para mujer son las nuevas zapatillas de Saucony <strong>dise\u00f1adas para corredoras<\/strong> de asfalto <strong>que desean iniciarse en el mundo del trail running<\/strong>.<\/h3>\n<div>\n<div class=\"AppWys WYSIWYG\">\n<p class=\"\">La parte superior de las nuevas Saucony Blaze TR est\u00e1 fabricada en\u00a0<strong>malla, dise\u00f1ada para proteger el pie<\/strong>\u00a0durante las rutas de monta\u00f1a, pero al mismo tiempo\u00a0<strong>permite una buena transpiraci\u00f3n<\/strong>, algo especialmente necesario en los meses m\u00e1s c\u00e1lidos del a\u00f1o.<\/p>\n<\/div>\n<\/div>\n<div>\n<div class=\"AppWys WYSIWYG\">\n<p class=\"\">La\u00a0<strong>estructura<\/strong>\u00a0de las Saucony Blaze TR\u00a0<strong>est\u00e1 dise\u00f1ada para ofrecer estabilidad desde el tal\u00f3n hasta la puntera<\/strong>, pero tambi\u00e9n flexibilidad desde el mediopi\u00e9 hasta el lateral.<\/p>\n<div class=\"description\">\n<p>TRAZA TU PROPIO CAMINO.<\/p>\n<p>Cuando te pones tus Blaze TR, la naturaleza se da cuenta. Equipadas con todo lo necesario para correr fuera de pista, estas zapatillas cuentan con amortiguaci\u00f3n de espuma PWRRUN y ranuras de gran agarre para ofrecerte una ventaja competitiva en una amplia variedad de terrenos.<\/p>\n<\/div>\n<div class=\"description\">\n<h4>CARACTER\u00cdSTICAS Y VENTAJAS<\/h4>\n<ul>\n<li>La entresuela de espuma PWRRUN favorece la amortiguaci\u00f3n y el retorno de energ\u00eda en tus salidas al aire libre<\/li>\n<li>La malla est\u00e1 especialmente dise\u00f1ada para proteger contra la entrada de residuos, pero al mismo tiempo mantener una alta transpirabilidad en el pie<\/li>\n<li>Los surcos espec\u00edficos para todoterreno proporcionan tracci\u00f3n y agarre en una gran variedad de terrenos<\/li>\n<\/ul>\n<\/div>\n<\/div>\n<\/div>\n<p><\/div><\/div><\/div>\n","protected":false},"excerpt":{"rendered":"<ul>\n<li>La entresuela de espuma PWRRUN favorece la amortiguaci\u00f3n.<\/li>\n<li>La malla est\u00e1 especialmente dise\u00f1ada para proteger contra la entrada de residuos.<\/li>\n<li>Las ranuras espec\u00edficas para todoterreno ofrecen tracci\u00f3n y agarre en una gran variedad de terrenos.<\/li>\n<\/ul>\n","protected":false},"featured_media":241255,"template":"","meta":{"_acf_changed":false,"inline_featured_image":false},"product_brand":[],"product_cat":[24227,24230],"product_tag":[23578,23617],"class_list":{"0":"post-286160","1":"product","2":"type-product","3":"status-publish","4":"has-post-thumbnail","6":"product_cat-calzado-femenino","7":"product_cat-trail-es","8":"product_tag-saucony-es","9":"product_tag-saucony-mujer","10":"pa_attivita-caminar","11":"pa_attivita-trail-es","12":"pa_colore-blaze-tr-w-fog-fern-es","13":"pa_colore-blaze-tr-w-haze-indigo-es","14":"pa_marca-saucony-es","15":"pa_sesso-mujer","16":"pa_size-38-es","17":"pa_size-38-5-es","18":"pa_size-42-es","20":"first","21":"instock","22":"sale","23":"taxable","24":"shipping-taxable","25":"purchasable","26":"product-type-variable","27":"wvs-archive-product-wrapper"},"acf":[],"yoast_head":"<!-- This site is optimized with the Yoast SEO plugin v26.8 - https:\/\/yoast.com\/product\/yoast-seo-wordpress\/ -->\n<title>Saucony Blaze TR mujer - zapatillas de running - MioMioRun<\/title>\n<meta name=\"description\" content=\"Las Blaze TR para mujer son las nuevas zapatillas de Saucony dise\u00f1adas para las corredoras de asfalto que desean iniciarse en el mundo del trail running.\" \/>\n<meta name=\"robots\" content=\"index, follow, max-snippet:-1, max-image-preview:large, max-video-preview:-1\" \/>\n<link rel=\"canonical\" href=\"https:\/\/www.miomiorun.com\/es\/producto\/blaze-tr-mujer\/\" \/>\n<meta property=\"og:locale\" content=\"es_ES\" \/>\n<meta property=\"og:type\" content=\"article\" \/>\n<meta property=\"og:title\" content=\"Saucony Blaze TR mujer - zapatillas de running - MioMioRun\" \/>\n<meta property=\"og:description\" content=\"Las Blaze TR para mujer son las nuevas zapatillas de Saucony dise\u00f1adas para las corredoras de asfalto que desean iniciarse en el mundo del trail running.\" \/>\n<meta property=\"og:url\" content=\"https:\/\/www.miomiorun.com\/es\/producto\/blaze-tr-mujer\/\" \/>\n<meta property=\"og:site_name\" content=\"MioMioRun\" \/>\n<meta property=\"article:publisher\" content=\"https:\/\/www.facebook.com\/miomiorun\/\" \/>\n<meta property=\"article:modified_time\" content=\"2026-05-08T19:42:23+00:00\" \/>\n<meta property=\"og:image\" content=\"https:\/\/www.miomiorun.com\/app\/uploads\/2023\/06\/saucony-Blaze-TR-spirg-wood-W-S10845-25.jpg\" \/>\n\t<meta property=\"og:image:width\" content=\"600\" \/>\n\t<meta property=\"og:image:height\" content=\"600\" \/>\n\t<meta property=\"og:image:type\" content=\"image\/jpeg\" \/>\n<meta name=\"twitter:card\" content=\"summary_large_image\" \/>\n<meta name=\"twitter:label1\" content=\"Est. reading time\" \/>\n\t<meta name=\"twitter:data1\" content=\"2 minutes\" \/>\n<script type=\"application\/ld+json\" class=\"yoast-schema-graph\">{\"@context\":\"https:\/\/schema.org\",\"@graph\":[{\"@type\":\"WebPage\",\"@id\":\"https:\/\/www.miomiorun.com\/es\/producto\/blaze-tr-mujer\/\",\"url\":\"https:\/\/www.miomiorun.com\/es\/producto\/blaze-tr-mujer\/\",\"name\":\"Saucony Blaze TR mujer - zapatillas de running - MioMioRun\",\"isPartOf\":{\"@id\":\"https:\/\/www.miomiorun.com\/es\/#website\"},\"primaryImageOfPage\":{\"@id\":\"https:\/\/www.miomiorun.com\/es\/producto\/blaze-tr-mujer\/#primaryimage\"},\"image\":{\"@id\":\"https:\/\/www.miomiorun.com\/es\/producto\/blaze-tr-mujer\/#primaryimage\"},\"thumbnailUrl\":\"https:\/\/www.miomiorun.com\/app\/uploads\/2023\/06\/saucony-Blaze-TR-spirg-wood-W-S10845-25.jpg\",\"datePublished\":\"2023-05-18T11:53:44+00:00\",\"dateModified\":\"2026-05-08T19:42:23+00:00\",\"description\":\"Las Blaze TR para mujer son las nuevas zapatillas de Saucony dise\u00f1adas para las corredoras de asfalto que desean iniciarse en el mundo del trail running.\",\"breadcrumb\":{\"@id\":\"https:\/\/www.miomiorun.com\/es\/producto\/blaze-tr-mujer\/#breadcrumb\"},\"inLanguage\":\"es-ES\",\"potentialAction\":[{\"@type\":\"ReadAction\",\"target\":[\"https:\/\/www.miomiorun.com\/es\/producto\/blaze-tr-mujer\/\"]}]},{\"@type\":\"ImageObject\",\"inLanguage\":\"es-ES\",\"@id\":\"https:\/\/www.miomiorun.com\/es\/producto\/blaze-tr-mujer\/#primaryimage\",\"url\":\"https:\/\/www.miomiorun.com\/app\/uploads\/2023\/06\/saucony-Blaze-TR-spirg-wood-W-S10845-25.jpg\",\"contentUrl\":\"https:\/\/www.miomiorun.com\/app\/uploads\/2023\/06\/saucony-Blaze-TR-spirg-wood-W-S10845-25.jpg\",\"width\":600,\"height\":600,\"caption\":\"saucony-Blaze-TR-spirg-wood-W-S10845-25\"},{\"@type\":\"BreadcrumbList\",\"@id\":\"https:\/\/www.miomiorun.com\/es\/producto\/blaze-tr-mujer\/#breadcrumb\",\"itemListElement\":[{\"@type\":\"ListItem\",\"position\":1,\"name\":\"Home\",\"item\":\"https:\/\/www.miomiorun.com\/es\/\"},{\"@type\":\"ListItem\",\"position\":2,\"name\":\"Shop\",\"item\":\"https:\/\/www.miomiorun.com\/shop\/\"},{\"@type\":\"ListItem\",\"position\":3,\"name\":\"Blaze TR mujer\"}]},{\"@type\":\"WebSite\",\"@id\":\"https:\/\/www.miomiorun.com\/es\/#website\",\"url\":\"https:\/\/www.miomiorun.com\/es\/\",\"name\":\"MioMioRun\",\"description\":\"Tienda 100% running y trail\",\"publisher\":{\"@id\":\"https:\/\/www.miomiorun.com\/es\/#organization\"},\"potentialAction\":[{\"@type\":\"SearchAction\",\"target\":{\"@type\":\"EntryPoint\",\"urlTemplate\":\"https:\/\/www.miomiorun.com\/es\/?s={search_term_string}\"},\"query-input\":{\"@type\":\"PropertyValueSpecification\",\"valueRequired\":true,\"valueName\":\"search_term_string\"}}],\"inLanguage\":\"es-ES\"},{\"@type\":\"Organization\",\"@id\":\"https:\/\/www.miomiorun.com\/es\/#organization\",\"name\":\"MioMio Run\",\"url\":\"https:\/\/www.miomiorun.com\/es\/\",\"logo\":{\"@type\":\"ImageObject\",\"inLanguage\":\"es-ES\",\"@id\":\"https:\/\/www.miomiorun.com\/es\/#\/schema\/logo\/image\/\",\"url\":\"https:\/\/www.miomiorun.com\/app\/uploads\/2019\/12\/logomio.png\",\"contentUrl\":\"https:\/\/www.miomiorun.com\/app\/uploads\/2019\/12\/logomio.png\",\"width\":115,\"height\":82,\"caption\":\"MioMio Run\"},\"image\":{\"@id\":\"https:\/\/www.miomiorun.com\/es\/#\/schema\/logo\/image\/\"},\"sameAs\":[\"https:\/\/www.facebook.com\/miomiorun\/\",\"https:\/\/www.instagram.com\/miomiorun\/\"]}]}<\/script>\n<!-- \/ Yoast SEO plugin. -->","yoast_head_json":{"title":"Saucony Blaze TR mujer - zapatillas de running - MioMioRun","description":"Las Blaze TR para mujer son las nuevas zapatillas de Saucony dise\u00f1adas para las corredoras de asfalto que desean iniciarse en el mundo del trail running.","robots":{"index":"index","follow":"follow","max-snippet":"max-snippet:-1","max-image-preview":"max-image-preview:large","max-video-preview":"max-video-preview:-1"},"canonical":"https:\/\/www.miomiorun.com\/es\/producto\/blaze-tr-mujer\/","og_locale":"es_ES","og_type":"article","og_title":"Saucony Blaze TR mujer - zapatillas de running - MioMioRun","og_description":"Las Blaze TR para mujer son las nuevas zapatillas de Saucony dise\u00f1adas para las corredoras de asfalto que desean iniciarse en el mundo del trail running.","og_url":"https:\/\/www.miomiorun.com\/es\/producto\/blaze-tr-mujer\/","og_site_name":"MioMioRun","article_publisher":"https:\/\/www.facebook.com\/miomiorun\/","article_modified_time":"2026-05-08T19:42:23+00:00","og_image":[{"width":600,"height":600,"url":"https:\/\/www.miomiorun.com\/app\/uploads\/2023\/06\/saucony-Blaze-TR-spirg-wood-W-S10845-25.jpg","type":"image\/jpeg"}],"twitter_card":"summary_large_image","twitter_misc":{"Est. reading time":"2 minutes"},"schema":{"@context":"https:\/\/schema.org","@graph":[{"@type":"WebPage","@id":"https:\/\/www.miomiorun.com\/es\/producto\/blaze-tr-mujer\/","url":"https:\/\/www.miomiorun.com\/es\/producto\/blaze-tr-mujer\/","name":"Saucony Blaze TR mujer - zapatillas de running - MioMioRun","isPartOf":{"@id":"https:\/\/www.miomiorun.com\/es\/#website"},"primaryImageOfPage":{"@id":"https:\/\/www.miomiorun.com\/es\/producto\/blaze-tr-mujer\/#primaryimage"},"image":{"@id":"https:\/\/www.miomiorun.com\/es\/producto\/blaze-tr-mujer\/#primaryimage"},"thumbnailUrl":"https:\/\/www.miomiorun.com\/app\/uploads\/2023\/06\/saucony-Blaze-TR-spirg-wood-W-S10845-25.jpg","datePublished":"2023-05-18T11:53:44+00:00","dateModified":"2026-05-08T19:42:23+00:00","description":"Las Blaze TR para mujer son las nuevas zapatillas de Saucony dise\u00f1adas para las corredoras de asfalto que desean iniciarse en el mundo del trail running.","breadcrumb":{"@id":"https:\/\/www.miomiorun.com\/es\/producto\/blaze-tr-mujer\/#breadcrumb"},"inLanguage":"es-ES","potentialAction":[{"@type":"ReadAction","target":["https:\/\/www.miomiorun.com\/es\/producto\/blaze-tr-mujer\/"]}]},{"@type":"ImageObject","inLanguage":"es-ES","@id":"https:\/\/www.miomiorun.com\/es\/producto\/blaze-tr-mujer\/#primaryimage","url":"https:\/\/www.miomiorun.com\/app\/uploads\/2023\/06\/saucony-Blaze-TR-spirg-wood-W-S10845-25.jpg","contentUrl":"https:\/\/www.miomiorun.com\/app\/uploads\/2023\/06\/saucony-Blaze-TR-spirg-wood-W-S10845-25.jpg","width":600,"height":600,"caption":"saucony-Blaze-TR-spirg-wood-W-S10845-25"},{"@type":"BreadcrumbList","@id":"https:\/\/www.miomiorun.com\/es\/producto\/blaze-tr-mujer\/#breadcrumb","itemListElement":[{"@type":"ListItem","position":1,"name":"Home","item":"https:\/\/www.miomiorun.com\/es\/"},{"@type":"ListItem","position":2,"name":"Shop","item":"https:\/\/www.miomiorun.com\/shop\/"},{"@type":"ListItem","position":3,"name":"Blaze TR mujer"}]},{"@type":"WebSite","@id":"https:\/\/www.miomiorun.com\/es\/#website","url":"https:\/\/www.miomiorun.com\/es\/","name":"MioMioRun","description":"Tienda 100% running y trail","publisher":{"@id":"https:\/\/www.miomiorun.com\/es\/#organization"},"potentialAction":[{"@type":"SearchAction","target":{"@type":"EntryPoint","urlTemplate":"https:\/\/www.miomiorun.com\/es\/?s={search_term_string}"},"query-input":{"@type":"PropertyValueSpecification","valueRequired":true,"valueName":"search_term_string"}}],"inLanguage":"es-ES"},{"@type":"Organization","@id":"https:\/\/www.miomiorun.com\/es\/#organization","name":"MioMio Run","url":"https:\/\/www.miomiorun.com\/es\/","logo":{"@type":"ImageObject","inLanguage":"es-ES","@id":"https:\/\/www.miomiorun.com\/es\/#\/schema\/logo\/image\/","url":"https:\/\/www.miomiorun.com\/app\/uploads\/2019\/12\/logomio.png","contentUrl":"https:\/\/www.miomiorun.com\/app\/uploads\/2019\/12\/logomio.png","width":115,"height":82,"caption":"MioMio Run"},"image":{"@id":"https:\/\/www.miomiorun.com\/es\/#\/schema\/logo\/image\/"},"sameAs":["https:\/\/www.facebook.com\/miomiorun\/","https:\/\/www.instagram.com\/miomiorun\/"]}]}},"_links":{"self":[{"href":"https:\/\/www.miomiorun.com\/es\/wp-json\/wp\/v2\/product\/286160","targetHints":{"allow":["GET"]}}],"collection":[{"href":"https:\/\/www.miomiorun.com\/es\/wp-json\/wp\/v2\/product"}],"about":[{"href":"https:\/\/www.miomiorun.com\/es\/wp-json\/wp\/v2\/types\/product"}],"wp:featuredmedia":[{"embeddable":true,"href":"https:\/\/www.miomiorun.com\/es\/wp-json\/wp\/v2\/media\/241255"}],"wp:attachment":[{"href":"https:\/\/www.miomiorun.com\/es\/wp-json\/wp\/v2\/media?parent=286160"}],"wp:term":[{"taxonomy":"product_brand","embeddable":true,"href":"https:\/\/www.miomiorun.com\/es\/wp-json\/wp\/v2\/product_brand?post=286160"},{"taxonomy":"product_cat","embeddable":true,"href":"https:\/\/www.miomiorun.com\/es\/wp-json\/wp\/v2\/product_cat?post=286160"},{"taxonomy":"product_tag","embeddable":true,"href":"https:\/\/www.miomiorun.com\/es\/wp-json\/wp\/v2\/product_tag?post=286160"}],"curies":[{"name":"wp","href":"https:\/\/api.w.org\/{rel}","templated":true}]}}