{"id":286154,"date":"2023-06-13T14:56:40","date_gmt":"2023-06-13T12:56:40","guid":{"rendered":"https:\/\/miomiorun.com\/prodotto\/akyra-donna\/"},"modified":"2026-05-08T21:42:22","modified_gmt":"2026-05-08T19:42:22","slug":"akyra-mujer","status":"publish","type":"product","link":"https:\/\/www.miomiorun.com\/es\/producto\/akyra-mujer\/","title":{"rendered":"Akyra mujer"},"content":{"rendered":"<div class=\"vc-row container\"><div class=\"vc-column\"><div class=\"vc-column-text\"><\/p>\n<p><strong>Especificaciones t\u00e9cnicas<\/strong><\/p>\n<p>Categor\u00eda: amortiguaci\u00f3n superior<br \/>\nDesnivel: 9 mm<br \/>\nPeso: 310 g<br \/>\nIdeal para: amantes del trail running que buscan un modelo s\u00f3lido y robusto, capaz de garantizar tracci\u00f3n, protecci\u00f3n y comodidad, tanto en distancias largas como medias durante la temporada de invierno.<br \/>\nPeso del atleta: 60-80 kg<br \/>\nRitmo de carrera: lento (&gt;5,30 min\/km)<br \/>\n<a href=\"https:\/\/miomiorun.com\/es\/guia-especifica\/\">Gu\u00eda de especificaciones t\u00e9cnicas<\/a><\/p>\n<p><\/div><\/div><div class=\"vc-column\"> <div class=\"vc-column-text\"><strong>Akyra<\/strong>, en su versi\u00f3n femenina, es la zapatilla de <strong>mountain running<\/strong> estructurada y protectora, adecuada para recorridos de resistencia como <strong>Ultra Trails y Ultra Maratones<\/strong>. Especialmente envolvente, c\u00f3moda y protectora, es una zapatilla de trail concebida para un uso prolongado en terrenos todoterreno.<\/p>\n<p>Cuenta con una parte superior muy envolvente y c\u00f3moda, estructurada en tres capas que aportan, de dentro hacia fuera: comodidad, gracias a su construcci\u00f3n sin costuras; flexibilidad y estructura, gracias a la innovadora aplicaci\u00f3n <strong>MicroLite Skeleton\u2122<\/strong>, que sigue el movimiento del pie de forma din\u00e1mica durante la carrera; y protecci\u00f3n, gracias a las aplicaciones estructurales <strong>Flex-Guard\u2122<\/strong> de microfibra, que mantienen el calzado ligero y, al mismo tiempo, proporcionan una barrera contra posibles abrasiones al correr entre rocas y ra\u00edces.<\/p>\n<p>La excepcional estabilidad se debe a la tecnolog\u00eda <strong>TrailCage System\u2122<\/strong>, que, situada entre las dos capas de la parte superior, aporta estructura y sujeci\u00f3n, integr\u00e1ndose con el sistema de cordones. La suela desarrollada por el departamento de I+D de La Sportiva incorpora la nueva banda de rodadura adherente FriXion XT con Impact Brake System y un dise\u00f1o exclusivo con tecnolog\u00eda Trail Rocker que favorece el apoyo natural \u00abtal\u00f3n exterior-punta interior\u00bb del pie durante la carrera. Amortiguaci\u00f3n, protecci\u00f3n y comodidad, tres facetas de una geometr\u00eda perfecta: el origami, en el que se inspira el dise\u00f1o general del calzado.<\/p>\n<p>Con Akyra, correr es un arte.<\/p>\n<h3>Caracter\u00edsticas:<\/h3>\n<ul>\n<li>Estructura general de la zapatilla concebida para garantizar el ajuste del pie, aportando al mismo tiempo estructura y protecci\u00f3n<\/li>\n<li>Suela con el exclusivo sistema Trail Rocker\u2122: favorece el apoyo natural \u00abtal\u00f3n exterior-punta interior\u00bb del pie durante la carrera<\/li>\n<li>Empeine envolvente, c\u00f3modo y transpirable gracias a una innovadora construcci\u00f3n de 3 capas<\/li>\n<\/ul>\n<p><b>Forro:<\/b><br \/>\nMalla antideslizante<br \/>\n<b>Empeine:<\/b><br \/>\nInterior de AirMesh Ultra-Comfort + aplicaci\u00f3n de microfibra termoadhesiva en TPU MicroLite Skeleton\u2122 + malla exterior transpirable de ingenier\u00eda con inserciones Flex-Guard\u2122 de microfibra<br \/>\n<b>Entresuela:<\/b><br \/>\nEVA inyectado<br \/>\n<b>Plantilla:<\/b><br \/>\nOrtholite Mountain Running<br \/>\n<b>Suela:<\/b><br \/>\nMezcla adherente FriXion XT<\/div><\/div><\/div>\n","protected":false},"excerpt":{"rendered":"<ul>\n<li>Envolvente, c\u00f3moda y protectora.<\/li>\n<li>Ideal para largos recorridos todoterreno.<\/li>\n<\/ul>\n","protected":false},"featured_media":241557,"template":"","meta":{"_acf_changed":false,"inline_featured_image":false},"product_brand":[],"product_cat":[24415,24412],"product_tag":[23598,23640],"class_list":{"0":"post-286154","1":"product","2":"type-product","3":"status-publish","4":"has-post-thumbnail","6":"product_cat-calzado-de-mujer","7":"product_cat-trail-es-2","8":"product_tag-la-sportiva-es","9":"product_tag-la-sportiva-mujer","10":"pa_attivita-outdoor-es","11":"pa_colore-akyra-w-carbon-cherry-es","12":"pa_marca-la-sportiva-es","13":"pa_sesso-mujer","14":"pa_size-37-es","16":"first","17":"instock","18":"taxable","19":"shipping-taxable","20":"purchasable","21":"product-type-variable","22":"wvs-archive-product-wrapper"},"acf":[],"yoast_head":"<!-- This site is optimized with the Yoast SEO plugin v26.8 - https:\/\/yoast.com\/product\/yoast-seo-wordpress\/ -->\n<title>La sportiva Akyra mujer - zapatillas de trail para mujer - MioMioRun<\/title>\n<meta name=\"description\" content=\"El modelo Akyra para hombre es una zapatilla de trail running robusta y protectora, ideal para pruebas de resistencia como los ultratrails.\" \/>\n<meta name=\"robots\" content=\"index, follow, max-snippet:-1, max-image-preview:large, max-video-preview:-1\" \/>\n<link rel=\"canonical\" href=\"https:\/\/www.miomiorun.com\/es\/producto\/akyra-mujer\/\" \/>\n<meta property=\"og:locale\" content=\"es_ES\" \/>\n<meta property=\"og:type\" content=\"article\" \/>\n<meta property=\"og:title\" content=\"La sportiva Akyra mujer - zapatillas de trail para mujer - MioMioRun\" \/>\n<meta property=\"og:description\" content=\"El modelo Akyra para hombre es una zapatilla de trail running robusta y protectora, ideal para pruebas de resistencia como los ultratrails.\" \/>\n<meta property=\"og:url\" content=\"https:\/\/www.miomiorun.com\/es\/producto\/akyra-mujer\/\" \/>\n<meta property=\"og:site_name\" content=\"MioMioRun\" \/>\n<meta property=\"article:publisher\" content=\"https:\/\/www.facebook.com\/miomiorun\/\" \/>\n<meta property=\"article:modified_time\" content=\"2026-05-08T19:42:22+00:00\" \/>\n<meta property=\"og:image\" content=\"https:\/\/www.miomiorun.com\/app\/uploads\/2023\/06\/la-sportiva-akyra-W-carbon-cherry-36E900315.jpg\" \/>\n\t<meta property=\"og:image:width\" content=\"600\" \/>\n\t<meta property=\"og:image:height\" content=\"600\" \/>\n\t<meta property=\"og:image:type\" content=\"image\/jpeg\" \/>\n<meta name=\"twitter:card\" content=\"summary_large_image\" \/>\n<meta name=\"twitter:label1\" content=\"Est. reading time\" \/>\n\t<meta name=\"twitter:data1\" content=\"2 minutes\" \/>\n<script type=\"application\/ld+json\" class=\"yoast-schema-graph\">{\"@context\":\"https:\/\/schema.org\",\"@graph\":[{\"@type\":\"WebPage\",\"@id\":\"https:\/\/www.miomiorun.com\/es\/producto\/akyra-mujer\/\",\"url\":\"https:\/\/www.miomiorun.com\/es\/producto\/akyra-mujer\/\",\"name\":\"La sportiva Akyra mujer - zapatillas de trail para mujer - MioMioRun\",\"isPartOf\":{\"@id\":\"https:\/\/www.miomiorun.com\/es\/#website\"},\"primaryImageOfPage\":{\"@id\":\"https:\/\/www.miomiorun.com\/es\/producto\/akyra-mujer\/#primaryimage\"},\"image\":{\"@id\":\"https:\/\/www.miomiorun.com\/es\/producto\/akyra-mujer\/#primaryimage\"},\"thumbnailUrl\":\"https:\/\/www.miomiorun.com\/app\/uploads\/2023\/06\/la-sportiva-akyra-W-carbon-cherry-36E900315.jpg\",\"datePublished\":\"2023-06-13T12:56:40+00:00\",\"dateModified\":\"2026-05-08T19:42:22+00:00\",\"description\":\"El modelo Akyra para hombre es una zapatilla de trail running robusta y protectora, ideal para pruebas de resistencia como los ultratrails.\",\"breadcrumb\":{\"@id\":\"https:\/\/www.miomiorun.com\/es\/producto\/akyra-mujer\/#breadcrumb\"},\"inLanguage\":\"es-ES\",\"potentialAction\":[{\"@type\":\"ReadAction\",\"target\":[\"https:\/\/www.miomiorun.com\/es\/producto\/akyra-mujer\/\"]}]},{\"@type\":\"ImageObject\",\"inLanguage\":\"es-ES\",\"@id\":\"https:\/\/www.miomiorun.com\/es\/producto\/akyra-mujer\/#primaryimage\",\"url\":\"https:\/\/www.miomiorun.com\/app\/uploads\/2023\/06\/la-sportiva-akyra-W-carbon-cherry-36E900315.jpg\",\"contentUrl\":\"https:\/\/www.miomiorun.com\/app\/uploads\/2023\/06\/la-sportiva-akyra-W-carbon-cherry-36E900315.jpg\",\"width\":600,\"height\":600,\"caption\":\"la-sportiva-akyra-W-carbon-cherry-36E900315\"},{\"@type\":\"BreadcrumbList\",\"@id\":\"https:\/\/www.miomiorun.com\/es\/producto\/akyra-mujer\/#breadcrumb\",\"itemListElement\":[{\"@type\":\"ListItem\",\"position\":1,\"name\":\"Home\",\"item\":\"https:\/\/www.miomiorun.com\/es\/\"},{\"@type\":\"ListItem\",\"position\":2,\"name\":\"Shop\",\"item\":\"https:\/\/www.miomiorun.com\/shop\/\"},{\"@type\":\"ListItem\",\"position\":3,\"name\":\"Akyra mujer\"}]},{\"@type\":\"WebSite\",\"@id\":\"https:\/\/www.miomiorun.com\/es\/#website\",\"url\":\"https:\/\/www.miomiorun.com\/es\/\",\"name\":\"MioMioRun\",\"description\":\"Tienda 100% running y trail\",\"publisher\":{\"@id\":\"https:\/\/www.miomiorun.com\/es\/#organization\"},\"potentialAction\":[{\"@type\":\"SearchAction\",\"target\":{\"@type\":\"EntryPoint\",\"urlTemplate\":\"https:\/\/www.miomiorun.com\/es\/?s={search_term_string}\"},\"query-input\":{\"@type\":\"PropertyValueSpecification\",\"valueRequired\":true,\"valueName\":\"search_term_string\"}}],\"inLanguage\":\"es-ES\"},{\"@type\":\"Organization\",\"@id\":\"https:\/\/www.miomiorun.com\/es\/#organization\",\"name\":\"MioMio Run\",\"url\":\"https:\/\/www.miomiorun.com\/es\/\",\"logo\":{\"@type\":\"ImageObject\",\"inLanguage\":\"es-ES\",\"@id\":\"https:\/\/www.miomiorun.com\/es\/#\/schema\/logo\/image\/\",\"url\":\"https:\/\/www.miomiorun.com\/app\/uploads\/2019\/12\/logomio.png\",\"contentUrl\":\"https:\/\/www.miomiorun.com\/app\/uploads\/2019\/12\/logomio.png\",\"width\":115,\"height\":82,\"caption\":\"MioMio Run\"},\"image\":{\"@id\":\"https:\/\/www.miomiorun.com\/es\/#\/schema\/logo\/image\/\"},\"sameAs\":[\"https:\/\/www.facebook.com\/miomiorun\/\",\"https:\/\/www.instagram.com\/miomiorun\/\"]}]}<\/script>\n<!-- \/ Yoast SEO plugin. -->","yoast_head_json":{"title":"La sportiva Akyra mujer - zapatillas de trail para mujer - MioMioRun","description":"El modelo Akyra para hombre es una zapatilla de trail running robusta y protectora, ideal para pruebas de resistencia como los ultratrails.","robots":{"index":"index","follow":"follow","max-snippet":"max-snippet:-1","max-image-preview":"max-image-preview:large","max-video-preview":"max-video-preview:-1"},"canonical":"https:\/\/www.miomiorun.com\/es\/producto\/akyra-mujer\/","og_locale":"es_ES","og_type":"article","og_title":"La sportiva Akyra mujer - zapatillas de trail para mujer - MioMioRun","og_description":"El modelo Akyra para hombre es una zapatilla de trail running robusta y protectora, ideal para pruebas de resistencia como los ultratrails.","og_url":"https:\/\/www.miomiorun.com\/es\/producto\/akyra-mujer\/","og_site_name":"MioMioRun","article_publisher":"https:\/\/www.facebook.com\/miomiorun\/","article_modified_time":"2026-05-08T19:42:22+00:00","og_image":[{"width":600,"height":600,"url":"https:\/\/www.miomiorun.com\/app\/uploads\/2023\/06\/la-sportiva-akyra-W-carbon-cherry-36E900315.jpg","type":"image\/jpeg"}],"twitter_card":"summary_large_image","twitter_misc":{"Est. reading time":"2 minutes"},"schema":{"@context":"https:\/\/schema.org","@graph":[{"@type":"WebPage","@id":"https:\/\/www.miomiorun.com\/es\/producto\/akyra-mujer\/","url":"https:\/\/www.miomiorun.com\/es\/producto\/akyra-mujer\/","name":"La sportiva Akyra mujer - zapatillas de trail para mujer - MioMioRun","isPartOf":{"@id":"https:\/\/www.miomiorun.com\/es\/#website"},"primaryImageOfPage":{"@id":"https:\/\/www.miomiorun.com\/es\/producto\/akyra-mujer\/#primaryimage"},"image":{"@id":"https:\/\/www.miomiorun.com\/es\/producto\/akyra-mujer\/#primaryimage"},"thumbnailUrl":"https:\/\/www.miomiorun.com\/app\/uploads\/2023\/06\/la-sportiva-akyra-W-carbon-cherry-36E900315.jpg","datePublished":"2023-06-13T12:56:40+00:00","dateModified":"2026-05-08T19:42:22+00:00","description":"El modelo Akyra para hombre es una zapatilla de trail running robusta y protectora, ideal para pruebas de resistencia como los ultratrails.","breadcrumb":{"@id":"https:\/\/www.miomiorun.com\/es\/producto\/akyra-mujer\/#breadcrumb"},"inLanguage":"es-ES","potentialAction":[{"@type":"ReadAction","target":["https:\/\/www.miomiorun.com\/es\/producto\/akyra-mujer\/"]}]},{"@type":"ImageObject","inLanguage":"es-ES","@id":"https:\/\/www.miomiorun.com\/es\/producto\/akyra-mujer\/#primaryimage","url":"https:\/\/www.miomiorun.com\/app\/uploads\/2023\/06\/la-sportiva-akyra-W-carbon-cherry-36E900315.jpg","contentUrl":"https:\/\/www.miomiorun.com\/app\/uploads\/2023\/06\/la-sportiva-akyra-W-carbon-cherry-36E900315.jpg","width":600,"height":600,"caption":"la-sportiva-akyra-W-carbon-cherry-36E900315"},{"@type":"BreadcrumbList","@id":"https:\/\/www.miomiorun.com\/es\/producto\/akyra-mujer\/#breadcrumb","itemListElement":[{"@type":"ListItem","position":1,"name":"Home","item":"https:\/\/www.miomiorun.com\/es\/"},{"@type":"ListItem","position":2,"name":"Shop","item":"https:\/\/www.miomiorun.com\/shop\/"},{"@type":"ListItem","position":3,"name":"Akyra mujer"}]},{"@type":"WebSite","@id":"https:\/\/www.miomiorun.com\/es\/#website","url":"https:\/\/www.miomiorun.com\/es\/","name":"MioMioRun","description":"Tienda 100% running y trail","publisher":{"@id":"https:\/\/www.miomiorun.com\/es\/#organization"},"potentialAction":[{"@type":"SearchAction","target":{"@type":"EntryPoint","urlTemplate":"https:\/\/www.miomiorun.com\/es\/?s={search_term_string}"},"query-input":{"@type":"PropertyValueSpecification","valueRequired":true,"valueName":"search_term_string"}}],"inLanguage":"es-ES"},{"@type":"Organization","@id":"https:\/\/www.miomiorun.com\/es\/#organization","name":"MioMio Run","url":"https:\/\/www.miomiorun.com\/es\/","logo":{"@type":"ImageObject","inLanguage":"es-ES","@id":"https:\/\/www.miomiorun.com\/es\/#\/schema\/logo\/image\/","url":"https:\/\/www.miomiorun.com\/app\/uploads\/2019\/12\/logomio.png","contentUrl":"https:\/\/www.miomiorun.com\/app\/uploads\/2019\/12\/logomio.png","width":115,"height":82,"caption":"MioMio Run"},"image":{"@id":"https:\/\/www.miomiorun.com\/es\/#\/schema\/logo\/image\/"},"sameAs":["https:\/\/www.facebook.com\/miomiorun\/","https:\/\/www.instagram.com\/miomiorun\/"]}]}},"_links":{"self":[{"href":"https:\/\/www.miomiorun.com\/es\/wp-json\/wp\/v2\/product\/286154","targetHints":{"allow":["GET"]}}],"collection":[{"href":"https:\/\/www.miomiorun.com\/es\/wp-json\/wp\/v2\/product"}],"about":[{"href":"https:\/\/www.miomiorun.com\/es\/wp-json\/wp\/v2\/types\/product"}],"wp:featuredmedia":[{"embeddable":true,"href":"https:\/\/www.miomiorun.com\/es\/wp-json\/wp\/v2\/media\/241557"}],"wp:attachment":[{"href":"https:\/\/www.miomiorun.com\/es\/wp-json\/wp\/v2\/media?parent=286154"}],"wp:term":[{"taxonomy":"product_brand","embeddable":true,"href":"https:\/\/www.miomiorun.com\/es\/wp-json\/wp\/v2\/product_brand?post=286154"},{"taxonomy":"product_cat","embeddable":true,"href":"https:\/\/www.miomiorun.com\/es\/wp-json\/wp\/v2\/product_cat?post=286154"},{"taxonomy":"product_tag","embeddable":true,"href":"https:\/\/www.miomiorun.com\/es\/wp-json\/wp\/v2\/product_tag?post=286154"}],"curies":[{"name":"wp","href":"https:\/\/api.w.org\/{rel}","templated":true}]}}