{"id":286095,"date":"2023-06-08T14:19:34","date_gmt":"2023-06-08T12:19:34","guid":{"rendered":"https:\/\/miomiorun.com\/prodotto\/jackal-ii-boa-donna\/"},"modified":"2026-03-05T10:16:32","modified_gmt":"2026-03-05T09:16:32","slug":"jackal-ii-boa-mujer","status":"publish","type":"product","link":"https:\/\/www.miomiorun.com\/es\/producto\/jackal-ii-boa-mujer\/","title":{"rendered":"Jackal II Boa mujer"},"content":{"rendered":"<div class=\"vc-row container\"><div class=\"vc-column\"><div class=\"vc-column-text\"><\/p>\n<p><strong>Especificaciones t\u00e9cnicas<\/strong><\/p>\n<p>Categor\u00eda: Amortiguaci\u00f3n estructurada<br \/>\nOffset: 7 mm<br \/>\nPeso: 300 g<br \/>\nIdeal para: corredores de trail que buscan un calzado de alto rendimiento y comodidad en recorridos largos y exigentes, pero tambi\u00e9n para caminatas con total suavidad y confort.<br \/>\nPeso del atleta: 50-70 kg<br \/>\nRitmo de carrera: medio (5-6 min\/km)<br \/>\n<a href=\"https:\/\/miomiorun.com\/es\/guia-especifica\/\">Gu\u00eda de especificaciones t\u00e9cnicas<\/a><\/p>\n<p><\/div><\/div><div class=\"vc-column\"><div class=\"vc-column-text\"><strong>La Jackal II Boa<\/strong> en su versi\u00f3n para mujer cuenta con un calzado <strong>Mountain Running\u00ae<\/strong> orientado al rendimiento en distancias <strong>ULTRA-LONGAS<\/strong>. Suela com\u00fan con Jackal II, amortiguadora y equipada con tecnolog\u00eda Infinitoo\u00ae para un menor gasto de energ\u00eda. Parte superior protectora con ajuste preciso y envolvente, capaz de garantizar estabilidad incluso en las secciones m\u00e1s t\u00e9cnicas de una ultramarat\u00f3n. <strong>Doble rueda BOA\u00ae<\/strong> para un ajuste r\u00e1pido y perfecto del volumen incluso durante la carrera.<\/p>\n<h3>Caracter\u00edsticas:<\/h3>\n<ul>\n<li>Sistema Doppio Boa\u00ae Fit: m\u00e1xima sujeci\u00f3n del tal\u00f3n y ajuste \u00f3ptimo del volumen en la parte delantera.<\/li>\n<li>Innovador paquete de suela\/entresuela de EVA de doble densidad, una m\u00e1s amortiguante y otra capaz de garantizar una mayor estabilidad. Est\u00e1 equipado con la tecnolog\u00eda Infinitoo\u2122, dos almohadillas internas amortiguantes con alto retorno de energ\u00eda.<\/li>\n<li>Technical Fit dedicado al rendimiento en largas distancias<\/li>\n<li>Doble solapa de cierre de microfibra de 3 capas para garantizar la estanqueidad y la flexibilidad al mismo tiempo.<\/li>\n<li>Construcci\u00f3n de la leng\u00fceta y el cuello SpiyralFit en Ariaprene multicapa, altamente el\u00e1stico: protege contra los golpes y la entrada de residuos, garantizando una alta transpirabilidad.<\/li>\n<\/ul>\n<p><b>FORRO:<\/b><br \/>\nMalla antiabrasi\u00f3n de material reciclado<br \/>\n<b>EMPALME: <\/b><br \/>\nMalla s\u00e1ndwich de material reciclado + refuerzos de TPU termoadhesivos + solapa de microfibra multicapa + leng\u00fceta y cuello de Ariaprene<br \/>\n<b>PLANTILLA: <\/b><br \/>\nOrtholite\u00ae Hybrid Mountain Running\u00ae Ergonomic 4 mm<br \/>\n<b>SUELA:<\/b><br \/>\nExcelente agarre gracias a la mezcla FriXion\u00ae White con tacos IBS laterales<br \/>\n<b>ENTRESUELA: <\/b><br \/>\nDe EVA con inserciones Infinitoo\u2122 Technology + protecci\u00f3n contra rocas de EVA de alta densidad + capa adicional de plataforma de amortiguaci\u00f3n interna<\/div><\/div><\/div>\n","protected":false},"excerpt":{"rendered":"<ul>\n<li>Zapatilla perfecta para distancias ultra todoterreno<\/li>\n<li>Doble cierre BOA<\/li>\n<li>Ajuste c\u00f3modo<\/li>\n<\/ul>\n","protected":false},"featured_media":241521,"template":"","meta":{"_acf_changed":false,"inline_featured_image":false},"product_brand":[],"product_cat":[24227,24230],"product_tag":[23598,23640],"class_list":{"0":"post-286095","1":"product","2":"type-product","3":"status-publish","4":"has-post-thumbnail","6":"product_cat-calzado-femenino","7":"product_cat-trail-es","8":"product_tag-la-sportiva-es","9":"product_tag-la-sportiva-mujer","10":"pa_attivita-outdoor-es","11":"pa_attivita-trail-es","12":"pa_colore-jackal-ii-boa-w-cherry-tomato-lagoon-es","13":"pa_colore-jackal-ii-boa-w-night-sky-aspen-green-es","14":"pa_colore-jackal-ii-boa-w-white-hibiscus-es","15":"pa_marca-la-sportiva-es","16":"pa_sesso-mujer","17":"pa_size-37-5-es","18":"pa_size-38-5-es","19":"pa_size-40-5-es","20":"pa_size-41-es","22":"first","23":"instock","24":"sale","25":"taxable","26":"shipping-taxable","27":"purchasable","28":"product-type-variable","29":"wvs-archive-product-wrapper"},"acf":[],"yoast_head":"<!-- This site is optimized with the Yoast SEO plugin v26.8 - https:\/\/yoast.com\/product\/yoast-seo-wordpress\/ -->\n<title>La Sportiva Jackal II Boa mujer - Zapatillas de trail para mujer - MioMioRun<\/title>\n<meta name=\"description\" content=\"La Jackal II Boa en su versi\u00f3n para mujer cuenta con una suela Mountain Running\u00ae orientada al rendimiento en distancias ULTRA-LARGAS.\" \/>\n<meta name=\"robots\" content=\"index, follow, max-snippet:-1, max-image-preview:large, max-video-preview:-1\" \/>\n<link rel=\"canonical\" href=\"https:\/\/www.miomiorun.com\/es\/producto\/jackal-ii-boa-mujer\/\" \/>\n<meta property=\"og:locale\" content=\"es_ES\" \/>\n<meta property=\"og:type\" content=\"article\" \/>\n<meta property=\"og:title\" content=\"La Sportiva Jackal II Boa mujer - Zapatillas de trail para mujer - MioMioRun\" \/>\n<meta property=\"og:description\" content=\"La Jackal II Boa en su versi\u00f3n para mujer cuenta con una suela Mountain Running\u00ae orientada al rendimiento en distancias ULTRA-LARGAS.\" \/>\n<meta property=\"og:url\" content=\"https:\/\/www.miomiorun.com\/es\/producto\/jackal-ii-boa-mujer\/\" \/>\n<meta property=\"og:site_name\" content=\"MioMioRun\" \/>\n<meta property=\"article:publisher\" content=\"https:\/\/www.facebook.com\/miomiorun\/\" \/>\n<meta property=\"article:modified_time\" content=\"2026-03-05T09:16:32+00:00\" \/>\n<meta property=\"og:image\" content=\"https:\/\/www.miomiorun.com\/app\/uploads\/2023\/06\/la-sportiva-jackal-II-boa-W-cherry-tomato-lagoon-56I322638.jpg\" \/>\n\t<meta property=\"og:image:width\" content=\"600\" \/>\n\t<meta property=\"og:image:height\" content=\"600\" \/>\n\t<meta property=\"og:image:type\" content=\"image\/jpeg\" \/>\n<meta name=\"twitter:card\" content=\"summary_large_image\" \/>\n<meta name=\"twitter:label1\" content=\"Est. reading time\" \/>\n\t<meta name=\"twitter:data1\" content=\"2 minutes\" \/>\n<script type=\"application\/ld+json\" class=\"yoast-schema-graph\">{\"@context\":\"https:\/\/schema.org\",\"@graph\":[{\"@type\":\"WebPage\",\"@id\":\"https:\/\/www.miomiorun.com\/es\/producto\/jackal-ii-boa-mujer\/\",\"url\":\"https:\/\/www.miomiorun.com\/es\/producto\/jackal-ii-boa-mujer\/\",\"name\":\"La Sportiva Jackal II Boa mujer - Zapatillas de trail para mujer - MioMioRun\",\"isPartOf\":{\"@id\":\"https:\/\/www.miomiorun.com\/es\/#website\"},\"primaryImageOfPage\":{\"@id\":\"https:\/\/www.miomiorun.com\/es\/producto\/jackal-ii-boa-mujer\/#primaryimage\"},\"image\":{\"@id\":\"https:\/\/www.miomiorun.com\/es\/producto\/jackal-ii-boa-mujer\/#primaryimage\"},\"thumbnailUrl\":\"https:\/\/www.miomiorun.com\/app\/uploads\/2023\/06\/la-sportiva-jackal-II-boa-W-cherry-tomato-lagoon-56I322638.jpg\",\"datePublished\":\"2023-06-08T12:19:34+00:00\",\"dateModified\":\"2026-03-05T09:16:32+00:00\",\"description\":\"La Jackal II Boa en su versi\u00f3n para mujer cuenta con una suela Mountain Running\u00ae orientada al rendimiento en distancias ULTRA-LARGAS.\",\"breadcrumb\":{\"@id\":\"https:\/\/www.miomiorun.com\/es\/producto\/jackal-ii-boa-mujer\/#breadcrumb\"},\"inLanguage\":\"es-ES\",\"potentialAction\":[{\"@type\":\"ReadAction\",\"target\":[\"https:\/\/www.miomiorun.com\/es\/producto\/jackal-ii-boa-mujer\/\"]}]},{\"@type\":\"ImageObject\",\"inLanguage\":\"es-ES\",\"@id\":\"https:\/\/www.miomiorun.com\/es\/producto\/jackal-ii-boa-mujer\/#primaryimage\",\"url\":\"https:\/\/www.miomiorun.com\/app\/uploads\/2023\/06\/la-sportiva-jackal-II-boa-W-cherry-tomato-lagoon-56I322638.jpg\",\"contentUrl\":\"https:\/\/www.miomiorun.com\/app\/uploads\/2023\/06\/la-sportiva-jackal-II-boa-W-cherry-tomato-lagoon-56I322638.jpg\",\"width\":600,\"height\":600,\"caption\":\"la-sportiva-jackal-II-boa-W-cherry-tomato-lagoon-56I322638\"},{\"@type\":\"BreadcrumbList\",\"@id\":\"https:\/\/www.miomiorun.com\/es\/producto\/jackal-ii-boa-mujer\/#breadcrumb\",\"itemListElement\":[{\"@type\":\"ListItem\",\"position\":1,\"name\":\"Home\",\"item\":\"https:\/\/www.miomiorun.com\/es\/\"},{\"@type\":\"ListItem\",\"position\":2,\"name\":\"Shop\",\"item\":\"https:\/\/www.miomiorun.com\/shop\/\"},{\"@type\":\"ListItem\",\"position\":3,\"name\":\"Jackal II Boa mujer\"}]},{\"@type\":\"WebSite\",\"@id\":\"https:\/\/www.miomiorun.com\/es\/#website\",\"url\":\"https:\/\/www.miomiorun.com\/es\/\",\"name\":\"MioMioRun\",\"description\":\"Tienda 100% running y trail\",\"publisher\":{\"@id\":\"https:\/\/www.miomiorun.com\/es\/#organization\"},\"potentialAction\":[{\"@type\":\"SearchAction\",\"target\":{\"@type\":\"EntryPoint\",\"urlTemplate\":\"https:\/\/www.miomiorun.com\/es\/?s={search_term_string}\"},\"query-input\":{\"@type\":\"PropertyValueSpecification\",\"valueRequired\":true,\"valueName\":\"search_term_string\"}}],\"inLanguage\":\"es-ES\"},{\"@type\":\"Organization\",\"@id\":\"https:\/\/www.miomiorun.com\/es\/#organization\",\"name\":\"MioMio Run\",\"url\":\"https:\/\/www.miomiorun.com\/es\/\",\"logo\":{\"@type\":\"ImageObject\",\"inLanguage\":\"es-ES\",\"@id\":\"https:\/\/www.miomiorun.com\/es\/#\/schema\/logo\/image\/\",\"url\":\"https:\/\/www.miomiorun.com\/app\/uploads\/2019\/12\/logomio.png\",\"contentUrl\":\"https:\/\/www.miomiorun.com\/app\/uploads\/2019\/12\/logomio.png\",\"width\":115,\"height\":82,\"caption\":\"MioMio Run\"},\"image\":{\"@id\":\"https:\/\/www.miomiorun.com\/es\/#\/schema\/logo\/image\/\"},\"sameAs\":[\"https:\/\/www.facebook.com\/miomiorun\/\",\"https:\/\/www.instagram.com\/miomiorun\/\"]}]}<\/script>\n<!-- \/ Yoast SEO plugin. -->","yoast_head_json":{"title":"La Sportiva Jackal II Boa mujer - Zapatillas de trail para mujer - MioMioRun","description":"La Jackal II Boa en su versi\u00f3n para mujer cuenta con una suela Mountain Running\u00ae orientada al rendimiento en distancias ULTRA-LARGAS.","robots":{"index":"index","follow":"follow","max-snippet":"max-snippet:-1","max-image-preview":"max-image-preview:large","max-video-preview":"max-video-preview:-1"},"canonical":"https:\/\/www.miomiorun.com\/es\/producto\/jackal-ii-boa-mujer\/","og_locale":"es_ES","og_type":"article","og_title":"La Sportiva Jackal II Boa mujer - Zapatillas de trail para mujer - MioMioRun","og_description":"La Jackal II Boa en su versi\u00f3n para mujer cuenta con una suela Mountain Running\u00ae orientada al rendimiento en distancias ULTRA-LARGAS.","og_url":"https:\/\/www.miomiorun.com\/es\/producto\/jackal-ii-boa-mujer\/","og_site_name":"MioMioRun","article_publisher":"https:\/\/www.facebook.com\/miomiorun\/","article_modified_time":"2026-03-05T09:16:32+00:00","og_image":[{"width":600,"height":600,"url":"https:\/\/www.miomiorun.com\/app\/uploads\/2023\/06\/la-sportiva-jackal-II-boa-W-cherry-tomato-lagoon-56I322638.jpg","type":"image\/jpeg"}],"twitter_card":"summary_large_image","twitter_misc":{"Est. reading time":"2 minutes"},"schema":{"@context":"https:\/\/schema.org","@graph":[{"@type":"WebPage","@id":"https:\/\/www.miomiorun.com\/es\/producto\/jackal-ii-boa-mujer\/","url":"https:\/\/www.miomiorun.com\/es\/producto\/jackal-ii-boa-mujer\/","name":"La Sportiva Jackal II Boa mujer - Zapatillas de trail para mujer - MioMioRun","isPartOf":{"@id":"https:\/\/www.miomiorun.com\/es\/#website"},"primaryImageOfPage":{"@id":"https:\/\/www.miomiorun.com\/es\/producto\/jackal-ii-boa-mujer\/#primaryimage"},"image":{"@id":"https:\/\/www.miomiorun.com\/es\/producto\/jackal-ii-boa-mujer\/#primaryimage"},"thumbnailUrl":"https:\/\/www.miomiorun.com\/app\/uploads\/2023\/06\/la-sportiva-jackal-II-boa-W-cherry-tomato-lagoon-56I322638.jpg","datePublished":"2023-06-08T12:19:34+00:00","dateModified":"2026-03-05T09:16:32+00:00","description":"La Jackal II Boa en su versi\u00f3n para mujer cuenta con una suela Mountain Running\u00ae orientada al rendimiento en distancias ULTRA-LARGAS.","breadcrumb":{"@id":"https:\/\/www.miomiorun.com\/es\/producto\/jackal-ii-boa-mujer\/#breadcrumb"},"inLanguage":"es-ES","potentialAction":[{"@type":"ReadAction","target":["https:\/\/www.miomiorun.com\/es\/producto\/jackal-ii-boa-mujer\/"]}]},{"@type":"ImageObject","inLanguage":"es-ES","@id":"https:\/\/www.miomiorun.com\/es\/producto\/jackal-ii-boa-mujer\/#primaryimage","url":"https:\/\/www.miomiorun.com\/app\/uploads\/2023\/06\/la-sportiva-jackal-II-boa-W-cherry-tomato-lagoon-56I322638.jpg","contentUrl":"https:\/\/www.miomiorun.com\/app\/uploads\/2023\/06\/la-sportiva-jackal-II-boa-W-cherry-tomato-lagoon-56I322638.jpg","width":600,"height":600,"caption":"la-sportiva-jackal-II-boa-W-cherry-tomato-lagoon-56I322638"},{"@type":"BreadcrumbList","@id":"https:\/\/www.miomiorun.com\/es\/producto\/jackal-ii-boa-mujer\/#breadcrumb","itemListElement":[{"@type":"ListItem","position":1,"name":"Home","item":"https:\/\/www.miomiorun.com\/es\/"},{"@type":"ListItem","position":2,"name":"Shop","item":"https:\/\/www.miomiorun.com\/shop\/"},{"@type":"ListItem","position":3,"name":"Jackal II Boa mujer"}]},{"@type":"WebSite","@id":"https:\/\/www.miomiorun.com\/es\/#website","url":"https:\/\/www.miomiorun.com\/es\/","name":"MioMioRun","description":"Tienda 100% running y trail","publisher":{"@id":"https:\/\/www.miomiorun.com\/es\/#organization"},"potentialAction":[{"@type":"SearchAction","target":{"@type":"EntryPoint","urlTemplate":"https:\/\/www.miomiorun.com\/es\/?s={search_term_string}"},"query-input":{"@type":"PropertyValueSpecification","valueRequired":true,"valueName":"search_term_string"}}],"inLanguage":"es-ES"},{"@type":"Organization","@id":"https:\/\/www.miomiorun.com\/es\/#organization","name":"MioMio Run","url":"https:\/\/www.miomiorun.com\/es\/","logo":{"@type":"ImageObject","inLanguage":"es-ES","@id":"https:\/\/www.miomiorun.com\/es\/#\/schema\/logo\/image\/","url":"https:\/\/www.miomiorun.com\/app\/uploads\/2019\/12\/logomio.png","contentUrl":"https:\/\/www.miomiorun.com\/app\/uploads\/2019\/12\/logomio.png","width":115,"height":82,"caption":"MioMio Run"},"image":{"@id":"https:\/\/www.miomiorun.com\/es\/#\/schema\/logo\/image\/"},"sameAs":["https:\/\/www.facebook.com\/miomiorun\/","https:\/\/www.instagram.com\/miomiorun\/"]}]}},"_links":{"self":[{"href":"https:\/\/www.miomiorun.com\/es\/wp-json\/wp\/v2\/product\/286095","targetHints":{"allow":["GET"]}}],"collection":[{"href":"https:\/\/www.miomiorun.com\/es\/wp-json\/wp\/v2\/product"}],"about":[{"href":"https:\/\/www.miomiorun.com\/es\/wp-json\/wp\/v2\/types\/product"}],"wp:featuredmedia":[{"embeddable":true,"href":"https:\/\/www.miomiorun.com\/es\/wp-json\/wp\/v2\/media\/241521"}],"wp:attachment":[{"href":"https:\/\/www.miomiorun.com\/es\/wp-json\/wp\/v2\/media?parent=286095"}],"wp:term":[{"taxonomy":"product_brand","embeddable":true,"href":"https:\/\/www.miomiorun.com\/es\/wp-json\/wp\/v2\/product_brand?post=286095"},{"taxonomy":"product_cat","embeddable":true,"href":"https:\/\/www.miomiorun.com\/es\/wp-json\/wp\/v2\/product_cat?post=286095"},{"taxonomy":"product_tag","embeddable":true,"href":"https:\/\/www.miomiorun.com\/es\/wp-json\/wp\/v2\/product_tag?post=286095"}],"curies":[{"name":"wp","href":"https:\/\/api.w.org\/{rel}","templated":true}]}}