{"id":285925,"date":"2023-03-08T15:18:17","date_gmt":"2023-03-08T14:18:17","guid":{"rendered":"https:\/\/miomiorun.com\/prodotto\/atmosphere-short-sleeve-2-0-uomo\/"},"modified":"2026-05-06T12:25:19","modified_gmt":"2026-05-06T10:25:19","slug":"atmosphere-short-sleeve-2-0-hombre","status":"publish","type":"product","link":"https:\/\/www.miomiorun.com\/es\/producto\/atmosphere-short-sleeve-2-0-hombre\/","title":{"rendered":"Atmosphere Short Sleeve 2.0 hombre"},"content":{"rendered":"<h2>Disfruta de la m\u00e1xima frescura con esta camiseta de running ultraligera de manga corta.<\/h2>\n<p><strong> Atmosphere Short Sleeve 2.0<\/strong> para hombre est\u00e1 confeccionada con un tejido el\u00e1stico en cuatro direcciones, transpirable y de secado r\u00e1pido; esta prenda ofrece una cobertura casi imperceptible para disfrutar de kil\u00f3metros de comodidad. Su acabado resistente a los olores no se deteriora con los lavados.<\/p>\n<h3>Caracter\u00edsticas:<\/h3>\n<ul class=\"m-long-description__features\">\n<li class=\"m-long-description__feature\">Transpirable<\/li>\n<li class=\"m-long-description__feature\">Ajuste ideal para correr<\/li>\n<li class=\"m-long-description__feature\">Resistente a los olores<\/li>\n<li>\n<div class=\"m-long-description__sustainability--value\">76 %<\/div>\n<div class=\"m-long-description__sustainability--text\">Materiales reciclados<\/div>\n<\/li>\n<\/ul>\n<p>&nbsp;<\/p>\n<p>&nbsp;<\/p>\n","protected":false},"excerpt":{"rendered":"<ul class=\"m-long-description__features\">\n<li class=\"m-long-description__feature\">Transpirable<\/li>\n<li class=\"m-long-description__feature\">Ajuste ideal para correr<\/li>\n<li class=\"m-long-description__feature\">Resistente a los olores<\/li>\n<\/ul>\n","protected":false},"featured_media":248677,"template":"","meta":{"_acf_changed":false,"inline_featured_image":false},"product_brand":[],"product_cat":[24455,24463,24464],"product_tag":[23463,23661],"class_list":{"0":"post-285925","1":"product","2":"type-product","3":"status-publish","4":"has-post-thumbnail","6":"product_cat-camiseta-es-2","7":"product_cat-ropa-de-hombre-es","8":"product_cat-hombre","9":"product_tag-brooks-es","10":"product_tag-brooks-hombre","11":"pa_attivita-caminar","12":"pa_attivita-running-es","13":"pa_colore-atmosphere-short-sleeve-2-0-hazelwood-ochre-es","14":"pa_colore-atmosphere-short-sleeve-2-0-hyper-blue-pacific-es","15":"pa_colore-atmosphere-short-sleeve-2-0-white-interv-es","16":"pa_marca-brooks-es","17":"pa_sesso-hombre","18":"pa_size-small-es","19":"pa_size-medium-es","20":"pa_size-large-es","22":"first","23":"instock","24":"sale","25":"taxable","26":"shipping-taxable","27":"purchasable","28":"product-type-variable","29":"wvs-archive-product-wrapper"},"acf":[],"yoast_head":"<!-- This site is optimized with the Yoast SEO plugin v26.8 - https:\/\/yoast.com\/product\/yoast-seo-wordpress\/ -->\n<title>Brooks Atmosphere Short Sleeve 2.0 hombre - Camiseta- MioMioRun<\/title>\n<meta name=\"description\" content=\"La camiseta Atmosphere Short Sleeve 2.0 para hombre est\u00e1 confeccionada con un tejido el\u00e1stico en cuatro direcciones, transpirable y de secado r\u00e1pido; esta prenda ofrece una cobertura\" \/>\n<meta name=\"robots\" content=\"index, follow, max-snippet:-1, max-image-preview:large, max-video-preview:-1\" \/>\n<link rel=\"canonical\" href=\"https:\/\/www.miomiorun.com\/es\/producto\/atmosphere-short-sleeve-2-0-hombre\/\" \/>\n<meta property=\"og:locale\" content=\"es_ES\" \/>\n<meta property=\"og:type\" content=\"article\" \/>\n<meta property=\"og:title\" content=\"Brooks Atmosphere Short Sleeve 2.0 hombre - Camiseta- MioMioRun\" \/>\n<meta property=\"og:description\" content=\"La camiseta Atmosphere Short Sleeve 2.0 para hombre est\u00e1 confeccionada con un tejido el\u00e1stico en cuatro direcciones, transpirable y de secado r\u00e1pido; esta prenda ofrece una cobertura\" \/>\n<meta property=\"og:url\" content=\"https:\/\/www.miomiorun.com\/es\/producto\/atmosphere-short-sleeve-2-0-hombre\/\" \/>\n<meta property=\"og:site_name\" content=\"MioMioRun\" \/>\n<meta property=\"article:publisher\" content=\"https:\/\/www.facebook.com\/miomiorun\/\" \/>\n<meta property=\"article:modified_time\" content=\"2026-05-06T10:25:19+00:00\" \/>\n<meta property=\"og:image\" content=\"https:\/\/www.miomiorun.com\/app\/uploads\/2024\/09\/brooks-Atmosphere-short-sleeve-2-lime-elevate-211455730.webp\" \/>\n\t<meta property=\"og:image:width\" content=\"600\" \/>\n\t<meta property=\"og:image:height\" content=\"600\" \/>\n\t<meta property=\"og:image:type\" content=\"image\/webp\" \/>\n<meta name=\"twitter:card\" content=\"summary_large_image\" \/>\n<script type=\"application\/ld+json\" class=\"yoast-schema-graph\">{\"@context\":\"https:\/\/schema.org\",\"@graph\":[{\"@type\":\"WebPage\",\"@id\":\"https:\/\/www.miomiorun.com\/es\/producto\/atmosphere-short-sleeve-2-0-hombre\/\",\"url\":\"https:\/\/www.miomiorun.com\/es\/producto\/atmosphere-short-sleeve-2-0-hombre\/\",\"name\":\"Brooks Atmosphere Short Sleeve 2.0 hombre - Camiseta- MioMioRun\",\"isPartOf\":{\"@id\":\"https:\/\/www.miomiorun.com\/es\/#website\"},\"primaryImageOfPage\":{\"@id\":\"https:\/\/www.miomiorun.com\/es\/producto\/atmosphere-short-sleeve-2-0-hombre\/#primaryimage\"},\"image\":{\"@id\":\"https:\/\/www.miomiorun.com\/es\/producto\/atmosphere-short-sleeve-2-0-hombre\/#primaryimage\"},\"thumbnailUrl\":\"https:\/\/www.miomiorun.com\/app\/uploads\/2024\/09\/brooks-Atmosphere-short-sleeve-2-lime-elevate-211455730.webp\",\"datePublished\":\"2023-03-08T14:18:17+00:00\",\"dateModified\":\"2026-05-06T10:25:19+00:00\",\"description\":\"La camiseta Atmosphere Short Sleeve 2.0 para hombre est\u00e1 confeccionada con un tejido el\u00e1stico en cuatro direcciones, transpirable y de secado r\u00e1pido; esta prenda ofrece una cobertura\",\"breadcrumb\":{\"@id\":\"https:\/\/www.miomiorun.com\/es\/producto\/atmosphere-short-sleeve-2-0-hombre\/#breadcrumb\"},\"inLanguage\":\"es-ES\",\"potentialAction\":[{\"@type\":\"ReadAction\",\"target\":[\"https:\/\/www.miomiorun.com\/es\/producto\/atmosphere-short-sleeve-2-0-hombre\/\"]}]},{\"@type\":\"ImageObject\",\"inLanguage\":\"es-ES\",\"@id\":\"https:\/\/www.miomiorun.com\/es\/producto\/atmosphere-short-sleeve-2-0-hombre\/#primaryimage\",\"url\":\"https:\/\/www.miomiorun.com\/app\/uploads\/2024\/09\/brooks-Atmosphere-short-sleeve-2-lime-elevate-211455730.webp\",\"contentUrl\":\"https:\/\/www.miomiorun.com\/app\/uploads\/2024\/09\/brooks-Atmosphere-short-sleeve-2-lime-elevate-211455730.webp\",\"width\":600,\"height\":600,\"caption\":\"brooks Atmosphere short sleeve 2 lime elevate 211455730\"},{\"@type\":\"BreadcrumbList\",\"@id\":\"https:\/\/www.miomiorun.com\/es\/producto\/atmosphere-short-sleeve-2-0-hombre\/#breadcrumb\",\"itemListElement\":[{\"@type\":\"ListItem\",\"position\":1,\"name\":\"Home\",\"item\":\"https:\/\/www.miomiorun.com\/es\/\"},{\"@type\":\"ListItem\",\"position\":2,\"name\":\"Shop\",\"item\":\"https:\/\/www.miomiorun.com\/shop\/\"},{\"@type\":\"ListItem\",\"position\":3,\"name\":\"Atmosphere Short Sleeve 2.0 hombre\"}]},{\"@type\":\"WebSite\",\"@id\":\"https:\/\/www.miomiorun.com\/es\/#website\",\"url\":\"https:\/\/www.miomiorun.com\/es\/\",\"name\":\"MioMioRun\",\"description\":\"Tienda 100% running y trail\",\"publisher\":{\"@id\":\"https:\/\/www.miomiorun.com\/es\/#organization\"},\"potentialAction\":[{\"@type\":\"SearchAction\",\"target\":{\"@type\":\"EntryPoint\",\"urlTemplate\":\"https:\/\/www.miomiorun.com\/es\/?s={search_term_string}\"},\"query-input\":{\"@type\":\"PropertyValueSpecification\",\"valueRequired\":true,\"valueName\":\"search_term_string\"}}],\"inLanguage\":\"es-ES\"},{\"@type\":\"Organization\",\"@id\":\"https:\/\/www.miomiorun.com\/es\/#organization\",\"name\":\"MioMio Run\",\"url\":\"https:\/\/www.miomiorun.com\/es\/\",\"logo\":{\"@type\":\"ImageObject\",\"inLanguage\":\"es-ES\",\"@id\":\"https:\/\/www.miomiorun.com\/es\/#\/schema\/logo\/image\/\",\"url\":\"https:\/\/www.miomiorun.com\/app\/uploads\/2019\/12\/logomio.png\",\"contentUrl\":\"https:\/\/www.miomiorun.com\/app\/uploads\/2019\/12\/logomio.png\",\"width\":115,\"height\":82,\"caption\":\"MioMio Run\"},\"image\":{\"@id\":\"https:\/\/www.miomiorun.com\/es\/#\/schema\/logo\/image\/\"},\"sameAs\":[\"https:\/\/www.facebook.com\/miomiorun\/\",\"https:\/\/www.instagram.com\/miomiorun\/\"]}]}<\/script>\n<!-- \/ Yoast SEO plugin. -->","yoast_head_json":{"title":"Brooks Atmosphere Short Sleeve 2.0 hombre - Camiseta- MioMioRun","description":"La camiseta Atmosphere Short Sleeve 2.0 para hombre est\u00e1 confeccionada con un tejido el\u00e1stico en cuatro direcciones, transpirable y de secado r\u00e1pido; esta prenda ofrece una cobertura","robots":{"index":"index","follow":"follow","max-snippet":"max-snippet:-1","max-image-preview":"max-image-preview:large","max-video-preview":"max-video-preview:-1"},"canonical":"https:\/\/www.miomiorun.com\/es\/producto\/atmosphere-short-sleeve-2-0-hombre\/","og_locale":"es_ES","og_type":"article","og_title":"Brooks Atmosphere Short Sleeve 2.0 hombre - Camiseta- MioMioRun","og_description":"La camiseta Atmosphere Short Sleeve 2.0 para hombre est\u00e1 confeccionada con un tejido el\u00e1stico en cuatro direcciones, transpirable y de secado r\u00e1pido; esta prenda ofrece una cobertura","og_url":"https:\/\/www.miomiorun.com\/es\/producto\/atmosphere-short-sleeve-2-0-hombre\/","og_site_name":"MioMioRun","article_publisher":"https:\/\/www.facebook.com\/miomiorun\/","article_modified_time":"2026-05-06T10:25:19+00:00","og_image":[{"width":600,"height":600,"url":"https:\/\/www.miomiorun.com\/app\/uploads\/2024\/09\/brooks-Atmosphere-short-sleeve-2-lime-elevate-211455730.webp","type":"image\/webp"}],"twitter_card":"summary_large_image","schema":{"@context":"https:\/\/schema.org","@graph":[{"@type":"WebPage","@id":"https:\/\/www.miomiorun.com\/es\/producto\/atmosphere-short-sleeve-2-0-hombre\/","url":"https:\/\/www.miomiorun.com\/es\/producto\/atmosphere-short-sleeve-2-0-hombre\/","name":"Brooks Atmosphere Short Sleeve 2.0 hombre - Camiseta- MioMioRun","isPartOf":{"@id":"https:\/\/www.miomiorun.com\/es\/#website"},"primaryImageOfPage":{"@id":"https:\/\/www.miomiorun.com\/es\/producto\/atmosphere-short-sleeve-2-0-hombre\/#primaryimage"},"image":{"@id":"https:\/\/www.miomiorun.com\/es\/producto\/atmosphere-short-sleeve-2-0-hombre\/#primaryimage"},"thumbnailUrl":"https:\/\/www.miomiorun.com\/app\/uploads\/2024\/09\/brooks-Atmosphere-short-sleeve-2-lime-elevate-211455730.webp","datePublished":"2023-03-08T14:18:17+00:00","dateModified":"2026-05-06T10:25:19+00:00","description":"La camiseta Atmosphere Short Sleeve 2.0 para hombre est\u00e1 confeccionada con un tejido el\u00e1stico en cuatro direcciones, transpirable y de secado r\u00e1pido; esta prenda ofrece una cobertura","breadcrumb":{"@id":"https:\/\/www.miomiorun.com\/es\/producto\/atmosphere-short-sleeve-2-0-hombre\/#breadcrumb"},"inLanguage":"es-ES","potentialAction":[{"@type":"ReadAction","target":["https:\/\/www.miomiorun.com\/es\/producto\/atmosphere-short-sleeve-2-0-hombre\/"]}]},{"@type":"ImageObject","inLanguage":"es-ES","@id":"https:\/\/www.miomiorun.com\/es\/producto\/atmosphere-short-sleeve-2-0-hombre\/#primaryimage","url":"https:\/\/www.miomiorun.com\/app\/uploads\/2024\/09\/brooks-Atmosphere-short-sleeve-2-lime-elevate-211455730.webp","contentUrl":"https:\/\/www.miomiorun.com\/app\/uploads\/2024\/09\/brooks-Atmosphere-short-sleeve-2-lime-elevate-211455730.webp","width":600,"height":600,"caption":"brooks Atmosphere short sleeve 2 lime elevate 211455730"},{"@type":"BreadcrumbList","@id":"https:\/\/www.miomiorun.com\/es\/producto\/atmosphere-short-sleeve-2-0-hombre\/#breadcrumb","itemListElement":[{"@type":"ListItem","position":1,"name":"Home","item":"https:\/\/www.miomiorun.com\/es\/"},{"@type":"ListItem","position":2,"name":"Shop","item":"https:\/\/www.miomiorun.com\/shop\/"},{"@type":"ListItem","position":3,"name":"Atmosphere Short Sleeve 2.0 hombre"}]},{"@type":"WebSite","@id":"https:\/\/www.miomiorun.com\/es\/#website","url":"https:\/\/www.miomiorun.com\/es\/","name":"MioMioRun","description":"Tienda 100% running y trail","publisher":{"@id":"https:\/\/www.miomiorun.com\/es\/#organization"},"potentialAction":[{"@type":"SearchAction","target":{"@type":"EntryPoint","urlTemplate":"https:\/\/www.miomiorun.com\/es\/?s={search_term_string}"},"query-input":{"@type":"PropertyValueSpecification","valueRequired":true,"valueName":"search_term_string"}}],"inLanguage":"es-ES"},{"@type":"Organization","@id":"https:\/\/www.miomiorun.com\/es\/#organization","name":"MioMio Run","url":"https:\/\/www.miomiorun.com\/es\/","logo":{"@type":"ImageObject","inLanguage":"es-ES","@id":"https:\/\/www.miomiorun.com\/es\/#\/schema\/logo\/image\/","url":"https:\/\/www.miomiorun.com\/app\/uploads\/2019\/12\/logomio.png","contentUrl":"https:\/\/www.miomiorun.com\/app\/uploads\/2019\/12\/logomio.png","width":115,"height":82,"caption":"MioMio Run"},"image":{"@id":"https:\/\/www.miomiorun.com\/es\/#\/schema\/logo\/image\/"},"sameAs":["https:\/\/www.facebook.com\/miomiorun\/","https:\/\/www.instagram.com\/miomiorun\/"]}]}},"_links":{"self":[{"href":"https:\/\/www.miomiorun.com\/es\/wp-json\/wp\/v2\/product\/285925","targetHints":{"allow":["GET"]}}],"collection":[{"href":"https:\/\/www.miomiorun.com\/es\/wp-json\/wp\/v2\/product"}],"about":[{"href":"https:\/\/www.miomiorun.com\/es\/wp-json\/wp\/v2\/types\/product"}],"wp:featuredmedia":[{"embeddable":true,"href":"https:\/\/www.miomiorun.com\/es\/wp-json\/wp\/v2\/media\/248677"}],"wp:attachment":[{"href":"https:\/\/www.miomiorun.com\/es\/wp-json\/wp\/v2\/media?parent=285925"}],"wp:term":[{"taxonomy":"product_brand","embeddable":true,"href":"https:\/\/www.miomiorun.com\/es\/wp-json\/wp\/v2\/product_brand?post=285925"},{"taxonomy":"product_cat","embeddable":true,"href":"https:\/\/www.miomiorun.com\/es\/wp-json\/wp\/v2\/product_cat?post=285925"},{"taxonomy":"product_tag","embeddable":true,"href":"https:\/\/www.miomiorun.com\/es\/wp-json\/wp\/v2\/product_tag?post=285925"}],"curies":[{"name":"wp","href":"https:\/\/api.w.org\/{rel}","templated":true}]}}