{"id":285838,"date":"2023-03-09T11:56:13","date_gmt":"2023-03-09T10:56:13","guid":{"rendered":"https:\/\/miomiorun.com\/prodotto\/high-point-32-in-1-short-donna\/"},"modified":"2026-05-06T12:28:47","modified_gmt":"2026-05-06T10:28:47","slug":"high-point-32-in-1-short-mujer","status":"publish","type":"product","link":"https:\/\/www.miomiorun.com\/es\/producto\/high-point-32-in-1-short-mujer\/","title":{"rendered":"High Point 3&#8243; 2-in 1 short mujer"},"content":{"rendered":"<h2>Prep\u00e1rate para una aventura sin fin con los pantalones cortos de trail running High Point.<\/h2>\n<p>El tejido ripstop, el forro corto resistente a las rozaduras, el corte ideal para correr y el amplio espacio para guardar objetos te permiten prepararte para largas jornadas por los senderos con la m\u00e1xima comodidad.<\/p>\n<p><strong>Caracter\u00edsticas:<\/strong><\/p>\n<ul class=\"m-long-description__features\">\n<li class=\"m-long-description__feature\">Protecci\u00f3n duradera<\/li>\n<li class=\"m-long-description__feature\">M\u00e1xima libertad de movimiento<\/li>\n<li class=\"m-long-description__feature\">Espacio para guardar lo necesario<\/li>\n<\/ul>\n<h2 class=\"a-type-h2\">Comodidad y rendimiento fiables para senderos impredecibles<\/h2>\n<h3 class=\"a-type-h4 o-feature-callout__feature-eyebrow\">RESISTENTES Y LISTOS PARA EL TRAIL<\/h3>\n<h2 class=\"a-type-h3--big o-feature-callout__feature-header\">Protecci\u00f3n duradera<\/h2>\n<p class=\"a-type-p o-feature-callout__feature-body\">La parte delantera, confeccionada en tejido ripstop con tratamiento impermeable, ofrece resistencia al agua y a los desgarros en los senderos cubiertos de vegetaci\u00f3n. El tejido tambi\u00e9n proporciona un grado de protecci\u00f3n UPF 30+ contra los rayos solares.<\/p>\n<ul class=\"o-feature-callout__feature-list\">\n<li class=\"a-type-p o-feature-callout__feature-list-item\"><span class=\"a-type-p o-feature-callout__feature-list-item-text\">DWR significa \u00abDurable Water Repellence\u00bb (impermeabilidad duradera)<\/span><\/li>\n<\/ul>\n<h3 class=\"a-type-h4 o-feature-callout__feature-eyebrow\">Salta, trepa o desl\u00edzate como prefieras<\/h3>\n<h2 class=\"a-type-h3--big o-feature-callout__feature-header\">M\u00e1xima libertad de movimiento<\/h2>\n<p class=\"a-type-p o-feature-callout__feature-body\">Los pantalones cortos con abertura lateral permiten una libertad total de movimientos, mientras que el slip interior antideslizante ofrece una gran comodidad.<\/p>\n<ul class=\"o-feature-callout__feature-list\">\n<li class=\"a-type-p o-feature-callout__feature-list-item\"><span class=\"a-type-p o-feature-callout__feature-list-item-text\">El cord\u00f3n exterior te permite ajustar f\u00e1cilmente el ajuste mientras te mueves.<\/span><\/li>\n<\/ul>\n<h3 class=\"a-type-h4 o-feature-callout__feature-eyebrow\">ACERCA DE LOS BOLSILLOS<\/h3>\n<h2 class=\"a-type-h3--big o-feature-callout__feature-header\">Espacio para guardar lo necesario<\/h2>\n<p class=\"a-type-p o-feature-callout__feature-body\">Los cuatro bolsillos laterales permiten guardar f\u00e1cilmente los objetos imprescindibles, mientras que el bolsillo trasero con cremallera mantiene a salvo las llaves y las tarjetas.<\/p>\n<ul class=\"o-feature-callout__feature-list\">\n<li class=\"a-type-p o-feature-callout__feature-list-item\"><span class=\"a-type-p o-feature-callout__feature-list-item-text\">La leng\u00fceta del bolsillo trasero con cremallera facilita la apertura y el cierre, incluso con guantes o con los dedos fr\u00edos.<\/span><\/li>\n<\/ul>\n","protected":false},"excerpt":{"rendered":"<ul class=\"m-long-description__features\">\n<li class=\"m-long-description__feature\">Protecci\u00f3n duradera<\/li>\n<li class=\"m-long-description__feature\">M\u00e1xima libertad de movimiento<\/li>\n<li class=\"m-long-description__feature\">Espacio para guardar lo necesario<\/li>\n<\/ul>\n","protected":false},"featured_media":248687,"template":"","meta":{"_acf_changed":false,"inline_featured_image":false},"product_brand":[],"product_cat":[24395,24401],"product_tag":[23463,23664],"class_list":{"0":"post-285838","1":"product","2":"type-product","3":"status-publish","4":"has-post-thumbnail","6":"product_cat-pantalones-cortos","7":"product_cat-ropa-de-mujer","8":"product_tag-brooks-es","9":"product_tag-brooks-mujer","10":"pa_attivita-caminar","11":"pa_attivita-running-es","12":"pa_colore-high-point-3-2in1-short-2-0-w-black-es","13":"pa_colore-high-point-3-2in1-short-w-aegean-lt-slate-es","14":"pa_colore-high-point-3-2in1-short-w-black-es","15":"pa_colore-high-point-3-2in1-short-w-hazelwood-ochre-fuchsia-es","16":"pa_colore-high-point-3-2in1-short-w-navy-neo-pink-es","17":"pa_colore-w-high-point-3-2in1-short-2-0-dk-russet","18":"pa_marca-brooks-es","19":"pa_sesso-mujer","20":"pa_size-extra-small-es","21":"pa_size-small-es","22":"pa_size-medium-es","23":"pa_size-large-es","25":"first","26":"instock","27":"sale","28":"taxable","29":"shipping-taxable","30":"purchasable","31":"product-type-variable","32":"wvs-archive-product-wrapper"},"acf":[],"yoast_head":"<!-- This site is optimized with the Yoast SEO plugin v26.8 - https:\/\/yoast.com\/product\/yoast-seo-wordpress\/ -->\n<title>Brooks High Point 3&quot; 2-in 1 short mujer - Bermudas - MioMioRun<\/title>\n<meta name=\"description\" content=\"El tejido ripstop, el forro corto resistente a los roces, el corte ideal para correr y un mont\u00f3n de espacio para guardar objetos\" \/>\n<meta name=\"robots\" content=\"index, follow, max-snippet:-1, max-image-preview:large, max-video-preview:-1\" \/>\n<link rel=\"canonical\" href=\"https:\/\/www.miomiorun.com\/es\/producto\/high-point-32-in-1-short-mujer\/\" \/>\n<meta property=\"og:locale\" content=\"es_ES\" \/>\n<meta property=\"og:type\" content=\"article\" \/>\n<meta property=\"og:title\" content=\"Brooks High Point 3&quot; 2-in 1 short mujer - Bermudas - MioMioRun\" \/>\n<meta property=\"og:description\" content=\"El tejido ripstop, el forro corto resistente a los roces, el corte ideal para correr y un mont\u00f3n de espacio para guardar objetos\" \/>\n<meta property=\"og:url\" content=\"https:\/\/www.miomiorun.com\/es\/producto\/high-point-32-in-1-short-mujer\/\" \/>\n<meta property=\"og:site_name\" content=\"MioMioRun\" \/>\n<meta property=\"article:publisher\" content=\"https:\/\/www.facebook.com\/miomiorun\/\" \/>\n<meta property=\"article:modified_time\" content=\"2026-05-06T10:28:47+00:00\" \/>\n<meta property=\"og:image\" content=\"https:\/\/www.miomiorun.com\/app\/uploads\/2024\/09\/brooks-High-Point-3-2in1-short-W-navy-neo-pink-221656439.webp\" \/>\n\t<meta property=\"og:image:width\" content=\"600\" \/>\n\t<meta property=\"og:image:height\" content=\"600\" \/>\n\t<meta property=\"og:image:type\" content=\"image\/webp\" \/>\n<meta name=\"twitter:card\" content=\"summary_large_image\" \/>\n<meta name=\"twitter:label1\" content=\"Est. reading time\" \/>\n\t<meta name=\"twitter:data1\" content=\"1 minute\" \/>\n<script type=\"application\/ld+json\" class=\"yoast-schema-graph\">{\"@context\":\"https:\/\/schema.org\",\"@graph\":[{\"@type\":\"WebPage\",\"@id\":\"https:\/\/www.miomiorun.com\/es\/producto\/high-point-32-in-1-short-mujer\/\",\"url\":\"https:\/\/www.miomiorun.com\/es\/producto\/high-point-32-in-1-short-mujer\/\",\"name\":\"Brooks High Point 3\\\" 2-in 1 short mujer - Bermudas - MioMioRun\",\"isPartOf\":{\"@id\":\"https:\/\/www.miomiorun.com\/es\/#website\"},\"primaryImageOfPage\":{\"@id\":\"https:\/\/www.miomiorun.com\/es\/producto\/high-point-32-in-1-short-mujer\/#primaryimage\"},\"image\":{\"@id\":\"https:\/\/www.miomiorun.com\/es\/producto\/high-point-32-in-1-short-mujer\/#primaryimage\"},\"thumbnailUrl\":\"https:\/\/www.miomiorun.com\/app\/uploads\/2024\/09\/brooks-High-Point-3-2in1-short-W-navy-neo-pink-221656439.webp\",\"datePublished\":\"2023-03-09T10:56:13+00:00\",\"dateModified\":\"2026-05-06T10:28:47+00:00\",\"description\":\"El tejido ripstop, el forro corto resistente a los roces, el corte ideal para correr y un mont\u00f3n de espacio para guardar objetos\",\"breadcrumb\":{\"@id\":\"https:\/\/www.miomiorun.com\/es\/producto\/high-point-32-in-1-short-mujer\/#breadcrumb\"},\"inLanguage\":\"es-ES\",\"potentialAction\":[{\"@type\":\"ReadAction\",\"target\":[\"https:\/\/www.miomiorun.com\/es\/producto\/high-point-32-in-1-short-mujer\/\"]}]},{\"@type\":\"ImageObject\",\"inLanguage\":\"es-ES\",\"@id\":\"https:\/\/www.miomiorun.com\/es\/producto\/high-point-32-in-1-short-mujer\/#primaryimage\",\"url\":\"https:\/\/www.miomiorun.com\/app\/uploads\/2024\/09\/brooks-High-Point-3-2in1-short-W-navy-neo-pink-221656439.webp\",\"contentUrl\":\"https:\/\/www.miomiorun.com\/app\/uploads\/2024\/09\/brooks-High-Point-3-2in1-short-W-navy-neo-pink-221656439.webp\",\"width\":600,\"height\":600,\"caption\":\"brooks High Point 3 2in1 short W navy neo pink 221656439\"},{\"@type\":\"BreadcrumbList\",\"@id\":\"https:\/\/www.miomiorun.com\/es\/producto\/high-point-32-in-1-short-mujer\/#breadcrumb\",\"itemListElement\":[{\"@type\":\"ListItem\",\"position\":1,\"name\":\"Home\",\"item\":\"https:\/\/www.miomiorun.com\/es\/\"},{\"@type\":\"ListItem\",\"position\":2,\"name\":\"Shop\",\"item\":\"https:\/\/www.miomiorun.com\/shop\/\"},{\"@type\":\"ListItem\",\"position\":3,\"name\":\"High Point 3&#8243; 2-in 1 short mujer\"}]},{\"@type\":\"WebSite\",\"@id\":\"https:\/\/www.miomiorun.com\/es\/#website\",\"url\":\"https:\/\/www.miomiorun.com\/es\/\",\"name\":\"MioMioRun\",\"description\":\"Tienda 100% running y trail\",\"publisher\":{\"@id\":\"https:\/\/www.miomiorun.com\/es\/#organization\"},\"potentialAction\":[{\"@type\":\"SearchAction\",\"target\":{\"@type\":\"EntryPoint\",\"urlTemplate\":\"https:\/\/www.miomiorun.com\/es\/?s={search_term_string}\"},\"query-input\":{\"@type\":\"PropertyValueSpecification\",\"valueRequired\":true,\"valueName\":\"search_term_string\"}}],\"inLanguage\":\"es-ES\"},{\"@type\":\"Organization\",\"@id\":\"https:\/\/www.miomiorun.com\/es\/#organization\",\"name\":\"MioMio Run\",\"url\":\"https:\/\/www.miomiorun.com\/es\/\",\"logo\":{\"@type\":\"ImageObject\",\"inLanguage\":\"es-ES\",\"@id\":\"https:\/\/www.miomiorun.com\/es\/#\/schema\/logo\/image\/\",\"url\":\"https:\/\/www.miomiorun.com\/app\/uploads\/2019\/12\/logomio.png\",\"contentUrl\":\"https:\/\/www.miomiorun.com\/app\/uploads\/2019\/12\/logomio.png\",\"width\":115,\"height\":82,\"caption\":\"MioMio Run\"},\"image\":{\"@id\":\"https:\/\/www.miomiorun.com\/es\/#\/schema\/logo\/image\/\"},\"sameAs\":[\"https:\/\/www.facebook.com\/miomiorun\/\",\"https:\/\/www.instagram.com\/miomiorun\/\"]}]}<\/script>\n<!-- \/ Yoast SEO plugin. -->","yoast_head_json":{"title":"Brooks High Point 3\" 2-in 1 short mujer - Bermudas - MioMioRun","description":"El tejido ripstop, el forro corto resistente a los roces, el corte ideal para correr y un mont\u00f3n de espacio para guardar objetos","robots":{"index":"index","follow":"follow","max-snippet":"max-snippet:-1","max-image-preview":"max-image-preview:large","max-video-preview":"max-video-preview:-1"},"canonical":"https:\/\/www.miomiorun.com\/es\/producto\/high-point-32-in-1-short-mujer\/","og_locale":"es_ES","og_type":"article","og_title":"Brooks High Point 3\" 2-in 1 short mujer - Bermudas - MioMioRun","og_description":"El tejido ripstop, el forro corto resistente a los roces, el corte ideal para correr y un mont\u00f3n de espacio para guardar objetos","og_url":"https:\/\/www.miomiorun.com\/es\/producto\/high-point-32-in-1-short-mujer\/","og_site_name":"MioMioRun","article_publisher":"https:\/\/www.facebook.com\/miomiorun\/","article_modified_time":"2026-05-06T10:28:47+00:00","og_image":[{"width":600,"height":600,"url":"https:\/\/www.miomiorun.com\/app\/uploads\/2024\/09\/brooks-High-Point-3-2in1-short-W-navy-neo-pink-221656439.webp","type":"image\/webp"}],"twitter_card":"summary_large_image","twitter_misc":{"Est. reading time":"1 minute"},"schema":{"@context":"https:\/\/schema.org","@graph":[{"@type":"WebPage","@id":"https:\/\/www.miomiorun.com\/es\/producto\/high-point-32-in-1-short-mujer\/","url":"https:\/\/www.miomiorun.com\/es\/producto\/high-point-32-in-1-short-mujer\/","name":"Brooks High Point 3\" 2-in 1 short mujer - Bermudas - MioMioRun","isPartOf":{"@id":"https:\/\/www.miomiorun.com\/es\/#website"},"primaryImageOfPage":{"@id":"https:\/\/www.miomiorun.com\/es\/producto\/high-point-32-in-1-short-mujer\/#primaryimage"},"image":{"@id":"https:\/\/www.miomiorun.com\/es\/producto\/high-point-32-in-1-short-mujer\/#primaryimage"},"thumbnailUrl":"https:\/\/www.miomiorun.com\/app\/uploads\/2024\/09\/brooks-High-Point-3-2in1-short-W-navy-neo-pink-221656439.webp","datePublished":"2023-03-09T10:56:13+00:00","dateModified":"2026-05-06T10:28:47+00:00","description":"El tejido ripstop, el forro corto resistente a los roces, el corte ideal para correr y un mont\u00f3n de espacio para guardar objetos","breadcrumb":{"@id":"https:\/\/www.miomiorun.com\/es\/producto\/high-point-32-in-1-short-mujer\/#breadcrumb"},"inLanguage":"es-ES","potentialAction":[{"@type":"ReadAction","target":["https:\/\/www.miomiorun.com\/es\/producto\/high-point-32-in-1-short-mujer\/"]}]},{"@type":"ImageObject","inLanguage":"es-ES","@id":"https:\/\/www.miomiorun.com\/es\/producto\/high-point-32-in-1-short-mujer\/#primaryimage","url":"https:\/\/www.miomiorun.com\/app\/uploads\/2024\/09\/brooks-High-Point-3-2in1-short-W-navy-neo-pink-221656439.webp","contentUrl":"https:\/\/www.miomiorun.com\/app\/uploads\/2024\/09\/brooks-High-Point-3-2in1-short-W-navy-neo-pink-221656439.webp","width":600,"height":600,"caption":"brooks High Point 3 2in1 short W navy neo pink 221656439"},{"@type":"BreadcrumbList","@id":"https:\/\/www.miomiorun.com\/es\/producto\/high-point-32-in-1-short-mujer\/#breadcrumb","itemListElement":[{"@type":"ListItem","position":1,"name":"Home","item":"https:\/\/www.miomiorun.com\/es\/"},{"@type":"ListItem","position":2,"name":"Shop","item":"https:\/\/www.miomiorun.com\/shop\/"},{"@type":"ListItem","position":3,"name":"High Point 3&#8243; 2-in 1 short mujer"}]},{"@type":"WebSite","@id":"https:\/\/www.miomiorun.com\/es\/#website","url":"https:\/\/www.miomiorun.com\/es\/","name":"MioMioRun","description":"Tienda 100% running y trail","publisher":{"@id":"https:\/\/www.miomiorun.com\/es\/#organization"},"potentialAction":[{"@type":"SearchAction","target":{"@type":"EntryPoint","urlTemplate":"https:\/\/www.miomiorun.com\/es\/?s={search_term_string}"},"query-input":{"@type":"PropertyValueSpecification","valueRequired":true,"valueName":"search_term_string"}}],"inLanguage":"es-ES"},{"@type":"Organization","@id":"https:\/\/www.miomiorun.com\/es\/#organization","name":"MioMio Run","url":"https:\/\/www.miomiorun.com\/es\/","logo":{"@type":"ImageObject","inLanguage":"es-ES","@id":"https:\/\/www.miomiorun.com\/es\/#\/schema\/logo\/image\/","url":"https:\/\/www.miomiorun.com\/app\/uploads\/2019\/12\/logomio.png","contentUrl":"https:\/\/www.miomiorun.com\/app\/uploads\/2019\/12\/logomio.png","width":115,"height":82,"caption":"MioMio Run"},"image":{"@id":"https:\/\/www.miomiorun.com\/es\/#\/schema\/logo\/image\/"},"sameAs":["https:\/\/www.facebook.com\/miomiorun\/","https:\/\/www.instagram.com\/miomiorun\/"]}]}},"_links":{"self":[{"href":"https:\/\/www.miomiorun.com\/es\/wp-json\/wp\/v2\/product\/285838","targetHints":{"allow":["GET"]}}],"collection":[{"href":"https:\/\/www.miomiorun.com\/es\/wp-json\/wp\/v2\/product"}],"about":[{"href":"https:\/\/www.miomiorun.com\/es\/wp-json\/wp\/v2\/types\/product"}],"wp:featuredmedia":[{"embeddable":true,"href":"https:\/\/www.miomiorun.com\/es\/wp-json\/wp\/v2\/media\/248687"}],"wp:attachment":[{"href":"https:\/\/www.miomiorun.com\/es\/wp-json\/wp\/v2\/media?parent=285838"}],"wp:term":[{"taxonomy":"product_brand","embeddable":true,"href":"https:\/\/www.miomiorun.com\/es\/wp-json\/wp\/v2\/product_brand?post=285838"},{"taxonomy":"product_cat","embeddable":true,"href":"https:\/\/www.miomiorun.com\/es\/wp-json\/wp\/v2\/product_cat?post=285838"},{"taxonomy":"product_tag","embeddable":true,"href":"https:\/\/www.miomiorun.com\/es\/wp-json\/wp\/v2\/product_tag?post=285838"}],"curies":[{"name":"wp","href":"https:\/\/api.w.org\/{rel}","templated":true}]}}