{"id":285761,"date":"2023-03-16T13:41:36","date_gmt":"2023-03-16T12:41:36","guid":{"rendered":"https:\/\/miomiorun.com\/prodotto\/pant-style-pants-donna\/"},"modified":"2026-05-06T16:51:25","modified_gmt":"2026-05-06T14:51:25","slug":"pant-style-pants-mujer","status":"publish","type":"product","link":"https:\/\/www.miomiorun.com\/es\/producto\/pant-style-pants-mujer\/","title":{"rendered":"Pant Style mujer"},"content":{"rendered":"<div class=\"product-attribute product-attribute-featured-materials\">\n<p>Libertad, ligereza, comodidad y estilo son las caracter\u00edsticas distintivas de los <strong>pantalones Style <\/strong>para mujer; nunca un nombre fue m\u00e1s acertado. Est\u00e1 confeccionado con tejido Revolutional, una fresca microfibra de fabricaci\u00f3n italiana elaborada con hilos que contienen principios activos como cafe\u00edna, vitamina E, retinol, \u00e1cidos grasos y aloe vera, que contribuyen a prevenir la \u00abpiel de naranja\u00bb y a remodelar la silueta. Como es habitual, nuestras prendas Active para mujer cuentan con una c\u00f3moda banda en la cintura que ofrece una gran comodidad. 4 bolsillos, dos delante y dos detr\u00e1s, cord\u00f3n de ajuste en la parte inferior de la pierna.<\/p>\n<h3>Caracter\u00edsticas:<\/h3>\n<div id=\"materials\" class=\"data item content\" role=\"tabpanel\" data-role=\"content\" aria-labelledby=\"tab-label-materials\" aria-hidden=\"false\">\n<div class=\"product-materials-content\">\n<div class=\"texture-content secondary-texture\">\n<div class=\"content\">\n<div class=\"texture-text\">\n<div id=\"laundry\" class=\"data item content\" role=\"tabpanel\" data-role=\"content\" aria-labelledby=\"tab-label-laundry\" aria-hidden=\"false\">\n<div class=\"laundry-content\">\n<div class=\"laundry-sides-texture\">\n<div class=\"carProdotto\">\n<ul>\n<li>Tejido remodelador<\/li>\n<li>Cord\u00f3n de ajuste en el bajo de la pierna<\/li>\n<li>Cintura el\u00e1stica<\/li>\n<li>2 bolsillos laterales abiertos<\/li>\n<li>2 bolsillos traseros<\/li>\n<\/ul>\n<\/div>\n<\/div>\n<\/div>\n<\/div>\n<\/div>\n<\/div>\n<\/div>\n<\/div>\n<\/div>\n<\/div>\n","protected":false},"excerpt":{"rendered":"<ul>\n<li>Tejido remodelador<\/li>\n<li>Cord\u00f3n ajustable en la parte inferior de la pierna<\/li>\n<li>Cintura el\u00e1stica<\/li>\n<\/ul>\n","protected":false},"featured_media":240032,"template":"","meta":{"_acf_changed":false,"inline_featured_image":false},"product_brand":[],"product_cat":[24225,24401,24402],"product_tag":[23488,23646],"class_list":{"0":"post-285761","1":"product","2":"type-product","3":"status-publish","4":"has-post-thumbnail","6":"product_cat-pantalones-largos","7":"product_cat-ropa-de-mujer","8":"product_cat-mujer","9":"product_tag-crazy-idea-es","10":"product_tag-crazy-idea-mujer","11":"pa_attivita-caminar","12":"pa_attivita-outdoor-es","13":"pa_colore-pant-style-black-w-es","14":"pa_colore-pant-style-pop-w-es","15":"pa_colore-pant-style-w-black","16":"pa_colore-pant-style-w-blue-es","17":"pa_colore-pant-style-w-lake-es","18":"pa_colore-pant-style-w-pop-es-2","19":"pa_colore-pant-style-w-pop-es","20":"pa_marca-crazy-idea-es","21":"pa_sesso-mujer","22":"pa_size-extra-small-es","23":"pa_size-small-es","24":"pa_size-medium-es","25":"pa_size-large-es","27":"first","28":"instock","29":"sale","30":"taxable","31":"shipping-taxable","32":"purchasable","33":"product-type-variable","34":"wvs-archive-product-wrapper"},"acf":[],"yoast_head":"<!-- This site is optimized with the Yoast SEO plugin v26.8 - https:\/\/yoast.com\/product\/yoast-seo-wordpress\/ -->\n<title>Crazy Pant Style mujer - Pantalones largos - MioMioRun<\/title>\n<meta name=\"description\" content=\"Libertad, ligereza, comodidad y estilo son las caracter\u00edsticas distintivas de los pantalones Pant Style para mujer; nunca un nombre fue m\u00e1s acertado. Est\u00e1n confeccionados con tejido Revolutional.\" \/>\n<meta name=\"robots\" content=\"index, follow, max-snippet:-1, max-image-preview:large, max-video-preview:-1\" \/>\n<link rel=\"canonical\" href=\"https:\/\/www.miomiorun.com\/es\/producto\/pant-style-pants-mujer\/\" \/>\n<meta property=\"og:locale\" content=\"es_ES\" \/>\n<meta property=\"og:type\" content=\"article\" \/>\n<meta property=\"og:title\" content=\"Crazy Pant Style mujer - Pantalones largos - MioMioRun\" \/>\n<meta property=\"og:description\" content=\"Libertad, ligereza, comodidad y estilo son las caracter\u00edsticas distintivas de los pantalones Pant Style para mujer; nunca un nombre fue m\u00e1s acertado. Est\u00e1n confeccionados con tejido Revolutional.\" \/>\n<meta property=\"og:url\" content=\"https:\/\/www.miomiorun.com\/es\/producto\/pant-style-pants-mujer\/\" \/>\n<meta property=\"og:site_name\" content=\"MioMioRun\" \/>\n<meta property=\"article:publisher\" content=\"https:\/\/www.facebook.com\/miomiorun\/\" \/>\n<meta property=\"article:modified_time\" content=\"2026-05-06T14:51:25+00:00\" \/>\n<meta property=\"og:image\" content=\"https:\/\/www.miomiorun.com\/app\/uploads\/2023\/04\/crazy-idea-pant-style-W-pop-S23016119D-0063.jpg\" \/>\n\t<meta property=\"og:image:width\" content=\"600\" \/>\n\t<meta property=\"og:image:height\" content=\"600\" \/>\n\t<meta property=\"og:image:type\" content=\"image\/jpeg\" \/>\n<meta name=\"twitter:card\" content=\"summary_large_image\" \/>\n<meta name=\"twitter:label1\" content=\"Est. reading time\" \/>\n\t<meta name=\"twitter:data1\" content=\"1 minute\" \/>\n<script type=\"application\/ld+json\" class=\"yoast-schema-graph\">{\"@context\":\"https:\/\/schema.org\",\"@graph\":[{\"@type\":\"WebPage\",\"@id\":\"https:\/\/www.miomiorun.com\/es\/producto\/pant-style-pants-mujer\/\",\"url\":\"https:\/\/www.miomiorun.com\/es\/producto\/pant-style-pants-mujer\/\",\"name\":\"Crazy Pant Style mujer - Pantalones largos - MioMioRun\",\"isPartOf\":{\"@id\":\"https:\/\/www.miomiorun.com\/es\/#website\"},\"primaryImageOfPage\":{\"@id\":\"https:\/\/www.miomiorun.com\/es\/producto\/pant-style-pants-mujer\/#primaryimage\"},\"image\":{\"@id\":\"https:\/\/www.miomiorun.com\/es\/producto\/pant-style-pants-mujer\/#primaryimage\"},\"thumbnailUrl\":\"https:\/\/www.miomiorun.com\/app\/uploads\/2023\/04\/crazy-idea-pant-style-W-pop-S23016119D-0063.jpg\",\"datePublished\":\"2023-03-16T12:41:36+00:00\",\"dateModified\":\"2026-05-06T14:51:25+00:00\",\"description\":\"Libertad, ligereza, comodidad y estilo son las caracter\u00edsticas distintivas de los pantalones Pant Style para mujer; nunca un nombre fue m\u00e1s acertado. Est\u00e1n confeccionados con tejido Revolutional.\",\"breadcrumb\":{\"@id\":\"https:\/\/www.miomiorun.com\/es\/producto\/pant-style-pants-mujer\/#breadcrumb\"},\"inLanguage\":\"es-ES\",\"potentialAction\":[{\"@type\":\"ReadAction\",\"target\":[\"https:\/\/www.miomiorun.com\/es\/producto\/pant-style-pants-mujer\/\"]}]},{\"@type\":\"ImageObject\",\"inLanguage\":\"es-ES\",\"@id\":\"https:\/\/www.miomiorun.com\/es\/producto\/pant-style-pants-mujer\/#primaryimage\",\"url\":\"https:\/\/www.miomiorun.com\/app\/uploads\/2023\/04\/crazy-idea-pant-style-W-pop-S23016119D-0063.jpg\",\"contentUrl\":\"https:\/\/www.miomiorun.com\/app\/uploads\/2023\/04\/crazy-idea-pant-style-W-pop-S23016119D-0063.jpg\",\"width\":600,\"height\":600,\"caption\":\"crazy-idea-pant-style-W-pop-S23016119D-0063\"},{\"@type\":\"BreadcrumbList\",\"@id\":\"https:\/\/www.miomiorun.com\/es\/producto\/pant-style-pants-mujer\/#breadcrumb\",\"itemListElement\":[{\"@type\":\"ListItem\",\"position\":1,\"name\":\"Home\",\"item\":\"https:\/\/www.miomiorun.com\/es\/\"},{\"@type\":\"ListItem\",\"position\":2,\"name\":\"Shop\",\"item\":\"https:\/\/www.miomiorun.com\/shop\/\"},{\"@type\":\"ListItem\",\"position\":3,\"name\":\"Pant Style mujer\"}]},{\"@type\":\"WebSite\",\"@id\":\"https:\/\/www.miomiorun.com\/es\/#website\",\"url\":\"https:\/\/www.miomiorun.com\/es\/\",\"name\":\"MioMioRun\",\"description\":\"Tienda 100% running y trail\",\"publisher\":{\"@id\":\"https:\/\/www.miomiorun.com\/es\/#organization\"},\"potentialAction\":[{\"@type\":\"SearchAction\",\"target\":{\"@type\":\"EntryPoint\",\"urlTemplate\":\"https:\/\/www.miomiorun.com\/es\/?s={search_term_string}\"},\"query-input\":{\"@type\":\"PropertyValueSpecification\",\"valueRequired\":true,\"valueName\":\"search_term_string\"}}],\"inLanguage\":\"es-ES\"},{\"@type\":\"Organization\",\"@id\":\"https:\/\/www.miomiorun.com\/es\/#organization\",\"name\":\"MioMio Run\",\"url\":\"https:\/\/www.miomiorun.com\/es\/\",\"logo\":{\"@type\":\"ImageObject\",\"inLanguage\":\"es-ES\",\"@id\":\"https:\/\/www.miomiorun.com\/es\/#\/schema\/logo\/image\/\",\"url\":\"https:\/\/www.miomiorun.com\/app\/uploads\/2019\/12\/logomio.png\",\"contentUrl\":\"https:\/\/www.miomiorun.com\/app\/uploads\/2019\/12\/logomio.png\",\"width\":115,\"height\":82,\"caption\":\"MioMio Run\"},\"image\":{\"@id\":\"https:\/\/www.miomiorun.com\/es\/#\/schema\/logo\/image\/\"},\"sameAs\":[\"https:\/\/www.facebook.com\/miomiorun\/\",\"https:\/\/www.instagram.com\/miomiorun\/\"]}]}<\/script>\n<!-- \/ Yoast SEO plugin. -->","yoast_head_json":{"title":"Crazy Pant Style mujer - Pantalones largos - MioMioRun","description":"Libertad, ligereza, comodidad y estilo son las caracter\u00edsticas distintivas de los pantalones Pant Style para mujer; nunca un nombre fue m\u00e1s acertado. Est\u00e1n confeccionados con tejido Revolutional.","robots":{"index":"index","follow":"follow","max-snippet":"max-snippet:-1","max-image-preview":"max-image-preview:large","max-video-preview":"max-video-preview:-1"},"canonical":"https:\/\/www.miomiorun.com\/es\/producto\/pant-style-pants-mujer\/","og_locale":"es_ES","og_type":"article","og_title":"Crazy Pant Style mujer - Pantalones largos - MioMioRun","og_description":"Libertad, ligereza, comodidad y estilo son las caracter\u00edsticas distintivas de los pantalones Pant Style para mujer; nunca un nombre fue m\u00e1s acertado. Est\u00e1n confeccionados con tejido Revolutional.","og_url":"https:\/\/www.miomiorun.com\/es\/producto\/pant-style-pants-mujer\/","og_site_name":"MioMioRun","article_publisher":"https:\/\/www.facebook.com\/miomiorun\/","article_modified_time":"2026-05-06T14:51:25+00:00","og_image":[{"width":600,"height":600,"url":"https:\/\/www.miomiorun.com\/app\/uploads\/2023\/04\/crazy-idea-pant-style-W-pop-S23016119D-0063.jpg","type":"image\/jpeg"}],"twitter_card":"summary_large_image","twitter_misc":{"Est. reading time":"1 minute"},"schema":{"@context":"https:\/\/schema.org","@graph":[{"@type":"WebPage","@id":"https:\/\/www.miomiorun.com\/es\/producto\/pant-style-pants-mujer\/","url":"https:\/\/www.miomiorun.com\/es\/producto\/pant-style-pants-mujer\/","name":"Crazy Pant Style mujer - Pantalones largos - MioMioRun","isPartOf":{"@id":"https:\/\/www.miomiorun.com\/es\/#website"},"primaryImageOfPage":{"@id":"https:\/\/www.miomiorun.com\/es\/producto\/pant-style-pants-mujer\/#primaryimage"},"image":{"@id":"https:\/\/www.miomiorun.com\/es\/producto\/pant-style-pants-mujer\/#primaryimage"},"thumbnailUrl":"https:\/\/www.miomiorun.com\/app\/uploads\/2023\/04\/crazy-idea-pant-style-W-pop-S23016119D-0063.jpg","datePublished":"2023-03-16T12:41:36+00:00","dateModified":"2026-05-06T14:51:25+00:00","description":"Libertad, ligereza, comodidad y estilo son las caracter\u00edsticas distintivas de los pantalones Pant Style para mujer; nunca un nombre fue m\u00e1s acertado. Est\u00e1n confeccionados con tejido Revolutional.","breadcrumb":{"@id":"https:\/\/www.miomiorun.com\/es\/producto\/pant-style-pants-mujer\/#breadcrumb"},"inLanguage":"es-ES","potentialAction":[{"@type":"ReadAction","target":["https:\/\/www.miomiorun.com\/es\/producto\/pant-style-pants-mujer\/"]}]},{"@type":"ImageObject","inLanguage":"es-ES","@id":"https:\/\/www.miomiorun.com\/es\/producto\/pant-style-pants-mujer\/#primaryimage","url":"https:\/\/www.miomiorun.com\/app\/uploads\/2023\/04\/crazy-idea-pant-style-W-pop-S23016119D-0063.jpg","contentUrl":"https:\/\/www.miomiorun.com\/app\/uploads\/2023\/04\/crazy-idea-pant-style-W-pop-S23016119D-0063.jpg","width":600,"height":600,"caption":"crazy-idea-pant-style-W-pop-S23016119D-0063"},{"@type":"BreadcrumbList","@id":"https:\/\/www.miomiorun.com\/es\/producto\/pant-style-pants-mujer\/#breadcrumb","itemListElement":[{"@type":"ListItem","position":1,"name":"Home","item":"https:\/\/www.miomiorun.com\/es\/"},{"@type":"ListItem","position":2,"name":"Shop","item":"https:\/\/www.miomiorun.com\/shop\/"},{"@type":"ListItem","position":3,"name":"Pant Style mujer"}]},{"@type":"WebSite","@id":"https:\/\/www.miomiorun.com\/es\/#website","url":"https:\/\/www.miomiorun.com\/es\/","name":"MioMioRun","description":"Tienda 100% running y trail","publisher":{"@id":"https:\/\/www.miomiorun.com\/es\/#organization"},"potentialAction":[{"@type":"SearchAction","target":{"@type":"EntryPoint","urlTemplate":"https:\/\/www.miomiorun.com\/es\/?s={search_term_string}"},"query-input":{"@type":"PropertyValueSpecification","valueRequired":true,"valueName":"search_term_string"}}],"inLanguage":"es-ES"},{"@type":"Organization","@id":"https:\/\/www.miomiorun.com\/es\/#organization","name":"MioMio Run","url":"https:\/\/www.miomiorun.com\/es\/","logo":{"@type":"ImageObject","inLanguage":"es-ES","@id":"https:\/\/www.miomiorun.com\/es\/#\/schema\/logo\/image\/","url":"https:\/\/www.miomiorun.com\/app\/uploads\/2019\/12\/logomio.png","contentUrl":"https:\/\/www.miomiorun.com\/app\/uploads\/2019\/12\/logomio.png","width":115,"height":82,"caption":"MioMio Run"},"image":{"@id":"https:\/\/www.miomiorun.com\/es\/#\/schema\/logo\/image\/"},"sameAs":["https:\/\/www.facebook.com\/miomiorun\/","https:\/\/www.instagram.com\/miomiorun\/"]}]}},"_links":{"self":[{"href":"https:\/\/www.miomiorun.com\/es\/wp-json\/wp\/v2\/product\/285761","targetHints":{"allow":["GET"]}}],"collection":[{"href":"https:\/\/www.miomiorun.com\/es\/wp-json\/wp\/v2\/product"}],"about":[{"href":"https:\/\/www.miomiorun.com\/es\/wp-json\/wp\/v2\/types\/product"}],"wp:featuredmedia":[{"embeddable":true,"href":"https:\/\/www.miomiorun.com\/es\/wp-json\/wp\/v2\/media\/240032"}],"wp:attachment":[{"href":"https:\/\/www.miomiorun.com\/es\/wp-json\/wp\/v2\/media?parent=285761"}],"wp:term":[{"taxonomy":"product_brand","embeddable":true,"href":"https:\/\/www.miomiorun.com\/es\/wp-json\/wp\/v2\/product_brand?post=285761"},{"taxonomy":"product_cat","embeddable":true,"href":"https:\/\/www.miomiorun.com\/es\/wp-json\/wp\/v2\/product_cat?post=285761"},{"taxonomy":"product_tag","embeddable":true,"href":"https:\/\/www.miomiorun.com\/es\/wp-json\/wp\/v2\/product_tag?post=285761"}],"curies":[{"name":"wp","href":"https:\/\/api.w.org\/{rel}","templated":true}]}}