{"id":285740,"date":"2023-03-16T13:11:31","date_gmt":"2023-03-16T12:11:31","guid":{"rendered":"https:\/\/miomiorun.com\/prodotto\/t-shirt-viper-uomo\/"},"modified":"2026-05-08T18:12:38","modified_gmt":"2026-05-08T16:12:38","slug":"t-shirt-viper-hombre","status":"publish","type":"product","link":"https:\/\/www.miomiorun.com\/es\/producto\/t-shirt-viper-hombre\/","title":{"rendered":"T-Shirt Viper hombre"},"content":{"rendered":"<div class=\"single-product-description\">\n<div class=\"descProdotto\">\n<p><strong>La camiseta Viper<\/strong> para hombre es una camiseta de senderismo dise\u00f1ada diferenciando las distintas zonas en funci\u00f3n de las diferentes necesidades de transpiraci\u00f3n de cada parte del cuerpo. La parte delantera, m\u00e1s expuesta al aire, es de tejido de una sola capa de trama tupida; los hombros, para protegerlos del roce de la mochila, est\u00e1n reforzados con un tejido suave pero resistente de hilo de carbono; la zona de las axilas es de malla muy transpirable, y la espalda y la parte trasera de las mangas est\u00e1n confeccionadas con un tejido de estructura alveolar que favorece la dispersi\u00f3n de la humedad. Caracter\u00edsticas est\u00e9ticas: costuras planas y logotipo delantero con microperforaciones l\u00e1ser.<\/p>\n<h3>Caracter\u00edsticas:<\/h3>\n<\/div>\n<div class=\"carProdotto\">\n<ul>\n<li>Confecci\u00f3n con tejidos diferenciados<\/li>\n<li>Refuerzo en tejido de carbono suave y resistente en los hombros<\/li>\n<li>Logotipo delantero con microperforaciones l\u00e1ser<\/li>\n<li>Costuras planas<\/li>\n<\/ul>\n<\/div>\n<\/div>\n","protected":false},"excerpt":{"rendered":"<ul>\n<li>Construcci\u00f3n con tejidos diferenciados<\/li>\n<li>Refuerzo en tejido de carbono suave y resistente en los hombros<\/li>\n<li>Logotipo delantero con microperforaciones l\u00e1ser<\/li>\n<\/ul>\n","protected":false},"featured_media":239672,"template":"","meta":{"_acf_changed":false,"inline_featured_image":false},"product_brand":[],"product_cat":[24455,24463,24464],"product_tag":[23488,23611],"class_list":{"0":"post-285740","1":"product","2":"type-product","3":"status-publish","4":"has-post-thumbnail","6":"product_cat-camiseta-es-2","7":"product_cat-ropa-de-hombre-es","8":"product_cat-hombre","9":"product_tag-crazy-idea-es","10":"product_tag-crazy-idea-hombre","11":"pa_attivita-caminar","12":"pa_attivita-outdoor-es","13":"pa_colore-t-shirt-viper-black-es","14":"pa_colore-t-shirt-viper-liken-es","15":"pa_marca-crazy-idea-es","16":"pa_sesso-hombre","17":"pa_size-medium-es","18":"pa_size-large-es","20":"first","21":"instock","22":"sale","23":"taxable","24":"shipping-taxable","25":"purchasable","26":"product-type-variable","27":"wvs-archive-product-wrapper"},"acf":[],"yoast_head":"<!-- This site is optimized with the Yoast SEO plugin v26.8 - https:\/\/yoast.com\/product\/yoast-seo-wordpress\/ -->\n<title>Crazy Idea T-Shirt Viper hombre - camiseta para correr - MioMioRun.com<\/title>\n<meta name=\"description\" content=\"La camiseta Viper para hombre es una camiseta de senderismo que debe estar confeccionada diferenciando las distintas zonas en funci\u00f3n de las diferentes necesidades de transpiraci\u00f3n\" \/>\n<meta name=\"robots\" content=\"index, follow, max-snippet:-1, max-image-preview:large, max-video-preview:-1\" \/>\n<link rel=\"canonical\" href=\"https:\/\/www.miomiorun.com\/es\/producto\/t-shirt-viper-hombre\/\" \/>\n<meta property=\"og:locale\" content=\"es_ES\" \/>\n<meta property=\"og:type\" content=\"article\" \/>\n<meta property=\"og:title\" content=\"Crazy Idea T-Shirt Viper hombre - camiseta para correr - MioMioRun.com\" \/>\n<meta property=\"og:description\" content=\"La camiseta Viper para hombre es una camiseta de senderismo que debe estar confeccionada diferenciando las distintas zonas en funci\u00f3n de las diferentes necesidades de transpiraci\u00f3n\" \/>\n<meta property=\"og:url\" content=\"https:\/\/www.miomiorun.com\/es\/producto\/t-shirt-viper-hombre\/\" \/>\n<meta property=\"og:site_name\" content=\"MioMioRun\" \/>\n<meta property=\"article:publisher\" content=\"https:\/\/www.facebook.com\/miomiorun\/\" \/>\n<meta property=\"article:modified_time\" content=\"2026-05-08T16:12:38+00:00\" \/>\n<meta property=\"og:image\" content=\"https:\/\/www.miomiorun.com\/app\/uploads\/2023\/03\/crazy-idea-t-shirt-viper-liken-S23095109U-0093.jpg\" \/>\n\t<meta property=\"og:image:width\" content=\"600\" \/>\n\t<meta property=\"og:image:height\" content=\"600\" \/>\n\t<meta property=\"og:image:type\" content=\"image\/jpeg\" \/>\n<meta name=\"twitter:card\" content=\"summary_large_image\" \/>\n<meta name=\"twitter:label1\" content=\"Est. reading time\" \/>\n\t<meta name=\"twitter:data1\" content=\"1 minute\" \/>\n<script type=\"application\/ld+json\" class=\"yoast-schema-graph\">{\"@context\":\"https:\/\/schema.org\",\"@graph\":[{\"@type\":\"WebPage\",\"@id\":\"https:\/\/www.miomiorun.com\/es\/producto\/t-shirt-viper-hombre\/\",\"url\":\"https:\/\/www.miomiorun.com\/es\/producto\/t-shirt-viper-hombre\/\",\"name\":\"Crazy Idea T-Shirt Viper hombre - camiseta para correr - MioMioRun.com\",\"isPartOf\":{\"@id\":\"https:\/\/www.miomiorun.com\/es\/#website\"},\"primaryImageOfPage\":{\"@id\":\"https:\/\/www.miomiorun.com\/es\/producto\/t-shirt-viper-hombre\/#primaryimage\"},\"image\":{\"@id\":\"https:\/\/www.miomiorun.com\/es\/producto\/t-shirt-viper-hombre\/#primaryimage\"},\"thumbnailUrl\":\"https:\/\/www.miomiorun.com\/app\/uploads\/2023\/03\/crazy-idea-t-shirt-viper-liken-S23095109U-0093.jpg\",\"datePublished\":\"2023-03-16T12:11:31+00:00\",\"dateModified\":\"2026-05-08T16:12:38+00:00\",\"description\":\"La camiseta Viper para hombre es una camiseta de senderismo que debe estar confeccionada diferenciando las distintas zonas en funci\u00f3n de las diferentes necesidades de transpiraci\u00f3n\",\"breadcrumb\":{\"@id\":\"https:\/\/www.miomiorun.com\/es\/producto\/t-shirt-viper-hombre\/#breadcrumb\"},\"inLanguage\":\"es-ES\",\"potentialAction\":[{\"@type\":\"ReadAction\",\"target\":[\"https:\/\/www.miomiorun.com\/es\/producto\/t-shirt-viper-hombre\/\"]}]},{\"@type\":\"ImageObject\",\"inLanguage\":\"es-ES\",\"@id\":\"https:\/\/www.miomiorun.com\/es\/producto\/t-shirt-viper-hombre\/#primaryimage\",\"url\":\"https:\/\/www.miomiorun.com\/app\/uploads\/2023\/03\/crazy-idea-t-shirt-viper-liken-S23095109U-0093.jpg\",\"contentUrl\":\"https:\/\/www.miomiorun.com\/app\/uploads\/2023\/03\/crazy-idea-t-shirt-viper-liken-S23095109U-0093.jpg\",\"width\":600,\"height\":600,\"caption\":\"crazy-idea-t-shirt-viper-liken-S23095109U-0093\"},{\"@type\":\"BreadcrumbList\",\"@id\":\"https:\/\/www.miomiorun.com\/es\/producto\/t-shirt-viper-hombre\/#breadcrumb\",\"itemListElement\":[{\"@type\":\"ListItem\",\"position\":1,\"name\":\"Home\",\"item\":\"https:\/\/www.miomiorun.com\/es\/\"},{\"@type\":\"ListItem\",\"position\":2,\"name\":\"Shop\",\"item\":\"https:\/\/www.miomiorun.com\/shop\/\"},{\"@type\":\"ListItem\",\"position\":3,\"name\":\"T-Shirt Viper hombre\"}]},{\"@type\":\"WebSite\",\"@id\":\"https:\/\/www.miomiorun.com\/es\/#website\",\"url\":\"https:\/\/www.miomiorun.com\/es\/\",\"name\":\"MioMioRun\",\"description\":\"Tienda 100% running y trail\",\"publisher\":{\"@id\":\"https:\/\/www.miomiorun.com\/es\/#organization\"},\"potentialAction\":[{\"@type\":\"SearchAction\",\"target\":{\"@type\":\"EntryPoint\",\"urlTemplate\":\"https:\/\/www.miomiorun.com\/es\/?s={search_term_string}\"},\"query-input\":{\"@type\":\"PropertyValueSpecification\",\"valueRequired\":true,\"valueName\":\"search_term_string\"}}],\"inLanguage\":\"es-ES\"},{\"@type\":\"Organization\",\"@id\":\"https:\/\/www.miomiorun.com\/es\/#organization\",\"name\":\"MioMio Run\",\"url\":\"https:\/\/www.miomiorun.com\/es\/\",\"logo\":{\"@type\":\"ImageObject\",\"inLanguage\":\"es-ES\",\"@id\":\"https:\/\/www.miomiorun.com\/es\/#\/schema\/logo\/image\/\",\"url\":\"https:\/\/www.miomiorun.com\/app\/uploads\/2019\/12\/logomio.png\",\"contentUrl\":\"https:\/\/www.miomiorun.com\/app\/uploads\/2019\/12\/logomio.png\",\"width\":115,\"height\":82,\"caption\":\"MioMio Run\"},\"image\":{\"@id\":\"https:\/\/www.miomiorun.com\/es\/#\/schema\/logo\/image\/\"},\"sameAs\":[\"https:\/\/www.facebook.com\/miomiorun\/\",\"https:\/\/www.instagram.com\/miomiorun\/\"]}]}<\/script>\n<!-- \/ Yoast SEO plugin. -->","yoast_head_json":{"title":"Crazy Idea T-Shirt Viper hombre - camiseta para correr - MioMioRun.com","description":"La camiseta Viper para hombre es una camiseta de senderismo que debe estar confeccionada diferenciando las distintas zonas en funci\u00f3n de las diferentes necesidades de transpiraci\u00f3n","robots":{"index":"index","follow":"follow","max-snippet":"max-snippet:-1","max-image-preview":"max-image-preview:large","max-video-preview":"max-video-preview:-1"},"canonical":"https:\/\/www.miomiorun.com\/es\/producto\/t-shirt-viper-hombre\/","og_locale":"es_ES","og_type":"article","og_title":"Crazy Idea T-Shirt Viper hombre - camiseta para correr - MioMioRun.com","og_description":"La camiseta Viper para hombre es una camiseta de senderismo que debe estar confeccionada diferenciando las distintas zonas en funci\u00f3n de las diferentes necesidades de transpiraci\u00f3n","og_url":"https:\/\/www.miomiorun.com\/es\/producto\/t-shirt-viper-hombre\/","og_site_name":"MioMioRun","article_publisher":"https:\/\/www.facebook.com\/miomiorun\/","article_modified_time":"2026-05-08T16:12:38+00:00","og_image":[{"width":600,"height":600,"url":"https:\/\/www.miomiorun.com\/app\/uploads\/2023\/03\/crazy-idea-t-shirt-viper-liken-S23095109U-0093.jpg","type":"image\/jpeg"}],"twitter_card":"summary_large_image","twitter_misc":{"Est. reading time":"1 minute"},"schema":{"@context":"https:\/\/schema.org","@graph":[{"@type":"WebPage","@id":"https:\/\/www.miomiorun.com\/es\/producto\/t-shirt-viper-hombre\/","url":"https:\/\/www.miomiorun.com\/es\/producto\/t-shirt-viper-hombre\/","name":"Crazy Idea T-Shirt Viper hombre - camiseta para correr - MioMioRun.com","isPartOf":{"@id":"https:\/\/www.miomiorun.com\/es\/#website"},"primaryImageOfPage":{"@id":"https:\/\/www.miomiorun.com\/es\/producto\/t-shirt-viper-hombre\/#primaryimage"},"image":{"@id":"https:\/\/www.miomiorun.com\/es\/producto\/t-shirt-viper-hombre\/#primaryimage"},"thumbnailUrl":"https:\/\/www.miomiorun.com\/app\/uploads\/2023\/03\/crazy-idea-t-shirt-viper-liken-S23095109U-0093.jpg","datePublished":"2023-03-16T12:11:31+00:00","dateModified":"2026-05-08T16:12:38+00:00","description":"La camiseta Viper para hombre es una camiseta de senderismo que debe estar confeccionada diferenciando las distintas zonas en funci\u00f3n de las diferentes necesidades de transpiraci\u00f3n","breadcrumb":{"@id":"https:\/\/www.miomiorun.com\/es\/producto\/t-shirt-viper-hombre\/#breadcrumb"},"inLanguage":"es-ES","potentialAction":[{"@type":"ReadAction","target":["https:\/\/www.miomiorun.com\/es\/producto\/t-shirt-viper-hombre\/"]}]},{"@type":"ImageObject","inLanguage":"es-ES","@id":"https:\/\/www.miomiorun.com\/es\/producto\/t-shirt-viper-hombre\/#primaryimage","url":"https:\/\/www.miomiorun.com\/app\/uploads\/2023\/03\/crazy-idea-t-shirt-viper-liken-S23095109U-0093.jpg","contentUrl":"https:\/\/www.miomiorun.com\/app\/uploads\/2023\/03\/crazy-idea-t-shirt-viper-liken-S23095109U-0093.jpg","width":600,"height":600,"caption":"crazy-idea-t-shirt-viper-liken-S23095109U-0093"},{"@type":"BreadcrumbList","@id":"https:\/\/www.miomiorun.com\/es\/producto\/t-shirt-viper-hombre\/#breadcrumb","itemListElement":[{"@type":"ListItem","position":1,"name":"Home","item":"https:\/\/www.miomiorun.com\/es\/"},{"@type":"ListItem","position":2,"name":"Shop","item":"https:\/\/www.miomiorun.com\/shop\/"},{"@type":"ListItem","position":3,"name":"T-Shirt Viper hombre"}]},{"@type":"WebSite","@id":"https:\/\/www.miomiorun.com\/es\/#website","url":"https:\/\/www.miomiorun.com\/es\/","name":"MioMioRun","description":"Tienda 100% running y trail","publisher":{"@id":"https:\/\/www.miomiorun.com\/es\/#organization"},"potentialAction":[{"@type":"SearchAction","target":{"@type":"EntryPoint","urlTemplate":"https:\/\/www.miomiorun.com\/es\/?s={search_term_string}"},"query-input":{"@type":"PropertyValueSpecification","valueRequired":true,"valueName":"search_term_string"}}],"inLanguage":"es-ES"},{"@type":"Organization","@id":"https:\/\/www.miomiorun.com\/es\/#organization","name":"MioMio Run","url":"https:\/\/www.miomiorun.com\/es\/","logo":{"@type":"ImageObject","inLanguage":"es-ES","@id":"https:\/\/www.miomiorun.com\/es\/#\/schema\/logo\/image\/","url":"https:\/\/www.miomiorun.com\/app\/uploads\/2019\/12\/logomio.png","contentUrl":"https:\/\/www.miomiorun.com\/app\/uploads\/2019\/12\/logomio.png","width":115,"height":82,"caption":"MioMio Run"},"image":{"@id":"https:\/\/www.miomiorun.com\/es\/#\/schema\/logo\/image\/"},"sameAs":["https:\/\/www.facebook.com\/miomiorun\/","https:\/\/www.instagram.com\/miomiorun\/"]}]}},"_links":{"self":[{"href":"https:\/\/www.miomiorun.com\/es\/wp-json\/wp\/v2\/product\/285740","targetHints":{"allow":["GET"]}}],"collection":[{"href":"https:\/\/www.miomiorun.com\/es\/wp-json\/wp\/v2\/product"}],"about":[{"href":"https:\/\/www.miomiorun.com\/es\/wp-json\/wp\/v2\/types\/product"}],"wp:featuredmedia":[{"embeddable":true,"href":"https:\/\/www.miomiorun.com\/es\/wp-json\/wp\/v2\/media\/239672"}],"wp:attachment":[{"href":"https:\/\/www.miomiorun.com\/es\/wp-json\/wp\/v2\/media?parent=285740"}],"wp:term":[{"taxonomy":"product_brand","embeddable":true,"href":"https:\/\/www.miomiorun.com\/es\/wp-json\/wp\/v2\/product_brand?post=285740"},{"taxonomy":"product_cat","embeddable":true,"href":"https:\/\/www.miomiorun.com\/es\/wp-json\/wp\/v2\/product_cat?post=285740"},{"taxonomy":"product_tag","embeddable":true,"href":"https:\/\/www.miomiorun.com\/es\/wp-json\/wp\/v2\/product_tag?post=285740"}],"curies":[{"name":"wp","href":"https:\/\/api.w.org\/{rel}","templated":true}]}}