{"id":285685,"date":"2023-03-17T18:52:36","date_gmt":"2023-03-17T17:52:36","guid":{"rendered":"https:\/\/miomiorun.com\/prodotto\/briza-windbreaker-vest-donna\/"},"modified":"2026-04-23T11:19:04","modified_gmt":"2026-04-23T09:19:04","slug":"briza-windbreaker-vest-mujer","status":"publish","type":"product","link":"https:\/\/www.miomiorun.com\/es\/producto\/briza-windbreaker-vest-mujer\/","title":{"rendered":"Briza Windbreaker Vest mujer"},"content":{"rendered":"<p><strong>Blizzard Windbreaker Vest<\/strong> para mujer es un chaleco de running plegable y transpirable desarrollado en colaboraci\u00f3n con nuestros mejores atletas. Ligero y protector, es una prenda imprescindible para tus carreras de corta, media o larga distancia.<\/p>\n<h3>Caracter\u00edsticas:<\/h3>\n<ul>\n<li>Detalles reflectantes<\/li>\n<li>Cremallera frontal<\/li>\n<li>Cortavientos<\/li>\n<li>Repelente al agua<\/li>\n<li>Inserciones de malla en la espalda para una mejor transpirabilidad<\/li>\n<li>Compactable<\/li>\n<\/ul>\n<p><img decoding=\"async\" class=\"img-responsive margin-bottom-sm\" src=\"https:\/\/www.lasportiva.com\/media\/techinfo_icons\/Breathability_75x75.png\"><\/p>\n<p><strong>Transpirabilidad:<\/strong><br \/>\nProductos altamente transpirables para un excelente confort clim\u00e1tico.<\/p>\n<p><img loading=\"lazy\" decoding=\"async\" class=\" lazyloaded\" src=\"https:\/\/www.lasportiva.com\/media\/techinfo_icons\/slim-fit.png\" alt=\"La Sportiva\" width=\"75\" height=\"75\" data-src=\"https:\/\/www.lasportiva.com\/media\/techinfo_icons\/slim-fit.png\"><\/p>\n<p><strong>Slim fit:<\/strong><br \/>\nCorte muy ajustado para un rendimiento m\u00e1ximo en competici\u00f3n<\/p>\n<p><img decoding=\"async\" class=\"img-responsive margin-bottom-sm\" src=\"https:\/\/www.lasportiva.com\/media\/techinfo_icons\/Lightweight_75x75.png\"><\/p>\n<p><strong>Ligereza:<\/strong><br \/>\nProductos que mantienen el peso al m\u00ednimo<\/p>\n<p><img decoding=\"async\" class=\"img-responsive margin-bottom-sm\" src=\"https:\/\/www.lasportiva.com\/media\/techinfo_icons\/Wind-stop_75x75.png\"><\/p>\n<p><strong>Cortavientos:<\/strong><br \/>\nPrendas confeccionadas con materiales cortavientos<\/p>\n<p><img decoding=\"async\" src=\"https:\/\/www.lasportiva.com\/media\/RECYCLEDfabric_Icone_75x75_1.png\"><\/p>\n<p>Fibras de poli\u00e9ster fabricadas a partir de botellas de pl\u00e1stico recicladas y mediante procesos ecol\u00f3gicos.<br \/>\n\u2022 Las prendas confeccionadas con tejidos&nbsp;<strong>RECYCLED FABRIC<\/strong>&nbsp;contribuyen a reducir el impacto medioambiental<br \/>\n\u2022 Todas las sustancias petroqu\u00edmicas han sido sustituidas por botellas de pl\u00e1stico recicladas<br \/>\n\u2022 El proceso de producci\u00f3n de las fibras recicladas reduce las emisiones de CO2 a la atm\u00f3sfera en aproximadamente un 54 %\u2022 Durabilidad y calidad garantizadas a lo largo del tiempo<\/p>\n<p><b>Tejido: <\/b>&nbsp;WSL10 100 % poliamida reciclada &gt; espalda: MSL02 100 % poli\u00e9ster reciclado&gt; bolsillo: MSL01 84 % poli\u00e9ster 16 % elastano<br \/>\n<b>Peso: <\/b>62<br \/>\n<b>Corte: <\/b>SLIM<\/p>\n<h3>Detalles:<\/h3>\n<p>+ detalles reflectantes<br \/>\n+ estampado por sublimaci\u00f3n inspirado en las carreras<br \/>\n+ bolsillo trasero de malla para guardar la prenda<br \/>\n+ panel trasero de tejido perforado para una mayor transpirabilidad<br \/>\n+ bolsillo interior en el pecho<\/p>\n<p>&nbsp;<\/p>\n","protected":false},"excerpt":{"rendered":"<ul>\n<li>Estampados reflectantes<\/li>\n<li>Cremallera frontal<\/li>\n<li>Cortavientos<\/li>\n<\/ul>\n","protected":false},"featured_media":240560,"template":"","meta":{"_acf_changed":false,"inline_featured_image":false},"product_brand":[],"product_cat":[24398,24401,24402],"product_tag":[23598,23640],"class_list":{"0":"post-285685","1":"product","2":"type-product","3":"status-publish","4":"has-post-thumbnail","6":"product_cat-chaquetas","7":"product_cat-ropa-de-mujer","8":"product_cat-mujer","9":"product_tag-la-sportiva-es","10":"product_tag-la-sportiva-mujer","11":"pa_attivita-caminar","12":"pa_attivita-outdoor-es","13":"pa_attivita-trail-es","14":"pa_colore-briza-windbreaker-vest-w-hibiscus-malibu-es","15":"pa_marca-la-sportiva-es","16":"pa_sesso-mujer","17":"pa_size-small-es","18":"pa_size-medium-es","20":"first","21":"instock","22":"sale","23":"taxable","24":"shipping-taxable","25":"purchasable","26":"product-type-variable","27":"wvs-archive-product-wrapper"},"acf":[],"yoast_head":"<!-- This site is optimized with the Yoast SEO plugin v26.8 - https:\/\/yoast.com\/product\/yoast-seo-wordpress\/ -->\n<title>La SportivaBriza Windbreaker Vest mujer - Chaleco de running - MioMioRun<\/title>\n<meta name=\"description\" content=\"El chaleco Blizzard Windbreaker para mujer es un chaleco de running plegable y transpirable, desarrollado en colaboraci\u00f3n con nuestros mejores atletas.\" \/>\n<meta name=\"robots\" content=\"index, follow, max-snippet:-1, max-image-preview:large, max-video-preview:-1\" \/>\n<link rel=\"canonical\" href=\"https:\/\/www.miomiorun.com\/es\/producto\/briza-windbreaker-vest-mujer\/\" \/>\n<meta property=\"og:locale\" content=\"es_ES\" \/>\n<meta property=\"og:type\" content=\"article\" \/>\n<meta property=\"og:title\" content=\"La SportivaBriza Windbreaker Vest mujer - Chaleco de running - MioMioRun\" \/>\n<meta property=\"og:description\" content=\"El chaleco Blizzard Windbreaker para mujer es un chaleco de running plegable y transpirable, desarrollado en colaboraci\u00f3n con nuestros mejores atletas.\" \/>\n<meta property=\"og:url\" content=\"https:\/\/www.miomiorun.com\/es\/producto\/briza-windbreaker-vest-mujer\/\" \/>\n<meta property=\"og:site_name\" content=\"MioMioRun\" \/>\n<meta property=\"article:publisher\" content=\"https:\/\/www.facebook.com\/miomiorun\/\" \/>\n<meta property=\"article:modified_time\" content=\"2026-04-23T09:19:04+00:00\" \/>\n<meta property=\"og:image\" content=\"https:\/\/www.miomiorun.com\/app\/uploads\/2023\/05\/la-sportiva-briza-windbreaker-vest-W-hibiscus-malibu-Q49402602.jpg\" \/>\n\t<meta property=\"og:image:width\" content=\"600\" \/>\n\t<meta property=\"og:image:height\" content=\"600\" \/>\n\t<meta property=\"og:image:type\" content=\"image\/jpeg\" \/>\n<meta name=\"twitter:card\" content=\"summary_large_image\" \/>\n<meta name=\"twitter:label1\" content=\"Est. reading time\" \/>\n\t<meta name=\"twitter:data1\" content=\"1 minute\" \/>\n<script type=\"application\/ld+json\" class=\"yoast-schema-graph\">{\"@context\":\"https:\/\/schema.org\",\"@graph\":[{\"@type\":\"WebPage\",\"@id\":\"https:\/\/www.miomiorun.com\/es\/producto\/briza-windbreaker-vest-mujer\/\",\"url\":\"https:\/\/www.miomiorun.com\/es\/producto\/briza-windbreaker-vest-mujer\/\",\"name\":\"La SportivaBriza Windbreaker Vest mujer - Chaleco de running - MioMioRun\",\"isPartOf\":{\"@id\":\"https:\/\/www.miomiorun.com\/es\/#website\"},\"primaryImageOfPage\":{\"@id\":\"https:\/\/www.miomiorun.com\/es\/producto\/briza-windbreaker-vest-mujer\/#primaryimage\"},\"image\":{\"@id\":\"https:\/\/www.miomiorun.com\/es\/producto\/briza-windbreaker-vest-mujer\/#primaryimage\"},\"thumbnailUrl\":\"https:\/\/www.miomiorun.com\/app\/uploads\/2023\/05\/la-sportiva-briza-windbreaker-vest-W-hibiscus-malibu-Q49402602.jpg\",\"datePublished\":\"2023-03-17T17:52:36+00:00\",\"dateModified\":\"2026-04-23T09:19:04+00:00\",\"description\":\"El chaleco Blizzard Windbreaker para mujer es un chaleco de running plegable y transpirable, desarrollado en colaboraci\u00f3n con nuestros mejores atletas.\",\"breadcrumb\":{\"@id\":\"https:\/\/www.miomiorun.com\/es\/producto\/briza-windbreaker-vest-mujer\/#breadcrumb\"},\"inLanguage\":\"es-ES\",\"potentialAction\":[{\"@type\":\"ReadAction\",\"target\":[\"https:\/\/www.miomiorun.com\/es\/producto\/briza-windbreaker-vest-mujer\/\"]}]},{\"@type\":\"ImageObject\",\"inLanguage\":\"es-ES\",\"@id\":\"https:\/\/www.miomiorun.com\/es\/producto\/briza-windbreaker-vest-mujer\/#primaryimage\",\"url\":\"https:\/\/www.miomiorun.com\/app\/uploads\/2023\/05\/la-sportiva-briza-windbreaker-vest-W-hibiscus-malibu-Q49402602.jpg\",\"contentUrl\":\"https:\/\/www.miomiorun.com\/app\/uploads\/2023\/05\/la-sportiva-briza-windbreaker-vest-W-hibiscus-malibu-Q49402602.jpg\",\"width\":600,\"height\":600,\"caption\":\"la-sportiva-briza-windbreaker-vest-W-hibiscus-malibu-Q49402602\"},{\"@type\":\"BreadcrumbList\",\"@id\":\"https:\/\/www.miomiorun.com\/es\/producto\/briza-windbreaker-vest-mujer\/#breadcrumb\",\"itemListElement\":[{\"@type\":\"ListItem\",\"position\":1,\"name\":\"Home\",\"item\":\"https:\/\/www.miomiorun.com\/es\/\"},{\"@type\":\"ListItem\",\"position\":2,\"name\":\"Shop\",\"item\":\"https:\/\/www.miomiorun.com\/shop\/\"},{\"@type\":\"ListItem\",\"position\":3,\"name\":\"Briza Windbreaker Vest mujer\"}]},{\"@type\":\"WebSite\",\"@id\":\"https:\/\/www.miomiorun.com\/es\/#website\",\"url\":\"https:\/\/www.miomiorun.com\/es\/\",\"name\":\"MioMioRun\",\"description\":\"Tienda 100% running y trail\",\"publisher\":{\"@id\":\"https:\/\/www.miomiorun.com\/es\/#organization\"},\"potentialAction\":[{\"@type\":\"SearchAction\",\"target\":{\"@type\":\"EntryPoint\",\"urlTemplate\":\"https:\/\/www.miomiorun.com\/es\/?s={search_term_string}\"},\"query-input\":{\"@type\":\"PropertyValueSpecification\",\"valueRequired\":true,\"valueName\":\"search_term_string\"}}],\"inLanguage\":\"es-ES\"},{\"@type\":\"Organization\",\"@id\":\"https:\/\/www.miomiorun.com\/es\/#organization\",\"name\":\"MioMio Run\",\"url\":\"https:\/\/www.miomiorun.com\/es\/\",\"logo\":{\"@type\":\"ImageObject\",\"inLanguage\":\"es-ES\",\"@id\":\"https:\/\/www.miomiorun.com\/es\/#\/schema\/logo\/image\/\",\"url\":\"https:\/\/www.miomiorun.com\/app\/uploads\/2019\/12\/logomio.png\",\"contentUrl\":\"https:\/\/www.miomiorun.com\/app\/uploads\/2019\/12\/logomio.png\",\"width\":115,\"height\":82,\"caption\":\"MioMio Run\"},\"image\":{\"@id\":\"https:\/\/www.miomiorun.com\/es\/#\/schema\/logo\/image\/\"},\"sameAs\":[\"https:\/\/www.facebook.com\/miomiorun\/\",\"https:\/\/www.instagram.com\/miomiorun\/\"]}]}<\/script>\n<!-- \/ Yoast SEO plugin. -->","yoast_head_json":{"title":"La SportivaBriza Windbreaker Vest mujer - Chaleco de running - MioMioRun","description":"El chaleco Blizzard Windbreaker para mujer es un chaleco de running plegable y transpirable, desarrollado en colaboraci\u00f3n con nuestros mejores atletas.","robots":{"index":"index","follow":"follow","max-snippet":"max-snippet:-1","max-image-preview":"max-image-preview:large","max-video-preview":"max-video-preview:-1"},"canonical":"https:\/\/www.miomiorun.com\/es\/producto\/briza-windbreaker-vest-mujer\/","og_locale":"es_ES","og_type":"article","og_title":"La SportivaBriza Windbreaker Vest mujer - Chaleco de running - MioMioRun","og_description":"El chaleco Blizzard Windbreaker para mujer es un chaleco de running plegable y transpirable, desarrollado en colaboraci\u00f3n con nuestros mejores atletas.","og_url":"https:\/\/www.miomiorun.com\/es\/producto\/briza-windbreaker-vest-mujer\/","og_site_name":"MioMioRun","article_publisher":"https:\/\/www.facebook.com\/miomiorun\/","article_modified_time":"2026-04-23T09:19:04+00:00","og_image":[{"width":600,"height":600,"url":"https:\/\/www.miomiorun.com\/app\/uploads\/2023\/05\/la-sportiva-briza-windbreaker-vest-W-hibiscus-malibu-Q49402602.jpg","type":"image\/jpeg"}],"twitter_card":"summary_large_image","twitter_misc":{"Est. reading time":"1 minute"},"schema":{"@context":"https:\/\/schema.org","@graph":[{"@type":"WebPage","@id":"https:\/\/www.miomiorun.com\/es\/producto\/briza-windbreaker-vest-mujer\/","url":"https:\/\/www.miomiorun.com\/es\/producto\/briza-windbreaker-vest-mujer\/","name":"La SportivaBriza Windbreaker Vest mujer - Chaleco de running - MioMioRun","isPartOf":{"@id":"https:\/\/www.miomiorun.com\/es\/#website"},"primaryImageOfPage":{"@id":"https:\/\/www.miomiorun.com\/es\/producto\/briza-windbreaker-vest-mujer\/#primaryimage"},"image":{"@id":"https:\/\/www.miomiorun.com\/es\/producto\/briza-windbreaker-vest-mujer\/#primaryimage"},"thumbnailUrl":"https:\/\/www.miomiorun.com\/app\/uploads\/2023\/05\/la-sportiva-briza-windbreaker-vest-W-hibiscus-malibu-Q49402602.jpg","datePublished":"2023-03-17T17:52:36+00:00","dateModified":"2026-04-23T09:19:04+00:00","description":"El chaleco Blizzard Windbreaker para mujer es un chaleco de running plegable y transpirable, desarrollado en colaboraci\u00f3n con nuestros mejores atletas.","breadcrumb":{"@id":"https:\/\/www.miomiorun.com\/es\/producto\/briza-windbreaker-vest-mujer\/#breadcrumb"},"inLanguage":"es-ES","potentialAction":[{"@type":"ReadAction","target":["https:\/\/www.miomiorun.com\/es\/producto\/briza-windbreaker-vest-mujer\/"]}]},{"@type":"ImageObject","inLanguage":"es-ES","@id":"https:\/\/www.miomiorun.com\/es\/producto\/briza-windbreaker-vest-mujer\/#primaryimage","url":"https:\/\/www.miomiorun.com\/app\/uploads\/2023\/05\/la-sportiva-briza-windbreaker-vest-W-hibiscus-malibu-Q49402602.jpg","contentUrl":"https:\/\/www.miomiorun.com\/app\/uploads\/2023\/05\/la-sportiva-briza-windbreaker-vest-W-hibiscus-malibu-Q49402602.jpg","width":600,"height":600,"caption":"la-sportiva-briza-windbreaker-vest-W-hibiscus-malibu-Q49402602"},{"@type":"BreadcrumbList","@id":"https:\/\/www.miomiorun.com\/es\/producto\/briza-windbreaker-vest-mujer\/#breadcrumb","itemListElement":[{"@type":"ListItem","position":1,"name":"Home","item":"https:\/\/www.miomiorun.com\/es\/"},{"@type":"ListItem","position":2,"name":"Shop","item":"https:\/\/www.miomiorun.com\/shop\/"},{"@type":"ListItem","position":3,"name":"Briza Windbreaker Vest mujer"}]},{"@type":"WebSite","@id":"https:\/\/www.miomiorun.com\/es\/#website","url":"https:\/\/www.miomiorun.com\/es\/","name":"MioMioRun","description":"Tienda 100% running y trail","publisher":{"@id":"https:\/\/www.miomiorun.com\/es\/#organization"},"potentialAction":[{"@type":"SearchAction","target":{"@type":"EntryPoint","urlTemplate":"https:\/\/www.miomiorun.com\/es\/?s={search_term_string}"},"query-input":{"@type":"PropertyValueSpecification","valueRequired":true,"valueName":"search_term_string"}}],"inLanguage":"es-ES"},{"@type":"Organization","@id":"https:\/\/www.miomiorun.com\/es\/#organization","name":"MioMio Run","url":"https:\/\/www.miomiorun.com\/es\/","logo":{"@type":"ImageObject","inLanguage":"es-ES","@id":"https:\/\/www.miomiorun.com\/es\/#\/schema\/logo\/image\/","url":"https:\/\/www.miomiorun.com\/app\/uploads\/2019\/12\/logomio.png","contentUrl":"https:\/\/www.miomiorun.com\/app\/uploads\/2019\/12\/logomio.png","width":115,"height":82,"caption":"MioMio Run"},"image":{"@id":"https:\/\/www.miomiorun.com\/es\/#\/schema\/logo\/image\/"},"sameAs":["https:\/\/www.facebook.com\/miomiorun\/","https:\/\/www.instagram.com\/miomiorun\/"]}]}},"_links":{"self":[{"href":"https:\/\/www.miomiorun.com\/es\/wp-json\/wp\/v2\/product\/285685","targetHints":{"allow":["GET"]}}],"collection":[{"href":"https:\/\/www.miomiorun.com\/es\/wp-json\/wp\/v2\/product"}],"about":[{"href":"https:\/\/www.miomiorun.com\/es\/wp-json\/wp\/v2\/types\/product"}],"wp:featuredmedia":[{"embeddable":true,"href":"https:\/\/www.miomiorun.com\/es\/wp-json\/wp\/v2\/media\/240560"}],"wp:attachment":[{"href":"https:\/\/www.miomiorun.com\/es\/wp-json\/wp\/v2\/media?parent=285685"}],"wp:term":[{"taxonomy":"product_brand","embeddable":true,"href":"https:\/\/www.miomiorun.com\/es\/wp-json\/wp\/v2\/product_brand?post=285685"},{"taxonomy":"product_cat","embeddable":true,"href":"https:\/\/www.miomiorun.com\/es\/wp-json\/wp\/v2\/product_cat?post=285685"},{"taxonomy":"product_tag","embeddable":true,"href":"https:\/\/www.miomiorun.com\/es\/wp-json\/wp\/v2\/product_tag?post=285685"}],"curies":[{"name":"wp","href":"https:\/\/api.w.org\/{rel}","templated":true}]}}