{"id":285578,"date":"2023-03-23T14:53:08","date_gmt":"2023-03-23T13:53:08","guid":{"rendered":"https:\/\/miomiorun.com\/prodotto\/sudden-short-donna\/"},"modified":"2026-05-06T17:22:58","modified_gmt":"2026-05-06T15:22:58","slug":"sudden-short-mujer","status":"publish","type":"product","link":"https:\/\/www.miomiorun.com\/es\/producto\/sudden-short-mujer\/","title":{"rendered":"Sudden Short mujer"},"content":{"rendered":"<p><strong>Sudden Short<\/strong> para mujer es un pantal\u00f3n corto de trail running que destaca lo esencial. Dise\u00f1ado para el rendimiento, su principal caracter\u00edstica es la ligereza. Confeccionado con un tejido de secado r\u00e1pido, cuenta con ajustes internos en la cintura y costuras planas que lo convierten en un producto c\u00f3modo y vers\u00e1til para disfrutar al m\u00e1ximo del placer de correr.<\/p>\n<h3>Informaci\u00f3n t\u00e9cnica:<\/h3>\n<p><img decoding=\"async\" class=\"img-responsive margin-bottom-sm\" src=\"https:\/\/www.lasportiva.com\/media\/techinfo_icons\/Breathability_75x75.png\"><\/p>\n<p><strong>Transpirabilidad:<\/strong><br \/>\nProductos altamente transpirables para un excelente confort clim\u00e1tico.<\/p>\n<p><img decoding=\"async\" class=\"img-responsive margin-bottom-sm\" src=\"https:\/\/www.lasportiva.com\/media\/techinfo_icons\/Stretch_75x75.png\"><\/p>\n<p><strong>Elasticidad:<\/strong><br \/>\nPrendas c\u00f3modas y reactivas que garantizan la m\u00e1xima libertad de movimiento.<\/p>\n<p><img decoding=\"async\" src=\"https:\/\/www.lasportiva.com\/media\/techinfo_icons\/Regular-Fit_75x75.png\"><\/p>\n<p><strong>Corte regular:<\/strong><br \/>\nCorte t\u00e9cnico y c\u00f3modo.<\/p>\n<p><img decoding=\"async\" class=\"img-responsive margin-bottom-sm\" src=\"https:\/\/www.lasportiva.com\/media\/techinfo_icons\/Lightweight_75x75.png\"><\/p>\n<p><strong>Ligereza:<\/strong><br \/>\nProductos que mantienen el peso al m\u00ednimo<\/p>\n<p><img decoding=\"async\" class=\"img-responsive margin-bottom-sm\" src=\"https:\/\/www.lasportiva.com\/media\/techinfo_icons\/Bluesign-product_2.075x75.png\"><\/p>\n<p>\u00bfQU\u00c9 ES EL SISTEMA BLUESIGN\u00ae? El sistema de certificaci\u00f3n \u00abBlueSign\u00ae system\u00bb certifica la sostenibilidad de toda la cadena de producci\u00f3n textil. Elimina las sustancias peligrosas para las personas y el medio ambiente desde el inicio del proceso de producci\u00f3n, estableciendo y controlando los est\u00e1ndares socioambientales y de eco-compatibilidad de todos los procesos productivos implicados a lo largo de la cadena de valor, garantizando al consumidor la compra de productos sostenibles. La Sportiva es miembro oficial de BlueSign\u00ae desde 2012: esto certifica que toda la cadena de producci\u00f3n textil cumple los criterios socioambientales promovidos por BlueSign\u00ae. Desde 2014\/15, La Sportiva fabrica adem\u00e1s productos totalmente certificados por BlueSign\u00ae, en los que se aplica la etiqueta oficial de BlueSign\u00ae product. \u00bfQU\u00c9 SIGNIFICA UN PRODUCTO CERTIFICADO BLUESIGN\u00ae? Un producto certificado BlueSign\u00ae garantiza el m\u00e1ximo nivel de seguridad para el consumidor en t\u00e9rminos de respeto socioambiental y certifica que el producto se ha obtenido con el menor impacto posible sobre el planeta y las personas, respetando los est\u00e1ndares de calidad aprobados por BlueSign\u00ae y utilizando recursos sostenibles a lo largo de toda la cadena de producci\u00f3n. Un producto BlueSign\u00ae es la prueba del compromiso de la empresa con la sostenibilidad del planeta.<\/p>\n<p><img decoding=\"async\" class=\"img-responsive margin-bottom-sm\" src=\"https:\/\/www.lasportiva.com\/media\/techinfo_icons\/L2_75x75.png\"><\/p>\n<p><strong>L2 &#8211; CAPA INTERMEDIA Y CAPA T\u00c9RMICA<\/strong><br \/>\nProporciona un mayor aislamiento t\u00e9rmico y favorece la transpiraci\u00f3n del sudor gracias a su elevada transpirabilidad.<\/p>\n<p><strong>Caracter\u00edsticas:<\/strong><\/p>\n<p>+ Extremadamente ligero<br \/>\n+ Costuras planas anti-rozaduras<br \/>\n+ Ajuste interno de la cintura<br \/>\n+ Secado r\u00e1pido<\/p>\n<p><b>Tejido:<\/b> Principal: (PW07) 86 % poli\u00e9ster, 14 % elastano<br \/>\n<b>Ajuste:<\/b>Regular<br \/>\n<b>Tallas:<\/b>S\/XXL (UE) &#8211; XS\/XL (EE. UU.)<br \/>\n<b>Peso:<\/b>130 g (L)<\/p>\n<p>&nbsp;<\/p>\n<p>&nbsp;<\/p>\n","protected":false},"excerpt":{"rendered":"<p>+ Extremadamente ligero<br \/>\n+ Costuras planas que evitan las rozaduras<br \/>\n+ Ajuste interno del contorno de la cintura<br \/>\n+ Secado r\u00e1pido<\/p>\n","protected":false},"featured_media":240524,"template":"","meta":{"_acf_changed":false,"inline_featured_image":false},"product_brand":[],"product_cat":[24395,24401,24402],"product_tag":[23598,23640],"class_list":{"0":"post-285578","1":"product","2":"type-product","3":"status-publish","4":"has-post-thumbnail","6":"product_cat-pantalones-cortos","7":"product_cat-ropa-de-mujer","8":"product_cat-mujer","9":"product_tag-la-sportiva-es","10":"product_tag-la-sportiva-mujer","11":"pa_attivita-caminar","12":"pa_attivita-trail-es","13":"pa_colore-sudden-short-w-green-banana-es","14":"pa_colore-sudden-short-w-redwood-chalk-es","15":"pa_colore-sudden-short-w-storm-blue-es","16":"pa_marca-la-sportiva-es","17":"pa_sesso-mujer","18":"pa_size-extra-small-es","19":"pa_size-small-es","20":"pa_size-medium-es","21":"pa_size-large-es","23":"first","24":"instock","25":"sale","26":"taxable","27":"shipping-taxable","28":"purchasable","29":"product-type-variable","30":"wvs-archive-product-wrapper"},"acf":[],"yoast_head":"<!-- This site is optimized with the Yoast SEO plugin v26.8 - https:\/\/yoast.com\/product\/yoast-seo-wordpress\/ -->\n<title>La Sportiva Sudden Short mujer - Pantalones cortos para mujer - MioMioRun<\/title>\n<meta name=\"description\" content=\"Los pantalones cortos Sudden Short para mujer son unos pantalones cortos de trail running que destacan lo esencial. Dise\u00f1ados para el rendimiento. Confeccionados en un tejido de secado r\u00e1pido\" \/>\n<meta name=\"robots\" content=\"index, follow, max-snippet:-1, max-image-preview:large, max-video-preview:-1\" \/>\n<link rel=\"canonical\" href=\"https:\/\/www.miomiorun.com\/es\/producto\/sudden-short-mujer\/\" \/>\n<meta property=\"og:locale\" content=\"es_ES\" \/>\n<meta property=\"og:type\" content=\"article\" \/>\n<meta property=\"og:title\" content=\"La Sportiva Sudden Short mujer - Pantalones cortos para mujer - MioMioRun\" \/>\n<meta property=\"og:description\" content=\"Los pantalones cortos Sudden Short para mujer son unos pantalones cortos de trail running que destacan lo esencial. Dise\u00f1ados para el rendimiento. Confeccionados en un tejido de secado r\u00e1pido\" \/>\n<meta property=\"og:url\" content=\"https:\/\/www.miomiorun.com\/es\/producto\/sudden-short-mujer\/\" \/>\n<meta property=\"og:site_name\" content=\"MioMioRun\" \/>\n<meta property=\"article:publisher\" content=\"https:\/\/www.facebook.com\/miomiorun\/\" \/>\n<meta property=\"article:modified_time\" content=\"2026-05-06T15:22:58+00:00\" \/>\n<meta property=\"og:image\" content=\"https:\/\/www.miomiorun.com\/app\/uploads\/2023\/05\/la-sportiva-sudden-short-W-green-banana-Q58728728.jpg\" \/>\n\t<meta property=\"og:image:width\" content=\"600\" \/>\n\t<meta property=\"og:image:height\" content=\"600\" \/>\n\t<meta property=\"og:image:type\" content=\"image\/jpeg\" \/>\n<meta name=\"twitter:card\" content=\"summary_large_image\" \/>\n<meta name=\"twitter:label1\" content=\"Est. reading time\" \/>\n\t<meta name=\"twitter:data1\" content=\"2 minutes\" \/>\n<script type=\"application\/ld+json\" class=\"yoast-schema-graph\">{\"@context\":\"https:\/\/schema.org\",\"@graph\":[{\"@type\":\"WebPage\",\"@id\":\"https:\/\/www.miomiorun.com\/es\/producto\/sudden-short-mujer\/\",\"url\":\"https:\/\/www.miomiorun.com\/es\/producto\/sudden-short-mujer\/\",\"name\":\"La Sportiva Sudden Short mujer - Pantalones cortos para mujer - MioMioRun\",\"isPartOf\":{\"@id\":\"https:\/\/www.miomiorun.com\/es\/#website\"},\"primaryImageOfPage\":{\"@id\":\"https:\/\/www.miomiorun.com\/es\/producto\/sudden-short-mujer\/#primaryimage\"},\"image\":{\"@id\":\"https:\/\/www.miomiorun.com\/es\/producto\/sudden-short-mujer\/#primaryimage\"},\"thumbnailUrl\":\"https:\/\/www.miomiorun.com\/app\/uploads\/2023\/05\/la-sportiva-sudden-short-W-green-banana-Q58728728.jpg\",\"datePublished\":\"2023-03-23T13:53:08+00:00\",\"dateModified\":\"2026-05-06T15:22:58+00:00\",\"description\":\"Los pantalones cortos Sudden Short para mujer son unos pantalones cortos de trail running que destacan lo esencial. Dise\u00f1ados para el rendimiento. Confeccionados en un tejido de secado r\u00e1pido\",\"breadcrumb\":{\"@id\":\"https:\/\/www.miomiorun.com\/es\/producto\/sudden-short-mujer\/#breadcrumb\"},\"inLanguage\":\"es-ES\",\"potentialAction\":[{\"@type\":\"ReadAction\",\"target\":[\"https:\/\/www.miomiorun.com\/es\/producto\/sudden-short-mujer\/\"]}]},{\"@type\":\"ImageObject\",\"inLanguage\":\"es-ES\",\"@id\":\"https:\/\/www.miomiorun.com\/es\/producto\/sudden-short-mujer\/#primaryimage\",\"url\":\"https:\/\/www.miomiorun.com\/app\/uploads\/2023\/05\/la-sportiva-sudden-short-W-green-banana-Q58728728.jpg\",\"contentUrl\":\"https:\/\/www.miomiorun.com\/app\/uploads\/2023\/05\/la-sportiva-sudden-short-W-green-banana-Q58728728.jpg\",\"width\":600,\"height\":600,\"caption\":\"la-sportiva-sudden-short-W-green-banana-Q58728728\"},{\"@type\":\"BreadcrumbList\",\"@id\":\"https:\/\/www.miomiorun.com\/es\/producto\/sudden-short-mujer\/#breadcrumb\",\"itemListElement\":[{\"@type\":\"ListItem\",\"position\":1,\"name\":\"Home\",\"item\":\"https:\/\/www.miomiorun.com\/es\/\"},{\"@type\":\"ListItem\",\"position\":2,\"name\":\"Shop\",\"item\":\"https:\/\/www.miomiorun.com\/shop\/\"},{\"@type\":\"ListItem\",\"position\":3,\"name\":\"Sudden Short mujer\"}]},{\"@type\":\"WebSite\",\"@id\":\"https:\/\/www.miomiorun.com\/es\/#website\",\"url\":\"https:\/\/www.miomiorun.com\/es\/\",\"name\":\"MioMioRun\",\"description\":\"Tienda 100% running y trail\",\"publisher\":{\"@id\":\"https:\/\/www.miomiorun.com\/es\/#organization\"},\"potentialAction\":[{\"@type\":\"SearchAction\",\"target\":{\"@type\":\"EntryPoint\",\"urlTemplate\":\"https:\/\/www.miomiorun.com\/es\/?s={search_term_string}\"},\"query-input\":{\"@type\":\"PropertyValueSpecification\",\"valueRequired\":true,\"valueName\":\"search_term_string\"}}],\"inLanguage\":\"es-ES\"},{\"@type\":\"Organization\",\"@id\":\"https:\/\/www.miomiorun.com\/es\/#organization\",\"name\":\"MioMio Run\",\"url\":\"https:\/\/www.miomiorun.com\/es\/\",\"logo\":{\"@type\":\"ImageObject\",\"inLanguage\":\"es-ES\",\"@id\":\"https:\/\/www.miomiorun.com\/es\/#\/schema\/logo\/image\/\",\"url\":\"https:\/\/www.miomiorun.com\/app\/uploads\/2019\/12\/logomio.png\",\"contentUrl\":\"https:\/\/www.miomiorun.com\/app\/uploads\/2019\/12\/logomio.png\",\"width\":115,\"height\":82,\"caption\":\"MioMio Run\"},\"image\":{\"@id\":\"https:\/\/www.miomiorun.com\/es\/#\/schema\/logo\/image\/\"},\"sameAs\":[\"https:\/\/www.facebook.com\/miomiorun\/\",\"https:\/\/www.instagram.com\/miomiorun\/\"]}]}<\/script>\n<!-- \/ Yoast SEO plugin. -->","yoast_head_json":{"title":"La Sportiva Sudden Short mujer - Pantalones cortos para mujer - MioMioRun","description":"Los pantalones cortos Sudden Short para mujer son unos pantalones cortos de trail running que destacan lo esencial. Dise\u00f1ados para el rendimiento. Confeccionados en un tejido de secado r\u00e1pido","robots":{"index":"index","follow":"follow","max-snippet":"max-snippet:-1","max-image-preview":"max-image-preview:large","max-video-preview":"max-video-preview:-1"},"canonical":"https:\/\/www.miomiorun.com\/es\/producto\/sudden-short-mujer\/","og_locale":"es_ES","og_type":"article","og_title":"La Sportiva Sudden Short mujer - Pantalones cortos para mujer - MioMioRun","og_description":"Los pantalones cortos Sudden Short para mujer son unos pantalones cortos de trail running que destacan lo esencial. Dise\u00f1ados para el rendimiento. Confeccionados en un tejido de secado r\u00e1pido","og_url":"https:\/\/www.miomiorun.com\/es\/producto\/sudden-short-mujer\/","og_site_name":"MioMioRun","article_publisher":"https:\/\/www.facebook.com\/miomiorun\/","article_modified_time":"2026-05-06T15:22:58+00:00","og_image":[{"width":600,"height":600,"url":"https:\/\/www.miomiorun.com\/app\/uploads\/2023\/05\/la-sportiva-sudden-short-W-green-banana-Q58728728.jpg","type":"image\/jpeg"}],"twitter_card":"summary_large_image","twitter_misc":{"Est. reading time":"2 minutes"},"schema":{"@context":"https:\/\/schema.org","@graph":[{"@type":"WebPage","@id":"https:\/\/www.miomiorun.com\/es\/producto\/sudden-short-mujer\/","url":"https:\/\/www.miomiorun.com\/es\/producto\/sudden-short-mujer\/","name":"La Sportiva Sudden Short mujer - Pantalones cortos para mujer - MioMioRun","isPartOf":{"@id":"https:\/\/www.miomiorun.com\/es\/#website"},"primaryImageOfPage":{"@id":"https:\/\/www.miomiorun.com\/es\/producto\/sudden-short-mujer\/#primaryimage"},"image":{"@id":"https:\/\/www.miomiorun.com\/es\/producto\/sudden-short-mujer\/#primaryimage"},"thumbnailUrl":"https:\/\/www.miomiorun.com\/app\/uploads\/2023\/05\/la-sportiva-sudden-short-W-green-banana-Q58728728.jpg","datePublished":"2023-03-23T13:53:08+00:00","dateModified":"2026-05-06T15:22:58+00:00","description":"Los pantalones cortos Sudden Short para mujer son unos pantalones cortos de trail running que destacan lo esencial. Dise\u00f1ados para el rendimiento. Confeccionados en un tejido de secado r\u00e1pido","breadcrumb":{"@id":"https:\/\/www.miomiorun.com\/es\/producto\/sudden-short-mujer\/#breadcrumb"},"inLanguage":"es-ES","potentialAction":[{"@type":"ReadAction","target":["https:\/\/www.miomiorun.com\/es\/producto\/sudden-short-mujer\/"]}]},{"@type":"ImageObject","inLanguage":"es-ES","@id":"https:\/\/www.miomiorun.com\/es\/producto\/sudden-short-mujer\/#primaryimage","url":"https:\/\/www.miomiorun.com\/app\/uploads\/2023\/05\/la-sportiva-sudden-short-W-green-banana-Q58728728.jpg","contentUrl":"https:\/\/www.miomiorun.com\/app\/uploads\/2023\/05\/la-sportiva-sudden-short-W-green-banana-Q58728728.jpg","width":600,"height":600,"caption":"la-sportiva-sudden-short-W-green-banana-Q58728728"},{"@type":"BreadcrumbList","@id":"https:\/\/www.miomiorun.com\/es\/producto\/sudden-short-mujer\/#breadcrumb","itemListElement":[{"@type":"ListItem","position":1,"name":"Home","item":"https:\/\/www.miomiorun.com\/es\/"},{"@type":"ListItem","position":2,"name":"Shop","item":"https:\/\/www.miomiorun.com\/shop\/"},{"@type":"ListItem","position":3,"name":"Sudden Short mujer"}]},{"@type":"WebSite","@id":"https:\/\/www.miomiorun.com\/es\/#website","url":"https:\/\/www.miomiorun.com\/es\/","name":"MioMioRun","description":"Tienda 100% running y trail","publisher":{"@id":"https:\/\/www.miomiorun.com\/es\/#organization"},"potentialAction":[{"@type":"SearchAction","target":{"@type":"EntryPoint","urlTemplate":"https:\/\/www.miomiorun.com\/es\/?s={search_term_string}"},"query-input":{"@type":"PropertyValueSpecification","valueRequired":true,"valueName":"search_term_string"}}],"inLanguage":"es-ES"},{"@type":"Organization","@id":"https:\/\/www.miomiorun.com\/es\/#organization","name":"MioMio Run","url":"https:\/\/www.miomiorun.com\/es\/","logo":{"@type":"ImageObject","inLanguage":"es-ES","@id":"https:\/\/www.miomiorun.com\/es\/#\/schema\/logo\/image\/","url":"https:\/\/www.miomiorun.com\/app\/uploads\/2019\/12\/logomio.png","contentUrl":"https:\/\/www.miomiorun.com\/app\/uploads\/2019\/12\/logomio.png","width":115,"height":82,"caption":"MioMio Run"},"image":{"@id":"https:\/\/www.miomiorun.com\/es\/#\/schema\/logo\/image\/"},"sameAs":["https:\/\/www.facebook.com\/miomiorun\/","https:\/\/www.instagram.com\/miomiorun\/"]}]}},"_links":{"self":[{"href":"https:\/\/www.miomiorun.com\/es\/wp-json\/wp\/v2\/product\/285578","targetHints":{"allow":["GET"]}}],"collection":[{"href":"https:\/\/www.miomiorun.com\/es\/wp-json\/wp\/v2\/product"}],"about":[{"href":"https:\/\/www.miomiorun.com\/es\/wp-json\/wp\/v2\/types\/product"}],"wp:featuredmedia":[{"embeddable":true,"href":"https:\/\/www.miomiorun.com\/es\/wp-json\/wp\/v2\/media\/240524"}],"wp:attachment":[{"href":"https:\/\/www.miomiorun.com\/es\/wp-json\/wp\/v2\/media?parent=285578"}],"wp:term":[{"taxonomy":"product_brand","embeddable":true,"href":"https:\/\/www.miomiorun.com\/es\/wp-json\/wp\/v2\/product_brand?post=285578"},{"taxonomy":"product_cat","embeddable":true,"href":"https:\/\/www.miomiorun.com\/es\/wp-json\/wp\/v2\/product_cat?post=285578"},{"taxonomy":"product_tag","embeddable":true,"href":"https:\/\/www.miomiorun.com\/es\/wp-json\/wp\/v2\/product_tag?post=285578"}],"curies":[{"name":"wp","href":"https:\/\/api.w.org\/{rel}","templated":true}]}}