{"id":285448,"date":"2023-03-30T12:02:43","date_gmt":"2023-03-30T10:02:43","guid":{"rendered":"https:\/\/miomiorun.com\/prodotto\/transport-donna\/"},"modified":"2026-03-04T15:59:57","modified_gmt":"2026-03-04T14:59:57","slug":"transport-mujer","status":"publish","type":"product","link":"https:\/\/www.miomiorun.com\/es\/producto\/transport-mujer\/","title":{"rendered":"Transport mujer"},"content":{"rendered":"<p><div class=\"vc-row container\"><div class=\"vc-column\"><div class=\"vc-column-text\"><\/p>\n<p><strong>Especificaciones t\u00e9cnicas<\/strong><\/p>\n<p>Categor\u00eda: amortiguaci\u00f3n superior.<br \/>\nOffset: 5 mm.<br \/>\nPeso: 258 g.<br \/>\nIdeal para: ideal para quienes buscan un calzado para el d\u00eda a d\u00eda y para los amantes de los paseos por la ciudad, que buscan un modelo ligero, bien amortiguado y protector, capaz de transmitir el m\u00e1ximo confort incluso en distancias prolongadas.<br \/>\nPeso del atleta: 70-80 kg<\/p>\n<p><a href=\"https:\/\/miomiorun.com\/es\/guia-especifica\/\">Gu\u00eda de especificaciones t\u00e9cnicas<\/a><\/p>\n<p><\/div><div style=\"height:32px\" class=\"vc-empty-space\"><\/div><div class=\"vc-column-text\"><\/p>\n<div style=\"width: 1080px;\" class=\"wp-video\"><video class=\"wp-video-shortcode\" id=\"video-285448-1\" width=\"1080\" height=\"1080\" loop autoplay preload=\"metadata\" controls=\"controls\"><source type=\"video\/mp4\" src=\"https:\/\/miomiorun.com\/wp-content\/uploads\/2023\/03\/1123154-RWMV.mp4?_=1\" \/><a href=\"https:\/\/miomiorun.com\/wp-content\/uploads\/2023\/03\/1123154-RWMV.mp4\">https:\/\/miomiorun.com\/wp-content\/uploads\/2023\/03\/1123154-RWMV.mp4<\/a><\/video><\/div>\n<p><\/div><\/div><div class=\"vc-column\"><div class=\"vc-column-text\"><\/p>\n<h3>Caracter\u00edsticas de alto rendimiento. Estilo urbano. Creado para ser elegante y de alto rendimiento, este modelo din\u00e1mico presenta una suela, una entresuela y una parte superior sostenibles.<br \/>\nDise\u00f1ado para quienes viven en la ciudad, el modelo Transport para mujer cuenta con una entresuela de EVA con un 30 % de ca\u00f1a de az\u00facar, suela Vibram\u00ae EcoStep Natural con un 90 % de componentes no derivados del petr\u00f3leo y parte superior de Cordura\u00ae RE\/CORE\u2122 con un 100 % de rPET. Otras caracter\u00edsticas son el sistema de cierre r\u00e1pido y la superficie reflectante de 360\u00b0.<\/p>\n<p><strong>Caracter\u00edsticas:<\/strong><\/p>\n<ul class=\"features-container\">\n<li class=\"feature-item\">Cierre r\u00e1pido<\/li>\n<li class=\"feature-item\">Reflectante de 360\u00b0<\/li>\n<li class=\"feature-item\">Parte superior de tejido Cordura\u00ae resistente a la abrasi\u00f3n<\/li>\n<li class=\"feature-item\">Entresuela de EVA de ca\u00f1a de az\u00facar al 30 % moldeada por compresi\u00f3n<\/li>\n<li class=\"feature-item\">Suela Vibram\u00ae EcoStep Natural<\/li>\n<\/ul>\n<p><strong>Estabilidad<\/strong><\/p>\n<p>Transport cuenta con una plantilla acolchada sim\u00e9trica, sin tecnolog\u00edas ortop\u00e9dicas adicionales. Dise\u00f1ada para ofrecerte el apoyo que necesitas, sin caracter\u00edsticas superfluas.<strong><br \/>\n<\/strong><\/p>\n<p><strong>Amortiguaci\u00f3n<\/strong><\/p>\n<p>Transport est\u00e1 dise\u00f1ada para ofrecer una amortiguaci\u00f3n protectora, al tiempo que mantiene un impulso reactivo cuando deseas aumentar la velocidad.<\/p>\n<h2 class=\"head-40-heavy\" style=\"text-align: center\">Te encantar\u00e1 porque<\/h2>\n<h3 class=\"phrase-title body-24-book\" style=\"text-align: center\">Cierre r\u00e1pido<\/h3>\n<div class=\"phrase-caption\" style=\"text-align: center\">Dise\u00f1ado para pon\u00e9rselo y quit\u00e1rselo f\u00e1cilmente<\/div>\n<h3 class=\"phrase-title body-24-book\" style=\"text-align: center\">Reflectante en 360\u00b0<\/h3>\n<div class=\"phrase-caption\" style=\"text-align: center\">Proporciona una mayor visibilidad<\/div>\n<h3 class=\"phrase-title body-24-book\" style=\"text-align: center\">Parte superior de tejido Cordura\u00ae resistente a la abrasi\u00f3n<\/h3>\n<div class=\"phrase-caption\" style=\"text-align: center\">Ofrece una protecci\u00f3n superior contra los ara\u00f1azos<\/div>\n<h3 class=\"phrase-title body-24-book\" style=\"text-align: center\">Entresuela de EVA de ca\u00f1a de az\u00facar al 30 % moldeada por compresi\u00f3n<\/h3>\n<div class=\"phrase-caption\" style=\"text-align: center\">Ofrece una amortiguaci\u00f3n sostenible<\/div>\n<h3 class=\"phrase-title body-24-book\" style=\"text-align: center\">Suela Vibram\u00ae EcoStep Natural<\/h3>\n<div class=\"phrase-caption\" style=\"text-align: center\">Garantiza rendimiento y resistencia con un 90 % de ingredientes no derivados del petr\u00f3leo y un 100 % de pigmentos naturales<\/div>\n<p><\/div><\/div><\/div><\/h3>\n","protected":false},"excerpt":{"rendered":"<ul class=\"features-container\">\n<li class=\"feature-item\">Cierre r\u00e1pido<\/li>\n<li class=\"feature-item\">Reflector de 360\u00b0<\/li>\n<li class=\"feature-item\">Parte superior en tejido Cordura\u00ae resistente a la abrasi\u00f3n<\/li>\n<\/ul>\n","protected":false},"featured_media":240886,"template":"","meta":{"_acf_changed":false,"inline_featured_image":false},"product_brand":[],"product_cat":[24415,24414],"product_tag":[23479,23645],"class_list":{"0":"post-285448","1":"product","2":"type-product","3":"status-publish","4":"has-post-thumbnail","6":"product_cat-calzado-de-mujer","7":"product_cat-neutre-es-2","8":"product_tag-hoka-one-one-es","9":"product_tag-hoka-mujer","10":"pa_attivita-caminar","11":"pa_colore-transport-w-black-alabaster-es","12":"pa_colore-transport-w-classic-mauve-dawn-light-es","13":"pa_colore-transport-w-squid-ink-sea-glass-es","14":"pa_marca-hoka-es","15":"pa_sesso-mujer","16":"pa_size-37-es","17":"pa_size-38-es","18":"pa_size-39-es","19":"pa_size-40-es","21":"first","22":"instock","23":"sale","24":"taxable","25":"shipping-taxable","26":"purchasable","27":"product-type-variable","28":"wvs-archive-product-wrapper"},"acf":[],"yoast_head":"<!-- This site is optimized with the Yoast SEO plugin v26.8 - https:\/\/yoast.com\/product\/yoast-seo-wordpress\/ -->\n<title>Hoka One One Transport mujer - zapatillas de trail - MioMioRun.com<\/title>\n<meta name=\"description\" content=\"Transport para mujer tiene una entresuela de EVA con un 30 % de ca\u00f1a de az\u00facar y suela Vibram\u00ae EcoStep Natural con un 90 % de componentes no derivados del petr\u00f3leo.\" \/>\n<meta name=\"robots\" content=\"index, follow, max-snippet:-1, max-image-preview:large, max-video-preview:-1\" \/>\n<link rel=\"canonical\" href=\"https:\/\/www.miomiorun.com\/es\/producto\/transport-mujer\/\" \/>\n<meta property=\"og:locale\" content=\"es_ES\" \/>\n<meta property=\"og:type\" content=\"article\" \/>\n<meta property=\"og:title\" content=\"Hoka One One Transport mujer - zapatillas de trail - MioMioRun.com\" \/>\n<meta property=\"og:description\" content=\"Transport para mujer tiene una entresuela de EVA con un 30 % de ca\u00f1a de az\u00facar y suela Vibram\u00ae EcoStep Natural con un 90 % de componentes no derivados del petr\u00f3leo.\" \/>\n<meta property=\"og:url\" content=\"https:\/\/www.miomiorun.com\/es\/producto\/transport-mujer\/\" \/>\n<meta property=\"og:site_name\" content=\"MioMioRun\" \/>\n<meta property=\"article:publisher\" content=\"https:\/\/www.facebook.com\/miomiorun\/\" \/>\n<meta property=\"article:modified_time\" content=\"2026-03-04T14:59:57+00:00\" \/>\n<meta property=\"og:image\" content=\"https:\/\/www.miomiorun.com\/app\/uploads\/2023\/05\/hoka-one-one-trasport-W-raisin-wistful-mauve-1123154-RWMV.jpg\" \/>\n\t<meta property=\"og:image:width\" content=\"600\" \/>\n\t<meta property=\"og:image:height\" content=\"600\" \/>\n\t<meta property=\"og:image:type\" content=\"image\/jpeg\" \/>\n<meta name=\"twitter:card\" content=\"summary_large_image\" \/>\n<meta name=\"twitter:label1\" content=\"Est. reading time\" \/>\n\t<meta name=\"twitter:data1\" content=\"2 minutes\" \/>\n<script type=\"application\/ld+json\" class=\"yoast-schema-graph\">{\"@context\":\"https:\/\/schema.org\",\"@graph\":[{\"@type\":\"WebPage\",\"@id\":\"https:\/\/www.miomiorun.com\/es\/producto\/transport-mujer\/\",\"url\":\"https:\/\/www.miomiorun.com\/es\/producto\/transport-mujer\/\",\"name\":\"Hoka One One Transport mujer - zapatillas de trail - MioMioRun.com\",\"isPartOf\":{\"@id\":\"https:\/\/www.miomiorun.com\/es\/#website\"},\"primaryImageOfPage\":{\"@id\":\"https:\/\/www.miomiorun.com\/es\/producto\/transport-mujer\/#primaryimage\"},\"image\":{\"@id\":\"https:\/\/www.miomiorun.com\/es\/producto\/transport-mujer\/#primaryimage\"},\"thumbnailUrl\":\"https:\/\/www.miomiorun.com\/app\/uploads\/2023\/05\/hoka-one-one-trasport-W-raisin-wistful-mauve-1123154-RWMV.jpg\",\"datePublished\":\"2023-03-30T10:02:43+00:00\",\"dateModified\":\"2026-03-04T14:59:57+00:00\",\"description\":\"Transport para mujer tiene una entresuela de EVA con un 30 % de ca\u00f1a de az\u00facar y suela Vibram\u00ae EcoStep Natural con un 90 % de componentes no derivados del petr\u00f3leo.\",\"breadcrumb\":{\"@id\":\"https:\/\/www.miomiorun.com\/es\/producto\/transport-mujer\/#breadcrumb\"},\"inLanguage\":\"es-ES\",\"potentialAction\":[{\"@type\":\"ReadAction\",\"target\":[\"https:\/\/www.miomiorun.com\/es\/producto\/transport-mujer\/\"]}]},{\"@type\":\"ImageObject\",\"inLanguage\":\"es-ES\",\"@id\":\"https:\/\/www.miomiorun.com\/es\/producto\/transport-mujer\/#primaryimage\",\"url\":\"https:\/\/www.miomiorun.com\/app\/uploads\/2023\/05\/hoka-one-one-trasport-W-raisin-wistful-mauve-1123154-RWMV.jpg\",\"contentUrl\":\"https:\/\/www.miomiorun.com\/app\/uploads\/2023\/05\/hoka-one-one-trasport-W-raisin-wistful-mauve-1123154-RWMV.jpg\",\"width\":600,\"height\":600,\"caption\":\"hoka-one-one-trasport-W-raisin-wistful-mauve-1123154-RWMV\"},{\"@type\":\"BreadcrumbList\",\"@id\":\"https:\/\/www.miomiorun.com\/es\/producto\/transport-mujer\/#breadcrumb\",\"itemListElement\":[{\"@type\":\"ListItem\",\"position\":1,\"name\":\"Home\",\"item\":\"https:\/\/www.miomiorun.com\/es\/\"},{\"@type\":\"ListItem\",\"position\":2,\"name\":\"Shop\",\"item\":\"https:\/\/www.miomiorun.com\/shop\/\"},{\"@type\":\"ListItem\",\"position\":3,\"name\":\"Transport mujer\"}]},{\"@type\":\"WebSite\",\"@id\":\"https:\/\/www.miomiorun.com\/es\/#website\",\"url\":\"https:\/\/www.miomiorun.com\/es\/\",\"name\":\"MioMioRun\",\"description\":\"Tienda 100% running y trail\",\"publisher\":{\"@id\":\"https:\/\/www.miomiorun.com\/es\/#organization\"},\"potentialAction\":[{\"@type\":\"SearchAction\",\"target\":{\"@type\":\"EntryPoint\",\"urlTemplate\":\"https:\/\/www.miomiorun.com\/es\/?s={search_term_string}\"},\"query-input\":{\"@type\":\"PropertyValueSpecification\",\"valueRequired\":true,\"valueName\":\"search_term_string\"}}],\"inLanguage\":\"es-ES\"},{\"@type\":\"Organization\",\"@id\":\"https:\/\/www.miomiorun.com\/es\/#organization\",\"name\":\"MioMio Run\",\"url\":\"https:\/\/www.miomiorun.com\/es\/\",\"logo\":{\"@type\":\"ImageObject\",\"inLanguage\":\"es-ES\",\"@id\":\"https:\/\/www.miomiorun.com\/es\/#\/schema\/logo\/image\/\",\"url\":\"https:\/\/www.miomiorun.com\/app\/uploads\/2019\/12\/logomio.png\",\"contentUrl\":\"https:\/\/www.miomiorun.com\/app\/uploads\/2019\/12\/logomio.png\",\"width\":115,\"height\":82,\"caption\":\"MioMio Run\"},\"image\":{\"@id\":\"https:\/\/www.miomiorun.com\/es\/#\/schema\/logo\/image\/\"},\"sameAs\":[\"https:\/\/www.facebook.com\/miomiorun\/\",\"https:\/\/www.instagram.com\/miomiorun\/\"]}]}<\/script>\n<!-- \/ Yoast SEO plugin. -->","yoast_head_json":{"title":"Hoka One One Transport mujer - zapatillas de trail - MioMioRun.com","description":"Transport para mujer tiene una entresuela de EVA con un 30 % de ca\u00f1a de az\u00facar y suela Vibram\u00ae EcoStep Natural con un 90 % de componentes no derivados del petr\u00f3leo.","robots":{"index":"index","follow":"follow","max-snippet":"max-snippet:-1","max-image-preview":"max-image-preview:large","max-video-preview":"max-video-preview:-1"},"canonical":"https:\/\/www.miomiorun.com\/es\/producto\/transport-mujer\/","og_locale":"es_ES","og_type":"article","og_title":"Hoka One One Transport mujer - zapatillas de trail - MioMioRun.com","og_description":"Transport para mujer tiene una entresuela de EVA con un 30 % de ca\u00f1a de az\u00facar y suela Vibram\u00ae EcoStep Natural con un 90 % de componentes no derivados del petr\u00f3leo.","og_url":"https:\/\/www.miomiorun.com\/es\/producto\/transport-mujer\/","og_site_name":"MioMioRun","article_publisher":"https:\/\/www.facebook.com\/miomiorun\/","article_modified_time":"2026-03-04T14:59:57+00:00","og_image":[{"width":600,"height":600,"url":"https:\/\/www.miomiorun.com\/app\/uploads\/2023\/05\/hoka-one-one-trasport-W-raisin-wistful-mauve-1123154-RWMV.jpg","type":"image\/jpeg"}],"twitter_card":"summary_large_image","twitter_misc":{"Est. reading time":"2 minutes"},"schema":{"@context":"https:\/\/schema.org","@graph":[{"@type":"WebPage","@id":"https:\/\/www.miomiorun.com\/es\/producto\/transport-mujer\/","url":"https:\/\/www.miomiorun.com\/es\/producto\/transport-mujer\/","name":"Hoka One One Transport mujer - zapatillas de trail - MioMioRun.com","isPartOf":{"@id":"https:\/\/www.miomiorun.com\/es\/#website"},"primaryImageOfPage":{"@id":"https:\/\/www.miomiorun.com\/es\/producto\/transport-mujer\/#primaryimage"},"image":{"@id":"https:\/\/www.miomiorun.com\/es\/producto\/transport-mujer\/#primaryimage"},"thumbnailUrl":"https:\/\/www.miomiorun.com\/app\/uploads\/2023\/05\/hoka-one-one-trasport-W-raisin-wistful-mauve-1123154-RWMV.jpg","datePublished":"2023-03-30T10:02:43+00:00","dateModified":"2026-03-04T14:59:57+00:00","description":"Transport para mujer tiene una entresuela de EVA con un 30 % de ca\u00f1a de az\u00facar y suela Vibram\u00ae EcoStep Natural con un 90 % de componentes no derivados del petr\u00f3leo.","breadcrumb":{"@id":"https:\/\/www.miomiorun.com\/es\/producto\/transport-mujer\/#breadcrumb"},"inLanguage":"es-ES","potentialAction":[{"@type":"ReadAction","target":["https:\/\/www.miomiorun.com\/es\/producto\/transport-mujer\/"]}]},{"@type":"ImageObject","inLanguage":"es-ES","@id":"https:\/\/www.miomiorun.com\/es\/producto\/transport-mujer\/#primaryimage","url":"https:\/\/www.miomiorun.com\/app\/uploads\/2023\/05\/hoka-one-one-trasport-W-raisin-wistful-mauve-1123154-RWMV.jpg","contentUrl":"https:\/\/www.miomiorun.com\/app\/uploads\/2023\/05\/hoka-one-one-trasport-W-raisin-wistful-mauve-1123154-RWMV.jpg","width":600,"height":600,"caption":"hoka-one-one-trasport-W-raisin-wistful-mauve-1123154-RWMV"},{"@type":"BreadcrumbList","@id":"https:\/\/www.miomiorun.com\/es\/producto\/transport-mujer\/#breadcrumb","itemListElement":[{"@type":"ListItem","position":1,"name":"Home","item":"https:\/\/www.miomiorun.com\/es\/"},{"@type":"ListItem","position":2,"name":"Shop","item":"https:\/\/www.miomiorun.com\/shop\/"},{"@type":"ListItem","position":3,"name":"Transport mujer"}]},{"@type":"WebSite","@id":"https:\/\/www.miomiorun.com\/es\/#website","url":"https:\/\/www.miomiorun.com\/es\/","name":"MioMioRun","description":"Tienda 100% running y trail","publisher":{"@id":"https:\/\/www.miomiorun.com\/es\/#organization"},"potentialAction":[{"@type":"SearchAction","target":{"@type":"EntryPoint","urlTemplate":"https:\/\/www.miomiorun.com\/es\/?s={search_term_string}"},"query-input":{"@type":"PropertyValueSpecification","valueRequired":true,"valueName":"search_term_string"}}],"inLanguage":"es-ES"},{"@type":"Organization","@id":"https:\/\/www.miomiorun.com\/es\/#organization","name":"MioMio Run","url":"https:\/\/www.miomiorun.com\/es\/","logo":{"@type":"ImageObject","inLanguage":"es-ES","@id":"https:\/\/www.miomiorun.com\/es\/#\/schema\/logo\/image\/","url":"https:\/\/www.miomiorun.com\/app\/uploads\/2019\/12\/logomio.png","contentUrl":"https:\/\/www.miomiorun.com\/app\/uploads\/2019\/12\/logomio.png","width":115,"height":82,"caption":"MioMio Run"},"image":{"@id":"https:\/\/www.miomiorun.com\/es\/#\/schema\/logo\/image\/"},"sameAs":["https:\/\/www.facebook.com\/miomiorun\/","https:\/\/www.instagram.com\/miomiorun\/"]}]}},"_links":{"self":[{"href":"https:\/\/www.miomiorun.com\/es\/wp-json\/wp\/v2\/product\/285448","targetHints":{"allow":["GET"]}}],"collection":[{"href":"https:\/\/www.miomiorun.com\/es\/wp-json\/wp\/v2\/product"}],"about":[{"href":"https:\/\/www.miomiorun.com\/es\/wp-json\/wp\/v2\/types\/product"}],"wp:featuredmedia":[{"embeddable":true,"href":"https:\/\/www.miomiorun.com\/es\/wp-json\/wp\/v2\/media\/240886"}],"wp:attachment":[{"href":"https:\/\/www.miomiorun.com\/es\/wp-json\/wp\/v2\/media?parent=285448"}],"wp:term":[{"taxonomy":"product_brand","embeddable":true,"href":"https:\/\/www.miomiorun.com\/es\/wp-json\/wp\/v2\/product_brand?post=285448"},{"taxonomy":"product_cat","embeddable":true,"href":"https:\/\/www.miomiorun.com\/es\/wp-json\/wp\/v2\/product_cat?post=285448"},{"taxonomy":"product_tag","embeddable":true,"href":"https:\/\/www.miomiorun.com\/es\/wp-json\/wp\/v2\/product_tag?post=285448"}],"curies":[{"name":"wp","href":"https:\/\/api.w.org\/{rel}","templated":true}]}}