{"id":285358,"date":"2023-04-05T18:32:23","date_gmt":"2023-04-05T16:32:23","guid":{"rendered":"https:\/\/miomiorun.com\/prodotto\/pull-wonder-magic-light-donna\/"},"modified":"2026-05-06T17:29:01","modified_gmt":"2026-05-06T15:29:01","slug":"pull-wonder-magic-light-mujer","status":"publish","type":"product","link":"https:\/\/www.miomiorun.com\/es\/producto\/pull-wonder-magic-light-mujer\/","title":{"rendered":"Pull Wonder Magic Light mujer"},"content":{"rendered":"<div class=\"single-product-description\">\n<div class=\"single-product-description\">\n<div class=\"single-product-description\">\n<p>Es caracter\u00edstico de Crazy ofrecer prendas confeccionadas con tejidos t\u00e9cnicos, combinadas con una selecci\u00f3n de estampados y colores poco comunes;<\/p>\n<p>el <strong>jersey Wonder Magic Light<\/strong> para mujer, aunque fue creado para actividades al aire libre de baja intensidad, tambi\u00e9n responde perfectamente a las necesidades de comodidad y estilo moderno en las actividades cotidianas. La confecci\u00f3n con el tejido t\u00e9cnico HP garantiza una regulaci\u00f3n t\u00e9rmica adecuada, mientras que el estampado integral lo diferencia de todos los dem\u00e1s jerseys del mundo del aire libre.<\/p>\n<p><strong>Caracter\u00edsticas:<\/strong><\/p>\n<ul>\n<li>Cremallera completa divisible<\/li>\n<li>Ribete el\u00e1stico en el bajo de la manga<\/li>\n<li>Dos bolsillos para las manos con cierre de cremallera<\/li>\n<\/ul>\n<\/div>\n<\/div>\n<\/div>\n","protected":false},"excerpt":{"rendered":"<ul>\n<li>Cremallera completa separable<\/li>\n<li>El\u00e1stico en el bajo de la manga<\/li>\n<li>Dos bolsillos laterales con cremallera<\/li>\n<\/ul>\n","protected":false},"featured_media":432214,"template":"","meta":{"_acf_changed":false,"inline_featured_image":false},"product_brand":[],"product_cat":[24396,24401],"product_tag":[23488,23646],"class_list":{"0":"post-285358","1":"product","2":"type-product","3":"status-publish","4":"has-post-thumbnail","6":"product_cat-camisetas","7":"product_cat-ropa-de-mujer","8":"product_tag-crazy-idea-es","9":"product_tag-crazy-idea-mujer","10":"pa_attivita-caminar","11":"pa_attivita-outdoor-es","12":"pa_colore-pull-wonder-magic-light-w-crazy-wave-es","13":"pa_colore-pull-wonder-magic-light-w-print-alpin-fl","14":"pa_colore-pull-wonder-magic-light-w-print-tattoo-es","15":"pa_colore-pull-wonder-magic-light-w-wild-garden","16":"pa_marca-crazy-idea-es","17":"pa_sesso-mujer","18":"pa_size-extra-small-es","19":"pa_size-small-es","20":"pa_size-medium-es","21":"pa_size-large-es","23":"first","24":"instock","25":"sale","26":"taxable","27":"shipping-taxable","28":"purchasable","29":"product-type-variable","30":"wvs-archive-product-wrapper"},"acf":[],"yoast_head":"<!-- This site is optimized with the Yoast SEO plugin v26.8 - https:\/\/yoast.com\/product\/yoast-seo-wordpress\/ -->\n<title>Crazy Idea Pull Wonder Magic Light mujer - Jersey - MioMioRun<\/title>\n<meta name=\"description\" content=\"Aunque est\u00e1 dise\u00f1ada para actividades al aire libre de baja intensidad, tambi\u00e9n satisface perfectamente las necesidades de comodidad\" \/>\n<meta name=\"robots\" content=\"index, follow, max-snippet:-1, max-image-preview:large, max-video-preview:-1\" \/>\n<link rel=\"canonical\" href=\"https:\/\/www.miomiorun.com\/es\/producto\/pull-wonder-magic-light-mujer\/\" \/>\n<meta property=\"og:locale\" content=\"es_ES\" \/>\n<meta property=\"og:type\" content=\"article\" \/>\n<meta property=\"og:title\" content=\"Crazy Idea Pull Wonder Magic Light mujer - Jersey - MioMioRun\" \/>\n<meta property=\"og:description\" content=\"Aunque est\u00e1 dise\u00f1ada para actividades al aire libre de baja intensidad, tambi\u00e9n satisface perfectamente las necesidades de comodidad\" \/>\n<meta property=\"og:url\" content=\"https:\/\/www.miomiorun.com\/es\/producto\/pull-wonder-magic-light-mujer\/\" \/>\n<meta property=\"og:site_name\" content=\"MioMioRun\" \/>\n<meta property=\"article:publisher\" content=\"https:\/\/www.facebook.com\/miomiorun\/\" \/>\n<meta property=\"article:modified_time\" content=\"2026-05-06T15:29:01+00:00\" \/>\n<meta property=\"og:image\" content=\"https:\/\/www.miomiorun.com\/app\/uploads\/2026\/04\/crazy-Pull-wonder-magic-light-W-wild-garden-S26025118D-00X135.webp\" \/>\n\t<meta property=\"og:image:width\" content=\"720\" \/>\n\t<meta property=\"og:image:height\" content=\"720\" \/>\n\t<meta property=\"og:image:type\" content=\"image\/webp\" \/>\n<meta name=\"twitter:card\" content=\"summary_large_image\" \/>\n<meta name=\"twitter:label1\" content=\"Est. reading time\" \/>\n\t<meta name=\"twitter:data1\" content=\"1 minute\" \/>\n<script type=\"application\/ld+json\" class=\"yoast-schema-graph\">{\"@context\":\"https:\/\/schema.org\",\"@graph\":[{\"@type\":\"WebPage\",\"@id\":\"https:\/\/www.miomiorun.com\/es\/producto\/pull-wonder-magic-light-mujer\/\",\"url\":\"https:\/\/www.miomiorun.com\/es\/producto\/pull-wonder-magic-light-mujer\/\",\"name\":\"Crazy Idea Pull Wonder Magic Light mujer - Jersey - MioMioRun\",\"isPartOf\":{\"@id\":\"https:\/\/www.miomiorun.com\/es\/#website\"},\"primaryImageOfPage\":{\"@id\":\"https:\/\/www.miomiorun.com\/es\/producto\/pull-wonder-magic-light-mujer\/#primaryimage\"},\"image\":{\"@id\":\"https:\/\/www.miomiorun.com\/es\/producto\/pull-wonder-magic-light-mujer\/#primaryimage\"},\"thumbnailUrl\":\"https:\/\/www.miomiorun.com\/app\/uploads\/2026\/04\/crazy-Pull-wonder-magic-light-W-wild-garden-S26025118D-00X135.webp\",\"datePublished\":\"2023-04-05T16:32:23+00:00\",\"dateModified\":\"2026-05-06T15:29:01+00:00\",\"description\":\"Aunque est\u00e1 dise\u00f1ada para actividades al aire libre de baja intensidad, tambi\u00e9n satisface perfectamente las necesidades de comodidad\",\"breadcrumb\":{\"@id\":\"https:\/\/www.miomiorun.com\/es\/producto\/pull-wonder-magic-light-mujer\/#breadcrumb\"},\"inLanguage\":\"es-ES\",\"potentialAction\":[{\"@type\":\"ReadAction\",\"target\":[\"https:\/\/www.miomiorun.com\/es\/producto\/pull-wonder-magic-light-mujer\/\"]}]},{\"@type\":\"ImageObject\",\"inLanguage\":\"es-ES\",\"@id\":\"https:\/\/www.miomiorun.com\/es\/producto\/pull-wonder-magic-light-mujer\/#primaryimage\",\"url\":\"https:\/\/www.miomiorun.com\/app\/uploads\/2026\/04\/crazy-Pull-wonder-magic-light-W-wild-garden-S26025118D-00X135.webp\",\"contentUrl\":\"https:\/\/www.miomiorun.com\/app\/uploads\/2026\/04\/crazy-Pull-wonder-magic-light-W-wild-garden-S26025118D-00X135.webp\",\"width\":720,\"height\":720,\"caption\":\"crazy Pull wonder magic light W wild garden S26025118D-00X135\"},{\"@type\":\"BreadcrumbList\",\"@id\":\"https:\/\/www.miomiorun.com\/es\/producto\/pull-wonder-magic-light-mujer\/#breadcrumb\",\"itemListElement\":[{\"@type\":\"ListItem\",\"position\":1,\"name\":\"Home\",\"item\":\"https:\/\/www.miomiorun.com\/es\/\"},{\"@type\":\"ListItem\",\"position\":2,\"name\":\"Shop\",\"item\":\"https:\/\/www.miomiorun.com\/shop\/\"},{\"@type\":\"ListItem\",\"position\":3,\"name\":\"Pull Wonder Magic Light mujer\"}]},{\"@type\":\"WebSite\",\"@id\":\"https:\/\/www.miomiorun.com\/es\/#website\",\"url\":\"https:\/\/www.miomiorun.com\/es\/\",\"name\":\"MioMioRun\",\"description\":\"Tienda 100% running y trail\",\"publisher\":{\"@id\":\"https:\/\/www.miomiorun.com\/es\/#organization\"},\"potentialAction\":[{\"@type\":\"SearchAction\",\"target\":{\"@type\":\"EntryPoint\",\"urlTemplate\":\"https:\/\/www.miomiorun.com\/es\/?s={search_term_string}\"},\"query-input\":{\"@type\":\"PropertyValueSpecification\",\"valueRequired\":true,\"valueName\":\"search_term_string\"}}],\"inLanguage\":\"es-ES\"},{\"@type\":\"Organization\",\"@id\":\"https:\/\/www.miomiorun.com\/es\/#organization\",\"name\":\"MioMio Run\",\"url\":\"https:\/\/www.miomiorun.com\/es\/\",\"logo\":{\"@type\":\"ImageObject\",\"inLanguage\":\"es-ES\",\"@id\":\"https:\/\/www.miomiorun.com\/es\/#\/schema\/logo\/image\/\",\"url\":\"https:\/\/www.miomiorun.com\/app\/uploads\/2019\/12\/logomio.png\",\"contentUrl\":\"https:\/\/www.miomiorun.com\/app\/uploads\/2019\/12\/logomio.png\",\"width\":115,\"height\":82,\"caption\":\"MioMio Run\"},\"image\":{\"@id\":\"https:\/\/www.miomiorun.com\/es\/#\/schema\/logo\/image\/\"},\"sameAs\":[\"https:\/\/www.facebook.com\/miomiorun\/\",\"https:\/\/www.instagram.com\/miomiorun\/\"]}]}<\/script>\n<!-- \/ Yoast SEO plugin. -->","yoast_head_json":{"title":"Crazy Idea Pull Wonder Magic Light mujer - Jersey - MioMioRun","description":"Aunque est\u00e1 dise\u00f1ada para actividades al aire libre de baja intensidad, tambi\u00e9n satisface perfectamente las necesidades de comodidad","robots":{"index":"index","follow":"follow","max-snippet":"max-snippet:-1","max-image-preview":"max-image-preview:large","max-video-preview":"max-video-preview:-1"},"canonical":"https:\/\/www.miomiorun.com\/es\/producto\/pull-wonder-magic-light-mujer\/","og_locale":"es_ES","og_type":"article","og_title":"Crazy Idea Pull Wonder Magic Light mujer - Jersey - MioMioRun","og_description":"Aunque est\u00e1 dise\u00f1ada para actividades al aire libre de baja intensidad, tambi\u00e9n satisface perfectamente las necesidades de comodidad","og_url":"https:\/\/www.miomiorun.com\/es\/producto\/pull-wonder-magic-light-mujer\/","og_site_name":"MioMioRun","article_publisher":"https:\/\/www.facebook.com\/miomiorun\/","article_modified_time":"2026-05-06T15:29:01+00:00","og_image":[{"width":720,"height":720,"url":"https:\/\/www.miomiorun.com\/app\/uploads\/2026\/04\/crazy-Pull-wonder-magic-light-W-wild-garden-S26025118D-00X135.webp","type":"image\/webp"}],"twitter_card":"summary_large_image","twitter_misc":{"Est. reading time":"1 minute"},"schema":{"@context":"https:\/\/schema.org","@graph":[{"@type":"WebPage","@id":"https:\/\/www.miomiorun.com\/es\/producto\/pull-wonder-magic-light-mujer\/","url":"https:\/\/www.miomiorun.com\/es\/producto\/pull-wonder-magic-light-mujer\/","name":"Crazy Idea Pull Wonder Magic Light mujer - Jersey - MioMioRun","isPartOf":{"@id":"https:\/\/www.miomiorun.com\/es\/#website"},"primaryImageOfPage":{"@id":"https:\/\/www.miomiorun.com\/es\/producto\/pull-wonder-magic-light-mujer\/#primaryimage"},"image":{"@id":"https:\/\/www.miomiorun.com\/es\/producto\/pull-wonder-magic-light-mujer\/#primaryimage"},"thumbnailUrl":"https:\/\/www.miomiorun.com\/app\/uploads\/2026\/04\/crazy-Pull-wonder-magic-light-W-wild-garden-S26025118D-00X135.webp","datePublished":"2023-04-05T16:32:23+00:00","dateModified":"2026-05-06T15:29:01+00:00","description":"Aunque est\u00e1 dise\u00f1ada para actividades al aire libre de baja intensidad, tambi\u00e9n satisface perfectamente las necesidades de comodidad","breadcrumb":{"@id":"https:\/\/www.miomiorun.com\/es\/producto\/pull-wonder-magic-light-mujer\/#breadcrumb"},"inLanguage":"es-ES","potentialAction":[{"@type":"ReadAction","target":["https:\/\/www.miomiorun.com\/es\/producto\/pull-wonder-magic-light-mujer\/"]}]},{"@type":"ImageObject","inLanguage":"es-ES","@id":"https:\/\/www.miomiorun.com\/es\/producto\/pull-wonder-magic-light-mujer\/#primaryimage","url":"https:\/\/www.miomiorun.com\/app\/uploads\/2026\/04\/crazy-Pull-wonder-magic-light-W-wild-garden-S26025118D-00X135.webp","contentUrl":"https:\/\/www.miomiorun.com\/app\/uploads\/2026\/04\/crazy-Pull-wonder-magic-light-W-wild-garden-S26025118D-00X135.webp","width":720,"height":720,"caption":"crazy Pull wonder magic light W wild garden S26025118D-00X135"},{"@type":"BreadcrumbList","@id":"https:\/\/www.miomiorun.com\/es\/producto\/pull-wonder-magic-light-mujer\/#breadcrumb","itemListElement":[{"@type":"ListItem","position":1,"name":"Home","item":"https:\/\/www.miomiorun.com\/es\/"},{"@type":"ListItem","position":2,"name":"Shop","item":"https:\/\/www.miomiorun.com\/shop\/"},{"@type":"ListItem","position":3,"name":"Pull Wonder Magic Light mujer"}]},{"@type":"WebSite","@id":"https:\/\/www.miomiorun.com\/es\/#website","url":"https:\/\/www.miomiorun.com\/es\/","name":"MioMioRun","description":"Tienda 100% running y trail","publisher":{"@id":"https:\/\/www.miomiorun.com\/es\/#organization"},"potentialAction":[{"@type":"SearchAction","target":{"@type":"EntryPoint","urlTemplate":"https:\/\/www.miomiorun.com\/es\/?s={search_term_string}"},"query-input":{"@type":"PropertyValueSpecification","valueRequired":true,"valueName":"search_term_string"}}],"inLanguage":"es-ES"},{"@type":"Organization","@id":"https:\/\/www.miomiorun.com\/es\/#organization","name":"MioMio Run","url":"https:\/\/www.miomiorun.com\/es\/","logo":{"@type":"ImageObject","inLanguage":"es-ES","@id":"https:\/\/www.miomiorun.com\/es\/#\/schema\/logo\/image\/","url":"https:\/\/www.miomiorun.com\/app\/uploads\/2019\/12\/logomio.png","contentUrl":"https:\/\/www.miomiorun.com\/app\/uploads\/2019\/12\/logomio.png","width":115,"height":82,"caption":"MioMio Run"},"image":{"@id":"https:\/\/www.miomiorun.com\/es\/#\/schema\/logo\/image\/"},"sameAs":["https:\/\/www.facebook.com\/miomiorun\/","https:\/\/www.instagram.com\/miomiorun\/"]}]}},"_links":{"self":[{"href":"https:\/\/www.miomiorun.com\/es\/wp-json\/wp\/v2\/product\/285358","targetHints":{"allow":["GET"]}}],"collection":[{"href":"https:\/\/www.miomiorun.com\/es\/wp-json\/wp\/v2\/product"}],"about":[{"href":"https:\/\/www.miomiorun.com\/es\/wp-json\/wp\/v2\/types\/product"}],"wp:featuredmedia":[{"embeddable":true,"href":"https:\/\/www.miomiorun.com\/es\/wp-json\/wp\/v2\/media\/432214"}],"wp:attachment":[{"href":"https:\/\/www.miomiorun.com\/es\/wp-json\/wp\/v2\/media?parent=285358"}],"wp:term":[{"taxonomy":"product_brand","embeddable":true,"href":"https:\/\/www.miomiorun.com\/es\/wp-json\/wp\/v2\/product_brand?post=285358"},{"taxonomy":"product_cat","embeddable":true,"href":"https:\/\/www.miomiorun.com\/es\/wp-json\/wp\/v2\/product_cat?post=285358"},{"taxonomy":"product_tag","embeddable":true,"href":"https:\/\/www.miomiorun.com\/es\/wp-json\/wp\/v2\/product_tag?post=285358"}],"curies":[{"name":"wp","href":"https:\/\/api.w.org\/{rel}","templated":true}]}}