{"id":285350,"date":"2023-04-06T13:20:07","date_gmt":"2023-04-06T11:20:07","guid":{"rendered":"https:\/\/miomiorun.com\/prodotto\/adv-cool-intensity-sl-donna\/"},"modified":"2026-05-06T17:36:56","modified_gmt":"2026-05-06T15:36:56","slug":"adv-cool-intensity-sl-mujer","status":"publish","type":"product","link":"https:\/\/www.miomiorun.com\/es\/producto\/adv-cool-intensity-sl-mujer\/","title":{"rendered":"ADV Cool Intensity SL mujer"},"content":{"rendered":"<p id=\"tw-target-text\" class=\"tw-data-text tw-text-large XcVN5d tw-ta\" dir=\"ltr\" data-placeholder=\"Traduzione\"><strong>La camiseta sin mangas ADV Cool Intensity SL<\/strong> para mujer es una prenda ligera y refrescante que ofrece una excelente regulaci\u00f3n de la temperatura corporal durante los entrenamientos de alta intensidad en condiciones de calor.<\/p>\n<p>La camiseta sin mangas est\u00e1 confeccionada en poli\u00e9ster reciclado altamente funcional y presenta un dise\u00f1o sin costuras con corte anat\u00f3mico para una mejor ventilaci\u00f3n en las zonas de mayor calor.&nbsp;Perfecta para llevar debajo de un maillot de ciclismo o sola durante los entrenamientos en los calurosos d\u00edas de verano.<\/p>\n<h2 dir=\"ltr\" data-placeholder=\"Traduzione\">Caracter\u00edsticas:<\/h2>\n<p id=\"tw-target-text\" class=\"tw-data-text tw-text-large XcVN5d tw-ta\" dir=\"ltr\" data-placeholder=\"Traduzione\">\u2022 Tejido fino y ligero fabricado en poli\u00e9ster reciclado<br \/>\n\u2022 Corte ajustado<br \/>\n\u2022 Dise\u00f1o sin costuras<br \/>\n\u2022 Ajuste ce\u00f1ido<\/p>\n<p dir=\"ltr\" data-placeholder=\"Traduzione\"><img loading=\"lazy\" decoding=\"async\" class=\"\" src=\"https:\/\/www.craftsportswear.com\/static\/media\/moisture_transport.27f437d8.svg?q=70&amp;fit=clip&amp;w=72&amp;fm=jpg&amp;auto=format\" alt=\"MoistureTransport\" width=\"119\" height=\"119\"><\/p>\n<p dir=\"ltr\" data-placeholder=\"Traduzione\"><strong>Evacuaci\u00f3n de la humedad:<\/strong> transporta la humedad de la piel hacia el exterior de la prenda, manteni\u00e9ndola fresca y seca durante los entrenamientos intensos.<\/p>\n<p class=\"css-8rgusf\"><strong>Material:<\/strong> 65 % poli\u00e9ster reciclado, 35 % poli\u00e9ster<\/p>\n<p class=\"css-8rgusf\">Lavable a m\u00e1quina a 40 grados con un programa para tejidos delicados.&nbsp;Dejar secar en una percha.<\/p>\n","protected":false},"excerpt":{"rendered":"<p>\u2022 Tejido fino y ligero fabricado con poli\u00e9ster reciclado<br \/>\n\u2022 Corte ajustado<br \/>\n\u2022 Dise\u00f1o sin costuras<\/p>\n","protected":false},"featured_media":239858,"template":"","meta":{"_acf_changed":false,"inline_featured_image":false},"product_brand":[],"product_cat":[24399,24401,24402],"product_tag":[23553,23659],"class_list":{"0":"post-285350","1":"product","2":"type-product","3":"status-publish","4":"has-post-thumbnail","6":"product_cat-chalecos","7":"product_cat-ropa-de-mujer","8":"product_cat-mujer","9":"product_tag-craft-es","10":"product_tag-craft-mujer","11":"pa_attivita-caminar","12":"pa_attivita-outdoor-es","13":"pa_attivita-running-es","14":"pa_attivita-trail-es","15":"pa_colore-adv-cool-intensity-sl-w-black-es","16":"pa_colore-adv-cool-intensity-sl-w-fuchsia-es","17":"pa_colore-adv-cool-intensity-sl-w-lavander-es","18":"pa_colore-adv-cool-intensity-sl-w-white-es","19":"pa_marca-craft-es","20":"pa_sesso-mujer","21":"pa_size-extra-small-es","22":"pa_size-small-es","23":"pa_size-medium-es","24":"pa_size-large-es","26":"first","27":"instock","28":"sale","29":"taxable","30":"shipping-taxable","31":"purchasable","32":"product-type-variable","33":"wvs-archive-product-wrapper"},"acf":[],"yoast_head":"<!-- This site is optimized with the Yoast SEO plugin v26.8 - https:\/\/yoast.com\/product\/yoast-seo-wordpress\/ -->\n<title>Craft ADV Cool Intensity SL mujer - Camiseta sin mangas correr - MioMioRun<\/title>\n<meta name=\"description\" content=\"La camiseta sin mangas ADV Cool Intensity SL para mujer es una prenda ligera y refrescante que ofrece una excelente regulaci\u00f3n de la temperatura corporal\" \/>\n<meta name=\"robots\" content=\"index, follow, max-snippet:-1, max-image-preview:large, max-video-preview:-1\" \/>\n<link rel=\"canonical\" href=\"https:\/\/www.miomiorun.com\/es\/producto\/adv-cool-intensity-sl-mujer\/\" \/>\n<meta property=\"og:locale\" content=\"es_ES\" \/>\n<meta property=\"og:type\" content=\"article\" \/>\n<meta property=\"og:title\" content=\"Craft ADV Cool Intensity SL mujer - Camiseta sin mangas correr - MioMioRun\" \/>\n<meta property=\"og:description\" content=\"La camiseta sin mangas ADV Cool Intensity SL para mujer es una prenda ligera y refrescante que ofrece una excelente regulaci\u00f3n de la temperatura corporal\" \/>\n<meta property=\"og:url\" content=\"https:\/\/www.miomiorun.com\/es\/producto\/adv-cool-intensity-sl-mujer\/\" \/>\n<meta property=\"og:site_name\" content=\"MioMioRun\" \/>\n<meta property=\"article:publisher\" content=\"https:\/\/www.facebook.com\/miomiorun\/\" \/>\n<meta property=\"article:modified_time\" content=\"2026-05-06T15:36:56+00:00\" \/>\n<meta property=\"og:image\" content=\"https:\/\/www.miomiorun.com\/app\/uploads\/2023\/04\/craft-adv-cool-intensity-sl-W-lavander-1913200-723000.jpg\" \/>\n\t<meta property=\"og:image:width\" content=\"600\" \/>\n\t<meta property=\"og:image:height\" content=\"600\" \/>\n\t<meta property=\"og:image:type\" content=\"image\/jpeg\" \/>\n<meta name=\"twitter:card\" content=\"summary_large_image\" \/>\n<meta name=\"twitter:label1\" content=\"Est. reading time\" \/>\n\t<meta name=\"twitter:data1\" content=\"1 minute\" \/>\n<script type=\"application\/ld+json\" class=\"yoast-schema-graph\">{\"@context\":\"https:\/\/schema.org\",\"@graph\":[{\"@type\":\"WebPage\",\"@id\":\"https:\/\/www.miomiorun.com\/es\/producto\/adv-cool-intensity-sl-mujer\/\",\"url\":\"https:\/\/www.miomiorun.com\/es\/producto\/adv-cool-intensity-sl-mujer\/\",\"name\":\"Craft ADV Cool Intensity SL mujer - Camiseta sin mangas correr - MioMioRun\",\"isPartOf\":{\"@id\":\"https:\/\/www.miomiorun.com\/es\/#website\"},\"primaryImageOfPage\":{\"@id\":\"https:\/\/www.miomiorun.com\/es\/producto\/adv-cool-intensity-sl-mujer\/#primaryimage\"},\"image\":{\"@id\":\"https:\/\/www.miomiorun.com\/es\/producto\/adv-cool-intensity-sl-mujer\/#primaryimage\"},\"thumbnailUrl\":\"https:\/\/www.miomiorun.com\/app\/uploads\/2023\/04\/craft-adv-cool-intensity-sl-W-lavander-1913200-723000.jpg\",\"datePublished\":\"2023-04-06T11:20:07+00:00\",\"dateModified\":\"2026-05-06T15:36:56+00:00\",\"description\":\"La camiseta sin mangas ADV Cool Intensity SL para mujer es una prenda ligera y refrescante que ofrece una excelente regulaci\u00f3n de la temperatura corporal\",\"breadcrumb\":{\"@id\":\"https:\/\/www.miomiorun.com\/es\/producto\/adv-cool-intensity-sl-mujer\/#breadcrumb\"},\"inLanguage\":\"es-ES\",\"potentialAction\":[{\"@type\":\"ReadAction\",\"target\":[\"https:\/\/www.miomiorun.com\/es\/producto\/adv-cool-intensity-sl-mujer\/\"]}]},{\"@type\":\"ImageObject\",\"inLanguage\":\"es-ES\",\"@id\":\"https:\/\/www.miomiorun.com\/es\/producto\/adv-cool-intensity-sl-mujer\/#primaryimage\",\"url\":\"https:\/\/www.miomiorun.com\/app\/uploads\/2023\/04\/craft-adv-cool-intensity-sl-W-lavander-1913200-723000.jpg\",\"contentUrl\":\"https:\/\/www.miomiorun.com\/app\/uploads\/2023\/04\/craft-adv-cool-intensity-sl-W-lavander-1913200-723000.jpg\",\"width\":600,\"height\":600,\"caption\":\"craft-adv-cool-intensity-sl-W-lavander-1913200-723000\"},{\"@type\":\"BreadcrumbList\",\"@id\":\"https:\/\/www.miomiorun.com\/es\/producto\/adv-cool-intensity-sl-mujer\/#breadcrumb\",\"itemListElement\":[{\"@type\":\"ListItem\",\"position\":1,\"name\":\"Home\",\"item\":\"https:\/\/www.miomiorun.com\/es\/\"},{\"@type\":\"ListItem\",\"position\":2,\"name\":\"Shop\",\"item\":\"https:\/\/www.miomiorun.com\/shop\/\"},{\"@type\":\"ListItem\",\"position\":3,\"name\":\"ADV Cool Intensity SL mujer\"}]},{\"@type\":\"WebSite\",\"@id\":\"https:\/\/www.miomiorun.com\/es\/#website\",\"url\":\"https:\/\/www.miomiorun.com\/es\/\",\"name\":\"MioMioRun\",\"description\":\"Tienda 100% running y trail\",\"publisher\":{\"@id\":\"https:\/\/www.miomiorun.com\/es\/#organization\"},\"potentialAction\":[{\"@type\":\"SearchAction\",\"target\":{\"@type\":\"EntryPoint\",\"urlTemplate\":\"https:\/\/www.miomiorun.com\/es\/?s={search_term_string}\"},\"query-input\":{\"@type\":\"PropertyValueSpecification\",\"valueRequired\":true,\"valueName\":\"search_term_string\"}}],\"inLanguage\":\"es-ES\"},{\"@type\":\"Organization\",\"@id\":\"https:\/\/www.miomiorun.com\/es\/#organization\",\"name\":\"MioMio Run\",\"url\":\"https:\/\/www.miomiorun.com\/es\/\",\"logo\":{\"@type\":\"ImageObject\",\"inLanguage\":\"es-ES\",\"@id\":\"https:\/\/www.miomiorun.com\/es\/#\/schema\/logo\/image\/\",\"url\":\"https:\/\/www.miomiorun.com\/app\/uploads\/2019\/12\/logomio.png\",\"contentUrl\":\"https:\/\/www.miomiorun.com\/app\/uploads\/2019\/12\/logomio.png\",\"width\":115,\"height\":82,\"caption\":\"MioMio Run\"},\"image\":{\"@id\":\"https:\/\/www.miomiorun.com\/es\/#\/schema\/logo\/image\/\"},\"sameAs\":[\"https:\/\/www.facebook.com\/miomiorun\/\",\"https:\/\/www.instagram.com\/miomiorun\/\"]}]}<\/script>\n<!-- \/ Yoast SEO plugin. -->","yoast_head_json":{"title":"Craft ADV Cool Intensity SL mujer - Camiseta sin mangas correr - MioMioRun","description":"La camiseta sin mangas ADV Cool Intensity SL para mujer es una prenda ligera y refrescante que ofrece una excelente regulaci\u00f3n de la temperatura corporal","robots":{"index":"index","follow":"follow","max-snippet":"max-snippet:-1","max-image-preview":"max-image-preview:large","max-video-preview":"max-video-preview:-1"},"canonical":"https:\/\/www.miomiorun.com\/es\/producto\/adv-cool-intensity-sl-mujer\/","og_locale":"es_ES","og_type":"article","og_title":"Craft ADV Cool Intensity SL mujer - Camiseta sin mangas correr - MioMioRun","og_description":"La camiseta sin mangas ADV Cool Intensity SL para mujer es una prenda ligera y refrescante que ofrece una excelente regulaci\u00f3n de la temperatura corporal","og_url":"https:\/\/www.miomiorun.com\/es\/producto\/adv-cool-intensity-sl-mujer\/","og_site_name":"MioMioRun","article_publisher":"https:\/\/www.facebook.com\/miomiorun\/","article_modified_time":"2026-05-06T15:36:56+00:00","og_image":[{"width":600,"height":600,"url":"https:\/\/www.miomiorun.com\/app\/uploads\/2023\/04\/craft-adv-cool-intensity-sl-W-lavander-1913200-723000.jpg","type":"image\/jpeg"}],"twitter_card":"summary_large_image","twitter_misc":{"Est. reading time":"1 minute"},"schema":{"@context":"https:\/\/schema.org","@graph":[{"@type":"WebPage","@id":"https:\/\/www.miomiorun.com\/es\/producto\/adv-cool-intensity-sl-mujer\/","url":"https:\/\/www.miomiorun.com\/es\/producto\/adv-cool-intensity-sl-mujer\/","name":"Craft ADV Cool Intensity SL mujer - Camiseta sin mangas correr - MioMioRun","isPartOf":{"@id":"https:\/\/www.miomiorun.com\/es\/#website"},"primaryImageOfPage":{"@id":"https:\/\/www.miomiorun.com\/es\/producto\/adv-cool-intensity-sl-mujer\/#primaryimage"},"image":{"@id":"https:\/\/www.miomiorun.com\/es\/producto\/adv-cool-intensity-sl-mujer\/#primaryimage"},"thumbnailUrl":"https:\/\/www.miomiorun.com\/app\/uploads\/2023\/04\/craft-adv-cool-intensity-sl-W-lavander-1913200-723000.jpg","datePublished":"2023-04-06T11:20:07+00:00","dateModified":"2026-05-06T15:36:56+00:00","description":"La camiseta sin mangas ADV Cool Intensity SL para mujer es una prenda ligera y refrescante que ofrece una excelente regulaci\u00f3n de la temperatura corporal","breadcrumb":{"@id":"https:\/\/www.miomiorun.com\/es\/producto\/adv-cool-intensity-sl-mujer\/#breadcrumb"},"inLanguage":"es-ES","potentialAction":[{"@type":"ReadAction","target":["https:\/\/www.miomiorun.com\/es\/producto\/adv-cool-intensity-sl-mujer\/"]}]},{"@type":"ImageObject","inLanguage":"es-ES","@id":"https:\/\/www.miomiorun.com\/es\/producto\/adv-cool-intensity-sl-mujer\/#primaryimage","url":"https:\/\/www.miomiorun.com\/app\/uploads\/2023\/04\/craft-adv-cool-intensity-sl-W-lavander-1913200-723000.jpg","contentUrl":"https:\/\/www.miomiorun.com\/app\/uploads\/2023\/04\/craft-adv-cool-intensity-sl-W-lavander-1913200-723000.jpg","width":600,"height":600,"caption":"craft-adv-cool-intensity-sl-W-lavander-1913200-723000"},{"@type":"BreadcrumbList","@id":"https:\/\/www.miomiorun.com\/es\/producto\/adv-cool-intensity-sl-mujer\/#breadcrumb","itemListElement":[{"@type":"ListItem","position":1,"name":"Home","item":"https:\/\/www.miomiorun.com\/es\/"},{"@type":"ListItem","position":2,"name":"Shop","item":"https:\/\/www.miomiorun.com\/shop\/"},{"@type":"ListItem","position":3,"name":"ADV Cool Intensity SL mujer"}]},{"@type":"WebSite","@id":"https:\/\/www.miomiorun.com\/es\/#website","url":"https:\/\/www.miomiorun.com\/es\/","name":"MioMioRun","description":"Tienda 100% running y trail","publisher":{"@id":"https:\/\/www.miomiorun.com\/es\/#organization"},"potentialAction":[{"@type":"SearchAction","target":{"@type":"EntryPoint","urlTemplate":"https:\/\/www.miomiorun.com\/es\/?s={search_term_string}"},"query-input":{"@type":"PropertyValueSpecification","valueRequired":true,"valueName":"search_term_string"}}],"inLanguage":"es-ES"},{"@type":"Organization","@id":"https:\/\/www.miomiorun.com\/es\/#organization","name":"MioMio Run","url":"https:\/\/www.miomiorun.com\/es\/","logo":{"@type":"ImageObject","inLanguage":"es-ES","@id":"https:\/\/www.miomiorun.com\/es\/#\/schema\/logo\/image\/","url":"https:\/\/www.miomiorun.com\/app\/uploads\/2019\/12\/logomio.png","contentUrl":"https:\/\/www.miomiorun.com\/app\/uploads\/2019\/12\/logomio.png","width":115,"height":82,"caption":"MioMio Run"},"image":{"@id":"https:\/\/www.miomiorun.com\/es\/#\/schema\/logo\/image\/"},"sameAs":["https:\/\/www.facebook.com\/miomiorun\/","https:\/\/www.instagram.com\/miomiorun\/"]}]}},"_links":{"self":[{"href":"https:\/\/www.miomiorun.com\/es\/wp-json\/wp\/v2\/product\/285350","targetHints":{"allow":["GET"]}}],"collection":[{"href":"https:\/\/www.miomiorun.com\/es\/wp-json\/wp\/v2\/product"}],"about":[{"href":"https:\/\/www.miomiorun.com\/es\/wp-json\/wp\/v2\/types\/product"}],"wp:featuredmedia":[{"embeddable":true,"href":"https:\/\/www.miomiorun.com\/es\/wp-json\/wp\/v2\/media\/239858"}],"wp:attachment":[{"href":"https:\/\/www.miomiorun.com\/es\/wp-json\/wp\/v2\/media?parent=285350"}],"wp:term":[{"taxonomy":"product_brand","embeddable":true,"href":"https:\/\/www.miomiorun.com\/es\/wp-json\/wp\/v2\/product_brand?post=285350"},{"taxonomy":"product_cat","embeddable":true,"href":"https:\/\/www.miomiorun.com\/es\/wp-json\/wp\/v2\/product_cat?post=285350"},{"taxonomy":"product_tag","embeddable":true,"href":"https:\/\/www.miomiorun.com\/es\/wp-json\/wp\/v2\/product_tag?post=285350"}],"curies":[{"name":"wp","href":"https:\/\/api.w.org\/{rel}","templated":true}]}}