{"id":285230,"date":"2022-12-03T17:48:49","date_gmt":"2022-12-03T16:48:49","guid":{"rendered":"https:\/\/miomiorun.com\/prodotto\/pull-next-uomo\/"},"modified":"2026-05-06T11:56:10","modified_gmt":"2026-05-06T09:56:10","slug":"pull-next-hombre","status":"publish","type":"product","link":"https:\/\/www.miomiorun.com\/es\/producto\/pull-next-hombre\/","title":{"rendered":"Pull Next hombre"},"content":{"rendered":"<p><strong>Pull Next<\/strong> para hombre es un jersey h\u00edbrido dise\u00f1ado para hacer frente a las condiciones meteorol\u00f3gicas m\u00e1s adversas, cuando una simple \u00ab<strong>capa intermedia<\/strong>\u00bb no basta y se necesita mayor calidez y protecci\u00f3n. Su uso recomendado es el alpinismo y las actividades de alto rendimiento en altitud, cuando se afrontan ascensos en los que siempre pueden surgir imprevistos.<\/p>\n<p>Est\u00e1 confeccionado con el innovador tejido Two Face bi-el\u00e1stico con superficie exterior \u00abhard face\u00bb, resistente a la abrasi\u00f3n; el tejido de la parte trasera de las mangas y las axilas es un soft shell transpirable, suave y resistente con tratamiento DWR repelente al agua. M\u00e1s c\u00e1lido y transpirable con menos volumen. Este jersey cuenta con una capucha con ribete el\u00e1stico, un bolsillo en el pecho y dos bolsillos para calentar las manos termosoldados, todos con cierre de cremallera, bajo y pu\u00f1os con ribete el\u00e1stico, todo ello con un dise\u00f1o atractivo.<\/p>\n<p><strong>CARACTER\u00cdSTICAS:<\/strong><\/p>\n<div class=\"carProdotto\">\n<ul>\n<li>sudadera abierta con cremallera frontal y capucha<\/li>\n<li>bolsillo pegado en el pecho con cierre de cremallera<\/li>\n<li>bordes el\u00e1sticos en la capucha y el bajo de las mangas<\/li>\n<li>presilla para el pulgar<\/li>\n<\/ul>\n<\/div>\n","protected":false},"excerpt":{"rendered":"<ul>\n<li>bolsillo pegado en el pecho con cierre de cremallera<\/li>\n<li>bordes el\u00e1sticos en la capucha y en el bajo de las mangas<\/li>\n<li>presilla para el pulgar<\/li>\n<\/ul>\n","protected":false},"featured_media":238643,"template":"","meta":{"_acf_changed":false,"inline_featured_image":false},"product_brand":[],"product_cat":[24474,24410],"product_tag":[23488,23611],"class_list":{"0":"post-285230","1":"product","2":"type-product","3":"status-publish","4":"has-post-thumbnail","6":"product_cat-chaquetas-es-3","7":"product_cat-ropa-de-hombre","8":"product_tag-crazy-idea-es","9":"product_tag-crazy-idea-hombre","10":"pa_attivita-caminar","11":"pa_attivita-outdoor-es","12":"pa_colore-pull-next-energy-es","13":"pa_colore-pull-next-liken-es","14":"pa_marca-crazy-idea-es","15":"pa_sesso-hombre","16":"pa_size-small-es","17":"pa_size-medium-es","18":"pa_size-large-es","19":"pa_size-extra-large-es","21":"first","22":"instock","23":"sale","24":"taxable","25":"shipping-taxable","26":"purchasable","27":"product-type-variable","28":"wvs-archive-product-wrapper"},"acf":[],"yoast_head":"<!-- This site is optimized with the Yoast SEO plugin v26.8 - https:\/\/yoast.com\/product\/yoast-seo-wordpress\/ -->\n<title>Crazy Idea Pull Next hombre - Camiseta para correr - MioMioRun<\/title>\n<meta name=\"description\" content=\"El jersey Pull Next para hombre es un jersey h\u00edbrido dise\u00f1ado para hacer frente a las condiciones clim\u00e1ticas m\u00e1s adversas, cuando una simple \u00abcapa intermedia\u00bb no es suficiente.\" \/>\n<meta name=\"robots\" content=\"index, follow, max-snippet:-1, max-image-preview:large, max-video-preview:-1\" \/>\n<link rel=\"canonical\" href=\"https:\/\/www.miomiorun.com\/es\/producto\/pull-next-hombre\/\" \/>\n<meta property=\"og:locale\" content=\"es_ES\" \/>\n<meta property=\"og:type\" content=\"article\" \/>\n<meta property=\"og:title\" content=\"Crazy Idea Pull Next hombre - Camiseta para correr - MioMioRun\" \/>\n<meta property=\"og:description\" content=\"El jersey Pull Next para hombre es un jersey h\u00edbrido dise\u00f1ado para hacer frente a las condiciones clim\u00e1ticas m\u00e1s adversas, cuando una simple \u00abcapa intermedia\u00bb no es suficiente.\" \/>\n<meta property=\"og:url\" content=\"https:\/\/www.miomiorun.com\/es\/producto\/pull-next-hombre\/\" \/>\n<meta property=\"og:site_name\" content=\"MioMioRun\" \/>\n<meta property=\"article:publisher\" content=\"https:\/\/www.facebook.com\/miomiorun\/\" \/>\n<meta property=\"article:modified_time\" content=\"2026-05-06T09:56:10+00:00\" \/>\n<meta property=\"og:image\" content=\"https:\/\/www.miomiorun.com\/app\/uploads\/2022\/12\/crazy-idea-pull-next-liken-W22055185U-0093.jpg\" \/>\n\t<meta property=\"og:image:width\" content=\"600\" \/>\n\t<meta property=\"og:image:height\" content=\"600\" \/>\n\t<meta property=\"og:image:type\" content=\"image\/jpeg\" \/>\n<meta name=\"twitter:card\" content=\"summary_large_image\" \/>\n<meta name=\"twitter:label1\" content=\"Est. reading time\" \/>\n\t<meta name=\"twitter:data1\" content=\"1 minute\" \/>\n<script type=\"application\/ld+json\" class=\"yoast-schema-graph\">{\"@context\":\"https:\/\/schema.org\",\"@graph\":[{\"@type\":\"WebPage\",\"@id\":\"https:\/\/www.miomiorun.com\/es\/producto\/pull-next-hombre\/\",\"url\":\"https:\/\/www.miomiorun.com\/es\/producto\/pull-next-hombre\/\",\"name\":\"Crazy Idea Pull Next hombre - Camiseta para correr - MioMioRun\",\"isPartOf\":{\"@id\":\"https:\/\/www.miomiorun.com\/es\/#website\"},\"primaryImageOfPage\":{\"@id\":\"https:\/\/www.miomiorun.com\/es\/producto\/pull-next-hombre\/#primaryimage\"},\"image\":{\"@id\":\"https:\/\/www.miomiorun.com\/es\/producto\/pull-next-hombre\/#primaryimage\"},\"thumbnailUrl\":\"https:\/\/www.miomiorun.com\/app\/uploads\/2022\/12\/crazy-idea-pull-next-liken-W22055185U-0093.jpg\",\"datePublished\":\"2022-12-03T16:48:49+00:00\",\"dateModified\":\"2026-05-06T09:56:10+00:00\",\"description\":\"El jersey Pull Next para hombre es un jersey h\u00edbrido dise\u00f1ado para hacer frente a las condiciones clim\u00e1ticas m\u00e1s adversas, cuando una simple \u00abcapa intermedia\u00bb no es suficiente.\",\"breadcrumb\":{\"@id\":\"https:\/\/www.miomiorun.com\/es\/producto\/pull-next-hombre\/#breadcrumb\"},\"inLanguage\":\"es-ES\",\"potentialAction\":[{\"@type\":\"ReadAction\",\"target\":[\"https:\/\/www.miomiorun.com\/es\/producto\/pull-next-hombre\/\"]}]},{\"@type\":\"ImageObject\",\"inLanguage\":\"es-ES\",\"@id\":\"https:\/\/www.miomiorun.com\/es\/producto\/pull-next-hombre\/#primaryimage\",\"url\":\"https:\/\/www.miomiorun.com\/app\/uploads\/2022\/12\/crazy-idea-pull-next-liken-W22055185U-0093.jpg\",\"contentUrl\":\"https:\/\/www.miomiorun.com\/app\/uploads\/2022\/12\/crazy-idea-pull-next-liken-W22055185U-0093.jpg\",\"width\":600,\"height\":600,\"caption\":\"crazy-idea-pull-next-liken-W22055185U-0093\"},{\"@type\":\"BreadcrumbList\",\"@id\":\"https:\/\/www.miomiorun.com\/es\/producto\/pull-next-hombre\/#breadcrumb\",\"itemListElement\":[{\"@type\":\"ListItem\",\"position\":1,\"name\":\"Home\",\"item\":\"https:\/\/www.miomiorun.com\/es\/\"},{\"@type\":\"ListItem\",\"position\":2,\"name\":\"Shop\",\"item\":\"https:\/\/www.miomiorun.com\/shop\/\"},{\"@type\":\"ListItem\",\"position\":3,\"name\":\"Pull Next hombre\"}]},{\"@type\":\"WebSite\",\"@id\":\"https:\/\/www.miomiorun.com\/es\/#website\",\"url\":\"https:\/\/www.miomiorun.com\/es\/\",\"name\":\"MioMioRun\",\"description\":\"Tienda 100% running y trail\",\"publisher\":{\"@id\":\"https:\/\/www.miomiorun.com\/es\/#organization\"},\"potentialAction\":[{\"@type\":\"SearchAction\",\"target\":{\"@type\":\"EntryPoint\",\"urlTemplate\":\"https:\/\/www.miomiorun.com\/es\/?s={search_term_string}\"},\"query-input\":{\"@type\":\"PropertyValueSpecification\",\"valueRequired\":true,\"valueName\":\"search_term_string\"}}],\"inLanguage\":\"es-ES\"},{\"@type\":\"Organization\",\"@id\":\"https:\/\/www.miomiorun.com\/es\/#organization\",\"name\":\"MioMio Run\",\"url\":\"https:\/\/www.miomiorun.com\/es\/\",\"logo\":{\"@type\":\"ImageObject\",\"inLanguage\":\"es-ES\",\"@id\":\"https:\/\/www.miomiorun.com\/es\/#\/schema\/logo\/image\/\",\"url\":\"https:\/\/www.miomiorun.com\/app\/uploads\/2019\/12\/logomio.png\",\"contentUrl\":\"https:\/\/www.miomiorun.com\/app\/uploads\/2019\/12\/logomio.png\",\"width\":115,\"height\":82,\"caption\":\"MioMio Run\"},\"image\":{\"@id\":\"https:\/\/www.miomiorun.com\/es\/#\/schema\/logo\/image\/\"},\"sameAs\":[\"https:\/\/www.facebook.com\/miomiorun\/\",\"https:\/\/www.instagram.com\/miomiorun\/\"]}]}<\/script>\n<!-- \/ Yoast SEO plugin. -->","yoast_head_json":{"title":"Crazy Idea Pull Next hombre - Camiseta para correr - MioMioRun","description":"El jersey Pull Next para hombre es un jersey h\u00edbrido dise\u00f1ado para hacer frente a las condiciones clim\u00e1ticas m\u00e1s adversas, cuando una simple \u00abcapa intermedia\u00bb no es suficiente.","robots":{"index":"index","follow":"follow","max-snippet":"max-snippet:-1","max-image-preview":"max-image-preview:large","max-video-preview":"max-video-preview:-1"},"canonical":"https:\/\/www.miomiorun.com\/es\/producto\/pull-next-hombre\/","og_locale":"es_ES","og_type":"article","og_title":"Crazy Idea Pull Next hombre - Camiseta para correr - MioMioRun","og_description":"El jersey Pull Next para hombre es un jersey h\u00edbrido dise\u00f1ado para hacer frente a las condiciones clim\u00e1ticas m\u00e1s adversas, cuando una simple \u00abcapa intermedia\u00bb no es suficiente.","og_url":"https:\/\/www.miomiorun.com\/es\/producto\/pull-next-hombre\/","og_site_name":"MioMioRun","article_publisher":"https:\/\/www.facebook.com\/miomiorun\/","article_modified_time":"2026-05-06T09:56:10+00:00","og_image":[{"width":600,"height":600,"url":"https:\/\/www.miomiorun.com\/app\/uploads\/2022\/12\/crazy-idea-pull-next-liken-W22055185U-0093.jpg","type":"image\/jpeg"}],"twitter_card":"summary_large_image","twitter_misc":{"Est. reading time":"1 minute"},"schema":{"@context":"https:\/\/schema.org","@graph":[{"@type":"WebPage","@id":"https:\/\/www.miomiorun.com\/es\/producto\/pull-next-hombre\/","url":"https:\/\/www.miomiorun.com\/es\/producto\/pull-next-hombre\/","name":"Crazy Idea Pull Next hombre - Camiseta para correr - MioMioRun","isPartOf":{"@id":"https:\/\/www.miomiorun.com\/es\/#website"},"primaryImageOfPage":{"@id":"https:\/\/www.miomiorun.com\/es\/producto\/pull-next-hombre\/#primaryimage"},"image":{"@id":"https:\/\/www.miomiorun.com\/es\/producto\/pull-next-hombre\/#primaryimage"},"thumbnailUrl":"https:\/\/www.miomiorun.com\/app\/uploads\/2022\/12\/crazy-idea-pull-next-liken-W22055185U-0093.jpg","datePublished":"2022-12-03T16:48:49+00:00","dateModified":"2026-05-06T09:56:10+00:00","description":"El jersey Pull Next para hombre es un jersey h\u00edbrido dise\u00f1ado para hacer frente a las condiciones clim\u00e1ticas m\u00e1s adversas, cuando una simple \u00abcapa intermedia\u00bb no es suficiente.","breadcrumb":{"@id":"https:\/\/www.miomiorun.com\/es\/producto\/pull-next-hombre\/#breadcrumb"},"inLanguage":"es-ES","potentialAction":[{"@type":"ReadAction","target":["https:\/\/www.miomiorun.com\/es\/producto\/pull-next-hombre\/"]}]},{"@type":"ImageObject","inLanguage":"es-ES","@id":"https:\/\/www.miomiorun.com\/es\/producto\/pull-next-hombre\/#primaryimage","url":"https:\/\/www.miomiorun.com\/app\/uploads\/2022\/12\/crazy-idea-pull-next-liken-W22055185U-0093.jpg","contentUrl":"https:\/\/www.miomiorun.com\/app\/uploads\/2022\/12\/crazy-idea-pull-next-liken-W22055185U-0093.jpg","width":600,"height":600,"caption":"crazy-idea-pull-next-liken-W22055185U-0093"},{"@type":"BreadcrumbList","@id":"https:\/\/www.miomiorun.com\/es\/producto\/pull-next-hombre\/#breadcrumb","itemListElement":[{"@type":"ListItem","position":1,"name":"Home","item":"https:\/\/www.miomiorun.com\/es\/"},{"@type":"ListItem","position":2,"name":"Shop","item":"https:\/\/www.miomiorun.com\/shop\/"},{"@type":"ListItem","position":3,"name":"Pull Next hombre"}]},{"@type":"WebSite","@id":"https:\/\/www.miomiorun.com\/es\/#website","url":"https:\/\/www.miomiorun.com\/es\/","name":"MioMioRun","description":"Tienda 100% running y trail","publisher":{"@id":"https:\/\/www.miomiorun.com\/es\/#organization"},"potentialAction":[{"@type":"SearchAction","target":{"@type":"EntryPoint","urlTemplate":"https:\/\/www.miomiorun.com\/es\/?s={search_term_string}"},"query-input":{"@type":"PropertyValueSpecification","valueRequired":true,"valueName":"search_term_string"}}],"inLanguage":"es-ES"},{"@type":"Organization","@id":"https:\/\/www.miomiorun.com\/es\/#organization","name":"MioMio Run","url":"https:\/\/www.miomiorun.com\/es\/","logo":{"@type":"ImageObject","inLanguage":"es-ES","@id":"https:\/\/www.miomiorun.com\/es\/#\/schema\/logo\/image\/","url":"https:\/\/www.miomiorun.com\/app\/uploads\/2019\/12\/logomio.png","contentUrl":"https:\/\/www.miomiorun.com\/app\/uploads\/2019\/12\/logomio.png","width":115,"height":82,"caption":"MioMio Run"},"image":{"@id":"https:\/\/www.miomiorun.com\/es\/#\/schema\/logo\/image\/"},"sameAs":["https:\/\/www.facebook.com\/miomiorun\/","https:\/\/www.instagram.com\/miomiorun\/"]}]}},"_links":{"self":[{"href":"https:\/\/www.miomiorun.com\/es\/wp-json\/wp\/v2\/product\/285230","targetHints":{"allow":["GET"]}}],"collection":[{"href":"https:\/\/www.miomiorun.com\/es\/wp-json\/wp\/v2\/product"}],"about":[{"href":"https:\/\/www.miomiorun.com\/es\/wp-json\/wp\/v2\/types\/product"}],"wp:featuredmedia":[{"embeddable":true,"href":"https:\/\/www.miomiorun.com\/es\/wp-json\/wp\/v2\/media\/238643"}],"wp:attachment":[{"href":"https:\/\/www.miomiorun.com\/es\/wp-json\/wp\/v2\/media?parent=285230"}],"wp:term":[{"taxonomy":"product_brand","embeddable":true,"href":"https:\/\/www.miomiorun.com\/es\/wp-json\/wp\/v2\/product_brand?post=285230"},{"taxonomy":"product_cat","embeddable":true,"href":"https:\/\/www.miomiorun.com\/es\/wp-json\/wp\/v2\/product_cat?post=285230"},{"taxonomy":"product_tag","embeddable":true,"href":"https:\/\/www.miomiorun.com\/es\/wp-json\/wp\/v2\/product_tag?post=285230"}],"curies":[{"name":"wp","href":"https:\/\/api.w.org\/{rel}","templated":true}]}}