{"id":285200,"date":"2022-12-03T18:10:03","date_gmt":"2022-12-03T17:10:03","guid":{"rendered":"https:\/\/miomiorun.com\/prodotto\/pull-umbolt-uomo\/"},"modified":"2026-05-08T21:38:03","modified_gmt":"2026-05-08T19:38:03","slug":"pull-umbolt-hombre","status":"publish","type":"product","link":"https:\/\/www.miomiorun.com\/es\/producto\/pull-umbolt-hombre\/","title":{"rendered":"Pull Umbolt hombre"},"content":{"rendered":"<div class=\"single-product-description\">\n<div class=\"descProdotto\">\n<div class=\"descProdotto\">\n<p>El jersey Umbolt para hombre es una prenda para correr y practicar raquetas de nieve en la temporada de invierno, fruto de la amplia experiencia de los atletas del Team Crazy. Confeccionado en microfibra con estampado de grafeno que, al aplicarse al tejido, aumenta su resistencia a la abrasi\u00f3n, mejora la termorregulaci\u00f3n, reduce la carga electrost\u00e1tica y disminuye la fricci\u00f3n. Cuenta con 2 bolsillos \u00abEasy pocket\u00bb con borde el\u00e1stico, uno exterior y otro interior. Dispone de una cremallera en el pecho. Tiene cuello alto. Los pu\u00f1os se pueden convertir en unos c\u00f3modos guantes en caso de necesidad; tambi\u00e9n incluye un silbato como accesorio, detalles que diferencian este producto de todos los dem\u00e1s que suelen ofrecer las numerosas marcas poco especializadas.<\/p>\n<p><strong>CARACTER\u00cdSTICAS:<\/strong><\/p>\n<\/div>\n<div class=\"carProdotto\">\n<ul>\n<li>media cremallera invisible frontal<\/li>\n<li>cuello alto protector<\/li>\n<li>guante integrado en la parte inferior del pu\u00f1o<\/li>\n<li>2 bolsillos \u00abEasy pocket\u00bb<\/li>\n<li>bolsillo con silbato de emergencia integrado<\/li>\n<\/ul>\n<\/div>\n<p><strong>&nbsp;<\/strong><\/p>\n<\/div>\n<div class=\"carProdotto\">\n<p>&nbsp;<\/p>\n<\/div>\n<\/div>\n","protected":false},"excerpt":{"rendered":"<ul>\n<li>sudadera con capucha ideal para actividades al aire libre de baja intensidad<\/li>\n<li>capucha ajustable con cord\u00f3n el\u00e1stico<\/li>\n<li>bordes el\u00e1sticos en la capucha y en el bajo de las mangas<\/li>\n<\/ul>\n","protected":false},"featured_media":238645,"template":"","meta":{"_acf_changed":false,"inline_featured_image":false},"product_brand":[],"product_cat":[24458,24463,24464],"product_tag":[23488,23611],"class_list":{"0":"post-285200","1":"product","2":"type-product","3":"status-publish","4":"has-post-thumbnail","6":"product_cat-camisetas-es-2","7":"product_cat-ropa-de-hombre-es","8":"product_cat-hombre","9":"product_tag-crazy-idea-es","10":"product_tag-crazy-idea-hombre","11":"pa_attivita-caminar","12":"pa_attivita-outdoor-es","13":"pa_colore-pull-umbolt-helicopter-es","14":"pa_marca-crazy-idea-es","15":"pa_sesso-hombre","16":"pa_size-medium-es","18":"first","19":"instock","20":"taxable","21":"shipping-taxable","22":"purchasable","23":"product-type-variable","24":"wvs-archive-product-wrapper"},"acf":[],"yoast_head":"<!-- This site is optimized with the Yoast SEO plugin v26.8 - https:\/\/yoast.com\/product\/yoast-seo-wordpress\/ -->\n<title>Crazy Idea Pull Umbolt hombre - Jersey de invierno - MioMioRun.com<\/title>\n<meta name=\"description\" content=\"Camiseta para correr y practicar raquetas de nieve en invierno, fruto de la amplia experiencia de los atletas del Team Crazy. Confeccionada en microfibra\" \/>\n<meta name=\"robots\" content=\"index, follow, max-snippet:-1, max-image-preview:large, max-video-preview:-1\" \/>\n<link rel=\"canonical\" href=\"https:\/\/www.miomiorun.com\/es\/producto\/pull-umbolt-hombre\/\" \/>\n<meta property=\"og:locale\" content=\"es_ES\" \/>\n<meta property=\"og:type\" content=\"article\" \/>\n<meta property=\"og:title\" content=\"Crazy Idea Pull Umbolt hombre - Jersey de invierno - MioMioRun.com\" \/>\n<meta property=\"og:description\" content=\"Camiseta para correr y practicar raquetas de nieve en invierno, fruto de la amplia experiencia de los atletas del Team Crazy. Confeccionada en microfibra\" \/>\n<meta property=\"og:url\" content=\"https:\/\/www.miomiorun.com\/es\/producto\/pull-umbolt-hombre\/\" \/>\n<meta property=\"og:site_name\" content=\"MioMioRun\" \/>\n<meta property=\"article:publisher\" content=\"https:\/\/www.facebook.com\/miomiorun\/\" \/>\n<meta property=\"article:modified_time\" content=\"2026-05-08T19:38:03+00:00\" \/>\n<meta property=\"og:image\" content=\"https:\/\/www.miomiorun.com\/app\/uploads\/2022\/12\/crazy-idea-pull-umbolt-print-orange-fluo-scottish-W22025110U-00X144.jpg\" \/>\n\t<meta property=\"og:image:width\" content=\"600\" \/>\n\t<meta property=\"og:image:height\" content=\"600\" \/>\n\t<meta property=\"og:image:type\" content=\"image\/jpeg\" \/>\n<meta name=\"twitter:card\" content=\"summary_large_image\" \/>\n<meta name=\"twitter:label1\" content=\"Est. reading time\" \/>\n\t<meta name=\"twitter:data1\" content=\"1 minute\" \/>\n<script type=\"application\/ld+json\" class=\"yoast-schema-graph\">{\"@context\":\"https:\/\/schema.org\",\"@graph\":[{\"@type\":\"WebPage\",\"@id\":\"https:\/\/www.miomiorun.com\/es\/producto\/pull-umbolt-hombre\/\",\"url\":\"https:\/\/www.miomiorun.com\/es\/producto\/pull-umbolt-hombre\/\",\"name\":\"Crazy Idea Pull Umbolt hombre - Jersey de invierno - MioMioRun.com\",\"isPartOf\":{\"@id\":\"https:\/\/www.miomiorun.com\/es\/#website\"},\"primaryImageOfPage\":{\"@id\":\"https:\/\/www.miomiorun.com\/es\/producto\/pull-umbolt-hombre\/#primaryimage\"},\"image\":{\"@id\":\"https:\/\/www.miomiorun.com\/es\/producto\/pull-umbolt-hombre\/#primaryimage\"},\"thumbnailUrl\":\"https:\/\/www.miomiorun.com\/app\/uploads\/2022\/12\/crazy-idea-pull-umbolt-print-orange-fluo-scottish-W22025110U-00X144.jpg\",\"datePublished\":\"2022-12-03T17:10:03+00:00\",\"dateModified\":\"2026-05-08T19:38:03+00:00\",\"description\":\"Camiseta para correr y practicar raquetas de nieve en invierno, fruto de la amplia experiencia de los atletas del Team Crazy. Confeccionada en microfibra\",\"breadcrumb\":{\"@id\":\"https:\/\/www.miomiorun.com\/es\/producto\/pull-umbolt-hombre\/#breadcrumb\"},\"inLanguage\":\"es-ES\",\"potentialAction\":[{\"@type\":\"ReadAction\",\"target\":[\"https:\/\/www.miomiorun.com\/es\/producto\/pull-umbolt-hombre\/\"]}]},{\"@type\":\"ImageObject\",\"inLanguage\":\"es-ES\",\"@id\":\"https:\/\/www.miomiorun.com\/es\/producto\/pull-umbolt-hombre\/#primaryimage\",\"url\":\"https:\/\/www.miomiorun.com\/app\/uploads\/2022\/12\/crazy-idea-pull-umbolt-print-orange-fluo-scottish-W22025110U-00X144.jpg\",\"contentUrl\":\"https:\/\/www.miomiorun.com\/app\/uploads\/2022\/12\/crazy-idea-pull-umbolt-print-orange-fluo-scottish-W22025110U-00X144.jpg\",\"width\":600,\"height\":600,\"caption\":\"crazy-idea-pull-umbolt-print-orange-fluo-scottish-W22025110U-00X144\"},{\"@type\":\"BreadcrumbList\",\"@id\":\"https:\/\/www.miomiorun.com\/es\/producto\/pull-umbolt-hombre\/#breadcrumb\",\"itemListElement\":[{\"@type\":\"ListItem\",\"position\":1,\"name\":\"Home\",\"item\":\"https:\/\/www.miomiorun.com\/es\/\"},{\"@type\":\"ListItem\",\"position\":2,\"name\":\"Shop\",\"item\":\"https:\/\/www.miomiorun.com\/shop\/\"},{\"@type\":\"ListItem\",\"position\":3,\"name\":\"Pull Umbolt hombre\"}]},{\"@type\":\"WebSite\",\"@id\":\"https:\/\/www.miomiorun.com\/es\/#website\",\"url\":\"https:\/\/www.miomiorun.com\/es\/\",\"name\":\"MioMioRun\",\"description\":\"Tienda 100% running y trail\",\"publisher\":{\"@id\":\"https:\/\/www.miomiorun.com\/es\/#organization\"},\"potentialAction\":[{\"@type\":\"SearchAction\",\"target\":{\"@type\":\"EntryPoint\",\"urlTemplate\":\"https:\/\/www.miomiorun.com\/es\/?s={search_term_string}\"},\"query-input\":{\"@type\":\"PropertyValueSpecification\",\"valueRequired\":true,\"valueName\":\"search_term_string\"}}],\"inLanguage\":\"es-ES\"},{\"@type\":\"Organization\",\"@id\":\"https:\/\/www.miomiorun.com\/es\/#organization\",\"name\":\"MioMio Run\",\"url\":\"https:\/\/www.miomiorun.com\/es\/\",\"logo\":{\"@type\":\"ImageObject\",\"inLanguage\":\"es-ES\",\"@id\":\"https:\/\/www.miomiorun.com\/es\/#\/schema\/logo\/image\/\",\"url\":\"https:\/\/www.miomiorun.com\/app\/uploads\/2019\/12\/logomio.png\",\"contentUrl\":\"https:\/\/www.miomiorun.com\/app\/uploads\/2019\/12\/logomio.png\",\"width\":115,\"height\":82,\"caption\":\"MioMio Run\"},\"image\":{\"@id\":\"https:\/\/www.miomiorun.com\/es\/#\/schema\/logo\/image\/\"},\"sameAs\":[\"https:\/\/www.facebook.com\/miomiorun\/\",\"https:\/\/www.instagram.com\/miomiorun\/\"]}]}<\/script>\n<!-- \/ Yoast SEO plugin. -->","yoast_head_json":{"title":"Crazy Idea Pull Umbolt hombre - Jersey de invierno - MioMioRun.com","description":"Camiseta para correr y practicar raquetas de nieve en invierno, fruto de la amplia experiencia de los atletas del Team Crazy. Confeccionada en microfibra","robots":{"index":"index","follow":"follow","max-snippet":"max-snippet:-1","max-image-preview":"max-image-preview:large","max-video-preview":"max-video-preview:-1"},"canonical":"https:\/\/www.miomiorun.com\/es\/producto\/pull-umbolt-hombre\/","og_locale":"es_ES","og_type":"article","og_title":"Crazy Idea Pull Umbolt hombre - Jersey de invierno - MioMioRun.com","og_description":"Camiseta para correr y practicar raquetas de nieve en invierno, fruto de la amplia experiencia de los atletas del Team Crazy. Confeccionada en microfibra","og_url":"https:\/\/www.miomiorun.com\/es\/producto\/pull-umbolt-hombre\/","og_site_name":"MioMioRun","article_publisher":"https:\/\/www.facebook.com\/miomiorun\/","article_modified_time":"2026-05-08T19:38:03+00:00","og_image":[{"width":600,"height":600,"url":"https:\/\/www.miomiorun.com\/app\/uploads\/2022\/12\/crazy-idea-pull-umbolt-print-orange-fluo-scottish-W22025110U-00X144.jpg","type":"image\/jpeg"}],"twitter_card":"summary_large_image","twitter_misc":{"Est. reading time":"1 minute"},"schema":{"@context":"https:\/\/schema.org","@graph":[{"@type":"WebPage","@id":"https:\/\/www.miomiorun.com\/es\/producto\/pull-umbolt-hombre\/","url":"https:\/\/www.miomiorun.com\/es\/producto\/pull-umbolt-hombre\/","name":"Crazy Idea Pull Umbolt hombre - Jersey de invierno - MioMioRun.com","isPartOf":{"@id":"https:\/\/www.miomiorun.com\/es\/#website"},"primaryImageOfPage":{"@id":"https:\/\/www.miomiorun.com\/es\/producto\/pull-umbolt-hombre\/#primaryimage"},"image":{"@id":"https:\/\/www.miomiorun.com\/es\/producto\/pull-umbolt-hombre\/#primaryimage"},"thumbnailUrl":"https:\/\/www.miomiorun.com\/app\/uploads\/2022\/12\/crazy-idea-pull-umbolt-print-orange-fluo-scottish-W22025110U-00X144.jpg","datePublished":"2022-12-03T17:10:03+00:00","dateModified":"2026-05-08T19:38:03+00:00","description":"Camiseta para correr y practicar raquetas de nieve en invierno, fruto de la amplia experiencia de los atletas del Team Crazy. Confeccionada en microfibra","breadcrumb":{"@id":"https:\/\/www.miomiorun.com\/es\/producto\/pull-umbolt-hombre\/#breadcrumb"},"inLanguage":"es-ES","potentialAction":[{"@type":"ReadAction","target":["https:\/\/www.miomiorun.com\/es\/producto\/pull-umbolt-hombre\/"]}]},{"@type":"ImageObject","inLanguage":"es-ES","@id":"https:\/\/www.miomiorun.com\/es\/producto\/pull-umbolt-hombre\/#primaryimage","url":"https:\/\/www.miomiorun.com\/app\/uploads\/2022\/12\/crazy-idea-pull-umbolt-print-orange-fluo-scottish-W22025110U-00X144.jpg","contentUrl":"https:\/\/www.miomiorun.com\/app\/uploads\/2022\/12\/crazy-idea-pull-umbolt-print-orange-fluo-scottish-W22025110U-00X144.jpg","width":600,"height":600,"caption":"crazy-idea-pull-umbolt-print-orange-fluo-scottish-W22025110U-00X144"},{"@type":"BreadcrumbList","@id":"https:\/\/www.miomiorun.com\/es\/producto\/pull-umbolt-hombre\/#breadcrumb","itemListElement":[{"@type":"ListItem","position":1,"name":"Home","item":"https:\/\/www.miomiorun.com\/es\/"},{"@type":"ListItem","position":2,"name":"Shop","item":"https:\/\/www.miomiorun.com\/shop\/"},{"@type":"ListItem","position":3,"name":"Pull Umbolt hombre"}]},{"@type":"WebSite","@id":"https:\/\/www.miomiorun.com\/es\/#website","url":"https:\/\/www.miomiorun.com\/es\/","name":"MioMioRun","description":"Tienda 100% running y trail","publisher":{"@id":"https:\/\/www.miomiorun.com\/es\/#organization"},"potentialAction":[{"@type":"SearchAction","target":{"@type":"EntryPoint","urlTemplate":"https:\/\/www.miomiorun.com\/es\/?s={search_term_string}"},"query-input":{"@type":"PropertyValueSpecification","valueRequired":true,"valueName":"search_term_string"}}],"inLanguage":"es-ES"},{"@type":"Organization","@id":"https:\/\/www.miomiorun.com\/es\/#organization","name":"MioMio Run","url":"https:\/\/www.miomiorun.com\/es\/","logo":{"@type":"ImageObject","inLanguage":"es-ES","@id":"https:\/\/www.miomiorun.com\/es\/#\/schema\/logo\/image\/","url":"https:\/\/www.miomiorun.com\/app\/uploads\/2019\/12\/logomio.png","contentUrl":"https:\/\/www.miomiorun.com\/app\/uploads\/2019\/12\/logomio.png","width":115,"height":82,"caption":"MioMio Run"},"image":{"@id":"https:\/\/www.miomiorun.com\/es\/#\/schema\/logo\/image\/"},"sameAs":["https:\/\/www.facebook.com\/miomiorun\/","https:\/\/www.instagram.com\/miomiorun\/"]}]}},"_links":{"self":[{"href":"https:\/\/www.miomiorun.com\/es\/wp-json\/wp\/v2\/product\/285200","targetHints":{"allow":["GET"]}}],"collection":[{"href":"https:\/\/www.miomiorun.com\/es\/wp-json\/wp\/v2\/product"}],"about":[{"href":"https:\/\/www.miomiorun.com\/es\/wp-json\/wp\/v2\/types\/product"}],"wp:featuredmedia":[{"embeddable":true,"href":"https:\/\/www.miomiorun.com\/es\/wp-json\/wp\/v2\/media\/238645"}],"wp:attachment":[{"href":"https:\/\/www.miomiorun.com\/es\/wp-json\/wp\/v2\/media?parent=285200"}],"wp:term":[{"taxonomy":"product_brand","embeddable":true,"href":"https:\/\/www.miomiorun.com\/es\/wp-json\/wp\/v2\/product_brand?post=285200"},{"taxonomy":"product_cat","embeddable":true,"href":"https:\/\/www.miomiorun.com\/es\/wp-json\/wp\/v2\/product_cat?post=285200"},{"taxonomy":"product_tag","embeddable":true,"href":"https:\/\/www.miomiorun.com\/es\/wp-json\/wp\/v2\/product_tag?post=285200"}],"curies":[{"name":"wp","href":"https:\/\/api.w.org\/{rel}","templated":true}]}}