{"id":285151,"date":"2022-12-13T17:38:52","date_gmt":"2022-12-13T16:38:52","guid":{"rendered":"https:\/\/miomiorun.com\/prodotto\/andromeda-pants-donna\/"},"modified":"2026-05-08T21:37:41","modified_gmt":"2026-05-08T19:37:41","slug":"andromeda-pants-mujer","status":"publish","type":"product","link":"https:\/\/www.miomiorun.com\/es\/producto\/andromeda-pants-mujer\/","title":{"rendered":"Andromeda Pants mujer"},"content":{"rendered":"<p><strong>Pantalones Andromeda<\/strong> para mujer: unos pantalones largos confeccionados en tejido jersey el\u00e1stico, transpirable y con alta protecci\u00f3n contra los rayos UV. Una prenda ideal para actividades al aire libre, fitness y tiempo libre.<\/p>\n<p><strong>Caracter\u00edsticas:<\/strong><\/p>\n<p>\u2022 Pantal\u00f3n largo para mujer<br \/>\n\u2022 Tejido jersey el\u00e1stico DWR con felpa en el rev\u00e9s, que garantiza comodidad t\u00e9rmica, transpirabilidad y alta protecci\u00f3n contra los rayos UV<br \/>\n\u2022 Cintura con el\u00e1stico<br \/>\n\u2022 Bolsillos laterales con cremallera<br \/>\n\u2022 Prenda ideal para actividades al aire libre, fitness y tiempo libre<\/p>\n<p class=\"product-weight\">Peso: 0,23 kg<\/p>\n<p><img decoding=\"async\" src=\"https:\/\/www.montura.it\/media\/amasty\/shopby\/option_images\/slider\/ICM94.svg\" alt=\"ICM94\"><\/p>\n<p>&nbsp;<\/p>\n","protected":false},"excerpt":{"rendered":"<p>\u2022 Tejido jersey el\u00e1stico con tratamiento DWR y felpa en el rev\u00e9s, que garantiza comodidad t\u00e9rmica, transpirabilidad y una alta protecci\u00f3n contra los rayos UV<br \/>\n\u2022 Cintura con el\u00e1stico<br \/>\n\u2022 Bolsillos laterales con cremallera<\/p>\n","protected":false},"featured_media":238867,"template":"","meta":{"_acf_changed":false,"inline_featured_image":false},"product_brand":[],"product_cat":[24225,24401,24402],"product_tag":[23513,23631],"class_list":{"0":"post-285151","1":"product","2":"type-product","3":"status-publish","4":"has-post-thumbnail","6":"product_cat-pantalones-largos","7":"product_cat-ropa-de-mujer","8":"product_cat-mujer","9":"product_tag-montura-es","10":"product_tag-montura-mujer","11":"pa_attivita-caminar","12":"pa_attivita-fitness-es","13":"pa_attivita-outdoor-es","14":"pa_colore-andromeda-pants-woman-nero-light-rose-es","15":"pa_marca-montura-es","16":"pa_sesso-mujer","17":"pa_size-medium-es","19":"first","20":"instock","21":"taxable","22":"shipping-taxable","23":"purchasable","24":"product-type-variable","25":"wvs-archive-product-wrapper"},"acf":[],"yoast_head":"<!-- This site is optimized with the Yoast SEO plugin v26.8 - https:\/\/yoast.com\/product\/yoast-seo-wordpress\/ -->\n<title>Montura Andromeda Pants mujer - pantalones - MioMioRun<\/title>\n<meta name=\"description\" content=\"Los pantalones Andromeda para mujer son unos pantalones largos confeccionados en tejido jersey el\u00e1stico, transpirable y con alta protecci\u00f3n contra los rayos UV.\" \/>\n<meta name=\"robots\" content=\"index, follow, max-snippet:-1, max-image-preview:large, max-video-preview:-1\" \/>\n<link rel=\"canonical\" href=\"https:\/\/www.miomiorun.com\/es\/producto\/andromeda-pants-mujer\/\" \/>\n<meta property=\"og:locale\" content=\"es_ES\" \/>\n<meta property=\"og:type\" content=\"article\" \/>\n<meta property=\"og:title\" content=\"Montura Andromeda Pants mujer - pantalones - MioMioRun\" \/>\n<meta property=\"og:description\" content=\"Los pantalones Andromeda para mujer son unos pantalones largos confeccionados en tejido jersey el\u00e1stico, transpirable y con alta protecci\u00f3n contra los rayos UV.\" \/>\n<meta property=\"og:url\" content=\"https:\/\/www.miomiorun.com\/es\/producto\/andromeda-pants-mujer\/\" \/>\n<meta property=\"og:site_name\" content=\"MioMioRun\" \/>\n<meta property=\"article:publisher\" content=\"https:\/\/www.facebook.com\/miomiorun\/\" \/>\n<meta property=\"article:modified_time\" content=\"2026-05-08T19:37:41+00:00\" \/>\n<meta property=\"og:image\" content=\"https:\/\/www.miomiorun.com\/app\/uploads\/2022\/12\/montura-andromeda-pants-W-nero-care-blu-MPLR41W.9028.jpg\" \/>\n\t<meta property=\"og:image:width\" content=\"600\" \/>\n\t<meta property=\"og:image:height\" content=\"600\" \/>\n\t<meta property=\"og:image:type\" content=\"image\/jpeg\" \/>\n<meta name=\"twitter:card\" content=\"summary_large_image\" \/>\n<script type=\"application\/ld+json\" class=\"yoast-schema-graph\">{\"@context\":\"https:\/\/schema.org\",\"@graph\":[{\"@type\":\"WebPage\",\"@id\":\"https:\/\/www.miomiorun.com\/es\/producto\/andromeda-pants-mujer\/\",\"url\":\"https:\/\/www.miomiorun.com\/es\/producto\/andromeda-pants-mujer\/\",\"name\":\"Montura Andromeda Pants mujer - pantalones - MioMioRun\",\"isPartOf\":{\"@id\":\"https:\/\/www.miomiorun.com\/es\/#website\"},\"primaryImageOfPage\":{\"@id\":\"https:\/\/www.miomiorun.com\/es\/producto\/andromeda-pants-mujer\/#primaryimage\"},\"image\":{\"@id\":\"https:\/\/www.miomiorun.com\/es\/producto\/andromeda-pants-mujer\/#primaryimage\"},\"thumbnailUrl\":\"https:\/\/www.miomiorun.com\/app\/uploads\/2022\/12\/montura-andromeda-pants-W-nero-care-blu-MPLR41W.9028.jpg\",\"datePublished\":\"2022-12-13T16:38:52+00:00\",\"dateModified\":\"2026-05-08T19:37:41+00:00\",\"description\":\"Los pantalones Andromeda para mujer son unos pantalones largos confeccionados en tejido jersey el\u00e1stico, transpirable y con alta protecci\u00f3n contra los rayos UV.\",\"breadcrumb\":{\"@id\":\"https:\/\/www.miomiorun.com\/es\/producto\/andromeda-pants-mujer\/#breadcrumb\"},\"inLanguage\":\"es-ES\",\"potentialAction\":[{\"@type\":\"ReadAction\",\"target\":[\"https:\/\/www.miomiorun.com\/es\/producto\/andromeda-pants-mujer\/\"]}]},{\"@type\":\"ImageObject\",\"inLanguage\":\"es-ES\",\"@id\":\"https:\/\/www.miomiorun.com\/es\/producto\/andromeda-pants-mujer\/#primaryimage\",\"url\":\"https:\/\/www.miomiorun.com\/app\/uploads\/2022\/12\/montura-andromeda-pants-W-nero-care-blu-MPLR41W.9028.jpg\",\"contentUrl\":\"https:\/\/www.miomiorun.com\/app\/uploads\/2022\/12\/montura-andromeda-pants-W-nero-care-blu-MPLR41W.9028.jpg\",\"width\":600,\"height\":600,\"caption\":\"montura-andromeda-pants-W-nero-care-blu-MPLR41W.9028\"},{\"@type\":\"BreadcrumbList\",\"@id\":\"https:\/\/www.miomiorun.com\/es\/producto\/andromeda-pants-mujer\/#breadcrumb\",\"itemListElement\":[{\"@type\":\"ListItem\",\"position\":1,\"name\":\"Home\",\"item\":\"https:\/\/www.miomiorun.com\/es\/\"},{\"@type\":\"ListItem\",\"position\":2,\"name\":\"Shop\",\"item\":\"https:\/\/www.miomiorun.com\/shop\/\"},{\"@type\":\"ListItem\",\"position\":3,\"name\":\"Andromeda Pants mujer\"}]},{\"@type\":\"WebSite\",\"@id\":\"https:\/\/www.miomiorun.com\/es\/#website\",\"url\":\"https:\/\/www.miomiorun.com\/es\/\",\"name\":\"MioMioRun\",\"description\":\"Tienda 100% running y trail\",\"publisher\":{\"@id\":\"https:\/\/www.miomiorun.com\/es\/#organization\"},\"potentialAction\":[{\"@type\":\"SearchAction\",\"target\":{\"@type\":\"EntryPoint\",\"urlTemplate\":\"https:\/\/www.miomiorun.com\/es\/?s={search_term_string}\"},\"query-input\":{\"@type\":\"PropertyValueSpecification\",\"valueRequired\":true,\"valueName\":\"search_term_string\"}}],\"inLanguage\":\"es-ES\"},{\"@type\":\"Organization\",\"@id\":\"https:\/\/www.miomiorun.com\/es\/#organization\",\"name\":\"MioMio Run\",\"url\":\"https:\/\/www.miomiorun.com\/es\/\",\"logo\":{\"@type\":\"ImageObject\",\"inLanguage\":\"es-ES\",\"@id\":\"https:\/\/www.miomiorun.com\/es\/#\/schema\/logo\/image\/\",\"url\":\"https:\/\/www.miomiorun.com\/app\/uploads\/2019\/12\/logomio.png\",\"contentUrl\":\"https:\/\/www.miomiorun.com\/app\/uploads\/2019\/12\/logomio.png\",\"width\":115,\"height\":82,\"caption\":\"MioMio Run\"},\"image\":{\"@id\":\"https:\/\/www.miomiorun.com\/es\/#\/schema\/logo\/image\/\"},\"sameAs\":[\"https:\/\/www.facebook.com\/miomiorun\/\",\"https:\/\/www.instagram.com\/miomiorun\/\"]}]}<\/script>\n<!-- \/ Yoast SEO plugin. -->","yoast_head_json":{"title":"Montura Andromeda Pants mujer - pantalones - MioMioRun","description":"Los pantalones Andromeda para mujer son unos pantalones largos confeccionados en tejido jersey el\u00e1stico, transpirable y con alta protecci\u00f3n contra los rayos UV.","robots":{"index":"index","follow":"follow","max-snippet":"max-snippet:-1","max-image-preview":"max-image-preview:large","max-video-preview":"max-video-preview:-1"},"canonical":"https:\/\/www.miomiorun.com\/es\/producto\/andromeda-pants-mujer\/","og_locale":"es_ES","og_type":"article","og_title":"Montura Andromeda Pants mujer - pantalones - MioMioRun","og_description":"Los pantalones Andromeda para mujer son unos pantalones largos confeccionados en tejido jersey el\u00e1stico, transpirable y con alta protecci\u00f3n contra los rayos UV.","og_url":"https:\/\/www.miomiorun.com\/es\/producto\/andromeda-pants-mujer\/","og_site_name":"MioMioRun","article_publisher":"https:\/\/www.facebook.com\/miomiorun\/","article_modified_time":"2026-05-08T19:37:41+00:00","og_image":[{"width":600,"height":600,"url":"https:\/\/www.miomiorun.com\/app\/uploads\/2022\/12\/montura-andromeda-pants-W-nero-care-blu-MPLR41W.9028.jpg","type":"image\/jpeg"}],"twitter_card":"summary_large_image","schema":{"@context":"https:\/\/schema.org","@graph":[{"@type":"WebPage","@id":"https:\/\/www.miomiorun.com\/es\/producto\/andromeda-pants-mujer\/","url":"https:\/\/www.miomiorun.com\/es\/producto\/andromeda-pants-mujer\/","name":"Montura Andromeda Pants mujer - pantalones - MioMioRun","isPartOf":{"@id":"https:\/\/www.miomiorun.com\/es\/#website"},"primaryImageOfPage":{"@id":"https:\/\/www.miomiorun.com\/es\/producto\/andromeda-pants-mujer\/#primaryimage"},"image":{"@id":"https:\/\/www.miomiorun.com\/es\/producto\/andromeda-pants-mujer\/#primaryimage"},"thumbnailUrl":"https:\/\/www.miomiorun.com\/app\/uploads\/2022\/12\/montura-andromeda-pants-W-nero-care-blu-MPLR41W.9028.jpg","datePublished":"2022-12-13T16:38:52+00:00","dateModified":"2026-05-08T19:37:41+00:00","description":"Los pantalones Andromeda para mujer son unos pantalones largos confeccionados en tejido jersey el\u00e1stico, transpirable y con alta protecci\u00f3n contra los rayos UV.","breadcrumb":{"@id":"https:\/\/www.miomiorun.com\/es\/producto\/andromeda-pants-mujer\/#breadcrumb"},"inLanguage":"es-ES","potentialAction":[{"@type":"ReadAction","target":["https:\/\/www.miomiorun.com\/es\/producto\/andromeda-pants-mujer\/"]}]},{"@type":"ImageObject","inLanguage":"es-ES","@id":"https:\/\/www.miomiorun.com\/es\/producto\/andromeda-pants-mujer\/#primaryimage","url":"https:\/\/www.miomiorun.com\/app\/uploads\/2022\/12\/montura-andromeda-pants-W-nero-care-blu-MPLR41W.9028.jpg","contentUrl":"https:\/\/www.miomiorun.com\/app\/uploads\/2022\/12\/montura-andromeda-pants-W-nero-care-blu-MPLR41W.9028.jpg","width":600,"height":600,"caption":"montura-andromeda-pants-W-nero-care-blu-MPLR41W.9028"},{"@type":"BreadcrumbList","@id":"https:\/\/www.miomiorun.com\/es\/producto\/andromeda-pants-mujer\/#breadcrumb","itemListElement":[{"@type":"ListItem","position":1,"name":"Home","item":"https:\/\/www.miomiorun.com\/es\/"},{"@type":"ListItem","position":2,"name":"Shop","item":"https:\/\/www.miomiorun.com\/shop\/"},{"@type":"ListItem","position":3,"name":"Andromeda Pants mujer"}]},{"@type":"WebSite","@id":"https:\/\/www.miomiorun.com\/es\/#website","url":"https:\/\/www.miomiorun.com\/es\/","name":"MioMioRun","description":"Tienda 100% running y trail","publisher":{"@id":"https:\/\/www.miomiorun.com\/es\/#organization"},"potentialAction":[{"@type":"SearchAction","target":{"@type":"EntryPoint","urlTemplate":"https:\/\/www.miomiorun.com\/es\/?s={search_term_string}"},"query-input":{"@type":"PropertyValueSpecification","valueRequired":true,"valueName":"search_term_string"}}],"inLanguage":"es-ES"},{"@type":"Organization","@id":"https:\/\/www.miomiorun.com\/es\/#organization","name":"MioMio Run","url":"https:\/\/www.miomiorun.com\/es\/","logo":{"@type":"ImageObject","inLanguage":"es-ES","@id":"https:\/\/www.miomiorun.com\/es\/#\/schema\/logo\/image\/","url":"https:\/\/www.miomiorun.com\/app\/uploads\/2019\/12\/logomio.png","contentUrl":"https:\/\/www.miomiorun.com\/app\/uploads\/2019\/12\/logomio.png","width":115,"height":82,"caption":"MioMio Run"},"image":{"@id":"https:\/\/www.miomiorun.com\/es\/#\/schema\/logo\/image\/"},"sameAs":["https:\/\/www.facebook.com\/miomiorun\/","https:\/\/www.instagram.com\/miomiorun\/"]}]}},"_links":{"self":[{"href":"https:\/\/www.miomiorun.com\/es\/wp-json\/wp\/v2\/product\/285151","targetHints":{"allow":["GET"]}}],"collection":[{"href":"https:\/\/www.miomiorun.com\/es\/wp-json\/wp\/v2\/product"}],"about":[{"href":"https:\/\/www.miomiorun.com\/es\/wp-json\/wp\/v2\/types\/product"}],"wp:featuredmedia":[{"embeddable":true,"href":"https:\/\/www.miomiorun.com\/es\/wp-json\/wp\/v2\/media\/238867"}],"wp:attachment":[{"href":"https:\/\/www.miomiorun.com\/es\/wp-json\/wp\/v2\/media?parent=285151"}],"wp:term":[{"taxonomy":"product_brand","embeddable":true,"href":"https:\/\/www.miomiorun.com\/es\/wp-json\/wp\/v2\/product_brand?post=285151"},{"taxonomy":"product_cat","embeddable":true,"href":"https:\/\/www.miomiorun.com\/es\/wp-json\/wp\/v2\/product_cat?post=285151"},{"taxonomy":"product_tag","embeddable":true,"href":"https:\/\/www.miomiorun.com\/es\/wp-json\/wp\/v2\/product_tag?post=285151"}],"curies":[{"name":"wp","href":"https:\/\/api.w.org\/{rel}","templated":true}]}}