{"id":284612,"date":"2023-02-09T14:05:39","date_gmt":"2023-02-09T13:05:39","guid":{"rendered":"https:\/\/miomiorun.com\/prodotto\/crescendo-md\/"},"modified":"2026-04-23T11:42:37","modified_gmt":"2026-04-23T09:42:37","slug":"crescendo-md","status":"publish","type":"product","link":"https:\/\/www.miomiorun.com\/es\/producto\/crescendo-md\/","title":{"rendered":"Crescendo MD"},"content":{"rendered":"<div class=\"vc-row container\"><div class=\"vc-column\"><div class=\"vc-column-text\"><\/p>\n<p><strong>Especificaciones t\u00e9cnicas<\/strong><\/p>\n<p>Categor\u00eda: pista<\/p>\n<p>Peso: 139 g<br \/>\nIdeal para: atletas que buscan zapatillas con clavos para entrenamientos y competiciones en pista en distancias de hasta 5000 metros, pero tambi\u00e9n para cross.<br \/>\nPeso del atleta: 50-75 kg<br \/>\nRitmo de carrera: r\u00e1pido &lt; 3,30 min\/km<br \/>\n<a href=\"https:\/\/miomiorun.com\/guida-alle-specifiche-tecniche\/\">Gu\u00eda de especificaciones t\u00e9cnicas<\/a><\/p>\n<p><\/div><\/div><div class=\"vc-column\"><div class=\"vc-column-text\"><\/p>\n<h3>Dise\u00f1adas para la velocidad. Amortiguadas para mayor comodidad.<\/h3>\n<p>Zapatilla con clavos <strong>de nivel b\u00e1sico<\/strong> con m\u00e1s amortiguaci\u00f3n y espuma en la entresuela que nuestros modelos de \u00e9lite, la <strong>Crescendo MD<\/strong> est\u00e1 pensada para la velocidad con una placa de <strong>6 clavos<\/strong> y una parte superior de malla de una sola capa adecuada para las carreras. Dise\u00f1ado con la suela m\u00e1s gruesa que ver\u00e1s en la pista, este modelo derivado, ideal para principiantes, no pasar\u00e1 desapercibido en la l\u00ednea de salida de tu primera carrera de 4&#215;400 o 2 millas.<\/p>\n<h3>Caracter\u00edsticas:<\/h3>\n<ul>\n<li class=\"feature-item\">Malla transpirable<\/li>\n<li class=\"feature-item\">Estructura anat\u00f3mica de la leng\u00fceta<\/li>\n<li class=\"feature-item\">EVA moldeado por compresi\u00f3n<\/li>\n<li class=\"feature-item\">Placa con clavos Pebax\u00ae<\/li>\n<li class=\"feature-item\">Modelo vegano<\/li>\n<\/ul>\n<h2>Estabilidad<\/h2>\n<p>Crescendo MD cuenta con una plantilla amortiguada sim\u00e9trica, sin tecnolog\u00edas ortop\u00e9dicas adicionales. Dise\u00f1ada para ofrecerte la sujeci\u00f3n que necesitas, sin caracter\u00edsticas superfluas.<\/p>\n<h2>Amortiguaci\u00f3n<\/h2>\n<p>Crescendo MD presenta una amortiguaci\u00f3n de perfil bajo que mantiene el pie m\u00e1s cerca del suelo y utiliza un material m\u00e1s compacto, dise\u00f1ado para que el impulso sea m\u00e1s eficiente.<\/div><\/div><\/div>\n","protected":false},"excerpt":{"rendered":"<ol class=\"m-unordered__list\">\n<li class=\"feature-item\">Malla transpirable<\/li>\n<li class=\"feature-item\">Estructura anat\u00f3mica de la leng\u00fceta<\/li>\n<li class=\"feature-item\">EVA moldeado por compresi\u00f3n<\/li>\n<\/ol>\n","protected":false},"featured_media":239576,"template":"","meta":{"_acf_changed":false,"inline_featured_image":false},"product_brand":[],"product_cat":[24227,24454,24228,24453],"product_tag":[23479,23605,23645],"class_list":{"0":"post-284612","1":"product","2":"type-product","3":"status-publish","4":"has-post-thumbnail","6":"product_cat-calzado-femenino","7":"product_cat-calzado-para-hombre","8":"product_cat-neutre-es","9":"product_cat-neutre-es-3","10":"product_tag-hoka-one-one-es","11":"product_tag-hoka-hombre","12":"product_tag-hoka-mujer","13":"pa_attivita-running-es","14":"pa_colore-crescendo-md-black-white-es","15":"pa_colore-crescendo-md-ceramic-diva-blue-es","16":"pa_marca-hoka-es","17":"pa_sesso-hombre","18":"pa_sesso-mujer","19":"pa_size-38-es","20":"pa_size-42-es","21":"pa_size-44-es","23":"pa_size-45-es","25":"first","26":"instock","27":"sale","28":"taxable","29":"shipping-taxable","30":"purchasable","31":"product-type-variable","32":"wvs-archive-product-wrapper"},"acf":[],"yoast_head":"<!-- This site is optimized with the Yoast SEO plugin v26.8 - https:\/\/yoast.com\/product\/yoast-seo-wordpress\/ -->\n<title>Hoka one one Crescendo MD -Zapatos con tachuelas - MioMioRun.com<\/title>\n<meta name=\"description\" content=\"Crescendo MD cuenta con un somier sim\u00e9trico amortiguado, sin otras tecnolog\u00edas ortop\u00e9dicas. Dise\u00f1ada para ofrecerte el soporte que necesitas.\" \/>\n<meta name=\"robots\" content=\"index, follow, max-snippet:-1, max-image-preview:large, max-video-preview:-1\" \/>\n<link rel=\"canonical\" href=\"https:\/\/www.miomiorun.com\/es\/producto\/crescendo-md\/\" \/>\n<meta property=\"og:locale\" content=\"es_ES\" \/>\n<meta property=\"og:type\" content=\"article\" \/>\n<meta property=\"og:title\" content=\"Hoka one one Crescendo MD -Zapatos con tachuelas - MioMioRun.com\" \/>\n<meta property=\"og:description\" content=\"Crescendo MD cuenta con un somier sim\u00e9trico amortiguado, sin otras tecnolog\u00edas ortop\u00e9dicas. Dise\u00f1ada para ofrecerte el soporte que necesitas.\" \/>\n<meta property=\"og:url\" content=\"https:\/\/www.miomiorun.com\/es\/producto\/crescendo-md\/\" \/>\n<meta property=\"og:site_name\" content=\"MioMioRun\" \/>\n<meta property=\"article:publisher\" content=\"https:\/\/www.facebook.com\/miomiorun\/\" \/>\n<meta property=\"article:modified_time\" content=\"2026-04-23T09:42:37+00:00\" \/>\n<meta property=\"og:image\" content=\"https:\/\/www.miomiorun.com\/app\/uploads\/2023\/03\/hoka-one-one-crescendo-MD-black-white-1134520-BWHT.jpg\" \/>\n\t<meta property=\"og:image:width\" content=\"600\" \/>\n\t<meta property=\"og:image:height\" content=\"600\" \/>\n\t<meta property=\"og:image:type\" content=\"image\/jpeg\" \/>\n<meta name=\"twitter:card\" content=\"summary_large_image\" \/>\n<meta name=\"twitter:label1\" content=\"Est. reading time\" \/>\n\t<meta name=\"twitter:data1\" content=\"1 minute\" \/>\n<script type=\"application\/ld+json\" class=\"yoast-schema-graph\">{\"@context\":\"https:\/\/schema.org\",\"@graph\":[{\"@type\":\"WebPage\",\"@id\":\"https:\/\/www.miomiorun.com\/es\/producto\/crescendo-md\/\",\"url\":\"https:\/\/www.miomiorun.com\/es\/producto\/crescendo-md\/\",\"name\":\"Hoka one one Crescendo MD -Zapatos con tachuelas - MioMioRun.com\",\"isPartOf\":{\"@id\":\"https:\/\/www.miomiorun.com\/es\/#website\"},\"primaryImageOfPage\":{\"@id\":\"https:\/\/www.miomiorun.com\/es\/producto\/crescendo-md\/#primaryimage\"},\"image\":{\"@id\":\"https:\/\/www.miomiorun.com\/es\/producto\/crescendo-md\/#primaryimage\"},\"thumbnailUrl\":\"https:\/\/www.miomiorun.com\/app\/uploads\/2023\/03\/hoka-one-one-crescendo-MD-black-white-1134520-BWHT.jpg\",\"datePublished\":\"2023-02-09T13:05:39+00:00\",\"dateModified\":\"2026-04-23T09:42:37+00:00\",\"description\":\"Crescendo MD cuenta con un somier sim\u00e9trico amortiguado, sin otras tecnolog\u00edas ortop\u00e9dicas. Dise\u00f1ada para ofrecerte el soporte que necesitas.\",\"breadcrumb\":{\"@id\":\"https:\/\/www.miomiorun.com\/es\/producto\/crescendo-md\/#breadcrumb\"},\"inLanguage\":\"es-ES\",\"potentialAction\":[{\"@type\":\"ReadAction\",\"target\":[\"https:\/\/www.miomiorun.com\/es\/producto\/crescendo-md\/\"]}]},{\"@type\":\"ImageObject\",\"inLanguage\":\"es-ES\",\"@id\":\"https:\/\/www.miomiorun.com\/es\/producto\/crescendo-md\/#primaryimage\",\"url\":\"https:\/\/www.miomiorun.com\/app\/uploads\/2023\/03\/hoka-one-one-crescendo-MD-black-white-1134520-BWHT.jpg\",\"contentUrl\":\"https:\/\/www.miomiorun.com\/app\/uploads\/2023\/03\/hoka-one-one-crescendo-MD-black-white-1134520-BWHT.jpg\",\"width\":600,\"height\":600,\"caption\":\"hoka-one-one-crescendo-MD-black-white-1134520-BWHT\"},{\"@type\":\"BreadcrumbList\",\"@id\":\"https:\/\/www.miomiorun.com\/es\/producto\/crescendo-md\/#breadcrumb\",\"itemListElement\":[{\"@type\":\"ListItem\",\"position\":1,\"name\":\"Home\",\"item\":\"https:\/\/www.miomiorun.com\/es\/\"},{\"@type\":\"ListItem\",\"position\":2,\"name\":\"Shop\",\"item\":\"https:\/\/www.miomiorun.com\/shop\/\"},{\"@type\":\"ListItem\",\"position\":3,\"name\":\"Crescendo MD\"}]},{\"@type\":\"WebSite\",\"@id\":\"https:\/\/www.miomiorun.com\/es\/#website\",\"url\":\"https:\/\/www.miomiorun.com\/es\/\",\"name\":\"MioMioRun\",\"description\":\"Tienda 100% running y trail\",\"publisher\":{\"@id\":\"https:\/\/www.miomiorun.com\/es\/#organization\"},\"potentialAction\":[{\"@type\":\"SearchAction\",\"target\":{\"@type\":\"EntryPoint\",\"urlTemplate\":\"https:\/\/www.miomiorun.com\/es\/?s={search_term_string}\"},\"query-input\":{\"@type\":\"PropertyValueSpecification\",\"valueRequired\":true,\"valueName\":\"search_term_string\"}}],\"inLanguage\":\"es-ES\"},{\"@type\":\"Organization\",\"@id\":\"https:\/\/www.miomiorun.com\/es\/#organization\",\"name\":\"MioMio Run\",\"url\":\"https:\/\/www.miomiorun.com\/es\/\",\"logo\":{\"@type\":\"ImageObject\",\"inLanguage\":\"es-ES\",\"@id\":\"https:\/\/www.miomiorun.com\/es\/#\/schema\/logo\/image\/\",\"url\":\"https:\/\/www.miomiorun.com\/app\/uploads\/2019\/12\/logomio.png\",\"contentUrl\":\"https:\/\/www.miomiorun.com\/app\/uploads\/2019\/12\/logomio.png\",\"width\":115,\"height\":82,\"caption\":\"MioMio Run\"},\"image\":{\"@id\":\"https:\/\/www.miomiorun.com\/es\/#\/schema\/logo\/image\/\"},\"sameAs\":[\"https:\/\/www.facebook.com\/miomiorun\/\",\"https:\/\/www.instagram.com\/miomiorun\/\"]}]}<\/script>\n<!-- \/ Yoast SEO plugin. -->","yoast_head_json":{"title":"Hoka one one Crescendo MD -Zapatos con tachuelas - MioMioRun.com","description":"Crescendo MD cuenta con un somier sim\u00e9trico amortiguado, sin otras tecnolog\u00edas ortop\u00e9dicas. Dise\u00f1ada para ofrecerte el soporte que necesitas.","robots":{"index":"index","follow":"follow","max-snippet":"max-snippet:-1","max-image-preview":"max-image-preview:large","max-video-preview":"max-video-preview:-1"},"canonical":"https:\/\/www.miomiorun.com\/es\/producto\/crescendo-md\/","og_locale":"es_ES","og_type":"article","og_title":"Hoka one one Crescendo MD -Zapatos con tachuelas - MioMioRun.com","og_description":"Crescendo MD cuenta con un somier sim\u00e9trico amortiguado, sin otras tecnolog\u00edas ortop\u00e9dicas. Dise\u00f1ada para ofrecerte el soporte que necesitas.","og_url":"https:\/\/www.miomiorun.com\/es\/producto\/crescendo-md\/","og_site_name":"MioMioRun","article_publisher":"https:\/\/www.facebook.com\/miomiorun\/","article_modified_time":"2026-04-23T09:42:37+00:00","og_image":[{"width":600,"height":600,"url":"https:\/\/www.miomiorun.com\/app\/uploads\/2023\/03\/hoka-one-one-crescendo-MD-black-white-1134520-BWHT.jpg","type":"image\/jpeg"}],"twitter_card":"summary_large_image","twitter_misc":{"Est. reading time":"1 minute"},"schema":{"@context":"https:\/\/schema.org","@graph":[{"@type":"WebPage","@id":"https:\/\/www.miomiorun.com\/es\/producto\/crescendo-md\/","url":"https:\/\/www.miomiorun.com\/es\/producto\/crescendo-md\/","name":"Hoka one one Crescendo MD -Zapatos con tachuelas - MioMioRun.com","isPartOf":{"@id":"https:\/\/www.miomiorun.com\/es\/#website"},"primaryImageOfPage":{"@id":"https:\/\/www.miomiorun.com\/es\/producto\/crescendo-md\/#primaryimage"},"image":{"@id":"https:\/\/www.miomiorun.com\/es\/producto\/crescendo-md\/#primaryimage"},"thumbnailUrl":"https:\/\/www.miomiorun.com\/app\/uploads\/2023\/03\/hoka-one-one-crescendo-MD-black-white-1134520-BWHT.jpg","datePublished":"2023-02-09T13:05:39+00:00","dateModified":"2026-04-23T09:42:37+00:00","description":"Crescendo MD cuenta con un somier sim\u00e9trico amortiguado, sin otras tecnolog\u00edas ortop\u00e9dicas. Dise\u00f1ada para ofrecerte el soporte que necesitas.","breadcrumb":{"@id":"https:\/\/www.miomiorun.com\/es\/producto\/crescendo-md\/#breadcrumb"},"inLanguage":"es-ES","potentialAction":[{"@type":"ReadAction","target":["https:\/\/www.miomiorun.com\/es\/producto\/crescendo-md\/"]}]},{"@type":"ImageObject","inLanguage":"es-ES","@id":"https:\/\/www.miomiorun.com\/es\/producto\/crescendo-md\/#primaryimage","url":"https:\/\/www.miomiorun.com\/app\/uploads\/2023\/03\/hoka-one-one-crescendo-MD-black-white-1134520-BWHT.jpg","contentUrl":"https:\/\/www.miomiorun.com\/app\/uploads\/2023\/03\/hoka-one-one-crescendo-MD-black-white-1134520-BWHT.jpg","width":600,"height":600,"caption":"hoka-one-one-crescendo-MD-black-white-1134520-BWHT"},{"@type":"BreadcrumbList","@id":"https:\/\/www.miomiorun.com\/es\/producto\/crescendo-md\/#breadcrumb","itemListElement":[{"@type":"ListItem","position":1,"name":"Home","item":"https:\/\/www.miomiorun.com\/es\/"},{"@type":"ListItem","position":2,"name":"Shop","item":"https:\/\/www.miomiorun.com\/shop\/"},{"@type":"ListItem","position":3,"name":"Crescendo MD"}]},{"@type":"WebSite","@id":"https:\/\/www.miomiorun.com\/es\/#website","url":"https:\/\/www.miomiorun.com\/es\/","name":"MioMioRun","description":"Tienda 100% running y trail","publisher":{"@id":"https:\/\/www.miomiorun.com\/es\/#organization"},"potentialAction":[{"@type":"SearchAction","target":{"@type":"EntryPoint","urlTemplate":"https:\/\/www.miomiorun.com\/es\/?s={search_term_string}"},"query-input":{"@type":"PropertyValueSpecification","valueRequired":true,"valueName":"search_term_string"}}],"inLanguage":"es-ES"},{"@type":"Organization","@id":"https:\/\/www.miomiorun.com\/es\/#organization","name":"MioMio Run","url":"https:\/\/www.miomiorun.com\/es\/","logo":{"@type":"ImageObject","inLanguage":"es-ES","@id":"https:\/\/www.miomiorun.com\/es\/#\/schema\/logo\/image\/","url":"https:\/\/www.miomiorun.com\/app\/uploads\/2019\/12\/logomio.png","contentUrl":"https:\/\/www.miomiorun.com\/app\/uploads\/2019\/12\/logomio.png","width":115,"height":82,"caption":"MioMio Run"},"image":{"@id":"https:\/\/www.miomiorun.com\/es\/#\/schema\/logo\/image\/"},"sameAs":["https:\/\/www.facebook.com\/miomiorun\/","https:\/\/www.instagram.com\/miomiorun\/"]}]}},"_links":{"self":[{"href":"https:\/\/www.miomiorun.com\/es\/wp-json\/wp\/v2\/product\/284612","targetHints":{"allow":["GET"]}}],"collection":[{"href":"https:\/\/www.miomiorun.com\/es\/wp-json\/wp\/v2\/product"}],"about":[{"href":"https:\/\/www.miomiorun.com\/es\/wp-json\/wp\/v2\/types\/product"}],"wp:featuredmedia":[{"embeddable":true,"href":"https:\/\/www.miomiorun.com\/es\/wp-json\/wp\/v2\/media\/239576"}],"wp:attachment":[{"href":"https:\/\/www.miomiorun.com\/es\/wp-json\/wp\/v2\/media?parent=284612"}],"wp:term":[{"taxonomy":"product_brand","embeddable":true,"href":"https:\/\/www.miomiorun.com\/es\/wp-json\/wp\/v2\/product_brand?post=284612"},{"taxonomy":"product_cat","embeddable":true,"href":"https:\/\/www.miomiorun.com\/es\/wp-json\/wp\/v2\/product_cat?post=284612"},{"taxonomy":"product_tag","embeddable":true,"href":"https:\/\/www.miomiorun.com\/es\/wp-json\/wp\/v2\/product_tag?post=284612"}],"curies":[{"name":"wp","href":"https:\/\/api.w.org\/{rel}","templated":true}]}}