{"id":284605,"date":"2022-10-04T18:00:47","date_gmt":"2022-10-04T16:00:47","guid":{"rendered":"https:\/\/miomiorun.com\/prodotto\/fusion-3-5-donna\/"},"modified":"2026-04-23T16:45:03","modified_gmt":"2026-04-23T14:45:03","slug":"fusion-3-5-mujer","status":"publish","type":"product","link":"https:\/\/www.miomiorun.com\/es\/producto\/fusion-3-5-mujer\/","title":{"rendered":"Fusion 3.5 mujer"},"content":{"rendered":"<div class=\"vc-row container\"><div class=\"vc-column\"><div class=\"vc-column-text\"><\/p>\n<h4>Especificaciones t\u00e9cnicas<\/h4>\n<p>Categor\u00eda: Amortiguaci\u00f3n excelente<br \/>\nDesnivel: 6 mm<br \/>\nPeso: 250 g<br \/>\nIdeal para: corredores que buscan una zapatilla con buena amortiguaci\u00f3n y excelente estabilidad, con una transici\u00f3n fluida, para carreras de media y larga distancia.<br \/>\nPeso del atleta: 75-85 kg<br \/>\nRitmo de carrera: medio (5,00-6,00 min\/km)<br \/>\n<a href=\"https:\/\/miomiorun.com\/guida-alle-specifiche-tecniche\/\">Gu\u00eda de especificaciones t\u00e9cnicas<\/a><\/p>\n<p><\/div><\/div><div class=\"vc-column\"><div class=\"vc-column-text\">Las Karhu<strong> Fusion 3.5<\/strong> para mujer son unas zapatillas de running con amortiguaci\u00f3n y gran capacidad de respuesta, pensadas para corredoras con pie neutro. Tanto si corres a un ritmo tranquilo como si aceleras el paso, el impulso hacia delante y la amortiguaci\u00f3n suave hacen que tu carrera sea c\u00f3moda y divertida. El drop de 6 mm, el Fulcrum acortado y la unidad de propulsi\u00f3n se traducen en una experiencia r\u00e1pida y \u00e1gil bajo los pies.<br \/>\nLa parte superior de malla, recientemente redise\u00f1ada, es m\u00e1s suave en la puntera, mientras que el intrincado patr\u00f3n de ventilaci\u00f3n ofrece una mejor transpirabilidad. La <strong>Fusion 3.5<\/strong> es una zapatilla todoterreno para corredores neutros con variedad en sus entrenamientos de carrera.<\/p>\n<p>El <strong>Fusion 3.5<\/strong> tambi\u00e9n est\u00e1 disponible en un corte amplio, que Karhu denomina High Volume (HiVo).<\/p>\n<p>En Karhu sabemos que cada corredora tiene unos pies \u00fanicos, y precisamente este hecho ha dado lugar a la nueva Fusion 3.5. La Fusion para mujer es la primera zapatilla dise\u00f1ada por mujeres para mujeres. Al ajustar el volumen de la circunferencia del empeine y la parte delantera del pie, Karhu ofrece un dise\u00f1o femenino personalizado: <strong>HeraFit<\/strong>.<\/p>\n<p><strong>Caracter\u00edsticas:<\/strong><\/p>\n<ul>\n<li>Tecnolog\u00edas Karhu Fusion 3.5:<\/li>\n<li>Eje central + Unidad de propulsi\u00f3n<\/li>\n<li>La camiseta ideal<\/li>\n<li>Adapta Ortix<\/li>\n<li>Entresuela AeroFoam<\/li>\n<li>Sistema de cordones M-Lock<\/li>\n<\/ul>\n<p>&nbsp;<\/p>\n<p><img loading=\"lazy\" decoding=\"async\" class=\"\" src=\"https:\/\/cdn.shopify.com\/s\/files\/1\/0519\/4570\/1549\/files\/fulcrum_800x.png?v=1612961012\" width=\"205\" height=\"91\" \/><\/p>\n<p>La tecnolog\u00eda KARHU Fulcrum est\u00e1 dise\u00f1ada para mantener todas las fuerzas hacia delante, reduciendo las fuerzas de frenado y aprovechando la energ\u00eda natural de tu cuerpo para crear una pisada m\u00e1s fluida. Es lo que llamamos \u00abEfecto Rolling\u00bb. La tecnolog\u00eda Fulcrum proporciona: amortiguaci\u00f3n equilibrada, mayor sujeci\u00f3n y m\u00e1s energ\u00eda. El modelo Fusion cuenta con un fulcro de tres cuartos de longitud.<\/div><\/div><\/div>\n","protected":false},"excerpt":{"rendered":"","protected":false},"featured_media":238161,"template":"","meta":{"_acf_changed":false,"inline_featured_image":false},"product_brand":[],"product_cat":[24415,24414],"product_tag":[23475,23641],"class_list":{"0":"post-284605","1":"product","2":"type-product","3":"status-publish","4":"has-post-thumbnail","6":"product_cat-calzado-de-mujer","7":"product_cat-neutre-es-2","8":"product_tag-karhu-es","9":"product_tag-karhu-mujer","10":"pa_attivita-caminar","11":"pa_attivita-fitness-es","12":"pa_attivita-running-es","13":"pa_colore-fusion-35-w-grey-algeris-blue-es","14":"pa_colore-fusion-3-5-w-ibiza-blue-sugar-coral-es","15":"pa_colore-fusion-3-5-w-legion-blue-ether-es","16":"pa_marca-karhu-es","17":"pa_sesso-mujer","18":"pa_size-37-5-es","19":"pa_size-38-es","21":"first","22":"instock","23":"sale","24":"taxable","25":"shipping-taxable","26":"purchasable","27":"product-type-variable","28":"wvs-archive-product-wrapper"},"acf":[],"yoast_head":"<!-- This site is optimized with the Yoast SEO plugin v26.8 - https:\/\/yoast.com\/product\/yoast-seo-wordpress\/ -->\n<title>Karhu Fusion 3.5 mujer - zapatillas de running - MioMioRun<\/title>\n<meta name=\"description\" content=\"Las Karhu Fusion 3.5 para mujer son unas zapatillas de running con buena amortiguaci\u00f3n y gran capacidad de respuesta, pensadas para corredoras con pie neutro que buscan amortiguaci\u00f3n\" \/>\n<meta name=\"robots\" content=\"index, follow, max-snippet:-1, max-image-preview:large, max-video-preview:-1\" \/>\n<link rel=\"canonical\" href=\"https:\/\/www.miomiorun.com\/es\/producto\/fusion-3-5-mujer\/\" \/>\n<meta property=\"og:locale\" content=\"es_ES\" \/>\n<meta property=\"og:type\" content=\"article\" \/>\n<meta property=\"og:title\" content=\"Karhu Fusion 3.5 mujer - zapatillas de running - MioMioRun\" \/>\n<meta property=\"og:description\" content=\"Las Karhu Fusion 3.5 para mujer son unas zapatillas de running con buena amortiguaci\u00f3n y gran capacidad de respuesta, pensadas para corredoras con pie neutro que buscan amortiguaci\u00f3n\" \/>\n<meta property=\"og:url\" content=\"https:\/\/www.miomiorun.com\/es\/producto\/fusion-3-5-mujer\/\" \/>\n<meta property=\"og:site_name\" content=\"MioMioRun\" \/>\n<meta property=\"article:publisher\" content=\"https:\/\/www.facebook.com\/miomiorun\/\" \/>\n<meta property=\"article:modified_time\" content=\"2026-04-23T14:45:03+00:00\" \/>\n<meta property=\"og:image\" content=\"https:\/\/www.miomiorun.com\/app\/uploads\/2022\/10\/karhu-fusion-3.5-W-saysky-F200348.jpg\" \/>\n\t<meta property=\"og:image:width\" content=\"600\" \/>\n\t<meta property=\"og:image:height\" content=\"600\" \/>\n\t<meta property=\"og:image:type\" content=\"image\/jpeg\" \/>\n<meta name=\"twitter:card\" content=\"summary_large_image\" \/>\n<meta name=\"twitter:label1\" content=\"Est. reading time\" \/>\n\t<meta name=\"twitter:data1\" content=\"2 minutes\" \/>\n<script type=\"application\/ld+json\" class=\"yoast-schema-graph\">{\"@context\":\"https:\/\/schema.org\",\"@graph\":[{\"@type\":\"WebPage\",\"@id\":\"https:\/\/www.miomiorun.com\/es\/producto\/fusion-3-5-mujer\/\",\"url\":\"https:\/\/www.miomiorun.com\/es\/producto\/fusion-3-5-mujer\/\",\"name\":\"Karhu Fusion 3.5 mujer - zapatillas de running - MioMioRun\",\"isPartOf\":{\"@id\":\"https:\/\/www.miomiorun.com\/es\/#website\"},\"primaryImageOfPage\":{\"@id\":\"https:\/\/www.miomiorun.com\/es\/producto\/fusion-3-5-mujer\/#primaryimage\"},\"image\":{\"@id\":\"https:\/\/www.miomiorun.com\/es\/producto\/fusion-3-5-mujer\/#primaryimage\"},\"thumbnailUrl\":\"https:\/\/www.miomiorun.com\/app\/uploads\/2022\/10\/karhu-fusion-3.5-W-saysky-F200348.jpg\",\"datePublished\":\"2022-10-04T16:00:47+00:00\",\"dateModified\":\"2026-04-23T14:45:03+00:00\",\"description\":\"Las Karhu Fusion 3.5 para mujer son unas zapatillas de running con buena amortiguaci\u00f3n y gran capacidad de respuesta, pensadas para corredoras con pie neutro que buscan amortiguaci\u00f3n\",\"breadcrumb\":{\"@id\":\"https:\/\/www.miomiorun.com\/es\/producto\/fusion-3-5-mujer\/#breadcrumb\"},\"inLanguage\":\"es-ES\",\"potentialAction\":[{\"@type\":\"ReadAction\",\"target\":[\"https:\/\/www.miomiorun.com\/es\/producto\/fusion-3-5-mujer\/\"]}]},{\"@type\":\"ImageObject\",\"inLanguage\":\"es-ES\",\"@id\":\"https:\/\/www.miomiorun.com\/es\/producto\/fusion-3-5-mujer\/#primaryimage\",\"url\":\"https:\/\/www.miomiorun.com\/app\/uploads\/2022\/10\/karhu-fusion-3.5-W-saysky-F200348.jpg\",\"contentUrl\":\"https:\/\/www.miomiorun.com\/app\/uploads\/2022\/10\/karhu-fusion-3.5-W-saysky-F200348.jpg\",\"width\":600,\"height\":600,\"caption\":\"karhu-fusion-3.5-W-saysky-F200348\"},{\"@type\":\"BreadcrumbList\",\"@id\":\"https:\/\/www.miomiorun.com\/es\/producto\/fusion-3-5-mujer\/#breadcrumb\",\"itemListElement\":[{\"@type\":\"ListItem\",\"position\":1,\"name\":\"Home\",\"item\":\"https:\/\/www.miomiorun.com\/es\/\"},{\"@type\":\"ListItem\",\"position\":2,\"name\":\"Shop\",\"item\":\"https:\/\/www.miomiorun.com\/shop\/\"},{\"@type\":\"ListItem\",\"position\":3,\"name\":\"Fusion 3.5 mujer\"}]},{\"@type\":\"WebSite\",\"@id\":\"https:\/\/www.miomiorun.com\/es\/#website\",\"url\":\"https:\/\/www.miomiorun.com\/es\/\",\"name\":\"MioMioRun\",\"description\":\"Tienda 100% running y trail\",\"publisher\":{\"@id\":\"https:\/\/www.miomiorun.com\/es\/#organization\"},\"potentialAction\":[{\"@type\":\"SearchAction\",\"target\":{\"@type\":\"EntryPoint\",\"urlTemplate\":\"https:\/\/www.miomiorun.com\/es\/?s={search_term_string}\"},\"query-input\":{\"@type\":\"PropertyValueSpecification\",\"valueRequired\":true,\"valueName\":\"search_term_string\"}}],\"inLanguage\":\"es-ES\"},{\"@type\":\"Organization\",\"@id\":\"https:\/\/www.miomiorun.com\/es\/#organization\",\"name\":\"MioMio Run\",\"url\":\"https:\/\/www.miomiorun.com\/es\/\",\"logo\":{\"@type\":\"ImageObject\",\"inLanguage\":\"es-ES\",\"@id\":\"https:\/\/www.miomiorun.com\/es\/#\/schema\/logo\/image\/\",\"url\":\"https:\/\/www.miomiorun.com\/app\/uploads\/2019\/12\/logomio.png\",\"contentUrl\":\"https:\/\/www.miomiorun.com\/app\/uploads\/2019\/12\/logomio.png\",\"width\":115,\"height\":82,\"caption\":\"MioMio Run\"},\"image\":{\"@id\":\"https:\/\/www.miomiorun.com\/es\/#\/schema\/logo\/image\/\"},\"sameAs\":[\"https:\/\/www.facebook.com\/miomiorun\/\",\"https:\/\/www.instagram.com\/miomiorun\/\"]}]}<\/script>\n<!-- \/ Yoast SEO plugin. -->","yoast_head_json":{"title":"Karhu Fusion 3.5 mujer - zapatillas de running - MioMioRun","description":"Las Karhu Fusion 3.5 para mujer son unas zapatillas de running con buena amortiguaci\u00f3n y gran capacidad de respuesta, pensadas para corredoras con pie neutro que buscan amortiguaci\u00f3n","robots":{"index":"index","follow":"follow","max-snippet":"max-snippet:-1","max-image-preview":"max-image-preview:large","max-video-preview":"max-video-preview:-1"},"canonical":"https:\/\/www.miomiorun.com\/es\/producto\/fusion-3-5-mujer\/","og_locale":"es_ES","og_type":"article","og_title":"Karhu Fusion 3.5 mujer - zapatillas de running - MioMioRun","og_description":"Las Karhu Fusion 3.5 para mujer son unas zapatillas de running con buena amortiguaci\u00f3n y gran capacidad de respuesta, pensadas para corredoras con pie neutro que buscan amortiguaci\u00f3n","og_url":"https:\/\/www.miomiorun.com\/es\/producto\/fusion-3-5-mujer\/","og_site_name":"MioMioRun","article_publisher":"https:\/\/www.facebook.com\/miomiorun\/","article_modified_time":"2026-04-23T14:45:03+00:00","og_image":[{"width":600,"height":600,"url":"https:\/\/www.miomiorun.com\/app\/uploads\/2022\/10\/karhu-fusion-3.5-W-saysky-F200348.jpg","type":"image\/jpeg"}],"twitter_card":"summary_large_image","twitter_misc":{"Est. reading time":"2 minutes"},"schema":{"@context":"https:\/\/schema.org","@graph":[{"@type":"WebPage","@id":"https:\/\/www.miomiorun.com\/es\/producto\/fusion-3-5-mujer\/","url":"https:\/\/www.miomiorun.com\/es\/producto\/fusion-3-5-mujer\/","name":"Karhu Fusion 3.5 mujer - zapatillas de running - MioMioRun","isPartOf":{"@id":"https:\/\/www.miomiorun.com\/es\/#website"},"primaryImageOfPage":{"@id":"https:\/\/www.miomiorun.com\/es\/producto\/fusion-3-5-mujer\/#primaryimage"},"image":{"@id":"https:\/\/www.miomiorun.com\/es\/producto\/fusion-3-5-mujer\/#primaryimage"},"thumbnailUrl":"https:\/\/www.miomiorun.com\/app\/uploads\/2022\/10\/karhu-fusion-3.5-W-saysky-F200348.jpg","datePublished":"2022-10-04T16:00:47+00:00","dateModified":"2026-04-23T14:45:03+00:00","description":"Las Karhu Fusion 3.5 para mujer son unas zapatillas de running con buena amortiguaci\u00f3n y gran capacidad de respuesta, pensadas para corredoras con pie neutro que buscan amortiguaci\u00f3n","breadcrumb":{"@id":"https:\/\/www.miomiorun.com\/es\/producto\/fusion-3-5-mujer\/#breadcrumb"},"inLanguage":"es-ES","potentialAction":[{"@type":"ReadAction","target":["https:\/\/www.miomiorun.com\/es\/producto\/fusion-3-5-mujer\/"]}]},{"@type":"ImageObject","inLanguage":"es-ES","@id":"https:\/\/www.miomiorun.com\/es\/producto\/fusion-3-5-mujer\/#primaryimage","url":"https:\/\/www.miomiorun.com\/app\/uploads\/2022\/10\/karhu-fusion-3.5-W-saysky-F200348.jpg","contentUrl":"https:\/\/www.miomiorun.com\/app\/uploads\/2022\/10\/karhu-fusion-3.5-W-saysky-F200348.jpg","width":600,"height":600,"caption":"karhu-fusion-3.5-W-saysky-F200348"},{"@type":"BreadcrumbList","@id":"https:\/\/www.miomiorun.com\/es\/producto\/fusion-3-5-mujer\/#breadcrumb","itemListElement":[{"@type":"ListItem","position":1,"name":"Home","item":"https:\/\/www.miomiorun.com\/es\/"},{"@type":"ListItem","position":2,"name":"Shop","item":"https:\/\/www.miomiorun.com\/shop\/"},{"@type":"ListItem","position":3,"name":"Fusion 3.5 mujer"}]},{"@type":"WebSite","@id":"https:\/\/www.miomiorun.com\/es\/#website","url":"https:\/\/www.miomiorun.com\/es\/","name":"MioMioRun","description":"Tienda 100% running y trail","publisher":{"@id":"https:\/\/www.miomiorun.com\/es\/#organization"},"potentialAction":[{"@type":"SearchAction","target":{"@type":"EntryPoint","urlTemplate":"https:\/\/www.miomiorun.com\/es\/?s={search_term_string}"},"query-input":{"@type":"PropertyValueSpecification","valueRequired":true,"valueName":"search_term_string"}}],"inLanguage":"es-ES"},{"@type":"Organization","@id":"https:\/\/www.miomiorun.com\/es\/#organization","name":"MioMio Run","url":"https:\/\/www.miomiorun.com\/es\/","logo":{"@type":"ImageObject","inLanguage":"es-ES","@id":"https:\/\/www.miomiorun.com\/es\/#\/schema\/logo\/image\/","url":"https:\/\/www.miomiorun.com\/app\/uploads\/2019\/12\/logomio.png","contentUrl":"https:\/\/www.miomiorun.com\/app\/uploads\/2019\/12\/logomio.png","width":115,"height":82,"caption":"MioMio Run"},"image":{"@id":"https:\/\/www.miomiorun.com\/es\/#\/schema\/logo\/image\/"},"sameAs":["https:\/\/www.facebook.com\/miomiorun\/","https:\/\/www.instagram.com\/miomiorun\/"]}]}},"_links":{"self":[{"href":"https:\/\/www.miomiorun.com\/es\/wp-json\/wp\/v2\/product\/284605","targetHints":{"allow":["GET"]}}],"collection":[{"href":"https:\/\/www.miomiorun.com\/es\/wp-json\/wp\/v2\/product"}],"about":[{"href":"https:\/\/www.miomiorun.com\/es\/wp-json\/wp\/v2\/types\/product"}],"wp:featuredmedia":[{"embeddable":true,"href":"https:\/\/www.miomiorun.com\/es\/wp-json\/wp\/v2\/media\/238161"}],"wp:attachment":[{"href":"https:\/\/www.miomiorun.com\/es\/wp-json\/wp\/v2\/media?parent=284605"}],"wp:term":[{"taxonomy":"product_brand","embeddable":true,"href":"https:\/\/www.miomiorun.com\/es\/wp-json\/wp\/v2\/product_brand?post=284605"},{"taxonomy":"product_cat","embeddable":true,"href":"https:\/\/www.miomiorun.com\/es\/wp-json\/wp\/v2\/product_cat?post=284605"},{"taxonomy":"product_tag","embeddable":true,"href":"https:\/\/www.miomiorun.com\/es\/wp-json\/wp\/v2\/product_tag?post=284605"}],"curies":[{"name":"wp","href":"https:\/\/api.w.org\/{rel}","templated":true}]}}