{"id":284529,"date":"2022-10-04T18:12:50","date_gmt":"2022-10-04T16:12:50","guid":{"rendered":"https:\/\/miomiorun.com\/prodotto\/ikoni-2-0-donna\/"},"modified":"2026-04-23T19:13:11","modified_gmt":"2026-04-23T17:13:11","slug":"ikoni-2-0-mujer","status":"publish","type":"product","link":"https:\/\/www.miomiorun.com\/es\/producto\/ikoni-2-0-mujer\/","title":{"rendered":"Ikoni 2.0 mujer"},"content":{"rendered":"<div class=\"vc-row container\"><div class=\"vc-column\"><div class=\"vc-column-text\"><\/p>\n<h4>Especificaciones t\u00e9cnicas<\/h4>\n<p>Categor\u00eda: Amortiguaci\u00f3n media<br \/>\nDesnivel: 8 mm<br \/>\nPeso: 252 g<br \/>\nIdeal para: corredores que buscan una zapatilla con buena amortiguaci\u00f3n y una transici\u00f3n fluida, para carreras de media distancia.<br \/>\nPeso del atleta: 65-75 kg<br \/>\nRitmo de carrera: medio-r\u00e1pido (4,30-5,30 min\/km)<br \/>\n<a href=\"https:\/\/miomiorun.com\/guida-alle-specifiche-tecniche\/\">Gu\u00eda de especificaciones t\u00e9cnicas<\/a><\/p>\n<p><\/div><\/div><div class=\"vc-column\"><div class=\"vc-column-text\">Las Karhu <strong>IKONI<\/strong> para mujer son unas zapatillas de running vers\u00e1tiles con una gran amortiguaci\u00f3n, pensadas para corredoras neutras o con hiperpronaci\u00f3n en fase inicial o intermedia. La IKONI, completamente renovada, es m\u00e1s ligera, ofrece mayor amortiguaci\u00f3n y tiene un tacto m\u00e1s suave que su predecesora. El <strong>DNA<\/strong> basado en los datos de la <strong>IKONI<\/strong> te ofrece una pisada equilibrada y ligera con una transici\u00f3n fluida y guiada. En Karhu, sabemos que cada corredor tiene unos pies \u00fanicos y es precisamente este dato el que ha dado lugar a la nueva IKONI. La IKONI se ha dise\u00f1ado a partir de una base de datos en constante crecimiento de m\u00e1s de 2 millones de escaneos 3D tomados de los pies de los corredores. La Karhu IKONI est\u00e1 literalmente creada por el corredor, para el corredor.<\/p>\n<p><strong>Caracter\u00edsticas:<\/strong><\/p>\n<ul>\n<li>Sistema de cordones anat\u00f3mico para una mayor comodidad<\/li>\n<li>Eje central de media longitud + unidad de propulsi\u00f3n para un volteo r\u00e1pido<\/li>\n<li>Entresuela AeroFoam con gran amortiguaci\u00f3n &#8211; Estructura de malla ideal para la transpirabilidad y la sujeci\u00f3n<\/li>\n<li>Empeine sin costuras<\/li>\n<\/ul>\n<p>Utiliza la <strong>tecnolog\u00eda<\/strong> <strong>Fulcrum:<\/strong><\/p>\n<p><img loading=\"lazy\" decoding=\"async\" class=\"\" src=\"https:\/\/cdn.shopify.com\/s\/files\/1\/0519\/4570\/1549\/files\/fulcrum_800x.png?v=1612961012\" width=\"122\" height=\"54\" \/><\/p>\n<p>La tecnolog\u00eda KARHU Fulcrum est\u00e1 dise\u00f1ada para mantener todas las fuerzas hacia delante, reduciendo las fuerzas de frenado y aprovechando la energ\u00eda natural de tu cuerpo para crear una pisada m\u00e1s fluida. Es lo que llamamos \u00abEfecto Rolling\u00bb. La tecnolog\u00eda Fulcrum proporciona: amortiguaci\u00f3n equilibrada, mayor sujeci\u00f3n y m\u00e1s energ\u00eda. Las Ikoni cuentan con un fulcro de media longitud para una mayor flexibilidad en la parte delantera del pie.<\/div><\/div><\/div>\n","protected":false},"excerpt":{"rendered":"","protected":false},"featured_media":238185,"template":"","meta":{"_acf_changed":false,"inline_featured_image":false},"product_brand":[],"product_cat":[24415,24414],"product_tag":[23475,23641],"class_list":{"0":"post-284529","1":"product","2":"type-product","3":"status-publish","4":"has-post-thumbnail","6":"product_cat-calzado-de-mujer","7":"product_cat-neutre-es-2","8":"product_tag-karhu-es","9":"product_tag-karhu-mujer","10":"pa_attivita-caminar","11":"pa_attivita-fitness-es","12":"pa_attivita-running-es","13":"pa_colore-ikoni-2-0-w-chinogreen-misty-blue-es","14":"pa_marca-karhu-es","15":"pa_sesso-mujer","16":"pa_size-37-5-es","18":"first","19":"instock","20":"sale","21":"taxable","22":"shipping-taxable","23":"purchasable","24":"product-type-variable","25":"wvs-archive-product-wrapper"},"acf":[],"yoast_head":"<!-- This site is optimized with the Yoast SEO plugin v26.8 - https:\/\/yoast.com\/product\/yoast-seo-wordpress\/ -->\n<title>Karhu Ikoni 2.0 mujer - Donna corriendo MioMioRun<\/title>\n<meta name=\"description\" content=\"Las Karhu IKONI para hombre son unas zapatillas de running vers\u00e1tiles con una gran amortiguaci\u00f3n, pensadas para corredores con pronaci\u00f3n neutra o en fase inicial o intermedia.\" \/>\n<meta name=\"robots\" content=\"index, follow, max-snippet:-1, max-image-preview:large, max-video-preview:-1\" \/>\n<link rel=\"canonical\" href=\"https:\/\/www.miomiorun.com\/es\/producto\/ikoni-2-0-mujer\/\" \/>\n<meta property=\"og:locale\" content=\"es_ES\" \/>\n<meta property=\"og:type\" content=\"article\" \/>\n<meta property=\"og:title\" content=\"Karhu Ikoni 2.0 mujer - Donna corriendo MioMioRun\" \/>\n<meta property=\"og:description\" content=\"Las Karhu IKONI para hombre son unas zapatillas de running vers\u00e1tiles con una gran amortiguaci\u00f3n, pensadas para corredores con pronaci\u00f3n neutra o en fase inicial o intermedia.\" \/>\n<meta property=\"og:url\" content=\"https:\/\/www.miomiorun.com\/es\/producto\/ikoni-2-0-mujer\/\" \/>\n<meta property=\"og:site_name\" content=\"MioMioRun\" \/>\n<meta property=\"article:publisher\" content=\"https:\/\/www.facebook.com\/miomiorun\/\" \/>\n<meta property=\"article:modified_time\" content=\"2026-04-23T17:13:11+00:00\" \/>\n<meta property=\"og:image\" content=\"https:\/\/www.miomiorun.com\/app\/uploads\/2022\/10\/karhu-Ikoni-2.0-W-chinogreen-misty-blue-F200335.jpg\" \/>\n\t<meta property=\"og:image:width\" content=\"600\" \/>\n\t<meta property=\"og:image:height\" content=\"600\" \/>\n\t<meta property=\"og:image:type\" content=\"image\/jpeg\" \/>\n<meta name=\"twitter:card\" content=\"summary_large_image\" \/>\n<meta name=\"twitter:label1\" content=\"Est. reading time\" \/>\n\t<meta name=\"twitter:data1\" content=\"2 minutes\" \/>\n<script type=\"application\/ld+json\" class=\"yoast-schema-graph\">{\"@context\":\"https:\/\/schema.org\",\"@graph\":[{\"@type\":\"WebPage\",\"@id\":\"https:\/\/www.miomiorun.com\/es\/producto\/ikoni-2-0-mujer\/\",\"url\":\"https:\/\/www.miomiorun.com\/es\/producto\/ikoni-2-0-mujer\/\",\"name\":\"Karhu Ikoni 2.0 mujer - Donna corriendo MioMioRun\",\"isPartOf\":{\"@id\":\"https:\/\/www.miomiorun.com\/es\/#website\"},\"primaryImageOfPage\":{\"@id\":\"https:\/\/www.miomiorun.com\/es\/producto\/ikoni-2-0-mujer\/#primaryimage\"},\"image\":{\"@id\":\"https:\/\/www.miomiorun.com\/es\/producto\/ikoni-2-0-mujer\/#primaryimage\"},\"thumbnailUrl\":\"https:\/\/www.miomiorun.com\/app\/uploads\/2022\/10\/karhu-Ikoni-2.0-W-chinogreen-misty-blue-F200335.jpg\",\"datePublished\":\"2022-10-04T16:12:50+00:00\",\"dateModified\":\"2026-04-23T17:13:11+00:00\",\"description\":\"Las Karhu IKONI para hombre son unas zapatillas de running vers\u00e1tiles con una gran amortiguaci\u00f3n, pensadas para corredores con pronaci\u00f3n neutra o en fase inicial o intermedia.\",\"breadcrumb\":{\"@id\":\"https:\/\/www.miomiorun.com\/es\/producto\/ikoni-2-0-mujer\/#breadcrumb\"},\"inLanguage\":\"es-ES\",\"potentialAction\":[{\"@type\":\"ReadAction\",\"target\":[\"https:\/\/www.miomiorun.com\/es\/producto\/ikoni-2-0-mujer\/\"]}]},{\"@type\":\"ImageObject\",\"inLanguage\":\"es-ES\",\"@id\":\"https:\/\/www.miomiorun.com\/es\/producto\/ikoni-2-0-mujer\/#primaryimage\",\"url\":\"https:\/\/www.miomiorun.com\/app\/uploads\/2022\/10\/karhu-Ikoni-2.0-W-chinogreen-misty-blue-F200335.jpg\",\"contentUrl\":\"https:\/\/www.miomiorun.com\/app\/uploads\/2022\/10\/karhu-Ikoni-2.0-W-chinogreen-misty-blue-F200335.jpg\",\"width\":600,\"height\":600,\"caption\":\"karhu-Ikoni-2.0-W-chinogreen-misty-blue-F200335\"},{\"@type\":\"BreadcrumbList\",\"@id\":\"https:\/\/www.miomiorun.com\/es\/producto\/ikoni-2-0-mujer\/#breadcrumb\",\"itemListElement\":[{\"@type\":\"ListItem\",\"position\":1,\"name\":\"Home\",\"item\":\"https:\/\/www.miomiorun.com\/es\/\"},{\"@type\":\"ListItem\",\"position\":2,\"name\":\"Shop\",\"item\":\"https:\/\/www.miomiorun.com\/shop\/\"},{\"@type\":\"ListItem\",\"position\":3,\"name\":\"Ikoni 2.0 mujer\"}]},{\"@type\":\"WebSite\",\"@id\":\"https:\/\/www.miomiorun.com\/es\/#website\",\"url\":\"https:\/\/www.miomiorun.com\/es\/\",\"name\":\"MioMioRun\",\"description\":\"Tienda 100% running y trail\",\"publisher\":{\"@id\":\"https:\/\/www.miomiorun.com\/es\/#organization\"},\"potentialAction\":[{\"@type\":\"SearchAction\",\"target\":{\"@type\":\"EntryPoint\",\"urlTemplate\":\"https:\/\/www.miomiorun.com\/es\/?s={search_term_string}\"},\"query-input\":{\"@type\":\"PropertyValueSpecification\",\"valueRequired\":true,\"valueName\":\"search_term_string\"}}],\"inLanguage\":\"es-ES\"},{\"@type\":\"Organization\",\"@id\":\"https:\/\/www.miomiorun.com\/es\/#organization\",\"name\":\"MioMio Run\",\"url\":\"https:\/\/www.miomiorun.com\/es\/\",\"logo\":{\"@type\":\"ImageObject\",\"inLanguage\":\"es-ES\",\"@id\":\"https:\/\/www.miomiorun.com\/es\/#\/schema\/logo\/image\/\",\"url\":\"https:\/\/www.miomiorun.com\/app\/uploads\/2019\/12\/logomio.png\",\"contentUrl\":\"https:\/\/www.miomiorun.com\/app\/uploads\/2019\/12\/logomio.png\",\"width\":115,\"height\":82,\"caption\":\"MioMio Run\"},\"image\":{\"@id\":\"https:\/\/www.miomiorun.com\/es\/#\/schema\/logo\/image\/\"},\"sameAs\":[\"https:\/\/www.facebook.com\/miomiorun\/\",\"https:\/\/www.instagram.com\/miomiorun\/\"]}]}<\/script>\n<!-- \/ Yoast SEO plugin. -->","yoast_head_json":{"title":"Karhu Ikoni 2.0 mujer - Donna corriendo MioMioRun","description":"Las Karhu IKONI para hombre son unas zapatillas de running vers\u00e1tiles con una gran amortiguaci\u00f3n, pensadas para corredores con pronaci\u00f3n neutra o en fase inicial o intermedia.","robots":{"index":"index","follow":"follow","max-snippet":"max-snippet:-1","max-image-preview":"max-image-preview:large","max-video-preview":"max-video-preview:-1"},"canonical":"https:\/\/www.miomiorun.com\/es\/producto\/ikoni-2-0-mujer\/","og_locale":"es_ES","og_type":"article","og_title":"Karhu Ikoni 2.0 mujer - Donna corriendo MioMioRun","og_description":"Las Karhu IKONI para hombre son unas zapatillas de running vers\u00e1tiles con una gran amortiguaci\u00f3n, pensadas para corredores con pronaci\u00f3n neutra o en fase inicial o intermedia.","og_url":"https:\/\/www.miomiorun.com\/es\/producto\/ikoni-2-0-mujer\/","og_site_name":"MioMioRun","article_publisher":"https:\/\/www.facebook.com\/miomiorun\/","article_modified_time":"2026-04-23T17:13:11+00:00","og_image":[{"width":600,"height":600,"url":"https:\/\/www.miomiorun.com\/app\/uploads\/2022\/10\/karhu-Ikoni-2.0-W-chinogreen-misty-blue-F200335.jpg","type":"image\/jpeg"}],"twitter_card":"summary_large_image","twitter_misc":{"Est. reading time":"2 minutes"},"schema":{"@context":"https:\/\/schema.org","@graph":[{"@type":"WebPage","@id":"https:\/\/www.miomiorun.com\/es\/producto\/ikoni-2-0-mujer\/","url":"https:\/\/www.miomiorun.com\/es\/producto\/ikoni-2-0-mujer\/","name":"Karhu Ikoni 2.0 mujer - Donna corriendo MioMioRun","isPartOf":{"@id":"https:\/\/www.miomiorun.com\/es\/#website"},"primaryImageOfPage":{"@id":"https:\/\/www.miomiorun.com\/es\/producto\/ikoni-2-0-mujer\/#primaryimage"},"image":{"@id":"https:\/\/www.miomiorun.com\/es\/producto\/ikoni-2-0-mujer\/#primaryimage"},"thumbnailUrl":"https:\/\/www.miomiorun.com\/app\/uploads\/2022\/10\/karhu-Ikoni-2.0-W-chinogreen-misty-blue-F200335.jpg","datePublished":"2022-10-04T16:12:50+00:00","dateModified":"2026-04-23T17:13:11+00:00","description":"Las Karhu IKONI para hombre son unas zapatillas de running vers\u00e1tiles con una gran amortiguaci\u00f3n, pensadas para corredores con pronaci\u00f3n neutra o en fase inicial o intermedia.","breadcrumb":{"@id":"https:\/\/www.miomiorun.com\/es\/producto\/ikoni-2-0-mujer\/#breadcrumb"},"inLanguage":"es-ES","potentialAction":[{"@type":"ReadAction","target":["https:\/\/www.miomiorun.com\/es\/producto\/ikoni-2-0-mujer\/"]}]},{"@type":"ImageObject","inLanguage":"es-ES","@id":"https:\/\/www.miomiorun.com\/es\/producto\/ikoni-2-0-mujer\/#primaryimage","url":"https:\/\/www.miomiorun.com\/app\/uploads\/2022\/10\/karhu-Ikoni-2.0-W-chinogreen-misty-blue-F200335.jpg","contentUrl":"https:\/\/www.miomiorun.com\/app\/uploads\/2022\/10\/karhu-Ikoni-2.0-W-chinogreen-misty-blue-F200335.jpg","width":600,"height":600,"caption":"karhu-Ikoni-2.0-W-chinogreen-misty-blue-F200335"},{"@type":"BreadcrumbList","@id":"https:\/\/www.miomiorun.com\/es\/producto\/ikoni-2-0-mujer\/#breadcrumb","itemListElement":[{"@type":"ListItem","position":1,"name":"Home","item":"https:\/\/www.miomiorun.com\/es\/"},{"@type":"ListItem","position":2,"name":"Shop","item":"https:\/\/www.miomiorun.com\/shop\/"},{"@type":"ListItem","position":3,"name":"Ikoni 2.0 mujer"}]},{"@type":"WebSite","@id":"https:\/\/www.miomiorun.com\/es\/#website","url":"https:\/\/www.miomiorun.com\/es\/","name":"MioMioRun","description":"Tienda 100% running y trail","publisher":{"@id":"https:\/\/www.miomiorun.com\/es\/#organization"},"potentialAction":[{"@type":"SearchAction","target":{"@type":"EntryPoint","urlTemplate":"https:\/\/www.miomiorun.com\/es\/?s={search_term_string}"},"query-input":{"@type":"PropertyValueSpecification","valueRequired":true,"valueName":"search_term_string"}}],"inLanguage":"es-ES"},{"@type":"Organization","@id":"https:\/\/www.miomiorun.com\/es\/#organization","name":"MioMio Run","url":"https:\/\/www.miomiorun.com\/es\/","logo":{"@type":"ImageObject","inLanguage":"es-ES","@id":"https:\/\/www.miomiorun.com\/es\/#\/schema\/logo\/image\/","url":"https:\/\/www.miomiorun.com\/app\/uploads\/2019\/12\/logomio.png","contentUrl":"https:\/\/www.miomiorun.com\/app\/uploads\/2019\/12\/logomio.png","width":115,"height":82,"caption":"MioMio Run"},"image":{"@id":"https:\/\/www.miomiorun.com\/es\/#\/schema\/logo\/image\/"},"sameAs":["https:\/\/www.facebook.com\/miomiorun\/","https:\/\/www.instagram.com\/miomiorun\/"]}]}},"_links":{"self":[{"href":"https:\/\/www.miomiorun.com\/es\/wp-json\/wp\/v2\/product\/284529","targetHints":{"allow":["GET"]}}],"collection":[{"href":"https:\/\/www.miomiorun.com\/es\/wp-json\/wp\/v2\/product"}],"about":[{"href":"https:\/\/www.miomiorun.com\/es\/wp-json\/wp\/v2\/types\/product"}],"wp:featuredmedia":[{"embeddable":true,"href":"https:\/\/www.miomiorun.com\/es\/wp-json\/wp\/v2\/media\/238185"}],"wp:attachment":[{"href":"https:\/\/www.miomiorun.com\/es\/wp-json\/wp\/v2\/media?parent=284529"}],"wp:term":[{"taxonomy":"product_brand","embeddable":true,"href":"https:\/\/www.miomiorun.com\/es\/wp-json\/wp\/v2\/product_brand?post=284529"},{"taxonomy":"product_cat","embeddable":true,"href":"https:\/\/www.miomiorun.com\/es\/wp-json\/wp\/v2\/product_cat?post=284529"},{"taxonomy":"product_tag","embeddable":true,"href":"https:\/\/www.miomiorun.com\/es\/wp-json\/wp\/v2\/product_tag?post=284529"}],"curies":[{"name":"wp","href":"https:\/\/api.w.org\/{rel}","templated":true}]}}