{"id":284375,"date":"2022-10-14T18:48:27","date_gmt":"2022-10-14T16:48:27","guid":{"rendered":"https:\/\/miomiorun.com\/prodotto\/cyklon-cross-gtx-uomo\/"},"modified":"2026-04-23T11:41:41","modified_gmt":"2026-04-23T09:41:41","slug":"cyklon-cross-gtx-hombre","status":"publish","type":"product","link":"https:\/\/www.miomiorun.com\/es\/producto\/cyklon-cross-gtx-hombre\/","title":{"rendered":"Cyklon Cross Gtx hombre"},"content":{"rendered":"<table style=\"border-collapse: collapse;width: 100%\">\n<tbody>\n<tr>\n<td style=\"width: 33.3333%;vertical-align: top;text-align: center\"><strong>Especificaciones t\u00e9cnicas<\/strong><\/p>\n<p>Categor\u00eda: amortiguaci\u00f3n intermedia<br \/>\nDesnivel: 7 mm<br \/>\nPeso: 355 g<br \/>\nIdeal para: amantes del trail running en terrenos t\u00e9cnicos en distancias medias y para carreras de monta\u00f1a.<br \/>\nPeso del atleta: 65-75 kg<br \/>\nRitmo de carrera: medio-r\u00e1pido (por debajo de 5,00 min\/km)<br \/>\n<a href=\"https:\/\/miomiorun.com\/guida-alle-specifiche-tecniche\/\">Gu\u00eda de especificaciones t\u00e9cnicas<\/a><\/td>\n<td style=\"width: 66.6666%;vertical-align: top;text-align: center\"><strong>Cyklon Cross GTX\u00ae <\/strong>para hombre es el calzado t\u00e9cnico para Mountain Running\u00ae con polaina repelente al agua integrada y sistema de cordones <strong>BOA\u00ae Fit System<\/strong>. Dise\u00f1ado para entrenamientos y competiciones todoterreno en los meses de invierno, tambi\u00e9n es adecuado para su uso con raquetas de nieve. La membrana <strong>GORE-TEX<\/strong>, impermeable y transpirable, act\u00faa en sinergia con la polaina repelente al agua impidiendo la entrada de barro y nieve. La comodidad del calzado se consigue gracias al sistema \u00abEasy-in\u00bb, que facilita y agiliza las operaciones de calzado. El uso de la tecnolog\u00eda BOA\u00ae Fit System permite una mayor precisi\u00f3n y rapidez en el ajuste del volumen. La suela es de la mezcla FriXion\u00ae White, ultraadherente, y est\u00e1 preparada para el montaje de clavos AT Grip para aumentar el agarre en terrenos nevados o helados. Imprescindible para todos aquellos que aman correr y competir tambi\u00e9n en la temporada de invierno. Cyklon Cross GTX\u00ae: para tu invierno.<\/p>\n<p><img decoding=\"async\" src=\"https:\/\/www.lasportiva.com\/media\/techinfo_icons\/d\/i\/distancemedium_icona_75x75.png\" alt=\"La Sportiva\" \/><\/p>\n<p><strong>MID LONG DISTANCE<br \/>\n<\/strong>Calzado vers\u00e1til dise\u00f1ado para diferentes tipos de carreras todoterreno: skyraces, carreras de monta\u00f1a, carreras en parques urbanos. Alto rendimiento en estabilidad, amortiguaci\u00f3n y comodidad.<\/p>\n<p><img decoding=\"async\" src=\"https:\/\/www.lasportiva.com\/media\/techinfo_icons\/Mud-terrain.png\" alt=\"La Sportiva\" \/><\/p>\n<p><strong>TERRENOS BARROSOS:<br \/>\n<\/strong>Suelas espec\u00edficas para correr sobre terrenos blandos y fangosos gracias al grosor, la forma y la distancia entre los tacos que componen la banda de rodadura.<\/p>\n<p><img decoding=\"async\" src=\"https:\/\/www.lasportiva.com\/media\/techinfo_icons\/Injected.png\" alt=\"La Sportiva\" \/><\/p>\n<p><strong>EVA &#8211; INYECTADO<br \/>\n<\/strong>Las suelas inyectadas ofrecen un alto grado de amortiguaci\u00f3n y una gran elasticidad del material. Estas propiedades permiten recibir un impulso propulsor del terreno, lo que favorece la carrera en terrenos todoterreno. Adem\u00e1s, el EVA inyectado reduce considerablemente el efecto de aplastamiento con el paso del tiempo, lo que permite que el material mantenga las mismas caracter\u00edsticas de rendimiento a lo largo del tiempo.<\/p>\n<p><img decoding=\"async\" src=\"https:\/\/www.lasportiva.com\/media\/techinfo_icons\/o\/r\/ortholitehybridblu_75x75_1.png\" alt=\"La Sportiva\" \/><\/p>\n<p>Los <strong> modelos de la l\u00ednea Mountain Running\u00ae<\/strong> incorporan las exclusivas plantillas ecol\u00f3gicas La Sportiva by<strong> OrthoLite\u00ae Hybrid,<\/strong> fabricadas con un 20 % de materiales reciclados derivados del ciclo de producci\u00f3n. Se trata de plantillas dise\u00f1adas tanto para el pie masculino como para el femenino, que adoptan diferentes grosores y materiales en funci\u00f3n del peso medio del usuario.<\/p>\n<p><img decoding=\"async\" src=\"https:\/\/www.lasportiva.com\/media\/techinfo_icons\/high-volume.png\" alt=\"La Sportiva\" \/><\/p>\n<p><b>High Volume:<\/b><br \/>\nAjuste amplio y c\u00f3modo, ideal para entrenamientos y carreras de larga distancia.<\/p>\n<p><img decoding=\"async\" src=\"https:\/\/www.lasportiva.com\/media\/techinfo_icons\/impact-brake-system.png\" alt=\"La Sportiva\" \/><\/p>\n<p><strong>Innovador sistema aplicado a la suela que absorbe el impacto, ayuda en la tracci\u00f3n y proporciona agarre en el frenado.<\/strong><br \/>\nConcebido y desarrollado por el centro de Investigaci\u00f3n y Desarrollo de La Sportiva, ofrece ventajas reales durante la carrera al reducir el impacto negativo con el terreno. La disposici\u00f3n particular de los tacos hace que algunos de ellos entren en contacto primero con el terreno, suavizando el apoyo de la suela.<\/p>\n<p><img decoding=\"async\" src=\"https:\/\/www.lasportiva.com\/media\/techinfo_icons\/friction-white.png\" alt=\"La Sportiva\" \/><\/p>\n<p>Las mezclas <strong>La Sportiva FriXion\u00ae<\/strong> se han creado con el objetivo de desarrollar bandas de rodadura con diferentes par\u00e1metros de agarre y durabilidad en funci\u00f3n del tipo de uso y del terreno en el que se utilizan las zapatillas La Sportiva.<\/p>\n<p><strong>La gama FriXion<\/strong> se compone de 5 tipos de compuestos utilizados en calzado de trail running y escalada.<\/p>\n<p><img decoding=\"async\" src=\"https:\/\/www.lasportiva.com\/media\/techinfo_icons\/g\/o\/goretex_icona_75x75_6.png\" alt=\"La Sportiva\" \/><\/p>\n<p><img decoding=\"async\" src=\"https:\/\/www.lasportiva.com\/media\/techinfo_icons\/b\/o\/boa1_2__1.png\" alt=\"La Sportiva\" \/><\/p>\n<p><strong>SISTEMA BOA\u00ae FIT<br \/>\n<\/strong>DIAL PARA UN AJUSTE PRECISO, R\u00c1PIDO Y SIN ESFUERZO.<\/p>\n<p><strong>AGILIDAD Y VELOCIDAD<\/strong><br \/>\nEl sistema BOA\u00ae Fit System permite cambios de direcci\u00f3n m\u00e1s r\u00e1pidos y potentes gracias a una conexi\u00f3n continua entre el equipo y el cuerpo.<\/p>\n<p><strong>POTENCIA Y PRECISI\u00d3N<\/strong><br \/>\nPotencia sin comprometer la precisi\u00f3n, el sistema BOA\u00ae Fit<\/p>\n<p><strong>RESISTENCIA Y SALUD<\/strong><br \/>\nVe m\u00e1s all\u00e1, m\u00e1s r\u00e1pido y m\u00e1s fuerte. El sistema BOA\u00ae Fit System permite ahorrar energ\u00eda mejorando la circulaci\u00f3n y la eficiencia.<\/p>\n<p><strong>DURABILIDAD Y CALIDAD<\/strong><br \/>\nDise\u00f1ado con materiales duraderos de alta calidad y rigurosamente probado sobre el terreno, el sistema BOA\u00ae Fit System garantiza un rendimiento \u00f3ptimo en cualquier entorno.<\/p>\n<h2>Ventajas<\/h2>\n<p>+ Polaina repelente al agua de malla bi-el\u00e1stica<br \/>\n+ Membrana impermeable GORE-TEX\u00ae con tecnolog\u00eda Flex Construction<br \/>\n+ Sistema de cierre r\u00e1pido y preciso BOA\u00ae Fit System<br \/>\n+ Entrada \u00abEasy-in\u00bb que facilita y agiliza el calzado.<br \/>\n+ Reflectantes en la polaina y la cinta para uso nocturno<br \/>\n+ Suela de compuesto FriXion\u00ae White ultraadherente preparada para el montaje de clavos AT Grip para aumentar el agarre en terrenos nevados o helados<\/p>\n<p><b>Fald\u00f3n:<\/b><br \/>\nMalla \u00fanica biel\u00e1stica, repelente al agua, antideslizante y resistente a la abrasi\u00f3n + Cremallera transversal YKK\u00ae repelente al agua con revestimiento superficial<br \/>\n<b>Empeine:<\/b><br \/>\nMalla 3D antiabrasi\u00f3n y antideslizante + Banda de microfibra envolvente con revestimiento antiabrasi\u00f3n + puntera de TPU.<br \/>\n<b>Forro:<\/b><br \/>\nGore\u00ae Flex Construction<br \/>\n<b>Plantilla:<\/b><br \/>\nOrtholite\u00ae Hybrid Mountain Running Ergonomic 4 mm<br \/>\n<b>Entresuela:<\/b><br \/>\nEVA inyectado amortiguador y de doble densidad con inserto estabilizador<br \/>\n<b>Suela:<\/b><br \/>\nFriXion\u00ae White ultraadherente con posibilidad de montar clavos AT Grip<\/td>\n<\/tr>\n<\/tbody>\n<\/table>\n<p>&nbsp;<\/p>\n","protected":false},"excerpt":{"rendered":"<ul>\n<li>Membrana impermeable GORE-TEX\u00ae con tecnolog\u00eda Flex Construction<\/li>\n<li>Sistema de cierre r\u00e1pido y preciso BOA\u00ae Fit System<\/li>\n<li>Entrada \u00abEasy-in\u00bb que facilita y agiliza el calzado.<\/li>\n<\/ul>\n","protected":false},"featured_media":238229,"template":"","meta":{"_acf_changed":false,"inline_featured_image":false},"product_brand":[],"product_cat":[24454,24451],"product_tag":[23598,23600],"class_list":{"0":"post-284375","1":"product","2":"type-product","3":"status-publish","4":"has-post-thumbnail","6":"product_cat-calzado-para-hombre","7":"product_cat-trail-es-3","8":"product_tag-la-sportiva-es","9":"product_tag-la-sportiva-hombre","10":"pa_attivita-outdoor-es","11":"pa_attivita-trail-es","12":"pa_colore-cyklon-cross-gtx-black-yellow-es","13":"pa_marca-la-sportiva-es","14":"pa_sesso-hombre","15":"pa_size-42-es","16":"pa_size-42-5-es","17":"pa_size-43-es","18":"pa_size-43-5-es","19":"pa_size-45-es","20":"pa_size-45-5-es","22":"first","23":"instock","24":"sale","25":"taxable","26":"shipping-taxable","27":"purchasable","28":"product-type-variable","29":"wvs-archive-product-wrapper"},"acf":[],"yoast_head":"<!-- This site is optimized with the Yoast SEO plugin v26.8 - https:\/\/yoast.com\/product\/yoast-seo-wordpress\/ -->\n<title>La Sportiva Cyklon Cross Gtx hombre - zapatillas de trailMioMioRun .com<\/title>\n<meta name=\"description\" content=\"Las Cyklon Cross GTX\u00ae para hombre son unas zapatillas t\u00e9cnicas de Mountain Running\u00ae con polaina repelente al agua integrada y sistema de ajuste BOA\u00ae Fit System.\" \/>\n<meta name=\"robots\" content=\"index, follow, max-snippet:-1, max-image-preview:large, max-video-preview:-1\" \/>\n<link rel=\"canonical\" href=\"https:\/\/www.miomiorun.com\/es\/producto\/cyklon-cross-gtx-hombre\/\" \/>\n<meta property=\"og:locale\" content=\"es_ES\" \/>\n<meta property=\"og:type\" content=\"article\" \/>\n<meta property=\"og:title\" content=\"La Sportiva Cyklon Cross Gtx hombre - zapatillas de trailMioMioRun .com\" \/>\n<meta property=\"og:description\" content=\"Las Cyklon Cross GTX\u00ae para hombre son unas zapatillas t\u00e9cnicas de Mountain Running\u00ae con polaina repelente al agua integrada y sistema de ajuste BOA\u00ae Fit System.\" \/>\n<meta property=\"og:url\" content=\"https:\/\/www.miomiorun.com\/es\/producto\/cyklon-cross-gtx-hombre\/\" \/>\n<meta property=\"og:site_name\" content=\"MioMioRun\" \/>\n<meta property=\"article:publisher\" content=\"https:\/\/www.facebook.com\/miomiorun\/\" \/>\n<meta property=\"article:modified_time\" content=\"2026-04-23T09:41:41+00:00\" \/>\n<meta property=\"og:image\" content=\"https:\/\/www.miomiorun.com\/app\/uploads\/2022\/10\/la-sportiva-Cyklon-cross-GTX-black-yellow-56C999100.jpg\" \/>\n\t<meta property=\"og:image:width\" content=\"600\" \/>\n\t<meta property=\"og:image:height\" content=\"600\" \/>\n\t<meta property=\"og:image:type\" content=\"image\/jpeg\" \/>\n<meta name=\"twitter:card\" content=\"summary_large_image\" \/>\n<meta name=\"twitter:label1\" content=\"Est. reading time\" \/>\n\t<meta name=\"twitter:data1\" content=\"4 minutes\" \/>\n<script type=\"application\/ld+json\" class=\"yoast-schema-graph\">{\"@context\":\"https:\/\/schema.org\",\"@graph\":[{\"@type\":\"WebPage\",\"@id\":\"https:\/\/www.miomiorun.com\/es\/producto\/cyklon-cross-gtx-hombre\/\",\"url\":\"https:\/\/www.miomiorun.com\/es\/producto\/cyklon-cross-gtx-hombre\/\",\"name\":\"La Sportiva Cyklon Cross Gtx hombre - zapatillas de trailMioMioRun .com\",\"isPartOf\":{\"@id\":\"https:\/\/www.miomiorun.com\/es\/#website\"},\"primaryImageOfPage\":{\"@id\":\"https:\/\/www.miomiorun.com\/es\/producto\/cyklon-cross-gtx-hombre\/#primaryimage\"},\"image\":{\"@id\":\"https:\/\/www.miomiorun.com\/es\/producto\/cyklon-cross-gtx-hombre\/#primaryimage\"},\"thumbnailUrl\":\"https:\/\/www.miomiorun.com\/app\/uploads\/2022\/10\/la-sportiva-Cyklon-cross-GTX-black-yellow-56C999100.jpg\",\"datePublished\":\"2022-10-14T16:48:27+00:00\",\"dateModified\":\"2026-04-23T09:41:41+00:00\",\"description\":\"Las Cyklon Cross GTX\u00ae para hombre son unas zapatillas t\u00e9cnicas de Mountain Running\u00ae con polaina repelente al agua integrada y sistema de ajuste BOA\u00ae Fit System.\",\"breadcrumb\":{\"@id\":\"https:\/\/www.miomiorun.com\/es\/producto\/cyklon-cross-gtx-hombre\/#breadcrumb\"},\"inLanguage\":\"es-ES\",\"potentialAction\":[{\"@type\":\"ReadAction\",\"target\":[\"https:\/\/www.miomiorun.com\/es\/producto\/cyklon-cross-gtx-hombre\/\"]}]},{\"@type\":\"ImageObject\",\"inLanguage\":\"es-ES\",\"@id\":\"https:\/\/www.miomiorun.com\/es\/producto\/cyklon-cross-gtx-hombre\/#primaryimage\",\"url\":\"https:\/\/www.miomiorun.com\/app\/uploads\/2022\/10\/la-sportiva-Cyklon-cross-GTX-black-yellow-56C999100.jpg\",\"contentUrl\":\"https:\/\/www.miomiorun.com\/app\/uploads\/2022\/10\/la-sportiva-Cyklon-cross-GTX-black-yellow-56C999100.jpg\",\"width\":600,\"height\":600,\"caption\":\"la-sportiva-Cyklon-cross-GTX-black-yellow-56C999100\"},{\"@type\":\"BreadcrumbList\",\"@id\":\"https:\/\/www.miomiorun.com\/es\/producto\/cyklon-cross-gtx-hombre\/#breadcrumb\",\"itemListElement\":[{\"@type\":\"ListItem\",\"position\":1,\"name\":\"Home\",\"item\":\"https:\/\/www.miomiorun.com\/es\/\"},{\"@type\":\"ListItem\",\"position\":2,\"name\":\"Shop\",\"item\":\"https:\/\/www.miomiorun.com\/shop\/\"},{\"@type\":\"ListItem\",\"position\":3,\"name\":\"Cyklon Cross Gtx hombre\"}]},{\"@type\":\"WebSite\",\"@id\":\"https:\/\/www.miomiorun.com\/es\/#website\",\"url\":\"https:\/\/www.miomiorun.com\/es\/\",\"name\":\"MioMioRun\",\"description\":\"Tienda 100% running y trail\",\"publisher\":{\"@id\":\"https:\/\/www.miomiorun.com\/es\/#organization\"},\"potentialAction\":[{\"@type\":\"SearchAction\",\"target\":{\"@type\":\"EntryPoint\",\"urlTemplate\":\"https:\/\/www.miomiorun.com\/es\/?s={search_term_string}\"},\"query-input\":{\"@type\":\"PropertyValueSpecification\",\"valueRequired\":true,\"valueName\":\"search_term_string\"}}],\"inLanguage\":\"es-ES\"},{\"@type\":\"Organization\",\"@id\":\"https:\/\/www.miomiorun.com\/es\/#organization\",\"name\":\"MioMio Run\",\"url\":\"https:\/\/www.miomiorun.com\/es\/\",\"logo\":{\"@type\":\"ImageObject\",\"inLanguage\":\"es-ES\",\"@id\":\"https:\/\/www.miomiorun.com\/es\/#\/schema\/logo\/image\/\",\"url\":\"https:\/\/www.miomiorun.com\/app\/uploads\/2019\/12\/logomio.png\",\"contentUrl\":\"https:\/\/www.miomiorun.com\/app\/uploads\/2019\/12\/logomio.png\",\"width\":115,\"height\":82,\"caption\":\"MioMio Run\"},\"image\":{\"@id\":\"https:\/\/www.miomiorun.com\/es\/#\/schema\/logo\/image\/\"},\"sameAs\":[\"https:\/\/www.facebook.com\/miomiorun\/\",\"https:\/\/www.instagram.com\/miomiorun\/\"]}]}<\/script>\n<!-- \/ Yoast SEO plugin. -->","yoast_head_json":{"title":"La Sportiva Cyklon Cross Gtx hombre - zapatillas de trailMioMioRun .com","description":"Las Cyklon Cross GTX\u00ae para hombre son unas zapatillas t\u00e9cnicas de Mountain Running\u00ae con polaina repelente al agua integrada y sistema de ajuste BOA\u00ae Fit System.","robots":{"index":"index","follow":"follow","max-snippet":"max-snippet:-1","max-image-preview":"max-image-preview:large","max-video-preview":"max-video-preview:-1"},"canonical":"https:\/\/www.miomiorun.com\/es\/producto\/cyklon-cross-gtx-hombre\/","og_locale":"es_ES","og_type":"article","og_title":"La Sportiva Cyklon Cross Gtx hombre - zapatillas de trailMioMioRun .com","og_description":"Las Cyklon Cross GTX\u00ae para hombre son unas zapatillas t\u00e9cnicas de Mountain Running\u00ae con polaina repelente al agua integrada y sistema de ajuste BOA\u00ae Fit System.","og_url":"https:\/\/www.miomiorun.com\/es\/producto\/cyklon-cross-gtx-hombre\/","og_site_name":"MioMioRun","article_publisher":"https:\/\/www.facebook.com\/miomiorun\/","article_modified_time":"2026-04-23T09:41:41+00:00","og_image":[{"width":600,"height":600,"url":"https:\/\/www.miomiorun.com\/app\/uploads\/2022\/10\/la-sportiva-Cyklon-cross-GTX-black-yellow-56C999100.jpg","type":"image\/jpeg"}],"twitter_card":"summary_large_image","twitter_misc":{"Est. reading time":"4 minutes"},"schema":{"@context":"https:\/\/schema.org","@graph":[{"@type":"WebPage","@id":"https:\/\/www.miomiorun.com\/es\/producto\/cyklon-cross-gtx-hombre\/","url":"https:\/\/www.miomiorun.com\/es\/producto\/cyklon-cross-gtx-hombre\/","name":"La Sportiva Cyklon Cross Gtx hombre - zapatillas de trailMioMioRun .com","isPartOf":{"@id":"https:\/\/www.miomiorun.com\/es\/#website"},"primaryImageOfPage":{"@id":"https:\/\/www.miomiorun.com\/es\/producto\/cyklon-cross-gtx-hombre\/#primaryimage"},"image":{"@id":"https:\/\/www.miomiorun.com\/es\/producto\/cyklon-cross-gtx-hombre\/#primaryimage"},"thumbnailUrl":"https:\/\/www.miomiorun.com\/app\/uploads\/2022\/10\/la-sportiva-Cyklon-cross-GTX-black-yellow-56C999100.jpg","datePublished":"2022-10-14T16:48:27+00:00","dateModified":"2026-04-23T09:41:41+00:00","description":"Las Cyklon Cross GTX\u00ae para hombre son unas zapatillas t\u00e9cnicas de Mountain Running\u00ae con polaina repelente al agua integrada y sistema de ajuste BOA\u00ae Fit System.","breadcrumb":{"@id":"https:\/\/www.miomiorun.com\/es\/producto\/cyklon-cross-gtx-hombre\/#breadcrumb"},"inLanguage":"es-ES","potentialAction":[{"@type":"ReadAction","target":["https:\/\/www.miomiorun.com\/es\/producto\/cyklon-cross-gtx-hombre\/"]}]},{"@type":"ImageObject","inLanguage":"es-ES","@id":"https:\/\/www.miomiorun.com\/es\/producto\/cyklon-cross-gtx-hombre\/#primaryimage","url":"https:\/\/www.miomiorun.com\/app\/uploads\/2022\/10\/la-sportiva-Cyklon-cross-GTX-black-yellow-56C999100.jpg","contentUrl":"https:\/\/www.miomiorun.com\/app\/uploads\/2022\/10\/la-sportiva-Cyklon-cross-GTX-black-yellow-56C999100.jpg","width":600,"height":600,"caption":"la-sportiva-Cyklon-cross-GTX-black-yellow-56C999100"},{"@type":"BreadcrumbList","@id":"https:\/\/www.miomiorun.com\/es\/producto\/cyklon-cross-gtx-hombre\/#breadcrumb","itemListElement":[{"@type":"ListItem","position":1,"name":"Home","item":"https:\/\/www.miomiorun.com\/es\/"},{"@type":"ListItem","position":2,"name":"Shop","item":"https:\/\/www.miomiorun.com\/shop\/"},{"@type":"ListItem","position":3,"name":"Cyklon Cross Gtx hombre"}]},{"@type":"WebSite","@id":"https:\/\/www.miomiorun.com\/es\/#website","url":"https:\/\/www.miomiorun.com\/es\/","name":"MioMioRun","description":"Tienda 100% running y trail","publisher":{"@id":"https:\/\/www.miomiorun.com\/es\/#organization"},"potentialAction":[{"@type":"SearchAction","target":{"@type":"EntryPoint","urlTemplate":"https:\/\/www.miomiorun.com\/es\/?s={search_term_string}"},"query-input":{"@type":"PropertyValueSpecification","valueRequired":true,"valueName":"search_term_string"}}],"inLanguage":"es-ES"},{"@type":"Organization","@id":"https:\/\/www.miomiorun.com\/es\/#organization","name":"MioMio Run","url":"https:\/\/www.miomiorun.com\/es\/","logo":{"@type":"ImageObject","inLanguage":"es-ES","@id":"https:\/\/www.miomiorun.com\/es\/#\/schema\/logo\/image\/","url":"https:\/\/www.miomiorun.com\/app\/uploads\/2019\/12\/logomio.png","contentUrl":"https:\/\/www.miomiorun.com\/app\/uploads\/2019\/12\/logomio.png","width":115,"height":82,"caption":"MioMio Run"},"image":{"@id":"https:\/\/www.miomiorun.com\/es\/#\/schema\/logo\/image\/"},"sameAs":["https:\/\/www.facebook.com\/miomiorun\/","https:\/\/www.instagram.com\/miomiorun\/"]}]}},"_links":{"self":[{"href":"https:\/\/www.miomiorun.com\/es\/wp-json\/wp\/v2\/product\/284375","targetHints":{"allow":["GET"]}}],"collection":[{"href":"https:\/\/www.miomiorun.com\/es\/wp-json\/wp\/v2\/product"}],"about":[{"href":"https:\/\/www.miomiorun.com\/es\/wp-json\/wp\/v2\/types\/product"}],"wp:featuredmedia":[{"embeddable":true,"href":"https:\/\/www.miomiorun.com\/es\/wp-json\/wp\/v2\/media\/238229"}],"wp:attachment":[{"href":"https:\/\/www.miomiorun.com\/es\/wp-json\/wp\/v2\/media?parent=284375"}],"wp:term":[{"taxonomy":"product_brand","embeddable":true,"href":"https:\/\/www.miomiorun.com\/es\/wp-json\/wp\/v2\/product_brand?post=284375"},{"taxonomy":"product_cat","embeddable":true,"href":"https:\/\/www.miomiorun.com\/es\/wp-json\/wp\/v2\/product_cat?post=284375"},{"taxonomy":"product_tag","embeddable":true,"href":"https:\/\/www.miomiorun.com\/es\/wp-json\/wp\/v2\/product_tag?post=284375"}],"curies":[{"name":"wp","href":"https:\/\/api.w.org\/{rel}","templated":true}]}}