{"id":284319,"date":"2022-10-18T17:38:10","date_gmt":"2022-10-18T15:38:10","guid":{"rendered":"https:\/\/miomiorun.com\/prodotto\/adv-active-extreme-x-pants-donna\/"},"modified":"2026-05-06T11:17:50","modified_gmt":"2026-05-06T09:17:50","slug":"adv-active-extreme-x-pants-mujer","status":"publish","type":"product","link":"https:\/\/www.miomiorun.com\/es\/producto\/adv-active-extreme-x-pants-mujer\/","title":{"rendered":"ADV Active Extreme X Pants mujer"},"content":{"rendered":"<div id=\"tw-target-text-container\" class=\"tw-ta-container F0azHf tw-nfl\">\n<p><strong>Active Extreme X Pants<\/strong> en su versi\u00f3n para mujer son unos pantalones de primera capa altamente funcionales, dise\u00f1ados para correr y entrenar a alta intensidad en condiciones invernales que van desde templadas hasta fr\u00edas.<\/p>\n<p>Esta prenda de alto rendimiento combina poli\u00e9ster ligero SEAQUAL, tecnolog\u00eda Coolmax Air y poli\u00e9ster reciclado para ofrecer una gesti\u00f3n excepcional de la temperatura corporal durante las actividades de alta intensidad. Adem\u00e1s, la prenda cuenta con un dise\u00f1o de punto tipo gofre para una mejor evacuaci\u00f3n de la humedad y mayor comodidad. Su gran elasticidad y su corte ergon\u00f3mico garantizan una libertad de movimiento \u00f3ptima, mientras que los paneles de malla estrat\u00e9gicamente situados en el cuerpo proporcionan una ventilaci\u00f3n adicional donde m\u00e1s se necesita. Un favorito contrastado entre los deportistas de \u00e9lite y los h\u00e9roes del d\u00eda a d\u00eda.<\/p>\n<p><strong>Tejido ecol\u00f3gico SEAQUAL<\/strong><br \/>\nLa iniciativa SEAQUAL combate la contaminaci\u00f3n por pl\u00e1sticos y ayuda a limpiar nuestros oc\u00e9anos de residuos marinos, impulsando a la sociedad hacia la econom\u00eda circular. Fruto de nuestra ambici\u00f3n por asumir la plena responsabilidad de toda la cadena de valor, los pantalones Active Extreme X est\u00e1n fabricados con pl\u00e1stico marino reciclado, un material 100 % reciclado. El tejido reciclado SEAQUAL no solo es ecol\u00f3gico, sino que tambi\u00e9n ofrece una excelente evacuaci\u00f3n de la humedad y ventilaci\u00f3n.<\/p>\n<p><strong>Tecnolog\u00eda Coolmax Air<\/strong><br \/>\nLos tejidos con tecnolog\u00eda Coolmax Air est\u00e1n dise\u00f1ados para optimizar la regulaci\u00f3n natural de la temperatura corporal tanto en condiciones de fr\u00edo como de calor. Caracterizado por fibras de poli\u00e9ster con una exclusiva secci\u00f3n transversal en forma de h\u00e9lice, el tejido ofrece una excelente termorregulaci\u00f3n para un rendimiento \u00f3ptimo. Las pruebas han demostrado que las prendas confeccionadas con la tecnolog\u00eda Coolmax Air ofrecen una gesti\u00f3n superior de la temperatura corporal, una gran comodidad y un excelente efecto de secado r\u00e1pido.<\/p>\n<p><strong>CARACTER\u00cdSTICAS:<\/strong><\/p>\n<p>&#8211; Tejido fino, ligero y el\u00e1stico<br \/>\n&#8211; Poli\u00e9ster SEAQUAL fabricado a partir de pl\u00e1stico reciclado<br \/>\n&#8211; Tecnolog\u00eda Coolmax Air<br \/>\n&#8211; Dise\u00f1o de punto waffle para una m\u00e1xima evacuaci\u00f3n de la humedad y mayor comodidad<br \/>\n&#8211; Paneles de malla adaptados al cuerpo para una mayor ventilaci\u00f3n<br \/>\n&#8211; Costuras flatlock que se adaptan a los movimientos del cuerpo<br \/>\n&#8211; Ajuste ce\u00f1ido<br \/>\n&#8211; Evacuaci\u00f3n de la humedad: 5 sobre 5<br \/>\n&#8211; Nivel de actividad: 5 sobre 5<br \/>\n&#8211; Temperatura: de -5 \u00baC a +10 \u00baC<\/p>\n<\/div>\n<div id=\"tw-target-rmn-container\" class=\"tw-target-rmn tw-ta-container F0azHf tw-nfl\">\n<pre id=\"tw-target-rmn\" class=\"tw-data-placeholder tw-text-small tw-ta\" dir=\"ltr\" data-placeholder=\"\">\r\n\r\n<\/pre>\n<\/div>\n","protected":false},"excerpt":{"rendered":"<p>&#8211; Tejido fino, ligero y el\u00e1stico<br \/>\n&#8211; Poli\u00e9ster SEAQUAL fabricado a partir de pl\u00e1stico reciclado<br \/>\n&#8211; Tecnolog\u00eda Coolmax Air<\/p>\n","protected":false},"featured_media":238379,"template":"","meta":{"_acf_changed":false,"inline_featured_image":false},"product_brand":[],"product_cat":[24225,24401],"product_tag":[23553,23659],"class_list":{"0":"post-284319","1":"product","2":"type-product","3":"status-publish","4":"has-post-thumbnail","6":"product_cat-pantalones-largos","7":"product_cat-ropa-de-mujer","8":"product_tag-craft-es","9":"product_tag-craft-mujer","10":"pa_attivita-caminar","11":"pa_attivita-running-es","12":"pa_colore-active-extreme-x-pants-w-black-es","13":"pa_marca-craft-es","14":"pa_sesso-mujer","15":"pa_size-extra-small-es","16":"pa_size-small-es","17":"pa_size-medium-es","18":"pa_size-large-es","20":"first","21":"instock","22":"sale","23":"taxable","24":"shipping-taxable","25":"purchasable","26":"product-type-variable","27":"wvs-archive-product-wrapper"},"acf":[],"yoast_head":"<!-- This site is optimized with the Yoast SEO plugin v26.8 - https:\/\/yoast.com\/product\/yoast-seo-wordpress\/ -->\n<title>Craft ADV Active Extreme X Pants mujer - Pantalones - MioMioRun<\/title>\n<meta name=\"description\" content=\"Los pantalones Active Extreme X para mujer son unos pantalones de primera capa altamente funcionales, dise\u00f1ados para correr y para entrenamientos de alta intensidad\" \/>\n<meta name=\"robots\" content=\"index, follow, max-snippet:-1, max-image-preview:large, max-video-preview:-1\" \/>\n<link rel=\"canonical\" href=\"https:\/\/www.miomiorun.com\/es\/producto\/adv-active-extreme-x-pants-mujer\/\" \/>\n<meta property=\"og:locale\" content=\"es_ES\" \/>\n<meta property=\"og:type\" content=\"article\" \/>\n<meta property=\"og:title\" content=\"Craft ADV Active Extreme X Pants mujer - Pantalones - MioMioRun\" \/>\n<meta property=\"og:description\" content=\"Los pantalones Active Extreme X para mujer son unos pantalones de primera capa altamente funcionales, dise\u00f1ados para correr y para entrenamientos de alta intensidad\" \/>\n<meta property=\"og:url\" content=\"https:\/\/www.miomiorun.com\/es\/producto\/adv-active-extreme-x-pants-mujer\/\" \/>\n<meta property=\"og:site_name\" content=\"MioMioRun\" \/>\n<meta property=\"article:publisher\" content=\"https:\/\/www.facebook.com\/miomiorun\/\" \/>\n<meta property=\"article:modified_time\" content=\"2026-05-06T09:17:50+00:00\" \/>\n<meta property=\"og:image\" content=\"https:\/\/www.miomiorun.com\/app\/uploads\/2022\/10\/craft-active-extreme-x-pants-W-black-1909677-999000.jpg\" \/>\n\t<meta property=\"og:image:width\" content=\"600\" \/>\n\t<meta property=\"og:image:height\" content=\"600\" \/>\n\t<meta property=\"og:image:type\" content=\"image\/jpeg\" \/>\n<meta name=\"twitter:card\" content=\"summary_large_image\" \/>\n<meta name=\"twitter:label1\" content=\"Est. reading time\" \/>\n\t<meta name=\"twitter:data1\" content=\"2 minutes\" \/>\n<script type=\"application\/ld+json\" class=\"yoast-schema-graph\">{\"@context\":\"https:\/\/schema.org\",\"@graph\":[{\"@type\":\"WebPage\",\"@id\":\"https:\/\/www.miomiorun.com\/es\/producto\/adv-active-extreme-x-pants-mujer\/\",\"url\":\"https:\/\/www.miomiorun.com\/es\/producto\/adv-active-extreme-x-pants-mujer\/\",\"name\":\"Craft ADV Active Extreme X Pants mujer - Pantalones - MioMioRun\",\"isPartOf\":{\"@id\":\"https:\/\/www.miomiorun.com\/es\/#website\"},\"primaryImageOfPage\":{\"@id\":\"https:\/\/www.miomiorun.com\/es\/producto\/adv-active-extreme-x-pants-mujer\/#primaryimage\"},\"image\":{\"@id\":\"https:\/\/www.miomiorun.com\/es\/producto\/adv-active-extreme-x-pants-mujer\/#primaryimage\"},\"thumbnailUrl\":\"https:\/\/www.miomiorun.com\/app\/uploads\/2022\/10\/craft-active-extreme-x-pants-W-black-1909677-999000.jpg\",\"datePublished\":\"2022-10-18T15:38:10+00:00\",\"dateModified\":\"2026-05-06T09:17:50+00:00\",\"description\":\"Los pantalones Active Extreme X para mujer son unos pantalones de primera capa altamente funcionales, dise\u00f1ados para correr y para entrenamientos de alta intensidad\",\"breadcrumb\":{\"@id\":\"https:\/\/www.miomiorun.com\/es\/producto\/adv-active-extreme-x-pants-mujer\/#breadcrumb\"},\"inLanguage\":\"es-ES\",\"potentialAction\":[{\"@type\":\"ReadAction\",\"target\":[\"https:\/\/www.miomiorun.com\/es\/producto\/adv-active-extreme-x-pants-mujer\/\"]}]},{\"@type\":\"ImageObject\",\"inLanguage\":\"es-ES\",\"@id\":\"https:\/\/www.miomiorun.com\/es\/producto\/adv-active-extreme-x-pants-mujer\/#primaryimage\",\"url\":\"https:\/\/www.miomiorun.com\/app\/uploads\/2022\/10\/craft-active-extreme-x-pants-W-black-1909677-999000.jpg\",\"contentUrl\":\"https:\/\/www.miomiorun.com\/app\/uploads\/2022\/10\/craft-active-extreme-x-pants-W-black-1909677-999000.jpg\",\"width\":600,\"height\":600,\"caption\":\"craft-active-extreme-x-pants-W-black-1909677-999000\"},{\"@type\":\"BreadcrumbList\",\"@id\":\"https:\/\/www.miomiorun.com\/es\/producto\/adv-active-extreme-x-pants-mujer\/#breadcrumb\",\"itemListElement\":[{\"@type\":\"ListItem\",\"position\":1,\"name\":\"Home\",\"item\":\"https:\/\/www.miomiorun.com\/es\/\"},{\"@type\":\"ListItem\",\"position\":2,\"name\":\"Shop\",\"item\":\"https:\/\/www.miomiorun.com\/shop\/\"},{\"@type\":\"ListItem\",\"position\":3,\"name\":\"ADV Active Extreme X Pants mujer\"}]},{\"@type\":\"WebSite\",\"@id\":\"https:\/\/www.miomiorun.com\/es\/#website\",\"url\":\"https:\/\/www.miomiorun.com\/es\/\",\"name\":\"MioMioRun\",\"description\":\"Tienda 100% running y trail\",\"publisher\":{\"@id\":\"https:\/\/www.miomiorun.com\/es\/#organization\"},\"potentialAction\":[{\"@type\":\"SearchAction\",\"target\":{\"@type\":\"EntryPoint\",\"urlTemplate\":\"https:\/\/www.miomiorun.com\/es\/?s={search_term_string}\"},\"query-input\":{\"@type\":\"PropertyValueSpecification\",\"valueRequired\":true,\"valueName\":\"search_term_string\"}}],\"inLanguage\":\"es-ES\"},{\"@type\":\"Organization\",\"@id\":\"https:\/\/www.miomiorun.com\/es\/#organization\",\"name\":\"MioMio Run\",\"url\":\"https:\/\/www.miomiorun.com\/es\/\",\"logo\":{\"@type\":\"ImageObject\",\"inLanguage\":\"es-ES\",\"@id\":\"https:\/\/www.miomiorun.com\/es\/#\/schema\/logo\/image\/\",\"url\":\"https:\/\/www.miomiorun.com\/app\/uploads\/2019\/12\/logomio.png\",\"contentUrl\":\"https:\/\/www.miomiorun.com\/app\/uploads\/2019\/12\/logomio.png\",\"width\":115,\"height\":82,\"caption\":\"MioMio Run\"},\"image\":{\"@id\":\"https:\/\/www.miomiorun.com\/es\/#\/schema\/logo\/image\/\"},\"sameAs\":[\"https:\/\/www.facebook.com\/miomiorun\/\",\"https:\/\/www.instagram.com\/miomiorun\/\"]}]}<\/script>\n<!-- \/ Yoast SEO plugin. -->","yoast_head_json":{"title":"Craft ADV Active Extreme X Pants mujer - Pantalones - MioMioRun","description":"Los pantalones Active Extreme X para mujer son unos pantalones de primera capa altamente funcionales, dise\u00f1ados para correr y para entrenamientos de alta intensidad","robots":{"index":"index","follow":"follow","max-snippet":"max-snippet:-1","max-image-preview":"max-image-preview:large","max-video-preview":"max-video-preview:-1"},"canonical":"https:\/\/www.miomiorun.com\/es\/producto\/adv-active-extreme-x-pants-mujer\/","og_locale":"es_ES","og_type":"article","og_title":"Craft ADV Active Extreme X Pants mujer - Pantalones - MioMioRun","og_description":"Los pantalones Active Extreme X para mujer son unos pantalones de primera capa altamente funcionales, dise\u00f1ados para correr y para entrenamientos de alta intensidad","og_url":"https:\/\/www.miomiorun.com\/es\/producto\/adv-active-extreme-x-pants-mujer\/","og_site_name":"MioMioRun","article_publisher":"https:\/\/www.facebook.com\/miomiorun\/","article_modified_time":"2026-05-06T09:17:50+00:00","og_image":[{"width":600,"height":600,"url":"https:\/\/www.miomiorun.com\/app\/uploads\/2022\/10\/craft-active-extreme-x-pants-W-black-1909677-999000.jpg","type":"image\/jpeg"}],"twitter_card":"summary_large_image","twitter_misc":{"Est. reading time":"2 minutes"},"schema":{"@context":"https:\/\/schema.org","@graph":[{"@type":"WebPage","@id":"https:\/\/www.miomiorun.com\/es\/producto\/adv-active-extreme-x-pants-mujer\/","url":"https:\/\/www.miomiorun.com\/es\/producto\/adv-active-extreme-x-pants-mujer\/","name":"Craft ADV Active Extreme X Pants mujer - Pantalones - MioMioRun","isPartOf":{"@id":"https:\/\/www.miomiorun.com\/es\/#website"},"primaryImageOfPage":{"@id":"https:\/\/www.miomiorun.com\/es\/producto\/adv-active-extreme-x-pants-mujer\/#primaryimage"},"image":{"@id":"https:\/\/www.miomiorun.com\/es\/producto\/adv-active-extreme-x-pants-mujer\/#primaryimage"},"thumbnailUrl":"https:\/\/www.miomiorun.com\/app\/uploads\/2022\/10\/craft-active-extreme-x-pants-W-black-1909677-999000.jpg","datePublished":"2022-10-18T15:38:10+00:00","dateModified":"2026-05-06T09:17:50+00:00","description":"Los pantalones Active Extreme X para mujer son unos pantalones de primera capa altamente funcionales, dise\u00f1ados para correr y para entrenamientos de alta intensidad","breadcrumb":{"@id":"https:\/\/www.miomiorun.com\/es\/producto\/adv-active-extreme-x-pants-mujer\/#breadcrumb"},"inLanguage":"es-ES","potentialAction":[{"@type":"ReadAction","target":["https:\/\/www.miomiorun.com\/es\/producto\/adv-active-extreme-x-pants-mujer\/"]}]},{"@type":"ImageObject","inLanguage":"es-ES","@id":"https:\/\/www.miomiorun.com\/es\/producto\/adv-active-extreme-x-pants-mujer\/#primaryimage","url":"https:\/\/www.miomiorun.com\/app\/uploads\/2022\/10\/craft-active-extreme-x-pants-W-black-1909677-999000.jpg","contentUrl":"https:\/\/www.miomiorun.com\/app\/uploads\/2022\/10\/craft-active-extreme-x-pants-W-black-1909677-999000.jpg","width":600,"height":600,"caption":"craft-active-extreme-x-pants-W-black-1909677-999000"},{"@type":"BreadcrumbList","@id":"https:\/\/www.miomiorun.com\/es\/producto\/adv-active-extreme-x-pants-mujer\/#breadcrumb","itemListElement":[{"@type":"ListItem","position":1,"name":"Home","item":"https:\/\/www.miomiorun.com\/es\/"},{"@type":"ListItem","position":2,"name":"Shop","item":"https:\/\/www.miomiorun.com\/shop\/"},{"@type":"ListItem","position":3,"name":"ADV Active Extreme X Pants mujer"}]},{"@type":"WebSite","@id":"https:\/\/www.miomiorun.com\/es\/#website","url":"https:\/\/www.miomiorun.com\/es\/","name":"MioMioRun","description":"Tienda 100% running y trail","publisher":{"@id":"https:\/\/www.miomiorun.com\/es\/#organization"},"potentialAction":[{"@type":"SearchAction","target":{"@type":"EntryPoint","urlTemplate":"https:\/\/www.miomiorun.com\/es\/?s={search_term_string}"},"query-input":{"@type":"PropertyValueSpecification","valueRequired":true,"valueName":"search_term_string"}}],"inLanguage":"es-ES"},{"@type":"Organization","@id":"https:\/\/www.miomiorun.com\/es\/#organization","name":"MioMio Run","url":"https:\/\/www.miomiorun.com\/es\/","logo":{"@type":"ImageObject","inLanguage":"es-ES","@id":"https:\/\/www.miomiorun.com\/es\/#\/schema\/logo\/image\/","url":"https:\/\/www.miomiorun.com\/app\/uploads\/2019\/12\/logomio.png","contentUrl":"https:\/\/www.miomiorun.com\/app\/uploads\/2019\/12\/logomio.png","width":115,"height":82,"caption":"MioMio Run"},"image":{"@id":"https:\/\/www.miomiorun.com\/es\/#\/schema\/logo\/image\/"},"sameAs":["https:\/\/www.facebook.com\/miomiorun\/","https:\/\/www.instagram.com\/miomiorun\/"]}]}},"_links":{"self":[{"href":"https:\/\/www.miomiorun.com\/es\/wp-json\/wp\/v2\/product\/284319","targetHints":{"allow":["GET"]}}],"collection":[{"href":"https:\/\/www.miomiorun.com\/es\/wp-json\/wp\/v2\/product"}],"about":[{"href":"https:\/\/www.miomiorun.com\/es\/wp-json\/wp\/v2\/types\/product"}],"wp:featuredmedia":[{"embeddable":true,"href":"https:\/\/www.miomiorun.com\/es\/wp-json\/wp\/v2\/media\/238379"}],"wp:attachment":[{"href":"https:\/\/www.miomiorun.com\/es\/wp-json\/wp\/v2\/media?parent=284319"}],"wp:term":[{"taxonomy":"product_brand","embeddable":true,"href":"https:\/\/www.miomiorun.com\/es\/wp-json\/wp\/v2\/product_brand?post=284319"},{"taxonomy":"product_cat","embeddable":true,"href":"https:\/\/www.miomiorun.com\/es\/wp-json\/wp\/v2\/product_cat?post=284319"},{"taxonomy":"product_tag","embeddable":true,"href":"https:\/\/www.miomiorun.com\/es\/wp-json\/wp\/v2\/product_tag?post=284319"}],"curies":[{"name":"wp","href":"https:\/\/api.w.org\/{rel}","templated":true}]}}