{"id":284192,"date":"2022-10-20T11:51:11","date_gmt":"2022-10-20T09:51:11","guid":{"rendered":"https:\/\/miomiorun.com\/prodotto\/endorphin-kids\/"},"modified":"2025-12-11T21:34:46","modified_gmt":"2025-12-11T20:34:46","slug":"endorphin-kids","status":"publish","type":"product","link":"https:\/\/www.miomiorun.com\/es\/producto\/endorphin-kids\/","title":{"rendered":"Endorphin Kids"},"content":{"rendered":"<div class=\"vc-row container\"><div class=\"vc-column\"><div class=\"vc-column-text\"><\/p>\n<h4>Especificaciones t\u00e9cnicas<\/h4>\n<p>Categor\u00eda: Amortiguaci\u00f3n estructurada<br \/>\nOffset: 4mm<br \/>\nIdeal para : chicos que necesitan una zapatilla con buena amortiguaci\u00f3n y estructura. Ideal para los primeros acercamientos a la actividad deportiva o para chicos que ya est\u00e1n inclinados a afrontar distancias medias y largas.<br \/>\n<a href=\"https:\/\/miomiorun.com\/es\/guia-especifica\/\">Gu\u00eda de especificaciones<\/a><\/p>\n<p><\/div><\/div><div class=\"vc-column\"><div class=\"vc-column-text\"><\/p>\n<div class=\"bfx-product-desc col-xs-12 col-md-6\">\n<div class=\"description\">Forma parte de la colecci\u00f3n Endorphin que tanto te gusta, dise\u00f1ada especialmente para ni\u00f1os.<\/div>\n<div class=\"description\">Duraderas y transpirables, permiten a los ni\u00f1os hacer lo que mejor saben: correr y jugar. La <strong>Endorphin KDZ<\/strong> presenta una puntera m\u00e1s alta que impulsa a los ni\u00f1os hacia adelante gracias a una entresuela inspirada en la tecnolog\u00eda SPEEDROLL para adultos.<\/div>\n<\/div>\n<div><\/div>\n<div><strong>CARACTER\u00cdSTICAS:<\/strong><\/div>\n<div>-Una entresuela inspirada en la tecnolog\u00eda SPEEDROLL de los adultos proporciona una puntera m\u00e1s alta que impulsa a los ni\u00f1os hacia adelante<br \/>\n-Una entresuela m\u00e1s gruesa con amortiguaci\u00f3n PWRRUN proporciona un muelle amplio y una sensaci\u00f3n suave pero receptiva<br \/>\n-Ca\u00edda de 4 mm<br \/>\n-Plantilla de alto rendimiento con forma FORMFIT<br \/>\n-Cierre tradicional de cordones<br \/>\n-Parte superior de malla ligera para mayor transpirabilidad<br \/>\n-Puntera reforzada para mayor durabilidad<br \/>\n-Forro de PET reciclado<br \/>\n-El forro antiolor ayuda a reducir el olor<br \/>\n-Suela exterior de caucho macizo antihuellas para mayor durabilidad<\/div>\n<div>\n<\/div>\n<p><\/div><\/div><\/div>\n","protected":false},"excerpt":{"rendered":"<p>-Puntera reforzada para mayor durabilidad<\/p>\n<p>-Forro de PET reciclado<\/p>\n<p>-El forro antiolor ayuda a reducir los olores<\/p>\n","protected":false},"featured_media":238301,"template":"","meta":{"_acf_changed":false,"inline_featured_image":false},"product_brand":[],"product_cat":[24405,24406,24407],"product_tag":[23578,24194,24193],"class_list":{"0":"post-284192","1":"product","2":"type-product","3":"status-publish","4":"has-post-thumbnail","6":"product_cat-zapatos-chica","7":"product_cat-zapatos-chico","8":"product_cat-chico","9":"product_tag-saucony-es","10":"product_tag-saucony-chica","11":"product_tag-saucony-chico","12":"pa_attivita-caminar","13":"pa_attivita-fitness-es","14":"pa_attivita-lifestyle-es","15":"pa_attivita-running-es","16":"pa_colore-endorphin-kdz-black-gold-es","17":"pa_colore-endorphin-kdz-blu-silver-es","18":"pa_colore-endorphin-kdz-magenta-es","19":"pa_colore-endorphin-kdz-navy-citron-es","20":"pa_colore-endorphin-kdz-orange-grey-es","21":"pa_marca-saucony-es","22":"pa_sesso-hombre","23":"pa_sesso-mujer","24":"pa_size-32-es","25":"pa_size-33-es","26":"pa_size-33-5-es","27":"pa_size-36-es","28":"pa_size-37-es","29":"pa_size-37-5-es","31":"first","32":"instock","33":"sale","34":"taxable","35":"shipping-taxable","36":"purchasable","37":"product-type-variable","38":"wvs-archive-product-wrapper"},"acf":[],"yoast_head":"<!-- This site is optimized with the Yoast SEO plugin v26.8 - https:\/\/yoast.com\/product\/yoast-seo-wordpress\/ -->\n<title>Endorphin Kids - Zapatillas de running para ni\u00f1os MioMioRun<\/title>\n<meta name=\"description\" content=\"Forma parte de la colecci\u00f3n Endorphin que te encanta, dise\u00f1ada especialmente para los ni\u00f1os.Resistente y transpirable, permite a los ni\u00f1os correr libremente\" \/>\n<meta name=\"robots\" content=\"index, follow, max-snippet:-1, max-image-preview:large, max-video-preview:-1\" \/>\n<link rel=\"canonical\" href=\"https:\/\/www.miomiorun.com\/es\/producto\/endorphin-kids\/\" \/>\n<meta property=\"og:locale\" content=\"es_ES\" \/>\n<meta property=\"og:type\" content=\"article\" \/>\n<meta property=\"og:title\" content=\"Endorphin Kids - Zapatillas de running para ni\u00f1os MioMioRun\" \/>\n<meta property=\"og:description\" content=\"Forma parte de la colecci\u00f3n Endorphin que te encanta, dise\u00f1ada especialmente para los ni\u00f1os.Resistente y transpirable, permite a los ni\u00f1os correr libremente\" \/>\n<meta property=\"og:url\" content=\"https:\/\/www.miomiorun.com\/es\/producto\/endorphin-kids\/\" \/>\n<meta property=\"og:site_name\" content=\"MioMioRun\" \/>\n<meta property=\"article:publisher\" content=\"https:\/\/www.facebook.com\/miomiorun\/\" \/>\n<meta property=\"article:modified_time\" content=\"2025-12-11T20:34:46+00:00\" \/>\n<meta property=\"og:image\" content=\"https:\/\/www.miomiorun.com\/app\/uploads\/2022\/10\/saucony-endorphin-kdz-vizi-gold-SK265787.jpg\" \/>\n\t<meta property=\"og:image:width\" content=\"600\" \/>\n\t<meta property=\"og:image:height\" content=\"600\" \/>\n\t<meta property=\"og:image:type\" content=\"image\/jpeg\" \/>\n<meta name=\"twitter:card\" content=\"summary_large_image\" \/>\n<meta name=\"twitter:label1\" content=\"Est. reading time\" \/>\n\t<meta name=\"twitter:data1\" content=\"1 minute\" \/>\n<script type=\"application\/ld+json\" class=\"yoast-schema-graph\">{\"@context\":\"https:\/\/schema.org\",\"@graph\":[{\"@type\":\"WebPage\",\"@id\":\"https:\/\/www.miomiorun.com\/es\/producto\/endorphin-kids\/\",\"url\":\"https:\/\/www.miomiorun.com\/es\/producto\/endorphin-kids\/\",\"name\":\"Endorphin Kids - Zapatillas de running para ni\u00f1os MioMioRun\",\"isPartOf\":{\"@id\":\"https:\/\/www.miomiorun.com\/es\/#website\"},\"primaryImageOfPage\":{\"@id\":\"https:\/\/www.miomiorun.com\/es\/producto\/endorphin-kids\/#primaryimage\"},\"image\":{\"@id\":\"https:\/\/www.miomiorun.com\/es\/producto\/endorphin-kids\/#primaryimage\"},\"thumbnailUrl\":\"https:\/\/www.miomiorun.com\/app\/uploads\/2022\/10\/saucony-endorphin-kdz-vizi-gold-SK265787.jpg\",\"datePublished\":\"2022-10-20T09:51:11+00:00\",\"dateModified\":\"2025-12-11T20:34:46+00:00\",\"description\":\"Forma parte de la colecci\u00f3n Endorphin que te encanta, dise\u00f1ada especialmente para los ni\u00f1os.Resistente y transpirable, permite a los ni\u00f1os correr libremente\",\"breadcrumb\":{\"@id\":\"https:\/\/www.miomiorun.com\/es\/producto\/endorphin-kids\/#breadcrumb\"},\"inLanguage\":\"es-ES\",\"potentialAction\":[{\"@type\":\"ReadAction\",\"target\":[\"https:\/\/www.miomiorun.com\/es\/producto\/endorphin-kids\/\"]}]},{\"@type\":\"ImageObject\",\"inLanguage\":\"es-ES\",\"@id\":\"https:\/\/www.miomiorun.com\/es\/producto\/endorphin-kids\/#primaryimage\",\"url\":\"https:\/\/www.miomiorun.com\/app\/uploads\/2022\/10\/saucony-endorphin-kdz-vizi-gold-SK265787.jpg\",\"contentUrl\":\"https:\/\/www.miomiorun.com\/app\/uploads\/2022\/10\/saucony-endorphin-kdz-vizi-gold-SK265787.jpg\",\"width\":600,\"height\":600,\"caption\":\"saucony-endorphin-kdz-vizi-gold-SK265787\"},{\"@type\":\"BreadcrumbList\",\"@id\":\"https:\/\/www.miomiorun.com\/es\/producto\/endorphin-kids\/#breadcrumb\",\"itemListElement\":[{\"@type\":\"ListItem\",\"position\":1,\"name\":\"Home\",\"item\":\"https:\/\/www.miomiorun.com\/es\/\"},{\"@type\":\"ListItem\",\"position\":2,\"name\":\"Shop\",\"item\":\"https:\/\/www.miomiorun.com\/shop\/\"},{\"@type\":\"ListItem\",\"position\":3,\"name\":\"Endorphin Kids\"}]},{\"@type\":\"WebSite\",\"@id\":\"https:\/\/www.miomiorun.com\/es\/#website\",\"url\":\"https:\/\/www.miomiorun.com\/es\/\",\"name\":\"MioMioRun\",\"description\":\"Tienda 100% running y trail\",\"publisher\":{\"@id\":\"https:\/\/www.miomiorun.com\/es\/#organization\"},\"potentialAction\":[{\"@type\":\"SearchAction\",\"target\":{\"@type\":\"EntryPoint\",\"urlTemplate\":\"https:\/\/www.miomiorun.com\/es\/?s={search_term_string}\"},\"query-input\":{\"@type\":\"PropertyValueSpecification\",\"valueRequired\":true,\"valueName\":\"search_term_string\"}}],\"inLanguage\":\"es-ES\"},{\"@type\":\"Organization\",\"@id\":\"https:\/\/www.miomiorun.com\/es\/#organization\",\"name\":\"MioMio Run\",\"url\":\"https:\/\/www.miomiorun.com\/es\/\",\"logo\":{\"@type\":\"ImageObject\",\"inLanguage\":\"es-ES\",\"@id\":\"https:\/\/www.miomiorun.com\/es\/#\/schema\/logo\/image\/\",\"url\":\"https:\/\/www.miomiorun.com\/app\/uploads\/2019\/12\/logomio.png\",\"contentUrl\":\"https:\/\/www.miomiorun.com\/app\/uploads\/2019\/12\/logomio.png\",\"width\":115,\"height\":82,\"caption\":\"MioMio Run\"},\"image\":{\"@id\":\"https:\/\/www.miomiorun.com\/es\/#\/schema\/logo\/image\/\"},\"sameAs\":[\"https:\/\/www.facebook.com\/miomiorun\/\",\"https:\/\/www.instagram.com\/miomiorun\/\"]}]}<\/script>\n<!-- \/ Yoast SEO plugin. -->","yoast_head_json":{"title":"Endorphin Kids - Zapatillas de running para ni\u00f1os MioMioRun","description":"Forma parte de la colecci\u00f3n Endorphin que te encanta, dise\u00f1ada especialmente para los ni\u00f1os.Resistente y transpirable, permite a los ni\u00f1os correr libremente","robots":{"index":"index","follow":"follow","max-snippet":"max-snippet:-1","max-image-preview":"max-image-preview:large","max-video-preview":"max-video-preview:-1"},"canonical":"https:\/\/www.miomiorun.com\/es\/producto\/endorphin-kids\/","og_locale":"es_ES","og_type":"article","og_title":"Endorphin Kids - Zapatillas de running para ni\u00f1os MioMioRun","og_description":"Forma parte de la colecci\u00f3n Endorphin que te encanta, dise\u00f1ada especialmente para los ni\u00f1os.Resistente y transpirable, permite a los ni\u00f1os correr libremente","og_url":"https:\/\/www.miomiorun.com\/es\/producto\/endorphin-kids\/","og_site_name":"MioMioRun","article_publisher":"https:\/\/www.facebook.com\/miomiorun\/","article_modified_time":"2025-12-11T20:34:46+00:00","og_image":[{"width":600,"height":600,"url":"https:\/\/www.miomiorun.com\/app\/uploads\/2022\/10\/saucony-endorphin-kdz-vizi-gold-SK265787.jpg","type":"image\/jpeg"}],"twitter_card":"summary_large_image","twitter_misc":{"Est. reading time":"1 minute"},"schema":{"@context":"https:\/\/schema.org","@graph":[{"@type":"WebPage","@id":"https:\/\/www.miomiorun.com\/es\/producto\/endorphin-kids\/","url":"https:\/\/www.miomiorun.com\/es\/producto\/endorphin-kids\/","name":"Endorphin Kids - Zapatillas de running para ni\u00f1os MioMioRun","isPartOf":{"@id":"https:\/\/www.miomiorun.com\/es\/#website"},"primaryImageOfPage":{"@id":"https:\/\/www.miomiorun.com\/es\/producto\/endorphin-kids\/#primaryimage"},"image":{"@id":"https:\/\/www.miomiorun.com\/es\/producto\/endorphin-kids\/#primaryimage"},"thumbnailUrl":"https:\/\/www.miomiorun.com\/app\/uploads\/2022\/10\/saucony-endorphin-kdz-vizi-gold-SK265787.jpg","datePublished":"2022-10-20T09:51:11+00:00","dateModified":"2025-12-11T20:34:46+00:00","description":"Forma parte de la colecci\u00f3n Endorphin que te encanta, dise\u00f1ada especialmente para los ni\u00f1os.Resistente y transpirable, permite a los ni\u00f1os correr libremente","breadcrumb":{"@id":"https:\/\/www.miomiorun.com\/es\/producto\/endorphin-kids\/#breadcrumb"},"inLanguage":"es-ES","potentialAction":[{"@type":"ReadAction","target":["https:\/\/www.miomiorun.com\/es\/producto\/endorphin-kids\/"]}]},{"@type":"ImageObject","inLanguage":"es-ES","@id":"https:\/\/www.miomiorun.com\/es\/producto\/endorphin-kids\/#primaryimage","url":"https:\/\/www.miomiorun.com\/app\/uploads\/2022\/10\/saucony-endorphin-kdz-vizi-gold-SK265787.jpg","contentUrl":"https:\/\/www.miomiorun.com\/app\/uploads\/2022\/10\/saucony-endorphin-kdz-vizi-gold-SK265787.jpg","width":600,"height":600,"caption":"saucony-endorphin-kdz-vizi-gold-SK265787"},{"@type":"BreadcrumbList","@id":"https:\/\/www.miomiorun.com\/es\/producto\/endorphin-kids\/#breadcrumb","itemListElement":[{"@type":"ListItem","position":1,"name":"Home","item":"https:\/\/www.miomiorun.com\/es\/"},{"@type":"ListItem","position":2,"name":"Shop","item":"https:\/\/www.miomiorun.com\/shop\/"},{"@type":"ListItem","position":3,"name":"Endorphin Kids"}]},{"@type":"WebSite","@id":"https:\/\/www.miomiorun.com\/es\/#website","url":"https:\/\/www.miomiorun.com\/es\/","name":"MioMioRun","description":"Tienda 100% running y trail","publisher":{"@id":"https:\/\/www.miomiorun.com\/es\/#organization"},"potentialAction":[{"@type":"SearchAction","target":{"@type":"EntryPoint","urlTemplate":"https:\/\/www.miomiorun.com\/es\/?s={search_term_string}"},"query-input":{"@type":"PropertyValueSpecification","valueRequired":true,"valueName":"search_term_string"}}],"inLanguage":"es-ES"},{"@type":"Organization","@id":"https:\/\/www.miomiorun.com\/es\/#organization","name":"MioMio Run","url":"https:\/\/www.miomiorun.com\/es\/","logo":{"@type":"ImageObject","inLanguage":"es-ES","@id":"https:\/\/www.miomiorun.com\/es\/#\/schema\/logo\/image\/","url":"https:\/\/www.miomiorun.com\/app\/uploads\/2019\/12\/logomio.png","contentUrl":"https:\/\/www.miomiorun.com\/app\/uploads\/2019\/12\/logomio.png","width":115,"height":82,"caption":"MioMio Run"},"image":{"@id":"https:\/\/www.miomiorun.com\/es\/#\/schema\/logo\/image\/"},"sameAs":["https:\/\/www.facebook.com\/miomiorun\/","https:\/\/www.instagram.com\/miomiorun\/"]}]}},"_links":{"self":[{"href":"https:\/\/www.miomiorun.com\/es\/wp-json\/wp\/v2\/product\/284192","targetHints":{"allow":["GET"]}}],"collection":[{"href":"https:\/\/www.miomiorun.com\/es\/wp-json\/wp\/v2\/product"}],"about":[{"href":"https:\/\/www.miomiorun.com\/es\/wp-json\/wp\/v2\/types\/product"}],"wp:featuredmedia":[{"embeddable":true,"href":"https:\/\/www.miomiorun.com\/es\/wp-json\/wp\/v2\/media\/238301"}],"wp:attachment":[{"href":"https:\/\/www.miomiorun.com\/es\/wp-json\/wp\/v2\/media?parent=284192"}],"wp:term":[{"taxonomy":"product_brand","embeddable":true,"href":"https:\/\/www.miomiorun.com\/es\/wp-json\/wp\/v2\/product_brand?post=284192"},{"taxonomy":"product_cat","embeddable":true,"href":"https:\/\/www.miomiorun.com\/es\/wp-json\/wp\/v2\/product_cat?post=284192"},{"taxonomy":"product_tag","embeddable":true,"href":"https:\/\/www.miomiorun.com\/es\/wp-json\/wp\/v2\/product_tag?post=284192"}],"curies":[{"name":"wp","href":"https:\/\/api.w.org\/{rel}","templated":true}]}}