{"id":284023,"date":"2022-10-27T10:43:04","date_gmt":"2022-10-27T08:43:04","guid":{"rendered":"https:\/\/miomiorun.com\/prodotto\/reflective-shirt-uomo\/"},"modified":"2026-05-06T11:29:57","modified_gmt":"2026-05-06T09:29:57","slug":"reflective-shirt-hombre","status":"publish","type":"product","link":"https:\/\/www.miomiorun.com\/es\/producto\/reflective-shirt-hombre\/","title":{"rendered":"Reflective shirt hombre"},"content":{"rendered":"<h2>Ideal para cuando hace fr\u00edo y est\u00e1 oscuro<\/h2>\n<p>Con la <strong>Reflective Shirt<\/strong> para hombre, te sentir\u00e1s m\u00e1s seguro cuando corras en la oscuridad y, al mismo tiempo, te proteger\u00e1 del fr\u00edo y te mantendr\u00e1 agradablemente abrigado.<\/p>\n<p><strong>Caracter\u00edsticas:<\/strong><\/p>\n<ul class=\"selling-points\">\n<li>La tecnolog\u00eda SMART REFLECTIVE de la impresi\u00f3n integral con rel\u00e1mpagos garantiza una mayor seguridad en la oscuridad gracias a su visibilidad total.<\/li>\n<li>Cuando hace fr\u00edo, los materiales de alta calidad te protegen gracias a su excelente regulaci\u00f3n t\u00e9rmica y clim\u00e1tica.<\/li>\n<li>El forro interior de felpa garantiza una agradable sensaci\u00f3n de calor, mientras que la tecnolog\u00eda SMART STRETCH hace que este maillot de ciclismo de manga larga se adapte como una segunda piel.<\/li>\n<\/ul>\n<h3>Corre con mayor visibilidad y seguridad<\/h3>\n<p>Tanto si decides entrenar en el campo, en la ciudad o en el parque, como si te cruzas con coches, ciclistas o peatones, los dem\u00e1s usuarios de la v\u00eda p\u00fablica te ver\u00e1n desde lejos gracias al estampado reflectante con rayos y a la tecnolog\u00eda SMART REFLECTIVE. Corre con seguridad al atardecer o por la noche.<\/p>\n<h3>Corte ajustado y comodidad<\/h3>\n<p>Este maillot de running de manga larga para mujer combina un estilo din\u00e1mico con una comodidad excepcional. Gracias a su alto porcentaje de elastano, se ajusta perfectamente al cuerpo. Al mismo tiempo, el forro interior de tejido polar garantiza un tacto suave y c\u00e1lido, ideal para correr cuando hace fr\u00edo.<\/p>\n<h3>Clima equilibrado gracias a sus funciones inteligentes<\/h3>\n<p>El efecto t\u00e9rmico de las fibras funcionales de alta calidad se combina con una agradable regulaci\u00f3n de la temperatura que elimina la humedad en un abrir y cerrar de ojos y ofrece una excelente transpirabilidad. Cuando entrenas intensamente, no sientes acumulaci\u00f3n de calor y puedes disfrutar de una sensaci\u00f3n de libertad.<\/p>\n<p>&nbsp;<\/p>\n","protected":false},"excerpt":{"rendered":"<ul class=\"selling-points\">\n<li>La tecnolog\u00eda SMART REFLECTIVE de la impresi\u00f3n integral con rel\u00e1mpagos garantiza una mayor seguridad en la oscuridad gracias a su visibilidad total.<\/li>\n<li>Cuando hace fr\u00edo, los materiales de alta calidad te protegen gracias a su excelente regulaci\u00f3n t\u00e9rmica y clim\u00e1tica.<\/li>\n<li>El forro interior de felpa garantiza una agradable sensaci\u00f3n de calor, mientras que la tecnolog\u00eda SMART STRETCH hace que este maillot de ciclismo de manga larga se adapte como una segunda piel.<\/li>\n<\/ul>\n","protected":false},"featured_media":238739,"template":"","meta":{"_acf_changed":false,"inline_featured_image":false},"product_brand":[],"product_cat":[24470,24410,24459],"product_tag":[23468,23665],"class_list":{"0":"post-284023","1":"product","2":"type-product","3":"status-publish","4":"has-post-thumbnail","6":"product_cat-camisetas-es-3","7":"product_cat-ropa-de-hombre","8":"product_cat-ropa-interior-es-2","9":"product_tag-cep-es","10":"product_tag-cep-hombre","11":"pa_attivita-caminar","12":"pa_attivita-running-es","13":"pa_colore-reflective-shirt-green-es","14":"pa_marca-cep-es","15":"pa_sesso-hombre","16":"pa_size-small-es","17":"pa_size-large-es","18":"pa_size-extra-large-es","20":"first","21":"instock","22":"sale","23":"taxable","24":"shipping-taxable","25":"purchasable","26":"product-type-variable","27":"wvs-archive-product-wrapper"},"acf":[],"yoast_head":"<!-- This site is optimized with the Yoast SEO plugin v26.8 - https:\/\/yoast.com\/product\/yoast-seo-wordpress\/ -->\n<title>CepReflective shirt hombre - Ropa interior t\u00e9rmica - MioMioRun.com<\/title>\n<meta name=\"description\" content=\"Con la camiseta reflectante para hombre, correr\u00e1s con mayor seguridad en la oscuridad y, al mismo tiempo, te proteger\u00e1 del fr\u00edo y te mantendr\u00e1 agradablemente abrigado.\" \/>\n<meta name=\"robots\" content=\"index, follow, max-snippet:-1, max-image-preview:large, max-video-preview:-1\" \/>\n<link rel=\"canonical\" href=\"https:\/\/www.miomiorun.com\/es\/producto\/reflective-shirt-hombre\/\" \/>\n<meta property=\"og:locale\" content=\"es_ES\" \/>\n<meta property=\"og:type\" content=\"article\" \/>\n<meta property=\"og:title\" content=\"CepReflective shirt hombre - Ropa interior t\u00e9rmica - MioMioRun.com\" \/>\n<meta property=\"og:description\" content=\"Con la camiseta reflectante para hombre, correr\u00e1s con mayor seguridad en la oscuridad y, al mismo tiempo, te proteger\u00e1 del fr\u00edo y te mantendr\u00e1 agradablemente abrigado.\" \/>\n<meta property=\"og:url\" content=\"https:\/\/www.miomiorun.com\/es\/producto\/reflective-shirt-hombre\/\" \/>\n<meta property=\"og:site_name\" content=\"MioMioRun\" \/>\n<meta property=\"article:publisher\" content=\"https:\/\/www.facebook.com\/miomiorun\/\" \/>\n<meta property=\"article:modified_time\" content=\"2026-05-06T09:29:57+00:00\" \/>\n<meta property=\"og:image\" content=\"https:\/\/www.miomiorun.com\/app\/uploads\/2022\/12\/cep-reflective-shirt-green-W213DN.jpg\" \/>\n\t<meta property=\"og:image:width\" content=\"600\" \/>\n\t<meta property=\"og:image:height\" content=\"600\" \/>\n\t<meta property=\"og:image:type\" content=\"image\/jpeg\" \/>\n<meta name=\"twitter:card\" content=\"summary_large_image\" \/>\n<meta name=\"twitter:label1\" content=\"Est. reading time\" \/>\n\t<meta name=\"twitter:data1\" content=\"2 minutes\" \/>\n<script type=\"application\/ld+json\" class=\"yoast-schema-graph\">{\"@context\":\"https:\/\/schema.org\",\"@graph\":[{\"@type\":\"WebPage\",\"@id\":\"https:\/\/www.miomiorun.com\/es\/producto\/reflective-shirt-hombre\/\",\"url\":\"https:\/\/www.miomiorun.com\/es\/producto\/reflective-shirt-hombre\/\",\"name\":\"CepReflective shirt hombre - Ropa interior t\u00e9rmica - MioMioRun.com\",\"isPartOf\":{\"@id\":\"https:\/\/www.miomiorun.com\/es\/#website\"},\"primaryImageOfPage\":{\"@id\":\"https:\/\/www.miomiorun.com\/es\/producto\/reflective-shirt-hombre\/#primaryimage\"},\"image\":{\"@id\":\"https:\/\/www.miomiorun.com\/es\/producto\/reflective-shirt-hombre\/#primaryimage\"},\"thumbnailUrl\":\"https:\/\/www.miomiorun.com\/app\/uploads\/2022\/12\/cep-reflective-shirt-green-W213DN.jpg\",\"datePublished\":\"2022-10-27T08:43:04+00:00\",\"dateModified\":\"2026-05-06T09:29:57+00:00\",\"description\":\"Con la camiseta reflectante para hombre, correr\u00e1s con mayor seguridad en la oscuridad y, al mismo tiempo, te proteger\u00e1 del fr\u00edo y te mantendr\u00e1 agradablemente abrigado.\",\"breadcrumb\":{\"@id\":\"https:\/\/www.miomiorun.com\/es\/producto\/reflective-shirt-hombre\/#breadcrumb\"},\"inLanguage\":\"es-ES\",\"potentialAction\":[{\"@type\":\"ReadAction\",\"target\":[\"https:\/\/www.miomiorun.com\/es\/producto\/reflective-shirt-hombre\/\"]}]},{\"@type\":\"ImageObject\",\"inLanguage\":\"es-ES\",\"@id\":\"https:\/\/www.miomiorun.com\/es\/producto\/reflective-shirt-hombre\/#primaryimage\",\"url\":\"https:\/\/www.miomiorun.com\/app\/uploads\/2022\/12\/cep-reflective-shirt-green-W213DN.jpg\",\"contentUrl\":\"https:\/\/www.miomiorun.com\/app\/uploads\/2022\/12\/cep-reflective-shirt-green-W213DN.jpg\",\"width\":600,\"height\":600,\"caption\":\"cep-reflective-shirt-green-W213DN\"},{\"@type\":\"BreadcrumbList\",\"@id\":\"https:\/\/www.miomiorun.com\/es\/producto\/reflective-shirt-hombre\/#breadcrumb\",\"itemListElement\":[{\"@type\":\"ListItem\",\"position\":1,\"name\":\"Home\",\"item\":\"https:\/\/www.miomiorun.com\/es\/\"},{\"@type\":\"ListItem\",\"position\":2,\"name\":\"Shop\",\"item\":\"https:\/\/www.miomiorun.com\/shop\/\"},{\"@type\":\"ListItem\",\"position\":3,\"name\":\"Reflective shirt hombre\"}]},{\"@type\":\"WebSite\",\"@id\":\"https:\/\/www.miomiorun.com\/es\/#website\",\"url\":\"https:\/\/www.miomiorun.com\/es\/\",\"name\":\"MioMioRun\",\"description\":\"Tienda 100% running y trail\",\"publisher\":{\"@id\":\"https:\/\/www.miomiorun.com\/es\/#organization\"},\"potentialAction\":[{\"@type\":\"SearchAction\",\"target\":{\"@type\":\"EntryPoint\",\"urlTemplate\":\"https:\/\/www.miomiorun.com\/es\/?s={search_term_string}\"},\"query-input\":{\"@type\":\"PropertyValueSpecification\",\"valueRequired\":true,\"valueName\":\"search_term_string\"}}],\"inLanguage\":\"es-ES\"},{\"@type\":\"Organization\",\"@id\":\"https:\/\/www.miomiorun.com\/es\/#organization\",\"name\":\"MioMio Run\",\"url\":\"https:\/\/www.miomiorun.com\/es\/\",\"logo\":{\"@type\":\"ImageObject\",\"inLanguage\":\"es-ES\",\"@id\":\"https:\/\/www.miomiorun.com\/es\/#\/schema\/logo\/image\/\",\"url\":\"https:\/\/www.miomiorun.com\/app\/uploads\/2019\/12\/logomio.png\",\"contentUrl\":\"https:\/\/www.miomiorun.com\/app\/uploads\/2019\/12\/logomio.png\",\"width\":115,\"height\":82,\"caption\":\"MioMio Run\"},\"image\":{\"@id\":\"https:\/\/www.miomiorun.com\/es\/#\/schema\/logo\/image\/\"},\"sameAs\":[\"https:\/\/www.facebook.com\/miomiorun\/\",\"https:\/\/www.instagram.com\/miomiorun\/\"]}]}<\/script>\n<!-- \/ Yoast SEO plugin. -->","yoast_head_json":{"title":"CepReflective shirt hombre - Ropa interior t\u00e9rmica - MioMioRun.com","description":"Con la camiseta reflectante para hombre, correr\u00e1s con mayor seguridad en la oscuridad y, al mismo tiempo, te proteger\u00e1 del fr\u00edo y te mantendr\u00e1 agradablemente abrigado.","robots":{"index":"index","follow":"follow","max-snippet":"max-snippet:-1","max-image-preview":"max-image-preview:large","max-video-preview":"max-video-preview:-1"},"canonical":"https:\/\/www.miomiorun.com\/es\/producto\/reflective-shirt-hombre\/","og_locale":"es_ES","og_type":"article","og_title":"CepReflective shirt hombre - Ropa interior t\u00e9rmica - MioMioRun.com","og_description":"Con la camiseta reflectante para hombre, correr\u00e1s con mayor seguridad en la oscuridad y, al mismo tiempo, te proteger\u00e1 del fr\u00edo y te mantendr\u00e1 agradablemente abrigado.","og_url":"https:\/\/www.miomiorun.com\/es\/producto\/reflective-shirt-hombre\/","og_site_name":"MioMioRun","article_publisher":"https:\/\/www.facebook.com\/miomiorun\/","article_modified_time":"2026-05-06T09:29:57+00:00","og_image":[{"width":600,"height":600,"url":"https:\/\/www.miomiorun.com\/app\/uploads\/2022\/12\/cep-reflective-shirt-green-W213DN.jpg","type":"image\/jpeg"}],"twitter_card":"summary_large_image","twitter_misc":{"Est. reading time":"2 minutes"},"schema":{"@context":"https:\/\/schema.org","@graph":[{"@type":"WebPage","@id":"https:\/\/www.miomiorun.com\/es\/producto\/reflective-shirt-hombre\/","url":"https:\/\/www.miomiorun.com\/es\/producto\/reflective-shirt-hombre\/","name":"CepReflective shirt hombre - Ropa interior t\u00e9rmica - MioMioRun.com","isPartOf":{"@id":"https:\/\/www.miomiorun.com\/es\/#website"},"primaryImageOfPage":{"@id":"https:\/\/www.miomiorun.com\/es\/producto\/reflective-shirt-hombre\/#primaryimage"},"image":{"@id":"https:\/\/www.miomiorun.com\/es\/producto\/reflective-shirt-hombre\/#primaryimage"},"thumbnailUrl":"https:\/\/www.miomiorun.com\/app\/uploads\/2022\/12\/cep-reflective-shirt-green-W213DN.jpg","datePublished":"2022-10-27T08:43:04+00:00","dateModified":"2026-05-06T09:29:57+00:00","description":"Con la camiseta reflectante para hombre, correr\u00e1s con mayor seguridad en la oscuridad y, al mismo tiempo, te proteger\u00e1 del fr\u00edo y te mantendr\u00e1 agradablemente abrigado.","breadcrumb":{"@id":"https:\/\/www.miomiorun.com\/es\/producto\/reflective-shirt-hombre\/#breadcrumb"},"inLanguage":"es-ES","potentialAction":[{"@type":"ReadAction","target":["https:\/\/www.miomiorun.com\/es\/producto\/reflective-shirt-hombre\/"]}]},{"@type":"ImageObject","inLanguage":"es-ES","@id":"https:\/\/www.miomiorun.com\/es\/producto\/reflective-shirt-hombre\/#primaryimage","url":"https:\/\/www.miomiorun.com\/app\/uploads\/2022\/12\/cep-reflective-shirt-green-W213DN.jpg","contentUrl":"https:\/\/www.miomiorun.com\/app\/uploads\/2022\/12\/cep-reflective-shirt-green-W213DN.jpg","width":600,"height":600,"caption":"cep-reflective-shirt-green-W213DN"},{"@type":"BreadcrumbList","@id":"https:\/\/www.miomiorun.com\/es\/producto\/reflective-shirt-hombre\/#breadcrumb","itemListElement":[{"@type":"ListItem","position":1,"name":"Home","item":"https:\/\/www.miomiorun.com\/es\/"},{"@type":"ListItem","position":2,"name":"Shop","item":"https:\/\/www.miomiorun.com\/shop\/"},{"@type":"ListItem","position":3,"name":"Reflective shirt hombre"}]},{"@type":"WebSite","@id":"https:\/\/www.miomiorun.com\/es\/#website","url":"https:\/\/www.miomiorun.com\/es\/","name":"MioMioRun","description":"Tienda 100% running y trail","publisher":{"@id":"https:\/\/www.miomiorun.com\/es\/#organization"},"potentialAction":[{"@type":"SearchAction","target":{"@type":"EntryPoint","urlTemplate":"https:\/\/www.miomiorun.com\/es\/?s={search_term_string}"},"query-input":{"@type":"PropertyValueSpecification","valueRequired":true,"valueName":"search_term_string"}}],"inLanguage":"es-ES"},{"@type":"Organization","@id":"https:\/\/www.miomiorun.com\/es\/#organization","name":"MioMio Run","url":"https:\/\/www.miomiorun.com\/es\/","logo":{"@type":"ImageObject","inLanguage":"es-ES","@id":"https:\/\/www.miomiorun.com\/es\/#\/schema\/logo\/image\/","url":"https:\/\/www.miomiorun.com\/app\/uploads\/2019\/12\/logomio.png","contentUrl":"https:\/\/www.miomiorun.com\/app\/uploads\/2019\/12\/logomio.png","width":115,"height":82,"caption":"MioMio Run"},"image":{"@id":"https:\/\/www.miomiorun.com\/es\/#\/schema\/logo\/image\/"},"sameAs":["https:\/\/www.facebook.com\/miomiorun\/","https:\/\/www.instagram.com\/miomiorun\/"]}]}},"_links":{"self":[{"href":"https:\/\/www.miomiorun.com\/es\/wp-json\/wp\/v2\/product\/284023","targetHints":{"allow":["GET"]}}],"collection":[{"href":"https:\/\/www.miomiorun.com\/es\/wp-json\/wp\/v2\/product"}],"about":[{"href":"https:\/\/www.miomiorun.com\/es\/wp-json\/wp\/v2\/types\/product"}],"wp:featuredmedia":[{"embeddable":true,"href":"https:\/\/www.miomiorun.com\/es\/wp-json\/wp\/v2\/media\/238739"}],"wp:attachment":[{"href":"https:\/\/www.miomiorun.com\/es\/wp-json\/wp\/v2\/media?parent=284023"}],"wp:term":[{"taxonomy":"product_brand","embeddable":true,"href":"https:\/\/www.miomiorun.com\/es\/wp-json\/wp\/v2\/product_brand?post=284023"},{"taxonomy":"product_cat","embeddable":true,"href":"https:\/\/www.miomiorun.com\/es\/wp-json\/wp\/v2\/product_cat?post=284023"},{"taxonomy":"product_tag","embeddable":true,"href":"https:\/\/www.miomiorun.com\/es\/wp-json\/wp\/v2\/product_tag?post=284023"}],"curies":[{"name":"wp","href":"https:\/\/api.w.org\/{rel}","templated":true}]}}