{"id":283988,"date":"2022-10-27T10:53:38","date_gmt":"2022-10-27T08:53:38","guid":{"rendered":"https:\/\/miomiorun.com\/prodotto\/reflective-tights-uomo\/"},"modified":"2026-05-06T11:31:56","modified_gmt":"2026-05-06T09:31:56","slug":"reflective-tights-hombre","status":"publish","type":"product","link":"https:\/\/www.miomiorun.com\/es\/producto\/reflective-tights-hombre\/","title":{"rendered":"Reflective Tights hombre"},"content":{"rendered":"<div id=\"tw-target-text-container\" class=\"tw-ta-container F0azHf tw-nfl\">\n<h2><span lang=\"IT\">Mallas reflectantes para rendir al m\u00e1ximo cuando hace fr\u00edo<\/span><\/h2>\n<p>Unos pantalones de running tan din\u00e1micos como t\u00fa: con los <strong>Reflective Tights<\/strong> para hombre de CEP, podr\u00e1s entrenar cuando hace fr\u00edo de forma c\u00f3moda y segura. Estos pantalones de running te protegen eficazmente de las inclemencias del tiempo y, gracias a sus elementos reflectantes, te hacen muy visible en todo momento.<\/p>\n<p><strong>Caracter\u00edsticas:<\/strong><\/p>\n<ul class=\"selling-points\">\n<li>El estampado integral con rayos, realizado con la tecnolog\u00eda SMART REFLECTIVE, garantiza una excelente visibilidad en la oscuridad.<\/li>\n<li>Gracias a los materiales hidrofugantes de alta calidad, podr\u00e1s disfrutar de una excelente regulaci\u00f3n de la temperatura y el clima.<\/li>\n<li>El corte TIGHTFIT garantiza una sensaci\u00f3n estimulante, mientras que el forro interior de felpa y el ribete el\u00e1stico antideslizante te proporcionan la m\u00e1xima comodidad.<\/li>\n<\/ul>\n<h3>Si\u00e9ntete seguro cuando entrenes en la oscuridad<\/h3>\n<p>No hay una estaci\u00f3n del a\u00f1o inadecuada para entrenar cuando se cuenta con el equipo adecuado: gracias a las mallas Reflective Tights, los dem\u00e1s usuarios de la v\u00eda p\u00fablica te ven claramente desde lejos. La visibilidad de 360 grados que ofrece la innovadora tecnolog\u00eda SMART REFLECTIVE te permite correr con total libertad y te ayuda a mantener la concentraci\u00f3n.<\/p>\n<h3>Disfruta de la sensaci\u00f3n de ajuste y estimulaci\u00f3n<\/h3>\n<p>Gracias a la tecnolog\u00eda TIGHTFIT, estos pantalones de running son como una segunda piel y se adaptan a cada uno de tus movimientos. El forro interior de felpa regula la temperatura de tus piernas. No te preocupes por los molestos deslizamientos: gracias a su cintura extraancha, los pantalones se mantienen en su sitio de forma segura.<\/p>\n<h3>Protecci\u00f3n eficaz contra las inclemencias del tiempo para entrenar cuando hace fr\u00edo<\/h3>\n<p>Cuando hace fr\u00edo y hay humedad, gracias a sus propiedades cortavientos y repelentes de la lluvia, estar\u00e1s protegido contra el enfriamiento.<\/p>\n<\/div>\n<div id=\"tw-target-rmn-container\" class=\"tw-target-rmn tw-ta-container F0azHf tw-nfl\">\n<pre id=\"tw-target-rmn\" class=\"tw-data-placeholder tw-text-small tw-ta\" dir=\"ltr\" data-placeholder=\"\">\r\n\r\n<\/pre>\n<\/div>\n","protected":false},"excerpt":{"rendered":"<ul class=\"selling-points\">\n<li>El estampado integral con rayos, realizado con la tecnolog\u00eda SMART REFLECTIVE, garantiza una excelente visibilidad en la oscuridad.<\/li>\n<li>Gracias a los materiales hidrofugantes de alta calidad, podr\u00e1s disfrutar de una excelente regulaci\u00f3n de la temperatura y el clima.<\/li>\n<li>El corte TIGHTFIT garantiza una sensaci\u00f3n estimulante, mientras que el forro interior de felpa y el borde el\u00e1stico antideslizante te proporcionan la m\u00e1xima comodidad.<\/li>\n<\/ul>\n","protected":false},"featured_media":238883,"template":"","meta":{"_acf_changed":false,"inline_featured_image":false},"product_brand":[],"product_cat":[24471,24410],"product_tag":[23468,23665],"class_list":{"0":"post-283988","1":"product","2":"type-product","3":"status-publish","4":"has-post-thumbnail","6":"product_cat-pantalones-largos-es-3","7":"product_cat-ropa-de-hombre","8":"product_tag-cep-es","9":"product_tag-cep-hombre","10":"pa_attivita-caminar","11":"pa_attivita-running-es","12":"pa_colore-reflective-tight-green-es","13":"pa_marca-craft-es","14":"pa_sesso-hombre","15":"pa_size-small-es","16":"pa_size-large-es","17":"pa_size-extra-large-es","19":"first","20":"instock","21":"sale","22":"taxable","23":"shipping-taxable","24":"purchasable","25":"product-type-variable","26":"wvs-archive-product-wrapper"},"acf":[],"yoast_head":"<!-- This site is optimized with the Yoast SEO plugin v26.8 - https:\/\/yoast.com\/product\/yoast-seo-wordpress\/ -->\n<title>Cep Reflective Tights hombre - Pantalones para correr- MioMioRun.com<\/title>\n<meta name=\"description\" content=\"Unos pantalones de running tan din\u00e1micos como t\u00fa: con las mallas Reflective Tights para hombre de CEP, podr\u00e1s entrenar cuando hace fr\u00edo de forma c\u00f3moda y segura.\" \/>\n<meta name=\"robots\" content=\"index, follow, max-snippet:-1, max-image-preview:large, max-video-preview:-1\" \/>\n<link rel=\"canonical\" href=\"https:\/\/www.miomiorun.com\/es\/producto\/reflective-tights-hombre\/\" \/>\n<meta property=\"og:locale\" content=\"es_ES\" \/>\n<meta property=\"og:type\" content=\"article\" \/>\n<meta property=\"og:title\" content=\"Cep Reflective Tights hombre - Pantalones para correr- MioMioRun.com\" \/>\n<meta property=\"og:description\" content=\"Unos pantalones de running tan din\u00e1micos como t\u00fa: con las mallas Reflective Tights para hombre de CEP, podr\u00e1s entrenar cuando hace fr\u00edo de forma c\u00f3moda y segura.\" \/>\n<meta property=\"og:url\" content=\"https:\/\/www.miomiorun.com\/es\/producto\/reflective-tights-hombre\/\" \/>\n<meta property=\"og:site_name\" content=\"MioMioRun\" \/>\n<meta property=\"article:publisher\" content=\"https:\/\/www.facebook.com\/miomiorun\/\" \/>\n<meta property=\"article:modified_time\" content=\"2026-05-06T09:31:56+00:00\" \/>\n<meta property=\"og:image\" content=\"https:\/\/www.miomiorun.com\/app\/uploads\/2022\/12\/cep-reflective-tight-green-W219DN.jpg\" \/>\n\t<meta property=\"og:image:width\" content=\"600\" \/>\n\t<meta property=\"og:image:height\" content=\"600\" \/>\n\t<meta property=\"og:image:type\" content=\"image\/jpeg\" \/>\n<meta name=\"twitter:card\" content=\"summary_large_image\" \/>\n<meta name=\"twitter:label1\" content=\"Est. reading time\" \/>\n\t<meta name=\"twitter:data1\" content=\"2 minutes\" \/>\n<script type=\"application\/ld+json\" class=\"yoast-schema-graph\">{\"@context\":\"https:\/\/schema.org\",\"@graph\":[{\"@type\":\"WebPage\",\"@id\":\"https:\/\/www.miomiorun.com\/es\/producto\/reflective-tights-hombre\/\",\"url\":\"https:\/\/www.miomiorun.com\/es\/producto\/reflective-tights-hombre\/\",\"name\":\"Cep Reflective Tights hombre - Pantalones para correr- MioMioRun.com\",\"isPartOf\":{\"@id\":\"https:\/\/www.miomiorun.com\/es\/#website\"},\"primaryImageOfPage\":{\"@id\":\"https:\/\/www.miomiorun.com\/es\/producto\/reflective-tights-hombre\/#primaryimage\"},\"image\":{\"@id\":\"https:\/\/www.miomiorun.com\/es\/producto\/reflective-tights-hombre\/#primaryimage\"},\"thumbnailUrl\":\"https:\/\/www.miomiorun.com\/app\/uploads\/2022\/12\/cep-reflective-tight-green-W219DN.jpg\",\"datePublished\":\"2022-10-27T08:53:38+00:00\",\"dateModified\":\"2026-05-06T09:31:56+00:00\",\"description\":\"Unos pantalones de running tan din\u00e1micos como t\u00fa: con las mallas Reflective Tights para hombre de CEP, podr\u00e1s entrenar cuando hace fr\u00edo de forma c\u00f3moda y segura.\",\"breadcrumb\":{\"@id\":\"https:\/\/www.miomiorun.com\/es\/producto\/reflective-tights-hombre\/#breadcrumb\"},\"inLanguage\":\"es-ES\",\"potentialAction\":[{\"@type\":\"ReadAction\",\"target\":[\"https:\/\/www.miomiorun.com\/es\/producto\/reflective-tights-hombre\/\"]}]},{\"@type\":\"ImageObject\",\"inLanguage\":\"es-ES\",\"@id\":\"https:\/\/www.miomiorun.com\/es\/producto\/reflective-tights-hombre\/#primaryimage\",\"url\":\"https:\/\/www.miomiorun.com\/app\/uploads\/2022\/12\/cep-reflective-tight-green-W219DN.jpg\",\"contentUrl\":\"https:\/\/www.miomiorun.com\/app\/uploads\/2022\/12\/cep-reflective-tight-green-W219DN.jpg\",\"width\":600,\"height\":600,\"caption\":\"cep-reflective-tight-green-W219DN\"},{\"@type\":\"BreadcrumbList\",\"@id\":\"https:\/\/www.miomiorun.com\/es\/producto\/reflective-tights-hombre\/#breadcrumb\",\"itemListElement\":[{\"@type\":\"ListItem\",\"position\":1,\"name\":\"Home\",\"item\":\"https:\/\/www.miomiorun.com\/es\/\"},{\"@type\":\"ListItem\",\"position\":2,\"name\":\"Shop\",\"item\":\"https:\/\/www.miomiorun.com\/shop\/\"},{\"@type\":\"ListItem\",\"position\":3,\"name\":\"Reflective Tights hombre\"}]},{\"@type\":\"WebSite\",\"@id\":\"https:\/\/www.miomiorun.com\/es\/#website\",\"url\":\"https:\/\/www.miomiorun.com\/es\/\",\"name\":\"MioMioRun\",\"description\":\"Tienda 100% running y trail\",\"publisher\":{\"@id\":\"https:\/\/www.miomiorun.com\/es\/#organization\"},\"potentialAction\":[{\"@type\":\"SearchAction\",\"target\":{\"@type\":\"EntryPoint\",\"urlTemplate\":\"https:\/\/www.miomiorun.com\/es\/?s={search_term_string}\"},\"query-input\":{\"@type\":\"PropertyValueSpecification\",\"valueRequired\":true,\"valueName\":\"search_term_string\"}}],\"inLanguage\":\"es-ES\"},{\"@type\":\"Organization\",\"@id\":\"https:\/\/www.miomiorun.com\/es\/#organization\",\"name\":\"MioMio Run\",\"url\":\"https:\/\/www.miomiorun.com\/es\/\",\"logo\":{\"@type\":\"ImageObject\",\"inLanguage\":\"es-ES\",\"@id\":\"https:\/\/www.miomiorun.com\/es\/#\/schema\/logo\/image\/\",\"url\":\"https:\/\/www.miomiorun.com\/app\/uploads\/2019\/12\/logomio.png\",\"contentUrl\":\"https:\/\/www.miomiorun.com\/app\/uploads\/2019\/12\/logomio.png\",\"width\":115,\"height\":82,\"caption\":\"MioMio Run\"},\"image\":{\"@id\":\"https:\/\/www.miomiorun.com\/es\/#\/schema\/logo\/image\/\"},\"sameAs\":[\"https:\/\/www.facebook.com\/miomiorun\/\",\"https:\/\/www.instagram.com\/miomiorun\/\"]}]}<\/script>\n<!-- \/ Yoast SEO plugin. -->","yoast_head_json":{"title":"Cep Reflective Tights hombre - Pantalones para correr- MioMioRun.com","description":"Unos pantalones de running tan din\u00e1micos como t\u00fa: con las mallas Reflective Tights para hombre de CEP, podr\u00e1s entrenar cuando hace fr\u00edo de forma c\u00f3moda y segura.","robots":{"index":"index","follow":"follow","max-snippet":"max-snippet:-1","max-image-preview":"max-image-preview:large","max-video-preview":"max-video-preview:-1"},"canonical":"https:\/\/www.miomiorun.com\/es\/producto\/reflective-tights-hombre\/","og_locale":"es_ES","og_type":"article","og_title":"Cep Reflective Tights hombre - Pantalones para correr- MioMioRun.com","og_description":"Unos pantalones de running tan din\u00e1micos como t\u00fa: con las mallas Reflective Tights para hombre de CEP, podr\u00e1s entrenar cuando hace fr\u00edo de forma c\u00f3moda y segura.","og_url":"https:\/\/www.miomiorun.com\/es\/producto\/reflective-tights-hombre\/","og_site_name":"MioMioRun","article_publisher":"https:\/\/www.facebook.com\/miomiorun\/","article_modified_time":"2026-05-06T09:31:56+00:00","og_image":[{"width":600,"height":600,"url":"https:\/\/www.miomiorun.com\/app\/uploads\/2022\/12\/cep-reflective-tight-green-W219DN.jpg","type":"image\/jpeg"}],"twitter_card":"summary_large_image","twitter_misc":{"Est. reading time":"2 minutes"},"schema":{"@context":"https:\/\/schema.org","@graph":[{"@type":"WebPage","@id":"https:\/\/www.miomiorun.com\/es\/producto\/reflective-tights-hombre\/","url":"https:\/\/www.miomiorun.com\/es\/producto\/reflective-tights-hombre\/","name":"Cep Reflective Tights hombre - Pantalones para correr- MioMioRun.com","isPartOf":{"@id":"https:\/\/www.miomiorun.com\/es\/#website"},"primaryImageOfPage":{"@id":"https:\/\/www.miomiorun.com\/es\/producto\/reflective-tights-hombre\/#primaryimage"},"image":{"@id":"https:\/\/www.miomiorun.com\/es\/producto\/reflective-tights-hombre\/#primaryimage"},"thumbnailUrl":"https:\/\/www.miomiorun.com\/app\/uploads\/2022\/12\/cep-reflective-tight-green-W219DN.jpg","datePublished":"2022-10-27T08:53:38+00:00","dateModified":"2026-05-06T09:31:56+00:00","description":"Unos pantalones de running tan din\u00e1micos como t\u00fa: con las mallas Reflective Tights para hombre de CEP, podr\u00e1s entrenar cuando hace fr\u00edo de forma c\u00f3moda y segura.","breadcrumb":{"@id":"https:\/\/www.miomiorun.com\/es\/producto\/reflective-tights-hombre\/#breadcrumb"},"inLanguage":"es-ES","potentialAction":[{"@type":"ReadAction","target":["https:\/\/www.miomiorun.com\/es\/producto\/reflective-tights-hombre\/"]}]},{"@type":"ImageObject","inLanguage":"es-ES","@id":"https:\/\/www.miomiorun.com\/es\/producto\/reflective-tights-hombre\/#primaryimage","url":"https:\/\/www.miomiorun.com\/app\/uploads\/2022\/12\/cep-reflective-tight-green-W219DN.jpg","contentUrl":"https:\/\/www.miomiorun.com\/app\/uploads\/2022\/12\/cep-reflective-tight-green-W219DN.jpg","width":600,"height":600,"caption":"cep-reflective-tight-green-W219DN"},{"@type":"BreadcrumbList","@id":"https:\/\/www.miomiorun.com\/es\/producto\/reflective-tights-hombre\/#breadcrumb","itemListElement":[{"@type":"ListItem","position":1,"name":"Home","item":"https:\/\/www.miomiorun.com\/es\/"},{"@type":"ListItem","position":2,"name":"Shop","item":"https:\/\/www.miomiorun.com\/shop\/"},{"@type":"ListItem","position":3,"name":"Reflective Tights hombre"}]},{"@type":"WebSite","@id":"https:\/\/www.miomiorun.com\/es\/#website","url":"https:\/\/www.miomiorun.com\/es\/","name":"MioMioRun","description":"Tienda 100% running y trail","publisher":{"@id":"https:\/\/www.miomiorun.com\/es\/#organization"},"potentialAction":[{"@type":"SearchAction","target":{"@type":"EntryPoint","urlTemplate":"https:\/\/www.miomiorun.com\/es\/?s={search_term_string}"},"query-input":{"@type":"PropertyValueSpecification","valueRequired":true,"valueName":"search_term_string"}}],"inLanguage":"es-ES"},{"@type":"Organization","@id":"https:\/\/www.miomiorun.com\/es\/#organization","name":"MioMio Run","url":"https:\/\/www.miomiorun.com\/es\/","logo":{"@type":"ImageObject","inLanguage":"es-ES","@id":"https:\/\/www.miomiorun.com\/es\/#\/schema\/logo\/image\/","url":"https:\/\/www.miomiorun.com\/app\/uploads\/2019\/12\/logomio.png","contentUrl":"https:\/\/www.miomiorun.com\/app\/uploads\/2019\/12\/logomio.png","width":115,"height":82,"caption":"MioMio Run"},"image":{"@id":"https:\/\/www.miomiorun.com\/es\/#\/schema\/logo\/image\/"},"sameAs":["https:\/\/www.facebook.com\/miomiorun\/","https:\/\/www.instagram.com\/miomiorun\/"]}]}},"_links":{"self":[{"href":"https:\/\/www.miomiorun.com\/es\/wp-json\/wp\/v2\/product\/283988","targetHints":{"allow":["GET"]}}],"collection":[{"href":"https:\/\/www.miomiorun.com\/es\/wp-json\/wp\/v2\/product"}],"about":[{"href":"https:\/\/www.miomiorun.com\/es\/wp-json\/wp\/v2\/types\/product"}],"wp:featuredmedia":[{"embeddable":true,"href":"https:\/\/www.miomiorun.com\/es\/wp-json\/wp\/v2\/media\/238883"}],"wp:attachment":[{"href":"https:\/\/www.miomiorun.com\/es\/wp-json\/wp\/v2\/media?parent=283988"}],"wp:term":[{"taxonomy":"product_brand","embeddable":true,"href":"https:\/\/www.miomiorun.com\/es\/wp-json\/wp\/v2\/product_brand?post=283988"},{"taxonomy":"product_cat","embeddable":true,"href":"https:\/\/www.miomiorun.com\/es\/wp-json\/wp\/v2\/product_cat?post=283988"},{"taxonomy":"product_tag","embeddable":true,"href":"https:\/\/www.miomiorun.com\/es\/wp-json\/wp\/v2\/product_tag?post=283988"}],"curies":[{"name":"wp","href":"https:\/\/api.w.org\/{rel}","templated":true}]}}