{"id":283980,"date":"2022-10-27T11:01:45","date_gmt":"2022-10-27T09:01:45","guid":{"rendered":"https:\/\/miomiorun.com\/prodotto\/reflective-windbreaker-uomo\/"},"modified":"2026-05-06T11:34:45","modified_gmt":"2026-05-06T09:34:45","slug":"reflective-windbreaker-hombre","status":"publish","type":"product","link":"https:\/\/www.miomiorun.com\/es\/producto\/reflective-windbreaker-hombre\/","title":{"rendered":"Reflective Windbreaker hombre"},"content":{"rendered":"<div class=\"descProdotto\">\n<h2><span lang=\"IT\">CALOR Y SEGURIDAD<\/span><\/h2>\n<p>No interrumpas tu rutina de entrenamiento por culpa de la lluvia, el viento, el fr\u00edo o la hora: la <strong>Reflective Windbreaker<\/strong> para hombre te protege de forma \u00f3ptima durante tus carreras. Ser\u00e1s visible en la oscuridad, incluso desde lejos, y te mantendr\u00e1s abrigada y seca. Puedes llevarla contigo sin problemas cuando hace mal tiempo.<\/p>\n<p><strong>Caracter\u00edsticas:<\/strong><\/p>\n<ul class=\"selling-points\">\n<li>Gracias al moderno estampado de rayos con la innovadora tecnolog\u00eda SMART REFLECTIVE, ser\u00e1s visible desde todas las direcciones.<\/li>\n<li>Cuando hace fr\u00edo, estar\u00e1s protegida gracias a los materiales de alta calidad, cortavientos e impermeables, que ofrecen una regulaci\u00f3n \u00f3ptima del calor y la temperatura.<\/li>\n<li>Prep\u00e1rate para el mal tiempo: la chaqueta se puede plegar sobre s\u00ed misma y llevarla c\u00f3modamente atada a la cintura.<\/li>\n<\/ul>\n<h3>Siempre contigo y lista para ofrecerte protecci\u00f3n contra las inclemencias del tiempo<\/h3>\n<p>\u00bfLlueve o no llueve? Ahora el mal tiempo ya no es motivo para posponer el entrenamiento: con la Reflective Windbreaker pr\u00e1cticamente doblada y atada a la cintura, puedes correr cuando quieras. Es perfecta bajo la lluvia torrencial o el viento fuerte.<\/p>\n<h3>Protecci\u00f3n eficaz y total libertad de movimiento<\/h3>\n<p>La inteligente combinaci\u00f3n de diferentes materiales funcionales garantiza el m\u00e1ximo confort. Las inserciones el\u00e1sticas aseguran una total libertad de movimiento. El material principal de la chaqueta impermeable de running para mujer se caracteriza por sus propiedades cortavientos y repelentes de la lluvia. Al mismo tiempo, se garantiza la transpirabilidad gracias a las inserciones de malla en los puntos adecuados.<\/p>\n<h3>Mayor concentraci\u00f3n gracias a la sensaci\u00f3n de seguridad<\/h3>\n<p>No hay un mal momento para entrenar cuando se cuenta con el equipo adecuado. Con la Reflective Windbreaker, los dem\u00e1s usuarios de la v\u00eda p\u00fablica te ven desde cualquier direcci\u00f3n, incluso a gran distancia, gracias a la tecnolog\u00eda SMART REFLECTIVE.<\/p>\n<\/div>\n","protected":false},"excerpt":{"rendered":"<ul class=\"selling-points\">\n<li>Gracias al moderno estampado de rayos con la innovadora tecnolog\u00eda SMART REFLECTIVE, ser\u00e1s visible desde todas las direcciones.<\/li>\n<li>Cuando hace fr\u00edo, estar\u00e1s protegida gracias a los materiales de alta calidad, cortavientos e impermeables, que ofrecen una regulaci\u00f3n \u00f3ptima del calor y la temperatura.<\/li>\n<li>Prep\u00e1rate para el mal tiempo: la chaqueta se puede plegar sobre s\u00ed misma y llevarla c\u00f3modamente atada a la cintura.<\/li>\n<\/ul>\n","protected":false},"featured_media":238887,"template":"","meta":{"_acf_changed":false,"inline_featured_image":false},"product_brand":[],"product_cat":[24474,24410],"product_tag":[23468,23665],"class_list":{"0":"post-283980","1":"product","2":"type-product","3":"status-publish","4":"has-post-thumbnail","6":"product_cat-chaquetas-es-3","7":"product_cat-ropa-de-hombre","8":"product_tag-cep-es","9":"product_tag-cep-hombre","10":"pa_attivita-caminar","11":"pa_attivita-running-es","12":"pa_colore-reflective-windbreaker-green-es","13":"pa_marca-cep-es","14":"pa_sesso-hombre","15":"pa_size-small-es","16":"pa_size-large-es","17":"pa_size-extra-large-es","19":"first","20":"instock","21":"sale","22":"taxable","23":"shipping-taxable","24":"purchasable","25":"product-type-variable","26":"wvs-archive-product-wrapper"},"acf":[],"yoast_head":"<!-- This site is optimized with the Yoast SEO plugin v26.8 - https:\/\/yoast.com\/product\/yoast-seo-wordpress\/ -->\n<title>Cep Reflective Windbreaker hombre - Chaqueta para correr- MioMioRun<\/title>\n<meta name=\"description\" content=\"No dejes de lado tu rutina de entrenamiento por culpa de la lluvia, el viento, el fr\u00edo o la hora: la chaqueta cortavientos reflectante te protege de forma \u00f3ptima\" \/>\n<meta name=\"robots\" content=\"index, follow, max-snippet:-1, max-image-preview:large, max-video-preview:-1\" \/>\n<link rel=\"canonical\" href=\"https:\/\/www.miomiorun.com\/es\/producto\/reflective-windbreaker-hombre\/\" \/>\n<meta property=\"og:locale\" content=\"es_ES\" \/>\n<meta property=\"og:type\" content=\"article\" \/>\n<meta property=\"og:title\" content=\"Cep Reflective Windbreaker hombre - Chaqueta para correr- MioMioRun\" \/>\n<meta property=\"og:description\" content=\"No dejes de lado tu rutina de entrenamiento por culpa de la lluvia, el viento, el fr\u00edo o la hora: la chaqueta cortavientos reflectante te protege de forma \u00f3ptima\" \/>\n<meta property=\"og:url\" content=\"https:\/\/www.miomiorun.com\/es\/producto\/reflective-windbreaker-hombre\/\" \/>\n<meta property=\"og:site_name\" content=\"MioMioRun\" \/>\n<meta property=\"article:publisher\" content=\"https:\/\/www.facebook.com\/miomiorun\/\" \/>\n<meta property=\"article:modified_time\" content=\"2026-05-06T09:34:45+00:00\" \/>\n<meta property=\"og:image\" content=\"https:\/\/www.miomiorun.com\/app\/uploads\/2022\/12\/cep-reflective-windbreaker-green-W21JDN.jpg\" \/>\n\t<meta property=\"og:image:width\" content=\"600\" \/>\n\t<meta property=\"og:image:height\" content=\"600\" \/>\n\t<meta property=\"og:image:type\" content=\"image\/jpeg\" \/>\n<meta name=\"twitter:card\" content=\"summary_large_image\" \/>\n<meta name=\"twitter:label1\" content=\"Est. reading time\" \/>\n\t<meta name=\"twitter:data1\" content=\"2 minutes\" \/>\n<script type=\"application\/ld+json\" class=\"yoast-schema-graph\">{\"@context\":\"https:\/\/schema.org\",\"@graph\":[{\"@type\":\"WebPage\",\"@id\":\"https:\/\/www.miomiorun.com\/es\/producto\/reflective-windbreaker-hombre\/\",\"url\":\"https:\/\/www.miomiorun.com\/es\/producto\/reflective-windbreaker-hombre\/\",\"name\":\"Cep Reflective Windbreaker hombre - Chaqueta para correr- MioMioRun\",\"isPartOf\":{\"@id\":\"https:\/\/www.miomiorun.com\/es\/#website\"},\"primaryImageOfPage\":{\"@id\":\"https:\/\/www.miomiorun.com\/es\/producto\/reflective-windbreaker-hombre\/#primaryimage\"},\"image\":{\"@id\":\"https:\/\/www.miomiorun.com\/es\/producto\/reflective-windbreaker-hombre\/#primaryimage\"},\"thumbnailUrl\":\"https:\/\/www.miomiorun.com\/app\/uploads\/2022\/12\/cep-reflective-windbreaker-green-W21JDN.jpg\",\"datePublished\":\"2022-10-27T09:01:45+00:00\",\"dateModified\":\"2026-05-06T09:34:45+00:00\",\"description\":\"No dejes de lado tu rutina de entrenamiento por culpa de la lluvia, el viento, el fr\u00edo o la hora: la chaqueta cortavientos reflectante te protege de forma \u00f3ptima\",\"breadcrumb\":{\"@id\":\"https:\/\/www.miomiorun.com\/es\/producto\/reflective-windbreaker-hombre\/#breadcrumb\"},\"inLanguage\":\"es-ES\",\"potentialAction\":[{\"@type\":\"ReadAction\",\"target\":[\"https:\/\/www.miomiorun.com\/es\/producto\/reflective-windbreaker-hombre\/\"]}]},{\"@type\":\"ImageObject\",\"inLanguage\":\"es-ES\",\"@id\":\"https:\/\/www.miomiorun.com\/es\/producto\/reflective-windbreaker-hombre\/#primaryimage\",\"url\":\"https:\/\/www.miomiorun.com\/app\/uploads\/2022\/12\/cep-reflective-windbreaker-green-W21JDN.jpg\",\"contentUrl\":\"https:\/\/www.miomiorun.com\/app\/uploads\/2022\/12\/cep-reflective-windbreaker-green-W21JDN.jpg\",\"width\":600,\"height\":600,\"caption\":\"cep-reflective-windbreaker-green-W21JDN\"},{\"@type\":\"BreadcrumbList\",\"@id\":\"https:\/\/www.miomiorun.com\/es\/producto\/reflective-windbreaker-hombre\/#breadcrumb\",\"itemListElement\":[{\"@type\":\"ListItem\",\"position\":1,\"name\":\"Home\",\"item\":\"https:\/\/www.miomiorun.com\/es\/\"},{\"@type\":\"ListItem\",\"position\":2,\"name\":\"Shop\",\"item\":\"https:\/\/www.miomiorun.com\/shop\/\"},{\"@type\":\"ListItem\",\"position\":3,\"name\":\"Reflective Windbreaker hombre\"}]},{\"@type\":\"WebSite\",\"@id\":\"https:\/\/www.miomiorun.com\/es\/#website\",\"url\":\"https:\/\/www.miomiorun.com\/es\/\",\"name\":\"MioMioRun\",\"description\":\"Tienda 100% running y trail\",\"publisher\":{\"@id\":\"https:\/\/www.miomiorun.com\/es\/#organization\"},\"potentialAction\":[{\"@type\":\"SearchAction\",\"target\":{\"@type\":\"EntryPoint\",\"urlTemplate\":\"https:\/\/www.miomiorun.com\/es\/?s={search_term_string}\"},\"query-input\":{\"@type\":\"PropertyValueSpecification\",\"valueRequired\":true,\"valueName\":\"search_term_string\"}}],\"inLanguage\":\"es-ES\"},{\"@type\":\"Organization\",\"@id\":\"https:\/\/www.miomiorun.com\/es\/#organization\",\"name\":\"MioMio Run\",\"url\":\"https:\/\/www.miomiorun.com\/es\/\",\"logo\":{\"@type\":\"ImageObject\",\"inLanguage\":\"es-ES\",\"@id\":\"https:\/\/www.miomiorun.com\/es\/#\/schema\/logo\/image\/\",\"url\":\"https:\/\/www.miomiorun.com\/app\/uploads\/2019\/12\/logomio.png\",\"contentUrl\":\"https:\/\/www.miomiorun.com\/app\/uploads\/2019\/12\/logomio.png\",\"width\":115,\"height\":82,\"caption\":\"MioMio Run\"},\"image\":{\"@id\":\"https:\/\/www.miomiorun.com\/es\/#\/schema\/logo\/image\/\"},\"sameAs\":[\"https:\/\/www.facebook.com\/miomiorun\/\",\"https:\/\/www.instagram.com\/miomiorun\/\"]}]}<\/script>\n<!-- \/ Yoast SEO plugin. -->","yoast_head_json":{"title":"Cep Reflective Windbreaker hombre - Chaqueta para correr- MioMioRun","description":"No dejes de lado tu rutina de entrenamiento por culpa de la lluvia, el viento, el fr\u00edo o la hora: la chaqueta cortavientos reflectante te protege de forma \u00f3ptima","robots":{"index":"index","follow":"follow","max-snippet":"max-snippet:-1","max-image-preview":"max-image-preview:large","max-video-preview":"max-video-preview:-1"},"canonical":"https:\/\/www.miomiorun.com\/es\/producto\/reflective-windbreaker-hombre\/","og_locale":"es_ES","og_type":"article","og_title":"Cep Reflective Windbreaker hombre - Chaqueta para correr- MioMioRun","og_description":"No dejes de lado tu rutina de entrenamiento por culpa de la lluvia, el viento, el fr\u00edo o la hora: la chaqueta cortavientos reflectante te protege de forma \u00f3ptima","og_url":"https:\/\/www.miomiorun.com\/es\/producto\/reflective-windbreaker-hombre\/","og_site_name":"MioMioRun","article_publisher":"https:\/\/www.facebook.com\/miomiorun\/","article_modified_time":"2026-05-06T09:34:45+00:00","og_image":[{"width":600,"height":600,"url":"https:\/\/www.miomiorun.com\/app\/uploads\/2022\/12\/cep-reflective-windbreaker-green-W21JDN.jpg","type":"image\/jpeg"}],"twitter_card":"summary_large_image","twitter_misc":{"Est. reading time":"2 minutes"},"schema":{"@context":"https:\/\/schema.org","@graph":[{"@type":"WebPage","@id":"https:\/\/www.miomiorun.com\/es\/producto\/reflective-windbreaker-hombre\/","url":"https:\/\/www.miomiorun.com\/es\/producto\/reflective-windbreaker-hombre\/","name":"Cep Reflective Windbreaker hombre - Chaqueta para correr- MioMioRun","isPartOf":{"@id":"https:\/\/www.miomiorun.com\/es\/#website"},"primaryImageOfPage":{"@id":"https:\/\/www.miomiorun.com\/es\/producto\/reflective-windbreaker-hombre\/#primaryimage"},"image":{"@id":"https:\/\/www.miomiorun.com\/es\/producto\/reflective-windbreaker-hombre\/#primaryimage"},"thumbnailUrl":"https:\/\/www.miomiorun.com\/app\/uploads\/2022\/12\/cep-reflective-windbreaker-green-W21JDN.jpg","datePublished":"2022-10-27T09:01:45+00:00","dateModified":"2026-05-06T09:34:45+00:00","description":"No dejes de lado tu rutina de entrenamiento por culpa de la lluvia, el viento, el fr\u00edo o la hora: la chaqueta cortavientos reflectante te protege de forma \u00f3ptima","breadcrumb":{"@id":"https:\/\/www.miomiorun.com\/es\/producto\/reflective-windbreaker-hombre\/#breadcrumb"},"inLanguage":"es-ES","potentialAction":[{"@type":"ReadAction","target":["https:\/\/www.miomiorun.com\/es\/producto\/reflective-windbreaker-hombre\/"]}]},{"@type":"ImageObject","inLanguage":"es-ES","@id":"https:\/\/www.miomiorun.com\/es\/producto\/reflective-windbreaker-hombre\/#primaryimage","url":"https:\/\/www.miomiorun.com\/app\/uploads\/2022\/12\/cep-reflective-windbreaker-green-W21JDN.jpg","contentUrl":"https:\/\/www.miomiorun.com\/app\/uploads\/2022\/12\/cep-reflective-windbreaker-green-W21JDN.jpg","width":600,"height":600,"caption":"cep-reflective-windbreaker-green-W21JDN"},{"@type":"BreadcrumbList","@id":"https:\/\/www.miomiorun.com\/es\/producto\/reflective-windbreaker-hombre\/#breadcrumb","itemListElement":[{"@type":"ListItem","position":1,"name":"Home","item":"https:\/\/www.miomiorun.com\/es\/"},{"@type":"ListItem","position":2,"name":"Shop","item":"https:\/\/www.miomiorun.com\/shop\/"},{"@type":"ListItem","position":3,"name":"Reflective Windbreaker hombre"}]},{"@type":"WebSite","@id":"https:\/\/www.miomiorun.com\/es\/#website","url":"https:\/\/www.miomiorun.com\/es\/","name":"MioMioRun","description":"Tienda 100% running y trail","publisher":{"@id":"https:\/\/www.miomiorun.com\/es\/#organization"},"potentialAction":[{"@type":"SearchAction","target":{"@type":"EntryPoint","urlTemplate":"https:\/\/www.miomiorun.com\/es\/?s={search_term_string}"},"query-input":{"@type":"PropertyValueSpecification","valueRequired":true,"valueName":"search_term_string"}}],"inLanguage":"es-ES"},{"@type":"Organization","@id":"https:\/\/www.miomiorun.com\/es\/#organization","name":"MioMio Run","url":"https:\/\/www.miomiorun.com\/es\/","logo":{"@type":"ImageObject","inLanguage":"es-ES","@id":"https:\/\/www.miomiorun.com\/es\/#\/schema\/logo\/image\/","url":"https:\/\/www.miomiorun.com\/app\/uploads\/2019\/12\/logomio.png","contentUrl":"https:\/\/www.miomiorun.com\/app\/uploads\/2019\/12\/logomio.png","width":115,"height":82,"caption":"MioMio Run"},"image":{"@id":"https:\/\/www.miomiorun.com\/es\/#\/schema\/logo\/image\/"},"sameAs":["https:\/\/www.facebook.com\/miomiorun\/","https:\/\/www.instagram.com\/miomiorun\/"]}]}},"_links":{"self":[{"href":"https:\/\/www.miomiorun.com\/es\/wp-json\/wp\/v2\/product\/283980","targetHints":{"allow":["GET"]}}],"collection":[{"href":"https:\/\/www.miomiorun.com\/es\/wp-json\/wp\/v2\/product"}],"about":[{"href":"https:\/\/www.miomiorun.com\/es\/wp-json\/wp\/v2\/types\/product"}],"wp:featuredmedia":[{"embeddable":true,"href":"https:\/\/www.miomiorun.com\/es\/wp-json\/wp\/v2\/media\/238887"}],"wp:attachment":[{"href":"https:\/\/www.miomiorun.com\/es\/wp-json\/wp\/v2\/media?parent=283980"}],"wp:term":[{"taxonomy":"product_brand","embeddable":true,"href":"https:\/\/www.miomiorun.com\/es\/wp-json\/wp\/v2\/product_brand?post=283980"},{"taxonomy":"product_cat","embeddable":true,"href":"https:\/\/www.miomiorun.com\/es\/wp-json\/wp\/v2\/product_cat?post=283980"},{"taxonomy":"product_tag","embeddable":true,"href":"https:\/\/www.miomiorun.com\/es\/wp-json\/wp\/v2\/product_tag?post=283980"}],"curies":[{"name":"wp","href":"https:\/\/api.w.org\/{rel}","templated":true}]}}