{"id":283937,"date":"2022-10-28T15:42:48","date_gmt":"2022-10-28T13:42:48","guid":{"rendered":"https:\/\/miomiorun.com\/prodotto\/pull-exit-extrafleece-donna\/"},"modified":"2026-05-06T11:47:15","modified_gmt":"2026-05-06T09:47:15","slug":"pull-exit-extrafleece-mujer","status":"publish","type":"product","link":"https:\/\/www.miomiorun.com\/es\/producto\/pull-exit-extrafleece-mujer\/","title":{"rendered":"Pull Exit Extrafleece mujer"},"content":{"rendered":"<div class=\"single-product-description\">\n<div class=\"single-product-description\">\n<div class=\"single-product-description\">\n<div class=\"descProdotto\">\n<p><strong>El jersey Exit Extrafleece<\/strong> , en su versi\u00f3n para mujer, es un jersey h\u00edbrido suave y c\u00e1lido, muy sencillo, ideal para los paseos al aire libre cuando el aire fresco exige abrigarse con una prenda muy transpirable.<\/p>\n<p>Su aspecto \u00ab<strong>urbano<\/strong>\u00bb enga\u00f1a, ya que gran parte del producto est\u00e1 confeccionado en c\u00e1lida y suave piel sint\u00e9tica Fluffy, pero el interior de las mangas, la zona de las axilas y el bajo est\u00e1n fabricados <strong>en forro polar t\u00e9cnico HP<\/strong>, utilizado en muchos modelos de la colecci\u00f3n de monta\u00f1a.<\/p>\n<p>La cremallera frontal se puede abrir, los bolsillos para las manos tienen un ribete el\u00e1stico y la nueva versi\u00f3n est\u00e1 realzada por costuras planas en contraste de color.<\/p>\n<p><strong>CARACTER\u00cdSTICAS:<\/strong><\/p>\n<\/div>\n<div class=\"carProdotto\">\n<ul>\n<li>jersey h\u00edbrido de suave piel sint\u00e9tica y tejido t\u00e9cnico<\/li>\n<li>cuello alto protector<\/li>\n<li>cremallera frontal totalmente separable<\/li>\n<li>bolsillos para las manos con ribete el\u00e1stico<\/li>\n<li>costuras planas en contraste de color<\/li>\n<\/ul>\n<\/div>\n<\/div>\n<\/div>\n<\/div>\n","protected":false},"excerpt":{"rendered":"<ul>\n<li>cremallera frontal totalmente separable<\/li>\n<li>bolsillos laterales con ribete el\u00e1stico<\/li>\n<li>costuras planas en color de contraste<\/li>\n<\/ul>\n","protected":false},"featured_media":238499,"template":"","meta":{"_acf_changed":false,"inline_featured_image":false},"product_brand":[],"product_cat":[24396,24401,24402],"product_tag":[23488,23646],"class_list":{"0":"post-283937","1":"product","2":"type-product","3":"status-publish","4":"has-post-thumbnail","6":"product_cat-camisetas","7":"product_cat-ropa-de-mujer","8":"product_cat-mujer","9":"product_tag-crazy-idea-es","10":"product_tag-crazy-idea-mujer","11":"pa_attivita-caminar","12":"pa_attivita-lifestyle-es","13":"pa_attivita-outdoor-es","14":"pa_colore-pull-exit-extrafleece-w-aurora-es","15":"pa_marca-crazy-idea-es","16":"pa_sesso-mujer","17":"pa_size-medium-es","19":"first","20":"instock","21":"sale","22":"taxable","23":"shipping-taxable","24":"purchasable","25":"product-type-variable","26":"wvs-archive-product-wrapper"},"acf":[],"yoast_head":"<!-- This site is optimized with the Yoast SEO plugin v26.8 - https:\/\/yoast.com\/product\/yoast-seo-wordpress\/ -->\n<title>Crazy Idea Pull Exit Extrafleece mujer - Jersey- MioMioRun<\/title>\n<meta name=\"description\" content=\"El jersey Exit Extrafleece, en su versi\u00f3n para mujer, es un jersey h\u00edbrido suave y c\u00e1lido, de corte muy sencillo, ideal para dar paseos al aire libre.\" \/>\n<meta name=\"robots\" content=\"index, follow, max-snippet:-1, max-image-preview:large, max-video-preview:-1\" \/>\n<link rel=\"canonical\" href=\"https:\/\/www.miomiorun.com\/es\/producto\/pull-exit-extrafleece-mujer\/\" \/>\n<meta property=\"og:locale\" content=\"es_ES\" \/>\n<meta property=\"og:type\" content=\"article\" \/>\n<meta property=\"og:title\" content=\"Crazy Idea Pull Exit Extrafleece mujer - Jersey- MioMioRun\" \/>\n<meta property=\"og:description\" content=\"El jersey Exit Extrafleece, en su versi\u00f3n para mujer, es un jersey h\u00edbrido suave y c\u00e1lido, de corte muy sencillo, ideal para dar paseos al aire libre.\" \/>\n<meta property=\"og:url\" content=\"https:\/\/www.miomiorun.com\/es\/producto\/pull-exit-extrafleece-mujer\/\" \/>\n<meta property=\"og:site_name\" content=\"MioMioRun\" \/>\n<meta property=\"article:publisher\" content=\"https:\/\/www.facebook.com\/miomiorun\/\" \/>\n<meta property=\"article:modified_time\" content=\"2026-05-06T09:47:15+00:00\" \/>\n<meta property=\"og:image\" content=\"https:\/\/www.miomiorun.com\/app\/uploads\/2022\/11\/crazy-idea-pull-exit-extrafleece-w-lambada-W22025055D-0044.jpg\" \/>\n\t<meta property=\"og:image:width\" content=\"600\" \/>\n\t<meta property=\"og:image:height\" content=\"600\" \/>\n\t<meta property=\"og:image:type\" content=\"image\/jpeg\" \/>\n<meta name=\"twitter:card\" content=\"summary_large_image\" \/>\n<meta name=\"twitter:label1\" content=\"Est. reading time\" \/>\n\t<meta name=\"twitter:data1\" content=\"1 minute\" \/>\n<script type=\"application\/ld+json\" class=\"yoast-schema-graph\">{\"@context\":\"https:\/\/schema.org\",\"@graph\":[{\"@type\":\"WebPage\",\"@id\":\"https:\/\/www.miomiorun.com\/es\/producto\/pull-exit-extrafleece-mujer\/\",\"url\":\"https:\/\/www.miomiorun.com\/es\/producto\/pull-exit-extrafleece-mujer\/\",\"name\":\"Crazy Idea Pull Exit Extrafleece mujer - Jersey- MioMioRun\",\"isPartOf\":{\"@id\":\"https:\/\/www.miomiorun.com\/es\/#website\"},\"primaryImageOfPage\":{\"@id\":\"https:\/\/www.miomiorun.com\/es\/producto\/pull-exit-extrafleece-mujer\/#primaryimage\"},\"image\":{\"@id\":\"https:\/\/www.miomiorun.com\/es\/producto\/pull-exit-extrafleece-mujer\/#primaryimage\"},\"thumbnailUrl\":\"https:\/\/www.miomiorun.com\/app\/uploads\/2022\/11\/crazy-idea-pull-exit-extrafleece-w-lambada-W22025055D-0044.jpg\",\"datePublished\":\"2022-10-28T13:42:48+00:00\",\"dateModified\":\"2026-05-06T09:47:15+00:00\",\"description\":\"El jersey Exit Extrafleece, en su versi\u00f3n para mujer, es un jersey h\u00edbrido suave y c\u00e1lido, de corte muy sencillo, ideal para dar paseos al aire libre.\",\"breadcrumb\":{\"@id\":\"https:\/\/www.miomiorun.com\/es\/producto\/pull-exit-extrafleece-mujer\/#breadcrumb\"},\"inLanguage\":\"es-ES\",\"potentialAction\":[{\"@type\":\"ReadAction\",\"target\":[\"https:\/\/www.miomiorun.com\/es\/producto\/pull-exit-extrafleece-mujer\/\"]}]},{\"@type\":\"ImageObject\",\"inLanguage\":\"es-ES\",\"@id\":\"https:\/\/www.miomiorun.com\/es\/producto\/pull-exit-extrafleece-mujer\/#primaryimage\",\"url\":\"https:\/\/www.miomiorun.com\/app\/uploads\/2022\/11\/crazy-idea-pull-exit-extrafleece-w-lambada-W22025055D-0044.jpg\",\"contentUrl\":\"https:\/\/www.miomiorun.com\/app\/uploads\/2022\/11\/crazy-idea-pull-exit-extrafleece-w-lambada-W22025055D-0044.jpg\",\"width\":600,\"height\":600,\"caption\":\"crazy-idea-pull-exit-extrafleece-w-lambada-W22025055D-0044\"},{\"@type\":\"BreadcrumbList\",\"@id\":\"https:\/\/www.miomiorun.com\/es\/producto\/pull-exit-extrafleece-mujer\/#breadcrumb\",\"itemListElement\":[{\"@type\":\"ListItem\",\"position\":1,\"name\":\"Home\",\"item\":\"https:\/\/www.miomiorun.com\/es\/\"},{\"@type\":\"ListItem\",\"position\":2,\"name\":\"Shop\",\"item\":\"https:\/\/www.miomiorun.com\/shop\/\"},{\"@type\":\"ListItem\",\"position\":3,\"name\":\"Pull Exit Extrafleece mujer\"}]},{\"@type\":\"WebSite\",\"@id\":\"https:\/\/www.miomiorun.com\/es\/#website\",\"url\":\"https:\/\/www.miomiorun.com\/es\/\",\"name\":\"MioMioRun\",\"description\":\"Tienda 100% running y trail\",\"publisher\":{\"@id\":\"https:\/\/www.miomiorun.com\/es\/#organization\"},\"potentialAction\":[{\"@type\":\"SearchAction\",\"target\":{\"@type\":\"EntryPoint\",\"urlTemplate\":\"https:\/\/www.miomiorun.com\/es\/?s={search_term_string}\"},\"query-input\":{\"@type\":\"PropertyValueSpecification\",\"valueRequired\":true,\"valueName\":\"search_term_string\"}}],\"inLanguage\":\"es-ES\"},{\"@type\":\"Organization\",\"@id\":\"https:\/\/www.miomiorun.com\/es\/#organization\",\"name\":\"MioMio Run\",\"url\":\"https:\/\/www.miomiorun.com\/es\/\",\"logo\":{\"@type\":\"ImageObject\",\"inLanguage\":\"es-ES\",\"@id\":\"https:\/\/www.miomiorun.com\/es\/#\/schema\/logo\/image\/\",\"url\":\"https:\/\/www.miomiorun.com\/app\/uploads\/2019\/12\/logomio.png\",\"contentUrl\":\"https:\/\/www.miomiorun.com\/app\/uploads\/2019\/12\/logomio.png\",\"width\":115,\"height\":82,\"caption\":\"MioMio Run\"},\"image\":{\"@id\":\"https:\/\/www.miomiorun.com\/es\/#\/schema\/logo\/image\/\"},\"sameAs\":[\"https:\/\/www.facebook.com\/miomiorun\/\",\"https:\/\/www.instagram.com\/miomiorun\/\"]}]}<\/script>\n<!-- \/ Yoast SEO plugin. -->","yoast_head_json":{"title":"Crazy Idea Pull Exit Extrafleece mujer - Jersey- MioMioRun","description":"El jersey Exit Extrafleece, en su versi\u00f3n para mujer, es un jersey h\u00edbrido suave y c\u00e1lido, de corte muy sencillo, ideal para dar paseos al aire libre.","robots":{"index":"index","follow":"follow","max-snippet":"max-snippet:-1","max-image-preview":"max-image-preview:large","max-video-preview":"max-video-preview:-1"},"canonical":"https:\/\/www.miomiorun.com\/es\/producto\/pull-exit-extrafleece-mujer\/","og_locale":"es_ES","og_type":"article","og_title":"Crazy Idea Pull Exit Extrafleece mujer - Jersey- MioMioRun","og_description":"El jersey Exit Extrafleece, en su versi\u00f3n para mujer, es un jersey h\u00edbrido suave y c\u00e1lido, de corte muy sencillo, ideal para dar paseos al aire libre.","og_url":"https:\/\/www.miomiorun.com\/es\/producto\/pull-exit-extrafleece-mujer\/","og_site_name":"MioMioRun","article_publisher":"https:\/\/www.facebook.com\/miomiorun\/","article_modified_time":"2026-05-06T09:47:15+00:00","og_image":[{"width":600,"height":600,"url":"https:\/\/www.miomiorun.com\/app\/uploads\/2022\/11\/crazy-idea-pull-exit-extrafleece-w-lambada-W22025055D-0044.jpg","type":"image\/jpeg"}],"twitter_card":"summary_large_image","twitter_misc":{"Est. reading time":"1 minute"},"schema":{"@context":"https:\/\/schema.org","@graph":[{"@type":"WebPage","@id":"https:\/\/www.miomiorun.com\/es\/producto\/pull-exit-extrafleece-mujer\/","url":"https:\/\/www.miomiorun.com\/es\/producto\/pull-exit-extrafleece-mujer\/","name":"Crazy Idea Pull Exit Extrafleece mujer - Jersey- MioMioRun","isPartOf":{"@id":"https:\/\/www.miomiorun.com\/es\/#website"},"primaryImageOfPage":{"@id":"https:\/\/www.miomiorun.com\/es\/producto\/pull-exit-extrafleece-mujer\/#primaryimage"},"image":{"@id":"https:\/\/www.miomiorun.com\/es\/producto\/pull-exit-extrafleece-mujer\/#primaryimage"},"thumbnailUrl":"https:\/\/www.miomiorun.com\/app\/uploads\/2022\/11\/crazy-idea-pull-exit-extrafleece-w-lambada-W22025055D-0044.jpg","datePublished":"2022-10-28T13:42:48+00:00","dateModified":"2026-05-06T09:47:15+00:00","description":"El jersey Exit Extrafleece, en su versi\u00f3n para mujer, es un jersey h\u00edbrido suave y c\u00e1lido, de corte muy sencillo, ideal para dar paseos al aire libre.","breadcrumb":{"@id":"https:\/\/www.miomiorun.com\/es\/producto\/pull-exit-extrafleece-mujer\/#breadcrumb"},"inLanguage":"es-ES","potentialAction":[{"@type":"ReadAction","target":["https:\/\/www.miomiorun.com\/es\/producto\/pull-exit-extrafleece-mujer\/"]}]},{"@type":"ImageObject","inLanguage":"es-ES","@id":"https:\/\/www.miomiorun.com\/es\/producto\/pull-exit-extrafleece-mujer\/#primaryimage","url":"https:\/\/www.miomiorun.com\/app\/uploads\/2022\/11\/crazy-idea-pull-exit-extrafleece-w-lambada-W22025055D-0044.jpg","contentUrl":"https:\/\/www.miomiorun.com\/app\/uploads\/2022\/11\/crazy-idea-pull-exit-extrafleece-w-lambada-W22025055D-0044.jpg","width":600,"height":600,"caption":"crazy-idea-pull-exit-extrafleece-w-lambada-W22025055D-0044"},{"@type":"BreadcrumbList","@id":"https:\/\/www.miomiorun.com\/es\/producto\/pull-exit-extrafleece-mujer\/#breadcrumb","itemListElement":[{"@type":"ListItem","position":1,"name":"Home","item":"https:\/\/www.miomiorun.com\/es\/"},{"@type":"ListItem","position":2,"name":"Shop","item":"https:\/\/www.miomiorun.com\/shop\/"},{"@type":"ListItem","position":3,"name":"Pull Exit Extrafleece mujer"}]},{"@type":"WebSite","@id":"https:\/\/www.miomiorun.com\/es\/#website","url":"https:\/\/www.miomiorun.com\/es\/","name":"MioMioRun","description":"Tienda 100% running y trail","publisher":{"@id":"https:\/\/www.miomiorun.com\/es\/#organization"},"potentialAction":[{"@type":"SearchAction","target":{"@type":"EntryPoint","urlTemplate":"https:\/\/www.miomiorun.com\/es\/?s={search_term_string}"},"query-input":{"@type":"PropertyValueSpecification","valueRequired":true,"valueName":"search_term_string"}}],"inLanguage":"es-ES"},{"@type":"Organization","@id":"https:\/\/www.miomiorun.com\/es\/#organization","name":"MioMio Run","url":"https:\/\/www.miomiorun.com\/es\/","logo":{"@type":"ImageObject","inLanguage":"es-ES","@id":"https:\/\/www.miomiorun.com\/es\/#\/schema\/logo\/image\/","url":"https:\/\/www.miomiorun.com\/app\/uploads\/2019\/12\/logomio.png","contentUrl":"https:\/\/www.miomiorun.com\/app\/uploads\/2019\/12\/logomio.png","width":115,"height":82,"caption":"MioMio Run"},"image":{"@id":"https:\/\/www.miomiorun.com\/es\/#\/schema\/logo\/image\/"},"sameAs":["https:\/\/www.facebook.com\/miomiorun\/","https:\/\/www.instagram.com\/miomiorun\/"]}]}},"_links":{"self":[{"href":"https:\/\/www.miomiorun.com\/es\/wp-json\/wp\/v2\/product\/283937","targetHints":{"allow":["GET"]}}],"collection":[{"href":"https:\/\/www.miomiorun.com\/es\/wp-json\/wp\/v2\/product"}],"about":[{"href":"https:\/\/www.miomiorun.com\/es\/wp-json\/wp\/v2\/types\/product"}],"wp:featuredmedia":[{"embeddable":true,"href":"https:\/\/www.miomiorun.com\/es\/wp-json\/wp\/v2\/media\/238499"}],"wp:attachment":[{"href":"https:\/\/www.miomiorun.com\/es\/wp-json\/wp\/v2\/media?parent=283937"}],"wp:term":[{"taxonomy":"product_brand","embeddable":true,"href":"https:\/\/www.miomiorun.com\/es\/wp-json\/wp\/v2\/product_brand?post=283937"},{"taxonomy":"product_cat","embeddable":true,"href":"https:\/\/www.miomiorun.com\/es\/wp-json\/wp\/v2\/product_cat?post=283937"},{"taxonomy":"product_tag","embeddable":true,"href":"https:\/\/www.miomiorun.com\/es\/wp-json\/wp\/v2\/product_tag?post=283937"}],"curies":[{"name":"wp","href":"https:\/\/api.w.org\/{rel}","templated":true}]}}