{"id":283925,"date":"2022-10-27T11:38:00","date_gmt":"2022-10-27T09:38:00","guid":{"rendered":"https:\/\/miomiorun.com\/prodotto\/socks-infrared-recovery-uomo\/"},"modified":"2026-05-06T11:44:50","modified_gmt":"2026-05-06T09:44:50","slug":"socks-infrared-recovery-hombre","status":"publish","type":"product","link":"https:\/\/www.miomiorun.com\/es\/producto\/socks-infrared-recovery-hombre\/","title":{"rendered":"Socks Infrared Recovery hombre"},"content":{"rendered":"<p>La recuperaci\u00f3n que precede al entrenamiento: \u00bfTe enfrentas a un programa ambicioso y quieres estar en forma de nuevo tras el entrenamiento o la competici\u00f3n? Los <strong>calcetines de compresi\u00f3n y recuperaci\u00f3n por infrarrojos<\/strong> para hombre te ayudan a alcanzar tus objetivos. La reconocida compresi\u00f3n, combinada con la tecnolog\u00eda SMART INFRARED, garantiza un efecto estimulante que activa la circulaci\u00f3n.<\/p>\n<p><strong>CARACTER\u00cdSTICAS:<\/strong><\/p>\n<ul class=\"selling-points\">\n<li>La tecnolog\u00eda SMART INFRARED termorreflectante y la compresi\u00f3n mejoran la microcirculaci\u00f3n y el aporte de ox\u00edgeno a tu musculatura.<\/li>\n<li>El perfil de compresi\u00f3n optimizado de medi prepara tus m\u00fasculos para la actividad f\u00edsica y, posteriormente, acelera la recuperaci\u00f3n.<\/li>\n<li>Las fibras de lyocell, transpirables y resistentes, garantizan el m\u00e1ximo confort gracias a una regulaci\u00f3n \u00f3ptima de la humedad.<\/li>\n<\/ul>\n<h3>Estimulaci\u00f3n de la circulaci\u00f3n mediante la compresi\u00f3n<\/h3>\n<p>El secreto es la compresi\u00f3n medi: gracias a ella, tus piernas se sentir\u00e1n notablemente m\u00e1s frescas y rendir\u00e1n mejor. En estos calcetines de compresi\u00f3n para hombre, la tecnolog\u00eda es la base de una r\u00e1pida recuperaci\u00f3n.<\/p>\n<h3>Perfecta acci\u00f3n combinada de la tecnolog\u00eda SMART INFRARED<\/h3>\n<p>En los calcetines de compresi\u00f3n Infrared Recovery, la combinaci\u00f3n de la tecnolog\u00eda de compresi\u00f3n y la tecnolog\u00eda SMART INFRARED permite obtener un efecto a\u00fan mejor. Adem\u00e1s, la innovadora mezcla de hilos refleja el calor hacia la musculatura, mejorando as\u00ed la microcirculaci\u00f3n. El resultado es una recuperaci\u00f3n a\u00fan m\u00e1s r\u00e1pida.<\/p>\n<h3>La uni\u00f3n de funcionalidad ingeniosa y comodidad armoniosa<\/h3>\n<p>Por si todo esto fuera poco: los calcetines de compresi\u00f3n para hombre no solo te ayudan a alcanzar tus objetivos deportivos, sino que se ajustan como una segunda piel y destacan por su m\u00e1xima transpirabilidad y su excelente gesti\u00f3n de la humedad.<\/p>\n","protected":false},"excerpt":{"rendered":"<ul class=\"selling-points\">\n<li>La tecnolog\u00eda SMART INFRARED termorreflectante y la compresi\u00f3n mejoran la microcirculaci\u00f3n y el aporte de ox\u00edgeno a la musculatura.<\/li>\n<li>El perfil de compresi\u00f3n optimizado de medi prepara tus m\u00fasculos para la actividad f\u00edsica y, posteriormente, acelera la recuperaci\u00f3n.<\/li>\n<li>Las fibras de lyocell, transpirables y resistentes, garantizan el m\u00e1ximo confort gracias a una regulaci\u00f3n \u00f3ptima de la humedad.<\/li>\n<\/ul>\n","protected":false},"featured_media":238907,"template":"","meta":{"_acf_changed":false,"inline_featured_image":false},"product_brand":[],"product_cat":[24462,24463,24464],"product_tag":[23468,23665],"class_list":{"0":"post-283925","1":"product","2":"type-product","3":"status-publish","4":"has-post-thumbnail","6":"product_cat-calcetines-es-2","7":"product_cat-ropa-de-hombre-es","8":"product_cat-hombre","9":"product_tag-cep-es","10":"product_tag-cep-hombre","11":"pa_attivita-lifestyle-es","12":"pa_circonferenza-polpaccio-32-38-es","13":"pa_colore-socks-infrared-recovery-black-es","14":"pa_marca-cep-es","15":"pa_sesso-hombre","17":"first","18":"instock","19":"sale","20":"taxable","21":"shipping-taxable","22":"purchasable","23":"product-type-variable","24":"wvs-archive-product-wrapper"},"acf":[],"yoast_head":"<!-- This site is optimized with the Yoast SEO plugin v26.8 - https:\/\/yoast.com\/product\/yoast-seo-wordpress\/ -->\n<title>Cep Socks Infrared Recovery hombre - Calcetines para correr - MioMioRun<\/title>\n<meta name=\"description\" content=\"Los calcetines de compresi\u00f3n y recuperaci\u00f3n por infrarrojos te ayudan a alcanzar tus objetivos. Su reconocida compresi\u00f3n se combina con la tecnolog\u00eda SMART INFRARED.\" \/>\n<meta name=\"robots\" content=\"index, follow, max-snippet:-1, max-image-preview:large, max-video-preview:-1\" \/>\n<link rel=\"canonical\" href=\"https:\/\/www.miomiorun.com\/es\/producto\/socks-infrared-recovery-hombre\/\" \/>\n<meta property=\"og:locale\" content=\"es_ES\" \/>\n<meta property=\"og:type\" content=\"article\" \/>\n<meta property=\"og:title\" content=\"Cep Socks Infrared Recovery hombre - Calcetines para correr - MioMioRun\" \/>\n<meta property=\"og:description\" content=\"Los calcetines de compresi\u00f3n y recuperaci\u00f3n por infrarrojos te ayudan a alcanzar tus objetivos. Su reconocida compresi\u00f3n se combina con la tecnolog\u00eda SMART INFRARED.\" \/>\n<meta property=\"og:url\" content=\"https:\/\/www.miomiorun.com\/es\/producto\/socks-infrared-recovery-hombre\/\" \/>\n<meta property=\"og:site_name\" content=\"MioMioRun\" \/>\n<meta property=\"article:publisher\" content=\"https:\/\/www.facebook.com\/miomiorun\/\" \/>\n<meta property=\"article:modified_time\" content=\"2026-05-06T09:44:50+00:00\" \/>\n<meta property=\"og:image\" content=\"https:\/\/www.miomiorun.com\/app\/uploads\/2022\/12\/cep-socks-infrared-recovery-black-WP305T.jpg\" \/>\n\t<meta property=\"og:image:width\" content=\"600\" \/>\n\t<meta property=\"og:image:height\" content=\"600\" \/>\n\t<meta property=\"og:image:type\" content=\"image\/jpeg\" \/>\n<meta name=\"twitter:card\" content=\"summary_large_image\" \/>\n<meta name=\"twitter:label1\" content=\"Est. reading time\" \/>\n\t<meta name=\"twitter:data1\" content=\"2 minutes\" \/>\n<script type=\"application\/ld+json\" class=\"yoast-schema-graph\">{\"@context\":\"https:\/\/schema.org\",\"@graph\":[{\"@type\":\"WebPage\",\"@id\":\"https:\/\/www.miomiorun.com\/es\/producto\/socks-infrared-recovery-hombre\/\",\"url\":\"https:\/\/www.miomiorun.com\/es\/producto\/socks-infrared-recovery-hombre\/\",\"name\":\"Cep Socks Infrared Recovery hombre - Calcetines para correr - MioMioRun\",\"isPartOf\":{\"@id\":\"https:\/\/www.miomiorun.com\/es\/#website\"},\"primaryImageOfPage\":{\"@id\":\"https:\/\/www.miomiorun.com\/es\/producto\/socks-infrared-recovery-hombre\/#primaryimage\"},\"image\":{\"@id\":\"https:\/\/www.miomiorun.com\/es\/producto\/socks-infrared-recovery-hombre\/#primaryimage\"},\"thumbnailUrl\":\"https:\/\/www.miomiorun.com\/app\/uploads\/2022\/12\/cep-socks-infrared-recovery-black-WP305T.jpg\",\"datePublished\":\"2022-10-27T09:38:00+00:00\",\"dateModified\":\"2026-05-06T09:44:50+00:00\",\"description\":\"Los calcetines de compresi\u00f3n y recuperaci\u00f3n por infrarrojos te ayudan a alcanzar tus objetivos. Su reconocida compresi\u00f3n se combina con la tecnolog\u00eda SMART INFRARED.\",\"breadcrumb\":{\"@id\":\"https:\/\/www.miomiorun.com\/es\/producto\/socks-infrared-recovery-hombre\/#breadcrumb\"},\"inLanguage\":\"es-ES\",\"potentialAction\":[{\"@type\":\"ReadAction\",\"target\":[\"https:\/\/www.miomiorun.com\/es\/producto\/socks-infrared-recovery-hombre\/\"]}]},{\"@type\":\"ImageObject\",\"inLanguage\":\"es-ES\",\"@id\":\"https:\/\/www.miomiorun.com\/es\/producto\/socks-infrared-recovery-hombre\/#primaryimage\",\"url\":\"https:\/\/www.miomiorun.com\/app\/uploads\/2022\/12\/cep-socks-infrared-recovery-black-WP305T.jpg\",\"contentUrl\":\"https:\/\/www.miomiorun.com\/app\/uploads\/2022\/12\/cep-socks-infrared-recovery-black-WP305T.jpg\",\"width\":600,\"height\":600,\"caption\":\"cep-socks-infrared-recovery-black-WP305T\"},{\"@type\":\"BreadcrumbList\",\"@id\":\"https:\/\/www.miomiorun.com\/es\/producto\/socks-infrared-recovery-hombre\/#breadcrumb\",\"itemListElement\":[{\"@type\":\"ListItem\",\"position\":1,\"name\":\"Home\",\"item\":\"https:\/\/www.miomiorun.com\/es\/\"},{\"@type\":\"ListItem\",\"position\":2,\"name\":\"Shop\",\"item\":\"https:\/\/www.miomiorun.com\/shop\/\"},{\"@type\":\"ListItem\",\"position\":3,\"name\":\"Socks Infrared Recovery hombre\"}]},{\"@type\":\"WebSite\",\"@id\":\"https:\/\/www.miomiorun.com\/es\/#website\",\"url\":\"https:\/\/www.miomiorun.com\/es\/\",\"name\":\"MioMioRun\",\"description\":\"Tienda 100% running y trail\",\"publisher\":{\"@id\":\"https:\/\/www.miomiorun.com\/es\/#organization\"},\"potentialAction\":[{\"@type\":\"SearchAction\",\"target\":{\"@type\":\"EntryPoint\",\"urlTemplate\":\"https:\/\/www.miomiorun.com\/es\/?s={search_term_string}\"},\"query-input\":{\"@type\":\"PropertyValueSpecification\",\"valueRequired\":true,\"valueName\":\"search_term_string\"}}],\"inLanguage\":\"es-ES\"},{\"@type\":\"Organization\",\"@id\":\"https:\/\/www.miomiorun.com\/es\/#organization\",\"name\":\"MioMio Run\",\"url\":\"https:\/\/www.miomiorun.com\/es\/\",\"logo\":{\"@type\":\"ImageObject\",\"inLanguage\":\"es-ES\",\"@id\":\"https:\/\/www.miomiorun.com\/es\/#\/schema\/logo\/image\/\",\"url\":\"https:\/\/www.miomiorun.com\/app\/uploads\/2019\/12\/logomio.png\",\"contentUrl\":\"https:\/\/www.miomiorun.com\/app\/uploads\/2019\/12\/logomio.png\",\"width\":115,\"height\":82,\"caption\":\"MioMio Run\"},\"image\":{\"@id\":\"https:\/\/www.miomiorun.com\/es\/#\/schema\/logo\/image\/\"},\"sameAs\":[\"https:\/\/www.facebook.com\/miomiorun\/\",\"https:\/\/www.instagram.com\/miomiorun\/\"]}]}<\/script>\n<!-- \/ Yoast SEO plugin. -->","yoast_head_json":{"title":"Cep Socks Infrared Recovery hombre - Calcetines para correr - MioMioRun","description":"Los calcetines de compresi\u00f3n y recuperaci\u00f3n por infrarrojos te ayudan a alcanzar tus objetivos. Su reconocida compresi\u00f3n se combina con la tecnolog\u00eda SMART INFRARED.","robots":{"index":"index","follow":"follow","max-snippet":"max-snippet:-1","max-image-preview":"max-image-preview:large","max-video-preview":"max-video-preview:-1"},"canonical":"https:\/\/www.miomiorun.com\/es\/producto\/socks-infrared-recovery-hombre\/","og_locale":"es_ES","og_type":"article","og_title":"Cep Socks Infrared Recovery hombre - Calcetines para correr - MioMioRun","og_description":"Los calcetines de compresi\u00f3n y recuperaci\u00f3n por infrarrojos te ayudan a alcanzar tus objetivos. Su reconocida compresi\u00f3n se combina con la tecnolog\u00eda SMART INFRARED.","og_url":"https:\/\/www.miomiorun.com\/es\/producto\/socks-infrared-recovery-hombre\/","og_site_name":"MioMioRun","article_publisher":"https:\/\/www.facebook.com\/miomiorun\/","article_modified_time":"2026-05-06T09:44:50+00:00","og_image":[{"width":600,"height":600,"url":"https:\/\/www.miomiorun.com\/app\/uploads\/2022\/12\/cep-socks-infrared-recovery-black-WP305T.jpg","type":"image\/jpeg"}],"twitter_card":"summary_large_image","twitter_misc":{"Est. reading time":"2 minutes"},"schema":{"@context":"https:\/\/schema.org","@graph":[{"@type":"WebPage","@id":"https:\/\/www.miomiorun.com\/es\/producto\/socks-infrared-recovery-hombre\/","url":"https:\/\/www.miomiorun.com\/es\/producto\/socks-infrared-recovery-hombre\/","name":"Cep Socks Infrared Recovery hombre - Calcetines para correr - MioMioRun","isPartOf":{"@id":"https:\/\/www.miomiorun.com\/es\/#website"},"primaryImageOfPage":{"@id":"https:\/\/www.miomiorun.com\/es\/producto\/socks-infrared-recovery-hombre\/#primaryimage"},"image":{"@id":"https:\/\/www.miomiorun.com\/es\/producto\/socks-infrared-recovery-hombre\/#primaryimage"},"thumbnailUrl":"https:\/\/www.miomiorun.com\/app\/uploads\/2022\/12\/cep-socks-infrared-recovery-black-WP305T.jpg","datePublished":"2022-10-27T09:38:00+00:00","dateModified":"2026-05-06T09:44:50+00:00","description":"Los calcetines de compresi\u00f3n y recuperaci\u00f3n por infrarrojos te ayudan a alcanzar tus objetivos. Su reconocida compresi\u00f3n se combina con la tecnolog\u00eda SMART INFRARED.","breadcrumb":{"@id":"https:\/\/www.miomiorun.com\/es\/producto\/socks-infrared-recovery-hombre\/#breadcrumb"},"inLanguage":"es-ES","potentialAction":[{"@type":"ReadAction","target":["https:\/\/www.miomiorun.com\/es\/producto\/socks-infrared-recovery-hombre\/"]}]},{"@type":"ImageObject","inLanguage":"es-ES","@id":"https:\/\/www.miomiorun.com\/es\/producto\/socks-infrared-recovery-hombre\/#primaryimage","url":"https:\/\/www.miomiorun.com\/app\/uploads\/2022\/12\/cep-socks-infrared-recovery-black-WP305T.jpg","contentUrl":"https:\/\/www.miomiorun.com\/app\/uploads\/2022\/12\/cep-socks-infrared-recovery-black-WP305T.jpg","width":600,"height":600,"caption":"cep-socks-infrared-recovery-black-WP305T"},{"@type":"BreadcrumbList","@id":"https:\/\/www.miomiorun.com\/es\/producto\/socks-infrared-recovery-hombre\/#breadcrumb","itemListElement":[{"@type":"ListItem","position":1,"name":"Home","item":"https:\/\/www.miomiorun.com\/es\/"},{"@type":"ListItem","position":2,"name":"Shop","item":"https:\/\/www.miomiorun.com\/shop\/"},{"@type":"ListItem","position":3,"name":"Socks Infrared Recovery hombre"}]},{"@type":"WebSite","@id":"https:\/\/www.miomiorun.com\/es\/#website","url":"https:\/\/www.miomiorun.com\/es\/","name":"MioMioRun","description":"Tienda 100% running y trail","publisher":{"@id":"https:\/\/www.miomiorun.com\/es\/#organization"},"potentialAction":[{"@type":"SearchAction","target":{"@type":"EntryPoint","urlTemplate":"https:\/\/www.miomiorun.com\/es\/?s={search_term_string}"},"query-input":{"@type":"PropertyValueSpecification","valueRequired":true,"valueName":"search_term_string"}}],"inLanguage":"es-ES"},{"@type":"Organization","@id":"https:\/\/www.miomiorun.com\/es\/#organization","name":"MioMio Run","url":"https:\/\/www.miomiorun.com\/es\/","logo":{"@type":"ImageObject","inLanguage":"es-ES","@id":"https:\/\/www.miomiorun.com\/es\/#\/schema\/logo\/image\/","url":"https:\/\/www.miomiorun.com\/app\/uploads\/2019\/12\/logomio.png","contentUrl":"https:\/\/www.miomiorun.com\/app\/uploads\/2019\/12\/logomio.png","width":115,"height":82,"caption":"MioMio Run"},"image":{"@id":"https:\/\/www.miomiorun.com\/es\/#\/schema\/logo\/image\/"},"sameAs":["https:\/\/www.facebook.com\/miomiorun\/","https:\/\/www.instagram.com\/miomiorun\/"]}]}},"_links":{"self":[{"href":"https:\/\/www.miomiorun.com\/es\/wp-json\/wp\/v2\/product\/283925","targetHints":{"allow":["GET"]}}],"collection":[{"href":"https:\/\/www.miomiorun.com\/es\/wp-json\/wp\/v2\/product"}],"about":[{"href":"https:\/\/www.miomiorun.com\/es\/wp-json\/wp\/v2\/types\/product"}],"wp:featuredmedia":[{"embeddable":true,"href":"https:\/\/www.miomiorun.com\/es\/wp-json\/wp\/v2\/media\/238907"}],"wp:attachment":[{"href":"https:\/\/www.miomiorun.com\/es\/wp-json\/wp\/v2\/media?parent=283925"}],"wp:term":[{"taxonomy":"product_brand","embeddable":true,"href":"https:\/\/www.miomiorun.com\/es\/wp-json\/wp\/v2\/product_brand?post=283925"},{"taxonomy":"product_cat","embeddable":true,"href":"https:\/\/www.miomiorun.com\/es\/wp-json\/wp\/v2\/product_cat?post=283925"},{"taxonomy":"product_tag","embeddable":true,"href":"https:\/\/www.miomiorun.com\/es\/wp-json\/wp\/v2\/product_tag?post=283925"}],"curies":[{"name":"wp","href":"https:\/\/api.w.org\/{rel}","templated":true}]}}