{"id":283839,"date":"2022-10-28T18:16:18","date_gmt":"2022-10-28T16:16:18","guid":{"rendered":"https:\/\/miomiorun.com\/prodotto\/rabec-jogger-cuffed-leg-pant-donna\/"},"modified":"2026-05-06T11:52:51","modified_gmt":"2026-05-06T09:52:51","slug":"rabec-jogger-cuffed-leg-pant-mujer","status":"publish","type":"product","link":"https:\/\/www.miomiorun.com\/es\/producto\/rabec-jogger-cuffed-leg-pant-mujer\/","title":{"rendered":"Rabec Jogger Cuffed Leg Pant mujer"},"content":{"rendered":"<p><strong>Russell Athletic<\/strong> es una marca hist\u00f3rica, fundada por Benjamin Russell en Alabama en <strong>1902<\/strong>, que ha acompa\u00f1ado el auge de los deportes y la ropa deportiva al otro lado del Atl\u00e1ntico hasta nuestros d\u00edas.<\/p>\n<p><strong>Los pantalones Rabec Jogger Cuffed Leg Pant,<\/strong> en su versi\u00f3n femenina, son unos pantalones de felpa, perfectos para practicar deportes al aire libre.<\/p>\n<p>Comodidad durante todo el d\u00eda con unos modernos pantalones de ch\u00e1ndal atl\u00e9ticos de corte c\u00f3nico.<\/p>\n<p>Confeccionados en felpa de peso medio, cuentan con la tecnolog\u00eda de absorci\u00f3n de la humedad <strong>Dri-Power\u00ae<\/strong> para mantener el calor corporal y que puedas estar abrigada y seca. Cintura el\u00e1stica con cord\u00f3n interno r\u00e1pido, para un ajuste regulable. Corte jogger con pu\u00f1os acanalados. Amplios bolsillos laterales para llevar tus accesorios siempre contigo.<\/p>\n<p><strong>CARACTER\u00cdSTICAS:<\/strong><\/p>\n<ul>\n<li>El forro polar de peso medio de 9,3 onzas retiene el calor corporal para que puedas mantenerte abrigado<\/li>\n<li>La tecnolog\u00eda Dri-Power aleja el sudor, manteni\u00e9ndote abrigado y seco<\/li>\n<li>Cintura el\u00e1stica para un ajuste regulable<\/li>\n<li>Corte tipo jogger con pu\u00f1os acanalados<\/li>\n<li>Amplios bolsillos laterales para guardar todos tus peque\u00f1os objetos esenciales<\/li>\n<li>50 % algod\u00f3n, 50 % poli\u00e9ster<\/li>\n<\/ul>\n","protected":false},"excerpt":{"rendered":"<ul class=\"m-long-description__features\">\n<li>Corte tipo jogger con pu\u00f1os acanalados<\/li>\n<li>Amplios bolsillos laterales para guardar todos tus peque\u00f1os objetos imprescindibles<\/li>\n<li>50 % algod\u00f3n, 50 % poli\u00e9ster<\/li>\n<\/ul>\n","protected":false},"featured_media":238549,"template":"","meta":{"_acf_changed":false,"inline_featured_image":false},"product_brand":[],"product_cat":[24225,24401,24402],"product_tag":[23639,23497],"class_list":{"0":"post-283839","1":"product","2":"type-product","3":"status-publish","4":"has-post-thumbnail","6":"product_cat-pantalones-largos","7":"product_cat-ropa-de-mujer","8":"product_cat-mujer","9":"product_tag-russel-athletic-mujer","10":"product_tag-russell-athletic-es","11":"pa_attivita-lifestyle-es","12":"pa_colore-rabec-jogger-cuffed-leg-pant-es","13":"pa_marca-russell-athletic-es","14":"pa_sesso-mujer","15":"pa_size-small-es","16":"pa_size-medium-es","18":"first","19":"instock","20":"sale","21":"taxable","22":"shipping-taxable","23":"purchasable","24":"product-type-variable","25":"wvs-archive-product-wrapper"},"acf":[],"yoast_head":"<!-- This site is optimized with the Yoast SEO plugin v26.8 - https:\/\/yoast.com\/product\/yoast-seo-wordpress\/ -->\n<title>Russell Rabec Jogger Cuffed Leg Pant mujer - MioMioRun<\/title>\n<meta name=\"description\" content=\"Los pantalones Rabec Jogger Cuffed Leg, en su versi\u00f3n para mujer, son unos pantalones de felpa, perfectos para practicar deportes al aire libre.\" \/>\n<meta name=\"robots\" content=\"index, follow, max-snippet:-1, max-image-preview:large, max-video-preview:-1\" \/>\n<link rel=\"canonical\" href=\"https:\/\/www.miomiorun.com\/es\/producto\/rabec-jogger-cuffed-leg-pant-mujer\/\" \/>\n<meta property=\"og:locale\" content=\"es_ES\" \/>\n<meta property=\"og:type\" content=\"article\" \/>\n<meta property=\"og:title\" content=\"Russell Rabec Jogger Cuffed Leg Pant mujer - MioMioRun\" \/>\n<meta property=\"og:description\" content=\"Los pantalones Rabec Jogger Cuffed Leg, en su versi\u00f3n para mujer, son unos pantalones de felpa, perfectos para practicar deportes al aire libre.\" \/>\n<meta property=\"og:url\" content=\"https:\/\/www.miomiorun.com\/es\/producto\/rabec-jogger-cuffed-leg-pant-mujer\/\" \/>\n<meta property=\"og:site_name\" content=\"MioMioRun\" \/>\n<meta property=\"article:publisher\" content=\"https:\/\/www.facebook.com\/miomiorun\/\" \/>\n<meta property=\"article:modified_time\" content=\"2026-05-06T09:52:51+00:00\" \/>\n<meta property=\"og:image\" content=\"https:\/\/www.miomiorun.com\/app\/uploads\/2022\/11\/russell-rabec-jogger-cuffed-leg-pant-E2-405-2.jpg\" \/>\n\t<meta property=\"og:image:width\" content=\"600\" \/>\n\t<meta property=\"og:image:height\" content=\"600\" \/>\n\t<meta property=\"og:image:type\" content=\"image\/jpeg\" \/>\n<meta name=\"twitter:card\" content=\"summary_large_image\" \/>\n<meta name=\"twitter:label1\" content=\"Est. reading time\" \/>\n\t<meta name=\"twitter:data1\" content=\"1 minute\" \/>\n<script type=\"application\/ld+json\" class=\"yoast-schema-graph\">{\"@context\":\"https:\/\/schema.org\",\"@graph\":[{\"@type\":\"WebPage\",\"@id\":\"https:\/\/www.miomiorun.com\/es\/producto\/rabec-jogger-cuffed-leg-pant-mujer\/\",\"url\":\"https:\/\/www.miomiorun.com\/es\/producto\/rabec-jogger-cuffed-leg-pant-mujer\/\",\"name\":\"Russell Rabec Jogger Cuffed Leg Pant mujer - MioMioRun\",\"isPartOf\":{\"@id\":\"https:\/\/www.miomiorun.com\/es\/#website\"},\"primaryImageOfPage\":{\"@id\":\"https:\/\/www.miomiorun.com\/es\/producto\/rabec-jogger-cuffed-leg-pant-mujer\/#primaryimage\"},\"image\":{\"@id\":\"https:\/\/www.miomiorun.com\/es\/producto\/rabec-jogger-cuffed-leg-pant-mujer\/#primaryimage\"},\"thumbnailUrl\":\"https:\/\/www.miomiorun.com\/app\/uploads\/2022\/11\/russell-rabec-jogger-cuffed-leg-pant-E2-405-2.jpg\",\"datePublished\":\"2022-10-28T16:16:18+00:00\",\"dateModified\":\"2026-05-06T09:52:51+00:00\",\"description\":\"Los pantalones Rabec Jogger Cuffed Leg, en su versi\u00f3n para mujer, son unos pantalones de felpa, perfectos para practicar deportes al aire libre.\",\"breadcrumb\":{\"@id\":\"https:\/\/www.miomiorun.com\/es\/producto\/rabec-jogger-cuffed-leg-pant-mujer\/#breadcrumb\"},\"inLanguage\":\"es-ES\",\"potentialAction\":[{\"@type\":\"ReadAction\",\"target\":[\"https:\/\/www.miomiorun.com\/es\/producto\/rabec-jogger-cuffed-leg-pant-mujer\/\"]}]},{\"@type\":\"ImageObject\",\"inLanguage\":\"es-ES\",\"@id\":\"https:\/\/www.miomiorun.com\/es\/producto\/rabec-jogger-cuffed-leg-pant-mujer\/#primaryimage\",\"url\":\"https:\/\/www.miomiorun.com\/app\/uploads\/2022\/11\/russell-rabec-jogger-cuffed-leg-pant-E2-405-2.jpg\",\"contentUrl\":\"https:\/\/www.miomiorun.com\/app\/uploads\/2022\/11\/russell-rabec-jogger-cuffed-leg-pant-E2-405-2.jpg\",\"width\":600,\"height\":600,\"caption\":\"russell-rabec-jogger-cuffed-leg-pant-E2-405-2\"},{\"@type\":\"BreadcrumbList\",\"@id\":\"https:\/\/www.miomiorun.com\/es\/producto\/rabec-jogger-cuffed-leg-pant-mujer\/#breadcrumb\",\"itemListElement\":[{\"@type\":\"ListItem\",\"position\":1,\"name\":\"Home\",\"item\":\"https:\/\/www.miomiorun.com\/es\/\"},{\"@type\":\"ListItem\",\"position\":2,\"name\":\"Shop\",\"item\":\"https:\/\/www.miomiorun.com\/shop\/\"},{\"@type\":\"ListItem\",\"position\":3,\"name\":\"Rabec Jogger Cuffed Leg Pant mujer\"}]},{\"@type\":\"WebSite\",\"@id\":\"https:\/\/www.miomiorun.com\/es\/#website\",\"url\":\"https:\/\/www.miomiorun.com\/es\/\",\"name\":\"MioMioRun\",\"description\":\"Tienda 100% running y trail\",\"publisher\":{\"@id\":\"https:\/\/www.miomiorun.com\/es\/#organization\"},\"potentialAction\":[{\"@type\":\"SearchAction\",\"target\":{\"@type\":\"EntryPoint\",\"urlTemplate\":\"https:\/\/www.miomiorun.com\/es\/?s={search_term_string}\"},\"query-input\":{\"@type\":\"PropertyValueSpecification\",\"valueRequired\":true,\"valueName\":\"search_term_string\"}}],\"inLanguage\":\"es-ES\"},{\"@type\":\"Organization\",\"@id\":\"https:\/\/www.miomiorun.com\/es\/#organization\",\"name\":\"MioMio Run\",\"url\":\"https:\/\/www.miomiorun.com\/es\/\",\"logo\":{\"@type\":\"ImageObject\",\"inLanguage\":\"es-ES\",\"@id\":\"https:\/\/www.miomiorun.com\/es\/#\/schema\/logo\/image\/\",\"url\":\"https:\/\/www.miomiorun.com\/app\/uploads\/2019\/12\/logomio.png\",\"contentUrl\":\"https:\/\/www.miomiorun.com\/app\/uploads\/2019\/12\/logomio.png\",\"width\":115,\"height\":82,\"caption\":\"MioMio Run\"},\"image\":{\"@id\":\"https:\/\/www.miomiorun.com\/es\/#\/schema\/logo\/image\/\"},\"sameAs\":[\"https:\/\/www.facebook.com\/miomiorun\/\",\"https:\/\/www.instagram.com\/miomiorun\/\"]}]}<\/script>\n<!-- \/ Yoast SEO plugin. -->","yoast_head_json":{"title":"Russell Rabec Jogger Cuffed Leg Pant mujer - MioMioRun","description":"Los pantalones Rabec Jogger Cuffed Leg, en su versi\u00f3n para mujer, son unos pantalones de felpa, perfectos para practicar deportes al aire libre.","robots":{"index":"index","follow":"follow","max-snippet":"max-snippet:-1","max-image-preview":"max-image-preview:large","max-video-preview":"max-video-preview:-1"},"canonical":"https:\/\/www.miomiorun.com\/es\/producto\/rabec-jogger-cuffed-leg-pant-mujer\/","og_locale":"es_ES","og_type":"article","og_title":"Russell Rabec Jogger Cuffed Leg Pant mujer - MioMioRun","og_description":"Los pantalones Rabec Jogger Cuffed Leg, en su versi\u00f3n para mujer, son unos pantalones de felpa, perfectos para practicar deportes al aire libre.","og_url":"https:\/\/www.miomiorun.com\/es\/producto\/rabec-jogger-cuffed-leg-pant-mujer\/","og_site_name":"MioMioRun","article_publisher":"https:\/\/www.facebook.com\/miomiorun\/","article_modified_time":"2026-05-06T09:52:51+00:00","og_image":[{"width":600,"height":600,"url":"https:\/\/www.miomiorun.com\/app\/uploads\/2022\/11\/russell-rabec-jogger-cuffed-leg-pant-E2-405-2.jpg","type":"image\/jpeg"}],"twitter_card":"summary_large_image","twitter_misc":{"Est. reading time":"1 minute"},"schema":{"@context":"https:\/\/schema.org","@graph":[{"@type":"WebPage","@id":"https:\/\/www.miomiorun.com\/es\/producto\/rabec-jogger-cuffed-leg-pant-mujer\/","url":"https:\/\/www.miomiorun.com\/es\/producto\/rabec-jogger-cuffed-leg-pant-mujer\/","name":"Russell Rabec Jogger Cuffed Leg Pant mujer - MioMioRun","isPartOf":{"@id":"https:\/\/www.miomiorun.com\/es\/#website"},"primaryImageOfPage":{"@id":"https:\/\/www.miomiorun.com\/es\/producto\/rabec-jogger-cuffed-leg-pant-mujer\/#primaryimage"},"image":{"@id":"https:\/\/www.miomiorun.com\/es\/producto\/rabec-jogger-cuffed-leg-pant-mujer\/#primaryimage"},"thumbnailUrl":"https:\/\/www.miomiorun.com\/app\/uploads\/2022\/11\/russell-rabec-jogger-cuffed-leg-pant-E2-405-2.jpg","datePublished":"2022-10-28T16:16:18+00:00","dateModified":"2026-05-06T09:52:51+00:00","description":"Los pantalones Rabec Jogger Cuffed Leg, en su versi\u00f3n para mujer, son unos pantalones de felpa, perfectos para practicar deportes al aire libre.","breadcrumb":{"@id":"https:\/\/www.miomiorun.com\/es\/producto\/rabec-jogger-cuffed-leg-pant-mujer\/#breadcrumb"},"inLanguage":"es-ES","potentialAction":[{"@type":"ReadAction","target":["https:\/\/www.miomiorun.com\/es\/producto\/rabec-jogger-cuffed-leg-pant-mujer\/"]}]},{"@type":"ImageObject","inLanguage":"es-ES","@id":"https:\/\/www.miomiorun.com\/es\/producto\/rabec-jogger-cuffed-leg-pant-mujer\/#primaryimage","url":"https:\/\/www.miomiorun.com\/app\/uploads\/2022\/11\/russell-rabec-jogger-cuffed-leg-pant-E2-405-2.jpg","contentUrl":"https:\/\/www.miomiorun.com\/app\/uploads\/2022\/11\/russell-rabec-jogger-cuffed-leg-pant-E2-405-2.jpg","width":600,"height":600,"caption":"russell-rabec-jogger-cuffed-leg-pant-E2-405-2"},{"@type":"BreadcrumbList","@id":"https:\/\/www.miomiorun.com\/es\/producto\/rabec-jogger-cuffed-leg-pant-mujer\/#breadcrumb","itemListElement":[{"@type":"ListItem","position":1,"name":"Home","item":"https:\/\/www.miomiorun.com\/es\/"},{"@type":"ListItem","position":2,"name":"Shop","item":"https:\/\/www.miomiorun.com\/shop\/"},{"@type":"ListItem","position":3,"name":"Rabec Jogger Cuffed Leg Pant mujer"}]},{"@type":"WebSite","@id":"https:\/\/www.miomiorun.com\/es\/#website","url":"https:\/\/www.miomiorun.com\/es\/","name":"MioMioRun","description":"Tienda 100% running y trail","publisher":{"@id":"https:\/\/www.miomiorun.com\/es\/#organization"},"potentialAction":[{"@type":"SearchAction","target":{"@type":"EntryPoint","urlTemplate":"https:\/\/www.miomiorun.com\/es\/?s={search_term_string}"},"query-input":{"@type":"PropertyValueSpecification","valueRequired":true,"valueName":"search_term_string"}}],"inLanguage":"es-ES"},{"@type":"Organization","@id":"https:\/\/www.miomiorun.com\/es\/#organization","name":"MioMio Run","url":"https:\/\/www.miomiorun.com\/es\/","logo":{"@type":"ImageObject","inLanguage":"es-ES","@id":"https:\/\/www.miomiorun.com\/es\/#\/schema\/logo\/image\/","url":"https:\/\/www.miomiorun.com\/app\/uploads\/2019\/12\/logomio.png","contentUrl":"https:\/\/www.miomiorun.com\/app\/uploads\/2019\/12\/logomio.png","width":115,"height":82,"caption":"MioMio Run"},"image":{"@id":"https:\/\/www.miomiorun.com\/es\/#\/schema\/logo\/image\/"},"sameAs":["https:\/\/www.facebook.com\/miomiorun\/","https:\/\/www.instagram.com\/miomiorun\/"]}]}},"_links":{"self":[{"href":"https:\/\/www.miomiorun.com\/es\/wp-json\/wp\/v2\/product\/283839","targetHints":{"allow":["GET"]}}],"collection":[{"href":"https:\/\/www.miomiorun.com\/es\/wp-json\/wp\/v2\/product"}],"about":[{"href":"https:\/\/www.miomiorun.com\/es\/wp-json\/wp\/v2\/types\/product"}],"wp:featuredmedia":[{"embeddable":true,"href":"https:\/\/www.miomiorun.com\/es\/wp-json\/wp\/v2\/media\/238549"}],"wp:attachment":[{"href":"https:\/\/www.miomiorun.com\/es\/wp-json\/wp\/v2\/media?parent=283839"}],"wp:term":[{"taxonomy":"product_brand","embeddable":true,"href":"https:\/\/www.miomiorun.com\/es\/wp-json\/wp\/v2\/product_brand?post=283839"},{"taxonomy":"product_cat","embeddable":true,"href":"https:\/\/www.miomiorun.com\/es\/wp-json\/wp\/v2\/product_cat?post=283839"},{"taxonomy":"product_tag","embeddable":true,"href":"https:\/\/www.miomiorun.com\/es\/wp-json\/wp\/v2\/product_tag?post=283839"}],"curies":[{"name":"wp","href":"https:\/\/api.w.org\/{rel}","templated":true}]}}