{"id":283792,"date":"2022-06-17T17:20:26","date_gmt":"2022-06-17T15:20:26","guid":{"rendered":"https:\/\/miomiorun.com\/prodotto\/openrun\/"},"modified":"2026-05-06T09:42:10","modified_gmt":"2026-05-06T07:42:10","slug":"openrun","status":"publish","type":"product","link":"https:\/\/www.miomiorun.com\/es\/producto\/openrun\/","title":{"rendered":"OpenRun"},"content":{"rendered":"<div class=\"vc-row container\"><div class=\"vc-column\"><div class=\"vc-column-text\"><\/p>\n<p data-more=\"true\">Nuestros auriculares deportivos inal\u00e1mbricos m\u00e1s vendidos, anteriormente conocidos como Aeropex, ahora cuentan con un nuevo dise\u00f1o, una funci\u00f3n de carga r\u00e1pida y un nuevo nombre. <strong>OpenRun<\/strong> son nuestros auriculares m\u00e1s ligeros hasta la fecha y est\u00e1n dise\u00f1ados con un sonido excepcional, una bater\u00eda de larga duraci\u00f3n y <strong>Quick Charge<\/strong> para mantenerte informado y motivado mientras entrenas en cualquier sesi\u00f3n.<\/p>\n<h3>TECNOLOG\u00cdA DE CONDUCCI\u00d3N \u00d3SEA<\/h3>\n<p>Con m\u00e1s de 500 patentes, Shokz puede definirse sin duda como pionera en la innovaci\u00f3n de los auriculares deportivos. Galardonados con importantes premios internacionales, como el Red Dot Design Award 2018, los auriculares de conducci\u00f3n \u00f3sea de Shokz son el complemento perfecto para quienes desean entrenar con seguridad, pero tambi\u00e9n son ideales para usar en casa o en la oficina, ya que permiten escuchar los sonidos del entorno y, al mismo tiempo, concentrarse al ritmo de la m\u00fasica gracias a su dise\u00f1o \u00abopen-ear\u00bb.<\/p>\n<p>O\u00edmos a trav\u00e9s de la conducci\u00f3n \u00f3sea mientras comemos, bebemos e incluso mientras hablamos: por eso nuestra voz suena diferente a cuando la escuchamos en una grabaci\u00f3n o en un v\u00eddeo. Tendemos a percibir nuestra voz m\u00e1s grave e intensa porque el cr\u00e1neo transmite las frecuencias bajas mejor que el aire.<br \/>\nShokz aprovecha la conducci\u00f3n \u00f3sea natural integrando en sus auriculares inal\u00e1mbricos transductores electromec\u00e1nicos, que convierten los sonidos en vibraciones que se transmiten directamente al o\u00eddo interno a trav\u00e9s de los huesos del cr\u00e1neo, evitando as\u00ed el t\u00edmpano.<\/p>\n<h2>CARACTER\u00cdSTICAS<\/h2>\n<h2 class=\"title fadein-0 fadein-01-mb\"><strong class=\"b600\">Comodidad con el o\u00eddo al aire<\/strong>:<\/h2>\n<p>Nuestro dise\u00f1o de o\u00eddo abierto, basado en la tecnolog\u00eda de conducci\u00f3n \u00f3sea, permite estar plenamente atento al entorno y disfrutar de una escucha c\u00f3moda sin necesidad de auriculares.<\/p>\n<h2><strong class=\"b600\">Resistente al agua:<br \/>\n<\/strong><\/h2>\n<p>Su grado de protecci\u00f3n <strong>IP67<\/strong> los hace totalmente resistentes al agua y al sudor, por lo que son aptos para entrenamientos intensos y condiciones meteorol\u00f3gicas extremas. Una alerta de detecci\u00f3n de humedad garantiza una recarga segura<strong>. No aptos para nadar.<\/strong><\/p>\n<h2>Calidad de sonido excepcional:<\/h2>\n<p>Gracias a la tecnolog\u00eda patentada de conducci\u00f3n \u00f3sea de octava generaci\u00f3n, Bluetooth 5.1 y PremiumPitch\u2122 2.0+, OpenRun ofrece un sonido n\u00edtido, un volumen potente y unos graves intensos.<\/p>\n<h2>Ligero y c\u00f3modo:<\/h2>\n<p>Te presentamos a tu nuevo compa\u00f1ero de entrenamiento favorito. Dise\u00f1ados para deportistas, nuestros auriculares inal\u00e1mbricos se mantienen en su sitio durante todo el d\u00eda, lo que te ayuda a mantener la motivaci\u00f3n y a estar atento a lo que te rodea.<\/p>\n<h2>Autonom\u00eda de la bater\u00eda de 8 horas.<br \/>\nCarga r\u00e1pida:<\/h2>\n<p>Con 8 horas de autonom\u00eda y controles sencillos como reproducir, saltar, pausar y retroceder, podr\u00e1s disfrutar de m\u00fasica, llamadas, audiolibros y podcasts durante todo el d\u00eda.<\/p>\n<p>OpenRun tambi\u00e9n ofrece una recarga r\u00e1pida de 10 minutos que proporciona hasta 1,5 horas de autonom\u00eda.<\/p>\n<h3>\u00bfQu\u00e9 hay en la caja?<\/h3>\n<ul>\n<li>Auriculares OpenRun.<\/li>\n<li>Bolsa de transporte.<\/li>\n<li>Cable de carga magn\u00e9tico.<\/li>\n<\/ul>\n<h2 style=\"text-align: center\">Preguntas frecuentes<\/h2>\n<h3 style=\"text-align: center\">\u00bfCU\u00c1L ES LA DIFERENCIA ENTRE AEROPEX Y OPENRUN?<\/h3>\n<p style=\"text-align: center\">OpenRun, nuestros auriculares deportivos anteriormente conocidos como Aeropex, ahora cuentan con un nuevo embalaje, una funci\u00f3n de carga r\u00e1pida y un nuevo nombre. Las dos diferencias principales entre Aeropex y OpenRun son que OpenRun cuenta con Bluetooth 5.1, mientras que Aeropex tiene Bluetooth 5.0, y que OpenRun se ha actualizado con una funci\u00f3n de carga r\u00e1pida de la que Aeropex no dispon\u00eda.<\/p>\n<h3 style=\"text-align: center\">\u00bfPUEDEN O\u00cdR TU M\u00daSICA LOS DEM\u00c1S?<\/h3>\n<p style=\"text-align: center\">No, OpenRun transmite vibraciones al o\u00eddo interno mediante la tecnolog\u00eda de conducci\u00f3n \u00f3sea. Aunque es una alternativa a la tecnolog\u00eda tradicional de conducci\u00f3n a\u00e9rea, ya que deja los t\u00edmpanos abiertos al entorno, sigue ofreciendo una experiencia auditiva privada.<\/p>\n<h3 style=\"text-align: center\">\u00bfEs impermeable el OPENRUN?<\/h3>\n<p style=\"text-align: center\">S\u00ed, OpenRun tiene un grado de resistencia al agua IP67; sin embargo, no se recomienda su uso para la nataci\u00f3n subacu\u00e1tica.<\/p>\n<p><\/div><\/div><\/div>\n","protected":false},"excerpt":{"rendered":"<ul>\n<li class=\"title fadein-0 fadein-01-mb\">Comodidad con los o\u00eddos al aire.<\/li>\n<li>Impermeable.<\/li>\n<li>Una calidad de sonido excepcional.<\/li>\n<li>Ligero y con un ajuste seguro.<\/li>\n<li>TECNOLOG\u00cdA DE CONDUCCI\u00d3N \u00d3SEA.<\/li>\n<\/ul>\n","protected":false},"featured_media":237086,"template":"","meta":{"_acf_changed":false,"inline_featured_image":false},"product_brand":[],"product_cat":[24205,24207],"product_tag":[23543],"class_list":{"0":"post-283792","1":"product","2":"type-product","3":"status-publish","4":"has-post-thumbnail","6":"product_cat-accesorios","7":"product_cat-auriculares","8":"product_tag-shokz-es","9":"pa_attivita-caminar","10":"pa_attivita-fitness-es","11":"pa_attivita-lifestyle-es","12":"pa_attivita-outdoor-es","13":"pa_attivita-running-es","14":"pa_attivita-trail-es","15":"pa_colore-openrun-black-es","16":"pa_colore-openrun-blue-es","17":"pa_colore-openrun-grey-es","18":"pa_colore-openrun-red-es","19":"pa_marca-shokz-es","20":"pa_sesso-hombre","21":"pa_sesso-mujer","23":"first","24":"instock","25":"sale","26":"taxable","27":"shipping-taxable","28":"purchasable","29":"product-type-variable","30":"wvs-archive-product-wrapper"},"acf":[],"yoast_head":"<!-- This site is optimized with the Yoast SEO plugin v26.8 - https:\/\/yoast.com\/product\/yoast-seo-wordpress\/ -->\n<title>Shokz OpenRun - auriculares para correr - MioMioRun<\/title>\n<meta name=\"description\" content=\"Los OpenRun son nuestros auriculares m\u00e1s ligeros hasta la fecha y est\u00e1n dise\u00f1ados para ofrecer un sonido excepcional y una bater\u00eda de larga duraci\u00f3n.\" \/>\n<meta name=\"robots\" content=\"index, follow, max-snippet:-1, max-image-preview:large, max-video-preview:-1\" \/>\n<link rel=\"canonical\" href=\"https:\/\/www.miomiorun.com\/es\/producto\/openrun\/\" \/>\n<meta property=\"og:locale\" content=\"es_ES\" \/>\n<meta property=\"og:type\" content=\"article\" \/>\n<meta property=\"og:title\" content=\"Shokz OpenRun - auriculares para correr - MioMioRun\" \/>\n<meta property=\"og:description\" content=\"Los OpenRun son nuestros auriculares m\u00e1s ligeros hasta la fecha y est\u00e1n dise\u00f1ados para ofrecer un sonido excepcional y una bater\u00eda de larga duraci\u00f3n.\" \/>\n<meta property=\"og:url\" content=\"https:\/\/www.miomiorun.com\/es\/producto\/openrun\/\" \/>\n<meta property=\"og:site_name\" content=\"MioMioRun\" \/>\n<meta property=\"article:publisher\" content=\"https:\/\/www.facebook.com\/miomiorun\/\" \/>\n<meta property=\"article:modified_time\" content=\"2026-05-06T07:42:10+00:00\" \/>\n<meta property=\"og:image\" content=\"https:\/\/www.miomiorun.com\/app\/uploads\/2022\/06\/shokz-Openrun-black-S803BK.jpg\" \/>\n\t<meta property=\"og:image:width\" content=\"600\" \/>\n\t<meta property=\"og:image:height\" content=\"600\" \/>\n\t<meta property=\"og:image:type\" content=\"image\/jpeg\" \/>\n<meta name=\"twitter:card\" content=\"summary_large_image\" \/>\n<meta name=\"twitter:label1\" content=\"Est. reading time\" \/>\n\t<meta name=\"twitter:data1\" content=\"3 minutes\" \/>\n<script type=\"application\/ld+json\" class=\"yoast-schema-graph\">{\"@context\":\"https:\/\/schema.org\",\"@graph\":[{\"@type\":\"WebPage\",\"@id\":\"https:\/\/www.miomiorun.com\/es\/producto\/openrun\/\",\"url\":\"https:\/\/www.miomiorun.com\/es\/producto\/openrun\/\",\"name\":\"Shokz OpenRun - auriculares para correr - MioMioRun\",\"isPartOf\":{\"@id\":\"https:\/\/www.miomiorun.com\/es\/#website\"},\"primaryImageOfPage\":{\"@id\":\"https:\/\/www.miomiorun.com\/es\/producto\/openrun\/#primaryimage\"},\"image\":{\"@id\":\"https:\/\/www.miomiorun.com\/es\/producto\/openrun\/#primaryimage\"},\"thumbnailUrl\":\"https:\/\/www.miomiorun.com\/app\/uploads\/2022\/06\/shokz-Openrun-black-S803BK.jpg\",\"datePublished\":\"2022-06-17T15:20:26+00:00\",\"dateModified\":\"2026-05-06T07:42:10+00:00\",\"description\":\"Los OpenRun son nuestros auriculares m\u00e1s ligeros hasta la fecha y est\u00e1n dise\u00f1ados para ofrecer un sonido excepcional y una bater\u00eda de larga duraci\u00f3n.\",\"breadcrumb\":{\"@id\":\"https:\/\/www.miomiorun.com\/es\/producto\/openrun\/#breadcrumb\"},\"inLanguage\":\"es-ES\",\"potentialAction\":[{\"@type\":\"ReadAction\",\"target\":[\"https:\/\/www.miomiorun.com\/es\/producto\/openrun\/\"]}]},{\"@type\":\"ImageObject\",\"inLanguage\":\"es-ES\",\"@id\":\"https:\/\/www.miomiorun.com\/es\/producto\/openrun\/#primaryimage\",\"url\":\"https:\/\/www.miomiorun.com\/app\/uploads\/2022\/06\/shokz-Openrun-black-S803BK.jpg\",\"contentUrl\":\"https:\/\/www.miomiorun.com\/app\/uploads\/2022\/06\/shokz-Openrun-black-S803BK.jpg\",\"width\":600,\"height\":600,\"caption\":\"shokz-Openrun-black-S803BK\"},{\"@type\":\"BreadcrumbList\",\"@id\":\"https:\/\/www.miomiorun.com\/es\/producto\/openrun\/#breadcrumb\",\"itemListElement\":[{\"@type\":\"ListItem\",\"position\":1,\"name\":\"Home\",\"item\":\"https:\/\/www.miomiorun.com\/es\/\"},{\"@type\":\"ListItem\",\"position\":2,\"name\":\"Shop\",\"item\":\"https:\/\/www.miomiorun.com\/shop\/\"},{\"@type\":\"ListItem\",\"position\":3,\"name\":\"OpenRun\"}]},{\"@type\":\"WebSite\",\"@id\":\"https:\/\/www.miomiorun.com\/es\/#website\",\"url\":\"https:\/\/www.miomiorun.com\/es\/\",\"name\":\"MioMioRun\",\"description\":\"Tienda 100% running y trail\",\"publisher\":{\"@id\":\"https:\/\/www.miomiorun.com\/es\/#organization\"},\"potentialAction\":[{\"@type\":\"SearchAction\",\"target\":{\"@type\":\"EntryPoint\",\"urlTemplate\":\"https:\/\/www.miomiorun.com\/es\/?s={search_term_string}\"},\"query-input\":{\"@type\":\"PropertyValueSpecification\",\"valueRequired\":true,\"valueName\":\"search_term_string\"}}],\"inLanguage\":\"es-ES\"},{\"@type\":\"Organization\",\"@id\":\"https:\/\/www.miomiorun.com\/es\/#organization\",\"name\":\"MioMio Run\",\"url\":\"https:\/\/www.miomiorun.com\/es\/\",\"logo\":{\"@type\":\"ImageObject\",\"inLanguage\":\"es-ES\",\"@id\":\"https:\/\/www.miomiorun.com\/es\/#\/schema\/logo\/image\/\",\"url\":\"https:\/\/www.miomiorun.com\/app\/uploads\/2019\/12\/logomio.png\",\"contentUrl\":\"https:\/\/www.miomiorun.com\/app\/uploads\/2019\/12\/logomio.png\",\"width\":115,\"height\":82,\"caption\":\"MioMio Run\"},\"image\":{\"@id\":\"https:\/\/www.miomiorun.com\/es\/#\/schema\/logo\/image\/\"},\"sameAs\":[\"https:\/\/www.facebook.com\/miomiorun\/\",\"https:\/\/www.instagram.com\/miomiorun\/\"]}]}<\/script>\n<!-- \/ Yoast SEO plugin. -->","yoast_head_json":{"title":"Shokz OpenRun - auriculares para correr - MioMioRun","description":"Los OpenRun son nuestros auriculares m\u00e1s ligeros hasta la fecha y est\u00e1n dise\u00f1ados para ofrecer un sonido excepcional y una bater\u00eda de larga duraci\u00f3n.","robots":{"index":"index","follow":"follow","max-snippet":"max-snippet:-1","max-image-preview":"max-image-preview:large","max-video-preview":"max-video-preview:-1"},"canonical":"https:\/\/www.miomiorun.com\/es\/producto\/openrun\/","og_locale":"es_ES","og_type":"article","og_title":"Shokz OpenRun - auriculares para correr - MioMioRun","og_description":"Los OpenRun son nuestros auriculares m\u00e1s ligeros hasta la fecha y est\u00e1n dise\u00f1ados para ofrecer un sonido excepcional y una bater\u00eda de larga duraci\u00f3n.","og_url":"https:\/\/www.miomiorun.com\/es\/producto\/openrun\/","og_site_name":"MioMioRun","article_publisher":"https:\/\/www.facebook.com\/miomiorun\/","article_modified_time":"2026-05-06T07:42:10+00:00","og_image":[{"width":600,"height":600,"url":"https:\/\/www.miomiorun.com\/app\/uploads\/2022\/06\/shokz-Openrun-black-S803BK.jpg","type":"image\/jpeg"}],"twitter_card":"summary_large_image","twitter_misc":{"Est. reading time":"3 minutes"},"schema":{"@context":"https:\/\/schema.org","@graph":[{"@type":"WebPage","@id":"https:\/\/www.miomiorun.com\/es\/producto\/openrun\/","url":"https:\/\/www.miomiorun.com\/es\/producto\/openrun\/","name":"Shokz OpenRun - auriculares para correr - MioMioRun","isPartOf":{"@id":"https:\/\/www.miomiorun.com\/es\/#website"},"primaryImageOfPage":{"@id":"https:\/\/www.miomiorun.com\/es\/producto\/openrun\/#primaryimage"},"image":{"@id":"https:\/\/www.miomiorun.com\/es\/producto\/openrun\/#primaryimage"},"thumbnailUrl":"https:\/\/www.miomiorun.com\/app\/uploads\/2022\/06\/shokz-Openrun-black-S803BK.jpg","datePublished":"2022-06-17T15:20:26+00:00","dateModified":"2026-05-06T07:42:10+00:00","description":"Los OpenRun son nuestros auriculares m\u00e1s ligeros hasta la fecha y est\u00e1n dise\u00f1ados para ofrecer un sonido excepcional y una bater\u00eda de larga duraci\u00f3n.","breadcrumb":{"@id":"https:\/\/www.miomiorun.com\/es\/producto\/openrun\/#breadcrumb"},"inLanguage":"es-ES","potentialAction":[{"@type":"ReadAction","target":["https:\/\/www.miomiorun.com\/es\/producto\/openrun\/"]}]},{"@type":"ImageObject","inLanguage":"es-ES","@id":"https:\/\/www.miomiorun.com\/es\/producto\/openrun\/#primaryimage","url":"https:\/\/www.miomiorun.com\/app\/uploads\/2022\/06\/shokz-Openrun-black-S803BK.jpg","contentUrl":"https:\/\/www.miomiorun.com\/app\/uploads\/2022\/06\/shokz-Openrun-black-S803BK.jpg","width":600,"height":600,"caption":"shokz-Openrun-black-S803BK"},{"@type":"BreadcrumbList","@id":"https:\/\/www.miomiorun.com\/es\/producto\/openrun\/#breadcrumb","itemListElement":[{"@type":"ListItem","position":1,"name":"Home","item":"https:\/\/www.miomiorun.com\/es\/"},{"@type":"ListItem","position":2,"name":"Shop","item":"https:\/\/www.miomiorun.com\/shop\/"},{"@type":"ListItem","position":3,"name":"OpenRun"}]},{"@type":"WebSite","@id":"https:\/\/www.miomiorun.com\/es\/#website","url":"https:\/\/www.miomiorun.com\/es\/","name":"MioMioRun","description":"Tienda 100% running y trail","publisher":{"@id":"https:\/\/www.miomiorun.com\/es\/#organization"},"potentialAction":[{"@type":"SearchAction","target":{"@type":"EntryPoint","urlTemplate":"https:\/\/www.miomiorun.com\/es\/?s={search_term_string}"},"query-input":{"@type":"PropertyValueSpecification","valueRequired":true,"valueName":"search_term_string"}}],"inLanguage":"es-ES"},{"@type":"Organization","@id":"https:\/\/www.miomiorun.com\/es\/#organization","name":"MioMio Run","url":"https:\/\/www.miomiorun.com\/es\/","logo":{"@type":"ImageObject","inLanguage":"es-ES","@id":"https:\/\/www.miomiorun.com\/es\/#\/schema\/logo\/image\/","url":"https:\/\/www.miomiorun.com\/app\/uploads\/2019\/12\/logomio.png","contentUrl":"https:\/\/www.miomiorun.com\/app\/uploads\/2019\/12\/logomio.png","width":115,"height":82,"caption":"MioMio Run"},"image":{"@id":"https:\/\/www.miomiorun.com\/es\/#\/schema\/logo\/image\/"},"sameAs":["https:\/\/www.facebook.com\/miomiorun\/","https:\/\/www.instagram.com\/miomiorun\/"]}]}},"_links":{"self":[{"href":"https:\/\/www.miomiorun.com\/es\/wp-json\/wp\/v2\/product\/283792","targetHints":{"allow":["GET"]}}],"collection":[{"href":"https:\/\/www.miomiorun.com\/es\/wp-json\/wp\/v2\/product"}],"about":[{"href":"https:\/\/www.miomiorun.com\/es\/wp-json\/wp\/v2\/types\/product"}],"wp:featuredmedia":[{"embeddable":true,"href":"https:\/\/www.miomiorun.com\/es\/wp-json\/wp\/v2\/media\/237086"}],"wp:attachment":[{"href":"https:\/\/www.miomiorun.com\/es\/wp-json\/wp\/v2\/media?parent=283792"}],"wp:term":[{"taxonomy":"product_brand","embeddable":true,"href":"https:\/\/www.miomiorun.com\/es\/wp-json\/wp\/v2\/product_brand?post=283792"},{"taxonomy":"product_cat","embeddable":true,"href":"https:\/\/www.miomiorun.com\/es\/wp-json\/wp\/v2\/product_cat?post=283792"},{"taxonomy":"product_tag","embeddable":true,"href":"https:\/\/www.miomiorun.com\/es\/wp-json\/wp\/v2\/product_tag?post=283792"}],"curies":[{"name":"wp","href":"https:\/\/api.w.org\/{rel}","templated":true}]}}