{"id":283788,"date":"2022-06-11T15:35:12","date_gmt":"2022-06-11T13:35:12","guid":{"rendered":"https:\/\/miomiorun.com\/prodotto\/craft-pro-charge-tee-donna\/"},"modified":"2026-05-06T09:40:54","modified_gmt":"2026-05-06T07:40:54","slug":"craft-pro-charge-tee-mujer","status":"publish","type":"product","link":"https:\/\/www.miomiorun.com\/es\/producto\/craft-pro-charge-tee-mujer\/","title":{"rendered":"Pro Charge Tee mujer"},"content":{"rendered":"<p>La PRO Charge Tee es una camiseta de entrenamiento de nivel profesional dise\u00f1ada para sesiones de entrenamiento m\u00faltiples de alta intensidad. La camiseta est\u00e1 confeccionada con un suave tejido de jersey reciclado que ofrece una eficaz evacuaci\u00f3n de la humedad y cuenta con perforaciones cortadas con l\u00e1ser para una mayor ventilaci\u00f3n.<\/p>\n<p>Concepto de entrenamiento m\u00faltiple<br \/>\nCharge es un concepto de entrenamiento m\u00faltiple que combina el entrenamiento de alta intensidad con la moda urbana para marcar un estilo atrevido en el gimnasio, en el entorno urbano y en cualquier otro lugar.<\/p>\n<p>&nbsp;<\/p>\n<p>&nbsp;<\/p>\n<h2>Caracter\u00edsticas del producto<\/h2>\n<p>&#8211; Tejido jersey altamente funcional de poli\u00e9ster reciclado<br \/>\n&#8211; Aberturas cortadas con l\u00e1ser para una mayor ventilaci\u00f3n<br \/>\n&#8211; Dobladillo pegado en las mangas y en el bajo<br \/>\n&#8211; Corte recto<\/p>\n<h4><\/h4>\n<h4>Tejido<\/h4>\n<p>55 % poliamida reciclada, 27 % poli\u00e9ster, 18 % elastano<\/p>\n<h4>Ligero<\/h4>\n<p>Material ultraligero que da la sensaci\u00f3n de desafiar la gravedad.<\/p>\n<h4>Transporte de humedad<\/h4>\n<p>Transpira la humedad de la piel hacia el exterior de la prenda y te mantiene fresco y seco durante los entrenamientos intensos.<\/p>\n<h4>Secado r\u00e1pido<\/h4>\n<p>Tejido de secado r\u00e1pido que aleja la humedad de la piel y te mantiene fresco durante los entrenamientos intensos.<\/p>\n","protected":false},"excerpt":{"rendered":"<p>La PRO Charge Tee es una camiseta de entrenamiento de nivel profesional dise\u00f1ada para sesiones de entrenamiento m\u00faltiples de alta intensidad. La camiseta est\u00e1 confeccionada con un suave tejido de jersey reciclado que ofrece una eficaz evacuaci\u00f3n de la humedad y cuenta con perforaciones cortadas con l\u00e1ser para una mayor ventilaci\u00f3n. Concepto de entrenamiento m\u00faltiple &hellip; <a href=\"https:\/\/www.miomiorun.com\/es\/producto\/craft-pro-charge-tee-mujer\/\">Continued<\/a><\/p>\n","protected":false},"featured_media":237022,"template":"","meta":{"_acf_changed":false,"inline_featured_image":false},"product_brand":[],"product_cat":[24226,24401,24402],"product_tag":[23553,23659],"class_list":{"0":"post-283788","1":"product","2":"type-product","3":"status-publish","4":"has-post-thumbnail","6":"product_cat-camiseta","7":"product_cat-ropa-de-mujer","8":"product_cat-mujer","9":"product_tag-craft-es","10":"product_tag-craft-mujer","11":"pa_attivita-caminar","12":"pa_attivita-fitness-es","13":"pa_attivita-running-es","14":"pa_colore-pro-charge-tee-w-black-es","15":"pa_marca-craft-es","16":"pa_sesso-mujer","17":"pa_size-small-es","18":"pa_size-medium-es","20":"first","21":"instock","22":"sale","23":"taxable","24":"shipping-taxable","25":"purchasable","26":"product-type-variable","27":"wvs-archive-product-wrapper"},"acf":[],"yoast_head":"<!-- This site is optimized with the Yoast SEO plugin v26.8 - https:\/\/yoast.com\/product\/yoast-seo-wordpress\/ -->\n<title>Craft Pro Charge Tee mujer - Camiseta para correr - MioMioRun<\/title>\n<meta name=\"description\" content=\"La PRO Charge Tee es una camiseta de entrenamiento de nivel profesional dise\u00f1ada para sesiones de entrenamiento m\u00faltiples de alta intensidad\" \/>\n<meta name=\"robots\" content=\"index, follow, max-snippet:-1, max-image-preview:large, max-video-preview:-1\" \/>\n<link rel=\"canonical\" href=\"https:\/\/www.miomiorun.com\/es\/producto\/craft-pro-charge-tee-mujer\/\" \/>\n<meta property=\"og:locale\" content=\"es_ES\" \/>\n<meta property=\"og:type\" content=\"article\" \/>\n<meta property=\"og:title\" content=\"Craft Pro Charge Tee mujer - Camiseta para correr - MioMioRun\" \/>\n<meta property=\"og:description\" content=\"La PRO Charge Tee es una camiseta de entrenamiento de nivel profesional dise\u00f1ada para sesiones de entrenamiento m\u00faltiples de alta intensidad\" \/>\n<meta property=\"og:url\" content=\"https:\/\/www.miomiorun.com\/es\/producto\/craft-pro-charge-tee-mujer\/\" \/>\n<meta property=\"og:site_name\" content=\"MioMioRun\" \/>\n<meta property=\"article:publisher\" content=\"https:\/\/www.facebook.com\/miomiorun\/\" \/>\n<meta property=\"article:modified_time\" content=\"2026-05-06T07:40:54+00:00\" \/>\n<meta property=\"og:image\" content=\"https:\/\/www.miomiorun.com\/app\/uploads\/2022\/06\/craft-pro-charge-tee-W-black-1911915-999000.jpg\" \/>\n\t<meta property=\"og:image:width\" content=\"600\" \/>\n\t<meta property=\"og:image:height\" content=\"600\" \/>\n\t<meta property=\"og:image:type\" content=\"image\/jpeg\" \/>\n<meta name=\"twitter:card\" content=\"summary_large_image\" \/>\n<meta name=\"twitter:label1\" content=\"Est. reading time\" \/>\n\t<meta name=\"twitter:data1\" content=\"1 minute\" \/>\n<script type=\"application\/ld+json\" class=\"yoast-schema-graph\">{\"@context\":\"https:\/\/schema.org\",\"@graph\":[{\"@type\":\"WebPage\",\"@id\":\"https:\/\/www.miomiorun.com\/es\/producto\/craft-pro-charge-tee-mujer\/\",\"url\":\"https:\/\/www.miomiorun.com\/es\/producto\/craft-pro-charge-tee-mujer\/\",\"name\":\"Craft Pro Charge Tee mujer - Camiseta para correr - MioMioRun\",\"isPartOf\":{\"@id\":\"https:\/\/www.miomiorun.com\/es\/#website\"},\"primaryImageOfPage\":{\"@id\":\"https:\/\/www.miomiorun.com\/es\/producto\/craft-pro-charge-tee-mujer\/#primaryimage\"},\"image\":{\"@id\":\"https:\/\/www.miomiorun.com\/es\/producto\/craft-pro-charge-tee-mujer\/#primaryimage\"},\"thumbnailUrl\":\"https:\/\/www.miomiorun.com\/app\/uploads\/2022\/06\/craft-pro-charge-tee-W-black-1911915-999000.jpg\",\"datePublished\":\"2022-06-11T13:35:12+00:00\",\"dateModified\":\"2026-05-06T07:40:54+00:00\",\"description\":\"La PRO Charge Tee es una camiseta de entrenamiento de nivel profesional dise\u00f1ada para sesiones de entrenamiento m\u00faltiples de alta intensidad\",\"breadcrumb\":{\"@id\":\"https:\/\/www.miomiorun.com\/es\/producto\/craft-pro-charge-tee-mujer\/#breadcrumb\"},\"inLanguage\":\"es-ES\",\"potentialAction\":[{\"@type\":\"ReadAction\",\"target\":[\"https:\/\/www.miomiorun.com\/es\/producto\/craft-pro-charge-tee-mujer\/\"]}]},{\"@type\":\"ImageObject\",\"inLanguage\":\"es-ES\",\"@id\":\"https:\/\/www.miomiorun.com\/es\/producto\/craft-pro-charge-tee-mujer\/#primaryimage\",\"url\":\"https:\/\/www.miomiorun.com\/app\/uploads\/2022\/06\/craft-pro-charge-tee-W-black-1911915-999000.jpg\",\"contentUrl\":\"https:\/\/www.miomiorun.com\/app\/uploads\/2022\/06\/craft-pro-charge-tee-W-black-1911915-999000.jpg\",\"width\":600,\"height\":600,\"caption\":\"craft-pro-charge-tee-W-black-1911915-999000\"},{\"@type\":\"BreadcrumbList\",\"@id\":\"https:\/\/www.miomiorun.com\/es\/producto\/craft-pro-charge-tee-mujer\/#breadcrumb\",\"itemListElement\":[{\"@type\":\"ListItem\",\"position\":1,\"name\":\"Home\",\"item\":\"https:\/\/www.miomiorun.com\/es\/\"},{\"@type\":\"ListItem\",\"position\":2,\"name\":\"Shop\",\"item\":\"https:\/\/www.miomiorun.com\/shop\/\"},{\"@type\":\"ListItem\",\"position\":3,\"name\":\"Pro Charge Tee mujer\"}]},{\"@type\":\"WebSite\",\"@id\":\"https:\/\/www.miomiorun.com\/es\/#website\",\"url\":\"https:\/\/www.miomiorun.com\/es\/\",\"name\":\"MioMioRun\",\"description\":\"Tienda 100% running y trail\",\"publisher\":{\"@id\":\"https:\/\/www.miomiorun.com\/es\/#organization\"},\"potentialAction\":[{\"@type\":\"SearchAction\",\"target\":{\"@type\":\"EntryPoint\",\"urlTemplate\":\"https:\/\/www.miomiorun.com\/es\/?s={search_term_string}\"},\"query-input\":{\"@type\":\"PropertyValueSpecification\",\"valueRequired\":true,\"valueName\":\"search_term_string\"}}],\"inLanguage\":\"es-ES\"},{\"@type\":\"Organization\",\"@id\":\"https:\/\/www.miomiorun.com\/es\/#organization\",\"name\":\"MioMio Run\",\"url\":\"https:\/\/www.miomiorun.com\/es\/\",\"logo\":{\"@type\":\"ImageObject\",\"inLanguage\":\"es-ES\",\"@id\":\"https:\/\/www.miomiorun.com\/es\/#\/schema\/logo\/image\/\",\"url\":\"https:\/\/www.miomiorun.com\/app\/uploads\/2019\/12\/logomio.png\",\"contentUrl\":\"https:\/\/www.miomiorun.com\/app\/uploads\/2019\/12\/logomio.png\",\"width\":115,\"height\":82,\"caption\":\"MioMio Run\"},\"image\":{\"@id\":\"https:\/\/www.miomiorun.com\/es\/#\/schema\/logo\/image\/\"},\"sameAs\":[\"https:\/\/www.facebook.com\/miomiorun\/\",\"https:\/\/www.instagram.com\/miomiorun\/\"]}]}<\/script>\n<!-- \/ Yoast SEO plugin. -->","yoast_head_json":{"title":"Craft Pro Charge Tee mujer - Camiseta para correr - MioMioRun","description":"La PRO Charge Tee es una camiseta de entrenamiento de nivel profesional dise\u00f1ada para sesiones de entrenamiento m\u00faltiples de alta intensidad","robots":{"index":"index","follow":"follow","max-snippet":"max-snippet:-1","max-image-preview":"max-image-preview:large","max-video-preview":"max-video-preview:-1"},"canonical":"https:\/\/www.miomiorun.com\/es\/producto\/craft-pro-charge-tee-mujer\/","og_locale":"es_ES","og_type":"article","og_title":"Craft Pro Charge Tee mujer - Camiseta para correr - MioMioRun","og_description":"La PRO Charge Tee es una camiseta de entrenamiento de nivel profesional dise\u00f1ada para sesiones de entrenamiento m\u00faltiples de alta intensidad","og_url":"https:\/\/www.miomiorun.com\/es\/producto\/craft-pro-charge-tee-mujer\/","og_site_name":"MioMioRun","article_publisher":"https:\/\/www.facebook.com\/miomiorun\/","article_modified_time":"2026-05-06T07:40:54+00:00","og_image":[{"width":600,"height":600,"url":"https:\/\/www.miomiorun.com\/app\/uploads\/2022\/06\/craft-pro-charge-tee-W-black-1911915-999000.jpg","type":"image\/jpeg"}],"twitter_card":"summary_large_image","twitter_misc":{"Est. reading time":"1 minute"},"schema":{"@context":"https:\/\/schema.org","@graph":[{"@type":"WebPage","@id":"https:\/\/www.miomiorun.com\/es\/producto\/craft-pro-charge-tee-mujer\/","url":"https:\/\/www.miomiorun.com\/es\/producto\/craft-pro-charge-tee-mujer\/","name":"Craft Pro Charge Tee mujer - Camiseta para correr - MioMioRun","isPartOf":{"@id":"https:\/\/www.miomiorun.com\/es\/#website"},"primaryImageOfPage":{"@id":"https:\/\/www.miomiorun.com\/es\/producto\/craft-pro-charge-tee-mujer\/#primaryimage"},"image":{"@id":"https:\/\/www.miomiorun.com\/es\/producto\/craft-pro-charge-tee-mujer\/#primaryimage"},"thumbnailUrl":"https:\/\/www.miomiorun.com\/app\/uploads\/2022\/06\/craft-pro-charge-tee-W-black-1911915-999000.jpg","datePublished":"2022-06-11T13:35:12+00:00","dateModified":"2026-05-06T07:40:54+00:00","description":"La PRO Charge Tee es una camiseta de entrenamiento de nivel profesional dise\u00f1ada para sesiones de entrenamiento m\u00faltiples de alta intensidad","breadcrumb":{"@id":"https:\/\/www.miomiorun.com\/es\/producto\/craft-pro-charge-tee-mujer\/#breadcrumb"},"inLanguage":"es-ES","potentialAction":[{"@type":"ReadAction","target":["https:\/\/www.miomiorun.com\/es\/producto\/craft-pro-charge-tee-mujer\/"]}]},{"@type":"ImageObject","inLanguage":"es-ES","@id":"https:\/\/www.miomiorun.com\/es\/producto\/craft-pro-charge-tee-mujer\/#primaryimage","url":"https:\/\/www.miomiorun.com\/app\/uploads\/2022\/06\/craft-pro-charge-tee-W-black-1911915-999000.jpg","contentUrl":"https:\/\/www.miomiorun.com\/app\/uploads\/2022\/06\/craft-pro-charge-tee-W-black-1911915-999000.jpg","width":600,"height":600,"caption":"craft-pro-charge-tee-W-black-1911915-999000"},{"@type":"BreadcrumbList","@id":"https:\/\/www.miomiorun.com\/es\/producto\/craft-pro-charge-tee-mujer\/#breadcrumb","itemListElement":[{"@type":"ListItem","position":1,"name":"Home","item":"https:\/\/www.miomiorun.com\/es\/"},{"@type":"ListItem","position":2,"name":"Shop","item":"https:\/\/www.miomiorun.com\/shop\/"},{"@type":"ListItem","position":3,"name":"Pro Charge Tee mujer"}]},{"@type":"WebSite","@id":"https:\/\/www.miomiorun.com\/es\/#website","url":"https:\/\/www.miomiorun.com\/es\/","name":"MioMioRun","description":"Tienda 100% running y trail","publisher":{"@id":"https:\/\/www.miomiorun.com\/es\/#organization"},"potentialAction":[{"@type":"SearchAction","target":{"@type":"EntryPoint","urlTemplate":"https:\/\/www.miomiorun.com\/es\/?s={search_term_string}"},"query-input":{"@type":"PropertyValueSpecification","valueRequired":true,"valueName":"search_term_string"}}],"inLanguage":"es-ES"},{"@type":"Organization","@id":"https:\/\/www.miomiorun.com\/es\/#organization","name":"MioMio Run","url":"https:\/\/www.miomiorun.com\/es\/","logo":{"@type":"ImageObject","inLanguage":"es-ES","@id":"https:\/\/www.miomiorun.com\/es\/#\/schema\/logo\/image\/","url":"https:\/\/www.miomiorun.com\/app\/uploads\/2019\/12\/logomio.png","contentUrl":"https:\/\/www.miomiorun.com\/app\/uploads\/2019\/12\/logomio.png","width":115,"height":82,"caption":"MioMio Run"},"image":{"@id":"https:\/\/www.miomiorun.com\/es\/#\/schema\/logo\/image\/"},"sameAs":["https:\/\/www.facebook.com\/miomiorun\/","https:\/\/www.instagram.com\/miomiorun\/"]}]}},"_links":{"self":[{"href":"https:\/\/www.miomiorun.com\/es\/wp-json\/wp\/v2\/product\/283788","targetHints":{"allow":["GET"]}}],"collection":[{"href":"https:\/\/www.miomiorun.com\/es\/wp-json\/wp\/v2\/product"}],"about":[{"href":"https:\/\/www.miomiorun.com\/es\/wp-json\/wp\/v2\/types\/product"}],"wp:featuredmedia":[{"embeddable":true,"href":"https:\/\/www.miomiorun.com\/es\/wp-json\/wp\/v2\/media\/237022"}],"wp:attachment":[{"href":"https:\/\/www.miomiorun.com\/es\/wp-json\/wp\/v2\/media?parent=283788"}],"wp:term":[{"taxonomy":"product_brand","embeddable":true,"href":"https:\/\/www.miomiorun.com\/es\/wp-json\/wp\/v2\/product_brand?post=283788"},{"taxonomy":"product_cat","embeddable":true,"href":"https:\/\/www.miomiorun.com\/es\/wp-json\/wp\/v2\/product_cat?post=283788"},{"taxonomy":"product_tag","embeddable":true,"href":"https:\/\/www.miomiorun.com\/es\/wp-json\/wp\/v2\/product_tag?post=283788"}],"curies":[{"name":"wp","href":"https:\/\/api.w.org\/{rel}","templated":true}]}}