{"id":283787,"date":"2022-06-11T11:16:37","date_gmt":"2022-06-11T09:16:37","guid":{"rendered":"https:\/\/miomiorun.com\/prodotto\/craft-pro-hypervent-2in1-skirt-donna\/"},"modified":"2026-05-06T09:39:03","modified_gmt":"2026-05-06T07:39:03","slug":"craft-pro-hypervent-2in1-skirt-mujer","status":"publish","type":"product","link":"https:\/\/www.miomiorun.com\/es\/producto\/craft-pro-hypervent-2in1-skirt-mujer\/","title":{"rendered":"Pro Hypervent 2in1 Skirt mujer"},"content":{"rendered":"<p>La Pro Hypervent 2-in-1 Skirt es una falda de running de \u00faltima generaci\u00f3n dise\u00f1ada para entrenamientos intensos en los calurosos d\u00edas de verano.<\/p>\n<p>Esta falda de running de nivel profesional est\u00e1 confeccionada en un tejido el\u00e1stico reciclado muy suave y cuenta con una malla interior de rejilla que garantiza una ventilaci\u00f3n y una refrigeraci\u00f3n \u00f3ptimas durante las carreras intensas en condiciones de calor. Adem\u00e1s, la falda cuenta con una cintura el\u00e1stica con cord\u00f3n ajustable para un ajuste perfecto.<\/p>\n<p>Ultraligero y ultratranspirable<br \/>\nPro Hypervent es un concepto de ropa de competici\u00f3n ultraligera y ultratranspirable que eleva el rendimiento para los corredores m\u00e1s exigentes. Los tejidos finos y muy suaves, excepcionalmente ligeros y transpirables, garantizan una funcionalidad, ventilaci\u00f3n y comodidad superiores tanto en carreras de alta velocidad como en carreras de larga distancia en condiciones de calor.<\/p>\n<p>&nbsp;<\/p>\n<p>&nbsp;<\/p>\n<h2>Caracter\u00edsticas del producto<\/h2>\n<p id=\"tw-target-text\" class=\"tw-data-text tw-text-large XcVN5d tw-ta\" dir=\"ltr\" data-placeholder=\"Traduzione\"><span class=\"Y2IQFc\" lang=\"it\">&#8211; Exterior de tejido el\u00e1stico reciclado y trenzado<br \/>\n&#8211; Malla interior corta de rejilla para una ventilaci\u00f3n \u00f3ptima<br \/>\n&#8211; Cintura el\u00e1stica con cord\u00f3n ajustable<br \/>\n&#8211; Detalles reflectantes<br \/>\n<\/span><\/p>\n<p dir=\"ltr\" data-placeholder=\"Traduzione\"><img loading=\"lazy\" decoding=\"async\" class=\"\" src=\"https:\/\/www.craftsportswear.com\/static\/media\/stretch.b10adc40.svg?q=70&amp;fit=clip&amp;w=72&amp;fm=jpg&amp;auto=format\" alt=\"Stretch\" width=\"121\" height=\"121\" \/><\/p>\n<p dir=\"ltr\" data-placeholder=\"Traduzione\"><strong>\u00a0Extensible<\/strong><\/p>\n<p dir=\"ltr\" data-placeholder=\"Traduzione\"><img loading=\"lazy\" decoding=\"async\" class=\"\" src=\"https:\/\/www.craftsportswear.com\/static\/media\/soft_touch.2b191977.svg?q=70&amp;fit=clip&amp;w=72&amp;fm=jpg&amp;auto=format\" alt=\"SoftTouch\" width=\"120\" height=\"120\" \/><\/p>\n<p dir=\"ltr\" data-placeholder=\"Traduzione\"><strong>\u00a0Toque ligero<\/strong><\/p>\n<h2><img loading=\"lazy\" decoding=\"async\" class=\"\" src=\"https:\/\/www.craftsportswear.com\/static\/media\/lightweight.6800ab4f.svg?q=70&amp;fit=clip&amp;w=72&amp;fm=jpg&amp;auto=format\" alt=\"Lightweight\" width=\"121\" height=\"121\" \/><\/h2>\n<p><strong>Ligero<\/strong><\/p>\n<p><strong>Material:<\/strong><span class=\"Y2IQFc\" lang=\"it\"> Exterior: 90 % poli\u00e9ster reciclado, 10 % elastano. Forro: 90 % poli\u00e9ster, 10 % elastano<br \/>\n<\/span><\/p>\n<p>Lavar a m\u00e1quina a 40 grados<\/p>\n","protected":false},"excerpt":{"rendered":"<p>La Pro Hypervent 2-in-1 Skirt es una falda de running de \u00faltima generaci\u00f3n dise\u00f1ada para entrenamientos intensos en los calurosos d\u00edas de verano. Esta falda de running de nivel profesional est\u00e1 confeccionada en un tejido el\u00e1stico reciclado muy suave y cuenta con una malla interior de rejilla que garantiza una ventilaci\u00f3n y una refrigeraci\u00f3n \u00f3ptimas &hellip; <a href=\"https:\/\/www.miomiorun.com\/es\/producto\/craft-pro-hypervent-2in1-skirt-mujer\/\">Continued<\/a><\/p>\n","protected":false},"featured_media":237002,"template":"","meta":{"_acf_changed":false,"inline_featured_image":false},"product_brand":[],"product_cat":[24395,24401,24402],"product_tag":[23553,23659],"class_list":{"0":"post-283787","1":"product","2":"type-product","3":"status-publish","4":"has-post-thumbnail","6":"product_cat-pantalones-cortos","7":"product_cat-ropa-de-mujer","8":"product_cat-mujer","9":"product_tag-craft-es","10":"product_tag-craft-mujer","11":"pa_attivita-caminar","12":"pa_attivita-running-es","13":"pa_marca-craft-es","14":"pa_sesso-mujer","15":"pa_size-extra-small-es","17":"first","18":"instock","19":"sale","20":"taxable","21":"shipping-taxable","22":"purchasable","23":"product-type-variable","24":"wvs-archive-product-wrapper"},"acf":[],"yoast_head":"<!-- This site is optimized with the Yoast SEO plugin v26.8 - https:\/\/yoast.com\/product\/yoast-seo-wordpress\/ -->\n<title>Craft Pro Hypervent 2in1 Skirt mujer - Falda de mujer - MioMioRun<\/title>\n<meta name=\"description\" content=\"La Pro Hypervent 2-in-1 Skirt es una falda de running de \u00faltima generaci\u00f3n dise\u00f1ada para entrenamientos intensos en los calurosos d\u00edas de verano.\" \/>\n<meta name=\"robots\" content=\"index, follow, max-snippet:-1, max-image-preview:large, max-video-preview:-1\" \/>\n<link rel=\"canonical\" href=\"https:\/\/www.miomiorun.com\/es\/producto\/craft-pro-hypervent-2in1-skirt-mujer\/\" \/>\n<meta property=\"og:locale\" content=\"es_ES\" \/>\n<meta property=\"og:type\" content=\"article\" \/>\n<meta property=\"og:title\" content=\"Craft Pro Hypervent 2in1 Skirt mujer - Falda de mujer - MioMioRun\" \/>\n<meta property=\"og:description\" content=\"La Pro Hypervent 2-in-1 Skirt es una falda de running de \u00faltima generaci\u00f3n dise\u00f1ada para entrenamientos intensos en los calurosos d\u00edas de verano.\" \/>\n<meta property=\"og:url\" content=\"https:\/\/www.miomiorun.com\/es\/producto\/craft-pro-hypervent-2in1-skirt-mujer\/\" \/>\n<meta property=\"og:site_name\" content=\"MioMioRun\" \/>\n<meta property=\"article:publisher\" content=\"https:\/\/www.facebook.com\/miomiorun\/\" \/>\n<meta property=\"article:modified_time\" content=\"2026-05-06T07:39:03+00:00\" \/>\n<meta property=\"og:image\" content=\"https:\/\/www.miomiorun.com\/app\/uploads\/2022\/06\/craft-pro-hypervent-2-in-1-skirt-W-black-roxo-1910429-999486.jpg\" \/>\n\t<meta property=\"og:image:width\" content=\"600\" \/>\n\t<meta property=\"og:image:height\" content=\"600\" \/>\n\t<meta property=\"og:image:type\" content=\"image\/jpeg\" \/>\n<meta name=\"twitter:card\" content=\"summary_large_image\" \/>\n<meta name=\"twitter:label1\" content=\"Est. reading time\" \/>\n\t<meta name=\"twitter:data1\" content=\"1 minute\" \/>\n<script type=\"application\/ld+json\" class=\"yoast-schema-graph\">{\"@context\":\"https:\/\/schema.org\",\"@graph\":[{\"@type\":\"WebPage\",\"@id\":\"https:\/\/www.miomiorun.com\/es\/producto\/craft-pro-hypervent-2in1-skirt-mujer\/\",\"url\":\"https:\/\/www.miomiorun.com\/es\/producto\/craft-pro-hypervent-2in1-skirt-mujer\/\",\"name\":\"Craft Pro Hypervent 2in1 Skirt mujer - Falda de mujer - MioMioRun\",\"isPartOf\":{\"@id\":\"https:\/\/www.miomiorun.com\/es\/#website\"},\"primaryImageOfPage\":{\"@id\":\"https:\/\/www.miomiorun.com\/es\/producto\/craft-pro-hypervent-2in1-skirt-mujer\/#primaryimage\"},\"image\":{\"@id\":\"https:\/\/www.miomiorun.com\/es\/producto\/craft-pro-hypervent-2in1-skirt-mujer\/#primaryimage\"},\"thumbnailUrl\":\"https:\/\/www.miomiorun.com\/app\/uploads\/2022\/06\/craft-pro-hypervent-2-in-1-skirt-W-black-roxo-1910429-999486.jpg\",\"datePublished\":\"2022-06-11T09:16:37+00:00\",\"dateModified\":\"2026-05-06T07:39:03+00:00\",\"description\":\"La Pro Hypervent 2-in-1 Skirt es una falda de running de \u00faltima generaci\u00f3n dise\u00f1ada para entrenamientos intensos en los calurosos d\u00edas de verano.\",\"breadcrumb\":{\"@id\":\"https:\/\/www.miomiorun.com\/es\/producto\/craft-pro-hypervent-2in1-skirt-mujer\/#breadcrumb\"},\"inLanguage\":\"es-ES\",\"potentialAction\":[{\"@type\":\"ReadAction\",\"target\":[\"https:\/\/www.miomiorun.com\/es\/producto\/craft-pro-hypervent-2in1-skirt-mujer\/\"]}]},{\"@type\":\"ImageObject\",\"inLanguage\":\"es-ES\",\"@id\":\"https:\/\/www.miomiorun.com\/es\/producto\/craft-pro-hypervent-2in1-skirt-mujer\/#primaryimage\",\"url\":\"https:\/\/www.miomiorun.com\/app\/uploads\/2022\/06\/craft-pro-hypervent-2-in-1-skirt-W-black-roxo-1910429-999486.jpg\",\"contentUrl\":\"https:\/\/www.miomiorun.com\/app\/uploads\/2022\/06\/craft-pro-hypervent-2-in-1-skirt-W-black-roxo-1910429-999486.jpg\",\"width\":600,\"height\":600,\"caption\":\"craft-pro-hypervent-2-in-1-skirt-W-black-roxo-1910429-999486\"},{\"@type\":\"BreadcrumbList\",\"@id\":\"https:\/\/www.miomiorun.com\/es\/producto\/craft-pro-hypervent-2in1-skirt-mujer\/#breadcrumb\",\"itemListElement\":[{\"@type\":\"ListItem\",\"position\":1,\"name\":\"Home\",\"item\":\"https:\/\/www.miomiorun.com\/es\/\"},{\"@type\":\"ListItem\",\"position\":2,\"name\":\"Shop\",\"item\":\"https:\/\/www.miomiorun.com\/shop\/\"},{\"@type\":\"ListItem\",\"position\":3,\"name\":\"Pro Hypervent 2in1 Skirt mujer\"}]},{\"@type\":\"WebSite\",\"@id\":\"https:\/\/www.miomiorun.com\/es\/#website\",\"url\":\"https:\/\/www.miomiorun.com\/es\/\",\"name\":\"MioMioRun\",\"description\":\"Tienda 100% running y trail\",\"publisher\":{\"@id\":\"https:\/\/www.miomiorun.com\/es\/#organization\"},\"potentialAction\":[{\"@type\":\"SearchAction\",\"target\":{\"@type\":\"EntryPoint\",\"urlTemplate\":\"https:\/\/www.miomiorun.com\/es\/?s={search_term_string}\"},\"query-input\":{\"@type\":\"PropertyValueSpecification\",\"valueRequired\":true,\"valueName\":\"search_term_string\"}}],\"inLanguage\":\"es-ES\"},{\"@type\":\"Organization\",\"@id\":\"https:\/\/www.miomiorun.com\/es\/#organization\",\"name\":\"MioMio Run\",\"url\":\"https:\/\/www.miomiorun.com\/es\/\",\"logo\":{\"@type\":\"ImageObject\",\"inLanguage\":\"es-ES\",\"@id\":\"https:\/\/www.miomiorun.com\/es\/#\/schema\/logo\/image\/\",\"url\":\"https:\/\/www.miomiorun.com\/app\/uploads\/2019\/12\/logomio.png\",\"contentUrl\":\"https:\/\/www.miomiorun.com\/app\/uploads\/2019\/12\/logomio.png\",\"width\":115,\"height\":82,\"caption\":\"MioMio Run\"},\"image\":{\"@id\":\"https:\/\/www.miomiorun.com\/es\/#\/schema\/logo\/image\/\"},\"sameAs\":[\"https:\/\/www.facebook.com\/miomiorun\/\",\"https:\/\/www.instagram.com\/miomiorun\/\"]}]}<\/script>\n<!-- \/ Yoast SEO plugin. -->","yoast_head_json":{"title":"Craft Pro Hypervent 2in1 Skirt mujer - Falda de mujer - MioMioRun","description":"La Pro Hypervent 2-in-1 Skirt es una falda de running de \u00faltima generaci\u00f3n dise\u00f1ada para entrenamientos intensos en los calurosos d\u00edas de verano.","robots":{"index":"index","follow":"follow","max-snippet":"max-snippet:-1","max-image-preview":"max-image-preview:large","max-video-preview":"max-video-preview:-1"},"canonical":"https:\/\/www.miomiorun.com\/es\/producto\/craft-pro-hypervent-2in1-skirt-mujer\/","og_locale":"es_ES","og_type":"article","og_title":"Craft Pro Hypervent 2in1 Skirt mujer - Falda de mujer - MioMioRun","og_description":"La Pro Hypervent 2-in-1 Skirt es una falda de running de \u00faltima generaci\u00f3n dise\u00f1ada para entrenamientos intensos en los calurosos d\u00edas de verano.","og_url":"https:\/\/www.miomiorun.com\/es\/producto\/craft-pro-hypervent-2in1-skirt-mujer\/","og_site_name":"MioMioRun","article_publisher":"https:\/\/www.facebook.com\/miomiorun\/","article_modified_time":"2026-05-06T07:39:03+00:00","og_image":[{"width":600,"height":600,"url":"https:\/\/www.miomiorun.com\/app\/uploads\/2022\/06\/craft-pro-hypervent-2-in-1-skirt-W-black-roxo-1910429-999486.jpg","type":"image\/jpeg"}],"twitter_card":"summary_large_image","twitter_misc":{"Est. reading time":"1 minute"},"schema":{"@context":"https:\/\/schema.org","@graph":[{"@type":"WebPage","@id":"https:\/\/www.miomiorun.com\/es\/producto\/craft-pro-hypervent-2in1-skirt-mujer\/","url":"https:\/\/www.miomiorun.com\/es\/producto\/craft-pro-hypervent-2in1-skirt-mujer\/","name":"Craft Pro Hypervent 2in1 Skirt mujer - Falda de mujer - MioMioRun","isPartOf":{"@id":"https:\/\/www.miomiorun.com\/es\/#website"},"primaryImageOfPage":{"@id":"https:\/\/www.miomiorun.com\/es\/producto\/craft-pro-hypervent-2in1-skirt-mujer\/#primaryimage"},"image":{"@id":"https:\/\/www.miomiorun.com\/es\/producto\/craft-pro-hypervent-2in1-skirt-mujer\/#primaryimage"},"thumbnailUrl":"https:\/\/www.miomiorun.com\/app\/uploads\/2022\/06\/craft-pro-hypervent-2-in-1-skirt-W-black-roxo-1910429-999486.jpg","datePublished":"2022-06-11T09:16:37+00:00","dateModified":"2026-05-06T07:39:03+00:00","description":"La Pro Hypervent 2-in-1 Skirt es una falda de running de \u00faltima generaci\u00f3n dise\u00f1ada para entrenamientos intensos en los calurosos d\u00edas de verano.","breadcrumb":{"@id":"https:\/\/www.miomiorun.com\/es\/producto\/craft-pro-hypervent-2in1-skirt-mujer\/#breadcrumb"},"inLanguage":"es-ES","potentialAction":[{"@type":"ReadAction","target":["https:\/\/www.miomiorun.com\/es\/producto\/craft-pro-hypervent-2in1-skirt-mujer\/"]}]},{"@type":"ImageObject","inLanguage":"es-ES","@id":"https:\/\/www.miomiorun.com\/es\/producto\/craft-pro-hypervent-2in1-skirt-mujer\/#primaryimage","url":"https:\/\/www.miomiorun.com\/app\/uploads\/2022\/06\/craft-pro-hypervent-2-in-1-skirt-W-black-roxo-1910429-999486.jpg","contentUrl":"https:\/\/www.miomiorun.com\/app\/uploads\/2022\/06\/craft-pro-hypervent-2-in-1-skirt-W-black-roxo-1910429-999486.jpg","width":600,"height":600,"caption":"craft-pro-hypervent-2-in-1-skirt-W-black-roxo-1910429-999486"},{"@type":"BreadcrumbList","@id":"https:\/\/www.miomiorun.com\/es\/producto\/craft-pro-hypervent-2in1-skirt-mujer\/#breadcrumb","itemListElement":[{"@type":"ListItem","position":1,"name":"Home","item":"https:\/\/www.miomiorun.com\/es\/"},{"@type":"ListItem","position":2,"name":"Shop","item":"https:\/\/www.miomiorun.com\/shop\/"},{"@type":"ListItem","position":3,"name":"Pro Hypervent 2in1 Skirt mujer"}]},{"@type":"WebSite","@id":"https:\/\/www.miomiorun.com\/es\/#website","url":"https:\/\/www.miomiorun.com\/es\/","name":"MioMioRun","description":"Tienda 100% running y trail","publisher":{"@id":"https:\/\/www.miomiorun.com\/es\/#organization"},"potentialAction":[{"@type":"SearchAction","target":{"@type":"EntryPoint","urlTemplate":"https:\/\/www.miomiorun.com\/es\/?s={search_term_string}"},"query-input":{"@type":"PropertyValueSpecification","valueRequired":true,"valueName":"search_term_string"}}],"inLanguage":"es-ES"},{"@type":"Organization","@id":"https:\/\/www.miomiorun.com\/es\/#organization","name":"MioMio Run","url":"https:\/\/www.miomiorun.com\/es\/","logo":{"@type":"ImageObject","inLanguage":"es-ES","@id":"https:\/\/www.miomiorun.com\/es\/#\/schema\/logo\/image\/","url":"https:\/\/www.miomiorun.com\/app\/uploads\/2019\/12\/logomio.png","contentUrl":"https:\/\/www.miomiorun.com\/app\/uploads\/2019\/12\/logomio.png","width":115,"height":82,"caption":"MioMio Run"},"image":{"@id":"https:\/\/www.miomiorun.com\/es\/#\/schema\/logo\/image\/"},"sameAs":["https:\/\/www.facebook.com\/miomiorun\/","https:\/\/www.instagram.com\/miomiorun\/"]}]}},"_links":{"self":[{"href":"https:\/\/www.miomiorun.com\/es\/wp-json\/wp\/v2\/product\/283787","targetHints":{"allow":["GET"]}}],"collection":[{"href":"https:\/\/www.miomiorun.com\/es\/wp-json\/wp\/v2\/product"}],"about":[{"href":"https:\/\/www.miomiorun.com\/es\/wp-json\/wp\/v2\/types\/product"}],"wp:featuredmedia":[{"embeddable":true,"href":"https:\/\/www.miomiorun.com\/es\/wp-json\/wp\/v2\/media\/237002"}],"wp:attachment":[{"href":"https:\/\/www.miomiorun.com\/es\/wp-json\/wp\/v2\/media?parent=283787"}],"wp:term":[{"taxonomy":"product_brand","embeddable":true,"href":"https:\/\/www.miomiorun.com\/es\/wp-json\/wp\/v2\/product_brand?post=283787"},{"taxonomy":"product_cat","embeddable":true,"href":"https:\/\/www.miomiorun.com\/es\/wp-json\/wp\/v2\/product_cat?post=283787"},{"taxonomy":"product_tag","embeddable":true,"href":"https:\/\/www.miomiorun.com\/es\/wp-json\/wp\/v2\/product_tag?post=283787"}],"curies":[{"name":"wp","href":"https:\/\/api.w.org\/{rel}","templated":true}]}}