{"id":283765,"date":"2022-07-15T17:54:22","date_gmt":"2022-07-15T15:54:22","guid":{"rendered":"https:\/\/miomiorun.com\/prodotto\/edge-explore-2\/"},"modified":"2026-05-06T09:48:39","modified_gmt":"2026-05-06T07:48:39","slug":"edge-explore-2","status":"publish","type":"product","link":"https:\/\/www.miomiorun.com\/es\/producto\/edge-explore-2\/","title":{"rendered":"Edge Explore 2"},"content":{"rendered":"<p><div class=\"vc-row container\"><div class=\"vc-column\"><div class=\"vc-column-text\"><\/p>\n<h2 style=\"text-align: center\">EL MUNDO TE ESPERA<\/h2>\n<div class=\"app__overview__intro__description\">\n<p style=\"text-align: center\">Si necesitas un ciclocomputador con GPS fiable y f\u00e1cil de usar, el Edge Explore 2 es lo que necesitas. As\u00ed que sal a dar una vuelta y descubre nuevas rutas: el Edge te acompa\u00f1a.<\/p>\n<\/div>\n<p><\/div><\/div><\/div><div class=\"vc-row container\"><div class=\"vc-column\"><div style=\"height:32px\" class=\"vc-empty-space\"><\/div><\/div><\/div><div class=\"vc-row container\"><div class=\"vc-column\"> <\/div><\/div><div class=\"vc-row container\"><div class=\"vc-column\"><div style=\"height:32px\" class=\"vc-empty-space\"><\/div><\/div><\/div><div class=\"vc-row container\"><div class=\"vc-column\"><div class=\"vc-column-text\"><img decoding=\"async\" class=\"app__feature__card__image aligncenter\" src=\"https:\/\/static.garmincdn.com\/gdc\/Product_Pages\/ICONS\/Garmin_Cycle_Map.svg\" alt=\"\" \/><\/p>\n<h3><\/h3>\n<p style=\"text-align: center\">Explora: Edge siempre te llevar\u00e1 de vuelta a casa con una navegaci\u00f3n espec\u00edfica para la bicicleta.<\/p>\n<p><\/div><\/div><div class=\"vc-column\"><div class=\"vc-column-text\"><\/p>\n<p style=\"text-align: center\"><img decoding=\"async\" class=\"app__feature__card__image\" src=\"https:\/\/static.garmincdn.com\/gdc\/Product_Pages\/ICONS\/Battery_Life.svg\" alt=\"\" \/><\/p>\n<p>Ya no tendr\u00e1s que usar el tel\u00e9fono y agotar su bater\u00eda para navegar. Edge tiene hasta 16 horas de autonom\u00eda en condiciones de uso intensivo y hasta 24 horas en modo de ahorro de energ\u00eda.<\/p>\n<p><\/div><\/div><div class=\"vc-column\"><div class=\"vc-column-text\"><\/p>\n<p style=\"text-align: center\"><img decoding=\"async\" class=\"app__feature__card__image\" src=\"https:\/\/static.garmincdn.com\/gdc\/Product_Pages\/ICONS\/Courses.svg\" alt=\"\" \/><br \/>\nCrea rutas a trav\u00e9s de la app Garmin Connect\u2122, Strava, Komoot, Wikiloc y otras, y sincron\u00edzalas con Edge en un instante.<\/p>\n<p><\/div><\/div><div class=\"vc-column\"><div class=\"vc-column-text\"><\/p>\n<p style=\"text-align: center\"><img decoding=\"async\" class=\"app__feature__card__image\" src=\"https:\/\/static.garmincdn.com\/gdc\/Product_Pages\/ICONS\/Bike-Transfer.svg\" alt=\"\" \/><br \/>\n\u00bfPedaleas con tu eBike compatible? Conf\u00eda en Edge. Obt\u00e9n rutas para eBike basadas en el estado de la bater\u00eda, el nivel de asistencia y la autonom\u00eda.<\/p>\n<p><\/div><\/div><div class=\"vc-column\"><div class=\"vc-column-text\"><\/p>\n<p style=\"text-align: center\"><img decoding=\"async\" class=\"app__feature__card__image\" src=\"https:\/\/static.garmincdn.com\/gdc\/Product_Pages\/ICONS\/Cycling-Awareness.svg\" alt=\"\" \/><br \/>\nMantente alerta y conectado con la detecci\u00f3n de accidentes<sup>1<\/sup> y la compatibilidad con el radar para ciclistas Varia\u2122.<\/p>\n<p><\/div><\/div><\/div><div class=\"vc-row container\"><div class=\"vc-column\"><div style=\"height:32px\" class=\"vc-empty-space\"><\/div><\/div><\/div><div class=\"vc-row container\"><div class=\"vc-column\"><div class=\"vc-column-text\"><\/p>\n<h3 style=\"text-align: center\">PERFILES DE ACTIVIDAD<\/h3>\n<p style=\"text-align: center\">Con perfiles preinstalados para actividades en carretera, fuera de carretera y en interiores, el Edge Explore 2 es f\u00e1cil de configurar y est\u00e1 listo para usar.<\/p>\n<p><\/div><\/div><div class=\"vc-column\"><div class=\"vc-column-text\"><\/p>\n<h3 style=\"text-align: center\">MAPAS ESPEC\u00cdFICOS PARA RUTAS EN BICICLETA<\/h3>\n<p style=\"text-align: center\">Pedalea como un ciclista local con cualquier tipo de bicicleta gracias a los mapas mejorados, que destacan las carreteras y senderos m\u00e1s populares, las zonas con mucho tr\u00e1fico que conviene evitar y los puntos de inter\u00e9s que se pueden buscar.<\/p>\n<p><\/div><\/div><div class=\"vc-column\"><div class=\"vc-column-text\"><\/p>\n<h3 style=\"text-align: center\">Indicaciones de los giros con pronunciaci\u00f3n de los nombres de las calles<\/h3>\n<p style=\"text-align: center\">Encuentra tu camino con indicaciones detalladas y avisos que se\u00f1alan los giros en la ruta.<\/p>\n<p><\/div><\/div><div class=\"vc-column\"><div class=\"vc-column-text\"><\/p>\n<h3 style=\"text-align: center\">REC\u00c1LCULO AL SALIRSE DE LA RUTA<\/h3>\n<p style=\"text-align: center\">Salte del camino y explore nuevas zonas: la ruta guiada y las notificaciones al salirse de la ruta se pueden pausar f\u00e1cilmente. Y tan pronto como quieras retomar la ruta, Edge Explore 2 te mostrar\u00e1 c\u00f3mo hacerlo.<\/p>\n<p><\/div><\/div><div class=\"vc-column\"><div class=\"vc-column-text\"><\/p>\n<h3 style=\"text-align: center\">FUNCI\u00d3N CLIMBPRO<\/h3>\n<p style=\"text-align: center\">Muestra autom\u00e1ticamente el desnivel restante y la pendiente durante el ascenso en una ruta. Esto te ayuda a calcular el esfuerzo y el tiempo necesarios para llegar a la cima. Tambi\u00e9n puedes guardar tus ascensos para analizar los datos tras el recorrido en tu dispositivo o en la aplicaci\u00f3n Garmin Connect.<\/p>\n<p><\/div><\/div><div class=\"vc-column\"><div class=\"vc-column-text\"><\/p>\n<h3 style=\"text-align: center\">COMPATIBILIDAD CON EBIKE<\/h3>\n<p style=\"text-align: center\">Si tienes una eBike compatible con la tecnolog\u00eda Shimano Steps o ANT+\u00ae, puedes ver una pantalla dedicada al estado de la eBike que muestra los campos de datos, incluida la duraci\u00f3n de la bater\u00eda y mucho m\u00e1s. Adem\u00e1s, puedes recibir avisos inteligentes sobre la ruta y la autonom\u00eda en funci\u00f3n del estado de la bater\u00eda, el nivel de asistencia y la ruta planificada.<\/p>\n<p><\/div><\/div><\/div><div class=\"vc-row container\"><div class=\"vc-column\"><div style=\"height:32px\" class=\"vc-empty-space\"><\/div><\/div><\/div><div class=\"vc-row container\"><div class=\"vc-column\"><div class=\"vc-column-text\"><\/p>\n<h3 style=\"text-align: center\">SOPORTE CON ALIMENTACI\u00d3N EDGE\u00ae<\/h3>\n<p style=\"text-align: center\">El soporte con alimentaci\u00f3n Edge incluido (en las versiones que incluyen el soporte) te permite alimentar constantemente tu ciclocomputador GPS Edge, para que puedas registrar cada recorrido en tu eBike, de principio a fin. Las eBikes requieren un cable n<sup>2<\/sup> por separado.<\/p>\n<p><\/div><\/div><div class=\"vc-column\"><div class=\"vc-column-text\"><\/p>\n<h3 style=\"text-align: center\">Compatibilidad con Varia<\/h3>\n<p style=\"text-align: center\">Empareja el ciclocomputador GPS Edge Explore 2 con tu radar retrovisor y las luces Varia para que puedas ver y ser visto con facilidad.<\/p>\n<p><\/div><\/div><div class=\"vc-column\"><div class=\"vc-column-text\"><\/p>\n<h3 style=\"text-align: center\">Detecci\u00f3n de accidentes<\/h3>\n<p style=\"text-align: center\">Este dispositivo Edge env\u00eda autom\u00e1ticamente un mensaje con tu ubicaci\u00f3n a los contactos de emergencia preconfigurados si detecta un accidente.<\/p>\n<p><\/div> <\/div><div class=\"vc-column\"><div class=\"vc-column-text\"><\/p>\n<h3 style=\"text-align: center\">ALARMA DE BICICLETA<\/h3>\n<p style=\"text-align: center\">La alarma de bicicleta protegida con PIN env\u00eda directamente a tu smartphone asociado una notificaci\u00f3n cuando la bicicleta se mueve mientras est\u00e1s en casa tomando algo o haciendo una pausa.<\/p>\n<p><\/div><\/div><div class=\"vc-column\"><div class=\"vc-column-text\"><\/p>\n<h3 style=\"text-align: center\">COMPATIBILIDAD CON RODILLOS DE ENTRENAMIENTO<\/h3>\n<p style=\"text-align: center\">Vincula el Edge\u00ae Explore 2 a tu rodillo Tacx\u00ae para entrenar cuando y donde quieras.<\/p>\n<p><\/div> <\/div><div class=\"vc-column\"><div class=\"vc-column-text\"><\/p>\n<h3 style=\"text-align: center\">CONFIGURACI\u00d3N AUTOM\u00c1TICA<\/h3>\n<p style=\"text-align: center\">Prep\u00e1rate para salir en pocos minutos, sin perder tiempo configurando los ajustes. Obt\u00e9n perfiles de uso personalizados y preconfigurados seg\u00fan el tipo de salida y los sensores elegidos. Puedes gestionar tus perfiles directamente desde tu dispositivo o smartphone conectado.<\/p>\n<p><\/div><\/div><\/div><div class=\"vc-row container\"><div class=\"vc-column\"><div style=\"height:32px\" class=\"vc-empty-space\"><\/div><\/div><\/div><div class=\"vc-row container\"><div class=\"vc-column\"><div class=\"vc-column-text\"><\/p>\n<h3 style=\"text-align: center\">FUNCI\u00d3N GROUPTRACK<\/h3>\n<p style=\"text-align: center\">Una vez que hayas emparejado tu smartphone, no pierdas de vista a tus compa\u00f1eros de ruta, incluso cuando ya no est\u00e9n a la vista, y deja que ellos tambi\u00e9n puedan seguirte. GroupTrack est\u00e1 disponible para ciclistas que utilicen dispositivos Garmin compatibles y puede realizar un seguimiento de hasta 50 amigos a la vez. Solo tienes que mirar la pantalla para ver las actualizaciones.<\/p>\n<p><\/div><\/div><div class=\"vc-column\"><div class=\"vc-column-text\"><\/p>\n<h3 style=\"text-align: center\">MENSAJES DE GRUPO<\/h3>\n<p style=\"text-align: center\">Con\u00e9ctalo a tu smartphone y mantente en contacto con tus amigos cuando te separes del grupo. Los mensajes de grupo est\u00e1n disponibles para los ciclistas que utilizan dispositivos Garmin compatibles y solo los ciclistas que utilizan dichos dispositivos pueden recibir los mensajes.<\/p>\n<p><\/div><\/div><div class=\"vc-column\"><div class=\"vc-column-text\"><\/p>\n<h3 style=\"text-align: center\">Notificaciones inteligentes<\/h3>\n<p style=\"text-align: center\">Recibe mensajes de texto y alertas directamente en tu dispositivo Edge, si est\u00e1 emparejado con un smartphone compatible.<\/p>\n<p><\/div><\/div><div class=\"vc-column\"><div class=\"vc-column-text\"><\/p>\n<h3 style=\"text-align: center\">GARMIN CONNECT<\/h3>\n<p style=\"text-align: center\">La aplicaci\u00f3n Garmin Connect es el punto de encuentro de una gran comunidad en l\u00ednea donde las personas pueden conectarse, competir e incluso compartir sus resultados a trav\u00e9s de las redes sociales.<\/p>\n<p><\/div><\/div><div class=\"vc-column\"> <div class=\"vc-column-text\"><\/p>\n<h3 style=\"text-align: center\">CONNECT IQ\u2122 STORE<\/h3>\n<p style=\"text-align: center\">Descarga campos de datos personalizados, aplicaciones y widgets desde nuestra aplicaci\u00f3n Connect IQ Store instalada en tu smartphone compatible.<\/p>\n<p><\/div><\/div><\/div><\/p>\n","protected":false},"excerpt":{"rendered":"<p>El Edge Explore 2 es un ciclocomputador f\u00e1cil de usar y fiable para quienes buscan un dispositivo que les gu\u00ede en sus actividades de cicloturismo, tanto en carretera como fuera de ella. Adem\u00e1s, es el dispositivo de Garmin m\u00e1s compatible que nunca con las bicicletas el\u00e9ctricas.<\/p>\n","protected":false},"featured_media":237254,"template":"","meta":{"_acf_changed":false,"inline_featured_image":false},"product_brand":[],"product_cat":[24209,22536],"product_tag":[23481],"class_list":{"0":"post-283765","1":"product","2":"type-product","3":"status-publish","4":"has-post-thumbnail","6":"product_cat-ciclismo","7":"product_cat-garmin-es","8":"product_tag-garmin-es","9":"pa_marca-garmin-es","10":"pa_modello-standard-es","11":"pa_sesso-hombre","12":"pa_sesso-mujer","14":"first","15":"instock","16":"sale","17":"taxable","18":"shipping-taxable","19":"purchasable","20":"product-type-variable","21":"wvs-archive-product-wrapper"},"acf":[],"yoast_head":"<!-- This site is optimized with the Yoast SEO plugin v26.8 - https:\/\/yoast.com\/product\/yoast-seo-wordpress\/ -->\n<title>Garmin Edge Explore 2 - ciclocomputador Garmin - MioMioRun.com<\/title>\n<meta name=\"description\" content=\"Si necesitas un ciclocomputador con GPS fiable y f\u00e1cil de usar, el Edge Explore 2 es lo que necesitas.\" \/>\n<meta name=\"robots\" content=\"index, follow, max-snippet:-1, max-image-preview:large, max-video-preview:-1\" \/>\n<link rel=\"canonical\" href=\"https:\/\/www.miomiorun.com\/es\/producto\/edge-explore-2\/\" \/>\n<meta property=\"og:locale\" content=\"es_ES\" \/>\n<meta property=\"og:type\" content=\"article\" \/>\n<meta property=\"og:title\" content=\"Garmin Edge Explore 2 - ciclocomputador Garmin - MioMioRun.com\" \/>\n<meta property=\"og:description\" content=\"Si necesitas un ciclocomputador con GPS fiable y f\u00e1cil de usar, el Edge Explore 2 es lo que necesitas.\" \/>\n<meta property=\"og:url\" content=\"https:\/\/www.miomiorun.com\/es\/producto\/edge-explore-2\/\" \/>\n<meta property=\"og:site_name\" content=\"MioMioRun\" \/>\n<meta property=\"article:publisher\" content=\"https:\/\/www.facebook.com\/miomiorun\/\" \/>\n<meta property=\"article:modified_time\" content=\"2026-05-06T07:48:39+00:00\" \/>\n<meta property=\"og:image\" content=\"https:\/\/www.miomiorun.com\/app\/uploads\/2022\/07\/garmin-edge-explore-2-010-02703-10.jpg\" \/>\n\t<meta property=\"og:image:width\" content=\"600\" \/>\n\t<meta property=\"og:image:height\" content=\"600\" \/>\n\t<meta property=\"og:image:type\" content=\"image\/jpeg\" \/>\n<meta name=\"twitter:card\" content=\"summary_large_image\" \/>\n<meta name=\"twitter:label1\" content=\"Est. reading time\" \/>\n\t<meta name=\"twitter:data1\" content=\"6 minutes\" \/>\n<script type=\"application\/ld+json\" class=\"yoast-schema-graph\">{\"@context\":\"https:\/\/schema.org\",\"@graph\":[{\"@type\":\"WebPage\",\"@id\":\"https:\/\/www.miomiorun.com\/es\/producto\/edge-explore-2\/\",\"url\":\"https:\/\/www.miomiorun.com\/es\/producto\/edge-explore-2\/\",\"name\":\"Garmin Edge Explore 2 - ciclocomputador Garmin - MioMioRun.com\",\"isPartOf\":{\"@id\":\"https:\/\/www.miomiorun.com\/es\/#website\"},\"primaryImageOfPage\":{\"@id\":\"https:\/\/www.miomiorun.com\/es\/producto\/edge-explore-2\/#primaryimage\"},\"image\":{\"@id\":\"https:\/\/www.miomiorun.com\/es\/producto\/edge-explore-2\/#primaryimage\"},\"thumbnailUrl\":\"https:\/\/www.miomiorun.com\/app\/uploads\/2022\/07\/garmin-edge-explore-2-010-02703-10.jpg\",\"datePublished\":\"2022-07-15T15:54:22+00:00\",\"dateModified\":\"2026-05-06T07:48:39+00:00\",\"description\":\"Si necesitas un ciclocomputador con GPS fiable y f\u00e1cil de usar, el Edge Explore 2 es lo que necesitas.\",\"breadcrumb\":{\"@id\":\"https:\/\/www.miomiorun.com\/es\/producto\/edge-explore-2\/#breadcrumb\"},\"inLanguage\":\"es-ES\",\"potentialAction\":[{\"@type\":\"ReadAction\",\"target\":[\"https:\/\/www.miomiorun.com\/es\/producto\/edge-explore-2\/\"]}]},{\"@type\":\"ImageObject\",\"inLanguage\":\"es-ES\",\"@id\":\"https:\/\/www.miomiorun.com\/es\/producto\/edge-explore-2\/#primaryimage\",\"url\":\"https:\/\/www.miomiorun.com\/app\/uploads\/2022\/07\/garmin-edge-explore-2-010-02703-10.jpg\",\"contentUrl\":\"https:\/\/www.miomiorun.com\/app\/uploads\/2022\/07\/garmin-edge-explore-2-010-02703-10.jpg\",\"width\":600,\"height\":600,\"caption\":\"garmin-edge-explore-2-010-02703-10\"},{\"@type\":\"BreadcrumbList\",\"@id\":\"https:\/\/www.miomiorun.com\/es\/producto\/edge-explore-2\/#breadcrumb\",\"itemListElement\":[{\"@type\":\"ListItem\",\"position\":1,\"name\":\"Home\",\"item\":\"https:\/\/www.miomiorun.com\/es\/\"},{\"@type\":\"ListItem\",\"position\":2,\"name\":\"Shop\",\"item\":\"https:\/\/www.miomiorun.com\/shop\/\"},{\"@type\":\"ListItem\",\"position\":3,\"name\":\"Edge Explore 2\"}]},{\"@type\":\"WebSite\",\"@id\":\"https:\/\/www.miomiorun.com\/es\/#website\",\"url\":\"https:\/\/www.miomiorun.com\/es\/\",\"name\":\"MioMioRun\",\"description\":\"Tienda 100% running y trail\",\"publisher\":{\"@id\":\"https:\/\/www.miomiorun.com\/es\/#organization\"},\"potentialAction\":[{\"@type\":\"SearchAction\",\"target\":{\"@type\":\"EntryPoint\",\"urlTemplate\":\"https:\/\/www.miomiorun.com\/es\/?s={search_term_string}\"},\"query-input\":{\"@type\":\"PropertyValueSpecification\",\"valueRequired\":true,\"valueName\":\"search_term_string\"}}],\"inLanguage\":\"es-ES\"},{\"@type\":\"Organization\",\"@id\":\"https:\/\/www.miomiorun.com\/es\/#organization\",\"name\":\"MioMio Run\",\"url\":\"https:\/\/www.miomiorun.com\/es\/\",\"logo\":{\"@type\":\"ImageObject\",\"inLanguage\":\"es-ES\",\"@id\":\"https:\/\/www.miomiorun.com\/es\/#\/schema\/logo\/image\/\",\"url\":\"https:\/\/www.miomiorun.com\/app\/uploads\/2019\/12\/logomio.png\",\"contentUrl\":\"https:\/\/www.miomiorun.com\/app\/uploads\/2019\/12\/logomio.png\",\"width\":115,\"height\":82,\"caption\":\"MioMio Run\"},\"image\":{\"@id\":\"https:\/\/www.miomiorun.com\/es\/#\/schema\/logo\/image\/\"},\"sameAs\":[\"https:\/\/www.facebook.com\/miomiorun\/\",\"https:\/\/www.instagram.com\/miomiorun\/\"]}]}<\/script>\n<!-- \/ Yoast SEO plugin. -->","yoast_head_json":{"title":"Garmin Edge Explore 2 - ciclocomputador Garmin - MioMioRun.com","description":"Si necesitas un ciclocomputador con GPS fiable y f\u00e1cil de usar, el Edge Explore 2 es lo que necesitas.","robots":{"index":"index","follow":"follow","max-snippet":"max-snippet:-1","max-image-preview":"max-image-preview:large","max-video-preview":"max-video-preview:-1"},"canonical":"https:\/\/www.miomiorun.com\/es\/producto\/edge-explore-2\/","og_locale":"es_ES","og_type":"article","og_title":"Garmin Edge Explore 2 - ciclocomputador Garmin - MioMioRun.com","og_description":"Si necesitas un ciclocomputador con GPS fiable y f\u00e1cil de usar, el Edge Explore 2 es lo que necesitas.","og_url":"https:\/\/www.miomiorun.com\/es\/producto\/edge-explore-2\/","og_site_name":"MioMioRun","article_publisher":"https:\/\/www.facebook.com\/miomiorun\/","article_modified_time":"2026-05-06T07:48:39+00:00","og_image":[{"width":600,"height":600,"url":"https:\/\/www.miomiorun.com\/app\/uploads\/2022\/07\/garmin-edge-explore-2-010-02703-10.jpg","type":"image\/jpeg"}],"twitter_card":"summary_large_image","twitter_misc":{"Est. reading time":"6 minutes"},"schema":{"@context":"https:\/\/schema.org","@graph":[{"@type":"WebPage","@id":"https:\/\/www.miomiorun.com\/es\/producto\/edge-explore-2\/","url":"https:\/\/www.miomiorun.com\/es\/producto\/edge-explore-2\/","name":"Garmin Edge Explore 2 - ciclocomputador Garmin - MioMioRun.com","isPartOf":{"@id":"https:\/\/www.miomiorun.com\/es\/#website"},"primaryImageOfPage":{"@id":"https:\/\/www.miomiorun.com\/es\/producto\/edge-explore-2\/#primaryimage"},"image":{"@id":"https:\/\/www.miomiorun.com\/es\/producto\/edge-explore-2\/#primaryimage"},"thumbnailUrl":"https:\/\/www.miomiorun.com\/app\/uploads\/2022\/07\/garmin-edge-explore-2-010-02703-10.jpg","datePublished":"2022-07-15T15:54:22+00:00","dateModified":"2026-05-06T07:48:39+00:00","description":"Si necesitas un ciclocomputador con GPS fiable y f\u00e1cil de usar, el Edge Explore 2 es lo que necesitas.","breadcrumb":{"@id":"https:\/\/www.miomiorun.com\/es\/producto\/edge-explore-2\/#breadcrumb"},"inLanguage":"es-ES","potentialAction":[{"@type":"ReadAction","target":["https:\/\/www.miomiorun.com\/es\/producto\/edge-explore-2\/"]}]},{"@type":"ImageObject","inLanguage":"es-ES","@id":"https:\/\/www.miomiorun.com\/es\/producto\/edge-explore-2\/#primaryimage","url":"https:\/\/www.miomiorun.com\/app\/uploads\/2022\/07\/garmin-edge-explore-2-010-02703-10.jpg","contentUrl":"https:\/\/www.miomiorun.com\/app\/uploads\/2022\/07\/garmin-edge-explore-2-010-02703-10.jpg","width":600,"height":600,"caption":"garmin-edge-explore-2-010-02703-10"},{"@type":"BreadcrumbList","@id":"https:\/\/www.miomiorun.com\/es\/producto\/edge-explore-2\/#breadcrumb","itemListElement":[{"@type":"ListItem","position":1,"name":"Home","item":"https:\/\/www.miomiorun.com\/es\/"},{"@type":"ListItem","position":2,"name":"Shop","item":"https:\/\/www.miomiorun.com\/shop\/"},{"@type":"ListItem","position":3,"name":"Edge Explore 2"}]},{"@type":"WebSite","@id":"https:\/\/www.miomiorun.com\/es\/#website","url":"https:\/\/www.miomiorun.com\/es\/","name":"MioMioRun","description":"Tienda 100% running y trail","publisher":{"@id":"https:\/\/www.miomiorun.com\/es\/#organization"},"potentialAction":[{"@type":"SearchAction","target":{"@type":"EntryPoint","urlTemplate":"https:\/\/www.miomiorun.com\/es\/?s={search_term_string}"},"query-input":{"@type":"PropertyValueSpecification","valueRequired":true,"valueName":"search_term_string"}}],"inLanguage":"es-ES"},{"@type":"Organization","@id":"https:\/\/www.miomiorun.com\/es\/#organization","name":"MioMio Run","url":"https:\/\/www.miomiorun.com\/es\/","logo":{"@type":"ImageObject","inLanguage":"es-ES","@id":"https:\/\/www.miomiorun.com\/es\/#\/schema\/logo\/image\/","url":"https:\/\/www.miomiorun.com\/app\/uploads\/2019\/12\/logomio.png","contentUrl":"https:\/\/www.miomiorun.com\/app\/uploads\/2019\/12\/logomio.png","width":115,"height":82,"caption":"MioMio Run"},"image":{"@id":"https:\/\/www.miomiorun.com\/es\/#\/schema\/logo\/image\/"},"sameAs":["https:\/\/www.facebook.com\/miomiorun\/","https:\/\/www.instagram.com\/miomiorun\/"]}]}},"_links":{"self":[{"href":"https:\/\/www.miomiorun.com\/es\/wp-json\/wp\/v2\/product\/283765","targetHints":{"allow":["GET"]}}],"collection":[{"href":"https:\/\/www.miomiorun.com\/es\/wp-json\/wp\/v2\/product"}],"about":[{"href":"https:\/\/www.miomiorun.com\/es\/wp-json\/wp\/v2\/types\/product"}],"wp:featuredmedia":[{"embeddable":true,"href":"https:\/\/www.miomiorun.com\/es\/wp-json\/wp\/v2\/media\/237254"}],"wp:attachment":[{"href":"https:\/\/www.miomiorun.com\/es\/wp-json\/wp\/v2\/media?parent=283765"}],"wp:term":[{"taxonomy":"product_brand","embeddable":true,"href":"https:\/\/www.miomiorun.com\/es\/wp-json\/wp\/v2\/product_brand?post=283765"},{"taxonomy":"product_cat","embeddable":true,"href":"https:\/\/www.miomiorun.com\/es\/wp-json\/wp\/v2\/product_cat?post=283765"},{"taxonomy":"product_tag","embeddable":true,"href":"https:\/\/www.miomiorun.com\/es\/wp-json\/wp\/v2\/product_tag?post=283765"}],"curies":[{"name":"wp","href":"https:\/\/api.w.org\/{rel}","templated":true}]}}