{"id":283712,"date":"2022-09-15T11:46:37","date_gmt":"2022-09-15T09:46:37","guid":{"rendered":"https:\/\/miomiorun.com\/prodotto\/run-visible-tight-uomo\/"},"modified":"2026-05-06T10:00:36","modified_gmt":"2026-05-06T08:00:36","slug":"run-visible-tight-hombre","status":"publish","type":"product","link":"https:\/\/www.miomiorun.com\/es\/producto\/run-visible-tight-hombre\/","title":{"rendered":"Run Visible Tight hombre"},"content":{"rendered":"<h2>Es dif\u00edcil encontrar mallas de running para hombre de buena calidad, pero son f\u00e1ciles de reconocer.<\/h2>\n<p>Por eso queremos destacar nuestras <strong>mallas Run Visible<\/strong> en su versi\u00f3n para hombre. Son compresivas y c\u00f3modas, y cuentan con detalles <strong>reflectantes<\/strong> para ayudarte a mantenerte visible en la oscuridad.<\/p>\n<p class=\"a-type-h4 m-long-description__label\"><strong>IDEAL PARA:<\/strong><\/p>\n<p><img loading=\"lazy\" decoding=\"async\" class=\"a-responsive-image__img\" src=\"https:\/\/www.brooksrunning.com\/on\/demandware.static\/-\/Sites-brooks-master-catalog\/default\/dw568ee9ad\/specs\/PDP-BestFor-FTW-APP-Visible-In-The-Dark.svg\" alt=\"\" width=\"40\" height=\"40\" \/> Carrera a ciegas.<\/p>\n<p><img loading=\"lazy\" decoding=\"async\" class=\"a-responsive-image__img\" src=\"https:\/\/www.brooksrunning.com\/on\/demandware.static\/-\/Sites-brooks-master-catalog\/default\/dw76d19a15\/specs\/PDP-BestFor-APP-Warmth.svg\" alt=\"\" width=\"40\" height=\"40\" \/>Temperaturas bajas o frescas.<\/p>\n<p><strong>CARACTER\u00cdSTICAS:<\/strong><\/p>\n<ul class=\"m-long-description__features\">\n<li class=\"m-long-description__feature\">Visible en la oscuridad<\/li>\n<li class=\"m-long-description__feature\">Manta c\u00f3moda<\/li>\n<li class=\"m-long-description__feature\">Un espacio pr\u00e1ctico para guardar lo necesario<\/li>\n<\/ul>\n<p>&nbsp;<\/p>\n<div class=\"o-feature-callout__feature-copy\">\n<h2 class=\"a-type-h4 o-feature-callout__feature-eyebrow\">Visibilidad de 360\u00b0<\/h2>\n<h3 class=\"a-type-h3--big o-feature-callout__feature-header\">Visible en la oscuridad<\/h3>\n<p class=\"a-type-p o-feature-callout__feature-body\">Inserciones reflectantes, fluorescentes y de alto contraste fabricadas con 3M\u2122 Scotchlite\u2122 Carbon Black Stretch, colocadas estrat\u00e9gicamente para que los corredores sean visibles para los conductores.<\/p>\n<\/div>\n<div class=\"o-feature-callout__feature-copy\">\n<h2 class=\"a-type-h4 o-feature-callout__feature-eyebrow\">Temperatura ideal<\/h2>\n<h3 class=\"a-type-h3--big o-feature-callout__feature-header\">Manta c\u00f3moda<\/h3>\n<p class=\"a-type-p o-feature-callout__feature-body\">El tejido combina calor y transpirabilidad. La compresi\u00f3n y las costuras reducidas al m\u00ednimo mantienen intacta la sensaci\u00f3n de bienestar en las piernas.<\/p>\n<div class=\"o-feature-callout__feature-copy\">\n<h2 class=\"a-type-h4 o-feature-callout__feature-eyebrow\">Hablando de bolsillos<\/h2>\n<h3 class=\"a-type-h3--big o-feature-callout__feature-header\">Un espacio pr\u00e1ctico para guardar lo necesario<\/h3>\n<p class=\"a-type-p o-feature-callout__feature-body\">Un bolsillo con cremallera a la izquierda y un bolsillo oculto a la derecha te permiten guardar tus objetos esenciales.<\/p>\n<\/div>\n<\/div>\n","protected":false},"excerpt":{"rendered":"<ul class=\"m-long-description__features\">\n<li class=\"m-long-description__feature\">Visible en la oscuridad<\/li>\n<li class=\"m-long-description__feature\">Manta c\u00f3moda<\/li>\n<li class=\"m-long-description__feature\">Un espacio pr\u00e1ctico para guardar lo necesario<\/li>\n<\/ul>\n","protected":false},"featured_media":237749,"template":"","meta":{"_acf_changed":false,"inline_featured_image":false},"product_brand":[],"product_cat":[24471,24410],"product_tag":[23463,23661],"class_list":{"0":"post-283712","1":"product","2":"type-product","3":"status-publish","4":"has-post-thumbnail","6":"product_cat-pantalones-largos-es-3","7":"product_cat-ropa-de-hombre","8":"product_tag-brooks-es","9":"product_tag-brooks-hombre","10":"pa_attivita-caminar","11":"pa_attivita-running-es","12":"pa_colore-run-visible-tight-asphalt-nightlife-es","13":"pa_marca-brooks-es","14":"pa_sesso-hombre","15":"pa_size-small-es","17":"first","18":"instock","19":"sale","20":"taxable","21":"shipping-taxable","22":"purchasable","23":"product-type-variable","24":"wvs-archive-product-wrapper"},"acf":[],"yoast_head":"<!-- This site is optimized with the Yoast SEO plugin v26.8 - https:\/\/yoast.com\/product\/yoast-seo-wordpress\/ -->\n<title>BrooksRun Visible Tight hombre - Pantalones largos - MioMioRun<\/title>\n<meta name=\"description\" content=\"Por eso queremos destacar nuestras mallas Run Visible en su versi\u00f3n para hombre. Son compresivas y c\u00f3modas, y cuentan con detalles reflectantes.\" \/>\n<meta name=\"robots\" content=\"index, follow, max-snippet:-1, max-image-preview:large, max-video-preview:-1\" \/>\n<link rel=\"canonical\" href=\"https:\/\/www.miomiorun.com\/es\/producto\/run-visible-tight-hombre\/\" \/>\n<meta property=\"og:locale\" content=\"es_ES\" \/>\n<meta property=\"og:type\" content=\"article\" \/>\n<meta property=\"og:title\" content=\"BrooksRun Visible Tight hombre - Pantalones largos - MioMioRun\" \/>\n<meta property=\"og:description\" content=\"Por eso queremos destacar nuestras mallas Run Visible en su versi\u00f3n para hombre. Son compresivas y c\u00f3modas, y cuentan con detalles reflectantes.\" \/>\n<meta property=\"og:url\" content=\"https:\/\/www.miomiorun.com\/es\/producto\/run-visible-tight-hombre\/\" \/>\n<meta property=\"og:site_name\" content=\"MioMioRun\" \/>\n<meta property=\"article:publisher\" content=\"https:\/\/www.facebook.com\/miomiorun\/\" \/>\n<meta property=\"article:modified_time\" content=\"2026-05-06T08:00:36+00:00\" \/>\n<meta property=\"og:image\" content=\"https:\/\/www.miomiorun.com\/app\/uploads\/2022\/09\/brooks-Run-visible-tight-asphalt-nightlife-211412044.jpg\" \/>\n\t<meta property=\"og:image:width\" content=\"600\" \/>\n\t<meta property=\"og:image:height\" content=\"600\" \/>\n\t<meta property=\"og:image:type\" content=\"image\/jpeg\" \/>\n<meta name=\"twitter:card\" content=\"summary_large_image\" \/>\n<meta name=\"twitter:label1\" content=\"Est. reading time\" \/>\n\t<meta name=\"twitter:data1\" content=\"1 minute\" \/>\n<script type=\"application\/ld+json\" class=\"yoast-schema-graph\">{\"@context\":\"https:\/\/schema.org\",\"@graph\":[{\"@type\":\"WebPage\",\"@id\":\"https:\/\/www.miomiorun.com\/es\/producto\/run-visible-tight-hombre\/\",\"url\":\"https:\/\/www.miomiorun.com\/es\/producto\/run-visible-tight-hombre\/\",\"name\":\"BrooksRun Visible Tight hombre - Pantalones largos - MioMioRun\",\"isPartOf\":{\"@id\":\"https:\/\/www.miomiorun.com\/es\/#website\"},\"primaryImageOfPage\":{\"@id\":\"https:\/\/www.miomiorun.com\/es\/producto\/run-visible-tight-hombre\/#primaryimage\"},\"image\":{\"@id\":\"https:\/\/www.miomiorun.com\/es\/producto\/run-visible-tight-hombre\/#primaryimage\"},\"thumbnailUrl\":\"https:\/\/www.miomiorun.com\/app\/uploads\/2022\/09\/brooks-Run-visible-tight-asphalt-nightlife-211412044.jpg\",\"datePublished\":\"2022-09-15T09:46:37+00:00\",\"dateModified\":\"2026-05-06T08:00:36+00:00\",\"description\":\"Por eso queremos destacar nuestras mallas Run Visible en su versi\u00f3n para hombre. Son compresivas y c\u00f3modas, y cuentan con detalles reflectantes.\",\"breadcrumb\":{\"@id\":\"https:\/\/www.miomiorun.com\/es\/producto\/run-visible-tight-hombre\/#breadcrumb\"},\"inLanguage\":\"es-ES\",\"potentialAction\":[{\"@type\":\"ReadAction\",\"target\":[\"https:\/\/www.miomiorun.com\/es\/producto\/run-visible-tight-hombre\/\"]}]},{\"@type\":\"ImageObject\",\"inLanguage\":\"es-ES\",\"@id\":\"https:\/\/www.miomiorun.com\/es\/producto\/run-visible-tight-hombre\/#primaryimage\",\"url\":\"https:\/\/www.miomiorun.com\/app\/uploads\/2022\/09\/brooks-Run-visible-tight-asphalt-nightlife-211412044.jpg\",\"contentUrl\":\"https:\/\/www.miomiorun.com\/app\/uploads\/2022\/09\/brooks-Run-visible-tight-asphalt-nightlife-211412044.jpg\",\"width\":600,\"height\":600,\"caption\":\"brooks-Run-visible-tight-asphalt-nightlife-211412044\"},{\"@type\":\"BreadcrumbList\",\"@id\":\"https:\/\/www.miomiorun.com\/es\/producto\/run-visible-tight-hombre\/#breadcrumb\",\"itemListElement\":[{\"@type\":\"ListItem\",\"position\":1,\"name\":\"Home\",\"item\":\"https:\/\/www.miomiorun.com\/es\/\"},{\"@type\":\"ListItem\",\"position\":2,\"name\":\"Shop\",\"item\":\"https:\/\/www.miomiorun.com\/shop\/\"},{\"@type\":\"ListItem\",\"position\":3,\"name\":\"Run Visible Tight hombre\"}]},{\"@type\":\"WebSite\",\"@id\":\"https:\/\/www.miomiorun.com\/es\/#website\",\"url\":\"https:\/\/www.miomiorun.com\/es\/\",\"name\":\"MioMioRun\",\"description\":\"Tienda 100% running y trail\",\"publisher\":{\"@id\":\"https:\/\/www.miomiorun.com\/es\/#organization\"},\"potentialAction\":[{\"@type\":\"SearchAction\",\"target\":{\"@type\":\"EntryPoint\",\"urlTemplate\":\"https:\/\/www.miomiorun.com\/es\/?s={search_term_string}\"},\"query-input\":{\"@type\":\"PropertyValueSpecification\",\"valueRequired\":true,\"valueName\":\"search_term_string\"}}],\"inLanguage\":\"es-ES\"},{\"@type\":\"Organization\",\"@id\":\"https:\/\/www.miomiorun.com\/es\/#organization\",\"name\":\"MioMio Run\",\"url\":\"https:\/\/www.miomiorun.com\/es\/\",\"logo\":{\"@type\":\"ImageObject\",\"inLanguage\":\"es-ES\",\"@id\":\"https:\/\/www.miomiorun.com\/es\/#\/schema\/logo\/image\/\",\"url\":\"https:\/\/www.miomiorun.com\/app\/uploads\/2019\/12\/logomio.png\",\"contentUrl\":\"https:\/\/www.miomiorun.com\/app\/uploads\/2019\/12\/logomio.png\",\"width\":115,\"height\":82,\"caption\":\"MioMio Run\"},\"image\":{\"@id\":\"https:\/\/www.miomiorun.com\/es\/#\/schema\/logo\/image\/\"},\"sameAs\":[\"https:\/\/www.facebook.com\/miomiorun\/\",\"https:\/\/www.instagram.com\/miomiorun\/\"]}]}<\/script>\n<!-- \/ Yoast SEO plugin. -->","yoast_head_json":{"title":"BrooksRun Visible Tight hombre - Pantalones largos - MioMioRun","description":"Por eso queremos destacar nuestras mallas Run Visible en su versi\u00f3n para hombre. Son compresivas y c\u00f3modas, y cuentan con detalles reflectantes.","robots":{"index":"index","follow":"follow","max-snippet":"max-snippet:-1","max-image-preview":"max-image-preview:large","max-video-preview":"max-video-preview:-1"},"canonical":"https:\/\/www.miomiorun.com\/es\/producto\/run-visible-tight-hombre\/","og_locale":"es_ES","og_type":"article","og_title":"BrooksRun Visible Tight hombre - Pantalones largos - MioMioRun","og_description":"Por eso queremos destacar nuestras mallas Run Visible en su versi\u00f3n para hombre. Son compresivas y c\u00f3modas, y cuentan con detalles reflectantes.","og_url":"https:\/\/www.miomiorun.com\/es\/producto\/run-visible-tight-hombre\/","og_site_name":"MioMioRun","article_publisher":"https:\/\/www.facebook.com\/miomiorun\/","article_modified_time":"2026-05-06T08:00:36+00:00","og_image":[{"width":600,"height":600,"url":"https:\/\/www.miomiorun.com\/app\/uploads\/2022\/09\/brooks-Run-visible-tight-asphalt-nightlife-211412044.jpg","type":"image\/jpeg"}],"twitter_card":"summary_large_image","twitter_misc":{"Est. reading time":"1 minute"},"schema":{"@context":"https:\/\/schema.org","@graph":[{"@type":"WebPage","@id":"https:\/\/www.miomiorun.com\/es\/producto\/run-visible-tight-hombre\/","url":"https:\/\/www.miomiorun.com\/es\/producto\/run-visible-tight-hombre\/","name":"BrooksRun Visible Tight hombre - Pantalones largos - MioMioRun","isPartOf":{"@id":"https:\/\/www.miomiorun.com\/es\/#website"},"primaryImageOfPage":{"@id":"https:\/\/www.miomiorun.com\/es\/producto\/run-visible-tight-hombre\/#primaryimage"},"image":{"@id":"https:\/\/www.miomiorun.com\/es\/producto\/run-visible-tight-hombre\/#primaryimage"},"thumbnailUrl":"https:\/\/www.miomiorun.com\/app\/uploads\/2022\/09\/brooks-Run-visible-tight-asphalt-nightlife-211412044.jpg","datePublished":"2022-09-15T09:46:37+00:00","dateModified":"2026-05-06T08:00:36+00:00","description":"Por eso queremos destacar nuestras mallas Run Visible en su versi\u00f3n para hombre. Son compresivas y c\u00f3modas, y cuentan con detalles reflectantes.","breadcrumb":{"@id":"https:\/\/www.miomiorun.com\/es\/producto\/run-visible-tight-hombre\/#breadcrumb"},"inLanguage":"es-ES","potentialAction":[{"@type":"ReadAction","target":["https:\/\/www.miomiorun.com\/es\/producto\/run-visible-tight-hombre\/"]}]},{"@type":"ImageObject","inLanguage":"es-ES","@id":"https:\/\/www.miomiorun.com\/es\/producto\/run-visible-tight-hombre\/#primaryimage","url":"https:\/\/www.miomiorun.com\/app\/uploads\/2022\/09\/brooks-Run-visible-tight-asphalt-nightlife-211412044.jpg","contentUrl":"https:\/\/www.miomiorun.com\/app\/uploads\/2022\/09\/brooks-Run-visible-tight-asphalt-nightlife-211412044.jpg","width":600,"height":600,"caption":"brooks-Run-visible-tight-asphalt-nightlife-211412044"},{"@type":"BreadcrumbList","@id":"https:\/\/www.miomiorun.com\/es\/producto\/run-visible-tight-hombre\/#breadcrumb","itemListElement":[{"@type":"ListItem","position":1,"name":"Home","item":"https:\/\/www.miomiorun.com\/es\/"},{"@type":"ListItem","position":2,"name":"Shop","item":"https:\/\/www.miomiorun.com\/shop\/"},{"@type":"ListItem","position":3,"name":"Run Visible Tight hombre"}]},{"@type":"WebSite","@id":"https:\/\/www.miomiorun.com\/es\/#website","url":"https:\/\/www.miomiorun.com\/es\/","name":"MioMioRun","description":"Tienda 100% running y trail","publisher":{"@id":"https:\/\/www.miomiorun.com\/es\/#organization"},"potentialAction":[{"@type":"SearchAction","target":{"@type":"EntryPoint","urlTemplate":"https:\/\/www.miomiorun.com\/es\/?s={search_term_string}"},"query-input":{"@type":"PropertyValueSpecification","valueRequired":true,"valueName":"search_term_string"}}],"inLanguage":"es-ES"},{"@type":"Organization","@id":"https:\/\/www.miomiorun.com\/es\/#organization","name":"MioMio Run","url":"https:\/\/www.miomiorun.com\/es\/","logo":{"@type":"ImageObject","inLanguage":"es-ES","@id":"https:\/\/www.miomiorun.com\/es\/#\/schema\/logo\/image\/","url":"https:\/\/www.miomiorun.com\/app\/uploads\/2019\/12\/logomio.png","contentUrl":"https:\/\/www.miomiorun.com\/app\/uploads\/2019\/12\/logomio.png","width":115,"height":82,"caption":"MioMio Run"},"image":{"@id":"https:\/\/www.miomiorun.com\/es\/#\/schema\/logo\/image\/"},"sameAs":["https:\/\/www.facebook.com\/miomiorun\/","https:\/\/www.instagram.com\/miomiorun\/"]}]}},"_links":{"self":[{"href":"https:\/\/www.miomiorun.com\/es\/wp-json\/wp\/v2\/product\/283712","targetHints":{"allow":["GET"]}}],"collection":[{"href":"https:\/\/www.miomiorun.com\/es\/wp-json\/wp\/v2\/product"}],"about":[{"href":"https:\/\/www.miomiorun.com\/es\/wp-json\/wp\/v2\/types\/product"}],"wp:featuredmedia":[{"embeddable":true,"href":"https:\/\/www.miomiorun.com\/es\/wp-json\/wp\/v2\/media\/237749"}],"wp:attachment":[{"href":"https:\/\/www.miomiorun.com\/es\/wp-json\/wp\/v2\/media?parent=283712"}],"wp:term":[{"taxonomy":"product_brand","embeddable":true,"href":"https:\/\/www.miomiorun.com\/es\/wp-json\/wp\/v2\/product_brand?post=283712"},{"taxonomy":"product_cat","embeddable":true,"href":"https:\/\/www.miomiorun.com\/es\/wp-json\/wp\/v2\/product_cat?post=283712"},{"taxonomy":"product_tag","embeddable":true,"href":"https:\/\/www.miomiorun.com\/es\/wp-json\/wp\/v2\/product_tag?post=283712"}],"curies":[{"name":"wp","href":"https:\/\/api.w.org\/{rel}","templated":true}]}}