{"id":283614,"date":"2022-09-17T16:07:29","date_gmt":"2022-09-17T14:07:29","guid":{"rendered":"https:\/\/miomiorun.com\/prodotto\/crizzle-evo-shell-jkt-uomo\/"},"modified":"2026-05-06T10:04:00","modified_gmt":"2026-05-06T08:04:00","slug":"crizzle-evo-shell-jkt-hombre","status":"publish","type":"product","link":"https:\/\/www.miomiorun.com\/es\/producto\/crizzle-evo-shell-jkt-hombre\/","title":{"rendered":"Crizzle Evo Shell Jkt hombre"},"content":{"rendered":"<p>La <strong>Crizzle EVO Shell Jacket<\/strong>, en su versi\u00f3n para hombre, es una chaqueta h\u00edbrida fabricada con materiales ecol\u00f3gicos para excursiones de esqu\u00ed de traves\u00eda r\u00e1pidas y ligeras.<\/p>\n<p>El tejido hard shell reciclado garantiza resistencia al agua y protecci\u00f3n contra el viento, mientras que el tejido el\u00e1stico y transpirable de la espalda ofrece libertad de movimiento y mayor transpirabilidad. Dos cremalleras laterales largas para la ventilaci\u00f3n facilitan el acceso a los bolsillos de las capas inferiores, y el amplio bolsillo en el pecho te permite guardar a buen recaudo los objetos de valor.<\/p>\n<p>&nbsp;<\/p>\n<p><img decoding=\"async\" class=\"img-responsive margin-bottom-sm\" src=\"https:\/\/www.lasportiva.com\/media\/techinfo_icons\/Breathability_75x75.png\"><\/p>\n<p><strong>Transpirabilidad:<\/strong><br \/>\nProductos altamente transpirables para un excelente confort clim\u00e1tico.<\/p>\n<p><img decoding=\"async\" class=\"img-responsive margin-bottom-sm\" src=\"https:\/\/www.lasportiva.com\/media\/techinfo_icons\/Regular-Fit_75x75.png\"><\/p>\n<p><strong>Corte regular:<\/strong><br \/>\nCorte t\u00e9cnico y c\u00f3modo.<\/p>\n<p><img decoding=\"async\" class=\"img-responsive margin-bottom-sm\" src=\"https:\/\/www.lasportiva.com\/media\/techinfo_icons\/Durability_75x75.png\"><\/p>\n<p><strong>Durabilidad:<\/strong><br \/>\nProductos de alta resistencia al desgaste.<\/p>\n<p><img decoding=\"async\" class=\"img-responsive margin-bottom-sm\" src=\"https:\/\/www.lasportiva.com\/media\/techinfo_icons\/Lightweight_75x75.png\"><\/p>\n<p><strong>Ligereza:<\/strong><br \/>\nProductos que mantienen el peso al m\u00ednimo<\/p>\n<p><img decoding=\"async\" class=\"img-responsive margin-bottom-sm\" src=\"https:\/\/www.lasportiva.com\/media\/techinfo_icons\/L5_75x75.png\"><\/p>\n<p><strong>L5 &#8211; HARD SHELL<\/strong><br \/>\nCapa exterior de protecci\u00f3n contra el viento, la lluvia y la nieve. Una aut\u00e9ntica barrera contra los agentes atmosf\u00e9ricos que, al mismo tiempo, favorece la transpiraci\u00f3n gracias a los materiales y membranas utilizados.<\/p>\n<p><img loading=\"lazy\" decoding=\"async\" class=\" lazyloaded\" src=\"https:\/\/www.lasportiva.com\/media\/techinfo_icons\/e\/v\/evoshell-75x75.png\" alt=\"La Sportiva\" width=\"75\" height=\"75\" data-src=\"https:\/\/www.lasportiva.com\/media\/techinfo_icons\/e\/v\/evoshell-75x75.png\"><\/p>\n<p>Las capas exteriores con tecnolog\u00eda <strong>EvoShell\u2122<\/strong> son fruto del proceso de investigaci\u00f3n continua del departamento de I+D de Ropa de La Sportiva, dedicado a concebir productos de alto rendimiento para deportistas y amantes de la monta\u00f1a, respetando el medio ambiente que nos rodea. Se trata de una evoluci\u00f3n constante y ambiciosa que exige la b\u00fasqueda continua de materiales y socios fiables capaces de combinar de forma armoniosa calidad, durabilidad y eco-compatibilidad. Por eso, en La Sportiva el t\u00e9rmino \u00abevolution\u00bb se traduce en \u00abECOLUTION\u00bb y se plasma en productos pensados tanto para el ser humano como para el medio ambiente, reduciendo al m\u00ednimo el impacto medioambiental. Por eso, en colaboraci\u00f3n con Sympatex\u00ae, La Sportiva ha creado las capas exteriores de tres capas Evo Shell\u2122: totalmente ecol\u00f3gicas gracias a la eliminaci\u00f3n total de PTFE, PFC y de cualquier componente o tratamiento a base de fluorocarbonos.<br \/>\nLa Sportiva ha decidido apoyar activamente esta causa contribuyendo, con cada prenda Evo Shell\u2122 producida, al Proyecto del Corredor Kasigau (\u00ab1004 \u00b7 Forest protection Kasigau Wildlife Corridor\u00bb) en Kenia. Se trata de una zona de bosque seco y sabana del Corredor Kasigau que alberga especies en peligro de extinci\u00f3n como leones, cebras, loros e innumerables especies de aves. Durante la migraci\u00f3n estacional, cada d\u00eda 2000 elefantes africanos atraviesan esta zona. Sin embargo, toda la zona est\u00e1 sufriendo una deforestaci\u00f3n masiva, en parte debido a los incendios. En la octava encuesta voluntaria sobre el carbono de 2017 organizada por Environmental Finance, el programa fue elegido mejor proyecto de compensaci\u00f3n de emisiones de carbono por su contribuci\u00f3n al logro de los Objetivos de Desarrollo Sostenible de las Naciones Unidas (ODS).<\/p>\n<p>&nbsp;<\/p>\n<p><b>Materiales:<\/b><br \/>\n&gt;principal: HDM07 cara: 100 % poliamida reciclada membrana: 100 % poli\u00e9ster reciclado forro: 100 % poli\u00e9ster reciclado&gt;paneles trasero y laterales: WSM08 85 % poliamida reciclada 15 % elastano<br \/>\n<b>Peso:<\/b><br \/>\n413 g<br \/>\n<b>Ajuste:<\/b><br \/>\nRegular<\/p>\n<p>&nbsp;<\/p>\n<div class=\"item-block collapsible-plus active\" role=\"tablist\" data-collapsible=\"true\">\n<div class=\"data item title\" role=\"tab\" data-role=\"title\" aria-expanded=\"true\">\n<h3 id=\"tab-label-plus\" class=\"switch-title\">plus<\/h3>\n<\/div>\n<div class=\"data item content\" role=\"tabpanel\" aria-labelledby=\"tab-label-plus\" data-role=\"content\" aria-hidden=\"false\">+ Cremalleras laterales de doble cursor para ventilaci\u00f3n y acceso a los bolsillos<br \/>\n+ Parcialmente resistente al agua<br \/>\n+ Parcialmente cortavientos<br \/>\n+ Capucha articulada ajustable compatible con casco<br \/>\n+ Costuras parcialmente selladas<br \/>\n+ Chaqueta h\u00edbrida de capa dura<br \/>\n+ 1 bolsillo grande con cremallera en el pecho<br \/>\n+ Bajo ajustable<br \/>\n+ Gr\u00e1ficos reflectantes<\/div>\n<\/div>\n","protected":false},"excerpt":{"rendered":"<ul>\n<li>&nbsp;Chaqueta h\u00edbrida fabricada con materiales ecol\u00f3gicos para excursiones de esqu\u00ed de monta\u00f1a r\u00e1pidas y ligeras.<\/li>\n<li>&nbsp;El tejido hard shell reciclado garantiza resistencia al agua y protecci\u00f3n contra el viento<\/li>\n<li>&nbsp;El tejido el\u00e1stico y transpirable en la espalda ofrece libertad de movimiento y mayor transpirabilidad.<\/li>\n<\/ul>\n","protected":false},"featured_media":237911,"template":"","meta":{"_acf_changed":false,"inline_featured_image":false},"product_brand":[],"product_cat":[24460,24463,24464],"product_tag":[23598,23600],"class_list":{"0":"post-283614","1":"product","2":"type-product","3":"status-publish","4":"has-post-thumbnail","6":"product_cat-chaquetas-es-2","7":"product_cat-ropa-de-hombre-es","8":"product_cat-hombre","9":"product_tag-la-sportiva-es","10":"product_tag-la-sportiva-hombre","11":"pa_attivita-caminar","12":"pa_attivita-outdoor-es","13":"pa_colore-crizzle-evo-shell-jkt-m-sangria-sunset-es","14":"pa_colore-crizzle-evo-shell-jkt-sangria-moss-es","15":"pa_marca-la-sportiva-es","16":"pa_sesso-hombre","17":"pa_size-small-es","18":"pa_size-medium-es","19":"pa_size-large-es","20":"pa_size-extra-large-es","22":"first","23":"instock","24":"sale","25":"taxable","26":"shipping-taxable","27":"purchasable","28":"product-type-variable","29":"wvs-archive-product-wrapper"},"acf":[],"yoast_head":"<!-- This site is optimized with the Yoast SEO plugin v26.8 - https:\/\/yoast.com\/product\/yoast-seo-wordpress\/ -->\n<title>La Sportiva Crizzle Evo Shell Jkt hombre - Chaqueta para correr- MioMioRun<\/title>\n<meta name=\"description\" content=\"La chaqueta Crizzle EVO Shell es una chaqueta h\u00edbrida fabricada con materiales ecol\u00f3gicos, ideal para excursiones de esqu\u00ed de traves\u00eda r\u00e1pidas y ligeras\" \/>\n<meta name=\"robots\" content=\"index, follow, max-snippet:-1, max-image-preview:large, max-video-preview:-1\" \/>\n<link rel=\"canonical\" href=\"https:\/\/www.miomiorun.com\/es\/producto\/crizzle-evo-shell-jkt-hombre\/\" \/>\n<meta property=\"og:locale\" content=\"es_ES\" \/>\n<meta property=\"og:type\" content=\"article\" \/>\n<meta property=\"og:title\" content=\"La Sportiva Crizzle Evo Shell Jkt hombre - Chaqueta para correr- MioMioRun\" \/>\n<meta property=\"og:description\" content=\"La chaqueta Crizzle EVO Shell es una chaqueta h\u00edbrida fabricada con materiales ecol\u00f3gicos, ideal para excursiones de esqu\u00ed de traves\u00eda r\u00e1pidas y ligeras\" \/>\n<meta property=\"og:url\" content=\"https:\/\/www.miomiorun.com\/es\/producto\/crizzle-evo-shell-jkt-hombre\/\" \/>\n<meta property=\"og:site_name\" content=\"MioMioRun\" \/>\n<meta property=\"article:publisher\" content=\"https:\/\/www.facebook.com\/miomiorun\/\" \/>\n<meta property=\"article:modified_time\" content=\"2026-05-06T08:04:00+00:00\" \/>\n<meta property=\"og:image\" content=\"https:\/\/www.miomiorun.com\/app\/uploads\/2022\/09\/la-sportiva-crizzle-evo-shell-jkt-M-sangria-sunset-L75320319.jpg\" \/>\n\t<meta property=\"og:image:width\" content=\"600\" \/>\n\t<meta property=\"og:image:height\" content=\"600\" \/>\n\t<meta property=\"og:image:type\" content=\"image\/jpeg\" \/>\n<meta name=\"twitter:card\" content=\"summary_large_image\" \/>\n<meta name=\"twitter:label1\" content=\"Est. reading time\" \/>\n\t<meta name=\"twitter:data1\" content=\"3 minutes\" \/>\n<script type=\"application\/ld+json\" class=\"yoast-schema-graph\">{\"@context\":\"https:\/\/schema.org\",\"@graph\":[{\"@type\":\"WebPage\",\"@id\":\"https:\/\/www.miomiorun.com\/es\/producto\/crizzle-evo-shell-jkt-hombre\/\",\"url\":\"https:\/\/www.miomiorun.com\/es\/producto\/crizzle-evo-shell-jkt-hombre\/\",\"name\":\"La Sportiva Crizzle Evo Shell Jkt hombre - Chaqueta para correr- MioMioRun\",\"isPartOf\":{\"@id\":\"https:\/\/www.miomiorun.com\/es\/#website\"},\"primaryImageOfPage\":{\"@id\":\"https:\/\/www.miomiorun.com\/es\/producto\/crizzle-evo-shell-jkt-hombre\/#primaryimage\"},\"image\":{\"@id\":\"https:\/\/www.miomiorun.com\/es\/producto\/crizzle-evo-shell-jkt-hombre\/#primaryimage\"},\"thumbnailUrl\":\"https:\/\/www.miomiorun.com\/app\/uploads\/2022\/09\/la-sportiva-crizzle-evo-shell-jkt-M-sangria-sunset-L75320319.jpg\",\"datePublished\":\"2022-09-17T14:07:29+00:00\",\"dateModified\":\"2026-05-06T08:04:00+00:00\",\"description\":\"La chaqueta Crizzle EVO Shell es una chaqueta h\u00edbrida fabricada con materiales ecol\u00f3gicos, ideal para excursiones de esqu\u00ed de traves\u00eda r\u00e1pidas y ligeras\",\"breadcrumb\":{\"@id\":\"https:\/\/www.miomiorun.com\/es\/producto\/crizzle-evo-shell-jkt-hombre\/#breadcrumb\"},\"inLanguage\":\"es-ES\",\"potentialAction\":[{\"@type\":\"ReadAction\",\"target\":[\"https:\/\/www.miomiorun.com\/es\/producto\/crizzle-evo-shell-jkt-hombre\/\"]}]},{\"@type\":\"ImageObject\",\"inLanguage\":\"es-ES\",\"@id\":\"https:\/\/www.miomiorun.com\/es\/producto\/crizzle-evo-shell-jkt-hombre\/#primaryimage\",\"url\":\"https:\/\/www.miomiorun.com\/app\/uploads\/2022\/09\/la-sportiva-crizzle-evo-shell-jkt-M-sangria-sunset-L75320319.jpg\",\"contentUrl\":\"https:\/\/www.miomiorun.com\/app\/uploads\/2022\/09\/la-sportiva-crizzle-evo-shell-jkt-M-sangria-sunset-L75320319.jpg\",\"width\":600,\"height\":600,\"caption\":\"la-sportiva-crizzle-evo-shell-jkt-M-sangria-sunset-L75320319\"},{\"@type\":\"BreadcrumbList\",\"@id\":\"https:\/\/www.miomiorun.com\/es\/producto\/crizzle-evo-shell-jkt-hombre\/#breadcrumb\",\"itemListElement\":[{\"@type\":\"ListItem\",\"position\":1,\"name\":\"Home\",\"item\":\"https:\/\/www.miomiorun.com\/es\/\"},{\"@type\":\"ListItem\",\"position\":2,\"name\":\"Shop\",\"item\":\"https:\/\/www.miomiorun.com\/shop\/\"},{\"@type\":\"ListItem\",\"position\":3,\"name\":\"Crizzle Evo Shell Jkt hombre\"}]},{\"@type\":\"WebSite\",\"@id\":\"https:\/\/www.miomiorun.com\/es\/#website\",\"url\":\"https:\/\/www.miomiorun.com\/es\/\",\"name\":\"MioMioRun\",\"description\":\"Tienda 100% running y trail\",\"publisher\":{\"@id\":\"https:\/\/www.miomiorun.com\/es\/#organization\"},\"potentialAction\":[{\"@type\":\"SearchAction\",\"target\":{\"@type\":\"EntryPoint\",\"urlTemplate\":\"https:\/\/www.miomiorun.com\/es\/?s={search_term_string}\"},\"query-input\":{\"@type\":\"PropertyValueSpecification\",\"valueRequired\":true,\"valueName\":\"search_term_string\"}}],\"inLanguage\":\"es-ES\"},{\"@type\":\"Organization\",\"@id\":\"https:\/\/www.miomiorun.com\/es\/#organization\",\"name\":\"MioMio Run\",\"url\":\"https:\/\/www.miomiorun.com\/es\/\",\"logo\":{\"@type\":\"ImageObject\",\"inLanguage\":\"es-ES\",\"@id\":\"https:\/\/www.miomiorun.com\/es\/#\/schema\/logo\/image\/\",\"url\":\"https:\/\/www.miomiorun.com\/app\/uploads\/2019\/12\/logomio.png\",\"contentUrl\":\"https:\/\/www.miomiorun.com\/app\/uploads\/2019\/12\/logomio.png\",\"width\":115,\"height\":82,\"caption\":\"MioMio Run\"},\"image\":{\"@id\":\"https:\/\/www.miomiorun.com\/es\/#\/schema\/logo\/image\/\"},\"sameAs\":[\"https:\/\/www.facebook.com\/miomiorun\/\",\"https:\/\/www.instagram.com\/miomiorun\/\"]}]}<\/script>\n<!-- \/ Yoast SEO plugin. -->","yoast_head_json":{"title":"La Sportiva Crizzle Evo Shell Jkt hombre - Chaqueta para correr- MioMioRun","description":"La chaqueta Crizzle EVO Shell es una chaqueta h\u00edbrida fabricada con materiales ecol\u00f3gicos, ideal para excursiones de esqu\u00ed de traves\u00eda r\u00e1pidas y ligeras","robots":{"index":"index","follow":"follow","max-snippet":"max-snippet:-1","max-image-preview":"max-image-preview:large","max-video-preview":"max-video-preview:-1"},"canonical":"https:\/\/www.miomiorun.com\/es\/producto\/crizzle-evo-shell-jkt-hombre\/","og_locale":"es_ES","og_type":"article","og_title":"La Sportiva Crizzle Evo Shell Jkt hombre - Chaqueta para correr- MioMioRun","og_description":"La chaqueta Crizzle EVO Shell es una chaqueta h\u00edbrida fabricada con materiales ecol\u00f3gicos, ideal para excursiones de esqu\u00ed de traves\u00eda r\u00e1pidas y ligeras","og_url":"https:\/\/www.miomiorun.com\/es\/producto\/crizzle-evo-shell-jkt-hombre\/","og_site_name":"MioMioRun","article_publisher":"https:\/\/www.facebook.com\/miomiorun\/","article_modified_time":"2026-05-06T08:04:00+00:00","og_image":[{"width":600,"height":600,"url":"https:\/\/www.miomiorun.com\/app\/uploads\/2022\/09\/la-sportiva-crizzle-evo-shell-jkt-M-sangria-sunset-L75320319.jpg","type":"image\/jpeg"}],"twitter_card":"summary_large_image","twitter_misc":{"Est. reading time":"3 minutes"},"schema":{"@context":"https:\/\/schema.org","@graph":[{"@type":"WebPage","@id":"https:\/\/www.miomiorun.com\/es\/producto\/crizzle-evo-shell-jkt-hombre\/","url":"https:\/\/www.miomiorun.com\/es\/producto\/crizzle-evo-shell-jkt-hombre\/","name":"La Sportiva Crizzle Evo Shell Jkt hombre - Chaqueta para correr- MioMioRun","isPartOf":{"@id":"https:\/\/www.miomiorun.com\/es\/#website"},"primaryImageOfPage":{"@id":"https:\/\/www.miomiorun.com\/es\/producto\/crizzle-evo-shell-jkt-hombre\/#primaryimage"},"image":{"@id":"https:\/\/www.miomiorun.com\/es\/producto\/crizzle-evo-shell-jkt-hombre\/#primaryimage"},"thumbnailUrl":"https:\/\/www.miomiorun.com\/app\/uploads\/2022\/09\/la-sportiva-crizzle-evo-shell-jkt-M-sangria-sunset-L75320319.jpg","datePublished":"2022-09-17T14:07:29+00:00","dateModified":"2026-05-06T08:04:00+00:00","description":"La chaqueta Crizzle EVO Shell es una chaqueta h\u00edbrida fabricada con materiales ecol\u00f3gicos, ideal para excursiones de esqu\u00ed de traves\u00eda r\u00e1pidas y ligeras","breadcrumb":{"@id":"https:\/\/www.miomiorun.com\/es\/producto\/crizzle-evo-shell-jkt-hombre\/#breadcrumb"},"inLanguage":"es-ES","potentialAction":[{"@type":"ReadAction","target":["https:\/\/www.miomiorun.com\/es\/producto\/crizzle-evo-shell-jkt-hombre\/"]}]},{"@type":"ImageObject","inLanguage":"es-ES","@id":"https:\/\/www.miomiorun.com\/es\/producto\/crizzle-evo-shell-jkt-hombre\/#primaryimage","url":"https:\/\/www.miomiorun.com\/app\/uploads\/2022\/09\/la-sportiva-crizzle-evo-shell-jkt-M-sangria-sunset-L75320319.jpg","contentUrl":"https:\/\/www.miomiorun.com\/app\/uploads\/2022\/09\/la-sportiva-crizzle-evo-shell-jkt-M-sangria-sunset-L75320319.jpg","width":600,"height":600,"caption":"la-sportiva-crizzle-evo-shell-jkt-M-sangria-sunset-L75320319"},{"@type":"BreadcrumbList","@id":"https:\/\/www.miomiorun.com\/es\/producto\/crizzle-evo-shell-jkt-hombre\/#breadcrumb","itemListElement":[{"@type":"ListItem","position":1,"name":"Home","item":"https:\/\/www.miomiorun.com\/es\/"},{"@type":"ListItem","position":2,"name":"Shop","item":"https:\/\/www.miomiorun.com\/shop\/"},{"@type":"ListItem","position":3,"name":"Crizzle Evo Shell Jkt hombre"}]},{"@type":"WebSite","@id":"https:\/\/www.miomiorun.com\/es\/#website","url":"https:\/\/www.miomiorun.com\/es\/","name":"MioMioRun","description":"Tienda 100% running y trail","publisher":{"@id":"https:\/\/www.miomiorun.com\/es\/#organization"},"potentialAction":[{"@type":"SearchAction","target":{"@type":"EntryPoint","urlTemplate":"https:\/\/www.miomiorun.com\/es\/?s={search_term_string}"},"query-input":{"@type":"PropertyValueSpecification","valueRequired":true,"valueName":"search_term_string"}}],"inLanguage":"es-ES"},{"@type":"Organization","@id":"https:\/\/www.miomiorun.com\/es\/#organization","name":"MioMio Run","url":"https:\/\/www.miomiorun.com\/es\/","logo":{"@type":"ImageObject","inLanguage":"es-ES","@id":"https:\/\/www.miomiorun.com\/es\/#\/schema\/logo\/image\/","url":"https:\/\/www.miomiorun.com\/app\/uploads\/2019\/12\/logomio.png","contentUrl":"https:\/\/www.miomiorun.com\/app\/uploads\/2019\/12\/logomio.png","width":115,"height":82,"caption":"MioMio Run"},"image":{"@id":"https:\/\/www.miomiorun.com\/es\/#\/schema\/logo\/image\/"},"sameAs":["https:\/\/www.facebook.com\/miomiorun\/","https:\/\/www.instagram.com\/miomiorun\/"]}]}},"_links":{"self":[{"href":"https:\/\/www.miomiorun.com\/es\/wp-json\/wp\/v2\/product\/283614","targetHints":{"allow":["GET"]}}],"collection":[{"href":"https:\/\/www.miomiorun.com\/es\/wp-json\/wp\/v2\/product"}],"about":[{"href":"https:\/\/www.miomiorun.com\/es\/wp-json\/wp\/v2\/types\/product"}],"wp:featuredmedia":[{"embeddable":true,"href":"https:\/\/www.miomiorun.com\/es\/wp-json\/wp\/v2\/media\/237911"}],"wp:attachment":[{"href":"https:\/\/www.miomiorun.com\/es\/wp-json\/wp\/v2\/media?parent=283614"}],"wp:term":[{"taxonomy":"product_brand","embeddable":true,"href":"https:\/\/www.miomiorun.com\/es\/wp-json\/wp\/v2\/product_brand?post=283614"},{"taxonomy":"product_cat","embeddable":true,"href":"https:\/\/www.miomiorun.com\/es\/wp-json\/wp\/v2\/product_cat?post=283614"},{"taxonomy":"product_tag","embeddable":true,"href":"https:\/\/www.miomiorun.com\/es\/wp-json\/wp\/v2\/product_tag?post=283614"}],"curies":[{"name":"wp","href":"https:\/\/api.w.org\/{rel}","templated":true}]}}