{"id":283577,"date":"2022-09-17T16:20:36","date_gmt":"2022-09-17T14:20:36","guid":{"rendered":"https:\/\/miomiorun.com\/prodotto\/element-jkt-uomo\/"},"modified":"2026-05-06T10:05:28","modified_gmt":"2026-05-06T08:05:28","slug":"element-jkt-hombre","status":"publish","type":"product","link":"https:\/\/www.miomiorun.com\/es\/producto\/element-jkt-hombre\/","title":{"rendered":"Element Jkt uomo"},"content":{"rendered":"<p>Una segunda capa c\u00f3moda que ofrece protecci\u00f3n t\u00e9rmica y funcionalidad durante la actividad f\u00edsica. Gracias a su forro polar de fibras recicladas y naturales, la <strong>Element Jkt<\/strong>, en su versi\u00f3n para hombre, es una prenda vers\u00e1til que proporciona calor y comodidad.<\/p>\n<p>La estructura del tejido Techstretch Pro II reduce la dispersi\u00f3n de micropart\u00edculas, mientras que los tratamientos Polygiene te permiten llevar la prenda m\u00e1s tiempo y lavarla con menos frecuencia.<\/p>\n<h3><strong>Informaci\u00f3n t\u00e9cnica:<\/strong><\/h3>\n<p><img loading=\"lazy\" decoding=\"async\" class=\" lazyloaded\" src=\"https:\/\/www.lasportiva.com\/media\/techinfo_icons\/traspirabilita.png\" alt=\"La Sportiva\" width=\"75\" height=\"75\" data-src=\"https:\/\/www.lasportiva.com\/media\/techinfo_icons\/traspirabilita.png\"><\/p>\n<p><strong>Transpirabilidad:<\/strong><br \/>\nProductos altamente transpirables para un excelente confort clim\u00e1tico.<\/p>\n<p><img decoding=\"async\" class=\"img-responsive margin-bottom-sm\" src=\"https:\/\/www.lasportiva.com\/media\/techinfo_icons\/Stretch_75x75.png\"><\/p>\n<p><strong>Elasticidad:<\/strong><br \/>\nPrendas c\u00f3modas y reactivas que garantizan la m\u00e1xima libertad de movimiento.<\/p>\n<p><img decoding=\"async\" class=\"img-responsive margin-bottom-sm\" src=\"https:\/\/www.lasportiva.com\/media\/techinfo_icons\/Regular-Fit_75x75.png\"><\/p>\n<p><strong>Corte regular:<\/strong><br \/>\nCorte t\u00e9cnico y c\u00f3modo.<\/p>\n<p><img decoding=\"async\" class=\"img-responsive margin-bottom-sm\" src=\"https:\/\/www.lasportiva.com\/media\/techinfo_icons\/Durability_75x75.png\"><\/p>\n<p><strong>Durabilidad:<\/strong><br \/>\nProductos de alta resistencia al desgaste.<\/p>\n<p><img decoding=\"async\" class=\"img-responsive margin-bottom-sm\" src=\"https:\/\/www.lasportiva.com\/media\/techinfo_icons\/Lightweight_75x75.png\"><\/p>\n<p><strong>Ligereza:<\/strong><br \/>\nProductos que mantienen el peso al m\u00ednimo<\/p>\n<p><img decoding=\"async\" class=\"img-responsive margin-bottom-sm\" src=\"https:\/\/www.lasportiva.com\/media\/techinfo_icons\/Insulation_75x75.png\"><\/p>\n<p><strong>Aislamiento t\u00e9rmico:<\/strong><br \/>\nProductos aptos para condiciones de bajas temperaturas.<\/p>\n<p><img loading=\"lazy\" decoding=\"async\" class=\" lazyloaded\" src=\"https:\/\/www.lasportiva.com\/media\/techinfo_icons\/polygiene.png\" alt=\"La Sportiva\" width=\"75\" height=\"75\" data-src=\"https:\/\/www.lasportiva.com\/media\/techinfo_icons\/polygiene.png\"><\/p>\n<p>La tecnolog\u00eda antibacteriana y antiolor Polygiene\u00ae es un tratamiento duradero, eficaz y sostenible que utiliza sales de plata para impedir la formaci\u00f3n de las bacterias que causan los malos olores. \u00bfEl resultado? <strong>Se pueden llevar las prendas durante m\u00e1s tiempo sin lavarlas.<\/strong><\/p>\n<p><img decoding=\"async\" class=\"img-responsive margin-bottom-sm\" src=\"https:\/\/www.lasportiva.com\/media\/techinfo_icons\/L2_75x75.png\"><\/p>\n<p><strong>L2 &#8211; CAPA INTERMEDIA Y CAPA T\u00c9RMICA<\/strong><br \/>\nProporciona un mayor aislamiento t\u00e9rmico y favorece la transpiraci\u00f3n del sudor gracias a su elevada transpirabilidad.<\/p>\n<p><img decoding=\"async\" src=\"https:\/\/www.lasportiva.com\/media\/RECYCLEDfabric_Icone_75x75_1.png\" alt=\"\"><\/p>\n<p>La Sportiva fabrica productos para la monta\u00f1a desde 1928 a los pies de los Dolomitas: por eso, prestamos la m\u00e1xima atenci\u00f3n a cada detalle que pueda marcar la diferencia, incluso en lo que respecta al entorno que nos rodea. Con los logotipos <strong>RECYCLED FABRIC &amp; INSULATIONS<\/strong> hemos identificado productos ecol\u00f3gicos que, gracias a las decisiones de producci\u00f3n y fabricaci\u00f3n, utilizan materiales derivados de la reutilizaci\u00f3n del pl\u00e1stico y que, por lo tanto, permiten al consumidor realizar una compra consciente y respetuosa con el medio ambiente.<\/p>\n<p><strong>RECYCLED FABRIC<\/strong><br \/>\nFibras de poli\u00e9ster fabricadas a partir de botellas de pl\u00e1stico recicladas y mediante procesos ecol\u00f3gicos.<br \/>\n\u2022 Las prendas confeccionadas con tejidos <strong>RECYCLED FABRIC<\/strong> contribuyen a reducir el impacto medioambiental<br \/>\n\u2022 Todas las sustancias petroqu\u00edmicas han sido sustituidas por el reciclaje de botellas de pl\u00e1stico<br \/>\n\u2022 El proceso de producci\u00f3n de las fibras recicladas reduce las emisiones de CO\u2082 a la atm\u00f3sfera en aproximadamente un 54 %<\/p>\n<p>\u2022 Durabilidad y calidad garantizadas a lo largo del tiempo<\/p>\n<p>&nbsp;<\/p>\n<p><b>Materiales:<\/b><br \/>\n&gt;principal: FSH02 72 % poli\u00e9ster reciclado 28 % lyocell&gt;bolsillo en el pecho: WSM08 85 % poliamida reciclada 15 % elastano<br \/>\n<b>Peso:<\/b><br \/>\n417<br \/>\n<b>Ajuste:<\/b><br \/>\nRegular<\/p>\n<p>&nbsp;<\/p>\n<div class=\"item-block collapsible-plus active\" role=\"tablist\" data-collapsible=\"true\">\n<div class=\"data item title\" role=\"tab\" data-role=\"title\" aria-expanded=\"true\">\n<h3 id=\"tab-label-plus\" class=\"switch-title\">plus<\/h3>\n<\/div>\n<div class=\"data item content\" role=\"tabpanel\" aria-labelledby=\"tab-label-plus\" data-role=\"content\" aria-hidden=\"false\">+ 1 bolsillo con cremallera en el pecho<br \/>\n+ C\u00f3modas costuras planas antidesgaste<br \/>\n+ Menor dispersi\u00f3n de micropart\u00edculas<br \/>\n+ Forro polar de peso medio con cremallera integral<br \/>\n+ Tratamiento antibacteriano y antiolor<\/div>\n<\/div>\n","protected":false},"excerpt":{"rendered":"<ul>\n<li>\u00a0Durabilidad<\/li>\n<li>\u00a0Ligereza<\/li>\n<li>\u00a0Aislamiento t\u00e9rmico<\/li>\n<\/ul>\n","protected":false},"featured_media":237935,"template":"","meta":{"_acf_changed":false,"inline_featured_image":false},"product_brand":[],"product_cat":[24460,24463,24464],"product_tag":[23598,23600],"class_list":{"0":"post-283577","1":"product","2":"type-product","3":"status-publish","4":"has-post-thumbnail","6":"product_cat-chaquetas-es-2","7":"product_cat-ropa-de-hombre-es","8":"product_cat-hombre","9":"product_tag-la-sportiva-es","10":"product_tag-la-sportiva-hombre","11":"pa_attivita-caminar","12":"pa_attivita-outdoor-es","13":"pa_attivita-trail-es","14":"pa_colore-element-jkt-m-sunset-sangria-es","15":"pa_colore-elements-jkt-tropic-blue-cherry-tomato-m-es","16":"pa_marca-la-sportiva-es","17":"pa_sesso-hombre","18":"pa_size-small-es","19":"pa_size-medium-es","20":"pa_size-large-es","21":"pa_size-extra-large-es","23":"first","24":"instock","25":"sale","26":"taxable","27":"shipping-taxable","28":"purchasable","29":"product-type-variable","30":"wvs-archive-product-wrapper"},"acf":[],"yoast_head":"<!-- This site is optimized with the Yoast SEO plugin v26.8 - https:\/\/yoast.com\/product\/yoast-seo-wordpress\/ -->\n<title>La Sportiva Element Jkt uomo - Chaqueta para correr - MioMioRun.com<\/title>\n<meta name=\"description\" content=\"El tejido Techstretch Pro II reduce la liberaci\u00f3n de micropart\u00edculas, mientras que los tratamientos Polygiene te permiten usar la prenda durante m\u00e1s tiempo.\" \/>\n<meta name=\"robots\" content=\"index, follow, max-snippet:-1, max-image-preview:large, max-video-preview:-1\" \/>\n<link rel=\"canonical\" href=\"https:\/\/www.miomiorun.com\/es\/producto\/element-jkt-hombre\/\" \/>\n<meta property=\"og:locale\" content=\"es_ES\" \/>\n<meta property=\"og:type\" content=\"article\" \/>\n<meta property=\"og:title\" content=\"La Sportiva Element Jkt uomo - Chaqueta para correr - MioMioRun.com\" \/>\n<meta property=\"og:description\" content=\"El tejido Techstretch Pro II reduce la liberaci\u00f3n de micropart\u00edculas, mientras que los tratamientos Polygiene te permiten usar la prenda durante m\u00e1s tiempo.\" \/>\n<meta property=\"og:url\" content=\"https:\/\/www.miomiorun.com\/es\/producto\/element-jkt-hombre\/\" \/>\n<meta property=\"og:site_name\" content=\"MioMioRun\" \/>\n<meta property=\"article:publisher\" content=\"https:\/\/www.facebook.com\/miomiorun\/\" \/>\n<meta property=\"article:modified_time\" content=\"2026-05-06T08:05:28+00:00\" \/>\n<meta property=\"og:image\" content=\"https:\/\/www.miomiorun.com\/app\/uploads\/2022\/09\/la-sportiva-element-jkt-M-sunset-sangria-L68319320.jpg\" \/>\n\t<meta property=\"og:image:width\" content=\"600\" \/>\n\t<meta property=\"og:image:height\" content=\"600\" \/>\n\t<meta property=\"og:image:type\" content=\"image\/jpeg\" \/>\n<meta name=\"twitter:card\" content=\"summary_large_image\" \/>\n<meta name=\"twitter:label1\" content=\"Est. reading time\" \/>\n\t<meta name=\"twitter:data1\" content=\"2 minutes\" \/>\n<script type=\"application\/ld+json\" class=\"yoast-schema-graph\">{\"@context\":\"https:\/\/schema.org\",\"@graph\":[{\"@type\":\"WebPage\",\"@id\":\"https:\/\/www.miomiorun.com\/es\/producto\/element-jkt-hombre\/\",\"url\":\"https:\/\/www.miomiorun.com\/es\/producto\/element-jkt-hombre\/\",\"name\":\"La Sportiva Element Jkt uomo - Chaqueta para correr - MioMioRun.com\",\"isPartOf\":{\"@id\":\"https:\/\/www.miomiorun.com\/es\/#website\"},\"primaryImageOfPage\":{\"@id\":\"https:\/\/www.miomiorun.com\/es\/producto\/element-jkt-hombre\/#primaryimage\"},\"image\":{\"@id\":\"https:\/\/www.miomiorun.com\/es\/producto\/element-jkt-hombre\/#primaryimage\"},\"thumbnailUrl\":\"https:\/\/www.miomiorun.com\/app\/uploads\/2022\/09\/la-sportiva-element-jkt-M-sunset-sangria-L68319320.jpg\",\"datePublished\":\"2022-09-17T14:20:36+00:00\",\"dateModified\":\"2026-05-06T08:05:28+00:00\",\"description\":\"El tejido Techstretch Pro II reduce la liberaci\u00f3n de micropart\u00edculas, mientras que los tratamientos Polygiene te permiten usar la prenda durante m\u00e1s tiempo.\",\"breadcrumb\":{\"@id\":\"https:\/\/www.miomiorun.com\/es\/producto\/element-jkt-hombre\/#breadcrumb\"},\"inLanguage\":\"es-ES\",\"potentialAction\":[{\"@type\":\"ReadAction\",\"target\":[\"https:\/\/www.miomiorun.com\/es\/producto\/element-jkt-hombre\/\"]}]},{\"@type\":\"ImageObject\",\"inLanguage\":\"es-ES\",\"@id\":\"https:\/\/www.miomiorun.com\/es\/producto\/element-jkt-hombre\/#primaryimage\",\"url\":\"https:\/\/www.miomiorun.com\/app\/uploads\/2022\/09\/la-sportiva-element-jkt-M-sunset-sangria-L68319320.jpg\",\"contentUrl\":\"https:\/\/www.miomiorun.com\/app\/uploads\/2022\/09\/la-sportiva-element-jkt-M-sunset-sangria-L68319320.jpg\",\"width\":600,\"height\":600,\"caption\":\"la-sportiva-element-jkt-M-sunset-sangria-L68319320\"},{\"@type\":\"BreadcrumbList\",\"@id\":\"https:\/\/www.miomiorun.com\/es\/producto\/element-jkt-hombre\/#breadcrumb\",\"itemListElement\":[{\"@type\":\"ListItem\",\"position\":1,\"name\":\"Home\",\"item\":\"https:\/\/www.miomiorun.com\/es\/\"},{\"@type\":\"ListItem\",\"position\":2,\"name\":\"Shop\",\"item\":\"https:\/\/www.miomiorun.com\/shop\/\"},{\"@type\":\"ListItem\",\"position\":3,\"name\":\"Element Jkt uomo\"}]},{\"@type\":\"WebSite\",\"@id\":\"https:\/\/www.miomiorun.com\/es\/#website\",\"url\":\"https:\/\/www.miomiorun.com\/es\/\",\"name\":\"MioMioRun\",\"description\":\"Tienda 100% running y trail\",\"publisher\":{\"@id\":\"https:\/\/www.miomiorun.com\/es\/#organization\"},\"potentialAction\":[{\"@type\":\"SearchAction\",\"target\":{\"@type\":\"EntryPoint\",\"urlTemplate\":\"https:\/\/www.miomiorun.com\/es\/?s={search_term_string}\"},\"query-input\":{\"@type\":\"PropertyValueSpecification\",\"valueRequired\":true,\"valueName\":\"search_term_string\"}}],\"inLanguage\":\"es-ES\"},{\"@type\":\"Organization\",\"@id\":\"https:\/\/www.miomiorun.com\/es\/#organization\",\"name\":\"MioMio Run\",\"url\":\"https:\/\/www.miomiorun.com\/es\/\",\"logo\":{\"@type\":\"ImageObject\",\"inLanguage\":\"es-ES\",\"@id\":\"https:\/\/www.miomiorun.com\/es\/#\/schema\/logo\/image\/\",\"url\":\"https:\/\/www.miomiorun.com\/app\/uploads\/2019\/12\/logomio.png\",\"contentUrl\":\"https:\/\/www.miomiorun.com\/app\/uploads\/2019\/12\/logomio.png\",\"width\":115,\"height\":82,\"caption\":\"MioMio Run\"},\"image\":{\"@id\":\"https:\/\/www.miomiorun.com\/es\/#\/schema\/logo\/image\/\"},\"sameAs\":[\"https:\/\/www.facebook.com\/miomiorun\/\",\"https:\/\/www.instagram.com\/miomiorun\/\"]}]}<\/script>\n<!-- \/ Yoast SEO plugin. -->","yoast_head_json":{"title":"La Sportiva Element Jkt uomo - Chaqueta para correr - MioMioRun.com","description":"El tejido Techstretch Pro II reduce la liberaci\u00f3n de micropart\u00edculas, mientras que los tratamientos Polygiene te permiten usar la prenda durante m\u00e1s tiempo.","robots":{"index":"index","follow":"follow","max-snippet":"max-snippet:-1","max-image-preview":"max-image-preview:large","max-video-preview":"max-video-preview:-1"},"canonical":"https:\/\/www.miomiorun.com\/es\/producto\/element-jkt-hombre\/","og_locale":"es_ES","og_type":"article","og_title":"La Sportiva Element Jkt uomo - Chaqueta para correr - MioMioRun.com","og_description":"El tejido Techstretch Pro II reduce la liberaci\u00f3n de micropart\u00edculas, mientras que los tratamientos Polygiene te permiten usar la prenda durante m\u00e1s tiempo.","og_url":"https:\/\/www.miomiorun.com\/es\/producto\/element-jkt-hombre\/","og_site_name":"MioMioRun","article_publisher":"https:\/\/www.facebook.com\/miomiorun\/","article_modified_time":"2026-05-06T08:05:28+00:00","og_image":[{"width":600,"height":600,"url":"https:\/\/www.miomiorun.com\/app\/uploads\/2022\/09\/la-sportiva-element-jkt-M-sunset-sangria-L68319320.jpg","type":"image\/jpeg"}],"twitter_card":"summary_large_image","twitter_misc":{"Est. reading time":"2 minutes"},"schema":{"@context":"https:\/\/schema.org","@graph":[{"@type":"WebPage","@id":"https:\/\/www.miomiorun.com\/es\/producto\/element-jkt-hombre\/","url":"https:\/\/www.miomiorun.com\/es\/producto\/element-jkt-hombre\/","name":"La Sportiva Element Jkt uomo - Chaqueta para correr - MioMioRun.com","isPartOf":{"@id":"https:\/\/www.miomiorun.com\/es\/#website"},"primaryImageOfPage":{"@id":"https:\/\/www.miomiorun.com\/es\/producto\/element-jkt-hombre\/#primaryimage"},"image":{"@id":"https:\/\/www.miomiorun.com\/es\/producto\/element-jkt-hombre\/#primaryimage"},"thumbnailUrl":"https:\/\/www.miomiorun.com\/app\/uploads\/2022\/09\/la-sportiva-element-jkt-M-sunset-sangria-L68319320.jpg","datePublished":"2022-09-17T14:20:36+00:00","dateModified":"2026-05-06T08:05:28+00:00","description":"El tejido Techstretch Pro II reduce la liberaci\u00f3n de micropart\u00edculas, mientras que los tratamientos Polygiene te permiten usar la prenda durante m\u00e1s tiempo.","breadcrumb":{"@id":"https:\/\/www.miomiorun.com\/es\/producto\/element-jkt-hombre\/#breadcrumb"},"inLanguage":"es-ES","potentialAction":[{"@type":"ReadAction","target":["https:\/\/www.miomiorun.com\/es\/producto\/element-jkt-hombre\/"]}]},{"@type":"ImageObject","inLanguage":"es-ES","@id":"https:\/\/www.miomiorun.com\/es\/producto\/element-jkt-hombre\/#primaryimage","url":"https:\/\/www.miomiorun.com\/app\/uploads\/2022\/09\/la-sportiva-element-jkt-M-sunset-sangria-L68319320.jpg","contentUrl":"https:\/\/www.miomiorun.com\/app\/uploads\/2022\/09\/la-sportiva-element-jkt-M-sunset-sangria-L68319320.jpg","width":600,"height":600,"caption":"la-sportiva-element-jkt-M-sunset-sangria-L68319320"},{"@type":"BreadcrumbList","@id":"https:\/\/www.miomiorun.com\/es\/producto\/element-jkt-hombre\/#breadcrumb","itemListElement":[{"@type":"ListItem","position":1,"name":"Home","item":"https:\/\/www.miomiorun.com\/es\/"},{"@type":"ListItem","position":2,"name":"Shop","item":"https:\/\/www.miomiorun.com\/shop\/"},{"@type":"ListItem","position":3,"name":"Element Jkt uomo"}]},{"@type":"WebSite","@id":"https:\/\/www.miomiorun.com\/es\/#website","url":"https:\/\/www.miomiorun.com\/es\/","name":"MioMioRun","description":"Tienda 100% running y trail","publisher":{"@id":"https:\/\/www.miomiorun.com\/es\/#organization"},"potentialAction":[{"@type":"SearchAction","target":{"@type":"EntryPoint","urlTemplate":"https:\/\/www.miomiorun.com\/es\/?s={search_term_string}"},"query-input":{"@type":"PropertyValueSpecification","valueRequired":true,"valueName":"search_term_string"}}],"inLanguage":"es-ES"},{"@type":"Organization","@id":"https:\/\/www.miomiorun.com\/es\/#organization","name":"MioMio Run","url":"https:\/\/www.miomiorun.com\/es\/","logo":{"@type":"ImageObject","inLanguage":"es-ES","@id":"https:\/\/www.miomiorun.com\/es\/#\/schema\/logo\/image\/","url":"https:\/\/www.miomiorun.com\/app\/uploads\/2019\/12\/logomio.png","contentUrl":"https:\/\/www.miomiorun.com\/app\/uploads\/2019\/12\/logomio.png","width":115,"height":82,"caption":"MioMio Run"},"image":{"@id":"https:\/\/www.miomiorun.com\/es\/#\/schema\/logo\/image\/"},"sameAs":["https:\/\/www.facebook.com\/miomiorun\/","https:\/\/www.instagram.com\/miomiorun\/"]}]}},"_links":{"self":[{"href":"https:\/\/www.miomiorun.com\/es\/wp-json\/wp\/v2\/product\/283577","targetHints":{"allow":["GET"]}}],"collection":[{"href":"https:\/\/www.miomiorun.com\/es\/wp-json\/wp\/v2\/product"}],"about":[{"href":"https:\/\/www.miomiorun.com\/es\/wp-json\/wp\/v2\/types\/product"}],"wp:featuredmedia":[{"embeddable":true,"href":"https:\/\/www.miomiorun.com\/es\/wp-json\/wp\/v2\/media\/237935"}],"wp:attachment":[{"href":"https:\/\/www.miomiorun.com\/es\/wp-json\/wp\/v2\/media?parent=283577"}],"wp:term":[{"taxonomy":"product_brand","embeddable":true,"href":"https:\/\/www.miomiorun.com\/es\/wp-json\/wp\/v2\/product_brand?post=283577"},{"taxonomy":"product_cat","embeddable":true,"href":"https:\/\/www.miomiorun.com\/es\/wp-json\/wp\/v2\/product_cat?post=283577"},{"taxonomy":"product_tag","embeddable":true,"href":"https:\/\/www.miomiorun.com\/es\/wp-json\/wp\/v2\/product_tag?post=283577"}],"curies":[{"name":"wp","href":"https:\/\/api.w.org\/{rel}","templated":true}]}}